{"id":37940,"date":"2023-03-28T14:25:27","date_gmt":"2023-03-28T12:25:27","guid":{"rendered":"https:\/\/ecoprogress.eu\/?post_type=product&#038;p=37940"},"modified":"2023-03-30T10:17:42","modified_gmt":"2023-03-30T08:17:42","slug":"odpadkovy-kos-typ-88","status":"publish","type":"product","link":"https:\/\/ecoprogress.eu\/de\/produkt\/odpadkovy-kos-typ-88\/","title":{"rendered":"Odpadkov\u00fd k\u00f4\u0161 typ 88"},"content":{"rendered":"<p>Dodanie 4-6 t\u00fd\u017ed\u0148ov (pod\u013ea stavu skladov\u00fdch z\u00e1sob)<\/p>\n<p>Valcov\u00e1 n\u00e1doba z\u00edskan\u00e1 kalandrovan\u00edm za studena vopred pozinkovan\u00e9ho oce\u013eov\u00e9ho plechu s hr\u00fabkou 10\/10, a uzavret\u00e1 elektrozv\u00e1ran\u00edm. Spodn\u00e1 \u010das\u0165 je uzavret\u00e1 zaoblen\u00fdm dnom, ktor\u00e9 je v strede prepichnut\u00e9, aby sa u\u013eah\u010dilo vyp\u00fa\u0161\u0165anie vody da\u017e\u010fa alebo pravideln\u00e9 \u010distenie. Je pokryt\u00e1 lamelami (rozmery 90 x 20 D.475) z tlakovo upraven\u00e9ho borovicov\u00e9ho dreva.<\/p>\n<p>K\u00f4\u0161 je vybaven\u00fd oce\u013eov\u00fdm kr\u00fa\u017ekom na vrece. Kontajner je upevnen\u00fd st\u013ap v oce\u013eovej r\u00farke \u00d8 102 mm s h\u00e1kmi: horn\u00fd h\u00e1k s univerz\u00e1lnym z\u00e1mkom a spodn\u00fd so skrutkou a maticou. Po odblokovan\u00ed z\u00e1mku je kontajner mo\u017en\u00e9 ot\u00e1\u010da\u0165 pre potreby vypr\u00e1zd\u0148ovania a \u010distenia.<\/p>\n<p>Odpadkov\u00fd k\u00f4\u0161 je vybaven\u00fd vekom z oce\u013eov\u00e9ho plechu s hr\u00fabkou 4 mm privaren\u00fdm k st\u013apu. V\u0161etky kovov\u00e9 \u010dasti s\u00fa pozinkovan\u00e9 a pr\u00e1\u0161kovo lakovan\u00e9, dostupn\u00e9 v r\u00f4znych<br \/>\nRAL (pros\u00edm zadajte do pozn\u00e1mky v objedn\u00e1vke). V\u0161etky skrutky s\u00fa z nehrdzavej\u00facej ocele.<\/p>\n\n<table id=\"tablepress-1764\" class=\"tablepress tablepress-id-1764\">\n<tbody class=\"row-striping row-hover\">\n<tr class=\"row-1\">\n\t<td class=\"column-1\">\u00d8<\/td><td class=\"column-2\">32 cm<\/td>\n<\/tr>\n<tr class=\"row-2\">\n\t<td class=\"column-1\">v\u00fd\u0161ka<\/td><td class=\"column-2\">117,5 cm<\/td>\n<\/tr>\n<tr class=\"row-3\">\n\t<td class=\"column-1\">kapacita<\/td><td class=\"column-2\">45 l<\/td>\n<\/tr>\n<\/tbody>\n<\/table>\n<!-- #tablepress-1764 from cache -->\n","protected":false},"excerpt":{"rendered":"<p>Odpadkov\u00fd k\u00f4\u0161 typ 88 sa sklad\u00e1 z oce\u013eovej kon\u0161trukcie a lamiel z dreva.<\/p>\n","protected":false},"featured_media":37944,"template":"","meta":[],"product_brand":[],"product_cat":[177,188],"product_tag":[],"class_list":{"0":"post-37940","1":"product","2":"type-product","3":"status-publish","4":"has-post-thumbnail","6":"product_cat-kose-park-a-ulica","7":"product_cat-ovalne","8":"product_shipping_class-stojany","10":"first","11":"instock","12":"taxable","13":"shipping-taxable","14":"purchasable","15":"product-type-variable"},"yoast_head":"<!-- This site is optimized with the Yoast SEO plugin v27.2 - https:\/\/yoast.com\/product\/yoast-seo-wordpress\/ -->\n<title>Odpadkov\u00fd k\u00f4\u0161 typ 88 | Ecoprogress<\/title>\n<meta name=\"description\" content=\"Odpadkov\u00fd k\u00f4\u0161 typ 88 sa sklad\u00e1 z oce\u013eovej kon\u0161trukcie a lamiel z dreva.\" \/>\n<meta name=\"robots\" content=\"index, follow, max-snippet:-1, max-image-preview:large, max-video-preview:-1\" \/>\n<link rel=\"canonical\" href=\"https:\/\/ecoprogress.eu\/de\/produkt\/odpadkovy-kos-typ-88\/\" \/>\n<meta property=\"og:locale\" content=\"de_DE\" \/>\n<meta property=\"og:type\" content=\"article\" \/>\n<meta property=\"og:title\" content=\"Odpadkov\u00fd k\u00f4\u0161 typ 88 | Ecoprogress\" \/>\n<meta property=\"og:description\" content=\"Odpadkov\u00fd k\u00f4\u0161 typ 88 sa sklad\u00e1 z oce\u013eovej kon\u0161trukcie a lamiel z dreva.\" \/>\n<meta property=\"og:url\" content=\"https:\/\/ecoprogress.eu\/de\/produkt\/odpadkovy-kos-typ-88\/\" \/>\n<meta property=\"og:site_name\" content=\"Ecoprogress\" \/>\n<meta property=\"article:modified_time\" content=\"2023-03-30T08:17:42+00:00\" \/>\n<meta property=\"og:image\" content=\"https:\/\/ecoprogress.eu\/wp-content\/uploads\/2.Cestino-Basket-Legno-pino.jpg\" \/>\n\t<meta property=\"og:image:width\" content=\"402\" \/>\n\t<meta property=\"og:image:height\" content=\"695\" \/>\n\t<meta property=\"og:image:type\" content=\"image\/jpeg\" \/>\n<meta name=\"twitter:card\" content=\"summary_large_image\" \/>\n<meta name=\"twitter:label1\" content=\"Gesch\u00e4tzte Lesezeit\" \/>\n\t<meta name=\"twitter:data1\" content=\"1\u00a0Minute\" \/>\n<script type=\"application\/ld+json\" class=\"yoast-schema-graph\">{\"@context\":\"https:\/\/schema.org\",\"@graph\":[{\"@type\":\"WebPage\",\"@id\":\"https:\/\/ecoprogress.eu\/de\/produkt\/odpadkovy-kos-typ-88\/\",\"url\":\"https:\/\/ecoprogress.eu\/de\/produkt\/odpadkovy-kos-typ-88\/\",\"name\":\"Odpadkov\u00fd k\u00f4\u0161 typ 88 | Ecoprogress\",\"isPartOf\":{\"@id\":\"https:\/\/ecoprogress.eu\/de\/#website\"},\"primaryImageOfPage\":{\"@id\":\"https:\/\/ecoprogress.eu\/de\/produkt\/odpadkovy-kos-typ-88\/#primaryimage\"},\"image\":{\"@id\":\"https:\/\/ecoprogress.eu\/de\/produkt\/odpadkovy-kos-typ-88\/#primaryimage\"},\"thumbnailUrl\":\"https:\/\/ecoprogress.eu\/wp-content\/uploads\/2.Cestino-Basket-Legno-pino.jpg\",\"datePublished\":\"2023-03-28T12:25:27+00:00\",\"dateModified\":\"2023-03-30T08:17:42+00:00\",\"description\":\"Odpadkov\u00fd k\u00f4\u0161 typ 88 sa sklad\u00e1 z oce\u013eovej kon\u0161trukcie a lamiel z dreva.\",\"breadcrumb\":{\"@id\":\"https:\/\/ecoprogress.eu\/de\/produkt\/odpadkovy-kos-typ-88\/#breadcrumb\"},\"inLanguage\":\"de\",\"potentialAction\":[{\"@type\":\"ReadAction\",\"target\":[\"https:\/\/ecoprogress.eu\/de\/produkt\/odpadkovy-kos-typ-88\/\"]}]},{\"@type\":\"ImageObject\",\"inLanguage\":\"de\",\"@id\":\"https:\/\/ecoprogress.eu\/de\/produkt\/odpadkovy-kos-typ-88\/#primaryimage\",\"url\":\"https:\/\/ecoprogress.eu\/wp-content\/uploads\/2.Cestino-Basket-Legno-pino.jpg\",\"contentUrl\":\"https:\/\/ecoprogress.eu\/wp-content\/uploads\/2.Cestino-Basket-Legno-pino.jpg\",\"width\":402,\"height\":695,\"caption\":\"k\u00f4\u0161 typ 88\"},{\"@type\":\"BreadcrumbList\",\"@id\":\"https:\/\/ecoprogress.eu\/de\/produkt\/odpadkovy-kos-typ-88\/#breadcrumb\",\"itemListElement\":[{\"@type\":\"ListItem\",\"position\":1,\"name\":\"Produkte\",\"item\":\"https:\/\/ecoprogress.eu\/de\/produkte\/\"},{\"@type\":\"ListItem\",\"position\":2,\"name\":\"Odpadkov\u00fd k\u00f4\u0161 typ 88\"}]},{\"@type\":\"WebSite\",\"@id\":\"https:\/\/ecoprogress.eu\/de\/#website\",\"url\":\"https:\/\/ecoprogress.eu\/de\/\",\"name\":\"Ecoprogress\",\"description\":\"\",\"publisher\":{\"@id\":\"https:\/\/ecoprogress.eu\/de\/#organization\"},\"potentialAction\":[{\"@type\":\"SearchAction\",\"target\":{\"@type\":\"EntryPoint\",\"urlTemplate\":\"https:\/\/ecoprogress.eu\/de\/?s={search_term_string}\"},\"query-input\":{\"@type\":\"PropertyValueSpecification\",\"valueRequired\":true,\"valueName\":\"search_term_string\"}}],\"inLanguage\":\"de\"},{\"@type\":\"Organization\",\"@id\":\"https:\/\/ecoprogress.eu\/de\/#organization\",\"name\":\"Ecoprogress\",\"url\":\"https:\/\/ecoprogress.eu\/de\/\",\"logo\":{\"@type\":\"ImageObject\",\"inLanguage\":\"de\",\"@id\":\"https:\/\/ecoprogress.eu\/de\/#\/schema\/logo\/image\/\",\"url\":\"https:\/\/ecoprogress.eu\/wp-content\/uploads\/logo-2.svg\",\"contentUrl\":\"https:\/\/ecoprogress.eu\/wp-content\/uploads\/logo-2.svg\",\"width\":318,\"height\":349,\"caption\":\"Ecoprogress\"},\"image\":{\"@id\":\"https:\/\/ecoprogress.eu\/de\/#\/schema\/logo\/image\/\"}}]}<\/script>\n<!-- \/ Yoast SEO plugin. -->","yoast_head_json":{"title":"Odpadkov\u00fd k\u00f4\u0161 typ 88 | Ecoprogress","description":"Odpadkov\u00fd k\u00f4\u0161 typ 88 sa sklad\u00e1 z oce\u013eovej kon\u0161trukcie a lamiel z dreva.","robots":{"index":"index","follow":"follow","max-snippet":"max-snippet:-1","max-image-preview":"max-image-preview:large","max-video-preview":"max-video-preview:-1"},"canonical":"https:\/\/ecoprogress.eu\/de\/produkt\/odpadkovy-kos-typ-88\/","og_locale":"de_DE","og_type":"article","og_title":"Odpadkov\u00fd k\u00f4\u0161 typ 88 | Ecoprogress","og_description":"Odpadkov\u00fd k\u00f4\u0161 typ 88 sa sklad\u00e1 z oce\u013eovej kon\u0161trukcie a lamiel z dreva.","og_url":"https:\/\/ecoprogress.eu\/de\/produkt\/odpadkovy-kos-typ-88\/","og_site_name":"Ecoprogress","article_modified_time":"2023-03-30T08:17:42+00:00","og_image":[{"width":402,"height":695,"url":"https:\/\/ecoprogress.eu\/wp-content\/uploads\/2.Cestino-Basket-Legno-pino.jpg","type":"image\/jpeg"}],"twitter_card":"summary_large_image","twitter_misc":{"Gesch\u00e4tzte Lesezeit":"1\u00a0Minute"},"schema":{"@context":"https:\/\/schema.org","@graph":[{"@type":"WebPage","@id":"https:\/\/ecoprogress.eu\/de\/produkt\/odpadkovy-kos-typ-88\/","url":"https:\/\/ecoprogress.eu\/de\/produkt\/odpadkovy-kos-typ-88\/","name":"Odpadkov\u00fd k\u00f4\u0161 typ 88 | Ecoprogress","isPartOf":{"@id":"https:\/\/ecoprogress.eu\/de\/#website"},"primaryImageOfPage":{"@id":"https:\/\/ecoprogress.eu\/de\/produkt\/odpadkovy-kos-typ-88\/#primaryimage"},"image":{"@id":"https:\/\/ecoprogress.eu\/de\/produkt\/odpadkovy-kos-typ-88\/#primaryimage"},"thumbnailUrl":"https:\/\/ecoprogress.eu\/wp-content\/uploads\/2.Cestino-Basket-Legno-pino.jpg","datePublished":"2023-03-28T12:25:27+00:00","dateModified":"2023-03-30T08:17:42+00:00","description":"Odpadkov\u00fd k\u00f4\u0161 typ 88 sa sklad\u00e1 z oce\u013eovej kon\u0161trukcie a lamiel z dreva.","breadcrumb":{"@id":"https:\/\/ecoprogress.eu\/de\/produkt\/odpadkovy-kos-typ-88\/#breadcrumb"},"inLanguage":"de","potentialAction":[{"@type":"ReadAction","target":["https:\/\/ecoprogress.eu\/de\/produkt\/odpadkovy-kos-typ-88\/"]}]},{"@type":"ImageObject","inLanguage":"de","@id":"https:\/\/ecoprogress.eu\/de\/produkt\/odpadkovy-kos-typ-88\/#primaryimage","url":"https:\/\/ecoprogress.eu\/wp-content\/uploads\/2.Cestino-Basket-Legno-pino.jpg","contentUrl":"https:\/\/ecoprogress.eu\/wp-content\/uploads\/2.Cestino-Basket-Legno-pino.jpg","width":402,"height":695,"caption":"k\u00f4\u0161 typ 88"},{"@type":"BreadcrumbList","@id":"https:\/\/ecoprogress.eu\/de\/produkt\/odpadkovy-kos-typ-88\/#breadcrumb","itemListElement":[{"@type":"ListItem","position":1,"name":"Produkte","item":"https:\/\/ecoprogress.eu\/de\/produkte\/"},{"@type":"ListItem","position":2,"name":"Odpadkov\u00fd k\u00f4\u0161 typ 88"}]},{"@type":"WebSite","@id":"https:\/\/ecoprogress.eu\/de\/#website","url":"https:\/\/ecoprogress.eu\/de\/","name":"Ecoprogress","description":"","publisher":{"@id":"https:\/\/ecoprogress.eu\/de\/#organization"},"potentialAction":[{"@type":"SearchAction","target":{"@type":"EntryPoint","urlTemplate":"https:\/\/ecoprogress.eu\/de\/?s={search_term_string}"},"query-input":{"@type":"PropertyValueSpecification","valueRequired":true,"valueName":"search_term_string"}}],"inLanguage":"de"},{"@type":"Organization","@id":"https:\/\/ecoprogress.eu\/de\/#organization","name":"Ecoprogress","url":"https:\/\/ecoprogress.eu\/de\/","logo":{"@type":"ImageObject","inLanguage":"de","@id":"https:\/\/ecoprogress.eu\/de\/#\/schema\/logo\/image\/","url":"https:\/\/ecoprogress.eu\/wp-content\/uploads\/logo-2.svg","contentUrl":"https:\/\/ecoprogress.eu\/wp-content\/uploads\/logo-2.svg","width":318,"height":349,"caption":"Ecoprogress"},"image":{"@id":"https:\/\/ecoprogress.eu\/de\/#\/schema\/logo\/image\/"}}]}},"_links":{"self":[{"href":"https:\/\/ecoprogress.eu\/de\/wp-json\/wp\/v2\/product\/37940","targetHints":{"allow":["GET"]}}],"collection":[{"href":"https:\/\/ecoprogress.eu\/de\/wp-json\/wp\/v2\/product"}],"about":[{"href":"https:\/\/ecoprogress.eu\/de\/wp-json\/wp\/v2\/types\/product"}],"version-history":[{"count":0,"href":"https:\/\/ecoprogress.eu\/de\/wp-json\/wp\/v2\/product\/37940\/revisions"}],"wp:featuredmedia":[{"embeddable":true,"href":"https:\/\/ecoprogress.eu\/de\/wp-json\/wp\/v2\/media\/37944"}],"wp:attachment":[{"href":"https:\/\/ecoprogress.eu\/de\/wp-json\/wp\/v2\/media?parent=37940"}],"wp:term":[{"taxonomy":"product_brand","embeddable":true,"href":"https:\/\/ecoprogress.eu\/de\/wp-json\/wp\/v2\/product_brand?post=37940"},{"taxonomy":"product_cat","embeddable":true,"href":"https:\/\/ecoprogress.eu\/de\/wp-json\/wp\/v2\/product_cat?post=37940"},{"taxonomy":"product_tag","embeddable":true,"href":"https:\/\/ecoprogress.eu\/de\/wp-json\/wp\/v2\/product_tag?post=37940"}],"curies":[{"name":"wp","href":"https:\/\/api.w.org\/{rel}","templated":true}]}}