{"id":37972,"date":"2023-03-30T09:17:38","date_gmt":"2023-03-30T07:17:38","guid":{"rendered":"https:\/\/ecoprogress.eu\/?post_type=product&#038;p=37972"},"modified":"2023-04-27T11:21:44","modified_gmt":"2023-04-27T09:21:44","slug":"zostava-stol-s-lavickami-typ-39","status":"publish","type":"product","link":"https:\/\/ecoprogress.eu\/de\/produkt\/zostava-stol-s-lavickami-typ-39\/","title":{"rendered":"Zostava st\u00f4l s lavi\u010dkami typ 39"},"content":{"rendered":"<p>Dodanie 4-6 t\u00fd\u017ed\u0148ov (pod\u013ea stavu skladov\u00fdch z\u00e1sob)<\/p>\n<p>Hlavn\u00e1 opierka zostavy m\u00e1 prierez 110 x 45 mm, so zaoblen\u00fdmi hranami 5 mm, zatia\u013e \u010do stolov\u00e1 doska, sedadl\u00e1 a operadl\u00e1 s\u00fa tvoren\u00e9 lamelami s prierezom 95 x 35 mm, so zaoblen\u00fdmi hranami 5 mm a vzdialenos\u0165ou medzi jednotliv\u00fdmi lamelami je 5 mm.<\/p>\n<p>Mont\u00e1\u017e sa realizuje pomocou skrutiek a poistn\u00fdch mat\u00edc ktor\u00e9 umo\u017e\u0148uj\u00fa, pri pravidelnej kontrole, obnovi\u0165 jeho dokonal\u00fa stabilitu aj po mnoh\u00fdch rokoch pou\u017e\u00edvania.<\/p>\n<p>Dod\u00e1va sa \u010diasto\u010dne zmontovan\u00e1 a je vhodn\u00e1 na pou\u017eitie najm\u00e4 pozd\u013a\u017e chodn\u00edkov pre chodcov a cyklistov alebo v horsk\u00fdch oblastiach: zostava je odoln\u00e1 vo\u010di snehu a \u013eadu, pri\u010dom \u00fadr\u017eba nie je n\u00e1ro\u010dn\u00e1.<\/p>\n<p>&nbsp;<\/p>\n\n<table id=\"tablepress-1755\" class=\"tablepress tablepress-id-1755\">\n<tbody class=\"row-striping row-hover\">\n<tr class=\"row-1\">\n\t<td class=\"column-1\">materi\u00e1l<\/td><td class=\"column-2\">drevo<\/td>\n<\/tr>\n<tr class=\"row-2\">\n\t<td class=\"column-1\">\u0161\u00edrka<\/td><td class=\"column-2\">190 cm<\/td>\n<\/tr>\n<tr class=\"row-3\">\n\t<td class=\"column-1\">v\u00fd\u0161ka<\/td><td class=\"column-2\">82 cm<\/td>\n<\/tr>\n<tr class=\"row-4\">\n\t<td class=\"column-1\">h\u013abka<\/td><td class=\"column-2\">210 cm<\/td>\n<\/tr>\n<tr class=\"row-5\">\n\t<td class=\"column-1\">v\u00e1ha<\/td><td class=\"column-2\">115 kg<\/td>\n<\/tr>\n<\/tbody>\n<\/table>\n\n","protected":false},"excerpt":{"rendered":"<p>Zostava st\u00f4l s lavi\u010dkami typ 39 sa sklad\u00e1 z jedn\u00e9ho stola a dvoch lav\u00edc s operadlom, spojen\u00fdch v z\u00e1kladni. Je vyroben\u00e1 z f\u00ednskeho borovicov\u00e9ho dreva, ktor\u00e9 prech\u00e1dza antibakteri\u00e1lnou dezinfekciou a tlakov\u00fdm o\u0161etren\u00edm so\u013en\u00fdm roztokom bez obsahu chr\u00f3mu a \u0165a\u017ek\u00fdch kovov.<\/p>\n","protected":false},"featured_media":37951,"template":"","meta":[],"product_brand":[],"product_cat":[658,625],"product_tag":[],"class_list":{"0":"post-37972","1":"product","2":"type-product","3":"status-publish","4":"has-post-thumbnail","6":"product_cat-dreveny-mobiliar","7":"product_cat-zostavy-mobiliaru","8":"product_shipping_class-sady-zahdradneho-nabytku","10":"first","11":"instock","12":"featured","13":"taxable","14":"shipping-taxable","15":"purchasable","16":"product-type-simple"},"yoast_head":"<!-- This site is optimized with the Yoast SEO plugin v27.2 - https:\/\/yoast.com\/product\/yoast-seo-wordpress\/ -->\n<title>Zostava st\u00f4l s lavi\u010dkami typ 39 | Ecoprogress<\/title>\n<meta name=\"description\" content=\"Zostava st\u00f4l s lavi\u010dkami typ 39 sa sklad\u00e1 z jedn\u00e9ho stola a dvoch lav\u00edc s operadlom, spojen\u00fdch v z\u00e1kladni. Je vyroben\u00e1 z f\u00ednskeho borovicov\u00e9ho dreva.\" \/>\n<meta name=\"robots\" content=\"index, follow, max-snippet:-1, max-image-preview:large, max-video-preview:-1\" \/>\n<link rel=\"canonical\" href=\"https:\/\/ecoprogress.eu\/de\/produkt\/zostava-stol-s-lavickami-typ-39\/\" \/>\n<meta property=\"og:locale\" content=\"de_DE\" \/>\n<meta property=\"og:type\" content=\"article\" \/>\n<meta property=\"og:title\" content=\"Zostava st\u00f4l s lavi\u010dkami typ 39 | Ecoprogress\" \/>\n<meta property=\"og:description\" content=\"Zostava st\u00f4l s lavi\u010dkami typ 39 sa sklad\u00e1 z jedn\u00e9ho stola a dvoch lav\u00edc s operadlom, spojen\u00fdch v z\u00e1kladni. Je vyroben\u00e1 z f\u00ednskeho borovicov\u00e9ho dreva.\" \/>\n<meta property=\"og:url\" content=\"https:\/\/ecoprogress.eu\/de\/produkt\/zostava-stol-s-lavickami-typ-39\/\" \/>\n<meta property=\"og:site_name\" content=\"Ecoprogress\" \/>\n<meta property=\"article:modified_time\" content=\"2023-04-27T09:21:44+00:00\" \/>\n<meta property=\"og:image\" content=\"https:\/\/ecoprogress.eu\/wp-content\/uploads\/SET-MADRIER-3.jpg\" \/>\n\t<meta property=\"og:image:width\" content=\"1800\" \/>\n\t<meta property=\"og:image:height\" content=\"1200\" \/>\n\t<meta property=\"og:image:type\" content=\"image\/jpeg\" \/>\n<meta name=\"twitter:card\" content=\"summary_large_image\" \/>\n<meta name=\"twitter:label1\" content=\"Gesch\u00e4tzte Lesezeit\" \/>\n\t<meta name=\"twitter:data1\" content=\"1\u00a0Minute\" \/>\n<script type=\"application\/ld+json\" class=\"yoast-schema-graph\">{\"@context\":\"https:\/\/schema.org\",\"@graph\":[{\"@type\":\"WebPage\",\"@id\":\"https:\/\/ecoprogress.eu\/de\/produkt\/zostava-stol-s-lavickami-typ-39\/\",\"url\":\"https:\/\/ecoprogress.eu\/de\/produkt\/zostava-stol-s-lavickami-typ-39\/\",\"name\":\"Zostava st\u00f4l s lavi\u010dkami typ 39 | Ecoprogress\",\"isPartOf\":{\"@id\":\"https:\/\/ecoprogress.eu\/de\/#website\"},\"primaryImageOfPage\":{\"@id\":\"https:\/\/ecoprogress.eu\/de\/produkt\/zostava-stol-s-lavickami-typ-39\/#primaryimage\"},\"image\":{\"@id\":\"https:\/\/ecoprogress.eu\/de\/produkt\/zostava-stol-s-lavickami-typ-39\/#primaryimage\"},\"thumbnailUrl\":\"https:\/\/ecoprogress.eu\/wp-content\/uploads\/SET-MADRIER-3.jpg\",\"datePublished\":\"2023-03-30T07:17:38+00:00\",\"dateModified\":\"2023-04-27T09:21:44+00:00\",\"description\":\"Zostava st\u00f4l s lavi\u010dkami typ 39 sa sklad\u00e1 z jedn\u00e9ho stola a dvoch lav\u00edc s operadlom, spojen\u00fdch v z\u00e1kladni. Je vyroben\u00e1 z f\u00ednskeho borovicov\u00e9ho dreva.\",\"breadcrumb\":{\"@id\":\"https:\/\/ecoprogress.eu\/de\/produkt\/zostava-stol-s-lavickami-typ-39\/#breadcrumb\"},\"inLanguage\":\"de\",\"potentialAction\":[{\"@type\":\"ReadAction\",\"target\":[\"https:\/\/ecoprogress.eu\/de\/produkt\/zostava-stol-s-lavickami-typ-39\/\"]}]},{\"@type\":\"ImageObject\",\"inLanguage\":\"de\",\"@id\":\"https:\/\/ecoprogress.eu\/de\/produkt\/zostava-stol-s-lavickami-typ-39\/#primaryimage\",\"url\":\"https:\/\/ecoprogress.eu\/wp-content\/uploads\/SET-MADRIER-3.jpg\",\"contentUrl\":\"https:\/\/ecoprogress.eu\/wp-content\/uploads\/SET-MADRIER-3.jpg\",\"width\":1800,\"height\":1200},{\"@type\":\"BreadcrumbList\",\"@id\":\"https:\/\/ecoprogress.eu\/de\/produkt\/zostava-stol-s-lavickami-typ-39\/#breadcrumb\",\"itemListElement\":[{\"@type\":\"ListItem\",\"position\":1,\"name\":\"Produkte\",\"item\":\"https:\/\/ecoprogress.eu\/de\/produkte\/\"},{\"@type\":\"ListItem\",\"position\":2,\"name\":\"Zostava st\u00f4l s lavi\u010dkami typ 39\"}]},{\"@type\":\"WebSite\",\"@id\":\"https:\/\/ecoprogress.eu\/de\/#website\",\"url\":\"https:\/\/ecoprogress.eu\/de\/\",\"name\":\"Ecoprogress\",\"description\":\"\",\"publisher\":{\"@id\":\"https:\/\/ecoprogress.eu\/de\/#organization\"},\"potentialAction\":[{\"@type\":\"SearchAction\",\"target\":{\"@type\":\"EntryPoint\",\"urlTemplate\":\"https:\/\/ecoprogress.eu\/de\/?s={search_term_string}\"},\"query-input\":{\"@type\":\"PropertyValueSpecification\",\"valueRequired\":true,\"valueName\":\"search_term_string\"}}],\"inLanguage\":\"de\"},{\"@type\":\"Organization\",\"@id\":\"https:\/\/ecoprogress.eu\/de\/#organization\",\"name\":\"Ecoprogress\",\"url\":\"https:\/\/ecoprogress.eu\/de\/\",\"logo\":{\"@type\":\"ImageObject\",\"inLanguage\":\"de\",\"@id\":\"https:\/\/ecoprogress.eu\/de\/#\/schema\/logo\/image\/\",\"url\":\"https:\/\/ecoprogress.eu\/wp-content\/uploads\/logo-2.svg\",\"contentUrl\":\"https:\/\/ecoprogress.eu\/wp-content\/uploads\/logo-2.svg\",\"width\":318,\"height\":349,\"caption\":\"Ecoprogress\"},\"image\":{\"@id\":\"https:\/\/ecoprogress.eu\/de\/#\/schema\/logo\/image\/\"}}]}<\/script>\n<!-- \/ Yoast SEO plugin. -->","yoast_head_json":{"title":"Zostava st\u00f4l s lavi\u010dkami typ 39 | Ecoprogress","description":"Zostava st\u00f4l s lavi\u010dkami typ 39 sa sklad\u00e1 z jedn\u00e9ho stola a dvoch lav\u00edc s operadlom, spojen\u00fdch v z\u00e1kladni. Je vyroben\u00e1 z f\u00ednskeho borovicov\u00e9ho dreva.","robots":{"index":"index","follow":"follow","max-snippet":"max-snippet:-1","max-image-preview":"max-image-preview:large","max-video-preview":"max-video-preview:-1"},"canonical":"https:\/\/ecoprogress.eu\/de\/produkt\/zostava-stol-s-lavickami-typ-39\/","og_locale":"de_DE","og_type":"article","og_title":"Zostava st\u00f4l s lavi\u010dkami typ 39 | Ecoprogress","og_description":"Zostava st\u00f4l s lavi\u010dkami typ 39 sa sklad\u00e1 z jedn\u00e9ho stola a dvoch lav\u00edc s operadlom, spojen\u00fdch v z\u00e1kladni. Je vyroben\u00e1 z f\u00ednskeho borovicov\u00e9ho dreva.","og_url":"https:\/\/ecoprogress.eu\/de\/produkt\/zostava-stol-s-lavickami-typ-39\/","og_site_name":"Ecoprogress","article_modified_time":"2023-04-27T09:21:44+00:00","og_image":[{"width":1800,"height":1200,"url":"https:\/\/ecoprogress.eu\/wp-content\/uploads\/SET-MADRIER-3.jpg","type":"image\/jpeg"}],"twitter_card":"summary_large_image","twitter_misc":{"Gesch\u00e4tzte Lesezeit":"1\u00a0Minute"},"schema":{"@context":"https:\/\/schema.org","@graph":[{"@type":"WebPage","@id":"https:\/\/ecoprogress.eu\/de\/produkt\/zostava-stol-s-lavickami-typ-39\/","url":"https:\/\/ecoprogress.eu\/de\/produkt\/zostava-stol-s-lavickami-typ-39\/","name":"Zostava st\u00f4l s lavi\u010dkami typ 39 | Ecoprogress","isPartOf":{"@id":"https:\/\/ecoprogress.eu\/de\/#website"},"primaryImageOfPage":{"@id":"https:\/\/ecoprogress.eu\/de\/produkt\/zostava-stol-s-lavickami-typ-39\/#primaryimage"},"image":{"@id":"https:\/\/ecoprogress.eu\/de\/produkt\/zostava-stol-s-lavickami-typ-39\/#primaryimage"},"thumbnailUrl":"https:\/\/ecoprogress.eu\/wp-content\/uploads\/SET-MADRIER-3.jpg","datePublished":"2023-03-30T07:17:38+00:00","dateModified":"2023-04-27T09:21:44+00:00","description":"Zostava st\u00f4l s lavi\u010dkami typ 39 sa sklad\u00e1 z jedn\u00e9ho stola a dvoch lav\u00edc s operadlom, spojen\u00fdch v z\u00e1kladni. Je vyroben\u00e1 z f\u00ednskeho borovicov\u00e9ho dreva.","breadcrumb":{"@id":"https:\/\/ecoprogress.eu\/de\/produkt\/zostava-stol-s-lavickami-typ-39\/#breadcrumb"},"inLanguage":"de","potentialAction":[{"@type":"ReadAction","target":["https:\/\/ecoprogress.eu\/de\/produkt\/zostava-stol-s-lavickami-typ-39\/"]}]},{"@type":"ImageObject","inLanguage":"de","@id":"https:\/\/ecoprogress.eu\/de\/produkt\/zostava-stol-s-lavickami-typ-39\/#primaryimage","url":"https:\/\/ecoprogress.eu\/wp-content\/uploads\/SET-MADRIER-3.jpg","contentUrl":"https:\/\/ecoprogress.eu\/wp-content\/uploads\/SET-MADRIER-3.jpg","width":1800,"height":1200},{"@type":"BreadcrumbList","@id":"https:\/\/ecoprogress.eu\/de\/produkt\/zostava-stol-s-lavickami-typ-39\/#breadcrumb","itemListElement":[{"@type":"ListItem","position":1,"name":"Produkte","item":"https:\/\/ecoprogress.eu\/de\/produkte\/"},{"@type":"ListItem","position":2,"name":"Zostava st\u00f4l s lavi\u010dkami typ 39"}]},{"@type":"WebSite","@id":"https:\/\/ecoprogress.eu\/de\/#website","url":"https:\/\/ecoprogress.eu\/de\/","name":"Ecoprogress","description":"","publisher":{"@id":"https:\/\/ecoprogress.eu\/de\/#organization"},"potentialAction":[{"@type":"SearchAction","target":{"@type":"EntryPoint","urlTemplate":"https:\/\/ecoprogress.eu\/de\/?s={search_term_string}"},"query-input":{"@type":"PropertyValueSpecification","valueRequired":true,"valueName":"search_term_string"}}],"inLanguage":"de"},{"@type":"Organization","@id":"https:\/\/ecoprogress.eu\/de\/#organization","name":"Ecoprogress","url":"https:\/\/ecoprogress.eu\/de\/","logo":{"@type":"ImageObject","inLanguage":"de","@id":"https:\/\/ecoprogress.eu\/de\/#\/schema\/logo\/image\/","url":"https:\/\/ecoprogress.eu\/wp-content\/uploads\/logo-2.svg","contentUrl":"https:\/\/ecoprogress.eu\/wp-content\/uploads\/logo-2.svg","width":318,"height":349,"caption":"Ecoprogress"},"image":{"@id":"https:\/\/ecoprogress.eu\/de\/#\/schema\/logo\/image\/"}}]}},"_links":{"self":[{"href":"https:\/\/ecoprogress.eu\/de\/wp-json\/wp\/v2\/product\/37972","targetHints":{"allow":["GET"]}}],"collection":[{"href":"https:\/\/ecoprogress.eu\/de\/wp-json\/wp\/v2\/product"}],"about":[{"href":"https:\/\/ecoprogress.eu\/de\/wp-json\/wp\/v2\/types\/product"}],"version-history":[{"count":0,"href":"https:\/\/ecoprogress.eu\/de\/wp-json\/wp\/v2\/product\/37972\/revisions"}],"wp:featuredmedia":[{"embeddable":true,"href":"https:\/\/ecoprogress.eu\/de\/wp-json\/wp\/v2\/media\/37951"}],"wp:attachment":[{"href":"https:\/\/ecoprogress.eu\/de\/wp-json\/wp\/v2\/media?parent=37972"}],"wp:term":[{"taxonomy":"product_brand","embeddable":true,"href":"https:\/\/ecoprogress.eu\/de\/wp-json\/wp\/v2\/product_brand?post=37972"},{"taxonomy":"product_cat","embeddable":true,"href":"https:\/\/ecoprogress.eu\/de\/wp-json\/wp\/v2\/product_cat?post=37972"},{"taxonomy":"product_tag","embeddable":true,"href":"https:\/\/ecoprogress.eu\/de\/wp-json\/wp\/v2\/product_tag?post=37972"}],"curies":[{"name":"wp","href":"https:\/\/api.w.org\/{rel}","templated":true}]}}