{"id":37993,"date":"2023-03-30T10:10:18","date_gmt":"2023-03-30T08:10:18","guid":{"rendered":"https:\/\/ecoprogress.eu\/?post_type=product&#038;p=37993"},"modified":"2023-04-27T11:21:43","modified_gmt":"2023-04-27T09:21:43","slug":"odpadkovy-kos-typ-90","status":"publish","type":"product","link":"https:\/\/ecoprogress.eu\/de\/produkt\/odpadkovy-kos-typ-90\/","title":{"rendered":"Odpadkov\u00fd k\u00f4\u0161 typ 90"},"content":{"rendered":"<p>Dodanie 4-6 t\u00fd\u017ed\u0148ov (pod\u013ea stavu skladov\u00fdch z\u00e1sob)<\/p>\n<p>\u0160tvorcov\u00fd kontajner je vybaven\u00fd kr\u00fa\u017ekom na vrecko a m\u00f4\u017ee sa d\u00e1 odpoji\u0165 od podpery a spusti\u0165, aby sa u\u013eah\u010dilo vypr\u00e1zd\u0148ovanie. Podstavec m\u00e1 otvory na vypr\u00e1zd\u0148ovanie vody alebo tekut\u00edn.<\/p>\n<p>Stojan je ur\u010den\u00fd na mont\u00e1\u017e na stenu.<\/p>\n<p>V\u0161etky kovov\u00e9 \u010dasti s\u00fa pozinkovan\u00e9 a potiahnut\u00e9 termosetovou vrstvou polyesterov\u00e9ho pr\u00e1\u0161ku a s\u00fa k dispoz\u00edcii v r\u00f4znych farb\u00e1ch RAL. Skrutky s\u00fa z nehrdzavej\u00facej ocele.<\/p>\n<p>&nbsp;<\/p>\n\n<table id=\"tablepress-1761\" class=\"tablepress tablepress-id-1761\">\n<tbody class=\"row-striping row-hover\">\n<tr class=\"row-1\">\n\t<td class=\"column-1\">\u0161\u00edrka<\/td><td class=\"column-2\">43 cm<\/td>\n<\/tr>\n<tr class=\"row-2\">\n\t<td class=\"column-1\">v\u00fd\u0161ka<\/td><td class=\"column-2\">119,9 \/100,4 cm<\/td>\n<\/tr>\n<tr class=\"row-3\">\n\t<td class=\"column-1\">h\u013abka<\/td><td class=\"column-2\">35 cm<\/td>\n<\/tr>\n<tr class=\"row-4\">\n\t<td class=\"column-1\">kapacita<\/td><td class=\"column-2\">55 l<\/td>\n<\/tr>\n<\/tbody>\n<\/table>\n<!-- #tablepress-1761 from cache -->\n","protected":false},"excerpt":{"rendered":"<p>Odpadkov\u00fd k\u00f4\u0161 typ 90 sa sklad\u00e1 zo st\u013apika, n\u00e1doby a veka. St\u013apik je realizovan\u00fd pomocou obd\u013a\u017enikovej r\u00farky 120 x 40 mm v ktorej je upevnen\u00e9 veko s popoln\u00edkom.<\/p>\n","protected":false},"featured_media":37984,"template":"","meta":[],"product_brand":[],"product_cat":[177,180,187,659,181],"product_tag":[],"class_list":{"0":"post-37993","1":"product","2":"type-product","3":"status-publish","4":"has-post-thumbnail","6":"product_cat-kose-park-a-ulica","7":"product_cat-nastenne","8":"product_cat-obdlznikove","9":"product_cat-ocelovy-mobiliar","10":"product_cat-s-popolnikom","11":"product_shipping_class-stojany","13":"first","14":"instock","15":"taxable","16":"shipping-taxable","17":"purchasable","18":"product-type-variable"},"yoast_head":"<!-- This site is optimized with the Yoast SEO plugin v27.2 - https:\/\/yoast.com\/product\/yoast-seo-wordpress\/ -->\n<title>Odpadkov\u00fd k\u00f4\u0161 typ 90 | Ecoprogress<\/title>\n<meta name=\"description\" content=\"Odpadkov\u00fd k\u00f4\u0161 typ 90 sa sklad\u00e1 zo st\u013apika, n\u00e1doby a veka. St\u013apik je realizovan\u00fd pomocou obd\u013a\u017enikovej r\u00farky 120 x 40 mm v ktorej je upevnen\u00e9 veko s popoln\u00edkom.\" \/>\n<meta name=\"robots\" content=\"index, follow, max-snippet:-1, max-image-preview:large, max-video-preview:-1\" \/>\n<link rel=\"canonical\" href=\"https:\/\/ecoprogress.eu\/de\/produkt\/odpadkovy-kos-typ-90\/\" \/>\n<meta property=\"og:locale\" content=\"de_DE\" \/>\n<meta property=\"og:type\" content=\"article\" \/>\n<meta property=\"og:title\" content=\"Odpadkov\u00fd k\u00f4\u0161 typ 90 | Ecoprogress\" \/>\n<meta property=\"og:description\" content=\"Odpadkov\u00fd k\u00f4\u0161 typ 90 sa sklad\u00e1 zo st\u013apika, n\u00e1doby a veka. St\u013apik je realizovan\u00fd pomocou obd\u013a\u017enikovej r\u00farky 120 x 40 mm v ktorej je upevnen\u00e9 veko s popoln\u00edkom.\" \/>\n<meta property=\"og:url\" content=\"https:\/\/ecoprogress.eu\/de\/produkt\/odpadkovy-kos-typ-90\/\" \/>\n<meta property=\"og:site_name\" content=\"Ecoprogress\" \/>\n<meta property=\"article:modified_time\" content=\"2023-04-27T09:21:43+00:00\" \/>\n<meta property=\"og:image\" content=\"https:\/\/ecoprogress.eu\/wp-content\/uploads\/Cestino-Sosia-a-muro-aperto.jpg\" \/>\n\t<meta property=\"og:image:width\" content=\"1024\" \/>\n\t<meta property=\"og:image:height\" content=\"1944\" \/>\n\t<meta property=\"og:image:type\" content=\"image\/jpeg\" \/>\n<meta name=\"twitter:card\" content=\"summary_large_image\" \/>\n<meta name=\"twitter:label1\" content=\"Gesch\u00e4tzte Lesezeit\" \/>\n\t<meta name=\"twitter:data1\" content=\"1\u00a0Minute\" \/>\n<script type=\"application\/ld+json\" class=\"yoast-schema-graph\">{\"@context\":\"https:\/\/schema.org\",\"@graph\":[{\"@type\":\"WebPage\",\"@id\":\"https:\/\/ecoprogress.eu\/de\/produkt\/odpadkovy-kos-typ-90\/\",\"url\":\"https:\/\/ecoprogress.eu\/de\/produkt\/odpadkovy-kos-typ-90\/\",\"name\":\"Odpadkov\u00fd k\u00f4\u0161 typ 90 | Ecoprogress\",\"isPartOf\":{\"@id\":\"https:\/\/ecoprogress.eu\/de\/#website\"},\"primaryImageOfPage\":{\"@id\":\"https:\/\/ecoprogress.eu\/de\/produkt\/odpadkovy-kos-typ-90\/#primaryimage\"},\"image\":{\"@id\":\"https:\/\/ecoprogress.eu\/de\/produkt\/odpadkovy-kos-typ-90\/#primaryimage\"},\"thumbnailUrl\":\"https:\/\/ecoprogress.eu\/wp-content\/uploads\/Cestino-Sosia-a-muro-aperto.jpg\",\"datePublished\":\"2023-03-30T08:10:18+00:00\",\"dateModified\":\"2023-04-27T09:21:43+00:00\",\"description\":\"Odpadkov\u00fd k\u00f4\u0161 typ 90 sa sklad\u00e1 zo st\u013apika, n\u00e1doby a veka. St\u013apik je realizovan\u00fd pomocou obd\u013a\u017enikovej r\u00farky 120 x 40 mm v ktorej je upevnen\u00e9 veko s popoln\u00edkom.\",\"breadcrumb\":{\"@id\":\"https:\/\/ecoprogress.eu\/de\/produkt\/odpadkovy-kos-typ-90\/#breadcrumb\"},\"inLanguage\":\"de\",\"potentialAction\":[{\"@type\":\"ReadAction\",\"target\":[\"https:\/\/ecoprogress.eu\/de\/produkt\/odpadkovy-kos-typ-90\/\"]}]},{\"@type\":\"ImageObject\",\"inLanguage\":\"de\",\"@id\":\"https:\/\/ecoprogress.eu\/de\/produkt\/odpadkovy-kos-typ-90\/#primaryimage\",\"url\":\"https:\/\/ecoprogress.eu\/wp-content\/uploads\/Cestino-Sosia-a-muro-aperto.jpg\",\"contentUrl\":\"https:\/\/ecoprogress.eu\/wp-content\/uploads\/Cestino-Sosia-a-muro-aperto.jpg\",\"width\":1024,\"height\":1944},{\"@type\":\"BreadcrumbList\",\"@id\":\"https:\/\/ecoprogress.eu\/de\/produkt\/odpadkovy-kos-typ-90\/#breadcrumb\",\"itemListElement\":[{\"@type\":\"ListItem\",\"position\":1,\"name\":\"Produkte\",\"item\":\"https:\/\/ecoprogress.eu\/de\/produkte\/\"},{\"@type\":\"ListItem\",\"position\":2,\"name\":\"Odpadkov\u00fd k\u00f4\u0161 typ 90\"}]},{\"@type\":\"WebSite\",\"@id\":\"https:\/\/ecoprogress.eu\/de\/#website\",\"url\":\"https:\/\/ecoprogress.eu\/de\/\",\"name\":\"Ecoprogress\",\"description\":\"\",\"publisher\":{\"@id\":\"https:\/\/ecoprogress.eu\/de\/#organization\"},\"potentialAction\":[{\"@type\":\"SearchAction\",\"target\":{\"@type\":\"EntryPoint\",\"urlTemplate\":\"https:\/\/ecoprogress.eu\/de\/?s={search_term_string}\"},\"query-input\":{\"@type\":\"PropertyValueSpecification\",\"valueRequired\":true,\"valueName\":\"search_term_string\"}}],\"inLanguage\":\"de\"},{\"@type\":\"Organization\",\"@id\":\"https:\/\/ecoprogress.eu\/de\/#organization\",\"name\":\"Ecoprogress\",\"url\":\"https:\/\/ecoprogress.eu\/de\/\",\"logo\":{\"@type\":\"ImageObject\",\"inLanguage\":\"de\",\"@id\":\"https:\/\/ecoprogress.eu\/de\/#\/schema\/logo\/image\/\",\"url\":\"https:\/\/ecoprogress.eu\/wp-content\/uploads\/logo-2.svg\",\"contentUrl\":\"https:\/\/ecoprogress.eu\/wp-content\/uploads\/logo-2.svg\",\"width\":318,\"height\":349,\"caption\":\"Ecoprogress\"},\"image\":{\"@id\":\"https:\/\/ecoprogress.eu\/de\/#\/schema\/logo\/image\/\"}}]}<\/script>\n<!-- \/ Yoast SEO plugin. -->","yoast_head_json":{"title":"Odpadkov\u00fd k\u00f4\u0161 typ 90 | Ecoprogress","description":"Odpadkov\u00fd k\u00f4\u0161 typ 90 sa sklad\u00e1 zo st\u013apika, n\u00e1doby a veka. St\u013apik je realizovan\u00fd pomocou obd\u013a\u017enikovej r\u00farky 120 x 40 mm v ktorej je upevnen\u00e9 veko s popoln\u00edkom.","robots":{"index":"index","follow":"follow","max-snippet":"max-snippet:-1","max-image-preview":"max-image-preview:large","max-video-preview":"max-video-preview:-1"},"canonical":"https:\/\/ecoprogress.eu\/de\/produkt\/odpadkovy-kos-typ-90\/","og_locale":"de_DE","og_type":"article","og_title":"Odpadkov\u00fd k\u00f4\u0161 typ 90 | Ecoprogress","og_description":"Odpadkov\u00fd k\u00f4\u0161 typ 90 sa sklad\u00e1 zo st\u013apika, n\u00e1doby a veka. St\u013apik je realizovan\u00fd pomocou obd\u013a\u017enikovej r\u00farky 120 x 40 mm v ktorej je upevnen\u00e9 veko s popoln\u00edkom.","og_url":"https:\/\/ecoprogress.eu\/de\/produkt\/odpadkovy-kos-typ-90\/","og_site_name":"Ecoprogress","article_modified_time":"2023-04-27T09:21:43+00:00","og_image":[{"width":1024,"height":1944,"url":"https:\/\/ecoprogress.eu\/wp-content\/uploads\/Cestino-Sosia-a-muro-aperto.jpg","type":"image\/jpeg"}],"twitter_card":"summary_large_image","twitter_misc":{"Gesch\u00e4tzte Lesezeit":"1\u00a0Minute"},"schema":{"@context":"https:\/\/schema.org","@graph":[{"@type":"WebPage","@id":"https:\/\/ecoprogress.eu\/de\/produkt\/odpadkovy-kos-typ-90\/","url":"https:\/\/ecoprogress.eu\/de\/produkt\/odpadkovy-kos-typ-90\/","name":"Odpadkov\u00fd k\u00f4\u0161 typ 90 | Ecoprogress","isPartOf":{"@id":"https:\/\/ecoprogress.eu\/de\/#website"},"primaryImageOfPage":{"@id":"https:\/\/ecoprogress.eu\/de\/produkt\/odpadkovy-kos-typ-90\/#primaryimage"},"image":{"@id":"https:\/\/ecoprogress.eu\/de\/produkt\/odpadkovy-kos-typ-90\/#primaryimage"},"thumbnailUrl":"https:\/\/ecoprogress.eu\/wp-content\/uploads\/Cestino-Sosia-a-muro-aperto.jpg","datePublished":"2023-03-30T08:10:18+00:00","dateModified":"2023-04-27T09:21:43+00:00","description":"Odpadkov\u00fd k\u00f4\u0161 typ 90 sa sklad\u00e1 zo st\u013apika, n\u00e1doby a veka. St\u013apik je realizovan\u00fd pomocou obd\u013a\u017enikovej r\u00farky 120 x 40 mm v ktorej je upevnen\u00e9 veko s popoln\u00edkom.","breadcrumb":{"@id":"https:\/\/ecoprogress.eu\/de\/produkt\/odpadkovy-kos-typ-90\/#breadcrumb"},"inLanguage":"de","potentialAction":[{"@type":"ReadAction","target":["https:\/\/ecoprogress.eu\/de\/produkt\/odpadkovy-kos-typ-90\/"]}]},{"@type":"ImageObject","inLanguage":"de","@id":"https:\/\/ecoprogress.eu\/de\/produkt\/odpadkovy-kos-typ-90\/#primaryimage","url":"https:\/\/ecoprogress.eu\/wp-content\/uploads\/Cestino-Sosia-a-muro-aperto.jpg","contentUrl":"https:\/\/ecoprogress.eu\/wp-content\/uploads\/Cestino-Sosia-a-muro-aperto.jpg","width":1024,"height":1944},{"@type":"BreadcrumbList","@id":"https:\/\/ecoprogress.eu\/de\/produkt\/odpadkovy-kos-typ-90\/#breadcrumb","itemListElement":[{"@type":"ListItem","position":1,"name":"Produkte","item":"https:\/\/ecoprogress.eu\/de\/produkte\/"},{"@type":"ListItem","position":2,"name":"Odpadkov\u00fd k\u00f4\u0161 typ 90"}]},{"@type":"WebSite","@id":"https:\/\/ecoprogress.eu\/de\/#website","url":"https:\/\/ecoprogress.eu\/de\/","name":"Ecoprogress","description":"","publisher":{"@id":"https:\/\/ecoprogress.eu\/de\/#organization"},"potentialAction":[{"@type":"SearchAction","target":{"@type":"EntryPoint","urlTemplate":"https:\/\/ecoprogress.eu\/de\/?s={search_term_string}"},"query-input":{"@type":"PropertyValueSpecification","valueRequired":true,"valueName":"search_term_string"}}],"inLanguage":"de"},{"@type":"Organization","@id":"https:\/\/ecoprogress.eu\/de\/#organization","name":"Ecoprogress","url":"https:\/\/ecoprogress.eu\/de\/","logo":{"@type":"ImageObject","inLanguage":"de","@id":"https:\/\/ecoprogress.eu\/de\/#\/schema\/logo\/image\/","url":"https:\/\/ecoprogress.eu\/wp-content\/uploads\/logo-2.svg","contentUrl":"https:\/\/ecoprogress.eu\/wp-content\/uploads\/logo-2.svg","width":318,"height":349,"caption":"Ecoprogress"},"image":{"@id":"https:\/\/ecoprogress.eu\/de\/#\/schema\/logo\/image\/"}}]}},"_links":{"self":[{"href":"https:\/\/ecoprogress.eu\/de\/wp-json\/wp\/v2\/product\/37993","targetHints":{"allow":["GET"]}}],"collection":[{"href":"https:\/\/ecoprogress.eu\/de\/wp-json\/wp\/v2\/product"}],"about":[{"href":"https:\/\/ecoprogress.eu\/de\/wp-json\/wp\/v2\/types\/product"}],"version-history":[{"count":0,"href":"https:\/\/ecoprogress.eu\/de\/wp-json\/wp\/v2\/product\/37993\/revisions"}],"wp:featuredmedia":[{"embeddable":true,"href":"https:\/\/ecoprogress.eu\/de\/wp-json\/wp\/v2\/media\/37984"}],"wp:attachment":[{"href":"https:\/\/ecoprogress.eu\/de\/wp-json\/wp\/v2\/media?parent=37993"}],"wp:term":[{"taxonomy":"product_brand","embeddable":true,"href":"https:\/\/ecoprogress.eu\/de\/wp-json\/wp\/v2\/product_brand?post=37993"},{"taxonomy":"product_cat","embeddable":true,"href":"https:\/\/ecoprogress.eu\/de\/wp-json\/wp\/v2\/product_cat?post=37993"},{"taxonomy":"product_tag","embeddable":true,"href":"https:\/\/ecoprogress.eu\/de\/wp-json\/wp\/v2\/product_tag?post=37993"}],"curies":[{"name":"wp","href":"https:\/\/api.w.org\/{rel}","templated":true}]}}