{"id":38035,"date":"2023-03-30T14:14:35","date_gmt":"2023-03-30T12:14:35","guid":{"rendered":"https:\/\/ecoprogress.eu\/?post_type=product&#038;p=38035"},"modified":"2023-04-27T11:21:41","modified_gmt":"2023-04-27T09:21:41","slug":"zostava-stol-s-lavickami-typ-40","status":"publish","type":"product","link":"https:\/\/ecoprogress.eu\/de\/produkt\/zostava-stol-s-lavickami-typ-40\/","title":{"rendered":"Zostava st\u00f4l s lavi\u010dkami typ 40"},"content":{"rendered":"<p>Dodanie 4-6 t\u00fd\u017ed\u0148ov (pod\u013ea stavu skladov\u00fdch z\u00e1sob)<\/p>\n<pre id=\"tw-target-text\" class=\"tw-data-text tw-text-large tw-ta\" dir=\"ltr\" data-placeholder=\"Preklad\"><span class=\"Y2IQFc\" lang=\"sk\">Kon\u0161trukcia je oce\u013eov\u00e1, tvoren\u00e1 dvoma bo\u010dnicami v tvare r\u00fary \u00d8 60 mm, spojen\u00fdmi spojovacou ty\u010dou. Sedadlo a doska stola s\u00fa z dreven\u00fdch lamiel. Lamely m\u00f4\u017eu by\u0165 z borovicov\u00e9ho alebo pr\u00edrodn\u00e9ho dreva iroko. Podpery s\u00fa vybaven\u00e9 otvormi na ukotvenie do zeme skrutkami. <\/span><span class=\"Y2IQFc\" lang=\"sk\">Skrutky z nehrdzavej\u00facej ocele.<\/span><\/pre>\n<pre class=\"tw-data-text tw-text-large tw-ta\" dir=\"ltr\" data-placeholder=\"Preklad\"><span class=\"Y2IQFc\" lang=\"sk\">Na po\u017eiadanie je mo\u017en\u00e9 k seda\u010dke doda\u0165 pred\u013a\u017een\u00fd stol\u00edk pre bezbari\u00e9rov\u00fd pr\u00edstup.<\/span><\/pre>\n<p>&nbsp;<\/p>\n\n<table id=\"tablepress-1773\" class=\"tablepress tablepress-id-1773\">\n<tbody class=\"row-striping row-hover\">\n<tr class=\"row-1\">\n\t<td class=\"column-1\">\u0161\u00edrka<\/td><td class=\"column-2\">200 cm<\/td>\n<\/tr>\n<tr class=\"row-2\">\n\t<td class=\"column-1\">v\u00fd\u0161ka<\/td><td class=\"column-2\">80 cm \/ 40 cm<\/td>\n<\/tr>\n<tr class=\"row-3\">\n\t<td class=\"column-1\">h\u013abka<\/td><td class=\"column-2\">180 cm<\/td>\n<\/tr>\n<tr class=\"row-4\">\n\t<td class=\"column-1\">v\u00e1ha<\/td><td class=\"column-2\">136 kg<\/td>\n<\/tr>\n<\/tbody>\n<\/table>\n\n","protected":false},"excerpt":{"rendered":"<p>Zostava st\u00f4l s lavi\u010dkami typ 40 <span class=\"Y2IQFc\" lang=\"sk\">je zlo\u017een\u00e1 zo stola a dvoch lav\u00edc bez operadla.<\/span><\/p>\n","protected":false},"featured_media":38038,"template":"","meta":[],"product_brand":[],"product_cat":[658,625],"product_tag":[],"class_list":{"0":"post-38035","1":"product","2":"type-product","3":"status-publish","4":"has-post-thumbnail","6":"product_cat-dreveny-mobiliar","7":"product_cat-zostavy-mobiliaru","8":"product_shipping_class-sady-zahdradneho-nabytku","10":"first","11":"instock","12":"featured","13":"taxable","14":"shipping-taxable","15":"purchasable","16":"product-type-variable"},"yoast_head":"<!-- This site is optimized with the Yoast SEO plugin v27.2 - https:\/\/yoast.com\/product\/yoast-seo-wordpress\/ -->\n<title>Zostava st\u00f4l s lavi\u010dkami typ 40 | Ecoprogress<\/title>\n<meta name=\"description\" content=\"Zostava st\u00f4l s lavi\u010dkami typ 40 je zlo\u017een\u00e1 zo stola a dvoch lav\u00edc bez operadla.\" \/>\n<meta name=\"robots\" content=\"index, follow, max-snippet:-1, max-image-preview:large, max-video-preview:-1\" \/>\n<link rel=\"canonical\" href=\"https:\/\/ecoprogress.eu\/de\/produkt\/zostava-stol-s-lavickami-typ-40\/\" \/>\n<meta property=\"og:locale\" content=\"de_DE\" \/>\n<meta property=\"og:type\" content=\"article\" \/>\n<meta property=\"og:title\" content=\"Zostava st\u00f4l s lavi\u010dkami typ 40 | Ecoprogress\" \/>\n<meta property=\"og:description\" content=\"Zostava st\u00f4l s lavi\u010dkami typ 40 je zlo\u017een\u00e1 zo stola a dvoch lav\u00edc bez operadla.\" \/>\n<meta property=\"og:url\" content=\"https:\/\/ecoprogress.eu\/de\/produkt\/zostava-stol-s-lavickami-typ-40\/\" \/>\n<meta property=\"og:site_name\" content=\"Ecoprogress\" \/>\n<meta property=\"article:modified_time\" content=\"2023-04-27T09:21:41+00:00\" \/>\n<meta property=\"og:image\" content=\"https:\/\/ecoprogress.eu\/wp-content\/uploads\/Set-Family-accessibile-blu-RAL-5002-scaled.jpg\" \/>\n\t<meta property=\"og:image:width\" content=\"2560\" \/>\n\t<meta property=\"og:image:height\" content=\"1291\" \/>\n\t<meta property=\"og:image:type\" content=\"image\/jpeg\" \/>\n<meta name=\"twitter:card\" content=\"summary_large_image\" \/>\n<meta name=\"twitter:label1\" content=\"Gesch\u00e4tzte Lesezeit\" \/>\n\t<meta name=\"twitter:data1\" content=\"1\u00a0Minute\" \/>\n<script type=\"application\/ld+json\" class=\"yoast-schema-graph\">{\"@context\":\"https:\/\/schema.org\",\"@graph\":[{\"@type\":\"WebPage\",\"@id\":\"https:\/\/ecoprogress.eu\/de\/produkt\/zostava-stol-s-lavickami-typ-40\/\",\"url\":\"https:\/\/ecoprogress.eu\/de\/produkt\/zostava-stol-s-lavickami-typ-40\/\",\"name\":\"Zostava st\u00f4l s lavi\u010dkami typ 40 | Ecoprogress\",\"isPartOf\":{\"@id\":\"https:\/\/ecoprogress.eu\/de\/#website\"},\"primaryImageOfPage\":{\"@id\":\"https:\/\/ecoprogress.eu\/de\/produkt\/zostava-stol-s-lavickami-typ-40\/#primaryimage\"},\"image\":{\"@id\":\"https:\/\/ecoprogress.eu\/de\/produkt\/zostava-stol-s-lavickami-typ-40\/#primaryimage\"},\"thumbnailUrl\":\"https:\/\/ecoprogress.eu\/wp-content\/uploads\/Set-Family-accessibile-blu-RAL-5002-scaled.jpg\",\"datePublished\":\"2023-03-30T12:14:35+00:00\",\"dateModified\":\"2023-04-27T09:21:41+00:00\",\"description\":\"Zostava st\u00f4l s lavi\u010dkami typ 40 je zlo\u017een\u00e1 zo stola a dvoch lav\u00edc bez operadla.\",\"breadcrumb\":{\"@id\":\"https:\/\/ecoprogress.eu\/de\/produkt\/zostava-stol-s-lavickami-typ-40\/#breadcrumb\"},\"inLanguage\":\"de\",\"potentialAction\":[{\"@type\":\"ReadAction\",\"target\":[\"https:\/\/ecoprogress.eu\/de\/produkt\/zostava-stol-s-lavickami-typ-40\/\"]}]},{\"@type\":\"ImageObject\",\"inLanguage\":\"de\",\"@id\":\"https:\/\/ecoprogress.eu\/de\/produkt\/zostava-stol-s-lavickami-typ-40\/#primaryimage\",\"url\":\"https:\/\/ecoprogress.eu\/wp-content\/uploads\/Set-Family-accessibile-blu-RAL-5002-scaled.jpg\",\"contentUrl\":\"https:\/\/ecoprogress.eu\/wp-content\/uploads\/Set-Family-accessibile-blu-RAL-5002-scaled.jpg\",\"width\":2560,\"height\":1291},{\"@type\":\"BreadcrumbList\",\"@id\":\"https:\/\/ecoprogress.eu\/de\/produkt\/zostava-stol-s-lavickami-typ-40\/#breadcrumb\",\"itemListElement\":[{\"@type\":\"ListItem\",\"position\":1,\"name\":\"Produkte\",\"item\":\"https:\/\/ecoprogress.eu\/de\/produkte\/\"},{\"@type\":\"ListItem\",\"position\":2,\"name\":\"Zostava st\u00f4l s lavi\u010dkami typ 40\"}]},{\"@type\":\"WebSite\",\"@id\":\"https:\/\/ecoprogress.eu\/de\/#website\",\"url\":\"https:\/\/ecoprogress.eu\/de\/\",\"name\":\"Ecoprogress\",\"description\":\"\",\"publisher\":{\"@id\":\"https:\/\/ecoprogress.eu\/de\/#organization\"},\"potentialAction\":[{\"@type\":\"SearchAction\",\"target\":{\"@type\":\"EntryPoint\",\"urlTemplate\":\"https:\/\/ecoprogress.eu\/de\/?s={search_term_string}\"},\"query-input\":{\"@type\":\"PropertyValueSpecification\",\"valueRequired\":true,\"valueName\":\"search_term_string\"}}],\"inLanguage\":\"de\"},{\"@type\":\"Organization\",\"@id\":\"https:\/\/ecoprogress.eu\/de\/#organization\",\"name\":\"Ecoprogress\",\"url\":\"https:\/\/ecoprogress.eu\/de\/\",\"logo\":{\"@type\":\"ImageObject\",\"inLanguage\":\"de\",\"@id\":\"https:\/\/ecoprogress.eu\/de\/#\/schema\/logo\/image\/\",\"url\":\"https:\/\/ecoprogress.eu\/wp-content\/uploads\/logo-2.svg\",\"contentUrl\":\"https:\/\/ecoprogress.eu\/wp-content\/uploads\/logo-2.svg\",\"width\":318,\"height\":349,\"caption\":\"Ecoprogress\"},\"image\":{\"@id\":\"https:\/\/ecoprogress.eu\/de\/#\/schema\/logo\/image\/\"}}]}<\/script>\n<!-- \/ Yoast SEO plugin. -->","yoast_head_json":{"title":"Zostava st\u00f4l s lavi\u010dkami typ 40 | Ecoprogress","description":"Zostava st\u00f4l s lavi\u010dkami typ 40 je zlo\u017een\u00e1 zo stola a dvoch lav\u00edc bez operadla.","robots":{"index":"index","follow":"follow","max-snippet":"max-snippet:-1","max-image-preview":"max-image-preview:large","max-video-preview":"max-video-preview:-1"},"canonical":"https:\/\/ecoprogress.eu\/de\/produkt\/zostava-stol-s-lavickami-typ-40\/","og_locale":"de_DE","og_type":"article","og_title":"Zostava st\u00f4l s lavi\u010dkami typ 40 | Ecoprogress","og_description":"Zostava st\u00f4l s lavi\u010dkami typ 40 je zlo\u017een\u00e1 zo stola a dvoch lav\u00edc bez operadla.","og_url":"https:\/\/ecoprogress.eu\/de\/produkt\/zostava-stol-s-lavickami-typ-40\/","og_site_name":"Ecoprogress","article_modified_time":"2023-04-27T09:21:41+00:00","og_image":[{"width":2560,"height":1291,"url":"https:\/\/ecoprogress.eu\/wp-content\/uploads\/Set-Family-accessibile-blu-RAL-5002-scaled.jpg","type":"image\/jpeg"}],"twitter_card":"summary_large_image","twitter_misc":{"Gesch\u00e4tzte Lesezeit":"1\u00a0Minute"},"schema":{"@context":"https:\/\/schema.org","@graph":[{"@type":"WebPage","@id":"https:\/\/ecoprogress.eu\/de\/produkt\/zostava-stol-s-lavickami-typ-40\/","url":"https:\/\/ecoprogress.eu\/de\/produkt\/zostava-stol-s-lavickami-typ-40\/","name":"Zostava st\u00f4l s lavi\u010dkami typ 40 | Ecoprogress","isPartOf":{"@id":"https:\/\/ecoprogress.eu\/de\/#website"},"primaryImageOfPage":{"@id":"https:\/\/ecoprogress.eu\/de\/produkt\/zostava-stol-s-lavickami-typ-40\/#primaryimage"},"image":{"@id":"https:\/\/ecoprogress.eu\/de\/produkt\/zostava-stol-s-lavickami-typ-40\/#primaryimage"},"thumbnailUrl":"https:\/\/ecoprogress.eu\/wp-content\/uploads\/Set-Family-accessibile-blu-RAL-5002-scaled.jpg","datePublished":"2023-03-30T12:14:35+00:00","dateModified":"2023-04-27T09:21:41+00:00","description":"Zostava st\u00f4l s lavi\u010dkami typ 40 je zlo\u017een\u00e1 zo stola a dvoch lav\u00edc bez operadla.","breadcrumb":{"@id":"https:\/\/ecoprogress.eu\/de\/produkt\/zostava-stol-s-lavickami-typ-40\/#breadcrumb"},"inLanguage":"de","potentialAction":[{"@type":"ReadAction","target":["https:\/\/ecoprogress.eu\/de\/produkt\/zostava-stol-s-lavickami-typ-40\/"]}]},{"@type":"ImageObject","inLanguage":"de","@id":"https:\/\/ecoprogress.eu\/de\/produkt\/zostava-stol-s-lavickami-typ-40\/#primaryimage","url":"https:\/\/ecoprogress.eu\/wp-content\/uploads\/Set-Family-accessibile-blu-RAL-5002-scaled.jpg","contentUrl":"https:\/\/ecoprogress.eu\/wp-content\/uploads\/Set-Family-accessibile-blu-RAL-5002-scaled.jpg","width":2560,"height":1291},{"@type":"BreadcrumbList","@id":"https:\/\/ecoprogress.eu\/de\/produkt\/zostava-stol-s-lavickami-typ-40\/#breadcrumb","itemListElement":[{"@type":"ListItem","position":1,"name":"Produkte","item":"https:\/\/ecoprogress.eu\/de\/produkte\/"},{"@type":"ListItem","position":2,"name":"Zostava st\u00f4l s lavi\u010dkami typ 40"}]},{"@type":"WebSite","@id":"https:\/\/ecoprogress.eu\/de\/#website","url":"https:\/\/ecoprogress.eu\/de\/","name":"Ecoprogress","description":"","publisher":{"@id":"https:\/\/ecoprogress.eu\/de\/#organization"},"potentialAction":[{"@type":"SearchAction","target":{"@type":"EntryPoint","urlTemplate":"https:\/\/ecoprogress.eu\/de\/?s={search_term_string}"},"query-input":{"@type":"PropertyValueSpecification","valueRequired":true,"valueName":"search_term_string"}}],"inLanguage":"de"},{"@type":"Organization","@id":"https:\/\/ecoprogress.eu\/de\/#organization","name":"Ecoprogress","url":"https:\/\/ecoprogress.eu\/de\/","logo":{"@type":"ImageObject","inLanguage":"de","@id":"https:\/\/ecoprogress.eu\/de\/#\/schema\/logo\/image\/","url":"https:\/\/ecoprogress.eu\/wp-content\/uploads\/logo-2.svg","contentUrl":"https:\/\/ecoprogress.eu\/wp-content\/uploads\/logo-2.svg","width":318,"height":349,"caption":"Ecoprogress"},"image":{"@id":"https:\/\/ecoprogress.eu\/de\/#\/schema\/logo\/image\/"}}]}},"_links":{"self":[{"href":"https:\/\/ecoprogress.eu\/de\/wp-json\/wp\/v2\/product\/38035","targetHints":{"allow":["GET"]}}],"collection":[{"href":"https:\/\/ecoprogress.eu\/de\/wp-json\/wp\/v2\/product"}],"about":[{"href":"https:\/\/ecoprogress.eu\/de\/wp-json\/wp\/v2\/types\/product"}],"version-history":[{"count":0,"href":"https:\/\/ecoprogress.eu\/de\/wp-json\/wp\/v2\/product\/38035\/revisions"}],"wp:featuredmedia":[{"embeddable":true,"href":"https:\/\/ecoprogress.eu\/de\/wp-json\/wp\/v2\/media\/38038"}],"wp:attachment":[{"href":"https:\/\/ecoprogress.eu\/de\/wp-json\/wp\/v2\/media?parent=38035"}],"wp:term":[{"taxonomy":"product_brand","embeddable":true,"href":"https:\/\/ecoprogress.eu\/de\/wp-json\/wp\/v2\/product_brand?post=38035"},{"taxonomy":"product_cat","embeddable":true,"href":"https:\/\/ecoprogress.eu\/de\/wp-json\/wp\/v2\/product_cat?post=38035"},{"taxonomy":"product_tag","embeddable":true,"href":"https:\/\/ecoprogress.eu\/de\/wp-json\/wp\/v2\/product_tag?post=38035"}],"curies":[{"name":"wp","href":"https:\/\/api.w.org\/{rel}","templated":true}]}}