{"id":38619,"date":"2023-04-02T15:06:37","date_gmt":"2023-04-02T13:06:37","guid":{"rendered":"https:\/\/ecoprogress.eu\/?post_type=product&#038;p=38619"},"modified":"2024-03-06T15:38:19","modified_gmt":"2024-03-06T14:38:19","slug":"pristresok-pre-autobusove-zastavky-typ-01","status":"publish","type":"product","link":"https:\/\/ecoprogress.eu\/de\/produkt\/pristresok-pre-autobusove-zastavky-typ-01\/","title":{"rendered":"Pr\u00edstre\u0161ok pre autobusov\u00e9 zast\u00e1vky typ 01"},"content":{"rendered":"<p>Dodanie 4-6 t\u00fd\u017ed\u0148ov (pod\u013ea stavu skladov\u00fdch z\u00e1sob)<\/p>\n<p>Strecha je zlo\u017een\u00e1 z alveol\u00e1rnych polykarbon\u00e1tov\u00fdch dosiek, ktor\u00e9 s\u00fa podopret\u00e9 kon\u0161trukciou z oce\u013eov\u00e9ho plechu s miernymi obl\u00fakmi.<\/p>\n<p>Na po\u017eiadanie je mo\u017en\u00e9 nain\u0161talova\u0165 syst\u00e9m osvetlenia.<\/p>\n<p>Skrutky s\u00fa z nehrdzavej\u00facej ocele.<\/p>\n<p>V\u0161etky oce\u013eov\u00e9 \u010dasti s\u00fa pozinkovan\u00e9 a ma\u013eovan\u00e9.<\/p>\n\n<table id=\"tablepress-1784\" class=\"tablepress tablepress-id-1784\">\n<tbody class=\"row-striping row-hover\">\n<tr class=\"row-1\">\n\t<td class=\"column-1\">\u0161\u00edrka<\/td><td class=\"column-2\">324 \/ 429 \/ 534 cm<\/td>\n<\/tr>\n<tr class=\"row-2\">\n\t<td class=\"column-1\">v\u00fd\u0161ka<\/td><td class=\"column-2\">239,5 cm<\/td>\n<\/tr>\n<tr class=\"row-3\">\n\t<td class=\"column-1\">h\u013abka<\/td><td class=\"column-2\">159,8 cm<\/td>\n<\/tr>\n<\/tbody>\n<\/table>\n\n","protected":false},"excerpt":{"rendered":"<p>Pr\u00edstre\u0161ok pre autobusov\u00e9 zast\u00e1vky typ 01 je vyroben\u00fd z nosn\u00fdch st\u013apov \u00d8 89 mm, ktor\u00e9 s\u00fa v hornej \u010dasti a na z\u00e1kladni vybaven\u00e9 ozdobn\u00fdmi prvkami.<\/p>\n","protected":false},"featured_media":38624,"template":"","meta":[],"product_brand":[],"product_cat":[754,659,158],"product_tag":[],"class_list":{"0":"post-38619","1":"product","2":"type-product","3":"status-publish","4":"has-post-thumbnail","6":"product_cat-autobusove-zastavky","7":"product_cat-ocelovy-mobiliar","8":"product_cat-otvorene-pristresky","9":"product_shipping_class-pristresky","11":"first","12":"instock","13":"featured","14":"taxable","15":"shipping-taxable","16":"purchasable","17":"product-type-variable"},"yoast_head":"<!-- This site is optimized with the Yoast SEO plugin v27.2 - https:\/\/yoast.com\/product\/yoast-seo-wordpress\/ -->\n<title>Pr\u00edstre\u0161ok pre autobusov\u00e9 zast\u00e1vky typ 01 | Ecoprogress<\/title>\n<meta name=\"description\" content=\"Pr\u00edstre\u0161ok pre autobusov\u00e9 zast\u00e1vky typ 01 je vyroben\u00fd z nosn\u00fdch st\u013apov \u00d8 89 mm, ktor\u00e9 s\u00fa v hornej \u010dasti a na z\u00e1kladni vybaven\u00e9 ozdobn\u00fdmi prvkami.\" \/>\n<meta name=\"robots\" content=\"index, follow, max-snippet:-1, max-image-preview:large, max-video-preview:-1\" \/>\n<link rel=\"canonical\" href=\"https:\/\/ecoprogress.eu\/de\/produkt\/pristresok-pre-autobusove-zastavky-typ-01\/\" \/>\n<meta property=\"og:locale\" content=\"de_DE\" \/>\n<meta property=\"og:type\" content=\"article\" \/>\n<meta property=\"og:title\" content=\"Pr\u00edstre\u0161ok pre autobusov\u00e9 zast\u00e1vky typ 01 | Ecoprogress\" \/>\n<meta property=\"og:description\" content=\"Pr\u00edstre\u0161ok pre autobusov\u00e9 zast\u00e1vky typ 01 je vyroben\u00fd z nosn\u00fdch st\u013apov \u00d8 89 mm, ktor\u00e9 s\u00fa v hornej \u010dasti a na z\u00e1kladni vybaven\u00e9 ozdobn\u00fdmi prvkami.\" \/>\n<meta property=\"og:url\" content=\"https:\/\/ecoprogress.eu\/de\/produkt\/pristresok-pre-autobusove-zastavky-typ-01\/\" \/>\n<meta property=\"og:site_name\" content=\"Ecoprogress\" \/>\n<meta property=\"article:modified_time\" content=\"2024-03-06T14:38:19+00:00\" \/>\n<meta property=\"og:image\" content=\"https:\/\/ecoprogress.eu\/wp-content\/uploads\/1.Pensilina-Transit-1.jpg\" \/>\n\t<meta property=\"og:image:width\" content=\"1024\" \/>\n\t<meta property=\"og:image:height\" content=\"768\" \/>\n\t<meta property=\"og:image:type\" content=\"image\/jpeg\" \/>\n<meta name=\"twitter:card\" content=\"summary_large_image\" \/>\n<meta name=\"twitter:label1\" content=\"Gesch\u00e4tzte Lesezeit\" \/>\n\t<meta name=\"twitter:data1\" content=\"1\u00a0Minute\" \/>\n<script type=\"application\/ld+json\" class=\"yoast-schema-graph\">{\"@context\":\"https:\/\/schema.org\",\"@graph\":[{\"@type\":\"WebPage\",\"@id\":\"https:\/\/ecoprogress.eu\/de\/produkt\/pristresok-pre-autobusove-zastavky-typ-01\/\",\"url\":\"https:\/\/ecoprogress.eu\/de\/produkt\/pristresok-pre-autobusove-zastavky-typ-01\/\",\"name\":\"Pr\u00edstre\u0161ok pre autobusov\u00e9 zast\u00e1vky typ 01 | Ecoprogress\",\"isPartOf\":{\"@id\":\"https:\/\/ecoprogress.eu\/de\/#website\"},\"primaryImageOfPage\":{\"@id\":\"https:\/\/ecoprogress.eu\/de\/produkt\/pristresok-pre-autobusove-zastavky-typ-01\/#primaryimage\"},\"image\":{\"@id\":\"https:\/\/ecoprogress.eu\/de\/produkt\/pristresok-pre-autobusove-zastavky-typ-01\/#primaryimage\"},\"thumbnailUrl\":\"https:\/\/ecoprogress.eu\/wp-content\/uploads\/1.Pensilina-Transit-1.jpg\",\"datePublished\":\"2023-04-02T13:06:37+00:00\",\"dateModified\":\"2024-03-06T14:38:19+00:00\",\"description\":\"Pr\u00edstre\u0161ok pre autobusov\u00e9 zast\u00e1vky typ 01 je vyroben\u00fd z nosn\u00fdch st\u013apov \u00d8 89 mm, ktor\u00e9 s\u00fa v hornej \u010dasti a na z\u00e1kladni vybaven\u00e9 ozdobn\u00fdmi prvkami.\",\"breadcrumb\":{\"@id\":\"https:\/\/ecoprogress.eu\/de\/produkt\/pristresok-pre-autobusove-zastavky-typ-01\/#breadcrumb\"},\"inLanguage\":\"de\",\"potentialAction\":[{\"@type\":\"ReadAction\",\"target\":[\"https:\/\/ecoprogress.eu\/de\/produkt\/pristresok-pre-autobusove-zastavky-typ-01\/\"]}]},{\"@type\":\"ImageObject\",\"inLanguage\":\"de\",\"@id\":\"https:\/\/ecoprogress.eu\/de\/produkt\/pristresok-pre-autobusove-zastavky-typ-01\/#primaryimage\",\"url\":\"https:\/\/ecoprogress.eu\/wp-content\/uploads\/1.Pensilina-Transit-1.jpg\",\"contentUrl\":\"https:\/\/ecoprogress.eu\/wp-content\/uploads\/1.Pensilina-Transit-1.jpg\",\"width\":1024,\"height\":768},{\"@type\":\"BreadcrumbList\",\"@id\":\"https:\/\/ecoprogress.eu\/de\/produkt\/pristresok-pre-autobusove-zastavky-typ-01\/#breadcrumb\",\"itemListElement\":[{\"@type\":\"ListItem\",\"position\":1,\"name\":\"Produkte\",\"item\":\"https:\/\/ecoprogress.eu\/de\/produkte\/\"},{\"@type\":\"ListItem\",\"position\":2,\"name\":\"Pr\u00edstre\u0161ok pre autobusov\u00e9 zast\u00e1vky typ 01\"}]},{\"@type\":\"WebSite\",\"@id\":\"https:\/\/ecoprogress.eu\/de\/#website\",\"url\":\"https:\/\/ecoprogress.eu\/de\/\",\"name\":\"Ecoprogress\",\"description\":\"\",\"publisher\":{\"@id\":\"https:\/\/ecoprogress.eu\/de\/#organization\"},\"potentialAction\":[{\"@type\":\"SearchAction\",\"target\":{\"@type\":\"EntryPoint\",\"urlTemplate\":\"https:\/\/ecoprogress.eu\/de\/?s={search_term_string}\"},\"query-input\":{\"@type\":\"PropertyValueSpecification\",\"valueRequired\":true,\"valueName\":\"search_term_string\"}}],\"inLanguage\":\"de\"},{\"@type\":\"Organization\",\"@id\":\"https:\/\/ecoprogress.eu\/de\/#organization\",\"name\":\"Ecoprogress\",\"url\":\"https:\/\/ecoprogress.eu\/de\/\",\"logo\":{\"@type\":\"ImageObject\",\"inLanguage\":\"de\",\"@id\":\"https:\/\/ecoprogress.eu\/de\/#\/schema\/logo\/image\/\",\"url\":\"https:\/\/ecoprogress.eu\/wp-content\/uploads\/logo-2.svg\",\"contentUrl\":\"https:\/\/ecoprogress.eu\/wp-content\/uploads\/logo-2.svg\",\"width\":318,\"height\":349,\"caption\":\"Ecoprogress\"},\"image\":{\"@id\":\"https:\/\/ecoprogress.eu\/de\/#\/schema\/logo\/image\/\"}}]}<\/script>\n<!-- \/ Yoast SEO plugin. -->","yoast_head_json":{"title":"Pr\u00edstre\u0161ok pre autobusov\u00e9 zast\u00e1vky typ 01 | Ecoprogress","description":"Pr\u00edstre\u0161ok pre autobusov\u00e9 zast\u00e1vky typ 01 je vyroben\u00fd z nosn\u00fdch st\u013apov \u00d8 89 mm, ktor\u00e9 s\u00fa v hornej \u010dasti a na z\u00e1kladni vybaven\u00e9 ozdobn\u00fdmi prvkami.","robots":{"index":"index","follow":"follow","max-snippet":"max-snippet:-1","max-image-preview":"max-image-preview:large","max-video-preview":"max-video-preview:-1"},"canonical":"https:\/\/ecoprogress.eu\/de\/produkt\/pristresok-pre-autobusove-zastavky-typ-01\/","og_locale":"de_DE","og_type":"article","og_title":"Pr\u00edstre\u0161ok pre autobusov\u00e9 zast\u00e1vky typ 01 | Ecoprogress","og_description":"Pr\u00edstre\u0161ok pre autobusov\u00e9 zast\u00e1vky typ 01 je vyroben\u00fd z nosn\u00fdch st\u013apov \u00d8 89 mm, ktor\u00e9 s\u00fa v hornej \u010dasti a na z\u00e1kladni vybaven\u00e9 ozdobn\u00fdmi prvkami.","og_url":"https:\/\/ecoprogress.eu\/de\/produkt\/pristresok-pre-autobusove-zastavky-typ-01\/","og_site_name":"Ecoprogress","article_modified_time":"2024-03-06T14:38:19+00:00","og_image":[{"width":1024,"height":768,"url":"https:\/\/ecoprogress.eu\/wp-content\/uploads\/1.Pensilina-Transit-1.jpg","type":"image\/jpeg"}],"twitter_card":"summary_large_image","twitter_misc":{"Gesch\u00e4tzte Lesezeit":"1\u00a0Minute"},"schema":{"@context":"https:\/\/schema.org","@graph":[{"@type":"WebPage","@id":"https:\/\/ecoprogress.eu\/de\/produkt\/pristresok-pre-autobusove-zastavky-typ-01\/","url":"https:\/\/ecoprogress.eu\/de\/produkt\/pristresok-pre-autobusove-zastavky-typ-01\/","name":"Pr\u00edstre\u0161ok pre autobusov\u00e9 zast\u00e1vky typ 01 | Ecoprogress","isPartOf":{"@id":"https:\/\/ecoprogress.eu\/de\/#website"},"primaryImageOfPage":{"@id":"https:\/\/ecoprogress.eu\/de\/produkt\/pristresok-pre-autobusove-zastavky-typ-01\/#primaryimage"},"image":{"@id":"https:\/\/ecoprogress.eu\/de\/produkt\/pristresok-pre-autobusove-zastavky-typ-01\/#primaryimage"},"thumbnailUrl":"https:\/\/ecoprogress.eu\/wp-content\/uploads\/1.Pensilina-Transit-1.jpg","datePublished":"2023-04-02T13:06:37+00:00","dateModified":"2024-03-06T14:38:19+00:00","description":"Pr\u00edstre\u0161ok pre autobusov\u00e9 zast\u00e1vky typ 01 je vyroben\u00fd z nosn\u00fdch st\u013apov \u00d8 89 mm, ktor\u00e9 s\u00fa v hornej \u010dasti a na z\u00e1kladni vybaven\u00e9 ozdobn\u00fdmi prvkami.","breadcrumb":{"@id":"https:\/\/ecoprogress.eu\/de\/produkt\/pristresok-pre-autobusove-zastavky-typ-01\/#breadcrumb"},"inLanguage":"de","potentialAction":[{"@type":"ReadAction","target":["https:\/\/ecoprogress.eu\/de\/produkt\/pristresok-pre-autobusove-zastavky-typ-01\/"]}]},{"@type":"ImageObject","inLanguage":"de","@id":"https:\/\/ecoprogress.eu\/de\/produkt\/pristresok-pre-autobusove-zastavky-typ-01\/#primaryimage","url":"https:\/\/ecoprogress.eu\/wp-content\/uploads\/1.Pensilina-Transit-1.jpg","contentUrl":"https:\/\/ecoprogress.eu\/wp-content\/uploads\/1.Pensilina-Transit-1.jpg","width":1024,"height":768},{"@type":"BreadcrumbList","@id":"https:\/\/ecoprogress.eu\/de\/produkt\/pristresok-pre-autobusove-zastavky-typ-01\/#breadcrumb","itemListElement":[{"@type":"ListItem","position":1,"name":"Produkte","item":"https:\/\/ecoprogress.eu\/de\/produkte\/"},{"@type":"ListItem","position":2,"name":"Pr\u00edstre\u0161ok pre autobusov\u00e9 zast\u00e1vky typ 01"}]},{"@type":"WebSite","@id":"https:\/\/ecoprogress.eu\/de\/#website","url":"https:\/\/ecoprogress.eu\/de\/","name":"Ecoprogress","description":"","publisher":{"@id":"https:\/\/ecoprogress.eu\/de\/#organization"},"potentialAction":[{"@type":"SearchAction","target":{"@type":"EntryPoint","urlTemplate":"https:\/\/ecoprogress.eu\/de\/?s={search_term_string}"},"query-input":{"@type":"PropertyValueSpecification","valueRequired":true,"valueName":"search_term_string"}}],"inLanguage":"de"},{"@type":"Organization","@id":"https:\/\/ecoprogress.eu\/de\/#organization","name":"Ecoprogress","url":"https:\/\/ecoprogress.eu\/de\/","logo":{"@type":"ImageObject","inLanguage":"de","@id":"https:\/\/ecoprogress.eu\/de\/#\/schema\/logo\/image\/","url":"https:\/\/ecoprogress.eu\/wp-content\/uploads\/logo-2.svg","contentUrl":"https:\/\/ecoprogress.eu\/wp-content\/uploads\/logo-2.svg","width":318,"height":349,"caption":"Ecoprogress"},"image":{"@id":"https:\/\/ecoprogress.eu\/de\/#\/schema\/logo\/image\/"}}]}},"_links":{"self":[{"href":"https:\/\/ecoprogress.eu\/de\/wp-json\/wp\/v2\/product\/38619","targetHints":{"allow":["GET"]}}],"collection":[{"href":"https:\/\/ecoprogress.eu\/de\/wp-json\/wp\/v2\/product"}],"about":[{"href":"https:\/\/ecoprogress.eu\/de\/wp-json\/wp\/v2\/types\/product"}],"version-history":[{"count":1,"href":"https:\/\/ecoprogress.eu\/de\/wp-json\/wp\/v2\/product\/38619\/revisions"}],"predecessor-version":[{"id":52764,"href":"https:\/\/ecoprogress.eu\/de\/wp-json\/wp\/v2\/product\/38619\/revisions\/52764"}],"wp:featuredmedia":[{"embeddable":true,"href":"https:\/\/ecoprogress.eu\/de\/wp-json\/wp\/v2\/media\/38624"}],"wp:attachment":[{"href":"https:\/\/ecoprogress.eu\/de\/wp-json\/wp\/v2\/media?parent=38619"}],"wp:term":[{"taxonomy":"product_brand","embeddable":true,"href":"https:\/\/ecoprogress.eu\/de\/wp-json\/wp\/v2\/product_brand?post=38619"},{"taxonomy":"product_cat","embeddable":true,"href":"https:\/\/ecoprogress.eu\/de\/wp-json\/wp\/v2\/product_cat?post=38619"},{"taxonomy":"product_tag","embeddable":true,"href":"https:\/\/ecoprogress.eu\/de\/wp-json\/wp\/v2\/product_tag?post=38619"}],"curies":[{"name":"wp","href":"https:\/\/api.w.org\/{rel}","templated":true}]}}