{"id":39778,"date":"2023-04-04T10:13:22","date_gmt":"2023-04-04T08:13:22","guid":{"rendered":"https:\/\/ecoprogress.eu\/?post_type=product&#038;p=39778"},"modified":"2023-04-27T11:21:39","modified_gmt":"2023-04-27T09:21:39","slug":"lavicka-modulova-typ-02","status":"publish","type":"product","link":"https:\/\/ecoprogress.eu\/de\/produkt\/lavicka-modulova-typ-02\/","title":{"rendered":"Lavi\u010dka modulov\u00e1 typ 02"},"content":{"rendered":"<p>Dodanie 4-6 t\u00fd\u017ed\u0148ov (pod\u013ea stavu skladov\u00fdch z\u00e1sob)<\/p>\n<p><em>Cena je za jeden modul. Mo\u017enos\u0165 konfigur\u00e1cie pod\u013ea vlastn\u00fdch preferencii.<\/em><\/p>\n<p>Na vy\u017eiadanie je mo\u017en\u00e9 doda\u0165 ako operadl\u00e1 na chrb\u00e1t, tak bo\u010dn\u00e9 opierky na ruky.<\/p>\n","protected":false},"excerpt":{"rendered":"<p>Lavi\u010dka modulov\u00e1 typ 02 je lavi\u010dka s lamelami z tropick\u00e9ho dreva. K dispoz\u00edcii s\u00fa moduly r\u00f4zneho druhu, ktor\u00e9 je mo\u017en\u00e9 sp\u00e1ja\u0165.<\/p>\n","protected":false},"featured_media":39809,"template":"","meta":[],"product_brand":[],"product_cat":[658,165,628],"product_tag":[],"class_list":{"0":"post-39778","1":"product","2":"type-product","3":"status-publish","4":"has-post-thumbnail","6":"product_cat-dreveny-mobiliar","7":"product_cat-lavicky","8":"product_cat-modulove-lavicky","9":"product_shipping_class-lavicky","11":"first","12":"instock","13":"featured","14":"taxable","15":"shipping-taxable","16":"purchasable","17":"product-type-simple"},"yoast_head":"<!-- This site is optimized with the Yoast SEO plugin v27.2 - https:\/\/yoast.com\/product\/yoast-seo-wordpress\/ -->\n<title>Lavi\u010dka modulov\u00e1 typ 02 | Ecoprogress<\/title>\n<meta name=\"description\" content=\"Lavi\u010dka modulov\u00e1 typ 02 je lavi\u010dka s lamelami z tropick\u00e9ho dreva. K dispoz\u00edcii s\u00fa moduly r\u00f4zneho druhu, ktor\u00e9 je mo\u017en\u00e9 sp\u00e1ja\u0165.\" \/>\n<meta name=\"robots\" content=\"index, follow, max-snippet:-1, max-image-preview:large, max-video-preview:-1\" \/>\n<link rel=\"canonical\" href=\"https:\/\/ecoprogress.eu\/de\/produkt\/lavicka-modulova-typ-02\/\" \/>\n<meta property=\"og:locale\" content=\"de_DE\" \/>\n<meta property=\"og:type\" content=\"article\" \/>\n<meta property=\"og:title\" content=\"Lavi\u010dka modulov\u00e1 typ 02 | Ecoprogress\" \/>\n<meta property=\"og:description\" content=\"Lavi\u010dka modulov\u00e1 typ 02 je lavi\u010dka s lamelami z tropick\u00e9ho dreva. K dispoz\u00edcii s\u00fa moduly r\u00f4zneho druhu, ktor\u00e9 je mo\u017en\u00e9 sp\u00e1ja\u0165.\" \/>\n<meta property=\"og:url\" content=\"https:\/\/ecoprogress.eu\/de\/produkt\/lavicka-modulova-typ-02\/\" \/>\n<meta property=\"og:site_name\" content=\"Ecoprogress\" \/>\n<meta property=\"article:modified_time\" content=\"2023-04-27T09:21:39+00:00\" \/>\n<meta property=\"og:image\" content=\"https:\/\/ecoprogress.eu\/wp-content\/uploads\/MKLAGA-BANCO-recto-sin-respaldo-scaled.jpg\" \/>\n\t<meta property=\"og:image:width\" content=\"2560\" \/>\n\t<meta property=\"og:image:height\" content=\"1707\" \/>\n\t<meta property=\"og:image:type\" content=\"image\/jpeg\" \/>\n<meta name=\"twitter:card\" content=\"summary_large_image\" \/>\n<meta name=\"twitter:label1\" content=\"Gesch\u00e4tzte Lesezeit\" \/>\n\t<meta name=\"twitter:data1\" content=\"1\u00a0Minute\" \/>\n<script type=\"application\/ld+json\" class=\"yoast-schema-graph\">{\"@context\":\"https:\/\/schema.org\",\"@graph\":[{\"@type\":\"WebPage\",\"@id\":\"https:\/\/ecoprogress.eu\/de\/produkt\/lavicka-modulova-typ-02\/\",\"url\":\"https:\/\/ecoprogress.eu\/de\/produkt\/lavicka-modulova-typ-02\/\",\"name\":\"Lavi\u010dka modulov\u00e1 typ 02 | Ecoprogress\",\"isPartOf\":{\"@id\":\"https:\/\/ecoprogress.eu\/de\/#website\"},\"primaryImageOfPage\":{\"@id\":\"https:\/\/ecoprogress.eu\/de\/produkt\/lavicka-modulova-typ-02\/#primaryimage\"},\"image\":{\"@id\":\"https:\/\/ecoprogress.eu\/de\/produkt\/lavicka-modulova-typ-02\/#primaryimage\"},\"thumbnailUrl\":\"https:\/\/ecoprogress.eu\/wp-content\/uploads\/MKLAGA-BANCO-recto-sin-respaldo-scaled.jpg\",\"datePublished\":\"2023-04-04T08:13:22+00:00\",\"dateModified\":\"2023-04-27T09:21:39+00:00\",\"description\":\"Lavi\u010dka modulov\u00e1 typ 02 je lavi\u010dka s lamelami z tropick\u00e9ho dreva. K dispoz\u00edcii s\u00fa moduly r\u00f4zneho druhu, ktor\u00e9 je mo\u017en\u00e9 sp\u00e1ja\u0165.\",\"breadcrumb\":{\"@id\":\"https:\/\/ecoprogress.eu\/de\/produkt\/lavicka-modulova-typ-02\/#breadcrumb\"},\"inLanguage\":\"de\",\"potentialAction\":[{\"@type\":\"ReadAction\",\"target\":[\"https:\/\/ecoprogress.eu\/de\/produkt\/lavicka-modulova-typ-02\/\"]}]},{\"@type\":\"ImageObject\",\"inLanguage\":\"de\",\"@id\":\"https:\/\/ecoprogress.eu\/de\/produkt\/lavicka-modulova-typ-02\/#primaryimage\",\"url\":\"https:\/\/ecoprogress.eu\/wp-content\/uploads\/MKLAGA-BANCO-recto-sin-respaldo-scaled.jpg\",\"contentUrl\":\"https:\/\/ecoprogress.eu\/wp-content\/uploads\/MKLAGA-BANCO-recto-sin-respaldo-scaled.jpg\",\"width\":2560,\"height\":1707},{\"@type\":\"BreadcrumbList\",\"@id\":\"https:\/\/ecoprogress.eu\/de\/produkt\/lavicka-modulova-typ-02\/#breadcrumb\",\"itemListElement\":[{\"@type\":\"ListItem\",\"position\":1,\"name\":\"Produkte\",\"item\":\"https:\/\/ecoprogress.eu\/de\/produkte\/\"},{\"@type\":\"ListItem\",\"position\":2,\"name\":\"Lavi\u010dka modulov\u00e1 typ 02\"}]},{\"@type\":\"WebSite\",\"@id\":\"https:\/\/ecoprogress.eu\/de\/#website\",\"url\":\"https:\/\/ecoprogress.eu\/de\/\",\"name\":\"Ecoprogress\",\"description\":\"\",\"publisher\":{\"@id\":\"https:\/\/ecoprogress.eu\/de\/#organization\"},\"potentialAction\":[{\"@type\":\"SearchAction\",\"target\":{\"@type\":\"EntryPoint\",\"urlTemplate\":\"https:\/\/ecoprogress.eu\/de\/?s={search_term_string}\"},\"query-input\":{\"@type\":\"PropertyValueSpecification\",\"valueRequired\":true,\"valueName\":\"search_term_string\"}}],\"inLanguage\":\"de\"},{\"@type\":\"Organization\",\"@id\":\"https:\/\/ecoprogress.eu\/de\/#organization\",\"name\":\"Ecoprogress\",\"url\":\"https:\/\/ecoprogress.eu\/de\/\",\"logo\":{\"@type\":\"ImageObject\",\"inLanguage\":\"de\",\"@id\":\"https:\/\/ecoprogress.eu\/de\/#\/schema\/logo\/image\/\",\"url\":\"https:\/\/ecoprogress.eu\/wp-content\/uploads\/logo-2.svg\",\"contentUrl\":\"https:\/\/ecoprogress.eu\/wp-content\/uploads\/logo-2.svg\",\"width\":318,\"height\":349,\"caption\":\"Ecoprogress\"},\"image\":{\"@id\":\"https:\/\/ecoprogress.eu\/de\/#\/schema\/logo\/image\/\"}}]}<\/script>\n<!-- \/ Yoast SEO plugin. -->","yoast_head_json":{"title":"Lavi\u010dka modulov\u00e1 typ 02 | Ecoprogress","description":"Lavi\u010dka modulov\u00e1 typ 02 je lavi\u010dka s lamelami z tropick\u00e9ho dreva. K dispoz\u00edcii s\u00fa moduly r\u00f4zneho druhu, ktor\u00e9 je mo\u017en\u00e9 sp\u00e1ja\u0165.","robots":{"index":"index","follow":"follow","max-snippet":"max-snippet:-1","max-image-preview":"max-image-preview:large","max-video-preview":"max-video-preview:-1"},"canonical":"https:\/\/ecoprogress.eu\/de\/produkt\/lavicka-modulova-typ-02\/","og_locale":"de_DE","og_type":"article","og_title":"Lavi\u010dka modulov\u00e1 typ 02 | Ecoprogress","og_description":"Lavi\u010dka modulov\u00e1 typ 02 je lavi\u010dka s lamelami z tropick\u00e9ho dreva. K dispoz\u00edcii s\u00fa moduly r\u00f4zneho druhu, ktor\u00e9 je mo\u017en\u00e9 sp\u00e1ja\u0165.","og_url":"https:\/\/ecoprogress.eu\/de\/produkt\/lavicka-modulova-typ-02\/","og_site_name":"Ecoprogress","article_modified_time":"2023-04-27T09:21:39+00:00","og_image":[{"width":2560,"height":1707,"url":"https:\/\/ecoprogress.eu\/wp-content\/uploads\/MKLAGA-BANCO-recto-sin-respaldo-scaled.jpg","type":"image\/jpeg"}],"twitter_card":"summary_large_image","twitter_misc":{"Gesch\u00e4tzte Lesezeit":"1\u00a0Minute"},"schema":{"@context":"https:\/\/schema.org","@graph":[{"@type":"WebPage","@id":"https:\/\/ecoprogress.eu\/de\/produkt\/lavicka-modulova-typ-02\/","url":"https:\/\/ecoprogress.eu\/de\/produkt\/lavicka-modulova-typ-02\/","name":"Lavi\u010dka modulov\u00e1 typ 02 | Ecoprogress","isPartOf":{"@id":"https:\/\/ecoprogress.eu\/de\/#website"},"primaryImageOfPage":{"@id":"https:\/\/ecoprogress.eu\/de\/produkt\/lavicka-modulova-typ-02\/#primaryimage"},"image":{"@id":"https:\/\/ecoprogress.eu\/de\/produkt\/lavicka-modulova-typ-02\/#primaryimage"},"thumbnailUrl":"https:\/\/ecoprogress.eu\/wp-content\/uploads\/MKLAGA-BANCO-recto-sin-respaldo-scaled.jpg","datePublished":"2023-04-04T08:13:22+00:00","dateModified":"2023-04-27T09:21:39+00:00","description":"Lavi\u010dka modulov\u00e1 typ 02 je lavi\u010dka s lamelami z tropick\u00e9ho dreva. K dispoz\u00edcii s\u00fa moduly r\u00f4zneho druhu, ktor\u00e9 je mo\u017en\u00e9 sp\u00e1ja\u0165.","breadcrumb":{"@id":"https:\/\/ecoprogress.eu\/de\/produkt\/lavicka-modulova-typ-02\/#breadcrumb"},"inLanguage":"de","potentialAction":[{"@type":"ReadAction","target":["https:\/\/ecoprogress.eu\/de\/produkt\/lavicka-modulova-typ-02\/"]}]},{"@type":"ImageObject","inLanguage":"de","@id":"https:\/\/ecoprogress.eu\/de\/produkt\/lavicka-modulova-typ-02\/#primaryimage","url":"https:\/\/ecoprogress.eu\/wp-content\/uploads\/MKLAGA-BANCO-recto-sin-respaldo-scaled.jpg","contentUrl":"https:\/\/ecoprogress.eu\/wp-content\/uploads\/MKLAGA-BANCO-recto-sin-respaldo-scaled.jpg","width":2560,"height":1707},{"@type":"BreadcrumbList","@id":"https:\/\/ecoprogress.eu\/de\/produkt\/lavicka-modulova-typ-02\/#breadcrumb","itemListElement":[{"@type":"ListItem","position":1,"name":"Produkte","item":"https:\/\/ecoprogress.eu\/de\/produkte\/"},{"@type":"ListItem","position":2,"name":"Lavi\u010dka modulov\u00e1 typ 02"}]},{"@type":"WebSite","@id":"https:\/\/ecoprogress.eu\/de\/#website","url":"https:\/\/ecoprogress.eu\/de\/","name":"Ecoprogress","description":"","publisher":{"@id":"https:\/\/ecoprogress.eu\/de\/#organization"},"potentialAction":[{"@type":"SearchAction","target":{"@type":"EntryPoint","urlTemplate":"https:\/\/ecoprogress.eu\/de\/?s={search_term_string}"},"query-input":{"@type":"PropertyValueSpecification","valueRequired":true,"valueName":"search_term_string"}}],"inLanguage":"de"},{"@type":"Organization","@id":"https:\/\/ecoprogress.eu\/de\/#organization","name":"Ecoprogress","url":"https:\/\/ecoprogress.eu\/de\/","logo":{"@type":"ImageObject","inLanguage":"de","@id":"https:\/\/ecoprogress.eu\/de\/#\/schema\/logo\/image\/","url":"https:\/\/ecoprogress.eu\/wp-content\/uploads\/logo-2.svg","contentUrl":"https:\/\/ecoprogress.eu\/wp-content\/uploads\/logo-2.svg","width":318,"height":349,"caption":"Ecoprogress"},"image":{"@id":"https:\/\/ecoprogress.eu\/de\/#\/schema\/logo\/image\/"}}]}},"_links":{"self":[{"href":"https:\/\/ecoprogress.eu\/de\/wp-json\/wp\/v2\/product\/39778","targetHints":{"allow":["GET"]}}],"collection":[{"href":"https:\/\/ecoprogress.eu\/de\/wp-json\/wp\/v2\/product"}],"about":[{"href":"https:\/\/ecoprogress.eu\/de\/wp-json\/wp\/v2\/types\/product"}],"version-history":[{"count":0,"href":"https:\/\/ecoprogress.eu\/de\/wp-json\/wp\/v2\/product\/39778\/revisions"}],"wp:featuredmedia":[{"embeddable":true,"href":"https:\/\/ecoprogress.eu\/de\/wp-json\/wp\/v2\/media\/39809"}],"wp:attachment":[{"href":"https:\/\/ecoprogress.eu\/de\/wp-json\/wp\/v2\/media?parent=39778"}],"wp:term":[{"taxonomy":"product_brand","embeddable":true,"href":"https:\/\/ecoprogress.eu\/de\/wp-json\/wp\/v2\/product_brand?post=39778"},{"taxonomy":"product_cat","embeddable":true,"href":"https:\/\/ecoprogress.eu\/de\/wp-json\/wp\/v2\/product_cat?post=39778"},{"taxonomy":"product_tag","embeddable":true,"href":"https:\/\/ecoprogress.eu\/de\/wp-json\/wp\/v2\/product_tag?post=39778"}],"curies":[{"name":"wp","href":"https:\/\/api.w.org\/{rel}","templated":true}]}}