{"id":4089,"date":"2021-06-17T21:10:43","date_gmt":"2021-06-17T19:10:43","guid":{"rendered":"https:\/\/ecoprogress.eu\/?post_type=product&#038;p=4089"},"modified":"2025-03-11T14:54:59","modified_gmt":"2025-03-11T13:54:59","slug":"lavicka-s-operadlom-typ-05","status":"publish","type":"product","link":"https:\/\/ecoprogress.eu\/de\/produkt\/lavicka-s-operadlom-typ-05\/","title":{"rendered":"Lavi\u010dka s operadlom typ 05"},"content":{"rendered":"<p>Dodanie 4-6 t\u00fd\u017ed\u0148ov (pod\u013ea stavu skladov\u00fdch z\u00e1sob)<\/p>\n\n<table id=\"tablepress-18\" class=\"tablepress tablepress-id-18\">\n<tbody class=\"row-striping row-hover\">\n<tr class=\"row-1\">\n\t<td class=\"column-1\">materi\u00e1l<\/td><td class=\"column-2\">oce\u013e ozinkovan\u00e1 a malovan\u00e1 \u00d8 48,3 mm, ihli\u010dnan<\/td>\n<\/tr>\n<tr class=\"row-2\">\n\t<td class=\"column-1\">d\u013a\u017eka lavi\u010dky<\/td><td class=\"column-2\">170 - 200 cm<\/td>\n<\/tr>\n<tr class=\"row-3\">\n\t<td class=\"column-1\">celkov\u00e1 v\u00fd\u0161ka lavi\u010dky<\/td><td class=\"column-2\">84 cm<\/td>\n<\/tr>\n<tr class=\"row-4\">\n\t<td class=\"column-1\">v\u00fd\u0161ka sed\u00e1tka<\/td><td class=\"column-2\">43 cm<\/td>\n<\/tr>\n<tr class=\"row-5\">\n\t<td class=\"column-1\">h\u013abka sed\u00e1tka<\/td><td class=\"column-2\">40 cm<\/td>\n<\/tr>\n<tr class=\"row-6\">\n\t<td class=\"column-1\">ukotvenie<\/td><td class=\"column-2\">4 kol\u00edky \u00d8 12 x 60 mm pre skrutky \u00d8 8 x 80 mm <\/td>\n<\/tr>\n<tr class=\"row-7\">\n\t<td class=\"column-1\">po\u010det lamiel<\/td><td class=\"column-2\">7<\/td>\n<\/tr>\n<tr class=\"row-8\">\n\t<td class=\"column-1\">d\u013a\u017eka lamiel<\/td><td class=\"column-2\">150 cm a 180 cm<\/td>\n<\/tr>\n<tr class=\"row-9\">\n\t<td class=\"column-1\">kon\u0161trukcia<\/td><td class=\"column-2\">oce\u013e<\/td>\n<\/tr>\n<tr class=\"row-10\">\n\t<td class=\"column-1\">materi\u00e1l lamiel<\/td><td class=\"column-2\">drevo<\/td>\n<\/tr>\n<tr class=\"row-11\">\n\t<td class=\"column-1\">opierky na lakte<\/td><td class=\"column-2\">ano<\/td>\n<\/tr>\n<\/tbody>\n<\/table>\n<!-- #tablepress-18 from cache -->\n","protected":false},"excerpt":{"rendered":"<p id=\"tw-target-text\" class=\"tw-data-text tw-text-large XcVN5d tw-ta\" dir=\"ltr\" data-placeholder=\"Preklad\"><span class=\"Y2IQFc\" lang=\"sk\">Lavi\u010dka s operadlom typ 5 je pohodln\u00e1 a funk\u010dn\u00e1 lavi\u010dka ide\u00e1lna na ka\u017edodenn\u00fd odpo\u010dinok na z\u00e1hrade. Vyroben\u00e1 je z pevnej z\u00e1kladne, ktorou je r\u00fara \u00d8 48,3 mm x 2 mm &#8211; pozinkovan\u00e1 a pr\u00e1\u0161kovo lakovan\u00e1. Sedadlo a operadlo tvoria impregnovan\u00e9 a dvakr\u00e1t natret\u00e9 lamely z ihli\u010dnat\u00e9ho dreva.<\/span><\/p>\n","protected":false},"featured_media":6406,"template":"","meta":[],"product_brand":[],"product_cat":[165,155,176],"product_tag":[],"class_list":{"0":"post-4089","1":"product","2":"type-product","3":"status-publish","4":"has-post-thumbnail","6":"product_cat-lavicky","7":"product_cat-malaurbanistickaarchitektura","8":"product_cat-s-operadlom","9":"product_shipping_class-lavicky","11":"first","12":"instock","13":"taxable","14":"shipping-taxable","15":"purchasable","16":"product-type-variable"},"yoast_head":"<!-- This site is optimized with the Yoast SEO plugin v27.2 - https:\/\/yoast.com\/product\/yoast-seo-wordpress\/ -->\n<title>Lavi\u010dka s operadlom typ 05 | Ecoprogress<\/title>\n<meta name=\"description\" content=\"Lavi\u010dka s operadlom typ 05 je pohodln\u00e1 a funk\u010dn\u00e1 lavi\u010dka v retro \u0161t\u00fdle. Vyroben\u00e1 je z pevnej z\u00e1kladne a je pozinkovan\u00e1 a pr\u00e1\u0161kovo lakovan\u00e1.\" \/>\n<meta name=\"robots\" content=\"index, follow, max-snippet:-1, max-image-preview:large, max-video-preview:-1\" \/>\n<link rel=\"canonical\" href=\"https:\/\/ecoprogress.eu\/de\/produkt\/lavicka-s-operadlom-typ-05\/\" \/>\n<meta property=\"og:locale\" content=\"de_DE\" \/>\n<meta property=\"og:type\" content=\"article\" \/>\n<meta property=\"og:title\" content=\"Lavi\u010dka s operadlom typ 05 | Ecoprogress\" \/>\n<meta property=\"og:description\" content=\"Lavi\u010dka s operadlom typ 05 je pohodln\u00e1 a funk\u010dn\u00e1 lavi\u010dka v retro \u0161t\u00fdle. Vyroben\u00e1 je z pevnej z\u00e1kladne a je pozinkovan\u00e1 a pr\u00e1\u0161kovo lakovan\u00e1.\" \/>\n<meta property=\"og:url\" content=\"https:\/\/ecoprogress.eu\/de\/produkt\/lavicka-s-operadlom-typ-05\/\" \/>\n<meta property=\"og:site_name\" content=\"Ecoprogress\" \/>\n<meta property=\"article:modified_time\" content=\"2025-03-11T13:54:59+00:00\" \/>\n<meta property=\"og:image\" content=\"https:\/\/ecoprogress.eu\/wp-content\/uploads\/lawka-do-ogrodu-promyk-ii-retro.png\" \/>\n\t<meta property=\"og:image:width\" content=\"800\" \/>\n\t<meta property=\"og:image:height\" content=\"600\" \/>\n\t<meta property=\"og:image:type\" content=\"image\/png\" \/>\n<meta name=\"twitter:card\" content=\"summary_large_image\" \/>\n<meta name=\"twitter:label1\" content=\"Gesch\u00e4tzte Lesezeit\" \/>\n\t<meta name=\"twitter:data1\" content=\"1\u00a0Minute\" \/>\n<script type=\"application\/ld+json\" class=\"yoast-schema-graph\">{\"@context\":\"https:\/\/schema.org\",\"@graph\":[{\"@type\":\"WebPage\",\"@id\":\"https:\/\/ecoprogress.eu\/de\/produkt\/lavicka-s-operadlom-typ-05\/\",\"url\":\"https:\/\/ecoprogress.eu\/de\/produkt\/lavicka-s-operadlom-typ-05\/\",\"name\":\"Lavi\u010dka s operadlom typ 05 | Ecoprogress\",\"isPartOf\":{\"@id\":\"https:\/\/ecoprogress.eu\/de\/#website\"},\"primaryImageOfPage\":{\"@id\":\"https:\/\/ecoprogress.eu\/de\/produkt\/lavicka-s-operadlom-typ-05\/#primaryimage\"},\"image\":{\"@id\":\"https:\/\/ecoprogress.eu\/de\/produkt\/lavicka-s-operadlom-typ-05\/#primaryimage\"},\"thumbnailUrl\":\"https:\/\/ecoprogress.eu\/wp-content\/uploads\/lawka-do-ogrodu-promyk-ii-retro.png\",\"datePublished\":\"2021-06-17T19:10:43+00:00\",\"dateModified\":\"2025-03-11T13:54:59+00:00\",\"description\":\"Lavi\u010dka s operadlom typ 05 je pohodln\u00e1 a funk\u010dn\u00e1 lavi\u010dka v retro \u0161t\u00fdle. Vyroben\u00e1 je z pevnej z\u00e1kladne a je pozinkovan\u00e1 a pr\u00e1\u0161kovo lakovan\u00e1.\",\"breadcrumb\":{\"@id\":\"https:\/\/ecoprogress.eu\/de\/produkt\/lavicka-s-operadlom-typ-05\/#breadcrumb\"},\"inLanguage\":\"de\",\"potentialAction\":[{\"@type\":\"ReadAction\",\"target\":[\"https:\/\/ecoprogress.eu\/de\/produkt\/lavicka-s-operadlom-typ-05\/\"]}]},{\"@type\":\"ImageObject\",\"inLanguage\":\"de\",\"@id\":\"https:\/\/ecoprogress.eu\/de\/produkt\/lavicka-s-operadlom-typ-05\/#primaryimage\",\"url\":\"https:\/\/ecoprogress.eu\/wp-content\/uploads\/lawka-do-ogrodu-promyk-ii-retro.png\",\"contentUrl\":\"https:\/\/ecoprogress.eu\/wp-content\/uploads\/lawka-do-ogrodu-promyk-ii-retro.png\",\"width\":800,\"height\":600,\"caption\":\"Lavi\u010dka s operadlom typ 5\"},{\"@type\":\"BreadcrumbList\",\"@id\":\"https:\/\/ecoprogress.eu\/de\/produkt\/lavicka-s-operadlom-typ-05\/#breadcrumb\",\"itemListElement\":[{\"@type\":\"ListItem\",\"position\":1,\"name\":\"Produkte\",\"item\":\"https:\/\/ecoprogress.eu\/de\/produkte\/\"},{\"@type\":\"ListItem\",\"position\":2,\"name\":\"Lavi\u010dka s operadlom typ 05\"}]},{\"@type\":\"WebSite\",\"@id\":\"https:\/\/ecoprogress.eu\/de\/#website\",\"url\":\"https:\/\/ecoprogress.eu\/de\/\",\"name\":\"Ecoprogress\",\"description\":\"\",\"publisher\":{\"@id\":\"https:\/\/ecoprogress.eu\/de\/#organization\"},\"potentialAction\":[{\"@type\":\"SearchAction\",\"target\":{\"@type\":\"EntryPoint\",\"urlTemplate\":\"https:\/\/ecoprogress.eu\/de\/?s={search_term_string}\"},\"query-input\":{\"@type\":\"PropertyValueSpecification\",\"valueRequired\":true,\"valueName\":\"search_term_string\"}}],\"inLanguage\":\"de\"},{\"@type\":\"Organization\",\"@id\":\"https:\/\/ecoprogress.eu\/de\/#organization\",\"name\":\"Ecoprogress\",\"url\":\"https:\/\/ecoprogress.eu\/de\/\",\"logo\":{\"@type\":\"ImageObject\",\"inLanguage\":\"de\",\"@id\":\"https:\/\/ecoprogress.eu\/de\/#\/schema\/logo\/image\/\",\"url\":\"https:\/\/ecoprogress.eu\/wp-content\/uploads\/logo-2.svg\",\"contentUrl\":\"https:\/\/ecoprogress.eu\/wp-content\/uploads\/logo-2.svg\",\"width\":318,\"height\":349,\"caption\":\"Ecoprogress\"},\"image\":{\"@id\":\"https:\/\/ecoprogress.eu\/de\/#\/schema\/logo\/image\/\"}}]}<\/script>\n<!-- \/ Yoast SEO plugin. -->","yoast_head_json":{"title":"Lavi\u010dka s operadlom typ 05 | Ecoprogress","description":"Lavi\u010dka s operadlom typ 05 je pohodln\u00e1 a funk\u010dn\u00e1 lavi\u010dka v retro \u0161t\u00fdle. Vyroben\u00e1 je z pevnej z\u00e1kladne a je pozinkovan\u00e1 a pr\u00e1\u0161kovo lakovan\u00e1.","robots":{"index":"index","follow":"follow","max-snippet":"max-snippet:-1","max-image-preview":"max-image-preview:large","max-video-preview":"max-video-preview:-1"},"canonical":"https:\/\/ecoprogress.eu\/de\/produkt\/lavicka-s-operadlom-typ-05\/","og_locale":"de_DE","og_type":"article","og_title":"Lavi\u010dka s operadlom typ 05 | Ecoprogress","og_description":"Lavi\u010dka s operadlom typ 05 je pohodln\u00e1 a funk\u010dn\u00e1 lavi\u010dka v retro \u0161t\u00fdle. Vyroben\u00e1 je z pevnej z\u00e1kladne a je pozinkovan\u00e1 a pr\u00e1\u0161kovo lakovan\u00e1.","og_url":"https:\/\/ecoprogress.eu\/de\/produkt\/lavicka-s-operadlom-typ-05\/","og_site_name":"Ecoprogress","article_modified_time":"2025-03-11T13:54:59+00:00","og_image":[{"width":800,"height":600,"url":"https:\/\/ecoprogress.eu\/wp-content\/uploads\/lawka-do-ogrodu-promyk-ii-retro.png","type":"image\/png"}],"twitter_card":"summary_large_image","twitter_misc":{"Gesch\u00e4tzte Lesezeit":"1\u00a0Minute"},"schema":{"@context":"https:\/\/schema.org","@graph":[{"@type":"WebPage","@id":"https:\/\/ecoprogress.eu\/de\/produkt\/lavicka-s-operadlom-typ-05\/","url":"https:\/\/ecoprogress.eu\/de\/produkt\/lavicka-s-operadlom-typ-05\/","name":"Lavi\u010dka s operadlom typ 05 | Ecoprogress","isPartOf":{"@id":"https:\/\/ecoprogress.eu\/de\/#website"},"primaryImageOfPage":{"@id":"https:\/\/ecoprogress.eu\/de\/produkt\/lavicka-s-operadlom-typ-05\/#primaryimage"},"image":{"@id":"https:\/\/ecoprogress.eu\/de\/produkt\/lavicka-s-operadlom-typ-05\/#primaryimage"},"thumbnailUrl":"https:\/\/ecoprogress.eu\/wp-content\/uploads\/lawka-do-ogrodu-promyk-ii-retro.png","datePublished":"2021-06-17T19:10:43+00:00","dateModified":"2025-03-11T13:54:59+00:00","description":"Lavi\u010dka s operadlom typ 05 je pohodln\u00e1 a funk\u010dn\u00e1 lavi\u010dka v retro \u0161t\u00fdle. Vyroben\u00e1 je z pevnej z\u00e1kladne a je pozinkovan\u00e1 a pr\u00e1\u0161kovo lakovan\u00e1.","breadcrumb":{"@id":"https:\/\/ecoprogress.eu\/de\/produkt\/lavicka-s-operadlom-typ-05\/#breadcrumb"},"inLanguage":"de","potentialAction":[{"@type":"ReadAction","target":["https:\/\/ecoprogress.eu\/de\/produkt\/lavicka-s-operadlom-typ-05\/"]}]},{"@type":"ImageObject","inLanguage":"de","@id":"https:\/\/ecoprogress.eu\/de\/produkt\/lavicka-s-operadlom-typ-05\/#primaryimage","url":"https:\/\/ecoprogress.eu\/wp-content\/uploads\/lawka-do-ogrodu-promyk-ii-retro.png","contentUrl":"https:\/\/ecoprogress.eu\/wp-content\/uploads\/lawka-do-ogrodu-promyk-ii-retro.png","width":800,"height":600,"caption":"Lavi\u010dka s operadlom typ 5"},{"@type":"BreadcrumbList","@id":"https:\/\/ecoprogress.eu\/de\/produkt\/lavicka-s-operadlom-typ-05\/#breadcrumb","itemListElement":[{"@type":"ListItem","position":1,"name":"Produkte","item":"https:\/\/ecoprogress.eu\/de\/produkte\/"},{"@type":"ListItem","position":2,"name":"Lavi\u010dka s operadlom typ 05"}]},{"@type":"WebSite","@id":"https:\/\/ecoprogress.eu\/de\/#website","url":"https:\/\/ecoprogress.eu\/de\/","name":"Ecoprogress","description":"","publisher":{"@id":"https:\/\/ecoprogress.eu\/de\/#organization"},"potentialAction":[{"@type":"SearchAction","target":{"@type":"EntryPoint","urlTemplate":"https:\/\/ecoprogress.eu\/de\/?s={search_term_string}"},"query-input":{"@type":"PropertyValueSpecification","valueRequired":true,"valueName":"search_term_string"}}],"inLanguage":"de"},{"@type":"Organization","@id":"https:\/\/ecoprogress.eu\/de\/#organization","name":"Ecoprogress","url":"https:\/\/ecoprogress.eu\/de\/","logo":{"@type":"ImageObject","inLanguage":"de","@id":"https:\/\/ecoprogress.eu\/de\/#\/schema\/logo\/image\/","url":"https:\/\/ecoprogress.eu\/wp-content\/uploads\/logo-2.svg","contentUrl":"https:\/\/ecoprogress.eu\/wp-content\/uploads\/logo-2.svg","width":318,"height":349,"caption":"Ecoprogress"},"image":{"@id":"https:\/\/ecoprogress.eu\/de\/#\/schema\/logo\/image\/"}}]}},"_links":{"self":[{"href":"https:\/\/ecoprogress.eu\/de\/wp-json\/wp\/v2\/product\/4089","targetHints":{"allow":["GET"]}}],"collection":[{"href":"https:\/\/ecoprogress.eu\/de\/wp-json\/wp\/v2\/product"}],"about":[{"href":"https:\/\/ecoprogress.eu\/de\/wp-json\/wp\/v2\/types\/product"}],"version-history":[{"count":1,"href":"https:\/\/ecoprogress.eu\/de\/wp-json\/wp\/v2\/product\/4089\/revisions"}],"predecessor-version":[{"id":59357,"href":"https:\/\/ecoprogress.eu\/de\/wp-json\/wp\/v2\/product\/4089\/revisions\/59357"}],"wp:featuredmedia":[{"embeddable":true,"href":"https:\/\/ecoprogress.eu\/de\/wp-json\/wp\/v2\/media\/6406"}],"wp:attachment":[{"href":"https:\/\/ecoprogress.eu\/de\/wp-json\/wp\/v2\/media?parent=4089"}],"wp:term":[{"taxonomy":"product_brand","embeddable":true,"href":"https:\/\/ecoprogress.eu\/de\/wp-json\/wp\/v2\/product_brand?post=4089"},{"taxonomy":"product_cat","embeddable":true,"href":"https:\/\/ecoprogress.eu\/de\/wp-json\/wp\/v2\/product_cat?post=4089"},{"taxonomy":"product_tag","embeddable":true,"href":"https:\/\/ecoprogress.eu\/de\/wp-json\/wp\/v2\/product_tag?post=4089"}],"curies":[{"name":"wp","href":"https:\/\/api.w.org\/{rel}","templated":true}]}}