{"id":4117,"date":"2021-06-20T10:44:57","date_gmt":"2021-06-20T08:44:57","guid":{"rendered":"https:\/\/ecoprogress.eu\/?post_type=product&#038;p=4117"},"modified":"2025-03-11T14:57:29","modified_gmt":"2025-03-11T13:57:29","slug":"lavicka-s-operadlom-typ-07","status":"publish","type":"product","link":"https:\/\/ecoprogress.eu\/de\/produkt\/lavicka-s-operadlom-typ-07\/","title":{"rendered":"Lavi\u010dka s operadlom typ 07"},"content":{"rendered":"<p>Dodanie 4-6 t\u00fd\u017ed\u0148ov (pod\u013ea stavu skladov\u00fdch z\u00e1sob)<\/p>\n\n<table id=\"tablepress-20\" class=\"tablepress tablepress-id-20\">\n<tbody class=\"row-striping row-hover\">\n<tr class=\"row-1\">\n\t<td class=\"column-1\">materi\u00e1l<\/td><td class=\"column-2\">nehrdzavej\u00faca oce\u013e, oce\u013e ozinkovan\u00e1 a malovan\u00e1<\/td>\n<\/tr>\n<tr class=\"row-2\">\n\t<td class=\"column-1\">d\u013a\u017eka lavi\u010dky<\/td><td class=\"column-2\">180 cm<\/td>\n<\/tr>\n<tr class=\"row-3\">\n\t<td class=\"column-1\">celkov\u00e1 v\u00fd\u0161ka lavi\u010dky<\/td><td class=\"column-2\">90 cm<\/td>\n<\/tr>\n<tr class=\"row-4\">\n\t<td class=\"column-1\">h\u013abka sed\u00e1tka<\/td><td class=\"column-2\">45 cm<\/td>\n<\/tr>\n<tr class=\"row-5\">\n\t<td class=\"column-1\">komponenty<\/td><td class=\"column-2\">r\u00fara \u00d8 18 x 2 a \u00d8 48,3 x 2 mm<\/td>\n<\/tr>\n<tr class=\"row-6\">\n\t<td class=\"column-1\">kon\u0161trukcia<\/td><td class=\"column-2\">oce\u013e<\/td>\n<\/tr>\n<tr class=\"row-7\">\n\t<td class=\"column-1\">materi\u00e1l lamiel<\/td><td class=\"column-2\">oce\u013e<\/td>\n<\/tr>\n<tr class=\"row-8\">\n\t<td class=\"column-1\">opierky na lakte<\/td><td class=\"column-2\">ano<\/td>\n<\/tr>\n<\/tbody>\n<\/table>\n<!-- #tablepress-20 from cache -->\n","protected":false},"excerpt":{"rendered":"<p id=\"tw-target-text\" class=\"tw-data-text tw-text-large XcVN5d tw-ta\" dir=\"ltr\" data-placeholder=\"Preklad\"><span class=\"Y2IQFc\" lang=\"sk\">Lavi\u010dka s operadlom typ 7 je cel\u00e1 vyroben\u00e1 z ocele. Vyzer\u00e1 ve\u013emi p\u00f4sobivo a v\u010faka vhodne tvarovan\u00e9mu tvaru sedadla je ve\u013emi pohodln\u00e1.<\/span><\/p>\n","protected":false},"featured_media":6428,"template":"","meta":[],"product_brand":[],"product_cat":[165,155,176],"product_tag":[],"class_list":{"0":"post-4117","1":"product","2":"type-product","3":"status-publish","4":"has-post-thumbnail","6":"product_cat-lavicky","7":"product_cat-malaurbanistickaarchitektura","8":"product_cat-s-operadlom","9":"product_shipping_class-lavicky","11":"first","12":"instock","13":"taxable","14":"shipping-taxable","15":"purchasable","16":"product-type-variable","17":"has-default-attributes"},"yoast_head":"<!-- This site is optimized with the Yoast SEO plugin v27.2 - https:\/\/yoast.com\/product\/yoast-seo-wordpress\/ -->\n<title>Lavi\u010dka s operadlom typ 07 | Ecoprogress<\/title>\n<meta name=\"description\" content=\"Lavi\u010dka typ 07 je cel\u00e1 vyroben\u00e1 z ocele. Vyzer\u00e1 ve\u013emi p\u00f4sobivo a v\u010faka vhodne vytvarovan\u00e9mu sedadlu je ve\u013emi pohodln\u00fdm miestom na odpo\u010dinok.\" \/>\n<meta name=\"robots\" content=\"index, follow, max-snippet:-1, max-image-preview:large, max-video-preview:-1\" \/>\n<link rel=\"canonical\" href=\"https:\/\/ecoprogress.eu\/de\/produkt\/lavicka-s-operadlom-typ-07\/\" \/>\n<meta property=\"og:locale\" content=\"de_DE\" \/>\n<meta property=\"og:type\" content=\"article\" \/>\n<meta property=\"og:title\" content=\"Lavi\u010dka s operadlom typ 07 | Ecoprogress\" \/>\n<meta property=\"og:description\" content=\"Lavi\u010dka typ 07 je cel\u00e1 vyroben\u00e1 z ocele. Vyzer\u00e1 ve\u013emi p\u00f4sobivo a v\u010faka vhodne vytvarovan\u00e9mu sedadlu je ve\u013emi pohodln\u00fdm miestom na odpo\u010dinok.\" \/>\n<meta property=\"og:url\" content=\"https:\/\/ecoprogress.eu\/de\/produkt\/lavicka-s-operadlom-typ-07\/\" \/>\n<meta property=\"og:site_name\" content=\"Ecoprogress\" \/>\n<meta property=\"article:modified_time\" content=\"2025-03-11T13:57:29+00:00\" \/>\n<meta property=\"og:image\" content=\"https:\/\/ecoprogress.eu\/wp-content\/uploads\/lawka-szafir-z-oparciem-1-3.png\" \/>\n\t<meta property=\"og:image:width\" content=\"800\" \/>\n\t<meta property=\"og:image:height\" content=\"600\" \/>\n\t<meta property=\"og:image:type\" content=\"image\/png\" \/>\n<meta name=\"twitter:card\" content=\"summary_large_image\" \/>\n<meta name=\"twitter:label1\" content=\"Gesch\u00e4tzte Lesezeit\" \/>\n\t<meta name=\"twitter:data1\" content=\"1\u00a0Minute\" \/>\n<script type=\"application\/ld+json\" class=\"yoast-schema-graph\">{\"@context\":\"https:\/\/schema.org\",\"@graph\":[{\"@type\":\"WebPage\",\"@id\":\"https:\/\/ecoprogress.eu\/de\/produkt\/lavicka-s-operadlom-typ-07\/\",\"url\":\"https:\/\/ecoprogress.eu\/de\/produkt\/lavicka-s-operadlom-typ-07\/\",\"name\":\"Lavi\u010dka s operadlom typ 07 | Ecoprogress\",\"isPartOf\":{\"@id\":\"https:\/\/ecoprogress.eu\/de\/#website\"},\"primaryImageOfPage\":{\"@id\":\"https:\/\/ecoprogress.eu\/de\/produkt\/lavicka-s-operadlom-typ-07\/#primaryimage\"},\"image\":{\"@id\":\"https:\/\/ecoprogress.eu\/de\/produkt\/lavicka-s-operadlom-typ-07\/#primaryimage\"},\"thumbnailUrl\":\"https:\/\/ecoprogress.eu\/wp-content\/uploads\/lawka-szafir-z-oparciem-1-3.png\",\"datePublished\":\"2021-06-20T08:44:57+00:00\",\"dateModified\":\"2025-03-11T13:57:29+00:00\",\"description\":\"Lavi\u010dka typ 07 je cel\u00e1 vyroben\u00e1 z ocele. Vyzer\u00e1 ve\u013emi p\u00f4sobivo a v\u010faka vhodne vytvarovan\u00e9mu sedadlu je ve\u013emi pohodln\u00fdm miestom na odpo\u010dinok.\",\"breadcrumb\":{\"@id\":\"https:\/\/ecoprogress.eu\/de\/produkt\/lavicka-s-operadlom-typ-07\/#breadcrumb\"},\"inLanguage\":\"de\",\"potentialAction\":[{\"@type\":\"ReadAction\",\"target\":[\"https:\/\/ecoprogress.eu\/de\/produkt\/lavicka-s-operadlom-typ-07\/\"]}]},{\"@type\":\"ImageObject\",\"inLanguage\":\"de\",\"@id\":\"https:\/\/ecoprogress.eu\/de\/produkt\/lavicka-s-operadlom-typ-07\/#primaryimage\",\"url\":\"https:\/\/ecoprogress.eu\/wp-content\/uploads\/lawka-szafir-z-oparciem-1-3.png\",\"contentUrl\":\"https:\/\/ecoprogress.eu\/wp-content\/uploads\/lawka-szafir-z-oparciem-1-3.png\",\"width\":800,\"height\":600,\"caption\":\"Lavi\u010dka s operadlom typ 7\"},{\"@type\":\"BreadcrumbList\",\"@id\":\"https:\/\/ecoprogress.eu\/de\/produkt\/lavicka-s-operadlom-typ-07\/#breadcrumb\",\"itemListElement\":[{\"@type\":\"ListItem\",\"position\":1,\"name\":\"Produkte\",\"item\":\"https:\/\/ecoprogress.eu\/de\/produkte\/\"},{\"@type\":\"ListItem\",\"position\":2,\"name\":\"Lavi\u010dka s operadlom typ 07\"}]},{\"@type\":\"WebSite\",\"@id\":\"https:\/\/ecoprogress.eu\/de\/#website\",\"url\":\"https:\/\/ecoprogress.eu\/de\/\",\"name\":\"Ecoprogress\",\"description\":\"\",\"publisher\":{\"@id\":\"https:\/\/ecoprogress.eu\/de\/#organization\"},\"potentialAction\":[{\"@type\":\"SearchAction\",\"target\":{\"@type\":\"EntryPoint\",\"urlTemplate\":\"https:\/\/ecoprogress.eu\/de\/?s={search_term_string}\"},\"query-input\":{\"@type\":\"PropertyValueSpecification\",\"valueRequired\":true,\"valueName\":\"search_term_string\"}}],\"inLanguage\":\"de\"},{\"@type\":\"Organization\",\"@id\":\"https:\/\/ecoprogress.eu\/de\/#organization\",\"name\":\"Ecoprogress\",\"url\":\"https:\/\/ecoprogress.eu\/de\/\",\"logo\":{\"@type\":\"ImageObject\",\"inLanguage\":\"de\",\"@id\":\"https:\/\/ecoprogress.eu\/de\/#\/schema\/logo\/image\/\",\"url\":\"https:\/\/ecoprogress.eu\/wp-content\/uploads\/logo-2.svg\",\"contentUrl\":\"https:\/\/ecoprogress.eu\/wp-content\/uploads\/logo-2.svg\",\"width\":318,\"height\":349,\"caption\":\"Ecoprogress\"},\"image\":{\"@id\":\"https:\/\/ecoprogress.eu\/de\/#\/schema\/logo\/image\/\"}}]}<\/script>\n<!-- \/ Yoast SEO plugin. -->","yoast_head_json":{"title":"Lavi\u010dka s operadlom typ 07 | Ecoprogress","description":"Lavi\u010dka typ 07 je cel\u00e1 vyroben\u00e1 z ocele. Vyzer\u00e1 ve\u013emi p\u00f4sobivo a v\u010faka vhodne vytvarovan\u00e9mu sedadlu je ve\u013emi pohodln\u00fdm miestom na odpo\u010dinok.","robots":{"index":"index","follow":"follow","max-snippet":"max-snippet:-1","max-image-preview":"max-image-preview:large","max-video-preview":"max-video-preview:-1"},"canonical":"https:\/\/ecoprogress.eu\/de\/produkt\/lavicka-s-operadlom-typ-07\/","og_locale":"de_DE","og_type":"article","og_title":"Lavi\u010dka s operadlom typ 07 | Ecoprogress","og_description":"Lavi\u010dka typ 07 je cel\u00e1 vyroben\u00e1 z ocele. Vyzer\u00e1 ve\u013emi p\u00f4sobivo a v\u010faka vhodne vytvarovan\u00e9mu sedadlu je ve\u013emi pohodln\u00fdm miestom na odpo\u010dinok.","og_url":"https:\/\/ecoprogress.eu\/de\/produkt\/lavicka-s-operadlom-typ-07\/","og_site_name":"Ecoprogress","article_modified_time":"2025-03-11T13:57:29+00:00","og_image":[{"width":800,"height":600,"url":"https:\/\/ecoprogress.eu\/wp-content\/uploads\/lawka-szafir-z-oparciem-1-3.png","type":"image\/png"}],"twitter_card":"summary_large_image","twitter_misc":{"Gesch\u00e4tzte Lesezeit":"1\u00a0Minute"},"schema":{"@context":"https:\/\/schema.org","@graph":[{"@type":"WebPage","@id":"https:\/\/ecoprogress.eu\/de\/produkt\/lavicka-s-operadlom-typ-07\/","url":"https:\/\/ecoprogress.eu\/de\/produkt\/lavicka-s-operadlom-typ-07\/","name":"Lavi\u010dka s operadlom typ 07 | Ecoprogress","isPartOf":{"@id":"https:\/\/ecoprogress.eu\/de\/#website"},"primaryImageOfPage":{"@id":"https:\/\/ecoprogress.eu\/de\/produkt\/lavicka-s-operadlom-typ-07\/#primaryimage"},"image":{"@id":"https:\/\/ecoprogress.eu\/de\/produkt\/lavicka-s-operadlom-typ-07\/#primaryimage"},"thumbnailUrl":"https:\/\/ecoprogress.eu\/wp-content\/uploads\/lawka-szafir-z-oparciem-1-3.png","datePublished":"2021-06-20T08:44:57+00:00","dateModified":"2025-03-11T13:57:29+00:00","description":"Lavi\u010dka typ 07 je cel\u00e1 vyroben\u00e1 z ocele. Vyzer\u00e1 ve\u013emi p\u00f4sobivo a v\u010faka vhodne vytvarovan\u00e9mu sedadlu je ve\u013emi pohodln\u00fdm miestom na odpo\u010dinok.","breadcrumb":{"@id":"https:\/\/ecoprogress.eu\/de\/produkt\/lavicka-s-operadlom-typ-07\/#breadcrumb"},"inLanguage":"de","potentialAction":[{"@type":"ReadAction","target":["https:\/\/ecoprogress.eu\/de\/produkt\/lavicka-s-operadlom-typ-07\/"]}]},{"@type":"ImageObject","inLanguage":"de","@id":"https:\/\/ecoprogress.eu\/de\/produkt\/lavicka-s-operadlom-typ-07\/#primaryimage","url":"https:\/\/ecoprogress.eu\/wp-content\/uploads\/lawka-szafir-z-oparciem-1-3.png","contentUrl":"https:\/\/ecoprogress.eu\/wp-content\/uploads\/lawka-szafir-z-oparciem-1-3.png","width":800,"height":600,"caption":"Lavi\u010dka s operadlom typ 7"},{"@type":"BreadcrumbList","@id":"https:\/\/ecoprogress.eu\/de\/produkt\/lavicka-s-operadlom-typ-07\/#breadcrumb","itemListElement":[{"@type":"ListItem","position":1,"name":"Produkte","item":"https:\/\/ecoprogress.eu\/de\/produkte\/"},{"@type":"ListItem","position":2,"name":"Lavi\u010dka s operadlom typ 07"}]},{"@type":"WebSite","@id":"https:\/\/ecoprogress.eu\/de\/#website","url":"https:\/\/ecoprogress.eu\/de\/","name":"Ecoprogress","description":"","publisher":{"@id":"https:\/\/ecoprogress.eu\/de\/#organization"},"potentialAction":[{"@type":"SearchAction","target":{"@type":"EntryPoint","urlTemplate":"https:\/\/ecoprogress.eu\/de\/?s={search_term_string}"},"query-input":{"@type":"PropertyValueSpecification","valueRequired":true,"valueName":"search_term_string"}}],"inLanguage":"de"},{"@type":"Organization","@id":"https:\/\/ecoprogress.eu\/de\/#organization","name":"Ecoprogress","url":"https:\/\/ecoprogress.eu\/de\/","logo":{"@type":"ImageObject","inLanguage":"de","@id":"https:\/\/ecoprogress.eu\/de\/#\/schema\/logo\/image\/","url":"https:\/\/ecoprogress.eu\/wp-content\/uploads\/logo-2.svg","contentUrl":"https:\/\/ecoprogress.eu\/wp-content\/uploads\/logo-2.svg","width":318,"height":349,"caption":"Ecoprogress"},"image":{"@id":"https:\/\/ecoprogress.eu\/de\/#\/schema\/logo\/image\/"}}]}},"_links":{"self":[{"href":"https:\/\/ecoprogress.eu\/de\/wp-json\/wp\/v2\/product\/4117","targetHints":{"allow":["GET"]}}],"collection":[{"href":"https:\/\/ecoprogress.eu\/de\/wp-json\/wp\/v2\/product"}],"about":[{"href":"https:\/\/ecoprogress.eu\/de\/wp-json\/wp\/v2\/types\/product"}],"version-history":[{"count":1,"href":"https:\/\/ecoprogress.eu\/de\/wp-json\/wp\/v2\/product\/4117\/revisions"}],"predecessor-version":[{"id":59359,"href":"https:\/\/ecoprogress.eu\/de\/wp-json\/wp\/v2\/product\/4117\/revisions\/59359"}],"wp:featuredmedia":[{"embeddable":true,"href":"https:\/\/ecoprogress.eu\/de\/wp-json\/wp\/v2\/media\/6428"}],"wp:attachment":[{"href":"https:\/\/ecoprogress.eu\/de\/wp-json\/wp\/v2\/media?parent=4117"}],"wp:term":[{"taxonomy":"product_brand","embeddable":true,"href":"https:\/\/ecoprogress.eu\/de\/wp-json\/wp\/v2\/product_brand?post=4117"},{"taxonomy":"product_cat","embeddable":true,"href":"https:\/\/ecoprogress.eu\/de\/wp-json\/wp\/v2\/product_cat?post=4117"},{"taxonomy":"product_tag","embeddable":true,"href":"https:\/\/ecoprogress.eu\/de\/wp-json\/wp\/v2\/product_tag?post=4117"}],"curies":[{"name":"wp","href":"https:\/\/api.w.org\/{rel}","templated":true}]}}