{"id":42458,"date":"2023-04-27T10:59:14","date_gmt":"2023-04-27T08:59:14","guid":{"rendered":"https:\/\/ecoprogress.eu\/?post_type=product&#038;p=42458"},"modified":"2025-05-14T11:09:43","modified_gmt":"2025-05-14T09:09:43","slug":"skrinka-box-s-nabijackou-na-kolobezky-a-skladacie-bicykle-typ-01","status":"publish","type":"product","link":"https:\/\/ecoprogress.eu\/de\/produkt\/skrinka-box-s-nabijackou-na-kolobezky-a-skladacie-bicykle-typ-01\/","title":{"rendered":"Skrinka \/ box s nab\u00edja\u010dkou na kolobe\u017eky a skladacie bicykle typ 01"},"content":{"rendered":"<p>Robustn\u00e1 z\u00e1klad\u0148a z nehrdzavej\u00facej ocele \u00fa\u010dinne chr\u00e1ni skrinku pred \u00fa\u010dinkami vody a vznikom kor\u00f3zie. Modul\u00e1rny syst\u00e9m boxu umo\u017e\u0148uje vytvori\u0165 \u013eubovo\u013en\u00fd po\u010det boxov.<\/p>\n<p>Dodanie 4-6 t\u00fd\u017ed\u0148ov (pod\u013ea stavu skladov\u00fdch z\u00e1sob)<\/p>\n\n<table id=\"tablepress-2344\" class=\"tablepress tablepress-id-2344\">\n<tbody class=\"row-striping row-hover\">\n<tr class=\"row-1\">\n\t<td class=\"column-1\">materi\u00e1l<\/td><td class=\"column-2\">oce\u013e pozinkovan\u00e1 a ma\u013eovan\u00e1, oce\u013e nehrdzavej\u00faca<\/td>\n<\/tr>\n<tr class=\"row-2\">\n\t<td class=\"column-1\">komponenty<\/td><td class=\"column-2\">plech 1 mm, plech 2 mm<\/td>\n<\/tr>\n<tr class=\"row-3\">\n\t<td class=\"column-1\">rozmery <\/td><td class=\"column-2\">112 x 151 x 58 cm<\/td>\n<\/tr>\n<tr class=\"row-4\">\n\t<td class=\"column-1\">in\u0161tal\u00e1cia<\/td><td class=\"column-2\">z\u00e1suvka na doske PCE s klapkou, trieda vodotesnosti IP-44, uzemnen\u00fd k\u00e1bel 2,5 mm, nab\u00edjac\u00ed v\u00fdkon 3,6 kW (nomin\u00e1lny dlhodob\u00fd v\u00fdkon celej stanice), jednof\u00e1zov\u00e9 nap\u00e1janie<\/td>\n<\/tr>\n<\/tbody>\n<\/table>\n\n","protected":false},"excerpt":{"rendered":"<p>Skrinka \/ box s nab\u00edja\u010dkou na kolobe\u017eky a skladacie bicykle typ 01 s dvoma \u00falo\u017en\u00fdmi priestormi pre elektrick\u00e9 kolobe\u017eky. Box je vybaven\u00fd nab\u00edjac\u00edmi z\u00e1suvkami vr\u00e1tane poli\u010dky na nab\u00edja\u010dku. Okrem toho m\u00e1 box dve nez\u00e1visl\u00e9 skrinky na odkladanie prilieb, n\u00e1radia at\u010f. Vn\u00fatro boxu je zabezpe\u010den\u00e9 kombinovan\u00fdmi z\u00e1mkami s na\u010d\u00edtan\u00edm k\u00f3du a n\u00fadzov\u00fdm odomknut\u00edm k\u013e\u00fa\u010dom (volite\u013en\u00e1 n\u00e1hrada za typ z\u00e1mku len na k\u013e\u00fa\u010d).<\/p>\n","protected":false},"featured_media":42501,"template":"","meta":[],"product_brand":[],"product_cat":[330,289],"product_tag":[],"class_list":{"0":"post-42458","1":"product","2":"type-product","3":"status-publish","4":"has-post-thumbnail","6":"product_cat-elektricke-nabijacie-stanice","7":"product_cat-stojany-na-kolobezky","8":"product_shipping_class-stojany","10":"first","11":"instock","12":"featured","13":"taxable","14":"shipping-taxable","15":"purchasable","16":"product-type-simple"},"yoast_head":"<!-- This site is optimized with the Yoast SEO plugin v27.2 - https:\/\/yoast.com\/product\/yoast-seo-wordpress\/ -->\n<title>Skrinka \/ box s nab\u00edja\u010dkou na kolobe\u017eky a skladacie bicykle typ 01 | Ecoprogress<\/title>\n<meta name=\"description\" content=\"Skrinka \/ box s nab\u00edja\u010dkou na kolobe\u017eky a skladacie bicykle typ 01 s dvoma \u00falo\u017en\u00fdmi priestormi pre elektrick\u00e9 kolobe\u017eky.\" \/>\n<meta name=\"robots\" content=\"index, follow, max-snippet:-1, max-image-preview:large, max-video-preview:-1\" \/>\n<link rel=\"canonical\" href=\"https:\/\/ecoprogress.eu\/de\/produkt\/skrinka-box-s-nabijackou-na-kolobezky-a-skladacie-bicykle-typ-01\/\" \/>\n<meta property=\"og:locale\" content=\"de_DE\" \/>\n<meta property=\"og:type\" content=\"article\" \/>\n<meta property=\"og:title\" content=\"Skrinka \/ box s nab\u00edja\u010dkou na kolobe\u017eky a skladacie bicykle typ 01 | Ecoprogress\" \/>\n<meta property=\"og:description\" content=\"Skrinka \/ box s nab\u00edja\u010dkou na kolobe\u017eky a skladacie bicykle typ 01 s dvoma \u00falo\u017en\u00fdmi priestormi pre elektrick\u00e9 kolobe\u017eky.\" \/>\n<meta property=\"og:url\" content=\"https:\/\/ecoprogress.eu\/de\/produkt\/skrinka-box-s-nabijackou-na-kolobezky-a-skladacie-bicykle-typ-01\/\" \/>\n<meta property=\"og:site_name\" content=\"Ecoprogress\" \/>\n<meta property=\"article:modified_time\" content=\"2025-05-14T09:09:43+00:00\" \/>\n<meta property=\"og:image\" content=\"https:\/\/ecoprogress.eu\/wp-content\/uploads\/nabs1.jpg\" \/>\n\t<meta property=\"og:image:width\" content=\"800\" \/>\n\t<meta property=\"og:image:height\" content=\"600\" \/>\n\t<meta property=\"og:image:type\" content=\"image\/jpeg\" \/>\n<meta name=\"twitter:card\" content=\"summary_large_image\" \/>\n<meta name=\"twitter:label1\" content=\"Gesch\u00e4tzte Lesezeit\" \/>\n\t<meta name=\"twitter:data1\" content=\"1\u00a0Minute\" \/>\n<script type=\"application\/ld+json\" class=\"yoast-schema-graph\">{\"@context\":\"https:\/\/schema.org\",\"@graph\":[{\"@type\":\"WebPage\",\"@id\":\"https:\/\/ecoprogress.eu\/de\/produkt\/skrinka-box-s-nabijackou-na-kolobezky-a-skladacie-bicykle-typ-01\/\",\"url\":\"https:\/\/ecoprogress.eu\/de\/produkt\/skrinka-box-s-nabijackou-na-kolobezky-a-skladacie-bicykle-typ-01\/\",\"name\":\"Skrinka \/ box s nab\u00edja\u010dkou na kolobe\u017eky a skladacie bicykle typ 01 | Ecoprogress\",\"isPartOf\":{\"@id\":\"https:\/\/ecoprogress.eu\/de\/#website\"},\"primaryImageOfPage\":{\"@id\":\"https:\/\/ecoprogress.eu\/de\/produkt\/skrinka-box-s-nabijackou-na-kolobezky-a-skladacie-bicykle-typ-01\/#primaryimage\"},\"image\":{\"@id\":\"https:\/\/ecoprogress.eu\/de\/produkt\/skrinka-box-s-nabijackou-na-kolobezky-a-skladacie-bicykle-typ-01\/#primaryimage\"},\"thumbnailUrl\":\"https:\/\/ecoprogress.eu\/wp-content\/uploads\/nabs1.jpg\",\"datePublished\":\"2023-04-27T08:59:14+00:00\",\"dateModified\":\"2025-05-14T09:09:43+00:00\",\"description\":\"Skrinka \/ box s nab\u00edja\u010dkou na kolobe\u017eky a skladacie bicykle typ 01 s dvoma \u00falo\u017en\u00fdmi priestormi pre elektrick\u00e9 kolobe\u017eky.\",\"breadcrumb\":{\"@id\":\"https:\/\/ecoprogress.eu\/de\/produkt\/skrinka-box-s-nabijackou-na-kolobezky-a-skladacie-bicykle-typ-01\/#breadcrumb\"},\"inLanguage\":\"de\",\"potentialAction\":[{\"@type\":\"ReadAction\",\"target\":[\"https:\/\/ecoprogress.eu\/de\/produkt\/skrinka-box-s-nabijackou-na-kolobezky-a-skladacie-bicykle-typ-01\/\"]}]},{\"@type\":\"ImageObject\",\"inLanguage\":\"de\",\"@id\":\"https:\/\/ecoprogress.eu\/de\/produkt\/skrinka-box-s-nabijackou-na-kolobezky-a-skladacie-bicykle-typ-01\/#primaryimage\",\"url\":\"https:\/\/ecoprogress.eu\/wp-content\/uploads\/nabs1.jpg\",\"contentUrl\":\"https:\/\/ecoprogress.eu\/wp-content\/uploads\/nabs1.jpg\",\"width\":800,\"height\":600},{\"@type\":\"BreadcrumbList\",\"@id\":\"https:\/\/ecoprogress.eu\/de\/produkt\/skrinka-box-s-nabijackou-na-kolobezky-a-skladacie-bicykle-typ-01\/#breadcrumb\",\"itemListElement\":[{\"@type\":\"ListItem\",\"position\":1,\"name\":\"Produkte\",\"item\":\"https:\/\/ecoprogress.eu\/de\/produkte\/\"},{\"@type\":\"ListItem\",\"position\":2,\"name\":\"Skrinka \/ box s nab\u00edja\u010dkou na kolobe\u017eky a skladacie bicykle typ 01\"}]},{\"@type\":\"WebSite\",\"@id\":\"https:\/\/ecoprogress.eu\/de\/#website\",\"url\":\"https:\/\/ecoprogress.eu\/de\/\",\"name\":\"Ecoprogress\",\"description\":\"\",\"publisher\":{\"@id\":\"https:\/\/ecoprogress.eu\/de\/#organization\"},\"potentialAction\":[{\"@type\":\"SearchAction\",\"target\":{\"@type\":\"EntryPoint\",\"urlTemplate\":\"https:\/\/ecoprogress.eu\/de\/?s={search_term_string}\"},\"query-input\":{\"@type\":\"PropertyValueSpecification\",\"valueRequired\":true,\"valueName\":\"search_term_string\"}}],\"inLanguage\":\"de\"},{\"@type\":\"Organization\",\"@id\":\"https:\/\/ecoprogress.eu\/de\/#organization\",\"name\":\"Ecoprogress\",\"url\":\"https:\/\/ecoprogress.eu\/de\/\",\"logo\":{\"@type\":\"ImageObject\",\"inLanguage\":\"de\",\"@id\":\"https:\/\/ecoprogress.eu\/de\/#\/schema\/logo\/image\/\",\"url\":\"https:\/\/ecoprogress.eu\/wp-content\/uploads\/logo-2.svg\",\"contentUrl\":\"https:\/\/ecoprogress.eu\/wp-content\/uploads\/logo-2.svg\",\"width\":318,\"height\":349,\"caption\":\"Ecoprogress\"},\"image\":{\"@id\":\"https:\/\/ecoprogress.eu\/de\/#\/schema\/logo\/image\/\"}}]}<\/script>\n<!-- \/ Yoast SEO plugin. -->","yoast_head_json":{"title":"Skrinka \/ box s nab\u00edja\u010dkou na kolobe\u017eky a skladacie bicykle typ 01 | Ecoprogress","description":"Skrinka \/ box s nab\u00edja\u010dkou na kolobe\u017eky a skladacie bicykle typ 01 s dvoma \u00falo\u017en\u00fdmi priestormi pre elektrick\u00e9 kolobe\u017eky.","robots":{"index":"index","follow":"follow","max-snippet":"max-snippet:-1","max-image-preview":"max-image-preview:large","max-video-preview":"max-video-preview:-1"},"canonical":"https:\/\/ecoprogress.eu\/de\/produkt\/skrinka-box-s-nabijackou-na-kolobezky-a-skladacie-bicykle-typ-01\/","og_locale":"de_DE","og_type":"article","og_title":"Skrinka \/ box s nab\u00edja\u010dkou na kolobe\u017eky a skladacie bicykle typ 01 | Ecoprogress","og_description":"Skrinka \/ box s nab\u00edja\u010dkou na kolobe\u017eky a skladacie bicykle typ 01 s dvoma \u00falo\u017en\u00fdmi priestormi pre elektrick\u00e9 kolobe\u017eky.","og_url":"https:\/\/ecoprogress.eu\/de\/produkt\/skrinka-box-s-nabijackou-na-kolobezky-a-skladacie-bicykle-typ-01\/","og_site_name":"Ecoprogress","article_modified_time":"2025-05-14T09:09:43+00:00","og_image":[{"width":800,"height":600,"url":"https:\/\/ecoprogress.eu\/wp-content\/uploads\/nabs1.jpg","type":"image\/jpeg"}],"twitter_card":"summary_large_image","twitter_misc":{"Gesch\u00e4tzte Lesezeit":"1\u00a0Minute"},"schema":{"@context":"https:\/\/schema.org","@graph":[{"@type":"WebPage","@id":"https:\/\/ecoprogress.eu\/de\/produkt\/skrinka-box-s-nabijackou-na-kolobezky-a-skladacie-bicykle-typ-01\/","url":"https:\/\/ecoprogress.eu\/de\/produkt\/skrinka-box-s-nabijackou-na-kolobezky-a-skladacie-bicykle-typ-01\/","name":"Skrinka \/ box s nab\u00edja\u010dkou na kolobe\u017eky a skladacie bicykle typ 01 | Ecoprogress","isPartOf":{"@id":"https:\/\/ecoprogress.eu\/de\/#website"},"primaryImageOfPage":{"@id":"https:\/\/ecoprogress.eu\/de\/produkt\/skrinka-box-s-nabijackou-na-kolobezky-a-skladacie-bicykle-typ-01\/#primaryimage"},"image":{"@id":"https:\/\/ecoprogress.eu\/de\/produkt\/skrinka-box-s-nabijackou-na-kolobezky-a-skladacie-bicykle-typ-01\/#primaryimage"},"thumbnailUrl":"https:\/\/ecoprogress.eu\/wp-content\/uploads\/nabs1.jpg","datePublished":"2023-04-27T08:59:14+00:00","dateModified":"2025-05-14T09:09:43+00:00","description":"Skrinka \/ box s nab\u00edja\u010dkou na kolobe\u017eky a skladacie bicykle typ 01 s dvoma \u00falo\u017en\u00fdmi priestormi pre elektrick\u00e9 kolobe\u017eky.","breadcrumb":{"@id":"https:\/\/ecoprogress.eu\/de\/produkt\/skrinka-box-s-nabijackou-na-kolobezky-a-skladacie-bicykle-typ-01\/#breadcrumb"},"inLanguage":"de","potentialAction":[{"@type":"ReadAction","target":["https:\/\/ecoprogress.eu\/de\/produkt\/skrinka-box-s-nabijackou-na-kolobezky-a-skladacie-bicykle-typ-01\/"]}]},{"@type":"ImageObject","inLanguage":"de","@id":"https:\/\/ecoprogress.eu\/de\/produkt\/skrinka-box-s-nabijackou-na-kolobezky-a-skladacie-bicykle-typ-01\/#primaryimage","url":"https:\/\/ecoprogress.eu\/wp-content\/uploads\/nabs1.jpg","contentUrl":"https:\/\/ecoprogress.eu\/wp-content\/uploads\/nabs1.jpg","width":800,"height":600},{"@type":"BreadcrumbList","@id":"https:\/\/ecoprogress.eu\/de\/produkt\/skrinka-box-s-nabijackou-na-kolobezky-a-skladacie-bicykle-typ-01\/#breadcrumb","itemListElement":[{"@type":"ListItem","position":1,"name":"Produkte","item":"https:\/\/ecoprogress.eu\/de\/produkte\/"},{"@type":"ListItem","position":2,"name":"Skrinka \/ box s nab\u00edja\u010dkou na kolobe\u017eky a skladacie bicykle typ 01"}]},{"@type":"WebSite","@id":"https:\/\/ecoprogress.eu\/de\/#website","url":"https:\/\/ecoprogress.eu\/de\/","name":"Ecoprogress","description":"","publisher":{"@id":"https:\/\/ecoprogress.eu\/de\/#organization"},"potentialAction":[{"@type":"SearchAction","target":{"@type":"EntryPoint","urlTemplate":"https:\/\/ecoprogress.eu\/de\/?s={search_term_string}"},"query-input":{"@type":"PropertyValueSpecification","valueRequired":true,"valueName":"search_term_string"}}],"inLanguage":"de"},{"@type":"Organization","@id":"https:\/\/ecoprogress.eu\/de\/#organization","name":"Ecoprogress","url":"https:\/\/ecoprogress.eu\/de\/","logo":{"@type":"ImageObject","inLanguage":"de","@id":"https:\/\/ecoprogress.eu\/de\/#\/schema\/logo\/image\/","url":"https:\/\/ecoprogress.eu\/wp-content\/uploads\/logo-2.svg","contentUrl":"https:\/\/ecoprogress.eu\/wp-content\/uploads\/logo-2.svg","width":318,"height":349,"caption":"Ecoprogress"},"image":{"@id":"https:\/\/ecoprogress.eu\/de\/#\/schema\/logo\/image\/"}}]}},"_links":{"self":[{"href":"https:\/\/ecoprogress.eu\/de\/wp-json\/wp\/v2\/product\/42458","targetHints":{"allow":["GET"]}}],"collection":[{"href":"https:\/\/ecoprogress.eu\/de\/wp-json\/wp\/v2\/product"}],"about":[{"href":"https:\/\/ecoprogress.eu\/de\/wp-json\/wp\/v2\/types\/product"}],"version-history":[{"count":1,"href":"https:\/\/ecoprogress.eu\/de\/wp-json\/wp\/v2\/product\/42458\/revisions"}],"predecessor-version":[{"id":59916,"href":"https:\/\/ecoprogress.eu\/de\/wp-json\/wp\/v2\/product\/42458\/revisions\/59916"}],"wp:featuredmedia":[{"embeddable":true,"href":"https:\/\/ecoprogress.eu\/de\/wp-json\/wp\/v2\/media\/42501"}],"wp:attachment":[{"href":"https:\/\/ecoprogress.eu\/de\/wp-json\/wp\/v2\/media?parent=42458"}],"wp:term":[{"taxonomy":"product_brand","embeddable":true,"href":"https:\/\/ecoprogress.eu\/de\/wp-json\/wp\/v2\/product_brand?post=42458"},{"taxonomy":"product_cat","embeddable":true,"href":"https:\/\/ecoprogress.eu\/de\/wp-json\/wp\/v2\/product_cat?post=42458"},{"taxonomy":"product_tag","embeddable":true,"href":"https:\/\/ecoprogress.eu\/de\/wp-json\/wp\/v2\/product_tag?post=42458"}],"curies":[{"name":"wp","href":"https:\/\/api.w.org\/{rel}","templated":true}]}}