{"id":42897,"date":"2023-05-18T22:37:01","date_gmt":"2023-05-18T20:37:01","guid":{"rendered":"https:\/\/ecoprogress.eu\/?post_type=product&#038;p=42897"},"modified":"2024-12-16T15:46:54","modified_gmt":"2024-12-16T14:46:54","slug":"vyvyseny-zahon-typ-01","status":"publish","type":"product","link":"https:\/\/ecoprogress.eu\/de\/produkt\/vyvyseny-zahon-typ-01\/","title":{"rendered":"Vyv\u00fd\u0161en\u00fd z\u00e1hon typ 01"},"content":{"rendered":"<p>Dodanie 4-6 t\u00fd\u017ed\u0148ov (pod\u013ea stavu skladov\u00fdch z\u00e1sob)<\/p>\n<p>&nbsp;<\/p>\n","protected":false},"excerpt":{"rendered":"<p>Vyv\u00fd\u0161en\u00fd z\u00e1hon typ 01 z hlin\u00edku so zauj\u00edmav\u00fdm dizajnom dostupn\u00fd v r\u00f4znych farebn\u00fdch prevedeniach a dekoroch.<\/p>\n","protected":false},"featured_media":42906,"template":"","meta":[],"product_brand":[],"product_cat":[661,693],"product_tag":[],"class_list":{"0":"post-42897","1":"product","2":"type-product","3":"status-publish","4":"has-post-thumbnail","6":"product_cat-kvetinace","7":"product_cat-vyvysene-zahony","8":"product_shipping_class-lavicky","10":"first","11":"instock","12":"featured","13":"taxable","14":"shipping-taxable","15":"purchasable","16":"product-type-variable"},"yoast_head":"<!-- This site is optimized with the Yoast SEO plugin v27.2 - https:\/\/yoast.com\/product\/yoast-seo-wordpress\/ -->\n<title>Vyv\u00fd\u0161en\u00fd z\u00e1hon typ 01 | Ecoprogress<\/title>\n<meta name=\"description\" content=\"Vyv\u00fd\u0161en\u00fd z\u00e1hon typ 01 z hlin\u00edku so zauj\u00edmav\u00fdm dizajnom dostupn\u00fd v r\u00f4znych farebn\u00fdch prevedeniach a dekoroch.\" \/>\n<meta name=\"robots\" content=\"index, follow, max-snippet:-1, max-image-preview:large, max-video-preview:-1\" \/>\n<link rel=\"canonical\" href=\"https:\/\/ecoprogress.eu\/de\/produkt\/vyvyseny-zahon-typ-01\/\" \/>\n<meta property=\"og:locale\" content=\"de_DE\" \/>\n<meta property=\"og:type\" content=\"article\" \/>\n<meta property=\"og:title\" content=\"Vyv\u00fd\u0161en\u00fd z\u00e1hon typ 01 | Ecoprogress\" \/>\n<meta property=\"og:description\" content=\"Vyv\u00fd\u0161en\u00fd z\u00e1hon typ 01 z hlin\u00edku so zauj\u00edmav\u00fdm dizajnom dostupn\u00fd v r\u00f4znych farebn\u00fdch prevedeniach a dekoroch.\" \/>\n<meta property=\"og:url\" content=\"https:\/\/ecoprogress.eu\/de\/produkt\/vyvyseny-zahon-typ-01\/\" \/>\n<meta property=\"og:site_name\" content=\"Ecoprogress\" \/>\n<meta property=\"article:modified_time\" content=\"2024-12-16T14:46:54+00:00\" \/>\n<meta property=\"og:image\" content=\"https:\/\/ecoprogress.eu\/wp-content\/uploads\/96417F83-CD01-4021-9302-91F2FFABCE7E.jpg\" \/>\n\t<meta property=\"og:image:width\" content=\"1000\" \/>\n\t<meta property=\"og:image:height\" content=\"750\" \/>\n\t<meta property=\"og:image:type\" content=\"image\/jpeg\" \/>\n<meta name=\"twitter:card\" content=\"summary_large_image\" \/>\n<meta name=\"twitter:label1\" content=\"Gesch\u00e4tzte Lesezeit\" \/>\n\t<meta name=\"twitter:data1\" content=\"1\u00a0Minute\" \/>\n<script type=\"application\/ld+json\" class=\"yoast-schema-graph\">{\"@context\":\"https:\/\/schema.org\",\"@graph\":[{\"@type\":\"WebPage\",\"@id\":\"https:\/\/ecoprogress.eu\/de\/produkt\/vyvyseny-zahon-typ-01\/\",\"url\":\"https:\/\/ecoprogress.eu\/de\/produkt\/vyvyseny-zahon-typ-01\/\",\"name\":\"Vyv\u00fd\u0161en\u00fd z\u00e1hon typ 01 | Ecoprogress\",\"isPartOf\":{\"@id\":\"https:\/\/ecoprogress.eu\/de\/#website\"},\"primaryImageOfPage\":{\"@id\":\"https:\/\/ecoprogress.eu\/de\/produkt\/vyvyseny-zahon-typ-01\/#primaryimage\"},\"image\":{\"@id\":\"https:\/\/ecoprogress.eu\/de\/produkt\/vyvyseny-zahon-typ-01\/#primaryimage\"},\"thumbnailUrl\":\"https:\/\/ecoprogress.eu\/wp-content\/uploads\/96417F83-CD01-4021-9302-91F2FFABCE7E.jpg\",\"datePublished\":\"2023-05-18T20:37:01+00:00\",\"dateModified\":\"2024-12-16T14:46:54+00:00\",\"description\":\"Vyv\u00fd\u0161en\u00fd z\u00e1hon typ 01 z hlin\u00edku so zauj\u00edmav\u00fdm dizajnom dostupn\u00fd v r\u00f4znych farebn\u00fdch prevedeniach a dekoroch.\",\"breadcrumb\":{\"@id\":\"https:\/\/ecoprogress.eu\/de\/produkt\/vyvyseny-zahon-typ-01\/#breadcrumb\"},\"inLanguage\":\"de\",\"potentialAction\":[{\"@type\":\"ReadAction\",\"target\":[\"https:\/\/ecoprogress.eu\/de\/produkt\/vyvyseny-zahon-typ-01\/\"]}]},{\"@type\":\"ImageObject\",\"inLanguage\":\"de\",\"@id\":\"https:\/\/ecoprogress.eu\/de\/produkt\/vyvyseny-zahon-typ-01\/#primaryimage\",\"url\":\"https:\/\/ecoprogress.eu\/wp-content\/uploads\/96417F83-CD01-4021-9302-91F2FFABCE7E.jpg\",\"contentUrl\":\"https:\/\/ecoprogress.eu\/wp-content\/uploads\/96417F83-CD01-4021-9302-91F2FFABCE7E.jpg\",\"width\":1000,\"height\":750},{\"@type\":\"BreadcrumbList\",\"@id\":\"https:\/\/ecoprogress.eu\/de\/produkt\/vyvyseny-zahon-typ-01\/#breadcrumb\",\"itemListElement\":[{\"@type\":\"ListItem\",\"position\":1,\"name\":\"Produkte\",\"item\":\"https:\/\/ecoprogress.eu\/de\/produkte\/\"},{\"@type\":\"ListItem\",\"position\":2,\"name\":\"Vyv\u00fd\u0161en\u00fd z\u00e1hon typ 01\"}]},{\"@type\":\"WebSite\",\"@id\":\"https:\/\/ecoprogress.eu\/de\/#website\",\"url\":\"https:\/\/ecoprogress.eu\/de\/\",\"name\":\"Ecoprogress\",\"description\":\"\",\"publisher\":{\"@id\":\"https:\/\/ecoprogress.eu\/de\/#organization\"},\"potentialAction\":[{\"@type\":\"SearchAction\",\"target\":{\"@type\":\"EntryPoint\",\"urlTemplate\":\"https:\/\/ecoprogress.eu\/de\/?s={search_term_string}\"},\"query-input\":{\"@type\":\"PropertyValueSpecification\",\"valueRequired\":true,\"valueName\":\"search_term_string\"}}],\"inLanguage\":\"de\"},{\"@type\":\"Organization\",\"@id\":\"https:\/\/ecoprogress.eu\/de\/#organization\",\"name\":\"Ecoprogress\",\"url\":\"https:\/\/ecoprogress.eu\/de\/\",\"logo\":{\"@type\":\"ImageObject\",\"inLanguage\":\"de\",\"@id\":\"https:\/\/ecoprogress.eu\/de\/#\/schema\/logo\/image\/\",\"url\":\"https:\/\/ecoprogress.eu\/wp-content\/uploads\/logo-2.svg\",\"contentUrl\":\"https:\/\/ecoprogress.eu\/wp-content\/uploads\/logo-2.svg\",\"width\":318,\"height\":349,\"caption\":\"Ecoprogress\"},\"image\":{\"@id\":\"https:\/\/ecoprogress.eu\/de\/#\/schema\/logo\/image\/\"}}]}<\/script>\n<!-- \/ Yoast SEO plugin. -->","yoast_head_json":{"title":"Vyv\u00fd\u0161en\u00fd z\u00e1hon typ 01 | Ecoprogress","description":"Vyv\u00fd\u0161en\u00fd z\u00e1hon typ 01 z hlin\u00edku so zauj\u00edmav\u00fdm dizajnom dostupn\u00fd v r\u00f4znych farebn\u00fdch prevedeniach a dekoroch.","robots":{"index":"index","follow":"follow","max-snippet":"max-snippet:-1","max-image-preview":"max-image-preview:large","max-video-preview":"max-video-preview:-1"},"canonical":"https:\/\/ecoprogress.eu\/de\/produkt\/vyvyseny-zahon-typ-01\/","og_locale":"de_DE","og_type":"article","og_title":"Vyv\u00fd\u0161en\u00fd z\u00e1hon typ 01 | Ecoprogress","og_description":"Vyv\u00fd\u0161en\u00fd z\u00e1hon typ 01 z hlin\u00edku so zauj\u00edmav\u00fdm dizajnom dostupn\u00fd v r\u00f4znych farebn\u00fdch prevedeniach a dekoroch.","og_url":"https:\/\/ecoprogress.eu\/de\/produkt\/vyvyseny-zahon-typ-01\/","og_site_name":"Ecoprogress","article_modified_time":"2024-12-16T14:46:54+00:00","og_image":[{"width":1000,"height":750,"url":"https:\/\/ecoprogress.eu\/wp-content\/uploads\/96417F83-CD01-4021-9302-91F2FFABCE7E.jpg","type":"image\/jpeg"}],"twitter_card":"summary_large_image","twitter_misc":{"Gesch\u00e4tzte Lesezeit":"1\u00a0Minute"},"schema":{"@context":"https:\/\/schema.org","@graph":[{"@type":"WebPage","@id":"https:\/\/ecoprogress.eu\/de\/produkt\/vyvyseny-zahon-typ-01\/","url":"https:\/\/ecoprogress.eu\/de\/produkt\/vyvyseny-zahon-typ-01\/","name":"Vyv\u00fd\u0161en\u00fd z\u00e1hon typ 01 | Ecoprogress","isPartOf":{"@id":"https:\/\/ecoprogress.eu\/de\/#website"},"primaryImageOfPage":{"@id":"https:\/\/ecoprogress.eu\/de\/produkt\/vyvyseny-zahon-typ-01\/#primaryimage"},"image":{"@id":"https:\/\/ecoprogress.eu\/de\/produkt\/vyvyseny-zahon-typ-01\/#primaryimage"},"thumbnailUrl":"https:\/\/ecoprogress.eu\/wp-content\/uploads\/96417F83-CD01-4021-9302-91F2FFABCE7E.jpg","datePublished":"2023-05-18T20:37:01+00:00","dateModified":"2024-12-16T14:46:54+00:00","description":"Vyv\u00fd\u0161en\u00fd z\u00e1hon typ 01 z hlin\u00edku so zauj\u00edmav\u00fdm dizajnom dostupn\u00fd v r\u00f4znych farebn\u00fdch prevedeniach a dekoroch.","breadcrumb":{"@id":"https:\/\/ecoprogress.eu\/de\/produkt\/vyvyseny-zahon-typ-01\/#breadcrumb"},"inLanguage":"de","potentialAction":[{"@type":"ReadAction","target":["https:\/\/ecoprogress.eu\/de\/produkt\/vyvyseny-zahon-typ-01\/"]}]},{"@type":"ImageObject","inLanguage":"de","@id":"https:\/\/ecoprogress.eu\/de\/produkt\/vyvyseny-zahon-typ-01\/#primaryimage","url":"https:\/\/ecoprogress.eu\/wp-content\/uploads\/96417F83-CD01-4021-9302-91F2FFABCE7E.jpg","contentUrl":"https:\/\/ecoprogress.eu\/wp-content\/uploads\/96417F83-CD01-4021-9302-91F2FFABCE7E.jpg","width":1000,"height":750},{"@type":"BreadcrumbList","@id":"https:\/\/ecoprogress.eu\/de\/produkt\/vyvyseny-zahon-typ-01\/#breadcrumb","itemListElement":[{"@type":"ListItem","position":1,"name":"Produkte","item":"https:\/\/ecoprogress.eu\/de\/produkte\/"},{"@type":"ListItem","position":2,"name":"Vyv\u00fd\u0161en\u00fd z\u00e1hon typ 01"}]},{"@type":"WebSite","@id":"https:\/\/ecoprogress.eu\/de\/#website","url":"https:\/\/ecoprogress.eu\/de\/","name":"Ecoprogress","description":"","publisher":{"@id":"https:\/\/ecoprogress.eu\/de\/#organization"},"potentialAction":[{"@type":"SearchAction","target":{"@type":"EntryPoint","urlTemplate":"https:\/\/ecoprogress.eu\/de\/?s={search_term_string}"},"query-input":{"@type":"PropertyValueSpecification","valueRequired":true,"valueName":"search_term_string"}}],"inLanguage":"de"},{"@type":"Organization","@id":"https:\/\/ecoprogress.eu\/de\/#organization","name":"Ecoprogress","url":"https:\/\/ecoprogress.eu\/de\/","logo":{"@type":"ImageObject","inLanguage":"de","@id":"https:\/\/ecoprogress.eu\/de\/#\/schema\/logo\/image\/","url":"https:\/\/ecoprogress.eu\/wp-content\/uploads\/logo-2.svg","contentUrl":"https:\/\/ecoprogress.eu\/wp-content\/uploads\/logo-2.svg","width":318,"height":349,"caption":"Ecoprogress"},"image":{"@id":"https:\/\/ecoprogress.eu\/de\/#\/schema\/logo\/image\/"}}]}},"_links":{"self":[{"href":"https:\/\/ecoprogress.eu\/de\/wp-json\/wp\/v2\/product\/42897","targetHints":{"allow":["GET"]}}],"collection":[{"href":"https:\/\/ecoprogress.eu\/de\/wp-json\/wp\/v2\/product"}],"about":[{"href":"https:\/\/ecoprogress.eu\/de\/wp-json\/wp\/v2\/types\/product"}],"version-history":[{"count":1,"href":"https:\/\/ecoprogress.eu\/de\/wp-json\/wp\/v2\/product\/42897\/revisions"}],"predecessor-version":[{"id":56116,"href":"https:\/\/ecoprogress.eu\/de\/wp-json\/wp\/v2\/product\/42897\/revisions\/56116"}],"wp:featuredmedia":[{"embeddable":true,"href":"https:\/\/ecoprogress.eu\/de\/wp-json\/wp\/v2\/media\/42906"}],"wp:attachment":[{"href":"https:\/\/ecoprogress.eu\/de\/wp-json\/wp\/v2\/media?parent=42897"}],"wp:term":[{"taxonomy":"product_brand","embeddable":true,"href":"https:\/\/ecoprogress.eu\/de\/wp-json\/wp\/v2\/product_brand?post=42897"},{"taxonomy":"product_cat","embeddable":true,"href":"https:\/\/ecoprogress.eu\/de\/wp-json\/wp\/v2\/product_cat?post=42897"},{"taxonomy":"product_tag","embeddable":true,"href":"https:\/\/ecoprogress.eu\/de\/wp-json\/wp\/v2\/product_tag?post=42897"}],"curies":[{"name":"wp","href":"https:\/\/api.w.org\/{rel}","templated":true}]}}