{"id":43339,"date":"2023-06-01T10:41:34","date_gmt":"2023-06-01T08:41:34","guid":{"rendered":"https:\/\/ecoprogress.eu\/?post_type=product&#038;p=43339"},"modified":"2024-03-06T15:38:18","modified_gmt":"2024-03-06T14:38:18","slug":"pristresok-pre-autobusove-zastavky-typ-02","status":"publish","type":"product","link":"https:\/\/ecoprogress.eu\/de\/produkt\/pristresok-pre-autobusove-zastavky-typ-02\/","title":{"rendered":"Pr\u00edstre\u0161ok pre autobusov\u00e9 zast\u00e1vky typ 02"},"content":{"rendered":"<p>Dodanie 4-6 t\u00fd\u017ed\u0148ov (pod\u013ea stavu skladov\u00fdch z\u00e1sob)<\/p>\n<p>Pr\u00edstre\u0161ok skon\u0161truovan\u00fd pomocou 2 nosn\u00fdch st\u013apov \u00d8150 mm, ktor\u00e9 podopieraj\u00fa dva r\u00farkov\u00e9 obl\u00faky z oce\u013eovej r\u00fary \u00d860 mm, spojen\u00e9 so st\u013apmi pomocou svoriek a spojovac\u00edch ty\u010d\u00ed z r\u00farky \u00d830 mm.\u00a0Dva \u017e\u013eaby s\u00fa pripevnen\u00e9 ku koncom obl\u00fakov a sl\u00fa\u017eia aj ako vodorovn\u00e9 nosn\u00edky. Polykarbon\u00e1tov\u00e1 strecha je podopret\u00e1 oce\u013eov\u00fdm r\u00e1mom pripevnen\u00fdm k dvom \u017e\u013eabom.<\/p>\n<p>Zadn\u00e1 stena a volite\u013en\u00e9 bo\u010dn\u00e9 steny s\u00fa vyroben\u00e9 s extrudovan\u00fdm hlin\u00edkov\u00fdm r\u00e1mom a s alveol\u00e1rnymi polykarbon\u00e1tov\u00fdmi doskami upevnen\u00fdmi zasklievac\u00edmi li\u0161tami.<\/p>\n<p>Pr\u00edstre\u0161ok sa m\u00f4\u017ee doda\u0165 s bo\u010dn\u00fdmi \u0161t\u00edtmi vyroben\u00fdmi s extrudovan\u00fdm hlin\u00edkov\u00fdm r\u00e1mom a s alveol\u00e1rnymi polykarbon\u00e1tov\u00fdmi panelmi. (pros\u00edm zadajte do pozn\u00e1mky v objedn\u00e1vke)<\/p>\n<p>V\u0161etky kovov\u00e9 \u010dasti s\u00fa pozinkovan\u00e9 a potiahnut\u00e9 termosetov\u00fdmi polyesterov\u00fdmi pr\u00e1\u0161kami v r\u00f4znych farb\u00e1ch RAL.<\/p>\n<p>Skrutky s\u00fa z nehrdzavej\u00facej ocele.<\/p>\n\n<table id=\"tablepress-2621\" class=\"tablepress tablepress-id-2621\">\n<tbody class=\"row-striping row-hover\">\n<tr class=\"row-1\">\n\t<td class=\"column-1\">\u0161\u00edrka<\/td><td class=\"column-2\">326,2 cm<\/td>\n<\/tr>\n<tr class=\"row-2\">\n\t<td class=\"column-1\">v\u00fd\u0161ka<\/td><td class=\"column-2\">316,5 cm<\/td>\n<\/tr>\n<tr class=\"row-3\">\n\t<td class=\"column-1\">h\u013abka<\/td><td class=\"column-2\">183,4 cm<\/td>\n<\/tr>\n<\/tbody>\n<\/table>\n\n","protected":false},"excerpt":{"rendered":"<p>Pr\u00edstre\u0161ok pre autobusov\u00e9 zast\u00e1vky typ 02\u00a0zabezpe\u010duje \u00fatuln\u00fd priestor pre cestuj\u00facich a z\u00e1rove\u0148 chr\u00e1ni pred slnkom a da\u017e\u010fom.<\/p>\n","protected":false},"featured_media":43348,"template":"","meta":[],"product_brand":[],"product_cat":[754,659,158],"product_tag":[],"class_list":{"0":"post-43339","1":"product","2":"type-product","3":"status-publish","4":"has-post-thumbnail","6":"product_cat-autobusove-zastavky","7":"product_cat-ocelovy-mobiliar","8":"product_cat-otvorene-pristresky","9":"product_shipping_class-pristresky","11":"first","12":"instock","13":"featured","14":"taxable","15":"shipping-taxable","16":"purchasable","17":"product-type-variable"},"yoast_head":"<!-- This site is optimized with the Yoast SEO plugin v27.2 - https:\/\/yoast.com\/product\/yoast-seo-wordpress\/ -->\n<title>Pr\u00edstre\u0161ok pre autobusov\u00e9 zast\u00e1vky typ 02 | Ecoprogress<\/title>\n<meta name=\"description\" content=\"Pr\u00edstre\u0161ok pre autobusov\u00e9 zast\u00e1vky typ 02\u00a0zabezpe\u010duje \u00fatuln\u00fd priestor pre cestuj\u00facich a z\u00e1rove\u0148 chr\u00e1ni pred slnkom a da\u017e\u010fom.\" \/>\n<meta name=\"robots\" content=\"index, follow, max-snippet:-1, max-image-preview:large, max-video-preview:-1\" \/>\n<link rel=\"canonical\" href=\"https:\/\/ecoprogress.eu\/de\/produkt\/pristresok-pre-autobusove-zastavky-typ-02\/\" \/>\n<meta property=\"og:locale\" content=\"de_DE\" \/>\n<meta property=\"og:type\" content=\"article\" \/>\n<meta property=\"og:title\" content=\"Pr\u00edstre\u0161ok pre autobusov\u00e9 zast\u00e1vky typ 02 | Ecoprogress\" \/>\n<meta property=\"og:description\" content=\"Pr\u00edstre\u0161ok pre autobusov\u00e9 zast\u00e1vky typ 02\u00a0zabezpe\u010duje \u00fatuln\u00fd priestor pre cestuj\u00facich a z\u00e1rove\u0148 chr\u00e1ni pred slnkom a da\u017e\u010fom.\" \/>\n<meta property=\"og:url\" content=\"https:\/\/ecoprogress.eu\/de\/produkt\/pristresok-pre-autobusove-zastavky-typ-02\/\" \/>\n<meta property=\"og:site_name\" content=\"Ecoprogress\" \/>\n<meta property=\"article:modified_time\" content=\"2024-03-06T14:38:18+00:00\" \/>\n<meta property=\"og:image\" content=\"https:\/\/ecoprogress.eu\/wp-content\/uploads\/pensilina-confort-scaled.jpg\" \/>\n\t<meta property=\"og:image:width\" content=\"2560\" \/>\n\t<meta property=\"og:image:height\" content=\"1920\" \/>\n\t<meta property=\"og:image:type\" content=\"image\/jpeg\" \/>\n<meta name=\"twitter:card\" content=\"summary_large_image\" \/>\n<meta name=\"twitter:label1\" content=\"Gesch\u00e4tzte Lesezeit\" \/>\n\t<meta name=\"twitter:data1\" content=\"1\u00a0Minute\" \/>\n<script type=\"application\/ld+json\" class=\"yoast-schema-graph\">{\"@context\":\"https:\/\/schema.org\",\"@graph\":[{\"@type\":\"WebPage\",\"@id\":\"https:\/\/ecoprogress.eu\/de\/produkt\/pristresok-pre-autobusove-zastavky-typ-02\/\",\"url\":\"https:\/\/ecoprogress.eu\/de\/produkt\/pristresok-pre-autobusove-zastavky-typ-02\/\",\"name\":\"Pr\u00edstre\u0161ok pre autobusov\u00e9 zast\u00e1vky typ 02 | Ecoprogress\",\"isPartOf\":{\"@id\":\"https:\/\/ecoprogress.eu\/de\/#website\"},\"primaryImageOfPage\":{\"@id\":\"https:\/\/ecoprogress.eu\/de\/produkt\/pristresok-pre-autobusove-zastavky-typ-02\/#primaryimage\"},\"image\":{\"@id\":\"https:\/\/ecoprogress.eu\/de\/produkt\/pristresok-pre-autobusove-zastavky-typ-02\/#primaryimage\"},\"thumbnailUrl\":\"https:\/\/ecoprogress.eu\/wp-content\/uploads\/pensilina-confort-scaled.jpg\",\"datePublished\":\"2023-06-01T08:41:34+00:00\",\"dateModified\":\"2024-03-06T14:38:18+00:00\",\"description\":\"Pr\u00edstre\u0161ok pre autobusov\u00e9 zast\u00e1vky typ 02\u00a0zabezpe\u010duje \u00fatuln\u00fd priestor pre cestuj\u00facich a z\u00e1rove\u0148 chr\u00e1ni pred slnkom a da\u017e\u010fom.\",\"breadcrumb\":{\"@id\":\"https:\/\/ecoprogress.eu\/de\/produkt\/pristresok-pre-autobusove-zastavky-typ-02\/#breadcrumb\"},\"inLanguage\":\"de\",\"potentialAction\":[{\"@type\":\"ReadAction\",\"target\":[\"https:\/\/ecoprogress.eu\/de\/produkt\/pristresok-pre-autobusove-zastavky-typ-02\/\"]}]},{\"@type\":\"ImageObject\",\"inLanguage\":\"de\",\"@id\":\"https:\/\/ecoprogress.eu\/de\/produkt\/pristresok-pre-autobusove-zastavky-typ-02\/#primaryimage\",\"url\":\"https:\/\/ecoprogress.eu\/wp-content\/uploads\/pensilina-confort-scaled.jpg\",\"contentUrl\":\"https:\/\/ecoprogress.eu\/wp-content\/uploads\/pensilina-confort-scaled.jpg\",\"width\":2560,\"height\":1920,\"caption\":\"Pr\u00edstre\u0161ok pre autobusov\u00e9 zast\u00e1vky 02\"},{\"@type\":\"BreadcrumbList\",\"@id\":\"https:\/\/ecoprogress.eu\/de\/produkt\/pristresok-pre-autobusove-zastavky-typ-02\/#breadcrumb\",\"itemListElement\":[{\"@type\":\"ListItem\",\"position\":1,\"name\":\"Produkte\",\"item\":\"https:\/\/ecoprogress.eu\/de\/produkte\/\"},{\"@type\":\"ListItem\",\"position\":2,\"name\":\"Pr\u00edstre\u0161ok pre autobusov\u00e9 zast\u00e1vky typ 02\"}]},{\"@type\":\"WebSite\",\"@id\":\"https:\/\/ecoprogress.eu\/de\/#website\",\"url\":\"https:\/\/ecoprogress.eu\/de\/\",\"name\":\"Ecoprogress\",\"description\":\"\",\"publisher\":{\"@id\":\"https:\/\/ecoprogress.eu\/de\/#organization\"},\"potentialAction\":[{\"@type\":\"SearchAction\",\"target\":{\"@type\":\"EntryPoint\",\"urlTemplate\":\"https:\/\/ecoprogress.eu\/de\/?s={search_term_string}\"},\"query-input\":{\"@type\":\"PropertyValueSpecification\",\"valueRequired\":true,\"valueName\":\"search_term_string\"}}],\"inLanguage\":\"de\"},{\"@type\":\"Organization\",\"@id\":\"https:\/\/ecoprogress.eu\/de\/#organization\",\"name\":\"Ecoprogress\",\"url\":\"https:\/\/ecoprogress.eu\/de\/\",\"logo\":{\"@type\":\"ImageObject\",\"inLanguage\":\"de\",\"@id\":\"https:\/\/ecoprogress.eu\/de\/#\/schema\/logo\/image\/\",\"url\":\"https:\/\/ecoprogress.eu\/wp-content\/uploads\/logo-2.svg\",\"contentUrl\":\"https:\/\/ecoprogress.eu\/wp-content\/uploads\/logo-2.svg\",\"width\":318,\"height\":349,\"caption\":\"Ecoprogress\"},\"image\":{\"@id\":\"https:\/\/ecoprogress.eu\/de\/#\/schema\/logo\/image\/\"}}]}<\/script>\n<!-- \/ Yoast SEO plugin. -->","yoast_head_json":{"title":"Pr\u00edstre\u0161ok pre autobusov\u00e9 zast\u00e1vky typ 02 | Ecoprogress","description":"Pr\u00edstre\u0161ok pre autobusov\u00e9 zast\u00e1vky typ 02\u00a0zabezpe\u010duje \u00fatuln\u00fd priestor pre cestuj\u00facich a z\u00e1rove\u0148 chr\u00e1ni pred slnkom a da\u017e\u010fom.","robots":{"index":"index","follow":"follow","max-snippet":"max-snippet:-1","max-image-preview":"max-image-preview:large","max-video-preview":"max-video-preview:-1"},"canonical":"https:\/\/ecoprogress.eu\/de\/produkt\/pristresok-pre-autobusove-zastavky-typ-02\/","og_locale":"de_DE","og_type":"article","og_title":"Pr\u00edstre\u0161ok pre autobusov\u00e9 zast\u00e1vky typ 02 | Ecoprogress","og_description":"Pr\u00edstre\u0161ok pre autobusov\u00e9 zast\u00e1vky typ 02\u00a0zabezpe\u010duje \u00fatuln\u00fd priestor pre cestuj\u00facich a z\u00e1rove\u0148 chr\u00e1ni pred slnkom a da\u017e\u010fom.","og_url":"https:\/\/ecoprogress.eu\/de\/produkt\/pristresok-pre-autobusove-zastavky-typ-02\/","og_site_name":"Ecoprogress","article_modified_time":"2024-03-06T14:38:18+00:00","og_image":[{"width":2560,"height":1920,"url":"https:\/\/ecoprogress.eu\/wp-content\/uploads\/pensilina-confort-scaled.jpg","type":"image\/jpeg"}],"twitter_card":"summary_large_image","twitter_misc":{"Gesch\u00e4tzte Lesezeit":"1\u00a0Minute"},"schema":{"@context":"https:\/\/schema.org","@graph":[{"@type":"WebPage","@id":"https:\/\/ecoprogress.eu\/de\/produkt\/pristresok-pre-autobusove-zastavky-typ-02\/","url":"https:\/\/ecoprogress.eu\/de\/produkt\/pristresok-pre-autobusove-zastavky-typ-02\/","name":"Pr\u00edstre\u0161ok pre autobusov\u00e9 zast\u00e1vky typ 02 | Ecoprogress","isPartOf":{"@id":"https:\/\/ecoprogress.eu\/de\/#website"},"primaryImageOfPage":{"@id":"https:\/\/ecoprogress.eu\/de\/produkt\/pristresok-pre-autobusove-zastavky-typ-02\/#primaryimage"},"image":{"@id":"https:\/\/ecoprogress.eu\/de\/produkt\/pristresok-pre-autobusove-zastavky-typ-02\/#primaryimage"},"thumbnailUrl":"https:\/\/ecoprogress.eu\/wp-content\/uploads\/pensilina-confort-scaled.jpg","datePublished":"2023-06-01T08:41:34+00:00","dateModified":"2024-03-06T14:38:18+00:00","description":"Pr\u00edstre\u0161ok pre autobusov\u00e9 zast\u00e1vky typ 02\u00a0zabezpe\u010duje \u00fatuln\u00fd priestor pre cestuj\u00facich a z\u00e1rove\u0148 chr\u00e1ni pred slnkom a da\u017e\u010fom.","breadcrumb":{"@id":"https:\/\/ecoprogress.eu\/de\/produkt\/pristresok-pre-autobusove-zastavky-typ-02\/#breadcrumb"},"inLanguage":"de","potentialAction":[{"@type":"ReadAction","target":["https:\/\/ecoprogress.eu\/de\/produkt\/pristresok-pre-autobusove-zastavky-typ-02\/"]}]},{"@type":"ImageObject","inLanguage":"de","@id":"https:\/\/ecoprogress.eu\/de\/produkt\/pristresok-pre-autobusove-zastavky-typ-02\/#primaryimage","url":"https:\/\/ecoprogress.eu\/wp-content\/uploads\/pensilina-confort-scaled.jpg","contentUrl":"https:\/\/ecoprogress.eu\/wp-content\/uploads\/pensilina-confort-scaled.jpg","width":2560,"height":1920,"caption":"Pr\u00edstre\u0161ok pre autobusov\u00e9 zast\u00e1vky 02"},{"@type":"BreadcrumbList","@id":"https:\/\/ecoprogress.eu\/de\/produkt\/pristresok-pre-autobusove-zastavky-typ-02\/#breadcrumb","itemListElement":[{"@type":"ListItem","position":1,"name":"Produkte","item":"https:\/\/ecoprogress.eu\/de\/produkte\/"},{"@type":"ListItem","position":2,"name":"Pr\u00edstre\u0161ok pre autobusov\u00e9 zast\u00e1vky typ 02"}]},{"@type":"WebSite","@id":"https:\/\/ecoprogress.eu\/de\/#website","url":"https:\/\/ecoprogress.eu\/de\/","name":"Ecoprogress","description":"","publisher":{"@id":"https:\/\/ecoprogress.eu\/de\/#organization"},"potentialAction":[{"@type":"SearchAction","target":{"@type":"EntryPoint","urlTemplate":"https:\/\/ecoprogress.eu\/de\/?s={search_term_string}"},"query-input":{"@type":"PropertyValueSpecification","valueRequired":true,"valueName":"search_term_string"}}],"inLanguage":"de"},{"@type":"Organization","@id":"https:\/\/ecoprogress.eu\/de\/#organization","name":"Ecoprogress","url":"https:\/\/ecoprogress.eu\/de\/","logo":{"@type":"ImageObject","inLanguage":"de","@id":"https:\/\/ecoprogress.eu\/de\/#\/schema\/logo\/image\/","url":"https:\/\/ecoprogress.eu\/wp-content\/uploads\/logo-2.svg","contentUrl":"https:\/\/ecoprogress.eu\/wp-content\/uploads\/logo-2.svg","width":318,"height":349,"caption":"Ecoprogress"},"image":{"@id":"https:\/\/ecoprogress.eu\/de\/#\/schema\/logo\/image\/"}}]}},"_links":{"self":[{"href":"https:\/\/ecoprogress.eu\/de\/wp-json\/wp\/v2\/product\/43339","targetHints":{"allow":["GET"]}}],"collection":[{"href":"https:\/\/ecoprogress.eu\/de\/wp-json\/wp\/v2\/product"}],"about":[{"href":"https:\/\/ecoprogress.eu\/de\/wp-json\/wp\/v2\/types\/product"}],"version-history":[{"count":1,"href":"https:\/\/ecoprogress.eu\/de\/wp-json\/wp\/v2\/product\/43339\/revisions"}],"predecessor-version":[{"id":52763,"href":"https:\/\/ecoprogress.eu\/de\/wp-json\/wp\/v2\/product\/43339\/revisions\/52763"}],"wp:featuredmedia":[{"embeddable":true,"href":"https:\/\/ecoprogress.eu\/de\/wp-json\/wp\/v2\/media\/43348"}],"wp:attachment":[{"href":"https:\/\/ecoprogress.eu\/de\/wp-json\/wp\/v2\/media?parent=43339"}],"wp:term":[{"taxonomy":"product_brand","embeddable":true,"href":"https:\/\/ecoprogress.eu\/de\/wp-json\/wp\/v2\/product_brand?post=43339"},{"taxonomy":"product_cat","embeddable":true,"href":"https:\/\/ecoprogress.eu\/de\/wp-json\/wp\/v2\/product_cat?post=43339"},{"taxonomy":"product_tag","embeddable":true,"href":"https:\/\/ecoprogress.eu\/de\/wp-json\/wp\/v2\/product_tag?post=43339"}],"curies":[{"name":"wp","href":"https:\/\/api.w.org\/{rel}","templated":true}]}}