{"id":43384,"date":"2023-06-01T11:20:11","date_gmt":"2023-06-01T09:20:11","guid":{"rendered":"https:\/\/ecoprogress.eu\/?post_type=product&#038;p=43384"},"modified":"2023-06-01T11:30:29","modified_gmt":"2023-06-01T09:30:29","slug":"odpadkovy-kos-typ-96","status":"publish","type":"product","link":"https:\/\/ecoprogress.eu\/de\/produkt\/odpadkovy-kos-typ-96\/","title":{"rendered":"Odpadkov\u00fd k\u00f4\u0161 typ 96"},"content":{"rendered":"<p>Dodanie 4-6 t\u00fd\u017ed\u0148ov (pod\u013ea stavu skladov\u00fdch z\u00e1sob)<\/p>\n<p>Odpadkov\u00fd k\u00f4\u0161 s vekom, zlo\u017een\u00fd z podstavca a n\u00e1doby\u00a0je vyroben\u00fd z oce\u013eov\u00fdch ty\u010d\u00ed privaren\u00fdch k trom v\u00fdstu\u017en\u00fdm kr\u00fa\u017ekom (horn\u00fd, stredn\u00fd, spodn\u00fd), ktor\u00e9 zaru\u010duj\u00fa stabilitu a robustnos\u0165.<\/p>\n<p>Vn\u00fatorn\u00e1 valcov\u00e1 vlo\u017eka m\u00e1 v spodnej \u010dasti otvor na odv\u00e1dzanie da\u017e\u010fa alebo na u\u013eah\u010denie \u010distenia. Z\u00e1klad\u0148a sa m\u00f4\u017ee doda\u0165 bet\u00f3nov\u00e1 alebo oce\u013eov\u00e1.<\/p>\n<p>K\u00f4\u0161 je v hornej \u010dasti vybaven\u00fd okr\u00fahlym vekom so stredov\u00fdm otvorom na vhadzovanie odpadu a je vybaven\u00fd univerz\u00e1lnym z\u00e1mkom na k\u013e\u00fa\u010d.<\/p>\n<p>V\u0161etky oce\u013eov\u00e9 \u010dasti s\u00fa pozinkovan\u00e9 a pr\u00e1\u0161kovo lakovan\u00e9 a s\u00fa k dispoz\u00edcii v r\u00f4znych farb\u00e1ch RAL.<\/p>\n<p>Skrutky s\u00fa z nehrdzavej\u00facej ocele.<\/p>\n\n<table id=\"tablepress-2624\" class=\"tablepress tablepress-id-2624\">\n<tbody class=\"row-striping row-hover\">\n<tr class=\"row-1\">\n\t<td class=\"column-1\">\u00d8<\/td><td class=\"column-2\">40 cm<\/td>\n<\/tr>\n<tr class=\"row-2\">\n\t<td class=\"column-1\">v\u00fd\u0161ka<\/td><td class=\"column-2\">103,2 cm<\/td>\n<\/tr>\n<tr class=\"row-3\">\n\t<td class=\"column-1\">kapacita<\/td><td class=\"column-2\">80 l<\/td>\n<\/tr>\n<\/tbody>\n<\/table>\n<!-- #tablepress-2624 from cache -->\n","protected":false},"excerpt":{"rendered":"<p>Odpadkov\u00fd k\u00f4\u0161 typ 96 z ocelovej kon\u0161trukcie v zauj\u00edmavom dizajne.<\/p>\n","protected":false},"featured_media":43392,"template":"","meta":[],"product_brand":[],"product_cat":[177,188],"product_tag":[],"class_list":{"0":"post-43384","1":"product","2":"type-product","3":"status-publish","4":"has-post-thumbnail","6":"product_cat-kose-park-a-ulica","7":"product_cat-ovalne","8":"product_shipping_class-kose","10":"first","11":"instock","12":"taxable","13":"shipping-taxable","14":"purchasable","15":"product-type-variable"},"yoast_head":"<!-- This site is optimized with the Yoast SEO plugin v27.2 - https:\/\/yoast.com\/product\/yoast-seo-wordpress\/ -->\n<title>Odpadkov\u00fd k\u00f4\u0161 typ 96 | Ecoprogress<\/title>\n<meta name=\"description\" content=\"Odpadkov\u00fd k\u00f4\u0161 typ 96 z ocelovej kon\u0161trukcie v zauj\u00edmavom dizajne.\" \/>\n<meta name=\"robots\" content=\"index, follow, max-snippet:-1, max-image-preview:large, max-video-preview:-1\" \/>\n<link rel=\"canonical\" href=\"https:\/\/ecoprogress.eu\/de\/produkt\/odpadkovy-kos-typ-96\/\" \/>\n<meta property=\"og:locale\" content=\"de_DE\" \/>\n<meta property=\"og:type\" content=\"article\" \/>\n<meta property=\"og:title\" content=\"Odpadkov\u00fd k\u00f4\u0161 typ 96 | Ecoprogress\" \/>\n<meta property=\"og:description\" content=\"Odpadkov\u00fd k\u00f4\u0161 typ 96 z ocelovej kon\u0161trukcie v zauj\u00edmavom dizajne.\" \/>\n<meta property=\"og:url\" content=\"https:\/\/ecoprogress.eu\/de\/produkt\/odpadkovy-kos-typ-96\/\" \/>\n<meta property=\"og:site_name\" content=\"Ecoprogress\" \/>\n<meta property=\"article:modified_time\" content=\"2023-06-01T09:30:29+00:00\" \/>\n<meta property=\"og:image\" content=\"https:\/\/ecoprogress.eu\/wp-content\/uploads\/3.Cestino-Ulisse-base-in-ferro.jpg\" \/>\n\t<meta property=\"og:image:width\" content=\"1024\" \/>\n\t<meta property=\"og:image:height\" content=\"1719\" \/>\n\t<meta property=\"og:image:type\" content=\"image\/jpeg\" \/>\n<meta name=\"twitter:card\" content=\"summary_large_image\" \/>\n<meta name=\"twitter:label1\" content=\"Gesch\u00e4tzte Lesezeit\" \/>\n\t<meta name=\"twitter:data1\" content=\"1\u00a0Minute\" \/>\n<script type=\"application\/ld+json\" class=\"yoast-schema-graph\">{\"@context\":\"https:\/\/schema.org\",\"@graph\":[{\"@type\":\"WebPage\",\"@id\":\"https:\/\/ecoprogress.eu\/de\/produkt\/odpadkovy-kos-typ-96\/\",\"url\":\"https:\/\/ecoprogress.eu\/de\/produkt\/odpadkovy-kos-typ-96\/\",\"name\":\"Odpadkov\u00fd k\u00f4\u0161 typ 96 | Ecoprogress\",\"isPartOf\":{\"@id\":\"https:\/\/ecoprogress.eu\/de\/#website\"},\"primaryImageOfPage\":{\"@id\":\"https:\/\/ecoprogress.eu\/de\/produkt\/odpadkovy-kos-typ-96\/#primaryimage\"},\"image\":{\"@id\":\"https:\/\/ecoprogress.eu\/de\/produkt\/odpadkovy-kos-typ-96\/#primaryimage\"},\"thumbnailUrl\":\"https:\/\/ecoprogress.eu\/wp-content\/uploads\/3.Cestino-Ulisse-base-in-ferro.jpg\",\"datePublished\":\"2023-06-01T09:20:11+00:00\",\"dateModified\":\"2023-06-01T09:30:29+00:00\",\"description\":\"Odpadkov\u00fd k\u00f4\u0161 typ 96 z ocelovej kon\u0161trukcie v zauj\u00edmavom dizajne.\",\"breadcrumb\":{\"@id\":\"https:\/\/ecoprogress.eu\/de\/produkt\/odpadkovy-kos-typ-96\/#breadcrumb\"},\"inLanguage\":\"de\",\"potentialAction\":[{\"@type\":\"ReadAction\",\"target\":[\"https:\/\/ecoprogress.eu\/de\/produkt\/odpadkovy-kos-typ-96\/\"]}]},{\"@type\":\"ImageObject\",\"inLanguage\":\"de\",\"@id\":\"https:\/\/ecoprogress.eu\/de\/produkt\/odpadkovy-kos-typ-96\/#primaryimage\",\"url\":\"https:\/\/ecoprogress.eu\/wp-content\/uploads\/3.Cestino-Ulisse-base-in-ferro.jpg\",\"contentUrl\":\"https:\/\/ecoprogress.eu\/wp-content\/uploads\/3.Cestino-Ulisse-base-in-ferro.jpg\",\"width\":1024,\"height\":1719,\"caption\":\"Odpadkov\u00fd k\u00f4\u0161 typ 96\"},{\"@type\":\"BreadcrumbList\",\"@id\":\"https:\/\/ecoprogress.eu\/de\/produkt\/odpadkovy-kos-typ-96\/#breadcrumb\",\"itemListElement\":[{\"@type\":\"ListItem\",\"position\":1,\"name\":\"Produkte\",\"item\":\"https:\/\/ecoprogress.eu\/de\/produkte\/\"},{\"@type\":\"ListItem\",\"position\":2,\"name\":\"Odpadkov\u00fd k\u00f4\u0161 typ 96\"}]},{\"@type\":\"WebSite\",\"@id\":\"https:\/\/ecoprogress.eu\/de\/#website\",\"url\":\"https:\/\/ecoprogress.eu\/de\/\",\"name\":\"Ecoprogress\",\"description\":\"\",\"publisher\":{\"@id\":\"https:\/\/ecoprogress.eu\/de\/#organization\"},\"potentialAction\":[{\"@type\":\"SearchAction\",\"target\":{\"@type\":\"EntryPoint\",\"urlTemplate\":\"https:\/\/ecoprogress.eu\/de\/?s={search_term_string}\"},\"query-input\":{\"@type\":\"PropertyValueSpecification\",\"valueRequired\":true,\"valueName\":\"search_term_string\"}}],\"inLanguage\":\"de\"},{\"@type\":\"Organization\",\"@id\":\"https:\/\/ecoprogress.eu\/de\/#organization\",\"name\":\"Ecoprogress\",\"url\":\"https:\/\/ecoprogress.eu\/de\/\",\"logo\":{\"@type\":\"ImageObject\",\"inLanguage\":\"de\",\"@id\":\"https:\/\/ecoprogress.eu\/de\/#\/schema\/logo\/image\/\",\"url\":\"https:\/\/ecoprogress.eu\/wp-content\/uploads\/logo-2.svg\",\"contentUrl\":\"https:\/\/ecoprogress.eu\/wp-content\/uploads\/logo-2.svg\",\"width\":318,\"height\":349,\"caption\":\"Ecoprogress\"},\"image\":{\"@id\":\"https:\/\/ecoprogress.eu\/de\/#\/schema\/logo\/image\/\"}}]}<\/script>\n<!-- \/ Yoast SEO plugin. -->","yoast_head_json":{"title":"Odpadkov\u00fd k\u00f4\u0161 typ 96 | Ecoprogress","description":"Odpadkov\u00fd k\u00f4\u0161 typ 96 z ocelovej kon\u0161trukcie v zauj\u00edmavom dizajne.","robots":{"index":"index","follow":"follow","max-snippet":"max-snippet:-1","max-image-preview":"max-image-preview:large","max-video-preview":"max-video-preview:-1"},"canonical":"https:\/\/ecoprogress.eu\/de\/produkt\/odpadkovy-kos-typ-96\/","og_locale":"de_DE","og_type":"article","og_title":"Odpadkov\u00fd k\u00f4\u0161 typ 96 | Ecoprogress","og_description":"Odpadkov\u00fd k\u00f4\u0161 typ 96 z ocelovej kon\u0161trukcie v zauj\u00edmavom dizajne.","og_url":"https:\/\/ecoprogress.eu\/de\/produkt\/odpadkovy-kos-typ-96\/","og_site_name":"Ecoprogress","article_modified_time":"2023-06-01T09:30:29+00:00","og_image":[{"width":1024,"height":1719,"url":"https:\/\/ecoprogress.eu\/wp-content\/uploads\/3.Cestino-Ulisse-base-in-ferro.jpg","type":"image\/jpeg"}],"twitter_card":"summary_large_image","twitter_misc":{"Gesch\u00e4tzte Lesezeit":"1\u00a0Minute"},"schema":{"@context":"https:\/\/schema.org","@graph":[{"@type":"WebPage","@id":"https:\/\/ecoprogress.eu\/de\/produkt\/odpadkovy-kos-typ-96\/","url":"https:\/\/ecoprogress.eu\/de\/produkt\/odpadkovy-kos-typ-96\/","name":"Odpadkov\u00fd k\u00f4\u0161 typ 96 | Ecoprogress","isPartOf":{"@id":"https:\/\/ecoprogress.eu\/de\/#website"},"primaryImageOfPage":{"@id":"https:\/\/ecoprogress.eu\/de\/produkt\/odpadkovy-kos-typ-96\/#primaryimage"},"image":{"@id":"https:\/\/ecoprogress.eu\/de\/produkt\/odpadkovy-kos-typ-96\/#primaryimage"},"thumbnailUrl":"https:\/\/ecoprogress.eu\/wp-content\/uploads\/3.Cestino-Ulisse-base-in-ferro.jpg","datePublished":"2023-06-01T09:20:11+00:00","dateModified":"2023-06-01T09:30:29+00:00","description":"Odpadkov\u00fd k\u00f4\u0161 typ 96 z ocelovej kon\u0161trukcie v zauj\u00edmavom dizajne.","breadcrumb":{"@id":"https:\/\/ecoprogress.eu\/de\/produkt\/odpadkovy-kos-typ-96\/#breadcrumb"},"inLanguage":"de","potentialAction":[{"@type":"ReadAction","target":["https:\/\/ecoprogress.eu\/de\/produkt\/odpadkovy-kos-typ-96\/"]}]},{"@type":"ImageObject","inLanguage":"de","@id":"https:\/\/ecoprogress.eu\/de\/produkt\/odpadkovy-kos-typ-96\/#primaryimage","url":"https:\/\/ecoprogress.eu\/wp-content\/uploads\/3.Cestino-Ulisse-base-in-ferro.jpg","contentUrl":"https:\/\/ecoprogress.eu\/wp-content\/uploads\/3.Cestino-Ulisse-base-in-ferro.jpg","width":1024,"height":1719,"caption":"Odpadkov\u00fd k\u00f4\u0161 typ 96"},{"@type":"BreadcrumbList","@id":"https:\/\/ecoprogress.eu\/de\/produkt\/odpadkovy-kos-typ-96\/#breadcrumb","itemListElement":[{"@type":"ListItem","position":1,"name":"Produkte","item":"https:\/\/ecoprogress.eu\/de\/produkte\/"},{"@type":"ListItem","position":2,"name":"Odpadkov\u00fd k\u00f4\u0161 typ 96"}]},{"@type":"WebSite","@id":"https:\/\/ecoprogress.eu\/de\/#website","url":"https:\/\/ecoprogress.eu\/de\/","name":"Ecoprogress","description":"","publisher":{"@id":"https:\/\/ecoprogress.eu\/de\/#organization"},"potentialAction":[{"@type":"SearchAction","target":{"@type":"EntryPoint","urlTemplate":"https:\/\/ecoprogress.eu\/de\/?s={search_term_string}"},"query-input":{"@type":"PropertyValueSpecification","valueRequired":true,"valueName":"search_term_string"}}],"inLanguage":"de"},{"@type":"Organization","@id":"https:\/\/ecoprogress.eu\/de\/#organization","name":"Ecoprogress","url":"https:\/\/ecoprogress.eu\/de\/","logo":{"@type":"ImageObject","inLanguage":"de","@id":"https:\/\/ecoprogress.eu\/de\/#\/schema\/logo\/image\/","url":"https:\/\/ecoprogress.eu\/wp-content\/uploads\/logo-2.svg","contentUrl":"https:\/\/ecoprogress.eu\/wp-content\/uploads\/logo-2.svg","width":318,"height":349,"caption":"Ecoprogress"},"image":{"@id":"https:\/\/ecoprogress.eu\/de\/#\/schema\/logo\/image\/"}}]}},"_links":{"self":[{"href":"https:\/\/ecoprogress.eu\/de\/wp-json\/wp\/v2\/product\/43384","targetHints":{"allow":["GET"]}}],"collection":[{"href":"https:\/\/ecoprogress.eu\/de\/wp-json\/wp\/v2\/product"}],"about":[{"href":"https:\/\/ecoprogress.eu\/de\/wp-json\/wp\/v2\/types\/product"}],"version-history":[{"count":0,"href":"https:\/\/ecoprogress.eu\/de\/wp-json\/wp\/v2\/product\/43384\/revisions"}],"wp:featuredmedia":[{"embeddable":true,"href":"https:\/\/ecoprogress.eu\/de\/wp-json\/wp\/v2\/media\/43392"}],"wp:attachment":[{"href":"https:\/\/ecoprogress.eu\/de\/wp-json\/wp\/v2\/media?parent=43384"}],"wp:term":[{"taxonomy":"product_brand","embeddable":true,"href":"https:\/\/ecoprogress.eu\/de\/wp-json\/wp\/v2\/product_brand?post=43384"},{"taxonomy":"product_cat","embeddable":true,"href":"https:\/\/ecoprogress.eu\/de\/wp-json\/wp\/v2\/product_cat?post=43384"},{"taxonomy":"product_tag","embeddable":true,"href":"https:\/\/ecoprogress.eu\/de\/wp-json\/wp\/v2\/product_tag?post=43384"}],"curies":[{"name":"wp","href":"https:\/\/api.w.org\/{rel}","templated":true}]}}