{"id":43544,"date":"2023-06-01T13:53:32","date_gmt":"2023-06-01T11:53:32","guid":{"rendered":"https:\/\/ecoprogress.eu\/?post_type=product&#038;p=43544"},"modified":"2023-06-06T10:23:32","modified_gmt":"2023-06-06T08:23:32","slug":"lavicka-bez-operadla-typ-40","status":"publish","type":"product","link":"https:\/\/ecoprogress.eu\/de\/produkt\/lavicka-bez-operadla-typ-40\/","title":{"rendered":"Lavi\u010dka bez operadla 40"},"content":{"rendered":"<p>Dodanie 4-6 t\u00fd\u017ed\u0148ov (pod\u013ea stavu skladov\u00fdch z\u00e1sob)<\/p>\n<p>Lavi\u010dka sa sklad\u00e1 z podpier z oce\u013eov\u00e9ho plechu, nad ktor\u00fdmi je sedadlo upevnen\u00e9 pomocou skrutiek. Sedadlo sa sklad\u00e1 z r\u00e1mu vyroben\u00e9ho z prelamovanej a oh\u00fdbanej obd\u013a\u017enikovej r\u00farky 50&#215;30, na ktorom s\u00fa umiestnen\u00e9 lamely sek. 43&#215;140 s\u00fa upevnen\u00e9.<\/p>\n<p>Lamely sa m\u00f4\u017eu doda\u0165 z borovicov\u00e9ho dreva o\u0161etren\u00e9ho v autokl\u00e1ve alebo z tvrd\u00e9ho dreva. V\u0161etky kovov\u00e9 \u010dasti s\u00fa pozinkovan\u00e9 a potiahnut\u00e9 termosetov\u00fdmi polyesterov\u00fdmi pr\u00e1\u0161kami a s\u00fa k dispoz\u00edcii v r\u00f4znych farb\u00e1ch RAL.<\/p>\n<p>Skrutky s\u00fa z nehrdzavej\u00facej ocele.<\/p>\n","protected":false},"excerpt":{"rendered":"<p>Lavi\u010dka bez operadla 40 je kruhov\u00e9ho dizajnu a vyzna\u010duje sa line\u00e1rnos\u0165ou a robustnos\u0165ou.<\/p>\n","protected":false},"featured_media":43552,"template":"","meta":[],"product_brand":[],"product_cat":[166,658,165],"product_tag":[],"class_list":{"0":"post-43544","1":"product","2":"type-product","3":"status-publish","4":"has-post-thumbnail","6":"product_cat-bez-operadla","7":"product_cat-dreveny-mobiliar","8":"product_cat-lavicky","9":"product_shipping_class-lavicky","11":"first","12":"instock","13":"featured","14":"taxable","15":"shipping-taxable","16":"purchasable","17":"product-type-variable"},"yoast_head":"<!-- This site is optimized with the Yoast SEO plugin v27.2 - https:\/\/yoast.com\/product\/yoast-seo-wordpress\/ -->\n<title>Lavi\u010dka bez operadla 40 | Ecoprogress<\/title>\n<meta name=\"description\" content=\"Lavi\u010dka bez operadla 40 je kruhov\u00e9ho dizajnu a vyzna\u010duje sa line\u00e1rnos\u0165ou a robustnos\u0165ou.\" \/>\n<meta name=\"robots\" content=\"index, follow, max-snippet:-1, max-image-preview:large, max-video-preview:-1\" \/>\n<link rel=\"canonical\" href=\"https:\/\/ecoprogress.eu\/de\/produkt\/lavicka-bez-operadla-typ-40\/\" \/>\n<meta property=\"og:locale\" content=\"de_DE\" \/>\n<meta property=\"og:type\" content=\"article\" \/>\n<meta property=\"og:title\" content=\"Lavi\u010dka bez operadla 40 | Ecoprogress\" \/>\n<meta property=\"og:description\" content=\"Lavi\u010dka bez operadla 40 je kruhov\u00e9ho dizajnu a vyzna\u010duje sa line\u00e1rnos\u0165ou a robustnos\u0165ou.\" \/>\n<meta property=\"og:url\" content=\"https:\/\/ecoprogress.eu\/de\/produkt\/lavicka-bez-operadla-typ-40\/\" \/>\n<meta property=\"og:site_name\" content=\"Ecoprogress\" \/>\n<meta property=\"article:modified_time\" content=\"2023-06-06T08:23:32+00:00\" \/>\n<meta property=\"og:image\" content=\"https:\/\/ecoprogress.eu\/wp-content\/uploads\/5.Panchina-Porto-circolare-pino.jpg\" \/>\n\t<meta property=\"og:image:width\" content=\"1291\" \/>\n\t<meta property=\"og:image:height\" content=\"768\" \/>\n\t<meta property=\"og:image:type\" content=\"image\/jpeg\" \/>\n<meta name=\"twitter:card\" content=\"summary_large_image\" \/>\n<meta name=\"twitter:label1\" content=\"Gesch\u00e4tzte Lesezeit\" \/>\n\t<meta name=\"twitter:data1\" content=\"1\u00a0Minute\" \/>\n<script type=\"application\/ld+json\" class=\"yoast-schema-graph\">{\"@context\":\"https:\/\/schema.org\",\"@graph\":[{\"@type\":\"WebPage\",\"@id\":\"https:\/\/ecoprogress.eu\/de\/produkt\/lavicka-bez-operadla-typ-40\/\",\"url\":\"https:\/\/ecoprogress.eu\/de\/produkt\/lavicka-bez-operadla-typ-40\/\",\"name\":\"Lavi\u010dka bez operadla 40 | Ecoprogress\",\"isPartOf\":{\"@id\":\"https:\/\/ecoprogress.eu\/de\/#website\"},\"primaryImageOfPage\":{\"@id\":\"https:\/\/ecoprogress.eu\/de\/produkt\/lavicka-bez-operadla-typ-40\/#primaryimage\"},\"image\":{\"@id\":\"https:\/\/ecoprogress.eu\/de\/produkt\/lavicka-bez-operadla-typ-40\/#primaryimage\"},\"thumbnailUrl\":\"https:\/\/ecoprogress.eu\/wp-content\/uploads\/5.Panchina-Porto-circolare-pino.jpg\",\"datePublished\":\"2023-06-01T11:53:32+00:00\",\"dateModified\":\"2023-06-06T08:23:32+00:00\",\"description\":\"Lavi\u010dka bez operadla 40 je kruhov\u00e9ho dizajnu a vyzna\u010duje sa line\u00e1rnos\u0165ou a robustnos\u0165ou.\",\"breadcrumb\":{\"@id\":\"https:\/\/ecoprogress.eu\/de\/produkt\/lavicka-bez-operadla-typ-40\/#breadcrumb\"},\"inLanguage\":\"de\",\"potentialAction\":[{\"@type\":\"ReadAction\",\"target\":[\"https:\/\/ecoprogress.eu\/de\/produkt\/lavicka-bez-operadla-typ-40\/\"]}]},{\"@type\":\"ImageObject\",\"inLanguage\":\"de\",\"@id\":\"https:\/\/ecoprogress.eu\/de\/produkt\/lavicka-bez-operadla-typ-40\/#primaryimage\",\"url\":\"https:\/\/ecoprogress.eu\/wp-content\/uploads\/5.Panchina-Porto-circolare-pino.jpg\",\"contentUrl\":\"https:\/\/ecoprogress.eu\/wp-content\/uploads\/5.Panchina-Porto-circolare-pino.jpg\",\"width\":1291,\"height\":768},{\"@type\":\"BreadcrumbList\",\"@id\":\"https:\/\/ecoprogress.eu\/de\/produkt\/lavicka-bez-operadla-typ-40\/#breadcrumb\",\"itemListElement\":[{\"@type\":\"ListItem\",\"position\":1,\"name\":\"Produkte\",\"item\":\"https:\/\/ecoprogress.eu\/de\/produkte\/\"},{\"@type\":\"ListItem\",\"position\":2,\"name\":\"Lavi\u010dka bez operadla 40\"}]},{\"@type\":\"WebSite\",\"@id\":\"https:\/\/ecoprogress.eu\/de\/#website\",\"url\":\"https:\/\/ecoprogress.eu\/de\/\",\"name\":\"Ecoprogress\",\"description\":\"\",\"publisher\":{\"@id\":\"https:\/\/ecoprogress.eu\/de\/#organization\"},\"potentialAction\":[{\"@type\":\"SearchAction\",\"target\":{\"@type\":\"EntryPoint\",\"urlTemplate\":\"https:\/\/ecoprogress.eu\/de\/?s={search_term_string}\"},\"query-input\":{\"@type\":\"PropertyValueSpecification\",\"valueRequired\":true,\"valueName\":\"search_term_string\"}}],\"inLanguage\":\"de\"},{\"@type\":\"Organization\",\"@id\":\"https:\/\/ecoprogress.eu\/de\/#organization\",\"name\":\"Ecoprogress\",\"url\":\"https:\/\/ecoprogress.eu\/de\/\",\"logo\":{\"@type\":\"ImageObject\",\"inLanguage\":\"de\",\"@id\":\"https:\/\/ecoprogress.eu\/de\/#\/schema\/logo\/image\/\",\"url\":\"https:\/\/ecoprogress.eu\/wp-content\/uploads\/logo-2.svg\",\"contentUrl\":\"https:\/\/ecoprogress.eu\/wp-content\/uploads\/logo-2.svg\",\"width\":318,\"height\":349,\"caption\":\"Ecoprogress\"},\"image\":{\"@id\":\"https:\/\/ecoprogress.eu\/de\/#\/schema\/logo\/image\/\"}}]}<\/script>\n<!-- \/ Yoast SEO plugin. -->","yoast_head_json":{"title":"Lavi\u010dka bez operadla 40 | Ecoprogress","description":"Lavi\u010dka bez operadla 40 je kruhov\u00e9ho dizajnu a vyzna\u010duje sa line\u00e1rnos\u0165ou a robustnos\u0165ou.","robots":{"index":"index","follow":"follow","max-snippet":"max-snippet:-1","max-image-preview":"max-image-preview:large","max-video-preview":"max-video-preview:-1"},"canonical":"https:\/\/ecoprogress.eu\/de\/produkt\/lavicka-bez-operadla-typ-40\/","og_locale":"de_DE","og_type":"article","og_title":"Lavi\u010dka bez operadla 40 | Ecoprogress","og_description":"Lavi\u010dka bez operadla 40 je kruhov\u00e9ho dizajnu a vyzna\u010duje sa line\u00e1rnos\u0165ou a robustnos\u0165ou.","og_url":"https:\/\/ecoprogress.eu\/de\/produkt\/lavicka-bez-operadla-typ-40\/","og_site_name":"Ecoprogress","article_modified_time":"2023-06-06T08:23:32+00:00","og_image":[{"width":1291,"height":768,"url":"https:\/\/ecoprogress.eu\/wp-content\/uploads\/5.Panchina-Porto-circolare-pino.jpg","type":"image\/jpeg"}],"twitter_card":"summary_large_image","twitter_misc":{"Gesch\u00e4tzte Lesezeit":"1\u00a0Minute"},"schema":{"@context":"https:\/\/schema.org","@graph":[{"@type":"WebPage","@id":"https:\/\/ecoprogress.eu\/de\/produkt\/lavicka-bez-operadla-typ-40\/","url":"https:\/\/ecoprogress.eu\/de\/produkt\/lavicka-bez-operadla-typ-40\/","name":"Lavi\u010dka bez operadla 40 | Ecoprogress","isPartOf":{"@id":"https:\/\/ecoprogress.eu\/de\/#website"},"primaryImageOfPage":{"@id":"https:\/\/ecoprogress.eu\/de\/produkt\/lavicka-bez-operadla-typ-40\/#primaryimage"},"image":{"@id":"https:\/\/ecoprogress.eu\/de\/produkt\/lavicka-bez-operadla-typ-40\/#primaryimage"},"thumbnailUrl":"https:\/\/ecoprogress.eu\/wp-content\/uploads\/5.Panchina-Porto-circolare-pino.jpg","datePublished":"2023-06-01T11:53:32+00:00","dateModified":"2023-06-06T08:23:32+00:00","description":"Lavi\u010dka bez operadla 40 je kruhov\u00e9ho dizajnu a vyzna\u010duje sa line\u00e1rnos\u0165ou a robustnos\u0165ou.","breadcrumb":{"@id":"https:\/\/ecoprogress.eu\/de\/produkt\/lavicka-bez-operadla-typ-40\/#breadcrumb"},"inLanguage":"de","potentialAction":[{"@type":"ReadAction","target":["https:\/\/ecoprogress.eu\/de\/produkt\/lavicka-bez-operadla-typ-40\/"]}]},{"@type":"ImageObject","inLanguage":"de","@id":"https:\/\/ecoprogress.eu\/de\/produkt\/lavicka-bez-operadla-typ-40\/#primaryimage","url":"https:\/\/ecoprogress.eu\/wp-content\/uploads\/5.Panchina-Porto-circolare-pino.jpg","contentUrl":"https:\/\/ecoprogress.eu\/wp-content\/uploads\/5.Panchina-Porto-circolare-pino.jpg","width":1291,"height":768},{"@type":"BreadcrumbList","@id":"https:\/\/ecoprogress.eu\/de\/produkt\/lavicka-bez-operadla-typ-40\/#breadcrumb","itemListElement":[{"@type":"ListItem","position":1,"name":"Produkte","item":"https:\/\/ecoprogress.eu\/de\/produkte\/"},{"@type":"ListItem","position":2,"name":"Lavi\u010dka bez operadla 40"}]},{"@type":"WebSite","@id":"https:\/\/ecoprogress.eu\/de\/#website","url":"https:\/\/ecoprogress.eu\/de\/","name":"Ecoprogress","description":"","publisher":{"@id":"https:\/\/ecoprogress.eu\/de\/#organization"},"potentialAction":[{"@type":"SearchAction","target":{"@type":"EntryPoint","urlTemplate":"https:\/\/ecoprogress.eu\/de\/?s={search_term_string}"},"query-input":{"@type":"PropertyValueSpecification","valueRequired":true,"valueName":"search_term_string"}}],"inLanguage":"de"},{"@type":"Organization","@id":"https:\/\/ecoprogress.eu\/de\/#organization","name":"Ecoprogress","url":"https:\/\/ecoprogress.eu\/de\/","logo":{"@type":"ImageObject","inLanguage":"de","@id":"https:\/\/ecoprogress.eu\/de\/#\/schema\/logo\/image\/","url":"https:\/\/ecoprogress.eu\/wp-content\/uploads\/logo-2.svg","contentUrl":"https:\/\/ecoprogress.eu\/wp-content\/uploads\/logo-2.svg","width":318,"height":349,"caption":"Ecoprogress"},"image":{"@id":"https:\/\/ecoprogress.eu\/de\/#\/schema\/logo\/image\/"}}]}},"_links":{"self":[{"href":"https:\/\/ecoprogress.eu\/de\/wp-json\/wp\/v2\/product\/43544","targetHints":{"allow":["GET"]}}],"collection":[{"href":"https:\/\/ecoprogress.eu\/de\/wp-json\/wp\/v2\/product"}],"about":[{"href":"https:\/\/ecoprogress.eu\/de\/wp-json\/wp\/v2\/types\/product"}],"version-history":[{"count":0,"href":"https:\/\/ecoprogress.eu\/de\/wp-json\/wp\/v2\/product\/43544\/revisions"}],"wp:featuredmedia":[{"embeddable":true,"href":"https:\/\/ecoprogress.eu\/de\/wp-json\/wp\/v2\/media\/43552"}],"wp:attachment":[{"href":"https:\/\/ecoprogress.eu\/de\/wp-json\/wp\/v2\/media?parent=43544"}],"wp:term":[{"taxonomy":"product_brand","embeddable":true,"href":"https:\/\/ecoprogress.eu\/de\/wp-json\/wp\/v2\/product_brand?post=43544"},{"taxonomy":"product_cat","embeddable":true,"href":"https:\/\/ecoprogress.eu\/de\/wp-json\/wp\/v2\/product_cat?post=43544"},{"taxonomy":"product_tag","embeddable":true,"href":"https:\/\/ecoprogress.eu\/de\/wp-json\/wp\/v2\/product_tag?post=43544"}],"curies":[{"name":"wp","href":"https:\/\/api.w.org\/{rel}","templated":true}]}}