{"id":43719,"date":"2023-06-21T12:51:44","date_gmt":"2023-06-21T10:51:44","guid":{"rendered":"https:\/\/ecoprogress.eu\/?post_type=product&#038;p=43719"},"modified":"2024-03-06T15:38:18","modified_gmt":"2024-03-06T14:38:18","slug":"pristresok-pre-autobusove-zastavky-typ-04","status":"publish","type":"product","link":"https:\/\/ecoprogress.eu\/de\/produkt\/pristresok-pre-autobusove-zastavky-typ-04\/","title":{"rendered":"Pr\u00edstre\u0161ok pre autobusov\u00e9 zast\u00e1vky typ 04"},"content":{"rendered":"<p>Dodanie 4-6 t\u00fd\u017ed\u0148ov (pod\u013ea stavu skladov\u00fdch z\u00e1sob)<\/p>\n<p>Kryt pr\u00edstre\u0161ku je vyroben\u00fd z prieh\u013eadn\u00e9ho alveol\u00e1rneho polykarbon\u00e1tu\u00a0hr\u00fabky 6 mm a je podopret\u00fd oce\u013eov\u00fdmi stre\u0161n\u00fdmi ty\u010dami so \u0161\u00edrkou 100 mm a hr\u00fabkou 30\/10, ktor\u00e9 s\u00fa pripevnen\u00e9 k dvom \u017e\u013eabom pomocou skrutiek a mat\u00edc.<\/p>\n<p>Zadn\u00e1 stena (a bo\u010dn\u00e1 stena na po\u017eiadanie) sa realizuje prostredn\u00edctvom hlavn\u00e9ho r\u00e1mu z hlin\u00edkov\u00e9ho extrudovan\u00e9ho materi\u00e1lu s panelmi z prieh\u013eadn\u00e9ho alveol\u00e1rneho polykarbon\u00e1tu s hr\u00fabkou 10 mm, ktor\u00e9 s\u00fa navz\u00e1jom spojen\u00e9 prostredn\u00edctvom zasklievac\u00edch l\u00ed\u0161t.<\/p>\n<p>Pr\u00edstre\u0161ok je mo\u017en\u00e9 doda\u0165 aj s bo\u010dn\u00fdmi tympan\u00f3nmi, ktor\u00e9 maj\u00fa hlin\u00edkov\u00fa kon\u0161trukciu a panel z alveol\u00e1rneho polykarbon\u00e1tu s hr\u00fabkou 10 mm.\u00a0Je vybaven\u00fd 4 z\u00e1kladn\u00fdmi doskami \u00d8150 mm privaren\u00fdmi k spodn\u00fdm koncom oboch obl\u00fakov na upevnenie na \u0161k\u00e1re pomocou skrutiek.<\/p>\n<p>K\u00a0dispoz\u00edcii v r\u00f4znych rozmeroch (2,3,4 moduly). V\u0161etky kovov\u00e9 \u010dasti s\u00fa pozinkovan\u00e9 a pr\u00e1\u0161kovo lakovan\u00e9. V\u0161etky skrutky s\u00fa z nehrdzavej\u00facej ocele.<\/p>\n<p>Voliteln\u00e1 bo\u010dn\u00e1 stena v cena 1140 \u20ac. V pr\u00edpade z\u00e1ujmu, pros\u00edm zada\u0165 do pozn\u00e1mky v objedn\u00e1vke.<\/p>\n\n<table id=\"tablepress-2673\" class=\"tablepress tablepress-id-2673\">\n<tbody class=\"row-striping row-hover\">\n<tr class=\"row-1\">\n\t<td class=\"column-1\">\u0161\u00edrka<\/td><td class=\"column-2\">216 \/ 317 \/ 418 cm<\/td>\n<\/tr>\n<tr class=\"row-2\">\n\t<td class=\"column-1\">v\u00fd\u0161ka<\/td><td class=\"column-2\">284 cm<\/td>\n<\/tr>\n<tr class=\"row-3\">\n\t<td class=\"column-1\">h\u013abka<\/td><td class=\"column-2\">163,5 cm<\/td>\n<\/tr>\n<\/tbody>\n<\/table>\n\n","protected":false},"excerpt":{"rendered":"<p>Pr\u00edstre\u0161ok pre autobusov\u00e9 zast\u00e1vky typ 04 tvoria dva kruhov\u00e9 obl\u00faky z oce\u013eov\u00fdch r\u00farok \u00d860&#215;2 mm, spojen\u00e9 s dvoma \u017e\u013eabmi z lisovan\u00e9ho oce\u013eov\u00e9ho plechu, ktor\u00e9 s\u00fa z\u00e1rove\u0148 vodorovn\u00fdmi prie\u010dnikmi strechy.<\/p>\n","protected":false},"featured_media":43726,"template":"","meta":[],"product_brand":[],"product_cat":[754,659,158],"product_tag":[],"class_list":{"0":"post-43719","1":"product","2":"type-product","3":"status-publish","4":"has-post-thumbnail","6":"product_cat-autobusove-zastavky","7":"product_cat-ocelovy-mobiliar","8":"product_cat-otvorene-pristresky","9":"product_shipping_class-pristresky","11":"first","12":"instock","13":"featured","14":"taxable","15":"shipping-taxable","16":"purchasable","17":"product-type-variable"},"yoast_head":"<!-- This site is optimized with the Yoast SEO plugin v27.2 - https:\/\/yoast.com\/product\/yoast-seo-wordpress\/ -->\n<title>Pr\u00edstre\u0161ok pre autobusov\u00e9 zast\u00e1vky typ 04 | Ecoprogress<\/title>\n<meta name=\"description\" content=\"Pr\u00edstre\u0161ok pre autobusov\u00e9 zast\u00e1vky typ 04 tvoria dva kruhov\u00e9 obl\u00faky z oce\u013eov\u00fdch r\u00farok \u00d860x2 mm, spojen\u00e9 s dvoma \u017e\u013eabmi z lisovan\u00e9ho oce\u013eov\u00e9ho plechu, ktor\u00e9 s\u00fa z\u00e1rove\u0148 vodorovn\u00fdmi prie\u010dnikmi strechy.\" \/>\n<meta name=\"robots\" content=\"index, follow, max-snippet:-1, max-image-preview:large, max-video-preview:-1\" \/>\n<link rel=\"canonical\" href=\"https:\/\/ecoprogress.eu\/de\/produkt\/pristresok-pre-autobusove-zastavky-typ-04\/\" \/>\n<meta property=\"og:locale\" content=\"de_DE\" \/>\n<meta property=\"og:type\" content=\"article\" \/>\n<meta property=\"og:title\" content=\"Pr\u00edstre\u0161ok pre autobusov\u00e9 zast\u00e1vky typ 04 | Ecoprogress\" \/>\n<meta property=\"og:description\" content=\"Pr\u00edstre\u0161ok pre autobusov\u00e9 zast\u00e1vky typ 04 tvoria dva kruhov\u00e9 obl\u00faky z oce\u013eov\u00fdch r\u00farok \u00d860x2 mm, spojen\u00e9 s dvoma \u017e\u013eabmi z lisovan\u00e9ho oce\u013eov\u00e9ho plechu, ktor\u00e9 s\u00fa z\u00e1rove\u0148 vodorovn\u00fdmi prie\u010dnikmi strechy.\" \/>\n<meta property=\"og:url\" content=\"https:\/\/ecoprogress.eu\/de\/produkt\/pristresok-pre-autobusove-zastavky-typ-04\/\" \/>\n<meta property=\"og:site_name\" content=\"Ecoprogress\" \/>\n<meta property=\"article:modified_time\" content=\"2024-03-06T14:38:18+00:00\" \/>\n<meta property=\"og:image\" content=\"https:\/\/ecoprogress.eu\/wp-content\/uploads\/012-Flower-2.jpg\" \/>\n\t<meta property=\"og:image:width\" content=\"943\" \/>\n\t<meta property=\"og:image:height\" content=\"768\" \/>\n\t<meta property=\"og:image:type\" content=\"image\/jpeg\" \/>\n<meta name=\"twitter:card\" content=\"summary_large_image\" \/>\n<meta name=\"twitter:label1\" content=\"Gesch\u00e4tzte Lesezeit\" \/>\n\t<meta name=\"twitter:data1\" content=\"1\u00a0Minute\" \/>\n<script type=\"application\/ld+json\" class=\"yoast-schema-graph\">{\"@context\":\"https:\/\/schema.org\",\"@graph\":[{\"@type\":\"WebPage\",\"@id\":\"https:\/\/ecoprogress.eu\/de\/produkt\/pristresok-pre-autobusove-zastavky-typ-04\/\",\"url\":\"https:\/\/ecoprogress.eu\/de\/produkt\/pristresok-pre-autobusove-zastavky-typ-04\/\",\"name\":\"Pr\u00edstre\u0161ok pre autobusov\u00e9 zast\u00e1vky typ 04 | Ecoprogress\",\"isPartOf\":{\"@id\":\"https:\/\/ecoprogress.eu\/de\/#website\"},\"primaryImageOfPage\":{\"@id\":\"https:\/\/ecoprogress.eu\/de\/produkt\/pristresok-pre-autobusove-zastavky-typ-04\/#primaryimage\"},\"image\":{\"@id\":\"https:\/\/ecoprogress.eu\/de\/produkt\/pristresok-pre-autobusove-zastavky-typ-04\/#primaryimage\"},\"thumbnailUrl\":\"https:\/\/ecoprogress.eu\/wp-content\/uploads\/012-Flower-2.jpg\",\"datePublished\":\"2023-06-21T10:51:44+00:00\",\"dateModified\":\"2024-03-06T14:38:18+00:00\",\"description\":\"Pr\u00edstre\u0161ok pre autobusov\u00e9 zast\u00e1vky typ 04 tvoria dva kruhov\u00e9 obl\u00faky z oce\u013eov\u00fdch r\u00farok \u00d860x2 mm, spojen\u00e9 s dvoma \u017e\u013eabmi z lisovan\u00e9ho oce\u013eov\u00e9ho plechu, ktor\u00e9 s\u00fa z\u00e1rove\u0148 vodorovn\u00fdmi prie\u010dnikmi strechy.\",\"breadcrumb\":{\"@id\":\"https:\/\/ecoprogress.eu\/de\/produkt\/pristresok-pre-autobusove-zastavky-typ-04\/#breadcrumb\"},\"inLanguage\":\"de\",\"potentialAction\":[{\"@type\":\"ReadAction\",\"target\":[\"https:\/\/ecoprogress.eu\/de\/produkt\/pristresok-pre-autobusove-zastavky-typ-04\/\"]}]},{\"@type\":\"ImageObject\",\"inLanguage\":\"de\",\"@id\":\"https:\/\/ecoprogress.eu\/de\/produkt\/pristresok-pre-autobusove-zastavky-typ-04\/#primaryimage\",\"url\":\"https:\/\/ecoprogress.eu\/wp-content\/uploads\/012-Flower-2.jpg\",\"contentUrl\":\"https:\/\/ecoprogress.eu\/wp-content\/uploads\/012-Flower-2.jpg\",\"width\":943,\"height\":768},{\"@type\":\"BreadcrumbList\",\"@id\":\"https:\/\/ecoprogress.eu\/de\/produkt\/pristresok-pre-autobusove-zastavky-typ-04\/#breadcrumb\",\"itemListElement\":[{\"@type\":\"ListItem\",\"position\":1,\"name\":\"Produkte\",\"item\":\"https:\/\/ecoprogress.eu\/de\/produkte\/\"},{\"@type\":\"ListItem\",\"position\":2,\"name\":\"Pr\u00edstre\u0161ok pre autobusov\u00e9 zast\u00e1vky typ 04\"}]},{\"@type\":\"WebSite\",\"@id\":\"https:\/\/ecoprogress.eu\/de\/#website\",\"url\":\"https:\/\/ecoprogress.eu\/de\/\",\"name\":\"Ecoprogress\",\"description\":\"\",\"publisher\":{\"@id\":\"https:\/\/ecoprogress.eu\/de\/#organization\"},\"potentialAction\":[{\"@type\":\"SearchAction\",\"target\":{\"@type\":\"EntryPoint\",\"urlTemplate\":\"https:\/\/ecoprogress.eu\/de\/?s={search_term_string}\"},\"query-input\":{\"@type\":\"PropertyValueSpecification\",\"valueRequired\":true,\"valueName\":\"search_term_string\"}}],\"inLanguage\":\"de\"},{\"@type\":\"Organization\",\"@id\":\"https:\/\/ecoprogress.eu\/de\/#organization\",\"name\":\"Ecoprogress\",\"url\":\"https:\/\/ecoprogress.eu\/de\/\",\"logo\":{\"@type\":\"ImageObject\",\"inLanguage\":\"de\",\"@id\":\"https:\/\/ecoprogress.eu\/de\/#\/schema\/logo\/image\/\",\"url\":\"https:\/\/ecoprogress.eu\/wp-content\/uploads\/logo-2.svg\",\"contentUrl\":\"https:\/\/ecoprogress.eu\/wp-content\/uploads\/logo-2.svg\",\"width\":318,\"height\":349,\"caption\":\"Ecoprogress\"},\"image\":{\"@id\":\"https:\/\/ecoprogress.eu\/de\/#\/schema\/logo\/image\/\"}}]}<\/script>\n<!-- \/ Yoast SEO plugin. -->","yoast_head_json":{"title":"Pr\u00edstre\u0161ok pre autobusov\u00e9 zast\u00e1vky typ 04 | Ecoprogress","description":"Pr\u00edstre\u0161ok pre autobusov\u00e9 zast\u00e1vky typ 04 tvoria dva kruhov\u00e9 obl\u00faky z oce\u013eov\u00fdch r\u00farok \u00d860x2 mm, spojen\u00e9 s dvoma \u017e\u013eabmi z lisovan\u00e9ho oce\u013eov\u00e9ho plechu, ktor\u00e9 s\u00fa z\u00e1rove\u0148 vodorovn\u00fdmi prie\u010dnikmi strechy.","robots":{"index":"index","follow":"follow","max-snippet":"max-snippet:-1","max-image-preview":"max-image-preview:large","max-video-preview":"max-video-preview:-1"},"canonical":"https:\/\/ecoprogress.eu\/de\/produkt\/pristresok-pre-autobusove-zastavky-typ-04\/","og_locale":"de_DE","og_type":"article","og_title":"Pr\u00edstre\u0161ok pre autobusov\u00e9 zast\u00e1vky typ 04 | Ecoprogress","og_description":"Pr\u00edstre\u0161ok pre autobusov\u00e9 zast\u00e1vky typ 04 tvoria dva kruhov\u00e9 obl\u00faky z oce\u013eov\u00fdch r\u00farok \u00d860x2 mm, spojen\u00e9 s dvoma \u017e\u013eabmi z lisovan\u00e9ho oce\u013eov\u00e9ho plechu, ktor\u00e9 s\u00fa z\u00e1rove\u0148 vodorovn\u00fdmi prie\u010dnikmi strechy.","og_url":"https:\/\/ecoprogress.eu\/de\/produkt\/pristresok-pre-autobusove-zastavky-typ-04\/","og_site_name":"Ecoprogress","article_modified_time":"2024-03-06T14:38:18+00:00","og_image":[{"width":943,"height":768,"url":"https:\/\/ecoprogress.eu\/wp-content\/uploads\/012-Flower-2.jpg","type":"image\/jpeg"}],"twitter_card":"summary_large_image","twitter_misc":{"Gesch\u00e4tzte Lesezeit":"1\u00a0Minute"},"schema":{"@context":"https:\/\/schema.org","@graph":[{"@type":"WebPage","@id":"https:\/\/ecoprogress.eu\/de\/produkt\/pristresok-pre-autobusove-zastavky-typ-04\/","url":"https:\/\/ecoprogress.eu\/de\/produkt\/pristresok-pre-autobusove-zastavky-typ-04\/","name":"Pr\u00edstre\u0161ok pre autobusov\u00e9 zast\u00e1vky typ 04 | Ecoprogress","isPartOf":{"@id":"https:\/\/ecoprogress.eu\/de\/#website"},"primaryImageOfPage":{"@id":"https:\/\/ecoprogress.eu\/de\/produkt\/pristresok-pre-autobusove-zastavky-typ-04\/#primaryimage"},"image":{"@id":"https:\/\/ecoprogress.eu\/de\/produkt\/pristresok-pre-autobusove-zastavky-typ-04\/#primaryimage"},"thumbnailUrl":"https:\/\/ecoprogress.eu\/wp-content\/uploads\/012-Flower-2.jpg","datePublished":"2023-06-21T10:51:44+00:00","dateModified":"2024-03-06T14:38:18+00:00","description":"Pr\u00edstre\u0161ok pre autobusov\u00e9 zast\u00e1vky typ 04 tvoria dva kruhov\u00e9 obl\u00faky z oce\u013eov\u00fdch r\u00farok \u00d860x2 mm, spojen\u00e9 s dvoma \u017e\u013eabmi z lisovan\u00e9ho oce\u013eov\u00e9ho plechu, ktor\u00e9 s\u00fa z\u00e1rove\u0148 vodorovn\u00fdmi prie\u010dnikmi strechy.","breadcrumb":{"@id":"https:\/\/ecoprogress.eu\/de\/produkt\/pristresok-pre-autobusove-zastavky-typ-04\/#breadcrumb"},"inLanguage":"de","potentialAction":[{"@type":"ReadAction","target":["https:\/\/ecoprogress.eu\/de\/produkt\/pristresok-pre-autobusove-zastavky-typ-04\/"]}]},{"@type":"ImageObject","inLanguage":"de","@id":"https:\/\/ecoprogress.eu\/de\/produkt\/pristresok-pre-autobusove-zastavky-typ-04\/#primaryimage","url":"https:\/\/ecoprogress.eu\/wp-content\/uploads\/012-Flower-2.jpg","contentUrl":"https:\/\/ecoprogress.eu\/wp-content\/uploads\/012-Flower-2.jpg","width":943,"height":768},{"@type":"BreadcrumbList","@id":"https:\/\/ecoprogress.eu\/de\/produkt\/pristresok-pre-autobusove-zastavky-typ-04\/#breadcrumb","itemListElement":[{"@type":"ListItem","position":1,"name":"Produkte","item":"https:\/\/ecoprogress.eu\/de\/produkte\/"},{"@type":"ListItem","position":2,"name":"Pr\u00edstre\u0161ok pre autobusov\u00e9 zast\u00e1vky typ 04"}]},{"@type":"WebSite","@id":"https:\/\/ecoprogress.eu\/de\/#website","url":"https:\/\/ecoprogress.eu\/de\/","name":"Ecoprogress","description":"","publisher":{"@id":"https:\/\/ecoprogress.eu\/de\/#organization"},"potentialAction":[{"@type":"SearchAction","target":{"@type":"EntryPoint","urlTemplate":"https:\/\/ecoprogress.eu\/de\/?s={search_term_string}"},"query-input":{"@type":"PropertyValueSpecification","valueRequired":true,"valueName":"search_term_string"}}],"inLanguage":"de"},{"@type":"Organization","@id":"https:\/\/ecoprogress.eu\/de\/#organization","name":"Ecoprogress","url":"https:\/\/ecoprogress.eu\/de\/","logo":{"@type":"ImageObject","inLanguage":"de","@id":"https:\/\/ecoprogress.eu\/de\/#\/schema\/logo\/image\/","url":"https:\/\/ecoprogress.eu\/wp-content\/uploads\/logo-2.svg","contentUrl":"https:\/\/ecoprogress.eu\/wp-content\/uploads\/logo-2.svg","width":318,"height":349,"caption":"Ecoprogress"},"image":{"@id":"https:\/\/ecoprogress.eu\/de\/#\/schema\/logo\/image\/"}}]}},"_links":{"self":[{"href":"https:\/\/ecoprogress.eu\/de\/wp-json\/wp\/v2\/product\/43719","targetHints":{"allow":["GET"]}}],"collection":[{"href":"https:\/\/ecoprogress.eu\/de\/wp-json\/wp\/v2\/product"}],"about":[{"href":"https:\/\/ecoprogress.eu\/de\/wp-json\/wp\/v2\/types\/product"}],"version-history":[{"count":1,"href":"https:\/\/ecoprogress.eu\/de\/wp-json\/wp\/v2\/product\/43719\/revisions"}],"predecessor-version":[{"id":52761,"href":"https:\/\/ecoprogress.eu\/de\/wp-json\/wp\/v2\/product\/43719\/revisions\/52761"}],"wp:featuredmedia":[{"embeddable":true,"href":"https:\/\/ecoprogress.eu\/de\/wp-json\/wp\/v2\/media\/43726"}],"wp:attachment":[{"href":"https:\/\/ecoprogress.eu\/de\/wp-json\/wp\/v2\/media?parent=43719"}],"wp:term":[{"taxonomy":"product_brand","embeddable":true,"href":"https:\/\/ecoprogress.eu\/de\/wp-json\/wp\/v2\/product_brand?post=43719"},{"taxonomy":"product_cat","embeddable":true,"href":"https:\/\/ecoprogress.eu\/de\/wp-json\/wp\/v2\/product_cat?post=43719"},{"taxonomy":"product_tag","embeddable":true,"href":"https:\/\/ecoprogress.eu\/de\/wp-json\/wp\/v2\/product_tag?post=43719"}],"curies":[{"name":"wp","href":"https:\/\/api.w.org\/{rel}","templated":true}]}}