{"id":45240,"date":"2023-07-19T15:34:24","date_gmt":"2023-07-19T13:34:24","guid":{"rendered":"https:\/\/ecoprogress.eu\/?post_type=product&#038;p=45240"},"modified":"2025-02-26T10:03:06","modified_gmt":"2025-02-26T09:03:06","slug":"pristresok-pre-autobusove-zastavky-typ-06-525-cm","status":"publish","type":"product","link":"https:\/\/ecoprogress.eu\/de\/produkt\/pristresok-pre-autobusove-zastavky-typ-06-525-cm\/","title":{"rendered":"Pr\u00edstre\u0161ok pre autobusov\u00e9 zast\u00e1vky typ 06 &#8211; 525 cm"},"content":{"rendered":"<p>Dodanie 4-6 t\u00fd\u017ed\u0148ov (pod\u013ea stavu skladov\u00fdch z\u00e1sob)<\/p>\n\n<table id=\"tablepress-2812\" class=\"tablepress tablepress-id-2812\">\n<tbody class=\"row-striping row-hover\">\n<tr class=\"row-1\">\n\t<td class=\"column-1\">materi\u00e1l<\/td><td class=\"column-2\">oce\u013e nehrdzavej\u00faca, oce\u013e pozinkovan\u00e1 a malovan\u00e1<\/td>\n<\/tr>\n<tr class=\"row-2\">\n\t<td class=\"column-1\">v\u00fd\u0161ka<\/td><td class=\"column-2\">249 cm<\/td>\n<\/tr>\n<tr class=\"row-3\">\n\t<td class=\"column-1\">\u0161\u00edrka<\/td><td class=\"column-2\">525 cm<\/td>\n<\/tr>\n<tr class=\"row-4\">\n\t<td class=\"column-1\">h\u013abka<\/td><td class=\"column-2\">115 cm<\/td>\n<\/tr>\n<tr class=\"row-5\">\n\t<td class=\"column-1\">stre\u0161n\u00e1 krytina<\/td><td class=\"column-2\">polykarbon\u00e1t - prieh\u013eadn\u00fd 0,8 cm<\/td>\n<\/tr>\n<tr class=\"row-6\">\n\t<td class=\"column-1\">steny<\/td><td class=\"column-2\">8 mm tvrden\u00e9 sklo<\/td>\n<\/tr>\n<tr class=\"row-7\">\n\t<td class=\"column-1\">spodn\u00e1 z\u00e1klad\u0148a<\/td><td class=\"column-2\">105 cm<\/td>\n<\/tr>\n<tr class=\"row-8\">\n\t<td class=\"column-1\">v\u00e1ha<\/td><td class=\"column-2\">183 kg<\/td>\n<\/tr>\n<\/tbody>\n<\/table>\n\n","protected":false},"excerpt":{"rendered":"<p>Pr\u00edstre\u0161ok pre autobusov\u00e9 zast\u00e1vky typ 06 s mo\u017enos\u0165ou v\u00fdberu kon\u0161trukcie pr\u00edstre\u0161ku z pozinkovanej a ma\u013eovanej ocele alebo z nehrdzavej\u00facej ocele. Lavi\u010dka je z lamiel z ihli\u010dnat\u00e9ho dreva chr\u00e1nen\u00e1 impregn\u00e1ciou a dvojitou vrstvou laku.<\/p>\n","protected":false},"featured_media":45220,"template":"","meta":[],"product_brand":[],"product_cat":[754,659,158],"product_tag":[],"class_list":{"0":"post-45240","1":"product","2":"type-product","3":"status-publish","4":"has-post-thumbnail","6":"product_cat-autobusove-zastavky","7":"product_cat-ocelovy-mobiliar","8":"product_cat-otvorene-pristresky","9":"product_shipping_class-pristresky","11":"first","12":"instock","13":"featured","14":"taxable","15":"shipping-taxable","16":"purchasable","17":"product-type-variable"},"yoast_head":"<!-- This site is optimized with the Yoast SEO plugin v27.2 - https:\/\/yoast.com\/product\/yoast-seo-wordpress\/ -->\n<title>Pr\u00edstre\u0161ok pre autobusov\u00e9 zast\u00e1vky typ 06 - 525 cm | Ecoprogress<\/title>\n<meta name=\"description\" content=\"Pr\u00edstre\u0161ok pre autobusov\u00e9 zast\u00e1vky typ 06 s mo\u017enos\u0165ou v\u00fdberu kon\u0161trukcie pr\u00edstre\u0161ku z pozinkovanej a ma\u013eovanej ocele alebo z nehrdzavej\u00facej ocele. Lavi\u010dka je z lamiel z ihli\u010dnat\u00e9ho dreva chr\u00e1nen\u00e1 impregn\u00e1ciou a dvojitou vrstvou laku.\u00a0\" \/>\n<meta name=\"robots\" content=\"index, follow, max-snippet:-1, max-image-preview:large, max-video-preview:-1\" \/>\n<link rel=\"canonical\" href=\"https:\/\/ecoprogress.eu\/de\/produkt\/pristresok-pre-autobusove-zastavky-typ-06-525-cm\/\" \/>\n<meta property=\"og:locale\" content=\"de_DE\" \/>\n<meta property=\"og:type\" content=\"article\" \/>\n<meta property=\"og:title\" content=\"Pr\u00edstre\u0161ok pre autobusov\u00e9 zast\u00e1vky typ 06 - 525 cm | Ecoprogress\" \/>\n<meta property=\"og:description\" content=\"Pr\u00edstre\u0161ok pre autobusov\u00e9 zast\u00e1vky typ 06 s mo\u017enos\u0165ou v\u00fdberu kon\u0161trukcie pr\u00edstre\u0161ku z pozinkovanej a ma\u013eovanej ocele alebo z nehrdzavej\u00facej ocele. Lavi\u010dka je z lamiel z ihli\u010dnat\u00e9ho dreva chr\u00e1nen\u00e1 impregn\u00e1ciou a dvojitou vrstvou laku.\u00a0\" \/>\n<meta property=\"og:url\" content=\"https:\/\/ecoprogress.eu\/de\/produkt\/pristresok-pre-autobusove-zastavky-typ-06-525-cm\/\" \/>\n<meta property=\"og:site_name\" content=\"Ecoprogress\" \/>\n<meta property=\"article:modified_time\" content=\"2025-02-26T09:03:06+00:00\" \/>\n<meta property=\"og:image\" content=\"https:\/\/ecoprogress.eu\/wp-content\/uploads\/Pristresok-pre-autobusove-zastavky-typ-06-525-cm.jpg\" \/>\n\t<meta property=\"og:image:width\" content=\"800\" \/>\n\t<meta property=\"og:image:height\" content=\"600\" \/>\n\t<meta property=\"og:image:type\" content=\"image\/jpeg\" \/>\n<meta name=\"twitter:card\" content=\"summary_large_image\" \/>\n<meta name=\"twitter:label1\" content=\"Gesch\u00e4tzte Lesezeit\" \/>\n\t<meta name=\"twitter:data1\" content=\"1\u00a0Minute\" \/>\n<script type=\"application\/ld+json\" class=\"yoast-schema-graph\">{\"@context\":\"https:\/\/schema.org\",\"@graph\":[{\"@type\":\"WebPage\",\"@id\":\"https:\/\/ecoprogress.eu\/de\/produkt\/pristresok-pre-autobusove-zastavky-typ-06-525-cm\/\",\"url\":\"https:\/\/ecoprogress.eu\/de\/produkt\/pristresok-pre-autobusove-zastavky-typ-06-525-cm\/\",\"name\":\"Pr\u00edstre\u0161ok pre autobusov\u00e9 zast\u00e1vky typ 06 - 525 cm | Ecoprogress\",\"isPartOf\":{\"@id\":\"https:\/\/ecoprogress.eu\/de\/#website\"},\"primaryImageOfPage\":{\"@id\":\"https:\/\/ecoprogress.eu\/de\/produkt\/pristresok-pre-autobusove-zastavky-typ-06-525-cm\/#primaryimage\"},\"image\":{\"@id\":\"https:\/\/ecoprogress.eu\/de\/produkt\/pristresok-pre-autobusove-zastavky-typ-06-525-cm\/#primaryimage\"},\"thumbnailUrl\":\"https:\/\/ecoprogress.eu\/wp-content\/uploads\/Pristresok-pre-autobusove-zastavky-typ-06-525-cm.jpg\",\"datePublished\":\"2023-07-19T13:34:24+00:00\",\"dateModified\":\"2025-02-26T09:03:06+00:00\",\"description\":\"Pr\u00edstre\u0161ok pre autobusov\u00e9 zast\u00e1vky typ 06 s mo\u017enos\u0165ou v\u00fdberu kon\u0161trukcie pr\u00edstre\u0161ku z pozinkovanej a ma\u013eovanej ocele alebo z nehrdzavej\u00facej ocele. Lavi\u010dka je z lamiel z ihli\u010dnat\u00e9ho dreva chr\u00e1nen\u00e1 impregn\u00e1ciou a dvojitou vrstvou laku.\u00a0\",\"breadcrumb\":{\"@id\":\"https:\/\/ecoprogress.eu\/de\/produkt\/pristresok-pre-autobusove-zastavky-typ-06-525-cm\/#breadcrumb\"},\"inLanguage\":\"de\",\"potentialAction\":[{\"@type\":\"ReadAction\",\"target\":[\"https:\/\/ecoprogress.eu\/de\/produkt\/pristresok-pre-autobusove-zastavky-typ-06-525-cm\/\"]}]},{\"@type\":\"ImageObject\",\"inLanguage\":\"de\",\"@id\":\"https:\/\/ecoprogress.eu\/de\/produkt\/pristresok-pre-autobusove-zastavky-typ-06-525-cm\/#primaryimage\",\"url\":\"https:\/\/ecoprogress.eu\/wp-content\/uploads\/Pristresok-pre-autobusove-zastavky-typ-06-525-cm.jpg\",\"contentUrl\":\"https:\/\/ecoprogress.eu\/wp-content\/uploads\/Pristresok-pre-autobusove-zastavky-typ-06-525-cm.jpg\",\"width\":800,\"height\":600},{\"@type\":\"BreadcrumbList\",\"@id\":\"https:\/\/ecoprogress.eu\/de\/produkt\/pristresok-pre-autobusove-zastavky-typ-06-525-cm\/#breadcrumb\",\"itemListElement\":[{\"@type\":\"ListItem\",\"position\":1,\"name\":\"Produkte\",\"item\":\"https:\/\/ecoprogress.eu\/de\/produkte\/\"},{\"@type\":\"ListItem\",\"position\":2,\"name\":\"Pr\u00edstre\u0161ok pre autobusov\u00e9 zast\u00e1vky typ 06 &#8211; 525 cm\"}]},{\"@type\":\"WebSite\",\"@id\":\"https:\/\/ecoprogress.eu\/de\/#website\",\"url\":\"https:\/\/ecoprogress.eu\/de\/\",\"name\":\"Ecoprogress\",\"description\":\"\",\"publisher\":{\"@id\":\"https:\/\/ecoprogress.eu\/de\/#organization\"},\"potentialAction\":[{\"@type\":\"SearchAction\",\"target\":{\"@type\":\"EntryPoint\",\"urlTemplate\":\"https:\/\/ecoprogress.eu\/de\/?s={search_term_string}\"},\"query-input\":{\"@type\":\"PropertyValueSpecification\",\"valueRequired\":true,\"valueName\":\"search_term_string\"}}],\"inLanguage\":\"de\"},{\"@type\":\"Organization\",\"@id\":\"https:\/\/ecoprogress.eu\/de\/#organization\",\"name\":\"Ecoprogress\",\"url\":\"https:\/\/ecoprogress.eu\/de\/\",\"logo\":{\"@type\":\"ImageObject\",\"inLanguage\":\"de\",\"@id\":\"https:\/\/ecoprogress.eu\/de\/#\/schema\/logo\/image\/\",\"url\":\"https:\/\/ecoprogress.eu\/wp-content\/uploads\/logo-2.svg\",\"contentUrl\":\"https:\/\/ecoprogress.eu\/wp-content\/uploads\/logo-2.svg\",\"width\":318,\"height\":349,\"caption\":\"Ecoprogress\"},\"image\":{\"@id\":\"https:\/\/ecoprogress.eu\/de\/#\/schema\/logo\/image\/\"}}]}<\/script>\n<!-- \/ Yoast SEO plugin. -->","yoast_head_json":{"title":"Pr\u00edstre\u0161ok pre autobusov\u00e9 zast\u00e1vky typ 06 - 525 cm | Ecoprogress","description":"Pr\u00edstre\u0161ok pre autobusov\u00e9 zast\u00e1vky typ 06 s mo\u017enos\u0165ou v\u00fdberu kon\u0161trukcie pr\u00edstre\u0161ku z pozinkovanej a ma\u013eovanej ocele alebo z nehrdzavej\u00facej ocele. Lavi\u010dka je z lamiel z ihli\u010dnat\u00e9ho dreva chr\u00e1nen\u00e1 impregn\u00e1ciou a dvojitou vrstvou laku.\u00a0","robots":{"index":"index","follow":"follow","max-snippet":"max-snippet:-1","max-image-preview":"max-image-preview:large","max-video-preview":"max-video-preview:-1"},"canonical":"https:\/\/ecoprogress.eu\/de\/produkt\/pristresok-pre-autobusove-zastavky-typ-06-525-cm\/","og_locale":"de_DE","og_type":"article","og_title":"Pr\u00edstre\u0161ok pre autobusov\u00e9 zast\u00e1vky typ 06 - 525 cm | Ecoprogress","og_description":"Pr\u00edstre\u0161ok pre autobusov\u00e9 zast\u00e1vky typ 06 s mo\u017enos\u0165ou v\u00fdberu kon\u0161trukcie pr\u00edstre\u0161ku z pozinkovanej a ma\u013eovanej ocele alebo z nehrdzavej\u00facej ocele. Lavi\u010dka je z lamiel z ihli\u010dnat\u00e9ho dreva chr\u00e1nen\u00e1 impregn\u00e1ciou a dvojitou vrstvou laku.\u00a0","og_url":"https:\/\/ecoprogress.eu\/de\/produkt\/pristresok-pre-autobusove-zastavky-typ-06-525-cm\/","og_site_name":"Ecoprogress","article_modified_time":"2025-02-26T09:03:06+00:00","og_image":[{"width":800,"height":600,"url":"https:\/\/ecoprogress.eu\/wp-content\/uploads\/Pristresok-pre-autobusove-zastavky-typ-06-525-cm.jpg","type":"image\/jpeg"}],"twitter_card":"summary_large_image","twitter_misc":{"Gesch\u00e4tzte Lesezeit":"1\u00a0Minute"},"schema":{"@context":"https:\/\/schema.org","@graph":[{"@type":"WebPage","@id":"https:\/\/ecoprogress.eu\/de\/produkt\/pristresok-pre-autobusove-zastavky-typ-06-525-cm\/","url":"https:\/\/ecoprogress.eu\/de\/produkt\/pristresok-pre-autobusove-zastavky-typ-06-525-cm\/","name":"Pr\u00edstre\u0161ok pre autobusov\u00e9 zast\u00e1vky typ 06 - 525 cm | Ecoprogress","isPartOf":{"@id":"https:\/\/ecoprogress.eu\/de\/#website"},"primaryImageOfPage":{"@id":"https:\/\/ecoprogress.eu\/de\/produkt\/pristresok-pre-autobusove-zastavky-typ-06-525-cm\/#primaryimage"},"image":{"@id":"https:\/\/ecoprogress.eu\/de\/produkt\/pristresok-pre-autobusove-zastavky-typ-06-525-cm\/#primaryimage"},"thumbnailUrl":"https:\/\/ecoprogress.eu\/wp-content\/uploads\/Pristresok-pre-autobusove-zastavky-typ-06-525-cm.jpg","datePublished":"2023-07-19T13:34:24+00:00","dateModified":"2025-02-26T09:03:06+00:00","description":"Pr\u00edstre\u0161ok pre autobusov\u00e9 zast\u00e1vky typ 06 s mo\u017enos\u0165ou v\u00fdberu kon\u0161trukcie pr\u00edstre\u0161ku z pozinkovanej a ma\u013eovanej ocele alebo z nehrdzavej\u00facej ocele. Lavi\u010dka je z lamiel z ihli\u010dnat\u00e9ho dreva chr\u00e1nen\u00e1 impregn\u00e1ciou a dvojitou vrstvou laku.\u00a0","breadcrumb":{"@id":"https:\/\/ecoprogress.eu\/de\/produkt\/pristresok-pre-autobusove-zastavky-typ-06-525-cm\/#breadcrumb"},"inLanguage":"de","potentialAction":[{"@type":"ReadAction","target":["https:\/\/ecoprogress.eu\/de\/produkt\/pristresok-pre-autobusove-zastavky-typ-06-525-cm\/"]}]},{"@type":"ImageObject","inLanguage":"de","@id":"https:\/\/ecoprogress.eu\/de\/produkt\/pristresok-pre-autobusove-zastavky-typ-06-525-cm\/#primaryimage","url":"https:\/\/ecoprogress.eu\/wp-content\/uploads\/Pristresok-pre-autobusove-zastavky-typ-06-525-cm.jpg","contentUrl":"https:\/\/ecoprogress.eu\/wp-content\/uploads\/Pristresok-pre-autobusove-zastavky-typ-06-525-cm.jpg","width":800,"height":600},{"@type":"BreadcrumbList","@id":"https:\/\/ecoprogress.eu\/de\/produkt\/pristresok-pre-autobusove-zastavky-typ-06-525-cm\/#breadcrumb","itemListElement":[{"@type":"ListItem","position":1,"name":"Produkte","item":"https:\/\/ecoprogress.eu\/de\/produkte\/"},{"@type":"ListItem","position":2,"name":"Pr\u00edstre\u0161ok pre autobusov\u00e9 zast\u00e1vky typ 06 &#8211; 525 cm"}]},{"@type":"WebSite","@id":"https:\/\/ecoprogress.eu\/de\/#website","url":"https:\/\/ecoprogress.eu\/de\/","name":"Ecoprogress","description":"","publisher":{"@id":"https:\/\/ecoprogress.eu\/de\/#organization"},"potentialAction":[{"@type":"SearchAction","target":{"@type":"EntryPoint","urlTemplate":"https:\/\/ecoprogress.eu\/de\/?s={search_term_string}"},"query-input":{"@type":"PropertyValueSpecification","valueRequired":true,"valueName":"search_term_string"}}],"inLanguage":"de"},{"@type":"Organization","@id":"https:\/\/ecoprogress.eu\/de\/#organization","name":"Ecoprogress","url":"https:\/\/ecoprogress.eu\/de\/","logo":{"@type":"ImageObject","inLanguage":"de","@id":"https:\/\/ecoprogress.eu\/de\/#\/schema\/logo\/image\/","url":"https:\/\/ecoprogress.eu\/wp-content\/uploads\/logo-2.svg","contentUrl":"https:\/\/ecoprogress.eu\/wp-content\/uploads\/logo-2.svg","width":318,"height":349,"caption":"Ecoprogress"},"image":{"@id":"https:\/\/ecoprogress.eu\/de\/#\/schema\/logo\/image\/"}}]}},"_links":{"self":[{"href":"https:\/\/ecoprogress.eu\/de\/wp-json\/wp\/v2\/product\/45240","targetHints":{"allow":["GET"]}}],"collection":[{"href":"https:\/\/ecoprogress.eu\/de\/wp-json\/wp\/v2\/product"}],"about":[{"href":"https:\/\/ecoprogress.eu\/de\/wp-json\/wp\/v2\/types\/product"}],"version-history":[{"count":1,"href":"https:\/\/ecoprogress.eu\/de\/wp-json\/wp\/v2\/product\/45240\/revisions"}],"predecessor-version":[{"id":52757,"href":"https:\/\/ecoprogress.eu\/de\/wp-json\/wp\/v2\/product\/45240\/revisions\/52757"}],"wp:featuredmedia":[{"embeddable":true,"href":"https:\/\/ecoprogress.eu\/de\/wp-json\/wp\/v2\/media\/45220"}],"wp:attachment":[{"href":"https:\/\/ecoprogress.eu\/de\/wp-json\/wp\/v2\/media?parent=45240"}],"wp:term":[{"taxonomy":"product_brand","embeddable":true,"href":"https:\/\/ecoprogress.eu\/de\/wp-json\/wp\/v2\/product_brand?post=45240"},{"taxonomy":"product_cat","embeddable":true,"href":"https:\/\/ecoprogress.eu\/de\/wp-json\/wp\/v2\/product_cat?post=45240"},{"taxonomy":"product_tag","embeddable":true,"href":"https:\/\/ecoprogress.eu\/de\/wp-json\/wp\/v2\/product_tag?post=45240"}],"curies":[{"name":"wp","href":"https:\/\/api.w.org\/{rel}","templated":true}]}}