{"id":45489,"date":"2023-07-21T14:32:55","date_gmt":"2023-07-21T12:32:55","guid":{"rendered":"https:\/\/ecoprogress.eu\/?post_type=product&#038;p=45489"},"modified":"2023-11-06T15:21:27","modified_gmt":"2023-11-06T14:21:27","slug":"box-pre-bicycle-typ-03","status":"publish","type":"product","link":"https:\/\/ecoprogress.eu\/de\/produkt\/box-pre-bicycle-typ-03\/","title":{"rendered":"Box pre bicycle typ 03"},"content":{"rendered":"<p>Dodanie 4-6 t\u00fd\u017ed\u0148ov (pod\u013ea stavu skladov\u00fdch z\u00e1sob)<\/p>\n<p>Box je \u0161tandardne vybaven\u00fd trojbodov\u00fdm z\u00e1mkom, volite\u013ene je mo\u017en\u00e9 prisp\u00f4sobi\u0165 in\u00e9 uzamykacie syst\u00e9my.<\/p>\n\n<table id=\"tablepress-2833\" class=\"tablepress tablepress-id-2833\">\n<tbody class=\"row-striping row-hover\">\n<tr class=\"row-1\">\n\t<td class=\"column-1\">po\u010det stanov\u00edsk<\/td><td class=\"column-2\">1<\/td>\n<\/tr>\n<tr class=\"row-2\">\n\t<td class=\"column-1\">v\u00fd\u0161ka<\/td><td class=\"column-2\">129 cm<\/td>\n<\/tr>\n<tr class=\"row-3\">\n\t<td class=\"column-1\">\u0161\u00edrka<\/td><td class=\"column-2\">86 cm<\/td>\n<\/tr>\n<tr class=\"row-4\">\n\t<td class=\"column-1\">h\u013abka<\/td><td class=\"column-2\">203 cm<\/td>\n<\/tr>\n<tr class=\"row-5\">\n\t<td class=\"column-1\">materi\u00e1l<\/td><td class=\"column-2\">pozinkovan\u00e1 a ma\u013eovan\u00e1 oce\u013e<\/td>\n<\/tr>\n<tr class=\"row-6\">\n\t<td class=\"column-1\">komponenty<\/td><td class=\"column-2\">plech 1,5 mm<\/td>\n<\/tr>\n<\/tbody>\n<\/table>\n<!-- #tablepress-2833 from cache -->\n","protected":false},"excerpt":{"rendered":"<p>Box pre bicykle typ 3 poskytuje bezpe\u010dn\u00e9 a spo\u013eahliv\u00e9 ulo\u017eenie jedn\u00e9ho bicykla. Vyroben\u00fd je z 1,5 mm hrub\u00e9ho pozinkovan\u00e9ho a lakovan\u00e9ho plechu. Vo vn\u00fatri boxu sa nach\u00e1dza vodiaca li\u0161ta so stojanom, ktor\u00e1 umo\u017e\u0148uje bezpe\u010dn\u00e9 parkovanie a uskladnenie bicykla.<\/p>\n","protected":false},"featured_media":48908,"template":"","meta":[],"product_brand":[],"product_cat":[328,659],"product_tag":[],"class_list":{"0":"post-45489","1":"product","2":"type-product","3":"status-publish","4":"has-post-thumbnail","6":"product_cat-boxy-pre-bicykle","7":"product_cat-ocelovy-mobiliar","9":"first","10":"instock","11":"taxable","12":"shipping-taxable","13":"purchasable","14":"product-type-simple"},"yoast_head":"<!-- This site is optimized with the Yoast SEO plugin v27.2 - https:\/\/yoast.com\/product\/yoast-seo-wordpress\/ -->\n<title>Box pre bicycle typ 03 | Ecoprogress<\/title>\n<meta name=\"description\" content=\"Box pre bicykle typ 3 poskytuje bezpe\u010dn\u00e9 a spo\u013eahliv\u00e9 ulo\u017eenie jedn\u00e9ho bicykla. Vyroben\u00fd je z 1,5 mm hrub\u00e9ho pozinkovan\u00e9ho a lakovan\u00e9ho plechu.\" \/>\n<meta name=\"robots\" content=\"index, follow, max-snippet:-1, max-image-preview:large, max-video-preview:-1\" \/>\n<link rel=\"canonical\" href=\"https:\/\/ecoprogress.eu\/de\/produkt\/box-pre-bicycle-typ-03\/\" \/>\n<meta property=\"og:locale\" content=\"de_DE\" \/>\n<meta property=\"og:type\" content=\"article\" \/>\n<meta property=\"og:title\" content=\"Box pre bicycle typ 03 | Ecoprogress\" \/>\n<meta property=\"og:description\" content=\"Box pre bicykle typ 3 poskytuje bezpe\u010dn\u00e9 a spo\u013eahliv\u00e9 ulo\u017eenie jedn\u00e9ho bicykla. Vyroben\u00fd je z 1,5 mm hrub\u00e9ho pozinkovan\u00e9ho a lakovan\u00e9ho plechu.\" \/>\n<meta property=\"og:url\" content=\"https:\/\/ecoprogress.eu\/de\/produkt\/box-pre-bicycle-typ-03\/\" \/>\n<meta property=\"og:site_name\" content=\"Ecoprogress\" \/>\n<meta property=\"article:modified_time\" content=\"2023-11-06T14:21:27+00:00\" \/>\n<meta property=\"og:image\" content=\"https:\/\/ecoprogress.eu\/wp-content\/uploads\/box-na-bicykle-typ-1.webp\" \/>\n\t<meta property=\"og:image:width\" content=\"800\" \/>\n\t<meta property=\"og:image:height\" content=\"600\" \/>\n\t<meta property=\"og:image:type\" content=\"image\/webp\" \/>\n<meta name=\"twitter:card\" content=\"summary_large_image\" \/>\n<meta name=\"twitter:label1\" content=\"Gesch\u00e4tzte Lesezeit\" \/>\n\t<meta name=\"twitter:data1\" content=\"1\u00a0Minute\" \/>\n<script type=\"application\/ld+json\" class=\"yoast-schema-graph\">{\"@context\":\"https:\/\/schema.org\",\"@graph\":[{\"@type\":\"WebPage\",\"@id\":\"https:\/\/ecoprogress.eu\/de\/produkt\/box-pre-bicycle-typ-03\/\",\"url\":\"https:\/\/ecoprogress.eu\/de\/produkt\/box-pre-bicycle-typ-03\/\",\"name\":\"Box pre bicycle typ 03 | Ecoprogress\",\"isPartOf\":{\"@id\":\"https:\/\/ecoprogress.eu\/de\/#website\"},\"primaryImageOfPage\":{\"@id\":\"https:\/\/ecoprogress.eu\/de\/produkt\/box-pre-bicycle-typ-03\/#primaryimage\"},\"image\":{\"@id\":\"https:\/\/ecoprogress.eu\/de\/produkt\/box-pre-bicycle-typ-03\/#primaryimage\"},\"thumbnailUrl\":\"https:\/\/ecoprogress.eu\/wp-content\/uploads\/box-na-bicykle-typ-1.webp\",\"datePublished\":\"2023-07-21T12:32:55+00:00\",\"dateModified\":\"2023-11-06T14:21:27+00:00\",\"description\":\"Box pre bicykle typ 3 poskytuje bezpe\u010dn\u00e9 a spo\u013eahliv\u00e9 ulo\u017eenie jedn\u00e9ho bicykla. Vyroben\u00fd je z 1,5 mm hrub\u00e9ho pozinkovan\u00e9ho a lakovan\u00e9ho plechu.\",\"breadcrumb\":{\"@id\":\"https:\/\/ecoprogress.eu\/de\/produkt\/box-pre-bicycle-typ-03\/#breadcrumb\"},\"inLanguage\":\"de\",\"potentialAction\":[{\"@type\":\"ReadAction\",\"target\":[\"https:\/\/ecoprogress.eu\/de\/produkt\/box-pre-bicycle-typ-03\/\"]}]},{\"@type\":\"ImageObject\",\"inLanguage\":\"de\",\"@id\":\"https:\/\/ecoprogress.eu\/de\/produkt\/box-pre-bicycle-typ-03\/#primaryimage\",\"url\":\"https:\/\/ecoprogress.eu\/wp-content\/uploads\/box-na-bicykle-typ-1.webp\",\"contentUrl\":\"https:\/\/ecoprogress.eu\/wp-content\/uploads\/box-na-bicykle-typ-1.webp\",\"width\":800,\"height\":600},{\"@type\":\"BreadcrumbList\",\"@id\":\"https:\/\/ecoprogress.eu\/de\/produkt\/box-pre-bicycle-typ-03\/#breadcrumb\",\"itemListElement\":[{\"@type\":\"ListItem\",\"position\":1,\"name\":\"Produkte\",\"item\":\"https:\/\/ecoprogress.eu\/de\/produkte\/\"},{\"@type\":\"ListItem\",\"position\":2,\"name\":\"Box pre bicycle typ 03\"}]},{\"@type\":\"WebSite\",\"@id\":\"https:\/\/ecoprogress.eu\/de\/#website\",\"url\":\"https:\/\/ecoprogress.eu\/de\/\",\"name\":\"Ecoprogress\",\"description\":\"\",\"publisher\":{\"@id\":\"https:\/\/ecoprogress.eu\/de\/#organization\"},\"potentialAction\":[{\"@type\":\"SearchAction\",\"target\":{\"@type\":\"EntryPoint\",\"urlTemplate\":\"https:\/\/ecoprogress.eu\/de\/?s={search_term_string}\"},\"query-input\":{\"@type\":\"PropertyValueSpecification\",\"valueRequired\":true,\"valueName\":\"search_term_string\"}}],\"inLanguage\":\"de\"},{\"@type\":\"Organization\",\"@id\":\"https:\/\/ecoprogress.eu\/de\/#organization\",\"name\":\"Ecoprogress\",\"url\":\"https:\/\/ecoprogress.eu\/de\/\",\"logo\":{\"@type\":\"ImageObject\",\"inLanguage\":\"de\",\"@id\":\"https:\/\/ecoprogress.eu\/de\/#\/schema\/logo\/image\/\",\"url\":\"https:\/\/ecoprogress.eu\/wp-content\/uploads\/logo-2.svg\",\"contentUrl\":\"https:\/\/ecoprogress.eu\/wp-content\/uploads\/logo-2.svg\",\"width\":318,\"height\":349,\"caption\":\"Ecoprogress\"},\"image\":{\"@id\":\"https:\/\/ecoprogress.eu\/de\/#\/schema\/logo\/image\/\"}}]}<\/script>\n<!-- \/ Yoast SEO plugin. -->","yoast_head_json":{"title":"Box pre bicycle typ 03 | Ecoprogress","description":"Box pre bicykle typ 3 poskytuje bezpe\u010dn\u00e9 a spo\u013eahliv\u00e9 ulo\u017eenie jedn\u00e9ho bicykla. Vyroben\u00fd je z 1,5 mm hrub\u00e9ho pozinkovan\u00e9ho a lakovan\u00e9ho plechu.","robots":{"index":"index","follow":"follow","max-snippet":"max-snippet:-1","max-image-preview":"max-image-preview:large","max-video-preview":"max-video-preview:-1"},"canonical":"https:\/\/ecoprogress.eu\/de\/produkt\/box-pre-bicycle-typ-03\/","og_locale":"de_DE","og_type":"article","og_title":"Box pre bicycle typ 03 | Ecoprogress","og_description":"Box pre bicykle typ 3 poskytuje bezpe\u010dn\u00e9 a spo\u013eahliv\u00e9 ulo\u017eenie jedn\u00e9ho bicykla. Vyroben\u00fd je z 1,5 mm hrub\u00e9ho pozinkovan\u00e9ho a lakovan\u00e9ho plechu.","og_url":"https:\/\/ecoprogress.eu\/de\/produkt\/box-pre-bicycle-typ-03\/","og_site_name":"Ecoprogress","article_modified_time":"2023-11-06T14:21:27+00:00","og_image":[{"width":800,"height":600,"url":"https:\/\/ecoprogress.eu\/wp-content\/uploads\/box-na-bicykle-typ-1.webp","type":"image\/webp"}],"twitter_card":"summary_large_image","twitter_misc":{"Gesch\u00e4tzte Lesezeit":"1\u00a0Minute"},"schema":{"@context":"https:\/\/schema.org","@graph":[{"@type":"WebPage","@id":"https:\/\/ecoprogress.eu\/de\/produkt\/box-pre-bicycle-typ-03\/","url":"https:\/\/ecoprogress.eu\/de\/produkt\/box-pre-bicycle-typ-03\/","name":"Box pre bicycle typ 03 | Ecoprogress","isPartOf":{"@id":"https:\/\/ecoprogress.eu\/de\/#website"},"primaryImageOfPage":{"@id":"https:\/\/ecoprogress.eu\/de\/produkt\/box-pre-bicycle-typ-03\/#primaryimage"},"image":{"@id":"https:\/\/ecoprogress.eu\/de\/produkt\/box-pre-bicycle-typ-03\/#primaryimage"},"thumbnailUrl":"https:\/\/ecoprogress.eu\/wp-content\/uploads\/box-na-bicykle-typ-1.webp","datePublished":"2023-07-21T12:32:55+00:00","dateModified":"2023-11-06T14:21:27+00:00","description":"Box pre bicykle typ 3 poskytuje bezpe\u010dn\u00e9 a spo\u013eahliv\u00e9 ulo\u017eenie jedn\u00e9ho bicykla. Vyroben\u00fd je z 1,5 mm hrub\u00e9ho pozinkovan\u00e9ho a lakovan\u00e9ho plechu.","breadcrumb":{"@id":"https:\/\/ecoprogress.eu\/de\/produkt\/box-pre-bicycle-typ-03\/#breadcrumb"},"inLanguage":"de","potentialAction":[{"@type":"ReadAction","target":["https:\/\/ecoprogress.eu\/de\/produkt\/box-pre-bicycle-typ-03\/"]}]},{"@type":"ImageObject","inLanguage":"de","@id":"https:\/\/ecoprogress.eu\/de\/produkt\/box-pre-bicycle-typ-03\/#primaryimage","url":"https:\/\/ecoprogress.eu\/wp-content\/uploads\/box-na-bicykle-typ-1.webp","contentUrl":"https:\/\/ecoprogress.eu\/wp-content\/uploads\/box-na-bicykle-typ-1.webp","width":800,"height":600},{"@type":"BreadcrumbList","@id":"https:\/\/ecoprogress.eu\/de\/produkt\/box-pre-bicycle-typ-03\/#breadcrumb","itemListElement":[{"@type":"ListItem","position":1,"name":"Produkte","item":"https:\/\/ecoprogress.eu\/de\/produkte\/"},{"@type":"ListItem","position":2,"name":"Box pre bicycle typ 03"}]},{"@type":"WebSite","@id":"https:\/\/ecoprogress.eu\/de\/#website","url":"https:\/\/ecoprogress.eu\/de\/","name":"Ecoprogress","description":"","publisher":{"@id":"https:\/\/ecoprogress.eu\/de\/#organization"},"potentialAction":[{"@type":"SearchAction","target":{"@type":"EntryPoint","urlTemplate":"https:\/\/ecoprogress.eu\/de\/?s={search_term_string}"},"query-input":{"@type":"PropertyValueSpecification","valueRequired":true,"valueName":"search_term_string"}}],"inLanguage":"de"},{"@type":"Organization","@id":"https:\/\/ecoprogress.eu\/de\/#organization","name":"Ecoprogress","url":"https:\/\/ecoprogress.eu\/de\/","logo":{"@type":"ImageObject","inLanguage":"de","@id":"https:\/\/ecoprogress.eu\/de\/#\/schema\/logo\/image\/","url":"https:\/\/ecoprogress.eu\/wp-content\/uploads\/logo-2.svg","contentUrl":"https:\/\/ecoprogress.eu\/wp-content\/uploads\/logo-2.svg","width":318,"height":349,"caption":"Ecoprogress"},"image":{"@id":"https:\/\/ecoprogress.eu\/de\/#\/schema\/logo\/image\/"}}]}},"_links":{"self":[{"href":"https:\/\/ecoprogress.eu\/de\/wp-json\/wp\/v2\/product\/45489","targetHints":{"allow":["GET"]}}],"collection":[{"href":"https:\/\/ecoprogress.eu\/de\/wp-json\/wp\/v2\/product"}],"about":[{"href":"https:\/\/ecoprogress.eu\/de\/wp-json\/wp\/v2\/types\/product"}],"version-history":[{"count":0,"href":"https:\/\/ecoprogress.eu\/de\/wp-json\/wp\/v2\/product\/45489\/revisions"}],"wp:featuredmedia":[{"embeddable":true,"href":"https:\/\/ecoprogress.eu\/de\/wp-json\/wp\/v2\/media\/48908"}],"wp:attachment":[{"href":"https:\/\/ecoprogress.eu\/de\/wp-json\/wp\/v2\/media?parent=45489"}],"wp:term":[{"taxonomy":"product_brand","embeddable":true,"href":"https:\/\/ecoprogress.eu\/de\/wp-json\/wp\/v2\/product_brand?post=45489"},{"taxonomy":"product_cat","embeddable":true,"href":"https:\/\/ecoprogress.eu\/de\/wp-json\/wp\/v2\/product_cat?post=45489"},{"taxonomy":"product_tag","embeddable":true,"href":"https:\/\/ecoprogress.eu\/de\/wp-json\/wp\/v2\/product_tag?post=45489"}],"curies":[{"name":"wp","href":"https:\/\/api.w.org\/{rel}","templated":true}]}}