{"id":49527,"date":"2023-08-22T12:38:06","date_gmt":"2023-08-22T10:38:06","guid":{"rendered":"https:\/\/ecoprogress.eu\/?post_type=product&#038;p=49527"},"modified":"2025-04-09T14:34:21","modified_gmt":"2025-04-09T12:34:21","slug":"odpadkovy-kos-segregacny-typ-64","status":"publish","type":"product","link":"https:\/\/ecoprogress.eu\/de\/produkt\/odpadkovy-kos-segregacny-typ-64\/","title":{"rendered":"Odpadkov\u00fd k\u00f4\u0161 segrega\u010dn\u00fd typ 64"},"content":{"rendered":"<p>Dodanie 4-6 t\u00fd\u017ed\u0148ov (pod\u013ea stavu skladov\u00fdch z\u00e1sob)<\/p>\n\n<table id=\"tablepress-2914\" class=\"tablepress tablepress-id-2914\">\n<tbody class=\"row-striping row-hover\">\n<tr class=\"row-1\">\n\t<td class=\"column-1\">materi\u00e1l<\/td><td class=\"column-2\">pozinkovan\u00e1 a ma\u013eovan\u00e1 oce\u013e, nehrdzavej\u00faca oce\u013e<\/td>\n<\/tr>\n<tr class=\"row-2\">\n\t<td class=\"column-1\">\u0161\u00edrka<\/td><td class=\"column-2\">60 cm<\/td>\n<\/tr>\n<tr class=\"row-3\">\n\t<td class=\"column-1\">v\u00fd\u0161ka<\/td><td class=\"column-2\">120 cm<\/td>\n<\/tr>\n<tr class=\"row-4\">\n\t<td class=\"column-1\">h\u013abka<\/td><td class=\"column-2\">30 cm<\/td>\n<\/tr>\n<tr class=\"row-5\">\n\t<td class=\"column-1\">kapacita<\/td><td class=\"column-2\">3 x 30 l<\/td>\n<\/tr>\n<tr class=\"row-6\">\n\t<td class=\"column-1\">strie\u0161ka<\/td><td class=\"column-2\">ano<\/td>\n<\/tr>\n<tr class=\"row-7\">\n\t<td class=\"column-1\">popoln\u00edk<\/td><td class=\"column-2\">nie<\/td>\n<\/tr>\n<\/tbody>\n<\/table>\n\n","protected":false},"excerpt":{"rendered":"<p>Odpadkov\u00fd k\u00f4\u0161 segrega\u010dn\u00fd typ 64 pozost\u00e1va z 3 n\u00e1dob na triedenie odpadu. Ur\u010den\u00fd pre obmedzen\u00e9 priestory. Vyroben\u00fd z 1 mm plechu.<\/p>\n","protected":false},"featured_media":50026,"template":"","meta":[],"product_brand":[],"product_cat":[177,155,183,187,659,290],"product_tag":[],"class_list":{"0":"post-49527","1":"product","2":"type-product","3":"status-publish","4":"has-post-thumbnail","6":"product_cat-kose-park-a-ulica","7":"product_cat-malaurbanistickaarchitektura","8":"product_cat-nerezove-2","9":"product_cat-obdlznikove","10":"product_cat-ocelovy-mobiliar","11":"product_cat-segregacne","12":"product_shipping_class-kose","14":"first","15":"instock","16":"taxable","17":"shipping-taxable","18":"purchasable","19":"product-type-variable"},"yoast_head":"<!-- This site is optimized with the Yoast SEO plugin v27.2 - https:\/\/yoast.com\/product\/yoast-seo-wordpress\/ -->\n<title>Odpadkov\u00fd k\u00f4\u0161 segrega\u010dn\u00fd typ 64 | Ecoprogress<\/title>\n<meta name=\"description\" content=\"Odpadkov\u00fd k\u00f4\u0161 segrega\u010dn\u00fd typ 64 pozost\u00e1va z 3 n\u00e1dob na triedenie odpadu. Ur\u010den\u00fd pre obmedzen\u00e9 priestory. Vyroben\u00fd z 1 mm plechu.\" \/>\n<meta name=\"robots\" content=\"index, follow, max-snippet:-1, max-image-preview:large, max-video-preview:-1\" \/>\n<link rel=\"canonical\" href=\"https:\/\/ecoprogress.eu\/de\/produkt\/odpadkovy-kos-segregacny-typ-64\/\" \/>\n<meta property=\"og:locale\" content=\"de_DE\" \/>\n<meta property=\"og:type\" content=\"article\" \/>\n<meta property=\"og:title\" content=\"Odpadkov\u00fd k\u00f4\u0161 segrega\u010dn\u00fd typ 64 | Ecoprogress\" \/>\n<meta property=\"og:description\" content=\"Odpadkov\u00fd k\u00f4\u0161 segrega\u010dn\u00fd typ 64 pozost\u00e1va z 3 n\u00e1dob na triedenie odpadu. Ur\u010den\u00fd pre obmedzen\u00e9 priestory. Vyroben\u00fd z 1 mm plechu.\" \/>\n<meta property=\"og:url\" content=\"https:\/\/ecoprogress.eu\/de\/produkt\/odpadkovy-kos-segregacny-typ-64\/\" \/>\n<meta property=\"og:site_name\" content=\"Ecoprogress\" \/>\n<meta property=\"article:modified_time\" content=\"2025-04-09T12:34:21+00:00\" \/>\n<meta property=\"og:image\" content=\"https:\/\/ecoprogress.eu\/wp-content\/uploads\/segregacny-64.webp\" \/>\n\t<meta property=\"og:image:width\" content=\"800\" \/>\n\t<meta property=\"og:image:height\" content=\"600\" \/>\n\t<meta property=\"og:image:type\" content=\"image\/webp\" \/>\n<meta name=\"twitter:card\" content=\"summary_large_image\" \/>\n<meta name=\"twitter:label1\" content=\"Gesch\u00e4tzte Lesezeit\" \/>\n\t<meta name=\"twitter:data1\" content=\"1\u00a0Minute\" \/>\n<script type=\"application\/ld+json\" class=\"yoast-schema-graph\">{\"@context\":\"https:\/\/schema.org\",\"@graph\":[{\"@type\":\"WebPage\",\"@id\":\"https:\/\/ecoprogress.eu\/de\/produkt\/odpadkovy-kos-segregacny-typ-64\/\",\"url\":\"https:\/\/ecoprogress.eu\/de\/produkt\/odpadkovy-kos-segregacny-typ-64\/\",\"name\":\"Odpadkov\u00fd k\u00f4\u0161 segrega\u010dn\u00fd typ 64 | Ecoprogress\",\"isPartOf\":{\"@id\":\"https:\/\/ecoprogress.eu\/de\/#website\"},\"primaryImageOfPage\":{\"@id\":\"https:\/\/ecoprogress.eu\/de\/produkt\/odpadkovy-kos-segregacny-typ-64\/#primaryimage\"},\"image\":{\"@id\":\"https:\/\/ecoprogress.eu\/de\/produkt\/odpadkovy-kos-segregacny-typ-64\/#primaryimage\"},\"thumbnailUrl\":\"https:\/\/ecoprogress.eu\/wp-content\/uploads\/segregacny-64.webp\",\"datePublished\":\"2023-08-22T10:38:06+00:00\",\"dateModified\":\"2025-04-09T12:34:21+00:00\",\"description\":\"Odpadkov\u00fd k\u00f4\u0161 segrega\u010dn\u00fd typ 64 pozost\u00e1va z 3 n\u00e1dob na triedenie odpadu. Ur\u010den\u00fd pre obmedzen\u00e9 priestory. Vyroben\u00fd z 1 mm plechu.\",\"breadcrumb\":{\"@id\":\"https:\/\/ecoprogress.eu\/de\/produkt\/odpadkovy-kos-segregacny-typ-64\/#breadcrumb\"},\"inLanguage\":\"de\",\"potentialAction\":[{\"@type\":\"ReadAction\",\"target\":[\"https:\/\/ecoprogress.eu\/de\/produkt\/odpadkovy-kos-segregacny-typ-64\/\"]}]},{\"@type\":\"ImageObject\",\"inLanguage\":\"de\",\"@id\":\"https:\/\/ecoprogress.eu\/de\/produkt\/odpadkovy-kos-segregacny-typ-64\/#primaryimage\",\"url\":\"https:\/\/ecoprogress.eu\/wp-content\/uploads\/segregacny-64.webp\",\"contentUrl\":\"https:\/\/ecoprogress.eu\/wp-content\/uploads\/segregacny-64.webp\",\"width\":800,\"height\":600},{\"@type\":\"BreadcrumbList\",\"@id\":\"https:\/\/ecoprogress.eu\/de\/produkt\/odpadkovy-kos-segregacny-typ-64\/#breadcrumb\",\"itemListElement\":[{\"@type\":\"ListItem\",\"position\":1,\"name\":\"Produkte\",\"item\":\"https:\/\/ecoprogress.eu\/de\/produkte\/\"},{\"@type\":\"ListItem\",\"position\":2,\"name\":\"Odpadkov\u00fd k\u00f4\u0161 segrega\u010dn\u00fd typ 64\"}]},{\"@type\":\"WebSite\",\"@id\":\"https:\/\/ecoprogress.eu\/de\/#website\",\"url\":\"https:\/\/ecoprogress.eu\/de\/\",\"name\":\"Ecoprogress\",\"description\":\"\",\"publisher\":{\"@id\":\"https:\/\/ecoprogress.eu\/de\/#organization\"},\"potentialAction\":[{\"@type\":\"SearchAction\",\"target\":{\"@type\":\"EntryPoint\",\"urlTemplate\":\"https:\/\/ecoprogress.eu\/de\/?s={search_term_string}\"},\"query-input\":{\"@type\":\"PropertyValueSpecification\",\"valueRequired\":true,\"valueName\":\"search_term_string\"}}],\"inLanguage\":\"de\"},{\"@type\":\"Organization\",\"@id\":\"https:\/\/ecoprogress.eu\/de\/#organization\",\"name\":\"Ecoprogress\",\"url\":\"https:\/\/ecoprogress.eu\/de\/\",\"logo\":{\"@type\":\"ImageObject\",\"inLanguage\":\"de\",\"@id\":\"https:\/\/ecoprogress.eu\/de\/#\/schema\/logo\/image\/\",\"url\":\"https:\/\/ecoprogress.eu\/wp-content\/uploads\/logo-2.svg\",\"contentUrl\":\"https:\/\/ecoprogress.eu\/wp-content\/uploads\/logo-2.svg\",\"width\":318,\"height\":349,\"caption\":\"Ecoprogress\"},\"image\":{\"@id\":\"https:\/\/ecoprogress.eu\/de\/#\/schema\/logo\/image\/\"}}]}<\/script>\n<!-- \/ Yoast SEO plugin. -->","yoast_head_json":{"title":"Odpadkov\u00fd k\u00f4\u0161 segrega\u010dn\u00fd typ 64 | Ecoprogress","description":"Odpadkov\u00fd k\u00f4\u0161 segrega\u010dn\u00fd typ 64 pozost\u00e1va z 3 n\u00e1dob na triedenie odpadu. Ur\u010den\u00fd pre obmedzen\u00e9 priestory. Vyroben\u00fd z 1 mm plechu.","robots":{"index":"index","follow":"follow","max-snippet":"max-snippet:-1","max-image-preview":"max-image-preview:large","max-video-preview":"max-video-preview:-1"},"canonical":"https:\/\/ecoprogress.eu\/de\/produkt\/odpadkovy-kos-segregacny-typ-64\/","og_locale":"de_DE","og_type":"article","og_title":"Odpadkov\u00fd k\u00f4\u0161 segrega\u010dn\u00fd typ 64 | Ecoprogress","og_description":"Odpadkov\u00fd k\u00f4\u0161 segrega\u010dn\u00fd typ 64 pozost\u00e1va z 3 n\u00e1dob na triedenie odpadu. Ur\u010den\u00fd pre obmedzen\u00e9 priestory. Vyroben\u00fd z 1 mm plechu.","og_url":"https:\/\/ecoprogress.eu\/de\/produkt\/odpadkovy-kos-segregacny-typ-64\/","og_site_name":"Ecoprogress","article_modified_time":"2025-04-09T12:34:21+00:00","og_image":[{"width":800,"height":600,"url":"https:\/\/ecoprogress.eu\/wp-content\/uploads\/segregacny-64.webp","type":"image\/webp"}],"twitter_card":"summary_large_image","twitter_misc":{"Gesch\u00e4tzte Lesezeit":"1\u00a0Minute"},"schema":{"@context":"https:\/\/schema.org","@graph":[{"@type":"WebPage","@id":"https:\/\/ecoprogress.eu\/de\/produkt\/odpadkovy-kos-segregacny-typ-64\/","url":"https:\/\/ecoprogress.eu\/de\/produkt\/odpadkovy-kos-segregacny-typ-64\/","name":"Odpadkov\u00fd k\u00f4\u0161 segrega\u010dn\u00fd typ 64 | Ecoprogress","isPartOf":{"@id":"https:\/\/ecoprogress.eu\/de\/#website"},"primaryImageOfPage":{"@id":"https:\/\/ecoprogress.eu\/de\/produkt\/odpadkovy-kos-segregacny-typ-64\/#primaryimage"},"image":{"@id":"https:\/\/ecoprogress.eu\/de\/produkt\/odpadkovy-kos-segregacny-typ-64\/#primaryimage"},"thumbnailUrl":"https:\/\/ecoprogress.eu\/wp-content\/uploads\/segregacny-64.webp","datePublished":"2023-08-22T10:38:06+00:00","dateModified":"2025-04-09T12:34:21+00:00","description":"Odpadkov\u00fd k\u00f4\u0161 segrega\u010dn\u00fd typ 64 pozost\u00e1va z 3 n\u00e1dob na triedenie odpadu. Ur\u010den\u00fd pre obmedzen\u00e9 priestory. Vyroben\u00fd z 1 mm plechu.","breadcrumb":{"@id":"https:\/\/ecoprogress.eu\/de\/produkt\/odpadkovy-kos-segregacny-typ-64\/#breadcrumb"},"inLanguage":"de","potentialAction":[{"@type":"ReadAction","target":["https:\/\/ecoprogress.eu\/de\/produkt\/odpadkovy-kos-segregacny-typ-64\/"]}]},{"@type":"ImageObject","inLanguage":"de","@id":"https:\/\/ecoprogress.eu\/de\/produkt\/odpadkovy-kos-segregacny-typ-64\/#primaryimage","url":"https:\/\/ecoprogress.eu\/wp-content\/uploads\/segregacny-64.webp","contentUrl":"https:\/\/ecoprogress.eu\/wp-content\/uploads\/segregacny-64.webp","width":800,"height":600},{"@type":"BreadcrumbList","@id":"https:\/\/ecoprogress.eu\/de\/produkt\/odpadkovy-kos-segregacny-typ-64\/#breadcrumb","itemListElement":[{"@type":"ListItem","position":1,"name":"Produkte","item":"https:\/\/ecoprogress.eu\/de\/produkte\/"},{"@type":"ListItem","position":2,"name":"Odpadkov\u00fd k\u00f4\u0161 segrega\u010dn\u00fd typ 64"}]},{"@type":"WebSite","@id":"https:\/\/ecoprogress.eu\/de\/#website","url":"https:\/\/ecoprogress.eu\/de\/","name":"Ecoprogress","description":"","publisher":{"@id":"https:\/\/ecoprogress.eu\/de\/#organization"},"potentialAction":[{"@type":"SearchAction","target":{"@type":"EntryPoint","urlTemplate":"https:\/\/ecoprogress.eu\/de\/?s={search_term_string}"},"query-input":{"@type":"PropertyValueSpecification","valueRequired":true,"valueName":"search_term_string"}}],"inLanguage":"de"},{"@type":"Organization","@id":"https:\/\/ecoprogress.eu\/de\/#organization","name":"Ecoprogress","url":"https:\/\/ecoprogress.eu\/de\/","logo":{"@type":"ImageObject","inLanguage":"de","@id":"https:\/\/ecoprogress.eu\/de\/#\/schema\/logo\/image\/","url":"https:\/\/ecoprogress.eu\/wp-content\/uploads\/logo-2.svg","contentUrl":"https:\/\/ecoprogress.eu\/wp-content\/uploads\/logo-2.svg","width":318,"height":349,"caption":"Ecoprogress"},"image":{"@id":"https:\/\/ecoprogress.eu\/de\/#\/schema\/logo\/image\/"}}]}},"_links":{"self":[{"href":"https:\/\/ecoprogress.eu\/de\/wp-json\/wp\/v2\/product\/49527","targetHints":{"allow":["GET"]}}],"collection":[{"href":"https:\/\/ecoprogress.eu\/de\/wp-json\/wp\/v2\/product"}],"about":[{"href":"https:\/\/ecoprogress.eu\/de\/wp-json\/wp\/v2\/types\/product"}],"version-history":[{"count":1,"href":"https:\/\/ecoprogress.eu\/de\/wp-json\/wp\/v2\/product\/49527\/revisions"}],"predecessor-version":[{"id":59650,"href":"https:\/\/ecoprogress.eu\/de\/wp-json\/wp\/v2\/product\/49527\/revisions\/59650"}],"wp:featuredmedia":[{"embeddable":true,"href":"https:\/\/ecoprogress.eu\/de\/wp-json\/wp\/v2\/media\/50026"}],"wp:attachment":[{"href":"https:\/\/ecoprogress.eu\/de\/wp-json\/wp\/v2\/media?parent=49527"}],"wp:term":[{"taxonomy":"product_brand","embeddable":true,"href":"https:\/\/ecoprogress.eu\/de\/wp-json\/wp\/v2\/product_brand?post=49527"},{"taxonomy":"product_cat","embeddable":true,"href":"https:\/\/ecoprogress.eu\/de\/wp-json\/wp\/v2\/product_cat?post=49527"},{"taxonomy":"product_tag","embeddable":true,"href":"https:\/\/ecoprogress.eu\/de\/wp-json\/wp\/v2\/product_tag?post=49527"}],"curies":[{"name":"wp","href":"https:\/\/api.w.org\/{rel}","templated":true}]}}