{"id":5005,"date":"2021-06-22T09:59:40","date_gmt":"2021-06-22T07:59:40","guid":{"rendered":"https:\/\/ecoprogress.eu\/?post_type=product&#038;p=5005"},"modified":"2025-03-10T15:01:59","modified_gmt":"2025-03-10T14:01:59","slug":"lavicka-bez-operadla-typ-10","status":"publish","type":"product","link":"https:\/\/ecoprogress.eu\/de\/produkt\/lavicka-bez-operadla-typ-10\/","title":{"rendered":"Lavi\u010dka bez operadla typ 10"},"content":{"rendered":"<p>Dodanie 4-6 t\u00fd\u017ed\u0148ov (pod\u013ea stavu skladov\u00fdch z\u00e1sob)<\/p>\n\n<table id=\"tablepress-82\" class=\"tablepress tablepress-id-82\">\n<tbody class=\"row-striping row-hover\">\n<tr class=\"row-1\">\n\t<td class=\"column-1\">materi\u00e1l<\/td><td class=\"column-2\">oce\u013e ozinkovan\u00e1 a malovan\u00e1<\/td>\n<\/tr>\n<tr class=\"row-2\">\n\t<td class=\"column-1\">\u0161\u00edrka lavi\u010dky<\/td><td class=\"column-2\">150 - 180 cm<\/td>\n<\/tr>\n<tr class=\"row-3\">\n\t<td class=\"column-1\">v\u00fd\u0161ka sed\u00e1tka<\/td><td class=\"column-2\">40 cm<\/td>\n<\/tr>\n<tr class=\"row-4\">\n\t<td class=\"column-1\">h\u013abka sed\u00e1tka<\/td><td class=\"column-2\">40 cm<\/td>\n<\/tr>\n<tr class=\"row-5\">\n\t<td class=\"column-1\">po\u010det lamiel<\/td><td class=\"column-2\">5<\/td>\n<\/tr>\n<tr class=\"row-6\">\n\t<td class=\"column-1\">kon\u0161trukcia<\/td><td class=\"column-2\">ploch\u00fd plech<\/td>\n<\/tr>\n<tr class=\"row-7\">\n\t<td class=\"column-1\">materi\u00e1l lamiel<\/td><td class=\"column-2\">drevo<\/td>\n<\/tr>\n<tr class=\"row-8\">\n\t<td class=\"column-1\">opierky na lakte<\/td><td class=\"column-2\">nie<\/td>\n<\/tr>\n<\/tbody>\n<\/table>\n<!-- #tablepress-82 from cache -->\n","protected":false},"excerpt":{"rendered":"<p id=\"tw-target-text\" class=\"tw-data-text tw-text-large XcVN5d tw-ta\" dir=\"ltr\" data-placeholder=\"Preklad\"><span class=\"Y2IQFc\" lang=\"sk\">Lavi\u010dka bez operadla typ 10 navrhnut\u00e1 v modernom dizajne, je atrakt\u00edvnym prvkom mestskej architekt\u00fary a z\u00e1rove\u0148 poskytuje pohodln\u00e9 miesto na do\u010dasn\u00fd odpo\u010dinok a relax\u00e1ciu.<\/span><\/p>\n","protected":false},"featured_media":5019,"template":"","meta":[],"product_brand":[],"product_cat":[166,165,155],"product_tag":[],"class_list":{"0":"post-5005","1":"product","2":"type-product","3":"status-publish","4":"has-post-thumbnail","6":"product_cat-bez-operadla","7":"product_cat-lavicky","8":"product_cat-malaurbanistickaarchitektura","9":"product_shipping_class-lavicky","11":"first","12":"instock","13":"taxable","14":"shipping-taxable","15":"purchasable","16":"product-type-variable"},"yoast_head":"<!-- This site is optimized with the Yoast SEO plugin v27.2 - https:\/\/yoast.com\/product\/yoast-seo-wordpress\/ -->\n<title>Lavi\u010dka bez operadla typ 10 | Ecoprogress<\/title>\n<meta name=\"description\" content=\"Lavi\u010dka bez operadla typ 10 navrhnut\u00e1 v modernom dizajne je atrakt\u00edvnym prvkom mestskej architekt\u00fary a z\u00e1rove\u0148 poskytuje miesto na odpo\u010dinok.\" \/>\n<meta name=\"robots\" content=\"index, follow, max-snippet:-1, max-image-preview:large, max-video-preview:-1\" \/>\n<link rel=\"canonical\" href=\"https:\/\/ecoprogress.eu\/de\/produkt\/lavicka-bez-operadla-typ-10\/\" \/>\n<meta property=\"og:locale\" content=\"de_DE\" \/>\n<meta property=\"og:type\" content=\"article\" \/>\n<meta property=\"og:title\" content=\"Lavi\u010dka bez operadla typ 10 | Ecoprogress\" \/>\n<meta property=\"og:description\" content=\"Lavi\u010dka bez operadla typ 10 navrhnut\u00e1 v modernom dizajne je atrakt\u00edvnym prvkom mestskej architekt\u00fary a z\u00e1rove\u0148 poskytuje miesto na odpo\u010dinok.\" \/>\n<meta property=\"og:url\" content=\"https:\/\/ecoprogress.eu\/de\/produkt\/lavicka-bez-operadla-typ-10\/\" \/>\n<meta property=\"og:site_name\" content=\"Ecoprogress\" \/>\n<meta property=\"article:modified_time\" content=\"2025-03-10T14:01:59+00:00\" \/>\n<meta property=\"og:image\" content=\"https:\/\/ecoprogress.eu\/wp-content\/uploads\/Snimka-obrazovky-2021-06-22-o-9.56.06.png\" \/>\n\t<meta property=\"og:image:width\" content=\"1596\" \/>\n\t<meta property=\"og:image:height\" content=\"1088\" \/>\n\t<meta property=\"og:image:type\" content=\"image\/png\" \/>\n<meta name=\"twitter:card\" content=\"summary_large_image\" \/>\n<meta name=\"twitter:label1\" content=\"Gesch\u00e4tzte Lesezeit\" \/>\n\t<meta name=\"twitter:data1\" content=\"1\u00a0Minute\" \/>\n<script type=\"application\/ld+json\" class=\"yoast-schema-graph\">{\"@context\":\"https:\/\/schema.org\",\"@graph\":[{\"@type\":\"WebPage\",\"@id\":\"https:\/\/ecoprogress.eu\/de\/produkt\/lavicka-bez-operadla-typ-10\/\",\"url\":\"https:\/\/ecoprogress.eu\/de\/produkt\/lavicka-bez-operadla-typ-10\/\",\"name\":\"Lavi\u010dka bez operadla typ 10 | Ecoprogress\",\"isPartOf\":{\"@id\":\"https:\/\/ecoprogress.eu\/de\/#website\"},\"primaryImageOfPage\":{\"@id\":\"https:\/\/ecoprogress.eu\/de\/produkt\/lavicka-bez-operadla-typ-10\/#primaryimage\"},\"image\":{\"@id\":\"https:\/\/ecoprogress.eu\/de\/produkt\/lavicka-bez-operadla-typ-10\/#primaryimage\"},\"thumbnailUrl\":\"https:\/\/ecoprogress.eu\/wp-content\/uploads\/Snimka-obrazovky-2021-06-22-o-9.56.06.png\",\"datePublished\":\"2021-06-22T07:59:40+00:00\",\"dateModified\":\"2025-03-10T14:01:59+00:00\",\"description\":\"Lavi\u010dka bez operadla typ 10 navrhnut\u00e1 v modernom dizajne je atrakt\u00edvnym prvkom mestskej architekt\u00fary a z\u00e1rove\u0148 poskytuje miesto na odpo\u010dinok.\",\"breadcrumb\":{\"@id\":\"https:\/\/ecoprogress.eu\/de\/produkt\/lavicka-bez-operadla-typ-10\/#breadcrumb\"},\"inLanguage\":\"de\",\"potentialAction\":[{\"@type\":\"ReadAction\",\"target\":[\"https:\/\/ecoprogress.eu\/de\/produkt\/lavicka-bez-operadla-typ-10\/\"]}]},{\"@type\":\"ImageObject\",\"inLanguage\":\"de\",\"@id\":\"https:\/\/ecoprogress.eu\/de\/produkt\/lavicka-bez-operadla-typ-10\/#primaryimage\",\"url\":\"https:\/\/ecoprogress.eu\/wp-content\/uploads\/Snimka-obrazovky-2021-06-22-o-9.56.06.png\",\"contentUrl\":\"https:\/\/ecoprogress.eu\/wp-content\/uploads\/Snimka-obrazovky-2021-06-22-o-9.56.06.png\",\"width\":1596,\"height\":1088,\"caption\":\"Lavi\u010dka bez operadla typ 10\"},{\"@type\":\"BreadcrumbList\",\"@id\":\"https:\/\/ecoprogress.eu\/de\/produkt\/lavicka-bez-operadla-typ-10\/#breadcrumb\",\"itemListElement\":[{\"@type\":\"ListItem\",\"position\":1,\"name\":\"Produkte\",\"item\":\"https:\/\/ecoprogress.eu\/de\/produkte\/\"},{\"@type\":\"ListItem\",\"position\":2,\"name\":\"Lavi\u010dka bez operadla typ 10\"}]},{\"@type\":\"WebSite\",\"@id\":\"https:\/\/ecoprogress.eu\/de\/#website\",\"url\":\"https:\/\/ecoprogress.eu\/de\/\",\"name\":\"Ecoprogress\",\"description\":\"\",\"publisher\":{\"@id\":\"https:\/\/ecoprogress.eu\/de\/#organization\"},\"potentialAction\":[{\"@type\":\"SearchAction\",\"target\":{\"@type\":\"EntryPoint\",\"urlTemplate\":\"https:\/\/ecoprogress.eu\/de\/?s={search_term_string}\"},\"query-input\":{\"@type\":\"PropertyValueSpecification\",\"valueRequired\":true,\"valueName\":\"search_term_string\"}}],\"inLanguage\":\"de\"},{\"@type\":\"Organization\",\"@id\":\"https:\/\/ecoprogress.eu\/de\/#organization\",\"name\":\"Ecoprogress\",\"url\":\"https:\/\/ecoprogress.eu\/de\/\",\"logo\":{\"@type\":\"ImageObject\",\"inLanguage\":\"de\",\"@id\":\"https:\/\/ecoprogress.eu\/de\/#\/schema\/logo\/image\/\",\"url\":\"https:\/\/ecoprogress.eu\/wp-content\/uploads\/logo-2.svg\",\"contentUrl\":\"https:\/\/ecoprogress.eu\/wp-content\/uploads\/logo-2.svg\",\"width\":318,\"height\":349,\"caption\":\"Ecoprogress\"},\"image\":{\"@id\":\"https:\/\/ecoprogress.eu\/de\/#\/schema\/logo\/image\/\"}}]}<\/script>\n<!-- \/ Yoast SEO plugin. -->","yoast_head_json":{"title":"Lavi\u010dka bez operadla typ 10 | Ecoprogress","description":"Lavi\u010dka bez operadla typ 10 navrhnut\u00e1 v modernom dizajne je atrakt\u00edvnym prvkom mestskej architekt\u00fary a z\u00e1rove\u0148 poskytuje miesto na odpo\u010dinok.","robots":{"index":"index","follow":"follow","max-snippet":"max-snippet:-1","max-image-preview":"max-image-preview:large","max-video-preview":"max-video-preview:-1"},"canonical":"https:\/\/ecoprogress.eu\/de\/produkt\/lavicka-bez-operadla-typ-10\/","og_locale":"de_DE","og_type":"article","og_title":"Lavi\u010dka bez operadla typ 10 | Ecoprogress","og_description":"Lavi\u010dka bez operadla typ 10 navrhnut\u00e1 v modernom dizajne je atrakt\u00edvnym prvkom mestskej architekt\u00fary a z\u00e1rove\u0148 poskytuje miesto na odpo\u010dinok.","og_url":"https:\/\/ecoprogress.eu\/de\/produkt\/lavicka-bez-operadla-typ-10\/","og_site_name":"Ecoprogress","article_modified_time":"2025-03-10T14:01:59+00:00","og_image":[{"width":1596,"height":1088,"url":"https:\/\/ecoprogress.eu\/wp-content\/uploads\/Snimka-obrazovky-2021-06-22-o-9.56.06.png","type":"image\/png"}],"twitter_card":"summary_large_image","twitter_misc":{"Gesch\u00e4tzte Lesezeit":"1\u00a0Minute"},"schema":{"@context":"https:\/\/schema.org","@graph":[{"@type":"WebPage","@id":"https:\/\/ecoprogress.eu\/de\/produkt\/lavicka-bez-operadla-typ-10\/","url":"https:\/\/ecoprogress.eu\/de\/produkt\/lavicka-bez-operadla-typ-10\/","name":"Lavi\u010dka bez operadla typ 10 | Ecoprogress","isPartOf":{"@id":"https:\/\/ecoprogress.eu\/de\/#website"},"primaryImageOfPage":{"@id":"https:\/\/ecoprogress.eu\/de\/produkt\/lavicka-bez-operadla-typ-10\/#primaryimage"},"image":{"@id":"https:\/\/ecoprogress.eu\/de\/produkt\/lavicka-bez-operadla-typ-10\/#primaryimage"},"thumbnailUrl":"https:\/\/ecoprogress.eu\/wp-content\/uploads\/Snimka-obrazovky-2021-06-22-o-9.56.06.png","datePublished":"2021-06-22T07:59:40+00:00","dateModified":"2025-03-10T14:01:59+00:00","description":"Lavi\u010dka bez operadla typ 10 navrhnut\u00e1 v modernom dizajne je atrakt\u00edvnym prvkom mestskej architekt\u00fary a z\u00e1rove\u0148 poskytuje miesto na odpo\u010dinok.","breadcrumb":{"@id":"https:\/\/ecoprogress.eu\/de\/produkt\/lavicka-bez-operadla-typ-10\/#breadcrumb"},"inLanguage":"de","potentialAction":[{"@type":"ReadAction","target":["https:\/\/ecoprogress.eu\/de\/produkt\/lavicka-bez-operadla-typ-10\/"]}]},{"@type":"ImageObject","inLanguage":"de","@id":"https:\/\/ecoprogress.eu\/de\/produkt\/lavicka-bez-operadla-typ-10\/#primaryimage","url":"https:\/\/ecoprogress.eu\/wp-content\/uploads\/Snimka-obrazovky-2021-06-22-o-9.56.06.png","contentUrl":"https:\/\/ecoprogress.eu\/wp-content\/uploads\/Snimka-obrazovky-2021-06-22-o-9.56.06.png","width":1596,"height":1088,"caption":"Lavi\u010dka bez operadla typ 10"},{"@type":"BreadcrumbList","@id":"https:\/\/ecoprogress.eu\/de\/produkt\/lavicka-bez-operadla-typ-10\/#breadcrumb","itemListElement":[{"@type":"ListItem","position":1,"name":"Produkte","item":"https:\/\/ecoprogress.eu\/de\/produkte\/"},{"@type":"ListItem","position":2,"name":"Lavi\u010dka bez operadla typ 10"}]},{"@type":"WebSite","@id":"https:\/\/ecoprogress.eu\/de\/#website","url":"https:\/\/ecoprogress.eu\/de\/","name":"Ecoprogress","description":"","publisher":{"@id":"https:\/\/ecoprogress.eu\/de\/#organization"},"potentialAction":[{"@type":"SearchAction","target":{"@type":"EntryPoint","urlTemplate":"https:\/\/ecoprogress.eu\/de\/?s={search_term_string}"},"query-input":{"@type":"PropertyValueSpecification","valueRequired":true,"valueName":"search_term_string"}}],"inLanguage":"de"},{"@type":"Organization","@id":"https:\/\/ecoprogress.eu\/de\/#organization","name":"Ecoprogress","url":"https:\/\/ecoprogress.eu\/de\/","logo":{"@type":"ImageObject","inLanguage":"de","@id":"https:\/\/ecoprogress.eu\/de\/#\/schema\/logo\/image\/","url":"https:\/\/ecoprogress.eu\/wp-content\/uploads\/logo-2.svg","contentUrl":"https:\/\/ecoprogress.eu\/wp-content\/uploads\/logo-2.svg","width":318,"height":349,"caption":"Ecoprogress"},"image":{"@id":"https:\/\/ecoprogress.eu\/de\/#\/schema\/logo\/image\/"}}]}},"_links":{"self":[{"href":"https:\/\/ecoprogress.eu\/de\/wp-json\/wp\/v2\/product\/5005","targetHints":{"allow":["GET"]}}],"collection":[{"href":"https:\/\/ecoprogress.eu\/de\/wp-json\/wp\/v2\/product"}],"about":[{"href":"https:\/\/ecoprogress.eu\/de\/wp-json\/wp\/v2\/types\/product"}],"version-history":[{"count":1,"href":"https:\/\/ecoprogress.eu\/de\/wp-json\/wp\/v2\/product\/5005\/revisions"}],"predecessor-version":[{"id":59231,"href":"https:\/\/ecoprogress.eu\/de\/wp-json\/wp\/v2\/product\/5005\/revisions\/59231"}],"wp:featuredmedia":[{"embeddable":true,"href":"https:\/\/ecoprogress.eu\/de\/wp-json\/wp\/v2\/media\/5019"}],"wp:attachment":[{"href":"https:\/\/ecoprogress.eu\/de\/wp-json\/wp\/v2\/media?parent=5005"}],"wp:term":[{"taxonomy":"product_brand","embeddable":true,"href":"https:\/\/ecoprogress.eu\/de\/wp-json\/wp\/v2\/product_brand?post=5005"},{"taxonomy":"product_cat","embeddable":true,"href":"https:\/\/ecoprogress.eu\/de\/wp-json\/wp\/v2\/product_cat?post=5005"},{"taxonomy":"product_tag","embeddable":true,"href":"https:\/\/ecoprogress.eu\/de\/wp-json\/wp\/v2\/product_tag?post=5005"}],"curies":[{"name":"wp","href":"https:\/\/api.w.org\/{rel}","templated":true}]}}