{"id":52277,"date":"2024-02-27T12:04:26","date_gmt":"2024-02-27T11:04:26","guid":{"rendered":"https:\/\/ecoprogress.eu\/?post_type=product&#038;p=52277"},"modified":"2025-03-10T15:47:15","modified_gmt":"2025-03-10T14:47:15","slug":"lavicka-bez-operadla-typ-49","status":"publish","type":"product","link":"https:\/\/ecoprogress.eu\/de\/produkt\/lavicka-bez-operadla-typ-49\/","title":{"rendered":"Lavi\u010dka bez operadla typ 49"},"content":{"rendered":"<p>Dodanie 4-6 t\u00fd\u017ed\u0148ov (pod\u013ea stavu skladov\u00fdch z\u00e1sob)<\/p>\n\n<table id=\"tablepress-3029\" class=\"tablepress tablepress-id-3029\">\n<tbody class=\"row-striping row-hover\">\n<tr class=\"row-1\">\n\t<td class=\"column-1\">\u0161\u00edrka <\/td><td class=\"column-2\">398 cm<\/td>\n<\/tr>\n<tr class=\"row-2\">\n\t<td class=\"column-1\">v\u00fd\u0161ka<\/td><td class=\"column-2\">48,7 cm<\/td>\n<\/tr>\n<tr class=\"row-3\">\n\t<td class=\"column-1\">komponenty<\/td><td class=\"column-2\">plech 3 mm, dreven\u00e9 li\u0161ty 450x15x37 mm<\/td>\n<\/tr>\n<tr class=\"row-4\">\n\t<td class=\"column-1\">materi\u00e1l<\/td><td class=\"column-2\">oce\u013e, drevo<\/td>\n<\/tr>\n<\/tbody>\n<\/table>\n\n","protected":false},"excerpt":{"rendered":"<p id=\"tw-target-text\" class=\"tw-data-text tw-text-large XcVN5d tw-ta\" dir=\"ltr\" data-placeholder=\"Preklad\">Lavi\u010dka bez operadla typ 49 m\u00e1 obl\u00fd tvar, mo\u017eno ju nakonfigurova\u0165 s \u013eubovo\u013en\u00fdm po\u010dtom modulov.<\/p>\n","protected":false},"featured_media":52686,"template":"","meta":[],"product_brand":[],"product_cat":[166,165,155,628,659],"product_tag":[],"class_list":{"0":"post-52277","1":"product","2":"type-product","3":"status-publish","4":"has-post-thumbnail","6":"product_cat-bez-operadla","7":"product_cat-lavicky","8":"product_cat-malaurbanistickaarchitektura","9":"product_cat-modulove-lavicky","10":"product_cat-ocelovy-mobiliar","11":"product_shipping_class-lavicky","13":"first","14":"instock","15":"taxable","16":"shipping-taxable","17":"purchasable","18":"product-type-variable"},"yoast_head":"<!-- This site is optimized with the Yoast SEO plugin v27.2 - https:\/\/yoast.com\/product\/yoast-seo-wordpress\/ -->\n<title>Lavi\u010dka bez operadla typ 49 | Ecoprogress<\/title>\n<meta name=\"description\" content=\"Lavi\u010dka bez operadla typ 49 m\u00e1 obl\u00fd tvar, mo\u017eno ju nakonfigurova\u0165 s \u013eubovo\u013en\u00fdm po\u010dtom modulov.\" \/>\n<meta name=\"robots\" content=\"index, follow, max-snippet:-1, max-image-preview:large, max-video-preview:-1\" \/>\n<link rel=\"canonical\" href=\"https:\/\/ecoprogress.eu\/de\/produkt\/lavicka-bez-operadla-typ-49\/\" \/>\n<meta property=\"og:locale\" content=\"de_DE\" \/>\n<meta property=\"og:type\" content=\"article\" \/>\n<meta property=\"og:title\" content=\"Lavi\u010dka bez operadla typ 49 | Ecoprogress\" \/>\n<meta property=\"og:description\" content=\"Lavi\u010dka bez operadla typ 49 m\u00e1 obl\u00fd tvar, mo\u017eno ju nakonfigurova\u0165 s \u013eubovo\u013en\u00fdm po\u010dtom modulov.\" \/>\n<meta property=\"og:url\" content=\"https:\/\/ecoprogress.eu\/de\/produkt\/lavicka-bez-operadla-typ-49\/\" \/>\n<meta property=\"og:site_name\" content=\"Ecoprogress\" \/>\n<meta property=\"article:modified_time\" content=\"2025-03-10T14:47:15+00:00\" \/>\n<meta property=\"og:image\" content=\"https:\/\/ecoprogress.eu\/wp-content\/uploads\/lavicka-bez-operadla-49.webp\" \/>\n\t<meta property=\"og:image:width\" content=\"800\" \/>\n\t<meta property=\"og:image:height\" content=\"600\" \/>\n\t<meta property=\"og:image:type\" content=\"image\/webp\" \/>\n<meta name=\"twitter:card\" content=\"summary_large_image\" \/>\n<meta name=\"twitter:label1\" content=\"Gesch\u00e4tzte Lesezeit\" \/>\n\t<meta name=\"twitter:data1\" content=\"1\u00a0Minute\" \/>\n<script type=\"application\/ld+json\" class=\"yoast-schema-graph\">{\"@context\":\"https:\/\/schema.org\",\"@graph\":[{\"@type\":\"WebPage\",\"@id\":\"https:\/\/ecoprogress.eu\/de\/produkt\/lavicka-bez-operadla-typ-49\/\",\"url\":\"https:\/\/ecoprogress.eu\/de\/produkt\/lavicka-bez-operadla-typ-49\/\",\"name\":\"Lavi\u010dka bez operadla typ 49 | Ecoprogress\",\"isPartOf\":{\"@id\":\"https:\/\/ecoprogress.eu\/de\/#website\"},\"primaryImageOfPage\":{\"@id\":\"https:\/\/ecoprogress.eu\/de\/produkt\/lavicka-bez-operadla-typ-49\/#primaryimage\"},\"image\":{\"@id\":\"https:\/\/ecoprogress.eu\/de\/produkt\/lavicka-bez-operadla-typ-49\/#primaryimage\"},\"thumbnailUrl\":\"https:\/\/ecoprogress.eu\/wp-content\/uploads\/lavicka-bez-operadla-49.webp\",\"datePublished\":\"2024-02-27T11:04:26+00:00\",\"dateModified\":\"2025-03-10T14:47:15+00:00\",\"description\":\"Lavi\u010dka bez operadla typ 49 m\u00e1 obl\u00fd tvar, mo\u017eno ju nakonfigurova\u0165 s \u013eubovo\u013en\u00fdm po\u010dtom modulov.\",\"breadcrumb\":{\"@id\":\"https:\/\/ecoprogress.eu\/de\/produkt\/lavicka-bez-operadla-typ-49\/#breadcrumb\"},\"inLanguage\":\"de\",\"potentialAction\":[{\"@type\":\"ReadAction\",\"target\":[\"https:\/\/ecoprogress.eu\/de\/produkt\/lavicka-bez-operadla-typ-49\/\"]}]},{\"@type\":\"ImageObject\",\"inLanguage\":\"de\",\"@id\":\"https:\/\/ecoprogress.eu\/de\/produkt\/lavicka-bez-operadla-typ-49\/#primaryimage\",\"url\":\"https:\/\/ecoprogress.eu\/wp-content\/uploads\/lavicka-bez-operadla-49.webp\",\"contentUrl\":\"https:\/\/ecoprogress.eu\/wp-content\/uploads\/lavicka-bez-operadla-49.webp\",\"width\":800,\"height\":600},{\"@type\":\"BreadcrumbList\",\"@id\":\"https:\/\/ecoprogress.eu\/de\/produkt\/lavicka-bez-operadla-typ-49\/#breadcrumb\",\"itemListElement\":[{\"@type\":\"ListItem\",\"position\":1,\"name\":\"Produkte\",\"item\":\"https:\/\/ecoprogress.eu\/de\/produkte\/\"},{\"@type\":\"ListItem\",\"position\":2,\"name\":\"Lavi\u010dka bez operadla typ 49\"}]},{\"@type\":\"WebSite\",\"@id\":\"https:\/\/ecoprogress.eu\/de\/#website\",\"url\":\"https:\/\/ecoprogress.eu\/de\/\",\"name\":\"Ecoprogress\",\"description\":\"\",\"publisher\":{\"@id\":\"https:\/\/ecoprogress.eu\/de\/#organization\"},\"potentialAction\":[{\"@type\":\"SearchAction\",\"target\":{\"@type\":\"EntryPoint\",\"urlTemplate\":\"https:\/\/ecoprogress.eu\/de\/?s={search_term_string}\"},\"query-input\":{\"@type\":\"PropertyValueSpecification\",\"valueRequired\":true,\"valueName\":\"search_term_string\"}}],\"inLanguage\":\"de\"},{\"@type\":\"Organization\",\"@id\":\"https:\/\/ecoprogress.eu\/de\/#organization\",\"name\":\"Ecoprogress\",\"url\":\"https:\/\/ecoprogress.eu\/de\/\",\"logo\":{\"@type\":\"ImageObject\",\"inLanguage\":\"de\",\"@id\":\"https:\/\/ecoprogress.eu\/de\/#\/schema\/logo\/image\/\",\"url\":\"https:\/\/ecoprogress.eu\/wp-content\/uploads\/logo-2.svg\",\"contentUrl\":\"https:\/\/ecoprogress.eu\/wp-content\/uploads\/logo-2.svg\",\"width\":318,\"height\":349,\"caption\":\"Ecoprogress\"},\"image\":{\"@id\":\"https:\/\/ecoprogress.eu\/de\/#\/schema\/logo\/image\/\"}}]}<\/script>\n<!-- \/ Yoast SEO plugin. -->","yoast_head_json":{"title":"Lavi\u010dka bez operadla typ 49 | Ecoprogress","description":"Lavi\u010dka bez operadla typ 49 m\u00e1 obl\u00fd tvar, mo\u017eno ju nakonfigurova\u0165 s \u013eubovo\u013en\u00fdm po\u010dtom modulov.","robots":{"index":"index","follow":"follow","max-snippet":"max-snippet:-1","max-image-preview":"max-image-preview:large","max-video-preview":"max-video-preview:-1"},"canonical":"https:\/\/ecoprogress.eu\/de\/produkt\/lavicka-bez-operadla-typ-49\/","og_locale":"de_DE","og_type":"article","og_title":"Lavi\u010dka bez operadla typ 49 | Ecoprogress","og_description":"Lavi\u010dka bez operadla typ 49 m\u00e1 obl\u00fd tvar, mo\u017eno ju nakonfigurova\u0165 s \u013eubovo\u013en\u00fdm po\u010dtom modulov.","og_url":"https:\/\/ecoprogress.eu\/de\/produkt\/lavicka-bez-operadla-typ-49\/","og_site_name":"Ecoprogress","article_modified_time":"2025-03-10T14:47:15+00:00","og_image":[{"width":800,"height":600,"url":"https:\/\/ecoprogress.eu\/wp-content\/uploads\/lavicka-bez-operadla-49.webp","type":"image\/webp"}],"twitter_card":"summary_large_image","twitter_misc":{"Gesch\u00e4tzte Lesezeit":"1\u00a0Minute"},"schema":{"@context":"https:\/\/schema.org","@graph":[{"@type":"WebPage","@id":"https:\/\/ecoprogress.eu\/de\/produkt\/lavicka-bez-operadla-typ-49\/","url":"https:\/\/ecoprogress.eu\/de\/produkt\/lavicka-bez-operadla-typ-49\/","name":"Lavi\u010dka bez operadla typ 49 | Ecoprogress","isPartOf":{"@id":"https:\/\/ecoprogress.eu\/de\/#website"},"primaryImageOfPage":{"@id":"https:\/\/ecoprogress.eu\/de\/produkt\/lavicka-bez-operadla-typ-49\/#primaryimage"},"image":{"@id":"https:\/\/ecoprogress.eu\/de\/produkt\/lavicka-bez-operadla-typ-49\/#primaryimage"},"thumbnailUrl":"https:\/\/ecoprogress.eu\/wp-content\/uploads\/lavicka-bez-operadla-49.webp","datePublished":"2024-02-27T11:04:26+00:00","dateModified":"2025-03-10T14:47:15+00:00","description":"Lavi\u010dka bez operadla typ 49 m\u00e1 obl\u00fd tvar, mo\u017eno ju nakonfigurova\u0165 s \u013eubovo\u013en\u00fdm po\u010dtom modulov.","breadcrumb":{"@id":"https:\/\/ecoprogress.eu\/de\/produkt\/lavicka-bez-operadla-typ-49\/#breadcrumb"},"inLanguage":"de","potentialAction":[{"@type":"ReadAction","target":["https:\/\/ecoprogress.eu\/de\/produkt\/lavicka-bez-operadla-typ-49\/"]}]},{"@type":"ImageObject","inLanguage":"de","@id":"https:\/\/ecoprogress.eu\/de\/produkt\/lavicka-bez-operadla-typ-49\/#primaryimage","url":"https:\/\/ecoprogress.eu\/wp-content\/uploads\/lavicka-bez-operadla-49.webp","contentUrl":"https:\/\/ecoprogress.eu\/wp-content\/uploads\/lavicka-bez-operadla-49.webp","width":800,"height":600},{"@type":"BreadcrumbList","@id":"https:\/\/ecoprogress.eu\/de\/produkt\/lavicka-bez-operadla-typ-49\/#breadcrumb","itemListElement":[{"@type":"ListItem","position":1,"name":"Produkte","item":"https:\/\/ecoprogress.eu\/de\/produkte\/"},{"@type":"ListItem","position":2,"name":"Lavi\u010dka bez operadla typ 49"}]},{"@type":"WebSite","@id":"https:\/\/ecoprogress.eu\/de\/#website","url":"https:\/\/ecoprogress.eu\/de\/","name":"Ecoprogress","description":"","publisher":{"@id":"https:\/\/ecoprogress.eu\/de\/#organization"},"potentialAction":[{"@type":"SearchAction","target":{"@type":"EntryPoint","urlTemplate":"https:\/\/ecoprogress.eu\/de\/?s={search_term_string}"},"query-input":{"@type":"PropertyValueSpecification","valueRequired":true,"valueName":"search_term_string"}}],"inLanguage":"de"},{"@type":"Organization","@id":"https:\/\/ecoprogress.eu\/de\/#organization","name":"Ecoprogress","url":"https:\/\/ecoprogress.eu\/de\/","logo":{"@type":"ImageObject","inLanguage":"de","@id":"https:\/\/ecoprogress.eu\/de\/#\/schema\/logo\/image\/","url":"https:\/\/ecoprogress.eu\/wp-content\/uploads\/logo-2.svg","contentUrl":"https:\/\/ecoprogress.eu\/wp-content\/uploads\/logo-2.svg","width":318,"height":349,"caption":"Ecoprogress"},"image":{"@id":"https:\/\/ecoprogress.eu\/de\/#\/schema\/logo\/image\/"}}]}},"_links":{"self":[{"href":"https:\/\/ecoprogress.eu\/de\/wp-json\/wp\/v2\/product\/52277","targetHints":{"allow":["GET"]}}],"collection":[{"href":"https:\/\/ecoprogress.eu\/de\/wp-json\/wp\/v2\/product"}],"about":[{"href":"https:\/\/ecoprogress.eu\/de\/wp-json\/wp\/v2\/types\/product"}],"version-history":[{"count":2,"href":"https:\/\/ecoprogress.eu\/de\/wp-json\/wp\/v2\/product\/52277\/revisions"}],"predecessor-version":[{"id":52509,"href":"https:\/\/ecoprogress.eu\/de\/wp-json\/wp\/v2\/product\/52277\/revisions\/52509"}],"wp:featuredmedia":[{"embeddable":true,"href":"https:\/\/ecoprogress.eu\/de\/wp-json\/wp\/v2\/media\/52686"}],"wp:attachment":[{"href":"https:\/\/ecoprogress.eu\/de\/wp-json\/wp\/v2\/media?parent=52277"}],"wp:term":[{"taxonomy":"product_brand","embeddable":true,"href":"https:\/\/ecoprogress.eu\/de\/wp-json\/wp\/v2\/product_brand?post=52277"},{"taxonomy":"product_cat","embeddable":true,"href":"https:\/\/ecoprogress.eu\/de\/wp-json\/wp\/v2\/product_cat?post=52277"},{"taxonomy":"product_tag","embeddable":true,"href":"https:\/\/ecoprogress.eu\/de\/wp-json\/wp\/v2\/product_tag?post=52277"}],"curies":[{"name":"wp","href":"https:\/\/api.w.org\/{rel}","templated":true}]}}