{"id":52562,"date":"2024-03-01T15:39:04","date_gmt":"2024-03-01T14:39:04","guid":{"rendered":"https:\/\/ecoprogress.eu\/?post_type=product&#038;p=52562"},"modified":"2025-02-26T10:33:36","modified_gmt":"2025-02-26T09:33:36","slug":"pristresok-pre-nakupne-kosiky-02","status":"publish","type":"product","link":"https:\/\/ecoprogress.eu\/de\/produkt\/pristresok-pre-nakupne-kosiky-02\/","title":{"rendered":"Pr\u00edstre\u0161ok pre n\u00e1kupn\u00e9 ko\u0161\u00edky 02"},"content":{"rendered":"<p>Dodanie 4-6 t\u00fd\u017ed\u0148ov (pod\u013ea stavu skladov\u00fdch z\u00e1sob)<\/p>\n<p>V pr\u00edpade pozinkovan\u00e9ho a ma\u013eovan\u00e9ho variantu pros\u00edm zadajte po\u017eadovan\u00fa farbu RAL do pozn\u00e1mky v procese objedn\u00e1vky.<\/p>\n\n<table id=\"tablepress-3041\" class=\"tablepress tablepress-id-3041\">\n<tbody class=\"row-striping row-hover\">\n<tr class=\"row-1\">\n\t<td class=\"column-1\">\u0161\u00edrka <\/td><td class=\"column-2\">255 cm<\/td>\n<\/tr>\n<tr class=\"row-2\">\n\t<td class=\"column-1\">v\u00fd\u0161ka<\/td><td class=\"column-2\">233 cm<\/td>\n<\/tr>\n<tr class=\"row-3\">\n\t<td class=\"column-1\">h\u013abka<\/td><td class=\"column-2\">296 cm<\/td>\n<\/tr>\n<tr class=\"row-4\">\n\t<td class=\"column-1\">materi\u00e1l<\/td><td class=\"column-2\">oce\u013e<\/td>\n<\/tr>\n<\/tbody>\n<\/table>\n\n","protected":false},"excerpt":{"rendered":"<p>Pr\u00edstre\u0161ok pre n\u00e1kupn\u00e9 ko\u0161\u00edky v 3-radovom vyhotoven\u00ed. Steny a strecha s\u00fa vyroben\u00e9 z pevn\u00e9ho polykarbon\u00e1tu.<\/p>\n","protected":false},"featured_media":52704,"template":"","meta":[],"product_brand":[],"product_cat":[158,753],"product_tag":[],"class_list":{"0":"post-52562","1":"product","2":"type-product","3":"status-publish","4":"has-post-thumbnail","6":"product_cat-otvorene-pristresky","7":"product_cat-pristresky-pre-nakupne-voziky","9":"first","10":"instock","11":"taxable","12":"shipping-taxable","13":"purchasable","14":"product-type-variable"},"yoast_head":"<!-- This site is optimized with the Yoast SEO plugin v27.2 - https:\/\/yoast.com\/product\/yoast-seo-wordpress\/ -->\n<title>Pr\u00edstre\u0161ok pre n\u00e1kupn\u00e9 ko\u0161\u00edky 02 | Ecoprogress<\/title>\n<meta name=\"description\" content=\"Pr\u00edstre\u0161ok pre n\u00e1kupn\u00e9 ko\u0161\u00edky v 3-radovom vyhotoven\u00ed. Steny a strecha s\u00fa vyroben\u00e9 z pevn\u00e9ho polykarbon\u00e1tu.\" \/>\n<meta name=\"robots\" content=\"index, follow, max-snippet:-1, max-image-preview:large, max-video-preview:-1\" \/>\n<link rel=\"canonical\" href=\"https:\/\/ecoprogress.eu\/de\/produkt\/pristresok-pre-nakupne-kosiky-02\/\" \/>\n<meta property=\"og:locale\" content=\"de_DE\" \/>\n<meta property=\"og:type\" content=\"article\" \/>\n<meta property=\"og:title\" content=\"Pr\u00edstre\u0161ok pre n\u00e1kupn\u00e9 ko\u0161\u00edky 02 | Ecoprogress\" \/>\n<meta property=\"og:description\" content=\"Pr\u00edstre\u0161ok pre n\u00e1kupn\u00e9 ko\u0161\u00edky v 3-radovom vyhotoven\u00ed. Steny a strecha s\u00fa vyroben\u00e9 z pevn\u00e9ho polykarbon\u00e1tu.\" \/>\n<meta property=\"og:url\" content=\"https:\/\/ecoprogress.eu\/de\/produkt\/pristresok-pre-nakupne-kosiky-02\/\" \/>\n<meta property=\"og:site_name\" content=\"Ecoprogress\" \/>\n<meta property=\"article:modified_time\" content=\"2025-02-26T09:33:36+00:00\" \/>\n<meta property=\"og:image\" content=\"https:\/\/ecoprogress.eu\/wp-content\/uploads\/pristresok-pre-nakupne-kosiky-02.webp\" \/>\n\t<meta property=\"og:image:width\" content=\"800\" \/>\n\t<meta property=\"og:image:height\" content=\"600\" \/>\n\t<meta property=\"og:image:type\" content=\"image\/webp\" \/>\n<meta name=\"twitter:card\" content=\"summary_large_image\" \/>\n<meta name=\"twitter:label1\" content=\"Gesch\u00e4tzte Lesezeit\" \/>\n\t<meta name=\"twitter:data1\" content=\"1\u00a0Minute\" \/>\n<script type=\"application\/ld+json\" class=\"yoast-schema-graph\">{\"@context\":\"https:\/\/schema.org\",\"@graph\":[{\"@type\":\"WebPage\",\"@id\":\"https:\/\/ecoprogress.eu\/de\/produkt\/pristresok-pre-nakupne-kosiky-02\/\",\"url\":\"https:\/\/ecoprogress.eu\/de\/produkt\/pristresok-pre-nakupne-kosiky-02\/\",\"name\":\"Pr\u00edstre\u0161ok pre n\u00e1kupn\u00e9 ko\u0161\u00edky 02 | Ecoprogress\",\"isPartOf\":{\"@id\":\"https:\/\/ecoprogress.eu\/de\/#website\"},\"primaryImageOfPage\":{\"@id\":\"https:\/\/ecoprogress.eu\/de\/produkt\/pristresok-pre-nakupne-kosiky-02\/#primaryimage\"},\"image\":{\"@id\":\"https:\/\/ecoprogress.eu\/de\/produkt\/pristresok-pre-nakupne-kosiky-02\/#primaryimage\"},\"thumbnailUrl\":\"https:\/\/ecoprogress.eu\/wp-content\/uploads\/pristresok-pre-nakupne-kosiky-02.webp\",\"datePublished\":\"2024-03-01T14:39:04+00:00\",\"dateModified\":\"2025-02-26T09:33:36+00:00\",\"description\":\"Pr\u00edstre\u0161ok pre n\u00e1kupn\u00e9 ko\u0161\u00edky v 3-radovom vyhotoven\u00ed. Steny a strecha s\u00fa vyroben\u00e9 z pevn\u00e9ho polykarbon\u00e1tu.\",\"breadcrumb\":{\"@id\":\"https:\/\/ecoprogress.eu\/de\/produkt\/pristresok-pre-nakupne-kosiky-02\/#breadcrumb\"},\"inLanguage\":\"de\",\"potentialAction\":[{\"@type\":\"ReadAction\",\"target\":[\"https:\/\/ecoprogress.eu\/de\/produkt\/pristresok-pre-nakupne-kosiky-02\/\"]}]},{\"@type\":\"ImageObject\",\"inLanguage\":\"de\",\"@id\":\"https:\/\/ecoprogress.eu\/de\/produkt\/pristresok-pre-nakupne-kosiky-02\/#primaryimage\",\"url\":\"https:\/\/ecoprogress.eu\/wp-content\/uploads\/pristresok-pre-nakupne-kosiky-02.webp\",\"contentUrl\":\"https:\/\/ecoprogress.eu\/wp-content\/uploads\/pristresok-pre-nakupne-kosiky-02.webp\",\"width\":800,\"height\":600},{\"@type\":\"BreadcrumbList\",\"@id\":\"https:\/\/ecoprogress.eu\/de\/produkt\/pristresok-pre-nakupne-kosiky-02\/#breadcrumb\",\"itemListElement\":[{\"@type\":\"ListItem\",\"position\":1,\"name\":\"Produkte\",\"item\":\"https:\/\/ecoprogress.eu\/de\/produkte\/\"},{\"@type\":\"ListItem\",\"position\":2,\"name\":\"Pr\u00edstre\u0161ok pre n\u00e1kupn\u00e9 ko\u0161\u00edky 02\"}]},{\"@type\":\"WebSite\",\"@id\":\"https:\/\/ecoprogress.eu\/de\/#website\",\"url\":\"https:\/\/ecoprogress.eu\/de\/\",\"name\":\"Ecoprogress\",\"description\":\"\",\"publisher\":{\"@id\":\"https:\/\/ecoprogress.eu\/de\/#organization\"},\"potentialAction\":[{\"@type\":\"SearchAction\",\"target\":{\"@type\":\"EntryPoint\",\"urlTemplate\":\"https:\/\/ecoprogress.eu\/de\/?s={search_term_string}\"},\"query-input\":{\"@type\":\"PropertyValueSpecification\",\"valueRequired\":true,\"valueName\":\"search_term_string\"}}],\"inLanguage\":\"de\"},{\"@type\":\"Organization\",\"@id\":\"https:\/\/ecoprogress.eu\/de\/#organization\",\"name\":\"Ecoprogress\",\"url\":\"https:\/\/ecoprogress.eu\/de\/\",\"logo\":{\"@type\":\"ImageObject\",\"inLanguage\":\"de\",\"@id\":\"https:\/\/ecoprogress.eu\/de\/#\/schema\/logo\/image\/\",\"url\":\"https:\/\/ecoprogress.eu\/wp-content\/uploads\/logo-2.svg\",\"contentUrl\":\"https:\/\/ecoprogress.eu\/wp-content\/uploads\/logo-2.svg\",\"width\":318,\"height\":349,\"caption\":\"Ecoprogress\"},\"image\":{\"@id\":\"https:\/\/ecoprogress.eu\/de\/#\/schema\/logo\/image\/\"}}]}<\/script>\n<!-- \/ Yoast SEO plugin. -->","yoast_head_json":{"title":"Pr\u00edstre\u0161ok pre n\u00e1kupn\u00e9 ko\u0161\u00edky 02 | Ecoprogress","description":"Pr\u00edstre\u0161ok pre n\u00e1kupn\u00e9 ko\u0161\u00edky v 3-radovom vyhotoven\u00ed. Steny a strecha s\u00fa vyroben\u00e9 z pevn\u00e9ho polykarbon\u00e1tu.","robots":{"index":"index","follow":"follow","max-snippet":"max-snippet:-1","max-image-preview":"max-image-preview:large","max-video-preview":"max-video-preview:-1"},"canonical":"https:\/\/ecoprogress.eu\/de\/produkt\/pristresok-pre-nakupne-kosiky-02\/","og_locale":"de_DE","og_type":"article","og_title":"Pr\u00edstre\u0161ok pre n\u00e1kupn\u00e9 ko\u0161\u00edky 02 | Ecoprogress","og_description":"Pr\u00edstre\u0161ok pre n\u00e1kupn\u00e9 ko\u0161\u00edky v 3-radovom vyhotoven\u00ed. Steny a strecha s\u00fa vyroben\u00e9 z pevn\u00e9ho polykarbon\u00e1tu.","og_url":"https:\/\/ecoprogress.eu\/de\/produkt\/pristresok-pre-nakupne-kosiky-02\/","og_site_name":"Ecoprogress","article_modified_time":"2025-02-26T09:33:36+00:00","og_image":[{"width":800,"height":600,"url":"https:\/\/ecoprogress.eu\/wp-content\/uploads\/pristresok-pre-nakupne-kosiky-02.webp","type":"image\/webp"}],"twitter_card":"summary_large_image","twitter_misc":{"Gesch\u00e4tzte Lesezeit":"1\u00a0Minute"},"schema":{"@context":"https:\/\/schema.org","@graph":[{"@type":"WebPage","@id":"https:\/\/ecoprogress.eu\/de\/produkt\/pristresok-pre-nakupne-kosiky-02\/","url":"https:\/\/ecoprogress.eu\/de\/produkt\/pristresok-pre-nakupne-kosiky-02\/","name":"Pr\u00edstre\u0161ok pre n\u00e1kupn\u00e9 ko\u0161\u00edky 02 | Ecoprogress","isPartOf":{"@id":"https:\/\/ecoprogress.eu\/de\/#website"},"primaryImageOfPage":{"@id":"https:\/\/ecoprogress.eu\/de\/produkt\/pristresok-pre-nakupne-kosiky-02\/#primaryimage"},"image":{"@id":"https:\/\/ecoprogress.eu\/de\/produkt\/pristresok-pre-nakupne-kosiky-02\/#primaryimage"},"thumbnailUrl":"https:\/\/ecoprogress.eu\/wp-content\/uploads\/pristresok-pre-nakupne-kosiky-02.webp","datePublished":"2024-03-01T14:39:04+00:00","dateModified":"2025-02-26T09:33:36+00:00","description":"Pr\u00edstre\u0161ok pre n\u00e1kupn\u00e9 ko\u0161\u00edky v 3-radovom vyhotoven\u00ed. Steny a strecha s\u00fa vyroben\u00e9 z pevn\u00e9ho polykarbon\u00e1tu.","breadcrumb":{"@id":"https:\/\/ecoprogress.eu\/de\/produkt\/pristresok-pre-nakupne-kosiky-02\/#breadcrumb"},"inLanguage":"de","potentialAction":[{"@type":"ReadAction","target":["https:\/\/ecoprogress.eu\/de\/produkt\/pristresok-pre-nakupne-kosiky-02\/"]}]},{"@type":"ImageObject","inLanguage":"de","@id":"https:\/\/ecoprogress.eu\/de\/produkt\/pristresok-pre-nakupne-kosiky-02\/#primaryimage","url":"https:\/\/ecoprogress.eu\/wp-content\/uploads\/pristresok-pre-nakupne-kosiky-02.webp","contentUrl":"https:\/\/ecoprogress.eu\/wp-content\/uploads\/pristresok-pre-nakupne-kosiky-02.webp","width":800,"height":600},{"@type":"BreadcrumbList","@id":"https:\/\/ecoprogress.eu\/de\/produkt\/pristresok-pre-nakupne-kosiky-02\/#breadcrumb","itemListElement":[{"@type":"ListItem","position":1,"name":"Produkte","item":"https:\/\/ecoprogress.eu\/de\/produkte\/"},{"@type":"ListItem","position":2,"name":"Pr\u00edstre\u0161ok pre n\u00e1kupn\u00e9 ko\u0161\u00edky 02"}]},{"@type":"WebSite","@id":"https:\/\/ecoprogress.eu\/de\/#website","url":"https:\/\/ecoprogress.eu\/de\/","name":"Ecoprogress","description":"","publisher":{"@id":"https:\/\/ecoprogress.eu\/de\/#organization"},"potentialAction":[{"@type":"SearchAction","target":{"@type":"EntryPoint","urlTemplate":"https:\/\/ecoprogress.eu\/de\/?s={search_term_string}"},"query-input":{"@type":"PropertyValueSpecification","valueRequired":true,"valueName":"search_term_string"}}],"inLanguage":"de"},{"@type":"Organization","@id":"https:\/\/ecoprogress.eu\/de\/#organization","name":"Ecoprogress","url":"https:\/\/ecoprogress.eu\/de\/","logo":{"@type":"ImageObject","inLanguage":"de","@id":"https:\/\/ecoprogress.eu\/de\/#\/schema\/logo\/image\/","url":"https:\/\/ecoprogress.eu\/wp-content\/uploads\/logo-2.svg","contentUrl":"https:\/\/ecoprogress.eu\/wp-content\/uploads\/logo-2.svg","width":318,"height":349,"caption":"Ecoprogress"},"image":{"@id":"https:\/\/ecoprogress.eu\/de\/#\/schema\/logo\/image\/"}}]}},"_links":{"self":[{"href":"https:\/\/ecoprogress.eu\/de\/wp-json\/wp\/v2\/product\/52562","targetHints":{"allow":["GET"]}}],"collection":[{"href":"https:\/\/ecoprogress.eu\/de\/wp-json\/wp\/v2\/product"}],"about":[{"href":"https:\/\/ecoprogress.eu\/de\/wp-json\/wp\/v2\/types\/product"}],"version-history":[{"count":1,"href":"https:\/\/ecoprogress.eu\/de\/wp-json\/wp\/v2\/product\/52562\/revisions"}],"predecessor-version":[{"id":52587,"href":"https:\/\/ecoprogress.eu\/de\/wp-json\/wp\/v2\/product\/52562\/revisions\/52587"}],"wp:featuredmedia":[{"embeddable":true,"href":"https:\/\/ecoprogress.eu\/de\/wp-json\/wp\/v2\/media\/52704"}],"wp:attachment":[{"href":"https:\/\/ecoprogress.eu\/de\/wp-json\/wp\/v2\/media?parent=52562"}],"wp:term":[{"taxonomy":"product_brand","embeddable":true,"href":"https:\/\/ecoprogress.eu\/de\/wp-json\/wp\/v2\/product_brand?post=52562"},{"taxonomy":"product_cat","embeddable":true,"href":"https:\/\/ecoprogress.eu\/de\/wp-json\/wp\/v2\/product_cat?post=52562"},{"taxonomy":"product_tag","embeddable":true,"href":"https:\/\/ecoprogress.eu\/de\/wp-json\/wp\/v2\/product_tag?post=52562"}],"curies":[{"name":"wp","href":"https:\/\/api.w.org\/{rel}","templated":true}]}}