{"id":52984,"date":"2024-05-23T13:01:40","date_gmt":"2024-05-23T11:01:40","guid":{"rendered":"https:\/\/ecoprogress.eu\/?post_type=product&#038;p=52984"},"modified":"2025-04-09T15:59:15","modified_gmt":"2025-04-09T13:59:15","slug":"ochranne-zabradlie","status":"publish","type":"product","link":"https:\/\/ecoprogress.eu\/de\/produkt\/ochranne-zabradlie\/","title":{"rendered":"Ochrann\u00e9 z\u00e1bradlie \u00d8 48,3 mm"},"content":{"rendered":"<p>Dodanie 7-8 t\u00fd\u017ed\u0148ov (pod\u013ea stavu skladov\u00fdch z\u00e1sob)<\/p>\n\n<table id=\"tablepress-3053\" class=\"tablepress tablepress-id-3053\">\n<tbody class=\"row-striping row-hover\">\n<tr class=\"row-1\">\n\t<td class=\"column-1\">\u00d8<\/td><td class=\"column-2\">48,3 mm<\/td>\n<\/tr>\n<tr class=\"row-2\">\n\t<td class=\"column-1\">materi\u00e1l<\/td><td class=\"column-2\">oce\u013e pozinkovan\u00e1. oce\u013e nehdzavej\u00faca, oce\u013e pozinkovan\u00e1 a malovan\u00e1<\/td>\n<\/tr>\n<tr class=\"row-3\">\n\t<td class=\"column-1\">ukotvenie<\/td><td class=\"column-2\">zabet\u00f3novan\u00edm<\/td>\n<\/tr>\n<\/tbody>\n<\/table>\n<!-- #tablepress-3053 from cache -->\n","protected":false},"excerpt":{"rendered":"<p>Ochrann\u00e9 z\u00e1bradlie \u00d8 48,3 mm pou\u017e\u00edvan\u00e1 na ochranu a bezpe\u010dnos\u0165 okolo dopravn\u00fdch ciest, \u0161k\u00f4l, mostov at\u010f. Poskytuje \u00fa\u010dinn\u00fa ochranu odde\u013euj\u00facu prem\u00e1vku vozidiel od pe\u0161ej dopravy.<\/p>\n","protected":false},"featured_media":53181,"template":"","meta":[],"product_brand":[],"product_cat":[268,659],"product_tag":[],"class_list":{"0":"post-52984","1":"product","2":"type-product","3":"status-publish","4":"has-post-thumbnail","6":"product_cat-cestna-architektura","7":"product_cat-ocelovy-mobiliar","8":"product_shipping_class-stojany","10":"first","11":"instock","12":"taxable","13":"shipping-taxable","14":"purchasable","15":"product-type-variable"},"yoast_head":"<!-- This site is optimized with the Yoast SEO plugin v27.2 - https:\/\/yoast.com\/product\/yoast-seo-wordpress\/ -->\n<title>Ochrann\u00e9 z\u00e1bradlie \u00d8 48,3 mm | Ecoprogress<\/title>\n<meta name=\"description\" content=\"Ochrann\u00e9 z\u00e1bradlie \u00d8 48,3 mm pou\u017e\u00edvan\u00e1 na ochranu a bezpe\u010dnos\u0165 okolo dopravn\u00fdch ciest, \u0161k\u00f4l, mostov at\u010f.\" \/>\n<meta name=\"robots\" content=\"index, follow, max-snippet:-1, max-image-preview:large, max-video-preview:-1\" \/>\n<link rel=\"canonical\" href=\"https:\/\/ecoprogress.eu\/de\/produkt\/ochranne-zabradlie\/\" \/>\n<meta property=\"og:locale\" content=\"de_DE\" \/>\n<meta property=\"og:type\" content=\"article\" \/>\n<meta property=\"og:title\" content=\"Ochrann\u00e9 z\u00e1bradlie \u00d8 48,3 mm | Ecoprogress\" \/>\n<meta property=\"og:description\" content=\"Ochrann\u00e9 z\u00e1bradlie \u00d8 48,3 mm pou\u017e\u00edvan\u00e1 na ochranu a bezpe\u010dnos\u0165 okolo dopravn\u00fdch ciest, \u0161k\u00f4l, mostov at\u010f.\" \/>\n<meta property=\"og:url\" content=\"https:\/\/ecoprogress.eu\/de\/produkt\/ochranne-zabradlie\/\" \/>\n<meta property=\"og:site_name\" content=\"Ecoprogress\" \/>\n<meta property=\"article:modified_time\" content=\"2025-04-09T13:59:15+00:00\" \/>\n<meta property=\"og:image\" content=\"https:\/\/ecoprogress.eu\/wp-content\/uploads\/Ochranne-zabradlie-O-483-mm-copy.webp\" \/>\n\t<meta property=\"og:image:width\" content=\"800\" \/>\n\t<meta property=\"og:image:height\" content=\"600\" \/>\n\t<meta property=\"og:image:type\" content=\"image\/webp\" \/>\n<meta name=\"twitter:card\" content=\"summary_large_image\" \/>\n<meta name=\"twitter:label1\" content=\"Gesch\u00e4tzte Lesezeit\" \/>\n\t<meta name=\"twitter:data1\" content=\"1\u00a0Minute\" \/>\n<script type=\"application\/ld+json\" class=\"yoast-schema-graph\">{\"@context\":\"https:\/\/schema.org\",\"@graph\":[{\"@type\":\"WebPage\",\"@id\":\"https:\/\/ecoprogress.eu\/de\/produkt\/ochranne-zabradlie\/\",\"url\":\"https:\/\/ecoprogress.eu\/de\/produkt\/ochranne-zabradlie\/\",\"name\":\"Ochrann\u00e9 z\u00e1bradlie \u00d8 48,3 mm | Ecoprogress\",\"isPartOf\":{\"@id\":\"https:\/\/ecoprogress.eu\/de\/#website\"},\"primaryImageOfPage\":{\"@id\":\"https:\/\/ecoprogress.eu\/de\/produkt\/ochranne-zabradlie\/#primaryimage\"},\"image\":{\"@id\":\"https:\/\/ecoprogress.eu\/de\/produkt\/ochranne-zabradlie\/#primaryimage\"},\"thumbnailUrl\":\"https:\/\/ecoprogress.eu\/wp-content\/uploads\/Ochranne-zabradlie-O-483-mm-copy.webp\",\"datePublished\":\"2024-05-23T11:01:40+00:00\",\"dateModified\":\"2025-04-09T13:59:15+00:00\",\"description\":\"Ochrann\u00e9 z\u00e1bradlie \u00d8 48,3 mm pou\u017e\u00edvan\u00e1 na ochranu a bezpe\u010dnos\u0165 okolo dopravn\u00fdch ciest, \u0161k\u00f4l, mostov at\u010f.\",\"breadcrumb\":{\"@id\":\"https:\/\/ecoprogress.eu\/de\/produkt\/ochranne-zabradlie\/#breadcrumb\"},\"inLanguage\":\"de\",\"potentialAction\":[{\"@type\":\"ReadAction\",\"target\":[\"https:\/\/ecoprogress.eu\/de\/produkt\/ochranne-zabradlie\/\"]}]},{\"@type\":\"ImageObject\",\"inLanguage\":\"de\",\"@id\":\"https:\/\/ecoprogress.eu\/de\/produkt\/ochranne-zabradlie\/#primaryimage\",\"url\":\"https:\/\/ecoprogress.eu\/wp-content\/uploads\/Ochranne-zabradlie-O-483-mm-copy.webp\",\"contentUrl\":\"https:\/\/ecoprogress.eu\/wp-content\/uploads\/Ochranne-zabradlie-O-483-mm-copy.webp\",\"width\":800,\"height\":600},{\"@type\":\"BreadcrumbList\",\"@id\":\"https:\/\/ecoprogress.eu\/de\/produkt\/ochranne-zabradlie\/#breadcrumb\",\"itemListElement\":[{\"@type\":\"ListItem\",\"position\":1,\"name\":\"Produkte\",\"item\":\"https:\/\/ecoprogress.eu\/de\/produkte\/\"},{\"@type\":\"ListItem\",\"position\":2,\"name\":\"Ochrann\u00e9 z\u00e1bradlie \u00d8 48,3 mm\"}]},{\"@type\":\"WebSite\",\"@id\":\"https:\/\/ecoprogress.eu\/de\/#website\",\"url\":\"https:\/\/ecoprogress.eu\/de\/\",\"name\":\"Ecoprogress\",\"description\":\"\",\"publisher\":{\"@id\":\"https:\/\/ecoprogress.eu\/de\/#organization\"},\"potentialAction\":[{\"@type\":\"SearchAction\",\"target\":{\"@type\":\"EntryPoint\",\"urlTemplate\":\"https:\/\/ecoprogress.eu\/de\/?s={search_term_string}\"},\"query-input\":{\"@type\":\"PropertyValueSpecification\",\"valueRequired\":true,\"valueName\":\"search_term_string\"}}],\"inLanguage\":\"de\"},{\"@type\":\"Organization\",\"@id\":\"https:\/\/ecoprogress.eu\/de\/#organization\",\"name\":\"Ecoprogress\",\"url\":\"https:\/\/ecoprogress.eu\/de\/\",\"logo\":{\"@type\":\"ImageObject\",\"inLanguage\":\"de\",\"@id\":\"https:\/\/ecoprogress.eu\/de\/#\/schema\/logo\/image\/\",\"url\":\"https:\/\/ecoprogress.eu\/wp-content\/uploads\/logo-2.svg\",\"contentUrl\":\"https:\/\/ecoprogress.eu\/wp-content\/uploads\/logo-2.svg\",\"width\":318,\"height\":349,\"caption\":\"Ecoprogress\"},\"image\":{\"@id\":\"https:\/\/ecoprogress.eu\/de\/#\/schema\/logo\/image\/\"}}]}<\/script>\n<!-- \/ Yoast SEO plugin. -->","yoast_head_json":{"title":"Ochrann\u00e9 z\u00e1bradlie \u00d8 48,3 mm | Ecoprogress","description":"Ochrann\u00e9 z\u00e1bradlie \u00d8 48,3 mm pou\u017e\u00edvan\u00e1 na ochranu a bezpe\u010dnos\u0165 okolo dopravn\u00fdch ciest, \u0161k\u00f4l, mostov at\u010f.","robots":{"index":"index","follow":"follow","max-snippet":"max-snippet:-1","max-image-preview":"max-image-preview:large","max-video-preview":"max-video-preview:-1"},"canonical":"https:\/\/ecoprogress.eu\/de\/produkt\/ochranne-zabradlie\/","og_locale":"de_DE","og_type":"article","og_title":"Ochrann\u00e9 z\u00e1bradlie \u00d8 48,3 mm | Ecoprogress","og_description":"Ochrann\u00e9 z\u00e1bradlie \u00d8 48,3 mm pou\u017e\u00edvan\u00e1 na ochranu a bezpe\u010dnos\u0165 okolo dopravn\u00fdch ciest, \u0161k\u00f4l, mostov at\u010f.","og_url":"https:\/\/ecoprogress.eu\/de\/produkt\/ochranne-zabradlie\/","og_site_name":"Ecoprogress","article_modified_time":"2025-04-09T13:59:15+00:00","og_image":[{"width":800,"height":600,"url":"https:\/\/ecoprogress.eu\/wp-content\/uploads\/Ochranne-zabradlie-O-483-mm-copy.webp","type":"image\/webp"}],"twitter_card":"summary_large_image","twitter_misc":{"Gesch\u00e4tzte Lesezeit":"1\u00a0Minute"},"schema":{"@context":"https:\/\/schema.org","@graph":[{"@type":"WebPage","@id":"https:\/\/ecoprogress.eu\/de\/produkt\/ochranne-zabradlie\/","url":"https:\/\/ecoprogress.eu\/de\/produkt\/ochranne-zabradlie\/","name":"Ochrann\u00e9 z\u00e1bradlie \u00d8 48,3 mm | Ecoprogress","isPartOf":{"@id":"https:\/\/ecoprogress.eu\/de\/#website"},"primaryImageOfPage":{"@id":"https:\/\/ecoprogress.eu\/de\/produkt\/ochranne-zabradlie\/#primaryimage"},"image":{"@id":"https:\/\/ecoprogress.eu\/de\/produkt\/ochranne-zabradlie\/#primaryimage"},"thumbnailUrl":"https:\/\/ecoprogress.eu\/wp-content\/uploads\/Ochranne-zabradlie-O-483-mm-copy.webp","datePublished":"2024-05-23T11:01:40+00:00","dateModified":"2025-04-09T13:59:15+00:00","description":"Ochrann\u00e9 z\u00e1bradlie \u00d8 48,3 mm pou\u017e\u00edvan\u00e1 na ochranu a bezpe\u010dnos\u0165 okolo dopravn\u00fdch ciest, \u0161k\u00f4l, mostov at\u010f.","breadcrumb":{"@id":"https:\/\/ecoprogress.eu\/de\/produkt\/ochranne-zabradlie\/#breadcrumb"},"inLanguage":"de","potentialAction":[{"@type":"ReadAction","target":["https:\/\/ecoprogress.eu\/de\/produkt\/ochranne-zabradlie\/"]}]},{"@type":"ImageObject","inLanguage":"de","@id":"https:\/\/ecoprogress.eu\/de\/produkt\/ochranne-zabradlie\/#primaryimage","url":"https:\/\/ecoprogress.eu\/wp-content\/uploads\/Ochranne-zabradlie-O-483-mm-copy.webp","contentUrl":"https:\/\/ecoprogress.eu\/wp-content\/uploads\/Ochranne-zabradlie-O-483-mm-copy.webp","width":800,"height":600},{"@type":"BreadcrumbList","@id":"https:\/\/ecoprogress.eu\/de\/produkt\/ochranne-zabradlie\/#breadcrumb","itemListElement":[{"@type":"ListItem","position":1,"name":"Produkte","item":"https:\/\/ecoprogress.eu\/de\/produkte\/"},{"@type":"ListItem","position":2,"name":"Ochrann\u00e9 z\u00e1bradlie \u00d8 48,3 mm"}]},{"@type":"WebSite","@id":"https:\/\/ecoprogress.eu\/de\/#website","url":"https:\/\/ecoprogress.eu\/de\/","name":"Ecoprogress","description":"","publisher":{"@id":"https:\/\/ecoprogress.eu\/de\/#organization"},"potentialAction":[{"@type":"SearchAction","target":{"@type":"EntryPoint","urlTemplate":"https:\/\/ecoprogress.eu\/de\/?s={search_term_string}"},"query-input":{"@type":"PropertyValueSpecification","valueRequired":true,"valueName":"search_term_string"}}],"inLanguage":"de"},{"@type":"Organization","@id":"https:\/\/ecoprogress.eu\/de\/#organization","name":"Ecoprogress","url":"https:\/\/ecoprogress.eu\/de\/","logo":{"@type":"ImageObject","inLanguage":"de","@id":"https:\/\/ecoprogress.eu\/de\/#\/schema\/logo\/image\/","url":"https:\/\/ecoprogress.eu\/wp-content\/uploads\/logo-2.svg","contentUrl":"https:\/\/ecoprogress.eu\/wp-content\/uploads\/logo-2.svg","width":318,"height":349,"caption":"Ecoprogress"},"image":{"@id":"https:\/\/ecoprogress.eu\/de\/#\/schema\/logo\/image\/"}}]}},"_links":{"self":[{"href":"https:\/\/ecoprogress.eu\/de\/wp-json\/wp\/v2\/product\/52984","targetHints":{"allow":["GET"]}}],"collection":[{"href":"https:\/\/ecoprogress.eu\/de\/wp-json\/wp\/v2\/product"}],"about":[{"href":"https:\/\/ecoprogress.eu\/de\/wp-json\/wp\/v2\/types\/product"}],"version-history":[{"count":3,"href":"https:\/\/ecoprogress.eu\/de\/wp-json\/wp\/v2\/product\/52984\/revisions"}],"predecessor-version":[{"id":53047,"href":"https:\/\/ecoprogress.eu\/de\/wp-json\/wp\/v2\/product\/52984\/revisions\/53047"}],"wp:featuredmedia":[{"embeddable":true,"href":"https:\/\/ecoprogress.eu\/de\/wp-json\/wp\/v2\/media\/53181"}],"wp:attachment":[{"href":"https:\/\/ecoprogress.eu\/de\/wp-json\/wp\/v2\/media?parent=52984"}],"wp:term":[{"taxonomy":"product_brand","embeddable":true,"href":"https:\/\/ecoprogress.eu\/de\/wp-json\/wp\/v2\/product_brand?post=52984"},{"taxonomy":"product_cat","embeddable":true,"href":"https:\/\/ecoprogress.eu\/de\/wp-json\/wp\/v2\/product_cat?post=52984"},{"taxonomy":"product_tag","embeddable":true,"href":"https:\/\/ecoprogress.eu\/de\/wp-json\/wp\/v2\/product_tag?post=52984"}],"curies":[{"name":"wp","href":"https:\/\/api.w.org\/{rel}","templated":true}]}}