{"id":53008,"date":"2024-05-23T13:22:59","date_gmt":"2024-05-23T11:22:59","guid":{"rendered":"https:\/\/ecoprogress.eu\/?post_type=product&#038;p=53008"},"modified":"2024-05-28T14:24:12","modified_gmt":"2024-05-28T12:24:12","slug":"barierovy-plot-typ-01","status":"publish","type":"product","link":"https:\/\/ecoprogress.eu\/de\/produkt\/barierovy-plot-typ-01\/","title":{"rendered":"Bari\u00e9rov\u00fd plot typ 01 &#8211; 200 cm"},"content":{"rendered":"<p>Dodanie 7-8 t\u00fd\u017ed\u0148ov (pod\u013ea stavu skladov\u00fdch z\u00e1sob)<\/p>\n\n<table id=\"tablepress-3056\" class=\"tablepress tablepress-id-3056\">\n<tbody class=\"row-striping row-hover\">\n<tr class=\"row-1\">\n\t<td class=\"column-1\">\u00d8<\/td><td class=\"column-2\">42,5 a 14 mm<\/td>\n<\/tr>\n<tr class=\"row-2\">\n\t<td class=\"column-1\">materi\u00e1l<\/td><td class=\"column-2\">oce\u013e pozinkovan\u00e1<\/td>\n<\/tr>\n<tr class=\"row-3\">\n\t<td class=\"column-1\">v\u00fd\u0161ka<\/td><td class=\"column-2\">110 cm<\/td>\n<\/tr>\n<tr class=\"row-4\">\n\t<td class=\"column-1\">\u0161\u00edrka<\/td><td class=\"column-2\">200 cm<\/td>\n<\/tr>\n<\/tbody>\n<\/table>\n\n","protected":false},"excerpt":{"rendered":"<p>Bari\u00e9rov\u00fd plot typ 01 pou\u017e\u00edvan\u00fd na organiz\u00e1ciu dopravy a bezpe\u010dnostn\u00fdch tr\u00e1s pri masov\u00fdch podujatiach. Vyroben\u00fd zo \u017eiarovo pozinkovanej ocele a jeho d\u013a\u017eka je 200 cm.<\/p>\n","protected":false},"featured_media":53189,"template":"","meta":[],"product_brand":[],"product_cat":[268,659],"product_tag":[],"class_list":{"0":"post-53008","1":"product","2":"type-product","3":"status-publish","4":"has-post-thumbnail","6":"product_cat-cestna-architektura","7":"product_cat-ocelovy-mobiliar","8":"product_shipping_class-stojany","10":"first","11":"instock","12":"taxable","13":"shipping-taxable","14":"purchasable","15":"product-type-simple"},"yoast_head":"<!-- This site is optimized with the Yoast SEO plugin v27.2 - https:\/\/yoast.com\/product\/yoast-seo-wordpress\/ -->\n<title>Bari\u00e9rov\u00fd plot typ 01 - 200 cm | Ecoprogress<\/title>\n<meta name=\"description\" content=\"Bari\u00e9rov\u00fd plot typ 01 pou\u017e\u00edvan\u00fd na organiz\u00e1ciu dopravy a bezpe\u010dnostn\u00fdch tr\u00e1s pri masov\u00fdch podujatiach. Vyroben\u00fd zo \u017eiarovo pozinkovanej ocele.\" \/>\n<meta name=\"robots\" content=\"index, follow, max-snippet:-1, max-image-preview:large, max-video-preview:-1\" \/>\n<link rel=\"canonical\" href=\"https:\/\/ecoprogress.eu\/de\/produkt\/barierovy-plot-typ-01\/\" \/>\n<meta property=\"og:locale\" content=\"de_DE\" \/>\n<meta property=\"og:type\" content=\"article\" \/>\n<meta property=\"og:title\" content=\"Bari\u00e9rov\u00fd plot typ 01 - 200 cm | Ecoprogress\" \/>\n<meta property=\"og:description\" content=\"Bari\u00e9rov\u00fd plot typ 01 pou\u017e\u00edvan\u00fd na organiz\u00e1ciu dopravy a bezpe\u010dnostn\u00fdch tr\u00e1s pri masov\u00fdch podujatiach. Vyroben\u00fd zo \u017eiarovo pozinkovanej ocele.\" \/>\n<meta property=\"og:url\" content=\"https:\/\/ecoprogress.eu\/de\/produkt\/barierovy-plot-typ-01\/\" \/>\n<meta property=\"og:site_name\" content=\"Ecoprogress\" \/>\n<meta property=\"article:modified_time\" content=\"2024-05-28T12:24:12+00:00\" \/>\n<meta property=\"og:image\" content=\"https:\/\/ecoprogress.eu\/wp-content\/uploads\/Barierovy-plot-typ-01-\u2013-200-cm-copy.webp\" \/>\n\t<meta property=\"og:image:width\" content=\"800\" \/>\n\t<meta property=\"og:image:height\" content=\"600\" \/>\n\t<meta property=\"og:image:type\" content=\"image\/webp\" \/>\n<meta name=\"twitter:card\" content=\"summary_large_image\" \/>\n<meta name=\"twitter:label1\" content=\"Gesch\u00e4tzte Lesezeit\" \/>\n\t<meta name=\"twitter:data1\" content=\"1\u00a0Minute\" \/>\n<script type=\"application\/ld+json\" class=\"yoast-schema-graph\">{\"@context\":\"https:\/\/schema.org\",\"@graph\":[{\"@type\":\"WebPage\",\"@id\":\"https:\/\/ecoprogress.eu\/de\/produkt\/barierovy-plot-typ-01\/\",\"url\":\"https:\/\/ecoprogress.eu\/de\/produkt\/barierovy-plot-typ-01\/\",\"name\":\"Bari\u00e9rov\u00fd plot typ 01 - 200 cm | Ecoprogress\",\"isPartOf\":{\"@id\":\"https:\/\/ecoprogress.eu\/de\/#website\"},\"primaryImageOfPage\":{\"@id\":\"https:\/\/ecoprogress.eu\/de\/produkt\/barierovy-plot-typ-01\/#primaryimage\"},\"image\":{\"@id\":\"https:\/\/ecoprogress.eu\/de\/produkt\/barierovy-plot-typ-01\/#primaryimage\"},\"thumbnailUrl\":\"https:\/\/ecoprogress.eu\/wp-content\/uploads\/Barierovy-plot-typ-01-\u2013-200-cm-copy.webp\",\"datePublished\":\"2024-05-23T11:22:59+00:00\",\"dateModified\":\"2024-05-28T12:24:12+00:00\",\"description\":\"Bari\u00e9rov\u00fd plot typ 01 pou\u017e\u00edvan\u00fd na organiz\u00e1ciu dopravy a bezpe\u010dnostn\u00fdch tr\u00e1s pri masov\u00fdch podujatiach. Vyroben\u00fd zo \u017eiarovo pozinkovanej ocele.\",\"breadcrumb\":{\"@id\":\"https:\/\/ecoprogress.eu\/de\/produkt\/barierovy-plot-typ-01\/#breadcrumb\"},\"inLanguage\":\"de\",\"potentialAction\":[{\"@type\":\"ReadAction\",\"target\":[\"https:\/\/ecoprogress.eu\/de\/produkt\/barierovy-plot-typ-01\/\"]}]},{\"@type\":\"ImageObject\",\"inLanguage\":\"de\",\"@id\":\"https:\/\/ecoprogress.eu\/de\/produkt\/barierovy-plot-typ-01\/#primaryimage\",\"url\":\"https:\/\/ecoprogress.eu\/wp-content\/uploads\/Barierovy-plot-typ-01-\u2013-200-cm-copy.webp\",\"contentUrl\":\"https:\/\/ecoprogress.eu\/wp-content\/uploads\/Barierovy-plot-typ-01-\u2013-200-cm-copy.webp\",\"width\":800,\"height\":600},{\"@type\":\"BreadcrumbList\",\"@id\":\"https:\/\/ecoprogress.eu\/de\/produkt\/barierovy-plot-typ-01\/#breadcrumb\",\"itemListElement\":[{\"@type\":\"ListItem\",\"position\":1,\"name\":\"Produkte\",\"item\":\"https:\/\/ecoprogress.eu\/de\/produkte\/\"},{\"@type\":\"ListItem\",\"position\":2,\"name\":\"Bari\u00e9rov\u00fd plot typ 01 &#8211; 200 cm\"}]},{\"@type\":\"WebSite\",\"@id\":\"https:\/\/ecoprogress.eu\/de\/#website\",\"url\":\"https:\/\/ecoprogress.eu\/de\/\",\"name\":\"Ecoprogress\",\"description\":\"\",\"publisher\":{\"@id\":\"https:\/\/ecoprogress.eu\/de\/#organization\"},\"potentialAction\":[{\"@type\":\"SearchAction\",\"target\":{\"@type\":\"EntryPoint\",\"urlTemplate\":\"https:\/\/ecoprogress.eu\/de\/?s={search_term_string}\"},\"query-input\":{\"@type\":\"PropertyValueSpecification\",\"valueRequired\":true,\"valueName\":\"search_term_string\"}}],\"inLanguage\":\"de\"},{\"@type\":\"Organization\",\"@id\":\"https:\/\/ecoprogress.eu\/de\/#organization\",\"name\":\"Ecoprogress\",\"url\":\"https:\/\/ecoprogress.eu\/de\/\",\"logo\":{\"@type\":\"ImageObject\",\"inLanguage\":\"de\",\"@id\":\"https:\/\/ecoprogress.eu\/de\/#\/schema\/logo\/image\/\",\"url\":\"https:\/\/ecoprogress.eu\/wp-content\/uploads\/logo-2.svg\",\"contentUrl\":\"https:\/\/ecoprogress.eu\/wp-content\/uploads\/logo-2.svg\",\"width\":318,\"height\":349,\"caption\":\"Ecoprogress\"},\"image\":{\"@id\":\"https:\/\/ecoprogress.eu\/de\/#\/schema\/logo\/image\/\"}}]}<\/script>\n<!-- \/ Yoast SEO plugin. -->","yoast_head_json":{"title":"Bari\u00e9rov\u00fd plot typ 01 - 200 cm | Ecoprogress","description":"Bari\u00e9rov\u00fd plot typ 01 pou\u017e\u00edvan\u00fd na organiz\u00e1ciu dopravy a bezpe\u010dnostn\u00fdch tr\u00e1s pri masov\u00fdch podujatiach. Vyroben\u00fd zo \u017eiarovo pozinkovanej ocele.","robots":{"index":"index","follow":"follow","max-snippet":"max-snippet:-1","max-image-preview":"max-image-preview:large","max-video-preview":"max-video-preview:-1"},"canonical":"https:\/\/ecoprogress.eu\/de\/produkt\/barierovy-plot-typ-01\/","og_locale":"de_DE","og_type":"article","og_title":"Bari\u00e9rov\u00fd plot typ 01 - 200 cm | Ecoprogress","og_description":"Bari\u00e9rov\u00fd plot typ 01 pou\u017e\u00edvan\u00fd na organiz\u00e1ciu dopravy a bezpe\u010dnostn\u00fdch tr\u00e1s pri masov\u00fdch podujatiach. Vyroben\u00fd zo \u017eiarovo pozinkovanej ocele.","og_url":"https:\/\/ecoprogress.eu\/de\/produkt\/barierovy-plot-typ-01\/","og_site_name":"Ecoprogress","article_modified_time":"2024-05-28T12:24:12+00:00","og_image":[{"width":800,"height":600,"url":"https:\/\/ecoprogress.eu\/wp-content\/uploads\/Barierovy-plot-typ-01-\u2013-200-cm-copy.webp","type":"image\/webp"}],"twitter_card":"summary_large_image","twitter_misc":{"Gesch\u00e4tzte Lesezeit":"1\u00a0Minute"},"schema":{"@context":"https:\/\/schema.org","@graph":[{"@type":"WebPage","@id":"https:\/\/ecoprogress.eu\/de\/produkt\/barierovy-plot-typ-01\/","url":"https:\/\/ecoprogress.eu\/de\/produkt\/barierovy-plot-typ-01\/","name":"Bari\u00e9rov\u00fd plot typ 01 - 200 cm | Ecoprogress","isPartOf":{"@id":"https:\/\/ecoprogress.eu\/de\/#website"},"primaryImageOfPage":{"@id":"https:\/\/ecoprogress.eu\/de\/produkt\/barierovy-plot-typ-01\/#primaryimage"},"image":{"@id":"https:\/\/ecoprogress.eu\/de\/produkt\/barierovy-plot-typ-01\/#primaryimage"},"thumbnailUrl":"https:\/\/ecoprogress.eu\/wp-content\/uploads\/Barierovy-plot-typ-01-\u2013-200-cm-copy.webp","datePublished":"2024-05-23T11:22:59+00:00","dateModified":"2024-05-28T12:24:12+00:00","description":"Bari\u00e9rov\u00fd plot typ 01 pou\u017e\u00edvan\u00fd na organiz\u00e1ciu dopravy a bezpe\u010dnostn\u00fdch tr\u00e1s pri masov\u00fdch podujatiach. Vyroben\u00fd zo \u017eiarovo pozinkovanej ocele.","breadcrumb":{"@id":"https:\/\/ecoprogress.eu\/de\/produkt\/barierovy-plot-typ-01\/#breadcrumb"},"inLanguage":"de","potentialAction":[{"@type":"ReadAction","target":["https:\/\/ecoprogress.eu\/de\/produkt\/barierovy-plot-typ-01\/"]}]},{"@type":"ImageObject","inLanguage":"de","@id":"https:\/\/ecoprogress.eu\/de\/produkt\/barierovy-plot-typ-01\/#primaryimage","url":"https:\/\/ecoprogress.eu\/wp-content\/uploads\/Barierovy-plot-typ-01-\u2013-200-cm-copy.webp","contentUrl":"https:\/\/ecoprogress.eu\/wp-content\/uploads\/Barierovy-plot-typ-01-\u2013-200-cm-copy.webp","width":800,"height":600},{"@type":"BreadcrumbList","@id":"https:\/\/ecoprogress.eu\/de\/produkt\/barierovy-plot-typ-01\/#breadcrumb","itemListElement":[{"@type":"ListItem","position":1,"name":"Produkte","item":"https:\/\/ecoprogress.eu\/de\/produkte\/"},{"@type":"ListItem","position":2,"name":"Bari\u00e9rov\u00fd plot typ 01 &#8211; 200 cm"}]},{"@type":"WebSite","@id":"https:\/\/ecoprogress.eu\/de\/#website","url":"https:\/\/ecoprogress.eu\/de\/","name":"Ecoprogress","description":"","publisher":{"@id":"https:\/\/ecoprogress.eu\/de\/#organization"},"potentialAction":[{"@type":"SearchAction","target":{"@type":"EntryPoint","urlTemplate":"https:\/\/ecoprogress.eu\/de\/?s={search_term_string}"},"query-input":{"@type":"PropertyValueSpecification","valueRequired":true,"valueName":"search_term_string"}}],"inLanguage":"de"},{"@type":"Organization","@id":"https:\/\/ecoprogress.eu\/de\/#organization","name":"Ecoprogress","url":"https:\/\/ecoprogress.eu\/de\/","logo":{"@type":"ImageObject","inLanguage":"de","@id":"https:\/\/ecoprogress.eu\/de\/#\/schema\/logo\/image\/","url":"https:\/\/ecoprogress.eu\/wp-content\/uploads\/logo-2.svg","contentUrl":"https:\/\/ecoprogress.eu\/wp-content\/uploads\/logo-2.svg","width":318,"height":349,"caption":"Ecoprogress"},"image":{"@id":"https:\/\/ecoprogress.eu\/de\/#\/schema\/logo\/image\/"}}]}},"_links":{"self":[{"href":"https:\/\/ecoprogress.eu\/de\/wp-json\/wp\/v2\/product\/53008","targetHints":{"allow":["GET"]}}],"collection":[{"href":"https:\/\/ecoprogress.eu\/de\/wp-json\/wp\/v2\/product"}],"about":[{"href":"https:\/\/ecoprogress.eu\/de\/wp-json\/wp\/v2\/types\/product"}],"version-history":[{"count":4,"href":"https:\/\/ecoprogress.eu\/de\/wp-json\/wp\/v2\/product\/53008\/revisions"}],"predecessor-version":[{"id":53069,"href":"https:\/\/ecoprogress.eu\/de\/wp-json\/wp\/v2\/product\/53008\/revisions\/53069"}],"wp:featuredmedia":[{"embeddable":true,"href":"https:\/\/ecoprogress.eu\/de\/wp-json\/wp\/v2\/media\/53189"}],"wp:attachment":[{"href":"https:\/\/ecoprogress.eu\/de\/wp-json\/wp\/v2\/media?parent=53008"}],"wp:term":[{"taxonomy":"product_brand","embeddable":true,"href":"https:\/\/ecoprogress.eu\/de\/wp-json\/wp\/v2\/product_brand?post=53008"},{"taxonomy":"product_cat","embeddable":true,"href":"https:\/\/ecoprogress.eu\/de\/wp-json\/wp\/v2\/product_cat?post=53008"},{"taxonomy":"product_tag","embeddable":true,"href":"https:\/\/ecoprogress.eu\/de\/wp-json\/wp\/v2\/product_tag?post=53008"}],"curies":[{"name":"wp","href":"https:\/\/api.w.org\/{rel}","templated":true}]}}