{"id":53566,"date":"2024-06-27T11:24:01","date_gmt":"2024-06-27T09:24:01","guid":{"rendered":"https:\/\/ecoprogress.eu\/?post_type=product&#038;p=53566"},"modified":"2024-06-27T12:55:37","modified_gmt":"2024-06-27T10:55:37","slug":"vesiak-na-bicykle-typ-18","status":"publish","type":"product","link":"https:\/\/ecoprogress.eu\/de\/produkt\/vesiak-na-bicykle-typ-18\/","title":{"rendered":"Ve\u0161iak na bicykle typ 18"},"content":{"rendered":"<p>Dodanie 4-6 t\u00fd\u017ed\u0148ov (pod\u013ea stavu skladov\u00fdch z\u00e1sob)<\/p>\n\n<table id=\"tablepress-3095\" class=\"tablepress tablepress-id-3095\">\n<tbody class=\"row-striping row-hover\">\n<tr class=\"row-1\">\n\t<td class=\"column-1\">h\u013abka ve\u0161iaka<\/td><td class=\"column-2\">50 cm<\/td>\n<\/tr>\n<tr class=\"row-2\">\n\t<td class=\"column-1\">\u0161\u00edrka ve\u0161iaka<\/td><td class=\"column-2\">14 cm<\/td>\n<\/tr>\n<tr class=\"row-3\">\n\t<td class=\"column-1\">nosnos\u0165<\/td><td class=\"column-2\">30 kg<\/td>\n<\/tr>\n<tr class=\"row-4\">\n\t<td class=\"column-1\">\u00d8 <\/td><td class=\"column-2\">18 mm<br \/>\n<\/td>\n<\/tr>\n<tr class=\"row-5\">\n\t<td class=\"column-1\">\u0161\u00edrka stanoviska<\/td><td class=\"column-2\">29x3,15 palca (8 cm), kompatibiln\u00fd s brzdov\u00fdmi kot\u00fa\u010dmi do \u00d8 203 mm<\/td>\n<\/tr>\n<tr class=\"row-6\">\n\t<td class=\"column-1\">sp\u00f4sob ukotvenia<\/td><td class=\"column-2\">do steny<\/td>\n<\/tr>\n<tr class=\"row-7\">\n\t<td class=\"column-1\">v\u00e1ha<\/td><td class=\"column-2\">2,5 kg<br \/>\n<\/td>\n<\/tr>\n<\/tbody>\n<\/table>\n\n","protected":false},"excerpt":{"rendered":"<p>Ve\u0161iak na bicykle typ 18 je vhodn\u00fd do ve\u013ek\u00fdch aj mal\u00fdch miestnost\u00ed na bicykle. Jeho hlavnou v\u00fdhodou je, \u017ee pri parkovan\u00ed nie je potrebn\u00e9 bicykel zdv\u00edha\u0165. V\u010faka nez\u00e1visl\u00fdm parkovac\u00edm stojanom je mo\u017en\u00e9 prisp\u00f4sobi\u0165 v\u00fd\u0161ku ve\u0161iaka pre konkr\u00e9tny bicykel.<\/p>\n","protected":false},"featured_media":53608,"template":"","meta":[],"product_brand":[],"product_cat":[381],"product_tag":[],"class_list":{"0":"post-53566","1":"product","2":"type-product","3":"status-publish","4":"has-post-thumbnail","6":"product_cat-vesiaky-na-bicykle","7":"product_shipping_class-stojany","9":"first","10":"instock","11":"taxable","12":"shipping-taxable","13":"purchasable","14":"product-type-simple"},"yoast_head":"<!-- This site is optimized with the Yoast SEO plugin v27.2 - https:\/\/yoast.com\/product\/yoast-seo-wordpress\/ -->\n<title>Ve\u0161iak na bicykle typ 18 | Ecoprogress<\/title>\n<meta name=\"description\" content=\"Ve\u0161iak na bicykle typ 18 je vhodn\u00fd do ve\u013ek\u00fdch aj mal\u00fdch miestnost\u00ed na bicykle. Jeho hlavnou v\u00fdhodou je, \u017ee pri parkovan\u00ed nie je potrebn\u00e9 bicykel zdv\u00edha\u0165.\" \/>\n<meta name=\"robots\" content=\"index, follow, max-snippet:-1, max-image-preview:large, max-video-preview:-1\" \/>\n<link rel=\"canonical\" href=\"https:\/\/ecoprogress.eu\/de\/produkt\/vesiak-na-bicykle-typ-18\/\" \/>\n<meta property=\"og:locale\" content=\"de_DE\" \/>\n<meta property=\"og:type\" content=\"article\" \/>\n<meta property=\"og:title\" content=\"Ve\u0161iak na bicykle typ 18 | Ecoprogress\" \/>\n<meta property=\"og:description\" content=\"Ve\u0161iak na bicykle typ 18 je vhodn\u00fd do ve\u013ek\u00fdch aj mal\u00fdch miestnost\u00ed na bicykle. Jeho hlavnou v\u00fdhodou je, \u017ee pri parkovan\u00ed nie je potrebn\u00e9 bicykel zdv\u00edha\u0165.\" \/>\n<meta property=\"og:url\" content=\"https:\/\/ecoprogress.eu\/de\/produkt\/vesiak-na-bicykle-typ-18\/\" \/>\n<meta property=\"og:site_name\" content=\"Ecoprogress\" \/>\n<meta property=\"article:modified_time\" content=\"2024-06-27T10:55:37+00:00\" \/>\n<meta property=\"og:image\" content=\"https:\/\/ecoprogress.eu\/wp-content\/uploads\/vesiak-typ-18-1-4.webp\" \/>\n\t<meta property=\"og:image:width\" content=\"800\" \/>\n\t<meta property=\"og:image:height\" content=\"600\" \/>\n\t<meta property=\"og:image:type\" content=\"image\/webp\" \/>\n<meta name=\"twitter:card\" content=\"summary_large_image\" \/>\n<meta name=\"twitter:label1\" content=\"Gesch\u00e4tzte Lesezeit\" \/>\n\t<meta name=\"twitter:data1\" content=\"1\u00a0Minute\" \/>\n<script type=\"application\/ld+json\" class=\"yoast-schema-graph\">{\"@context\":\"https:\/\/schema.org\",\"@graph\":[{\"@type\":\"WebPage\",\"@id\":\"https:\/\/ecoprogress.eu\/de\/produkt\/vesiak-na-bicykle-typ-18\/\",\"url\":\"https:\/\/ecoprogress.eu\/de\/produkt\/vesiak-na-bicykle-typ-18\/\",\"name\":\"Ve\u0161iak na bicykle typ 18 | Ecoprogress\",\"isPartOf\":{\"@id\":\"https:\/\/ecoprogress.eu\/de\/#website\"},\"primaryImageOfPage\":{\"@id\":\"https:\/\/ecoprogress.eu\/de\/produkt\/vesiak-na-bicykle-typ-18\/#primaryimage\"},\"image\":{\"@id\":\"https:\/\/ecoprogress.eu\/de\/produkt\/vesiak-na-bicykle-typ-18\/#primaryimage\"},\"thumbnailUrl\":\"https:\/\/ecoprogress.eu\/wp-content\/uploads\/vesiak-typ-18-1-4.webp\",\"datePublished\":\"2024-06-27T09:24:01+00:00\",\"dateModified\":\"2024-06-27T10:55:37+00:00\",\"description\":\"Ve\u0161iak na bicykle typ 18 je vhodn\u00fd do ve\u013ek\u00fdch aj mal\u00fdch miestnost\u00ed na bicykle. Jeho hlavnou v\u00fdhodou je, \u017ee pri parkovan\u00ed nie je potrebn\u00e9 bicykel zdv\u00edha\u0165.\",\"breadcrumb\":{\"@id\":\"https:\/\/ecoprogress.eu\/de\/produkt\/vesiak-na-bicykle-typ-18\/#breadcrumb\"},\"inLanguage\":\"de\",\"potentialAction\":[{\"@type\":\"ReadAction\",\"target\":[\"https:\/\/ecoprogress.eu\/de\/produkt\/vesiak-na-bicykle-typ-18\/\"]}]},{\"@type\":\"ImageObject\",\"inLanguage\":\"de\",\"@id\":\"https:\/\/ecoprogress.eu\/de\/produkt\/vesiak-na-bicykle-typ-18\/#primaryimage\",\"url\":\"https:\/\/ecoprogress.eu\/wp-content\/uploads\/vesiak-typ-18-1-4.webp\",\"contentUrl\":\"https:\/\/ecoprogress.eu\/wp-content\/uploads\/vesiak-typ-18-1-4.webp\",\"width\":800,\"height\":600},{\"@type\":\"BreadcrumbList\",\"@id\":\"https:\/\/ecoprogress.eu\/de\/produkt\/vesiak-na-bicykle-typ-18\/#breadcrumb\",\"itemListElement\":[{\"@type\":\"ListItem\",\"position\":1,\"name\":\"Produkte\",\"item\":\"https:\/\/ecoprogress.eu\/de\/produkte\/\"},{\"@type\":\"ListItem\",\"position\":2,\"name\":\"Ve\u0161iak na bicykle typ 18\"}]},{\"@type\":\"WebSite\",\"@id\":\"https:\/\/ecoprogress.eu\/de\/#website\",\"url\":\"https:\/\/ecoprogress.eu\/de\/\",\"name\":\"Ecoprogress\",\"description\":\"\",\"publisher\":{\"@id\":\"https:\/\/ecoprogress.eu\/de\/#organization\"},\"potentialAction\":[{\"@type\":\"SearchAction\",\"target\":{\"@type\":\"EntryPoint\",\"urlTemplate\":\"https:\/\/ecoprogress.eu\/de\/?s={search_term_string}\"},\"query-input\":{\"@type\":\"PropertyValueSpecification\",\"valueRequired\":true,\"valueName\":\"search_term_string\"}}],\"inLanguage\":\"de\"},{\"@type\":\"Organization\",\"@id\":\"https:\/\/ecoprogress.eu\/de\/#organization\",\"name\":\"Ecoprogress\",\"url\":\"https:\/\/ecoprogress.eu\/de\/\",\"logo\":{\"@type\":\"ImageObject\",\"inLanguage\":\"de\",\"@id\":\"https:\/\/ecoprogress.eu\/de\/#\/schema\/logo\/image\/\",\"url\":\"https:\/\/ecoprogress.eu\/wp-content\/uploads\/logo-2.svg\",\"contentUrl\":\"https:\/\/ecoprogress.eu\/wp-content\/uploads\/logo-2.svg\",\"width\":318,\"height\":349,\"caption\":\"Ecoprogress\"},\"image\":{\"@id\":\"https:\/\/ecoprogress.eu\/de\/#\/schema\/logo\/image\/\"}}]}<\/script>\n<!-- \/ Yoast SEO plugin. -->","yoast_head_json":{"title":"Ve\u0161iak na bicykle typ 18 | Ecoprogress","description":"Ve\u0161iak na bicykle typ 18 je vhodn\u00fd do ve\u013ek\u00fdch aj mal\u00fdch miestnost\u00ed na bicykle. Jeho hlavnou v\u00fdhodou je, \u017ee pri parkovan\u00ed nie je potrebn\u00e9 bicykel zdv\u00edha\u0165.","robots":{"index":"index","follow":"follow","max-snippet":"max-snippet:-1","max-image-preview":"max-image-preview:large","max-video-preview":"max-video-preview:-1"},"canonical":"https:\/\/ecoprogress.eu\/de\/produkt\/vesiak-na-bicykle-typ-18\/","og_locale":"de_DE","og_type":"article","og_title":"Ve\u0161iak na bicykle typ 18 | Ecoprogress","og_description":"Ve\u0161iak na bicykle typ 18 je vhodn\u00fd do ve\u013ek\u00fdch aj mal\u00fdch miestnost\u00ed na bicykle. Jeho hlavnou v\u00fdhodou je, \u017ee pri parkovan\u00ed nie je potrebn\u00e9 bicykel zdv\u00edha\u0165.","og_url":"https:\/\/ecoprogress.eu\/de\/produkt\/vesiak-na-bicykle-typ-18\/","og_site_name":"Ecoprogress","article_modified_time":"2024-06-27T10:55:37+00:00","og_image":[{"width":800,"height":600,"url":"https:\/\/ecoprogress.eu\/wp-content\/uploads\/vesiak-typ-18-1-4.webp","type":"image\/webp"}],"twitter_card":"summary_large_image","twitter_misc":{"Gesch\u00e4tzte Lesezeit":"1\u00a0Minute"},"schema":{"@context":"https:\/\/schema.org","@graph":[{"@type":"WebPage","@id":"https:\/\/ecoprogress.eu\/de\/produkt\/vesiak-na-bicykle-typ-18\/","url":"https:\/\/ecoprogress.eu\/de\/produkt\/vesiak-na-bicykle-typ-18\/","name":"Ve\u0161iak na bicykle typ 18 | Ecoprogress","isPartOf":{"@id":"https:\/\/ecoprogress.eu\/de\/#website"},"primaryImageOfPage":{"@id":"https:\/\/ecoprogress.eu\/de\/produkt\/vesiak-na-bicykle-typ-18\/#primaryimage"},"image":{"@id":"https:\/\/ecoprogress.eu\/de\/produkt\/vesiak-na-bicykle-typ-18\/#primaryimage"},"thumbnailUrl":"https:\/\/ecoprogress.eu\/wp-content\/uploads\/vesiak-typ-18-1-4.webp","datePublished":"2024-06-27T09:24:01+00:00","dateModified":"2024-06-27T10:55:37+00:00","description":"Ve\u0161iak na bicykle typ 18 je vhodn\u00fd do ve\u013ek\u00fdch aj mal\u00fdch miestnost\u00ed na bicykle. Jeho hlavnou v\u00fdhodou je, \u017ee pri parkovan\u00ed nie je potrebn\u00e9 bicykel zdv\u00edha\u0165.","breadcrumb":{"@id":"https:\/\/ecoprogress.eu\/de\/produkt\/vesiak-na-bicykle-typ-18\/#breadcrumb"},"inLanguage":"de","potentialAction":[{"@type":"ReadAction","target":["https:\/\/ecoprogress.eu\/de\/produkt\/vesiak-na-bicykle-typ-18\/"]}]},{"@type":"ImageObject","inLanguage":"de","@id":"https:\/\/ecoprogress.eu\/de\/produkt\/vesiak-na-bicykle-typ-18\/#primaryimage","url":"https:\/\/ecoprogress.eu\/wp-content\/uploads\/vesiak-typ-18-1-4.webp","contentUrl":"https:\/\/ecoprogress.eu\/wp-content\/uploads\/vesiak-typ-18-1-4.webp","width":800,"height":600},{"@type":"BreadcrumbList","@id":"https:\/\/ecoprogress.eu\/de\/produkt\/vesiak-na-bicykle-typ-18\/#breadcrumb","itemListElement":[{"@type":"ListItem","position":1,"name":"Produkte","item":"https:\/\/ecoprogress.eu\/de\/produkte\/"},{"@type":"ListItem","position":2,"name":"Ve\u0161iak na bicykle typ 18"}]},{"@type":"WebSite","@id":"https:\/\/ecoprogress.eu\/de\/#website","url":"https:\/\/ecoprogress.eu\/de\/","name":"Ecoprogress","description":"","publisher":{"@id":"https:\/\/ecoprogress.eu\/de\/#organization"},"potentialAction":[{"@type":"SearchAction","target":{"@type":"EntryPoint","urlTemplate":"https:\/\/ecoprogress.eu\/de\/?s={search_term_string}"},"query-input":{"@type":"PropertyValueSpecification","valueRequired":true,"valueName":"search_term_string"}}],"inLanguage":"de"},{"@type":"Organization","@id":"https:\/\/ecoprogress.eu\/de\/#organization","name":"Ecoprogress","url":"https:\/\/ecoprogress.eu\/de\/","logo":{"@type":"ImageObject","inLanguage":"de","@id":"https:\/\/ecoprogress.eu\/de\/#\/schema\/logo\/image\/","url":"https:\/\/ecoprogress.eu\/wp-content\/uploads\/logo-2.svg","contentUrl":"https:\/\/ecoprogress.eu\/wp-content\/uploads\/logo-2.svg","width":318,"height":349,"caption":"Ecoprogress"},"image":{"@id":"https:\/\/ecoprogress.eu\/de\/#\/schema\/logo\/image\/"}}]}},"_links":{"self":[{"href":"https:\/\/ecoprogress.eu\/de\/wp-json\/wp\/v2\/product\/53566","targetHints":{"allow":["GET"]}}],"collection":[{"href":"https:\/\/ecoprogress.eu\/de\/wp-json\/wp\/v2\/product"}],"about":[{"href":"https:\/\/ecoprogress.eu\/de\/wp-json\/wp\/v2\/types\/product"}],"version-history":[{"count":2,"href":"https:\/\/ecoprogress.eu\/de\/wp-json\/wp\/v2\/product\/53566\/revisions"}],"predecessor-version":[{"id":53615,"href":"https:\/\/ecoprogress.eu\/de\/wp-json\/wp\/v2\/product\/53566\/revisions\/53615"}],"wp:featuredmedia":[{"embeddable":true,"href":"https:\/\/ecoprogress.eu\/de\/wp-json\/wp\/v2\/media\/53608"}],"wp:attachment":[{"href":"https:\/\/ecoprogress.eu\/de\/wp-json\/wp\/v2\/media?parent=53566"}],"wp:term":[{"taxonomy":"product_brand","embeddable":true,"href":"https:\/\/ecoprogress.eu\/de\/wp-json\/wp\/v2\/product_brand?post=53566"},{"taxonomy":"product_cat","embeddable":true,"href":"https:\/\/ecoprogress.eu\/de\/wp-json\/wp\/v2\/product_cat?post=53566"},{"taxonomy":"product_tag","embeddable":true,"href":"https:\/\/ecoprogress.eu\/de\/wp-json\/wp\/v2\/product_tag?post=53566"}],"curies":[{"name":"wp","href":"https:\/\/api.w.org\/{rel}","templated":true}]}}