{"id":53693,"date":"2024-07-25T12:59:34","date_gmt":"2024-07-25T10:59:34","guid":{"rendered":"https:\/\/ecoprogress.eu\/?post_type=product&#038;p=53693"},"modified":"2025-02-27T15:50:28","modified_gmt":"2025-02-27T14:50:28","slug":"konektor-pre-seriove-stojany-01","status":"publish","type":"product","link":"https:\/\/ecoprogress.eu\/de\/produkt\/konektor-pre-seriove-stojany-01\/","title":{"rendered":"Konektor pre s\u00e9riov\u00e9 stojany 01"},"content":{"rendered":"<p>Dodanie 4-6 t\u00fd\u017ed\u0148ov (pod\u013ea stavu skladov\u00fdch z\u00e1sob)<\/p>\n\n<table id=\"tablepress-3107\" class=\"tablepress tablepress-id-3107\">\n<tbody>\n<tr class=\"row-1\">\n\t<td class=\"column-1\">d\u013a\u017eka<\/td><td class=\"column-2\">29 cm<\/td>\n<\/tr>\n<tr class=\"row-2\">\n\t<td class=\"column-1\">materi\u00e1l<\/td><td class=\"column-2\">profil oce\u013eov\u00fd 30x30 mm, z\u00e1tky plastov\u00e9<br \/>\n<\/td>\n<\/tr>\n<\/tbody>\n<\/table>\n<!-- #tablepress-3107 from cache -->\n","protected":false},"excerpt":{"rendered":"<p>Konektor pre s\u00e9riov\u00e9 stojany 01 umo\u017e\u0148uje pripojenie po sebe nasleduj\u00facich modulov stojanov bez bari\u00e9rok. S\u00faprava sa sklad\u00e1 z oce\u013eov\u00e9ho profilu s plastov\u00fdmi konektormi.<\/p>\n","protected":false},"featured_media":53787,"template":"","meta":[],"product_brand":[],"product_cat":[659,156],"product_tag":[],"class_list":{"0":"post-53693","1":"product","2":"type-product","3":"status-publish","4":"has-post-thumbnail","6":"product_cat-ocelovy-mobiliar","7":"product_cat-stojany-na-bicykle","8":"product_shipping_class-lezadla","10":"first","11":"instock","12":"featured","13":"taxable","14":"shipping-taxable","15":"purchasable","16":"product-type-variable"},"yoast_head":"<!-- This site is optimized with the Yoast SEO plugin v27.2 - https:\/\/yoast.com\/product\/yoast-seo-wordpress\/ -->\n<title>Konektor pre s\u00e9riov\u00e9 stojany 01 | Ecoprogress<\/title>\n<meta name=\"description\" content=\"Konektor pre s\u00e9riov\u00e9 stojany 01 umo\u017e\u0148uje pripojenie po sebe nasleduj\u00facich modulov stojanov bez bari\u00e9rok.\" \/>\n<meta name=\"robots\" content=\"index, follow, max-snippet:-1, max-image-preview:large, max-video-preview:-1\" \/>\n<link rel=\"canonical\" href=\"https:\/\/ecoprogress.eu\/de\/produkt\/konektor-pre-seriove-stojany-01\/\" \/>\n<meta property=\"og:locale\" content=\"de_DE\" \/>\n<meta property=\"og:type\" content=\"article\" \/>\n<meta property=\"og:title\" content=\"Konektor pre s\u00e9riov\u00e9 stojany 01 | Ecoprogress\" \/>\n<meta property=\"og:description\" content=\"Konektor pre s\u00e9riov\u00e9 stojany 01 umo\u017e\u0148uje pripojenie po sebe nasleduj\u00facich modulov stojanov bez bari\u00e9rok.\" \/>\n<meta property=\"og:url\" content=\"https:\/\/ecoprogress.eu\/de\/produkt\/konektor-pre-seriove-stojany-01\/\" \/>\n<meta property=\"og:site_name\" content=\"Ecoprogress\" \/>\n<meta property=\"article:modified_time\" content=\"2025-02-27T14:50:28+00:00\" \/>\n<meta property=\"og:image\" content=\"https:\/\/ecoprogress.eu\/wp-content\/uploads\/Konektor-pre-seriove-stojany-01.jpg\" \/>\n\t<meta property=\"og:image:width\" content=\"800\" \/>\n\t<meta property=\"og:image:height\" content=\"600\" \/>\n\t<meta property=\"og:image:type\" content=\"image\/jpeg\" \/>\n<meta name=\"twitter:card\" content=\"summary_large_image\" \/>\n<meta name=\"twitter:label1\" content=\"Gesch\u00e4tzte Lesezeit\" \/>\n\t<meta name=\"twitter:data1\" content=\"1\u00a0Minute\" \/>\n<script type=\"application\/ld+json\" class=\"yoast-schema-graph\">{\"@context\":\"https:\/\/schema.org\",\"@graph\":[{\"@type\":\"WebPage\",\"@id\":\"https:\/\/ecoprogress.eu\/de\/produkt\/konektor-pre-seriove-stojany-01\/\",\"url\":\"https:\/\/ecoprogress.eu\/de\/produkt\/konektor-pre-seriove-stojany-01\/\",\"name\":\"Konektor pre s\u00e9riov\u00e9 stojany 01 | Ecoprogress\",\"isPartOf\":{\"@id\":\"https:\/\/ecoprogress.eu\/de\/#website\"},\"primaryImageOfPage\":{\"@id\":\"https:\/\/ecoprogress.eu\/de\/produkt\/konektor-pre-seriove-stojany-01\/#primaryimage\"},\"image\":{\"@id\":\"https:\/\/ecoprogress.eu\/de\/produkt\/konektor-pre-seriove-stojany-01\/#primaryimage\"},\"thumbnailUrl\":\"https:\/\/ecoprogress.eu\/wp-content\/uploads\/Konektor-pre-seriove-stojany-01.jpg\",\"datePublished\":\"2024-07-25T10:59:34+00:00\",\"dateModified\":\"2025-02-27T14:50:28+00:00\",\"description\":\"Konektor pre s\u00e9riov\u00e9 stojany 01 umo\u017e\u0148uje pripojenie po sebe nasleduj\u00facich modulov stojanov bez bari\u00e9rok.\",\"breadcrumb\":{\"@id\":\"https:\/\/ecoprogress.eu\/de\/produkt\/konektor-pre-seriove-stojany-01\/#breadcrumb\"},\"inLanguage\":\"de\",\"potentialAction\":[{\"@type\":\"ReadAction\",\"target\":[\"https:\/\/ecoprogress.eu\/de\/produkt\/konektor-pre-seriove-stojany-01\/\"]}]},{\"@type\":\"ImageObject\",\"inLanguage\":\"de\",\"@id\":\"https:\/\/ecoprogress.eu\/de\/produkt\/konektor-pre-seriove-stojany-01\/#primaryimage\",\"url\":\"https:\/\/ecoprogress.eu\/wp-content\/uploads\/Konektor-pre-seriove-stojany-01.jpg\",\"contentUrl\":\"https:\/\/ecoprogress.eu\/wp-content\/uploads\/Konektor-pre-seriove-stojany-01.jpg\",\"width\":800,\"height\":600},{\"@type\":\"BreadcrumbList\",\"@id\":\"https:\/\/ecoprogress.eu\/de\/produkt\/konektor-pre-seriove-stojany-01\/#breadcrumb\",\"itemListElement\":[{\"@type\":\"ListItem\",\"position\":1,\"name\":\"Produkte\",\"item\":\"https:\/\/ecoprogress.eu\/de\/produkte\/\"},{\"@type\":\"ListItem\",\"position\":2,\"name\":\"Konektor pre s\u00e9riov\u00e9 stojany 01\"}]},{\"@type\":\"WebSite\",\"@id\":\"https:\/\/ecoprogress.eu\/de\/#website\",\"url\":\"https:\/\/ecoprogress.eu\/de\/\",\"name\":\"Ecoprogress\",\"description\":\"\",\"publisher\":{\"@id\":\"https:\/\/ecoprogress.eu\/de\/#organization\"},\"potentialAction\":[{\"@type\":\"SearchAction\",\"target\":{\"@type\":\"EntryPoint\",\"urlTemplate\":\"https:\/\/ecoprogress.eu\/de\/?s={search_term_string}\"},\"query-input\":{\"@type\":\"PropertyValueSpecification\",\"valueRequired\":true,\"valueName\":\"search_term_string\"}}],\"inLanguage\":\"de\"},{\"@type\":\"Organization\",\"@id\":\"https:\/\/ecoprogress.eu\/de\/#organization\",\"name\":\"Ecoprogress\",\"url\":\"https:\/\/ecoprogress.eu\/de\/\",\"logo\":{\"@type\":\"ImageObject\",\"inLanguage\":\"de\",\"@id\":\"https:\/\/ecoprogress.eu\/de\/#\/schema\/logo\/image\/\",\"url\":\"https:\/\/ecoprogress.eu\/wp-content\/uploads\/logo-2.svg\",\"contentUrl\":\"https:\/\/ecoprogress.eu\/wp-content\/uploads\/logo-2.svg\",\"width\":318,\"height\":349,\"caption\":\"Ecoprogress\"},\"image\":{\"@id\":\"https:\/\/ecoprogress.eu\/de\/#\/schema\/logo\/image\/\"}}]}<\/script>\n<!-- \/ Yoast SEO plugin. -->","yoast_head_json":{"title":"Konektor pre s\u00e9riov\u00e9 stojany 01 | Ecoprogress","description":"Konektor pre s\u00e9riov\u00e9 stojany 01 umo\u017e\u0148uje pripojenie po sebe nasleduj\u00facich modulov stojanov bez bari\u00e9rok.","robots":{"index":"index","follow":"follow","max-snippet":"max-snippet:-1","max-image-preview":"max-image-preview:large","max-video-preview":"max-video-preview:-1"},"canonical":"https:\/\/ecoprogress.eu\/de\/produkt\/konektor-pre-seriove-stojany-01\/","og_locale":"de_DE","og_type":"article","og_title":"Konektor pre s\u00e9riov\u00e9 stojany 01 | Ecoprogress","og_description":"Konektor pre s\u00e9riov\u00e9 stojany 01 umo\u017e\u0148uje pripojenie po sebe nasleduj\u00facich modulov stojanov bez bari\u00e9rok.","og_url":"https:\/\/ecoprogress.eu\/de\/produkt\/konektor-pre-seriove-stojany-01\/","og_site_name":"Ecoprogress","article_modified_time":"2025-02-27T14:50:28+00:00","og_image":[{"width":800,"height":600,"url":"https:\/\/ecoprogress.eu\/wp-content\/uploads\/Konektor-pre-seriove-stojany-01.jpg","type":"image\/jpeg"}],"twitter_card":"summary_large_image","twitter_misc":{"Gesch\u00e4tzte Lesezeit":"1\u00a0Minute"},"schema":{"@context":"https:\/\/schema.org","@graph":[{"@type":"WebPage","@id":"https:\/\/ecoprogress.eu\/de\/produkt\/konektor-pre-seriove-stojany-01\/","url":"https:\/\/ecoprogress.eu\/de\/produkt\/konektor-pre-seriove-stojany-01\/","name":"Konektor pre s\u00e9riov\u00e9 stojany 01 | Ecoprogress","isPartOf":{"@id":"https:\/\/ecoprogress.eu\/de\/#website"},"primaryImageOfPage":{"@id":"https:\/\/ecoprogress.eu\/de\/produkt\/konektor-pre-seriove-stojany-01\/#primaryimage"},"image":{"@id":"https:\/\/ecoprogress.eu\/de\/produkt\/konektor-pre-seriove-stojany-01\/#primaryimage"},"thumbnailUrl":"https:\/\/ecoprogress.eu\/wp-content\/uploads\/Konektor-pre-seriove-stojany-01.jpg","datePublished":"2024-07-25T10:59:34+00:00","dateModified":"2025-02-27T14:50:28+00:00","description":"Konektor pre s\u00e9riov\u00e9 stojany 01 umo\u017e\u0148uje pripojenie po sebe nasleduj\u00facich modulov stojanov bez bari\u00e9rok.","breadcrumb":{"@id":"https:\/\/ecoprogress.eu\/de\/produkt\/konektor-pre-seriove-stojany-01\/#breadcrumb"},"inLanguage":"de","potentialAction":[{"@type":"ReadAction","target":["https:\/\/ecoprogress.eu\/de\/produkt\/konektor-pre-seriove-stojany-01\/"]}]},{"@type":"ImageObject","inLanguage":"de","@id":"https:\/\/ecoprogress.eu\/de\/produkt\/konektor-pre-seriove-stojany-01\/#primaryimage","url":"https:\/\/ecoprogress.eu\/wp-content\/uploads\/Konektor-pre-seriove-stojany-01.jpg","contentUrl":"https:\/\/ecoprogress.eu\/wp-content\/uploads\/Konektor-pre-seriove-stojany-01.jpg","width":800,"height":600},{"@type":"BreadcrumbList","@id":"https:\/\/ecoprogress.eu\/de\/produkt\/konektor-pre-seriove-stojany-01\/#breadcrumb","itemListElement":[{"@type":"ListItem","position":1,"name":"Produkte","item":"https:\/\/ecoprogress.eu\/de\/produkte\/"},{"@type":"ListItem","position":2,"name":"Konektor pre s\u00e9riov\u00e9 stojany 01"}]},{"@type":"WebSite","@id":"https:\/\/ecoprogress.eu\/de\/#website","url":"https:\/\/ecoprogress.eu\/de\/","name":"Ecoprogress","description":"","publisher":{"@id":"https:\/\/ecoprogress.eu\/de\/#organization"},"potentialAction":[{"@type":"SearchAction","target":{"@type":"EntryPoint","urlTemplate":"https:\/\/ecoprogress.eu\/de\/?s={search_term_string}"},"query-input":{"@type":"PropertyValueSpecification","valueRequired":true,"valueName":"search_term_string"}}],"inLanguage":"de"},{"@type":"Organization","@id":"https:\/\/ecoprogress.eu\/de\/#organization","name":"Ecoprogress","url":"https:\/\/ecoprogress.eu\/de\/","logo":{"@type":"ImageObject","inLanguage":"de","@id":"https:\/\/ecoprogress.eu\/de\/#\/schema\/logo\/image\/","url":"https:\/\/ecoprogress.eu\/wp-content\/uploads\/logo-2.svg","contentUrl":"https:\/\/ecoprogress.eu\/wp-content\/uploads\/logo-2.svg","width":318,"height":349,"caption":"Ecoprogress"},"image":{"@id":"https:\/\/ecoprogress.eu\/de\/#\/schema\/logo\/image\/"}}]}},"_links":{"self":[{"href":"https:\/\/ecoprogress.eu\/de\/wp-json\/wp\/v2\/product\/53693","targetHints":{"allow":["GET"]}}],"collection":[{"href":"https:\/\/ecoprogress.eu\/de\/wp-json\/wp\/v2\/product"}],"about":[{"href":"https:\/\/ecoprogress.eu\/de\/wp-json\/wp\/v2\/types\/product"}],"version-history":[{"count":1,"href":"https:\/\/ecoprogress.eu\/de\/wp-json\/wp\/v2\/product\/53693\/revisions"}],"predecessor-version":[{"id":53708,"href":"https:\/\/ecoprogress.eu\/de\/wp-json\/wp\/v2\/product\/53693\/revisions\/53708"}],"wp:featuredmedia":[{"embeddable":true,"href":"https:\/\/ecoprogress.eu\/de\/wp-json\/wp\/v2\/media\/53787"}],"wp:attachment":[{"href":"https:\/\/ecoprogress.eu\/de\/wp-json\/wp\/v2\/media?parent=53693"}],"wp:term":[{"taxonomy":"product_brand","embeddable":true,"href":"https:\/\/ecoprogress.eu\/de\/wp-json\/wp\/v2\/product_brand?post=53693"},{"taxonomy":"product_cat","embeddable":true,"href":"https:\/\/ecoprogress.eu\/de\/wp-json\/wp\/v2\/product_cat?post=53693"},{"taxonomy":"product_tag","embeddable":true,"href":"https:\/\/ecoprogress.eu\/de\/wp-json\/wp\/v2\/product_tag?post=53693"}],"curies":[{"name":"wp","href":"https:\/\/api.w.org\/{rel}","templated":true}]}}