{"id":53813,"date":"2024-08-14T11:28:08","date_gmt":"2024-08-14T09:28:08","guid":{"rendered":"https:\/\/ecoprogress.eu\/?post_type=product&#038;p=53813"},"modified":"2024-08-30T09:36:33","modified_gmt":"2024-08-30T07:36:33","slug":"blokovaci-stlp-typ-09","status":"publish","type":"product","link":"https:\/\/ecoprogress.eu\/de\/produkt\/blokovaci-stlp-typ-09\/","title":{"rendered":"Blokovac\u00ed st\u013ap typ 09"},"content":{"rendered":"<p>Dodanie 4-6 t\u00fd\u017ed\u0148ov (pod\u013ea stavu skladov\u00fdch z\u00e1sob)<\/p>\n\n<table id=\"tablepress-3116\" class=\"tablepress tablepress-id-3116\">\n<tbody class=\"row-striping row-hover\">\n<tr class=\"row-1\">\n\t<td class=\"column-1\">\u0161\u00edrka<\/td><td class=\"column-2\">35 cm<\/td>\n<\/tr>\n<tr class=\"row-2\">\n\t<td class=\"column-1\">v\u00fd\u0161ka<\/td><td class=\"column-2\">47 cm<\/td>\n<\/tr>\n<tr class=\"row-3\">\n\t<td class=\"column-1\">h\u013abka<\/td><td class=\"column-2\">33 cm<\/td>\n<\/tr>\n<tr class=\"row-4\">\n\t<td class=\"column-1\">materi\u00e1l<\/td><td class=\"column-2\">nehrdzavej\u00faca oce\u013e, oce\u013e pozinkovan\u00e1 a ma\u013eovan\u00e1<\/td>\n<\/tr>\n<tr class=\"row-5\">\n\t<td class=\"column-1\">ukotvenie <\/td><td class=\"column-2\">skrutkami<\/td>\n<\/tr>\n<tr class=\"row-6\">\n\t<td class=\"column-1\">uzamykanie<\/td><td class=\"column-2\">k\u013e\u00fa\u010dom ( 2 s\u00fa\u010das\u0165ou )<\/td>\n<\/tr>\n<\/tbody>\n<\/table>\n<!-- #tablepress-3116 from cache -->\n","protected":false},"excerpt":{"rendered":"<p>Blokovac\u00ed st\u013ap typ 09 je uzamykate\u013en\u00fd pomocou samozamykacej z\u00e1padky, vybavenej krytkou, ktor\u00e1 zabra\u0148uje vniknutiu ne\u010dist\u00f4t do z\u00e1mku. Z\u00e1mok m\u00e1 n\u00e1razn\u00edky, ktor\u00e9 zabra\u0148uj\u00fa otlakom a po\u0161kodeniu vrstvy zinku a farby.<\/p>\n","protected":false},"featured_media":54191,"template":"","meta":[],"product_brand":[],"product_cat":[268],"product_tag":[],"class_list":{"0":"post-53813","1":"product","2":"type-product","3":"status-publish","4":"has-post-thumbnail","6":"product_cat-cestna-architektura","7":"product_shipping_class-stojany","9":"first","10":"instock","11":"taxable","12":"shipping-taxable","13":"purchasable","14":"product-type-variable"},"yoast_head":"<!-- This site is optimized with the Yoast SEO plugin v27.2 - https:\/\/yoast.com\/product\/yoast-seo-wordpress\/ -->\n<title>Blokovac\u00ed st\u013ap typ 09 | Ecoprogress<\/title>\n<meta name=\"description\" content=\"Blokovac\u00ed st\u013ap typ 09 je uzamykate\u013en\u00fd pomocou samozamykacej z\u00e1padky, vybavenej krytkou, ktor\u00e1 zabra\u0148uje vniknutiu ne\u010dist\u00f4t do z\u00e1mku.\" \/>\n<meta name=\"robots\" content=\"index, follow, max-snippet:-1, max-image-preview:large, max-video-preview:-1\" \/>\n<link rel=\"canonical\" href=\"https:\/\/ecoprogress.eu\/de\/produkt\/blokovaci-stlp-typ-09\/\" \/>\n<meta property=\"og:locale\" content=\"de_DE\" \/>\n<meta property=\"og:type\" content=\"article\" \/>\n<meta property=\"og:title\" content=\"Blokovac\u00ed st\u013ap typ 09 | Ecoprogress\" \/>\n<meta property=\"og:description\" content=\"Blokovac\u00ed st\u013ap typ 09 je uzamykate\u013en\u00fd pomocou samozamykacej z\u00e1padky, vybavenej krytkou, ktor\u00e1 zabra\u0148uje vniknutiu ne\u010dist\u00f4t do z\u00e1mku.\" \/>\n<meta property=\"og:url\" content=\"https:\/\/ecoprogress.eu\/de\/produkt\/blokovaci-stlp-typ-09\/\" \/>\n<meta property=\"og:site_name\" content=\"Ecoprogress\" \/>\n<meta property=\"article:modified_time\" content=\"2024-08-30T07:36:33+00:00\" \/>\n<meta property=\"og:image\" content=\"https:\/\/ecoprogress.eu\/wp-content\/uploads\/blokovaci-stlp-09.jpg\" \/>\n\t<meta property=\"og:image:width\" content=\"800\" \/>\n\t<meta property=\"og:image:height\" content=\"600\" \/>\n\t<meta property=\"og:image:type\" content=\"image\/jpeg\" \/>\n<meta name=\"twitter:card\" content=\"summary_large_image\" \/>\n<meta name=\"twitter:label1\" content=\"Gesch\u00e4tzte Lesezeit\" \/>\n\t<meta name=\"twitter:data1\" content=\"1\u00a0Minute\" \/>\n<script type=\"application\/ld+json\" class=\"yoast-schema-graph\">{\"@context\":\"https:\/\/schema.org\",\"@graph\":[{\"@type\":\"WebPage\",\"@id\":\"https:\/\/ecoprogress.eu\/de\/produkt\/blokovaci-stlp-typ-09\/\",\"url\":\"https:\/\/ecoprogress.eu\/de\/produkt\/blokovaci-stlp-typ-09\/\",\"name\":\"Blokovac\u00ed st\u013ap typ 09 | Ecoprogress\",\"isPartOf\":{\"@id\":\"https:\/\/ecoprogress.eu\/de\/#website\"},\"primaryImageOfPage\":{\"@id\":\"https:\/\/ecoprogress.eu\/de\/produkt\/blokovaci-stlp-typ-09\/#primaryimage\"},\"image\":{\"@id\":\"https:\/\/ecoprogress.eu\/de\/produkt\/blokovaci-stlp-typ-09\/#primaryimage\"},\"thumbnailUrl\":\"https:\/\/ecoprogress.eu\/wp-content\/uploads\/blokovaci-stlp-09.jpg\",\"datePublished\":\"2024-08-14T09:28:08+00:00\",\"dateModified\":\"2024-08-30T07:36:33+00:00\",\"description\":\"Blokovac\u00ed st\u013ap typ 09 je uzamykate\u013en\u00fd pomocou samozamykacej z\u00e1padky, vybavenej krytkou, ktor\u00e1 zabra\u0148uje vniknutiu ne\u010dist\u00f4t do z\u00e1mku.\",\"breadcrumb\":{\"@id\":\"https:\/\/ecoprogress.eu\/de\/produkt\/blokovaci-stlp-typ-09\/#breadcrumb\"},\"inLanguage\":\"de\",\"potentialAction\":[{\"@type\":\"ReadAction\",\"target\":[\"https:\/\/ecoprogress.eu\/de\/produkt\/blokovaci-stlp-typ-09\/\"]}]},{\"@type\":\"ImageObject\",\"inLanguage\":\"de\",\"@id\":\"https:\/\/ecoprogress.eu\/de\/produkt\/blokovaci-stlp-typ-09\/#primaryimage\",\"url\":\"https:\/\/ecoprogress.eu\/wp-content\/uploads\/blokovaci-stlp-09.jpg\",\"contentUrl\":\"https:\/\/ecoprogress.eu\/wp-content\/uploads\/blokovaci-stlp-09.jpg\",\"width\":800,\"height\":600},{\"@type\":\"BreadcrumbList\",\"@id\":\"https:\/\/ecoprogress.eu\/de\/produkt\/blokovaci-stlp-typ-09\/#breadcrumb\",\"itemListElement\":[{\"@type\":\"ListItem\",\"position\":1,\"name\":\"Produkte\",\"item\":\"https:\/\/ecoprogress.eu\/de\/produkte\/\"},{\"@type\":\"ListItem\",\"position\":2,\"name\":\"Blokovac\u00ed st\u013ap typ 09\"}]},{\"@type\":\"WebSite\",\"@id\":\"https:\/\/ecoprogress.eu\/de\/#website\",\"url\":\"https:\/\/ecoprogress.eu\/de\/\",\"name\":\"Ecoprogress\",\"description\":\"\",\"publisher\":{\"@id\":\"https:\/\/ecoprogress.eu\/de\/#organization\"},\"potentialAction\":[{\"@type\":\"SearchAction\",\"target\":{\"@type\":\"EntryPoint\",\"urlTemplate\":\"https:\/\/ecoprogress.eu\/de\/?s={search_term_string}\"},\"query-input\":{\"@type\":\"PropertyValueSpecification\",\"valueRequired\":true,\"valueName\":\"search_term_string\"}}],\"inLanguage\":\"de\"},{\"@type\":\"Organization\",\"@id\":\"https:\/\/ecoprogress.eu\/de\/#organization\",\"name\":\"Ecoprogress\",\"url\":\"https:\/\/ecoprogress.eu\/de\/\",\"logo\":{\"@type\":\"ImageObject\",\"inLanguage\":\"de\",\"@id\":\"https:\/\/ecoprogress.eu\/de\/#\/schema\/logo\/image\/\",\"url\":\"https:\/\/ecoprogress.eu\/wp-content\/uploads\/logo-2.svg\",\"contentUrl\":\"https:\/\/ecoprogress.eu\/wp-content\/uploads\/logo-2.svg\",\"width\":318,\"height\":349,\"caption\":\"Ecoprogress\"},\"image\":{\"@id\":\"https:\/\/ecoprogress.eu\/de\/#\/schema\/logo\/image\/\"}}]}<\/script>\n<!-- \/ Yoast SEO plugin. -->","yoast_head_json":{"title":"Blokovac\u00ed st\u013ap typ 09 | Ecoprogress","description":"Blokovac\u00ed st\u013ap typ 09 je uzamykate\u013en\u00fd pomocou samozamykacej z\u00e1padky, vybavenej krytkou, ktor\u00e1 zabra\u0148uje vniknutiu ne\u010dist\u00f4t do z\u00e1mku.","robots":{"index":"index","follow":"follow","max-snippet":"max-snippet:-1","max-image-preview":"max-image-preview:large","max-video-preview":"max-video-preview:-1"},"canonical":"https:\/\/ecoprogress.eu\/de\/produkt\/blokovaci-stlp-typ-09\/","og_locale":"de_DE","og_type":"article","og_title":"Blokovac\u00ed st\u013ap typ 09 | Ecoprogress","og_description":"Blokovac\u00ed st\u013ap typ 09 je uzamykate\u013en\u00fd pomocou samozamykacej z\u00e1padky, vybavenej krytkou, ktor\u00e1 zabra\u0148uje vniknutiu ne\u010dist\u00f4t do z\u00e1mku.","og_url":"https:\/\/ecoprogress.eu\/de\/produkt\/blokovaci-stlp-typ-09\/","og_site_name":"Ecoprogress","article_modified_time":"2024-08-30T07:36:33+00:00","og_image":[{"width":800,"height":600,"url":"https:\/\/ecoprogress.eu\/wp-content\/uploads\/blokovaci-stlp-09.jpg","type":"image\/jpeg"}],"twitter_card":"summary_large_image","twitter_misc":{"Gesch\u00e4tzte Lesezeit":"1\u00a0Minute"},"schema":{"@context":"https:\/\/schema.org","@graph":[{"@type":"WebPage","@id":"https:\/\/ecoprogress.eu\/de\/produkt\/blokovaci-stlp-typ-09\/","url":"https:\/\/ecoprogress.eu\/de\/produkt\/blokovaci-stlp-typ-09\/","name":"Blokovac\u00ed st\u013ap typ 09 | Ecoprogress","isPartOf":{"@id":"https:\/\/ecoprogress.eu\/de\/#website"},"primaryImageOfPage":{"@id":"https:\/\/ecoprogress.eu\/de\/produkt\/blokovaci-stlp-typ-09\/#primaryimage"},"image":{"@id":"https:\/\/ecoprogress.eu\/de\/produkt\/blokovaci-stlp-typ-09\/#primaryimage"},"thumbnailUrl":"https:\/\/ecoprogress.eu\/wp-content\/uploads\/blokovaci-stlp-09.jpg","datePublished":"2024-08-14T09:28:08+00:00","dateModified":"2024-08-30T07:36:33+00:00","description":"Blokovac\u00ed st\u013ap typ 09 je uzamykate\u013en\u00fd pomocou samozamykacej z\u00e1padky, vybavenej krytkou, ktor\u00e1 zabra\u0148uje vniknutiu ne\u010dist\u00f4t do z\u00e1mku.","breadcrumb":{"@id":"https:\/\/ecoprogress.eu\/de\/produkt\/blokovaci-stlp-typ-09\/#breadcrumb"},"inLanguage":"de","potentialAction":[{"@type":"ReadAction","target":["https:\/\/ecoprogress.eu\/de\/produkt\/blokovaci-stlp-typ-09\/"]}]},{"@type":"ImageObject","inLanguage":"de","@id":"https:\/\/ecoprogress.eu\/de\/produkt\/blokovaci-stlp-typ-09\/#primaryimage","url":"https:\/\/ecoprogress.eu\/wp-content\/uploads\/blokovaci-stlp-09.jpg","contentUrl":"https:\/\/ecoprogress.eu\/wp-content\/uploads\/blokovaci-stlp-09.jpg","width":800,"height":600},{"@type":"BreadcrumbList","@id":"https:\/\/ecoprogress.eu\/de\/produkt\/blokovaci-stlp-typ-09\/#breadcrumb","itemListElement":[{"@type":"ListItem","position":1,"name":"Produkte","item":"https:\/\/ecoprogress.eu\/de\/produkte\/"},{"@type":"ListItem","position":2,"name":"Blokovac\u00ed st\u013ap typ 09"}]},{"@type":"WebSite","@id":"https:\/\/ecoprogress.eu\/de\/#website","url":"https:\/\/ecoprogress.eu\/de\/","name":"Ecoprogress","description":"","publisher":{"@id":"https:\/\/ecoprogress.eu\/de\/#organization"},"potentialAction":[{"@type":"SearchAction","target":{"@type":"EntryPoint","urlTemplate":"https:\/\/ecoprogress.eu\/de\/?s={search_term_string}"},"query-input":{"@type":"PropertyValueSpecification","valueRequired":true,"valueName":"search_term_string"}}],"inLanguage":"de"},{"@type":"Organization","@id":"https:\/\/ecoprogress.eu\/de\/#organization","name":"Ecoprogress","url":"https:\/\/ecoprogress.eu\/de\/","logo":{"@type":"ImageObject","inLanguage":"de","@id":"https:\/\/ecoprogress.eu\/de\/#\/schema\/logo\/image\/","url":"https:\/\/ecoprogress.eu\/wp-content\/uploads\/logo-2.svg","contentUrl":"https:\/\/ecoprogress.eu\/wp-content\/uploads\/logo-2.svg","width":318,"height":349,"caption":"Ecoprogress"},"image":{"@id":"https:\/\/ecoprogress.eu\/de\/#\/schema\/logo\/image\/"}}]}},"_links":{"self":[{"href":"https:\/\/ecoprogress.eu\/de\/wp-json\/wp\/v2\/product\/53813","targetHints":{"allow":["GET"]}}],"collection":[{"href":"https:\/\/ecoprogress.eu\/de\/wp-json\/wp\/v2\/product"}],"about":[{"href":"https:\/\/ecoprogress.eu\/de\/wp-json\/wp\/v2\/types\/product"}],"version-history":[{"count":3,"href":"https:\/\/ecoprogress.eu\/de\/wp-json\/wp\/v2\/product\/53813\/revisions"}],"predecessor-version":[{"id":53833,"href":"https:\/\/ecoprogress.eu\/de\/wp-json\/wp\/v2\/product\/53813\/revisions\/53833"}],"wp:featuredmedia":[{"embeddable":true,"href":"https:\/\/ecoprogress.eu\/de\/wp-json\/wp\/v2\/media\/54191"}],"wp:attachment":[{"href":"https:\/\/ecoprogress.eu\/de\/wp-json\/wp\/v2\/media?parent=53813"}],"wp:term":[{"taxonomy":"product_brand","embeddable":true,"href":"https:\/\/ecoprogress.eu\/de\/wp-json\/wp\/v2\/product_brand?post=53813"},{"taxonomy":"product_cat","embeddable":true,"href":"https:\/\/ecoprogress.eu\/de\/wp-json\/wp\/v2\/product_cat?post=53813"},{"taxonomy":"product_tag","embeddable":true,"href":"https:\/\/ecoprogress.eu\/de\/wp-json\/wp\/v2\/product_tag?post=53813"}],"curies":[{"name":"wp","href":"https:\/\/api.w.org\/{rel}","templated":true}]}}