{"id":53844,"date":"2024-08-20T10:41:02","date_gmt":"2024-08-20T08:41:02","guid":{"rendered":"https:\/\/ecoprogress.eu\/?post_type=product&#038;p=53844"},"modified":"2025-02-24T11:51:07","modified_gmt":"2025-02-24T10:51:07","slug":"kontajnerove-stojisko-typ-06","status":"publish","type":"product","link":"https:\/\/ecoprogress.eu\/de\/produkt\/kontajnerove-stojisko-typ-06\/","title":{"rendered":"Kontajnerov\u00e9 stojisko typ 06"},"content":{"rendered":"<p>Dodanie 9-10 t\u00fd\u017ednov.<\/p>\n\n<table id=\"tablepress-3119\" class=\"tablepress tablepress-id-3119\">\n<tbody class=\"row-striping row-hover\">\n<tr class=\"row-1\">\n\t<td class=\"column-1\">po\u010det kontajnerov<\/td><td class=\"column-2\">7 x max 1100l<\/td>\n<\/tr>\n<tr class=\"row-2\">\n\t<td class=\"column-1\">v\u00fd\u0161ka ko\u0161a<\/td><td class=\"column-2\">240 cm<\/td>\n<\/tr>\n<tr class=\"row-3\">\n\t<td class=\"column-1\">\u0161\u00edrka ko\u0161a<\/td><td class=\"column-2\">452 cm<\/td>\n<\/tr>\n<tr class=\"row-4\">\n\t<td class=\"column-1\">h\u013abka ko\u0161a<\/td><td class=\"column-2\">462 cm<\/td>\n<\/tr>\n<tr class=\"row-5\">\n\t<td class=\"column-1\">profil kon\u0161trukcie<\/td><td class=\"column-2\">80 x 80 x 3 mm<\/td>\n<\/tr>\n<tr class=\"row-6\">\n\t<td class=\"column-1\">materi\u00e1l<\/td><td class=\"column-2\">oce\u013e nehrdzavej\u00faca, oce\u013e pozinkovan\u00e1 aj malovan\u00e1<\/td>\n<\/tr>\n<tr class=\"row-7\">\n\t<td class=\"column-1\">ukotvenie<\/td><td class=\"column-2\">skrutkami alebo zabet\u00f3novan\u00edm<\/td>\n<\/tr>\n<\/tbody>\n<\/table>\n<!-- #tablepress-3119 from cache -->\n","protected":false},"excerpt":{"rendered":"<p style=\"text-align: left;\">Kontajnerov\u00e9 stojisko typ 06 je uzamykate\u013en\u00e9 a umo\u017e\u0148uje pou\u017eitie 7 kontajnerov s objemom 1100l.<\/p>\n","protected":false},"featured_media":9736,"template":"","meta":[],"product_brand":[],"product_cat":[157],"product_tag":[],"class_list":{"0":"post-53844","1":"product","2":"type-product","3":"status-publish","4":"has-post-thumbnail","6":"product_cat-kontajnerove-a-smetiskove-stojiska-konstrukcie","7":"product_shipping_class-pristresky","9":"first","10":"instock","11":"featured","12":"taxable","13":"shipping-taxable","14":"purchasable","15":"product-type-variable"},"yoast_head":"<!-- This site is optimized with the Yoast SEO plugin v27.2 - https:\/\/yoast.com\/product\/yoast-seo-wordpress\/ -->\n<title>Kontajnerov\u00e9 stojisko typ 06 | Ecoprogress<\/title>\n<meta name=\"description\" content=\"Kontajnerov\u00e9 stojisko typ 06 je uzamykate\u013en\u00e9 a umo\u017e\u0148uje pou\u017eitie 7 kontajnerov s objemom 1100l.\" \/>\n<meta name=\"robots\" content=\"index, follow, max-snippet:-1, max-image-preview:large, max-video-preview:-1\" \/>\n<link rel=\"canonical\" href=\"https:\/\/ecoprogress.eu\/de\/produkt\/kontajnerove-stojisko-typ-06\/\" \/>\n<meta property=\"og:locale\" content=\"de_DE\" \/>\n<meta property=\"og:type\" content=\"article\" \/>\n<meta property=\"og:title\" content=\"Kontajnerov\u00e9 stojisko typ 06 | Ecoprogress\" \/>\n<meta property=\"og:description\" content=\"Kontajnerov\u00e9 stojisko typ 06 je uzamykate\u013en\u00e9 a umo\u017e\u0148uje pou\u017eitie 7 kontajnerov s objemom 1100l.\" \/>\n<meta property=\"og:url\" content=\"https:\/\/ecoprogress.eu\/de\/produkt\/kontajnerove-stojisko-typ-06\/\" \/>\n<meta property=\"og:site_name\" content=\"Ecoprogress\" \/>\n<meta property=\"article:modified_time\" content=\"2025-02-24T10:51:07+00:00\" \/>\n<meta property=\"og:image\" content=\"https:\/\/ecoprogress.eu\/wp-content\/uploads\/pristresokprekostyp3.jpg\" \/>\n\t<meta property=\"og:image:width\" content=\"800\" \/>\n\t<meta property=\"og:image:height\" content=\"600\" \/>\n\t<meta property=\"og:image:type\" content=\"image\/jpeg\" \/>\n<meta name=\"twitter:card\" content=\"summary_large_image\" \/>\n<meta name=\"twitter:label1\" content=\"Gesch\u00e4tzte Lesezeit\" \/>\n\t<meta name=\"twitter:data1\" content=\"1\u00a0Minute\" \/>\n<script type=\"application\/ld+json\" class=\"yoast-schema-graph\">{\"@context\":\"https:\/\/schema.org\",\"@graph\":[{\"@type\":\"WebPage\",\"@id\":\"https:\/\/ecoprogress.eu\/de\/produkt\/kontajnerove-stojisko-typ-06\/\",\"url\":\"https:\/\/ecoprogress.eu\/de\/produkt\/kontajnerove-stojisko-typ-06\/\",\"name\":\"Kontajnerov\u00e9 stojisko typ 06 | Ecoprogress\",\"isPartOf\":{\"@id\":\"https:\/\/ecoprogress.eu\/de\/#website\"},\"primaryImageOfPage\":{\"@id\":\"https:\/\/ecoprogress.eu\/de\/produkt\/kontajnerove-stojisko-typ-06\/#primaryimage\"},\"image\":{\"@id\":\"https:\/\/ecoprogress.eu\/de\/produkt\/kontajnerove-stojisko-typ-06\/#primaryimage\"},\"thumbnailUrl\":\"https:\/\/ecoprogress.eu\/wp-content\/uploads\/pristresokprekostyp3.jpg\",\"datePublished\":\"2024-08-20T08:41:02+00:00\",\"dateModified\":\"2025-02-24T10:51:07+00:00\",\"description\":\"Kontajnerov\u00e9 stojisko typ 06 je uzamykate\u013en\u00e9 a umo\u017e\u0148uje pou\u017eitie 7 kontajnerov s objemom 1100l.\",\"breadcrumb\":{\"@id\":\"https:\/\/ecoprogress.eu\/de\/produkt\/kontajnerove-stojisko-typ-06\/#breadcrumb\"},\"inLanguage\":\"de\",\"potentialAction\":[{\"@type\":\"ReadAction\",\"target\":[\"https:\/\/ecoprogress.eu\/de\/produkt\/kontajnerove-stojisko-typ-06\/\"]}]},{\"@type\":\"ImageObject\",\"inLanguage\":\"de\",\"@id\":\"https:\/\/ecoprogress.eu\/de\/produkt\/kontajnerove-stojisko-typ-06\/#primaryimage\",\"url\":\"https:\/\/ecoprogress.eu\/wp-content\/uploads\/pristresokprekostyp3.jpg\",\"contentUrl\":\"https:\/\/ecoprogress.eu\/wp-content\/uploads\/pristresokprekostyp3.jpg\",\"width\":800,\"height\":600},{\"@type\":\"BreadcrumbList\",\"@id\":\"https:\/\/ecoprogress.eu\/de\/produkt\/kontajnerove-stojisko-typ-06\/#breadcrumb\",\"itemListElement\":[{\"@type\":\"ListItem\",\"position\":1,\"name\":\"Produkte\",\"item\":\"https:\/\/ecoprogress.eu\/de\/produkte\/\"},{\"@type\":\"ListItem\",\"position\":2,\"name\":\"Kontajnerov\u00e9 stojisko typ 06\"}]},{\"@type\":\"WebSite\",\"@id\":\"https:\/\/ecoprogress.eu\/de\/#website\",\"url\":\"https:\/\/ecoprogress.eu\/de\/\",\"name\":\"Ecoprogress\",\"description\":\"\",\"publisher\":{\"@id\":\"https:\/\/ecoprogress.eu\/de\/#organization\"},\"potentialAction\":[{\"@type\":\"SearchAction\",\"target\":{\"@type\":\"EntryPoint\",\"urlTemplate\":\"https:\/\/ecoprogress.eu\/de\/?s={search_term_string}\"},\"query-input\":{\"@type\":\"PropertyValueSpecification\",\"valueRequired\":true,\"valueName\":\"search_term_string\"}}],\"inLanguage\":\"de\"},{\"@type\":\"Organization\",\"@id\":\"https:\/\/ecoprogress.eu\/de\/#organization\",\"name\":\"Ecoprogress\",\"url\":\"https:\/\/ecoprogress.eu\/de\/\",\"logo\":{\"@type\":\"ImageObject\",\"inLanguage\":\"de\",\"@id\":\"https:\/\/ecoprogress.eu\/de\/#\/schema\/logo\/image\/\",\"url\":\"https:\/\/ecoprogress.eu\/wp-content\/uploads\/logo-2.svg\",\"contentUrl\":\"https:\/\/ecoprogress.eu\/wp-content\/uploads\/logo-2.svg\",\"width\":318,\"height\":349,\"caption\":\"Ecoprogress\"},\"image\":{\"@id\":\"https:\/\/ecoprogress.eu\/de\/#\/schema\/logo\/image\/\"}}]}<\/script>\n<!-- \/ Yoast SEO plugin. -->","yoast_head_json":{"title":"Kontajnerov\u00e9 stojisko typ 06 | Ecoprogress","description":"Kontajnerov\u00e9 stojisko typ 06 je uzamykate\u013en\u00e9 a umo\u017e\u0148uje pou\u017eitie 7 kontajnerov s objemom 1100l.","robots":{"index":"index","follow":"follow","max-snippet":"max-snippet:-1","max-image-preview":"max-image-preview:large","max-video-preview":"max-video-preview:-1"},"canonical":"https:\/\/ecoprogress.eu\/de\/produkt\/kontajnerove-stojisko-typ-06\/","og_locale":"de_DE","og_type":"article","og_title":"Kontajnerov\u00e9 stojisko typ 06 | Ecoprogress","og_description":"Kontajnerov\u00e9 stojisko typ 06 je uzamykate\u013en\u00e9 a umo\u017e\u0148uje pou\u017eitie 7 kontajnerov s objemom 1100l.","og_url":"https:\/\/ecoprogress.eu\/de\/produkt\/kontajnerove-stojisko-typ-06\/","og_site_name":"Ecoprogress","article_modified_time":"2025-02-24T10:51:07+00:00","og_image":[{"width":800,"height":600,"url":"https:\/\/ecoprogress.eu\/wp-content\/uploads\/pristresokprekostyp3.jpg","type":"image\/jpeg"}],"twitter_card":"summary_large_image","twitter_misc":{"Gesch\u00e4tzte Lesezeit":"1\u00a0Minute"},"schema":{"@context":"https:\/\/schema.org","@graph":[{"@type":"WebPage","@id":"https:\/\/ecoprogress.eu\/de\/produkt\/kontajnerove-stojisko-typ-06\/","url":"https:\/\/ecoprogress.eu\/de\/produkt\/kontajnerove-stojisko-typ-06\/","name":"Kontajnerov\u00e9 stojisko typ 06 | Ecoprogress","isPartOf":{"@id":"https:\/\/ecoprogress.eu\/de\/#website"},"primaryImageOfPage":{"@id":"https:\/\/ecoprogress.eu\/de\/produkt\/kontajnerove-stojisko-typ-06\/#primaryimage"},"image":{"@id":"https:\/\/ecoprogress.eu\/de\/produkt\/kontajnerove-stojisko-typ-06\/#primaryimage"},"thumbnailUrl":"https:\/\/ecoprogress.eu\/wp-content\/uploads\/pristresokprekostyp3.jpg","datePublished":"2024-08-20T08:41:02+00:00","dateModified":"2025-02-24T10:51:07+00:00","description":"Kontajnerov\u00e9 stojisko typ 06 je uzamykate\u013en\u00e9 a umo\u017e\u0148uje pou\u017eitie 7 kontajnerov s objemom 1100l.","breadcrumb":{"@id":"https:\/\/ecoprogress.eu\/de\/produkt\/kontajnerove-stojisko-typ-06\/#breadcrumb"},"inLanguage":"de","potentialAction":[{"@type":"ReadAction","target":["https:\/\/ecoprogress.eu\/de\/produkt\/kontajnerove-stojisko-typ-06\/"]}]},{"@type":"ImageObject","inLanguage":"de","@id":"https:\/\/ecoprogress.eu\/de\/produkt\/kontajnerove-stojisko-typ-06\/#primaryimage","url":"https:\/\/ecoprogress.eu\/wp-content\/uploads\/pristresokprekostyp3.jpg","contentUrl":"https:\/\/ecoprogress.eu\/wp-content\/uploads\/pristresokprekostyp3.jpg","width":800,"height":600},{"@type":"BreadcrumbList","@id":"https:\/\/ecoprogress.eu\/de\/produkt\/kontajnerove-stojisko-typ-06\/#breadcrumb","itemListElement":[{"@type":"ListItem","position":1,"name":"Produkte","item":"https:\/\/ecoprogress.eu\/de\/produkte\/"},{"@type":"ListItem","position":2,"name":"Kontajnerov\u00e9 stojisko typ 06"}]},{"@type":"WebSite","@id":"https:\/\/ecoprogress.eu\/de\/#website","url":"https:\/\/ecoprogress.eu\/de\/","name":"Ecoprogress","description":"","publisher":{"@id":"https:\/\/ecoprogress.eu\/de\/#organization"},"potentialAction":[{"@type":"SearchAction","target":{"@type":"EntryPoint","urlTemplate":"https:\/\/ecoprogress.eu\/de\/?s={search_term_string}"},"query-input":{"@type":"PropertyValueSpecification","valueRequired":true,"valueName":"search_term_string"}}],"inLanguage":"de"},{"@type":"Organization","@id":"https:\/\/ecoprogress.eu\/de\/#organization","name":"Ecoprogress","url":"https:\/\/ecoprogress.eu\/de\/","logo":{"@type":"ImageObject","inLanguage":"de","@id":"https:\/\/ecoprogress.eu\/de\/#\/schema\/logo\/image\/","url":"https:\/\/ecoprogress.eu\/wp-content\/uploads\/logo-2.svg","contentUrl":"https:\/\/ecoprogress.eu\/wp-content\/uploads\/logo-2.svg","width":318,"height":349,"caption":"Ecoprogress"},"image":{"@id":"https:\/\/ecoprogress.eu\/de\/#\/schema\/logo\/image\/"}}]}},"_links":{"self":[{"href":"https:\/\/ecoprogress.eu\/de\/wp-json\/wp\/v2\/product\/53844","targetHints":{"allow":["GET"]}}],"collection":[{"href":"https:\/\/ecoprogress.eu\/de\/wp-json\/wp\/v2\/product"}],"about":[{"href":"https:\/\/ecoprogress.eu\/de\/wp-json\/wp\/v2\/types\/product"}],"version-history":[{"count":1,"href":"https:\/\/ecoprogress.eu\/de\/wp-json\/wp\/v2\/product\/53844\/revisions"}],"predecessor-version":[{"id":53908,"href":"https:\/\/ecoprogress.eu\/de\/wp-json\/wp\/v2\/product\/53844\/revisions\/53908"}],"wp:featuredmedia":[{"embeddable":true,"href":"https:\/\/ecoprogress.eu\/de\/wp-json\/wp\/v2\/media\/9736"}],"wp:attachment":[{"href":"https:\/\/ecoprogress.eu\/de\/wp-json\/wp\/v2\/media?parent=53844"}],"wp:term":[{"taxonomy":"product_brand","embeddable":true,"href":"https:\/\/ecoprogress.eu\/de\/wp-json\/wp\/v2\/product_brand?post=53844"},{"taxonomy":"product_cat","embeddable":true,"href":"https:\/\/ecoprogress.eu\/de\/wp-json\/wp\/v2\/product_cat?post=53844"},{"taxonomy":"product_tag","embeddable":true,"href":"https:\/\/ecoprogress.eu\/de\/wp-json\/wp\/v2\/product_tag?post=53844"}],"curies":[{"name":"wp","href":"https:\/\/api.w.org\/{rel}","templated":true}]}}