{"id":54161,"date":"2024-08-30T09:05:17","date_gmt":"2024-08-30T07:05:17","guid":{"rendered":"https:\/\/ecoprogress.eu\/?post_type=product&#038;p=54161"},"modified":"2025-02-24T14:14:56","modified_gmt":"2025-02-24T13:14:56","slug":"hraci-stol-typ-01","status":"publish","type":"product","link":"https:\/\/ecoprogress.eu\/de\/produkt\/hraci-stol-typ-01\/","title":{"rendered":"Hrac\u00ed st\u00f4l typ 01"},"content":{"rendered":"<p>Dodacia doba 7-8 t\u00fd\u017ed\u0148ov<\/p>\n\n<table id=\"tablepress-3140\" class=\"tablepress tablepress-id-3140\">\n<tbody class=\"row-striping row-hover\">\n<tr class=\"row-1\">\n\t<td class=\"column-1\">\u0161\u00edrka<\/td><td class=\"column-2\">170 cm<\/td>\n<\/tr>\n<tr class=\"row-2\">\n\t<td class=\"column-1\">v\u00fd\u0161ka<\/td><td class=\"column-2\">77 cm<\/td>\n<\/tr>\n<tr class=\"row-3\">\n\t<td class=\"column-1\">h\u013abka<\/td><td class=\"column-2\">170 cm<\/td>\n<\/tr>\n<tr class=\"row-4\">\n\t<td class=\"column-1\">komponenty<\/td><td class=\"column-2\">plech 8 mm, HPL<\/td>\n<\/tr>\n<tr class=\"row-5\">\n\t<td class=\"column-1\">materi\u00e1l<\/td><td class=\"column-2\">oce\u013e nehrdzavej\u00faca, oce\u013e pozinkovan\u00e1 a ma\u013eovan\u00e1<\/td>\n<\/tr>\n<\/tbody>\n<\/table>\n<!-- #tablepress-3140 from cache -->\n","protected":false},"excerpt":{"rendered":"<p>Hrac\u00ed st\u00f4l typ 1 vhodn\u00fd na umiestnenie na verejn\u00fdch miestach, v kancel\u00e1ri\u00e1ch, kaviar\u0148ach, vzdel\u00e1vac\u00edch centr\u00e1ch, na n\u00e1mestiach a v parkoch. Jeho pevn\u00e1 a vhodne tvarovan\u00e1 kon\u0161trukcia z neho rob\u00ed ve\u013emi pohodln\u00fd kus n\u00e1bytku pre ka\u017ed\u00e9ho. Stolov\u00e1 doska v tvare \u0161achovnice umo\u017e\u0148uje si popri rozhovoroch u\u017ei\u0165 aj \u0161achov\u00fa partiu.<\/p>\n","protected":false},"featured_media":54193,"template":"","meta":[],"product_brand":[],"product_cat":[659,625],"product_tag":[],"class_list":{"0":"post-54161","1":"product","2":"type-product","3":"status-publish","4":"has-post-thumbnail","6":"product_cat-ocelovy-mobiliar","7":"product_cat-zostavy-mobiliaru","8":"product_shipping_class-beton-150-300kg","10":"first","11":"instock","12":"featured","13":"taxable","14":"shipping-taxable","15":"purchasable","16":"product-type-variable"},"yoast_head":"<!-- This site is optimized with the Yoast SEO plugin v27.2 - https:\/\/yoast.com\/product\/yoast-seo-wordpress\/ -->\n<title>Hrac\u00ed st\u00f4l typ 01 | Ecoprogress<\/title>\n<meta name=\"description\" content=\"Hrac\u00ed st\u00f4l typ 1 vhodn\u00fd na umiestnenie na verejn\u00fdch miestach, v kancel\u00e1ri\u00e1ch, kaviar\u0148ach, vzdel\u00e1vac\u00edch centr\u00e1ch, na n\u00e1mestiach a v parkoch.\" \/>\n<meta name=\"robots\" content=\"index, follow, max-snippet:-1, max-image-preview:large, max-video-preview:-1\" \/>\n<link rel=\"canonical\" href=\"https:\/\/ecoprogress.eu\/de\/produkt\/hraci-stol-typ-01\/\" \/>\n<meta property=\"og:locale\" content=\"de_DE\" \/>\n<meta property=\"og:type\" content=\"article\" \/>\n<meta property=\"og:title\" content=\"Hrac\u00ed st\u00f4l typ 01 | Ecoprogress\" \/>\n<meta property=\"og:description\" content=\"Hrac\u00ed st\u00f4l typ 1 vhodn\u00fd na umiestnenie na verejn\u00fdch miestach, v kancel\u00e1ri\u00e1ch, kaviar\u0148ach, vzdel\u00e1vac\u00edch centr\u00e1ch, na n\u00e1mestiach a v parkoch.\" \/>\n<meta property=\"og:url\" content=\"https:\/\/ecoprogress.eu\/de\/produkt\/hraci-stol-typ-01\/\" \/>\n<meta property=\"og:site_name\" content=\"Ecoprogress\" \/>\n<meta property=\"article:modified_time\" content=\"2025-02-24T13:14:56+00:00\" \/>\n<meta property=\"og:image\" content=\"https:\/\/ecoprogress.eu\/wp-content\/uploads\/hraci-stol-01.jpg\" \/>\n\t<meta property=\"og:image:width\" content=\"800\" \/>\n\t<meta property=\"og:image:height\" content=\"600\" \/>\n\t<meta property=\"og:image:type\" content=\"image\/jpeg\" \/>\n<meta name=\"twitter:card\" content=\"summary_large_image\" \/>\n<meta name=\"twitter:label1\" content=\"Gesch\u00e4tzte Lesezeit\" \/>\n\t<meta name=\"twitter:data1\" content=\"1\u00a0Minute\" \/>\n<script type=\"application\/ld+json\" class=\"yoast-schema-graph\">{\"@context\":\"https:\/\/schema.org\",\"@graph\":[{\"@type\":\"WebPage\",\"@id\":\"https:\/\/ecoprogress.eu\/de\/produkt\/hraci-stol-typ-01\/\",\"url\":\"https:\/\/ecoprogress.eu\/de\/produkt\/hraci-stol-typ-01\/\",\"name\":\"Hrac\u00ed st\u00f4l typ 01 | Ecoprogress\",\"isPartOf\":{\"@id\":\"https:\/\/ecoprogress.eu\/de\/#website\"},\"primaryImageOfPage\":{\"@id\":\"https:\/\/ecoprogress.eu\/de\/produkt\/hraci-stol-typ-01\/#primaryimage\"},\"image\":{\"@id\":\"https:\/\/ecoprogress.eu\/de\/produkt\/hraci-stol-typ-01\/#primaryimage\"},\"thumbnailUrl\":\"https:\/\/ecoprogress.eu\/wp-content\/uploads\/hraci-stol-01.jpg\",\"datePublished\":\"2024-08-30T07:05:17+00:00\",\"dateModified\":\"2025-02-24T13:14:56+00:00\",\"description\":\"Hrac\u00ed st\u00f4l typ 1 vhodn\u00fd na umiestnenie na verejn\u00fdch miestach, v kancel\u00e1ri\u00e1ch, kaviar\u0148ach, vzdel\u00e1vac\u00edch centr\u00e1ch, na n\u00e1mestiach a v parkoch.\",\"breadcrumb\":{\"@id\":\"https:\/\/ecoprogress.eu\/de\/produkt\/hraci-stol-typ-01\/#breadcrumb\"},\"inLanguage\":\"de\",\"potentialAction\":[{\"@type\":\"ReadAction\",\"target\":[\"https:\/\/ecoprogress.eu\/de\/produkt\/hraci-stol-typ-01\/\"]}]},{\"@type\":\"ImageObject\",\"inLanguage\":\"de\",\"@id\":\"https:\/\/ecoprogress.eu\/de\/produkt\/hraci-stol-typ-01\/#primaryimage\",\"url\":\"https:\/\/ecoprogress.eu\/wp-content\/uploads\/hraci-stol-01.jpg\",\"contentUrl\":\"https:\/\/ecoprogress.eu\/wp-content\/uploads\/hraci-stol-01.jpg\",\"width\":800,\"height\":600},{\"@type\":\"BreadcrumbList\",\"@id\":\"https:\/\/ecoprogress.eu\/de\/produkt\/hraci-stol-typ-01\/#breadcrumb\",\"itemListElement\":[{\"@type\":\"ListItem\",\"position\":1,\"name\":\"Produkte\",\"item\":\"https:\/\/ecoprogress.eu\/de\/produkte\/\"},{\"@type\":\"ListItem\",\"position\":2,\"name\":\"Hrac\u00ed st\u00f4l typ 01\"}]},{\"@type\":\"WebSite\",\"@id\":\"https:\/\/ecoprogress.eu\/de\/#website\",\"url\":\"https:\/\/ecoprogress.eu\/de\/\",\"name\":\"Ecoprogress\",\"description\":\"\",\"publisher\":{\"@id\":\"https:\/\/ecoprogress.eu\/de\/#organization\"},\"potentialAction\":[{\"@type\":\"SearchAction\",\"target\":{\"@type\":\"EntryPoint\",\"urlTemplate\":\"https:\/\/ecoprogress.eu\/de\/?s={search_term_string}\"},\"query-input\":{\"@type\":\"PropertyValueSpecification\",\"valueRequired\":true,\"valueName\":\"search_term_string\"}}],\"inLanguage\":\"de\"},{\"@type\":\"Organization\",\"@id\":\"https:\/\/ecoprogress.eu\/de\/#organization\",\"name\":\"Ecoprogress\",\"url\":\"https:\/\/ecoprogress.eu\/de\/\",\"logo\":{\"@type\":\"ImageObject\",\"inLanguage\":\"de\",\"@id\":\"https:\/\/ecoprogress.eu\/de\/#\/schema\/logo\/image\/\",\"url\":\"https:\/\/ecoprogress.eu\/wp-content\/uploads\/logo-2.svg\",\"contentUrl\":\"https:\/\/ecoprogress.eu\/wp-content\/uploads\/logo-2.svg\",\"width\":318,\"height\":349,\"caption\":\"Ecoprogress\"},\"image\":{\"@id\":\"https:\/\/ecoprogress.eu\/de\/#\/schema\/logo\/image\/\"}}]}<\/script>\n<!-- \/ Yoast SEO plugin. -->","yoast_head_json":{"title":"Hrac\u00ed st\u00f4l typ 01 | Ecoprogress","description":"Hrac\u00ed st\u00f4l typ 1 vhodn\u00fd na umiestnenie na verejn\u00fdch miestach, v kancel\u00e1ri\u00e1ch, kaviar\u0148ach, vzdel\u00e1vac\u00edch centr\u00e1ch, na n\u00e1mestiach a v parkoch.","robots":{"index":"index","follow":"follow","max-snippet":"max-snippet:-1","max-image-preview":"max-image-preview:large","max-video-preview":"max-video-preview:-1"},"canonical":"https:\/\/ecoprogress.eu\/de\/produkt\/hraci-stol-typ-01\/","og_locale":"de_DE","og_type":"article","og_title":"Hrac\u00ed st\u00f4l typ 01 | Ecoprogress","og_description":"Hrac\u00ed st\u00f4l typ 1 vhodn\u00fd na umiestnenie na verejn\u00fdch miestach, v kancel\u00e1ri\u00e1ch, kaviar\u0148ach, vzdel\u00e1vac\u00edch centr\u00e1ch, na n\u00e1mestiach a v parkoch.","og_url":"https:\/\/ecoprogress.eu\/de\/produkt\/hraci-stol-typ-01\/","og_site_name":"Ecoprogress","article_modified_time":"2025-02-24T13:14:56+00:00","og_image":[{"width":800,"height":600,"url":"https:\/\/ecoprogress.eu\/wp-content\/uploads\/hraci-stol-01.jpg","type":"image\/jpeg"}],"twitter_card":"summary_large_image","twitter_misc":{"Gesch\u00e4tzte Lesezeit":"1\u00a0Minute"},"schema":{"@context":"https:\/\/schema.org","@graph":[{"@type":"WebPage","@id":"https:\/\/ecoprogress.eu\/de\/produkt\/hraci-stol-typ-01\/","url":"https:\/\/ecoprogress.eu\/de\/produkt\/hraci-stol-typ-01\/","name":"Hrac\u00ed st\u00f4l typ 01 | Ecoprogress","isPartOf":{"@id":"https:\/\/ecoprogress.eu\/de\/#website"},"primaryImageOfPage":{"@id":"https:\/\/ecoprogress.eu\/de\/produkt\/hraci-stol-typ-01\/#primaryimage"},"image":{"@id":"https:\/\/ecoprogress.eu\/de\/produkt\/hraci-stol-typ-01\/#primaryimage"},"thumbnailUrl":"https:\/\/ecoprogress.eu\/wp-content\/uploads\/hraci-stol-01.jpg","datePublished":"2024-08-30T07:05:17+00:00","dateModified":"2025-02-24T13:14:56+00:00","description":"Hrac\u00ed st\u00f4l typ 1 vhodn\u00fd na umiestnenie na verejn\u00fdch miestach, v kancel\u00e1ri\u00e1ch, kaviar\u0148ach, vzdel\u00e1vac\u00edch centr\u00e1ch, na n\u00e1mestiach a v parkoch.","breadcrumb":{"@id":"https:\/\/ecoprogress.eu\/de\/produkt\/hraci-stol-typ-01\/#breadcrumb"},"inLanguage":"de","potentialAction":[{"@type":"ReadAction","target":["https:\/\/ecoprogress.eu\/de\/produkt\/hraci-stol-typ-01\/"]}]},{"@type":"ImageObject","inLanguage":"de","@id":"https:\/\/ecoprogress.eu\/de\/produkt\/hraci-stol-typ-01\/#primaryimage","url":"https:\/\/ecoprogress.eu\/wp-content\/uploads\/hraci-stol-01.jpg","contentUrl":"https:\/\/ecoprogress.eu\/wp-content\/uploads\/hraci-stol-01.jpg","width":800,"height":600},{"@type":"BreadcrumbList","@id":"https:\/\/ecoprogress.eu\/de\/produkt\/hraci-stol-typ-01\/#breadcrumb","itemListElement":[{"@type":"ListItem","position":1,"name":"Produkte","item":"https:\/\/ecoprogress.eu\/de\/produkte\/"},{"@type":"ListItem","position":2,"name":"Hrac\u00ed st\u00f4l typ 01"}]},{"@type":"WebSite","@id":"https:\/\/ecoprogress.eu\/de\/#website","url":"https:\/\/ecoprogress.eu\/de\/","name":"Ecoprogress","description":"","publisher":{"@id":"https:\/\/ecoprogress.eu\/de\/#organization"},"potentialAction":[{"@type":"SearchAction","target":{"@type":"EntryPoint","urlTemplate":"https:\/\/ecoprogress.eu\/de\/?s={search_term_string}"},"query-input":{"@type":"PropertyValueSpecification","valueRequired":true,"valueName":"search_term_string"}}],"inLanguage":"de"},{"@type":"Organization","@id":"https:\/\/ecoprogress.eu\/de\/#organization","name":"Ecoprogress","url":"https:\/\/ecoprogress.eu\/de\/","logo":{"@type":"ImageObject","inLanguage":"de","@id":"https:\/\/ecoprogress.eu\/de\/#\/schema\/logo\/image\/","url":"https:\/\/ecoprogress.eu\/wp-content\/uploads\/logo-2.svg","contentUrl":"https:\/\/ecoprogress.eu\/wp-content\/uploads\/logo-2.svg","width":318,"height":349,"caption":"Ecoprogress"},"image":{"@id":"https:\/\/ecoprogress.eu\/de\/#\/schema\/logo\/image\/"}}]}},"_links":{"self":[{"href":"https:\/\/ecoprogress.eu\/de\/wp-json\/wp\/v2\/product\/54161","targetHints":{"allow":["GET"]}}],"collection":[{"href":"https:\/\/ecoprogress.eu\/de\/wp-json\/wp\/v2\/product"}],"about":[{"href":"https:\/\/ecoprogress.eu\/de\/wp-json\/wp\/v2\/types\/product"}],"version-history":[{"count":1,"href":"https:\/\/ecoprogress.eu\/de\/wp-json\/wp\/v2\/product\/54161\/revisions"}],"predecessor-version":[{"id":54177,"href":"https:\/\/ecoprogress.eu\/de\/wp-json\/wp\/v2\/product\/54161\/revisions\/54177"}],"wp:featuredmedia":[{"embeddable":true,"href":"https:\/\/ecoprogress.eu\/de\/wp-json\/wp\/v2\/media\/54193"}],"wp:attachment":[{"href":"https:\/\/ecoprogress.eu\/de\/wp-json\/wp\/v2\/media?parent=54161"}],"wp:term":[{"taxonomy":"product_brand","embeddable":true,"href":"https:\/\/ecoprogress.eu\/de\/wp-json\/wp\/v2\/product_brand?post=54161"},{"taxonomy":"product_cat","embeddable":true,"href":"https:\/\/ecoprogress.eu\/de\/wp-json\/wp\/v2\/product_cat?post=54161"},{"taxonomy":"product_tag","embeddable":true,"href":"https:\/\/ecoprogress.eu\/de\/wp-json\/wp\/v2\/product_tag?post=54161"}],"curies":[{"name":"wp","href":"https:\/\/api.w.org\/{rel}","templated":true}]}}