{"id":55000,"date":"2024-11-11T11:13:49","date_gmt":"2024-11-11T10:13:49","guid":{"rendered":"https:\/\/ecoprogress.eu\/?post_type=product&#038;p=55000"},"modified":"2025-02-24T14:19:13","modified_gmt":"2025-02-24T13:19:13","slug":"zostava-stol-s-lavickami-41","status":"publish","type":"product","link":"https:\/\/ecoprogress.eu\/de\/produkt\/zostava-stol-s-lavickami-41\/","title":{"rendered":"Zostava st\u00f4l s lavi\u010dkami typ 41"},"content":{"rendered":"<p>Dodanie 7-8 t\u00fd\u017ed\u0148ov (pod\u013ea stavu skladov\u00fdch z\u00e1sob)<\/p>\n<p>&nbsp;<\/p>\n","protected":false},"excerpt":{"rendered":"<p>Zostava st\u00f4l s lavi\u010dkami typ 41.<\/p>\n","protected":false},"featured_media":55354,"template":"","meta":[],"product_brand":[],"product_cat":[625],"product_tag":[],"class_list":{"0":"post-55000","1":"product","2":"type-product","3":"status-publish","4":"has-post-thumbnail","6":"product_cat-zostavy-mobiliaru","8":"first","9":"instock","10":"featured","11":"taxable","12":"shipping-taxable","13":"purchasable","14":"product-type-variable"},"yoast_head":"<!-- This site is optimized with the Yoast SEO plugin v27.2 - https:\/\/yoast.com\/product\/yoast-seo-wordpress\/ -->\n<title>Zostava st\u00f4l s lavi\u010dkami typ 41 | Ecoprogress<\/title>\n<meta name=\"description\" content=\"Zostava st\u00f4l s lavi\u010dkami typ 41.\" \/>\n<meta name=\"robots\" content=\"index, follow, max-snippet:-1, max-image-preview:large, max-video-preview:-1\" \/>\n<link rel=\"canonical\" href=\"https:\/\/ecoprogress.eu\/de\/produkt\/zostava-stol-s-lavickami-41\/\" \/>\n<meta property=\"og:locale\" content=\"de_DE\" \/>\n<meta property=\"og:type\" content=\"article\" \/>\n<meta property=\"og:title\" content=\"Zostava st\u00f4l s lavi\u010dkami typ 41 | Ecoprogress\" \/>\n<meta property=\"og:description\" content=\"Zostava st\u00f4l s lavi\u010dkami typ 41.\" \/>\n<meta property=\"og:url\" content=\"https:\/\/ecoprogress.eu\/de\/produkt\/zostava-stol-s-lavickami-41\/\" \/>\n<meta property=\"og:site_name\" content=\"Ecoprogress\" \/>\n<meta property=\"article:modified_time\" content=\"2025-02-24T13:19:13+00:00\" \/>\n<meta property=\"og:image\" content=\"https:\/\/ecoprogress.eu\/wp-content\/uploads\/zostava-stol-slavickami-41.webp\" \/>\n\t<meta property=\"og:image:width\" content=\"800\" \/>\n\t<meta property=\"og:image:height\" content=\"600\" \/>\n\t<meta property=\"og:image:type\" content=\"image\/webp\" \/>\n<meta name=\"twitter:card\" content=\"summary_large_image\" \/>\n<meta name=\"twitter:label1\" content=\"Gesch\u00e4tzte Lesezeit\" \/>\n\t<meta name=\"twitter:data1\" content=\"1\u00a0Minute\" \/>\n<script type=\"application\/ld+json\" class=\"yoast-schema-graph\">{\"@context\":\"https:\/\/schema.org\",\"@graph\":[{\"@type\":\"WebPage\",\"@id\":\"https:\/\/ecoprogress.eu\/de\/produkt\/zostava-stol-s-lavickami-41\/\",\"url\":\"https:\/\/ecoprogress.eu\/de\/produkt\/zostava-stol-s-lavickami-41\/\",\"name\":\"Zostava st\u00f4l s lavi\u010dkami typ 41 | Ecoprogress\",\"isPartOf\":{\"@id\":\"https:\/\/ecoprogress.eu\/de\/#website\"},\"primaryImageOfPage\":{\"@id\":\"https:\/\/ecoprogress.eu\/de\/produkt\/zostava-stol-s-lavickami-41\/#primaryimage\"},\"image\":{\"@id\":\"https:\/\/ecoprogress.eu\/de\/produkt\/zostava-stol-s-lavickami-41\/#primaryimage\"},\"thumbnailUrl\":\"https:\/\/ecoprogress.eu\/wp-content\/uploads\/zostava-stol-slavickami-41.webp\",\"datePublished\":\"2024-11-11T10:13:49+00:00\",\"dateModified\":\"2025-02-24T13:19:13+00:00\",\"description\":\"Zostava st\u00f4l s lavi\u010dkami typ 41.\",\"breadcrumb\":{\"@id\":\"https:\/\/ecoprogress.eu\/de\/produkt\/zostava-stol-s-lavickami-41\/#breadcrumb\"},\"inLanguage\":\"de\",\"potentialAction\":[{\"@type\":\"ReadAction\",\"target\":[\"https:\/\/ecoprogress.eu\/de\/produkt\/zostava-stol-s-lavickami-41\/\"]}]},{\"@type\":\"ImageObject\",\"inLanguage\":\"de\",\"@id\":\"https:\/\/ecoprogress.eu\/de\/produkt\/zostava-stol-s-lavickami-41\/#primaryimage\",\"url\":\"https:\/\/ecoprogress.eu\/wp-content\/uploads\/zostava-stol-slavickami-41.webp\",\"contentUrl\":\"https:\/\/ecoprogress.eu\/wp-content\/uploads\/zostava-stol-slavickami-41.webp\",\"width\":800,\"height\":600},{\"@type\":\"BreadcrumbList\",\"@id\":\"https:\/\/ecoprogress.eu\/de\/produkt\/zostava-stol-s-lavickami-41\/#breadcrumb\",\"itemListElement\":[{\"@type\":\"ListItem\",\"position\":1,\"name\":\"Produkte\",\"item\":\"https:\/\/ecoprogress.eu\/de\/produkte\/\"},{\"@type\":\"ListItem\",\"position\":2,\"name\":\"Zostava st\u00f4l s lavi\u010dkami typ 41\"}]},{\"@type\":\"WebSite\",\"@id\":\"https:\/\/ecoprogress.eu\/de\/#website\",\"url\":\"https:\/\/ecoprogress.eu\/de\/\",\"name\":\"Ecoprogress\",\"description\":\"\",\"publisher\":{\"@id\":\"https:\/\/ecoprogress.eu\/de\/#organization\"},\"potentialAction\":[{\"@type\":\"SearchAction\",\"target\":{\"@type\":\"EntryPoint\",\"urlTemplate\":\"https:\/\/ecoprogress.eu\/de\/?s={search_term_string}\"},\"query-input\":{\"@type\":\"PropertyValueSpecification\",\"valueRequired\":true,\"valueName\":\"search_term_string\"}}],\"inLanguage\":\"de\"},{\"@type\":\"Organization\",\"@id\":\"https:\/\/ecoprogress.eu\/de\/#organization\",\"name\":\"Ecoprogress\",\"url\":\"https:\/\/ecoprogress.eu\/de\/\",\"logo\":{\"@type\":\"ImageObject\",\"inLanguage\":\"de\",\"@id\":\"https:\/\/ecoprogress.eu\/de\/#\/schema\/logo\/image\/\",\"url\":\"https:\/\/ecoprogress.eu\/wp-content\/uploads\/logo-2.svg\",\"contentUrl\":\"https:\/\/ecoprogress.eu\/wp-content\/uploads\/logo-2.svg\",\"width\":318,\"height\":349,\"caption\":\"Ecoprogress\"},\"image\":{\"@id\":\"https:\/\/ecoprogress.eu\/de\/#\/schema\/logo\/image\/\"}}]}<\/script>\n<!-- \/ Yoast SEO plugin. -->","yoast_head_json":{"title":"Zostava st\u00f4l s lavi\u010dkami typ 41 | Ecoprogress","description":"Zostava st\u00f4l s lavi\u010dkami typ 41.","robots":{"index":"index","follow":"follow","max-snippet":"max-snippet:-1","max-image-preview":"max-image-preview:large","max-video-preview":"max-video-preview:-1"},"canonical":"https:\/\/ecoprogress.eu\/de\/produkt\/zostava-stol-s-lavickami-41\/","og_locale":"de_DE","og_type":"article","og_title":"Zostava st\u00f4l s lavi\u010dkami typ 41 | Ecoprogress","og_description":"Zostava st\u00f4l s lavi\u010dkami typ 41.","og_url":"https:\/\/ecoprogress.eu\/de\/produkt\/zostava-stol-s-lavickami-41\/","og_site_name":"Ecoprogress","article_modified_time":"2025-02-24T13:19:13+00:00","og_image":[{"width":800,"height":600,"url":"https:\/\/ecoprogress.eu\/wp-content\/uploads\/zostava-stol-slavickami-41.webp","type":"image\/webp"}],"twitter_card":"summary_large_image","twitter_misc":{"Gesch\u00e4tzte Lesezeit":"1\u00a0Minute"},"schema":{"@context":"https:\/\/schema.org","@graph":[{"@type":"WebPage","@id":"https:\/\/ecoprogress.eu\/de\/produkt\/zostava-stol-s-lavickami-41\/","url":"https:\/\/ecoprogress.eu\/de\/produkt\/zostava-stol-s-lavickami-41\/","name":"Zostava st\u00f4l s lavi\u010dkami typ 41 | Ecoprogress","isPartOf":{"@id":"https:\/\/ecoprogress.eu\/de\/#website"},"primaryImageOfPage":{"@id":"https:\/\/ecoprogress.eu\/de\/produkt\/zostava-stol-s-lavickami-41\/#primaryimage"},"image":{"@id":"https:\/\/ecoprogress.eu\/de\/produkt\/zostava-stol-s-lavickami-41\/#primaryimage"},"thumbnailUrl":"https:\/\/ecoprogress.eu\/wp-content\/uploads\/zostava-stol-slavickami-41.webp","datePublished":"2024-11-11T10:13:49+00:00","dateModified":"2025-02-24T13:19:13+00:00","description":"Zostava st\u00f4l s lavi\u010dkami typ 41.","breadcrumb":{"@id":"https:\/\/ecoprogress.eu\/de\/produkt\/zostava-stol-s-lavickami-41\/#breadcrumb"},"inLanguage":"de","potentialAction":[{"@type":"ReadAction","target":["https:\/\/ecoprogress.eu\/de\/produkt\/zostava-stol-s-lavickami-41\/"]}]},{"@type":"ImageObject","inLanguage":"de","@id":"https:\/\/ecoprogress.eu\/de\/produkt\/zostava-stol-s-lavickami-41\/#primaryimage","url":"https:\/\/ecoprogress.eu\/wp-content\/uploads\/zostava-stol-slavickami-41.webp","contentUrl":"https:\/\/ecoprogress.eu\/wp-content\/uploads\/zostava-stol-slavickami-41.webp","width":800,"height":600},{"@type":"BreadcrumbList","@id":"https:\/\/ecoprogress.eu\/de\/produkt\/zostava-stol-s-lavickami-41\/#breadcrumb","itemListElement":[{"@type":"ListItem","position":1,"name":"Produkte","item":"https:\/\/ecoprogress.eu\/de\/produkte\/"},{"@type":"ListItem","position":2,"name":"Zostava st\u00f4l s lavi\u010dkami typ 41"}]},{"@type":"WebSite","@id":"https:\/\/ecoprogress.eu\/de\/#website","url":"https:\/\/ecoprogress.eu\/de\/","name":"Ecoprogress","description":"","publisher":{"@id":"https:\/\/ecoprogress.eu\/de\/#organization"},"potentialAction":[{"@type":"SearchAction","target":{"@type":"EntryPoint","urlTemplate":"https:\/\/ecoprogress.eu\/de\/?s={search_term_string}"},"query-input":{"@type":"PropertyValueSpecification","valueRequired":true,"valueName":"search_term_string"}}],"inLanguage":"de"},{"@type":"Organization","@id":"https:\/\/ecoprogress.eu\/de\/#organization","name":"Ecoprogress","url":"https:\/\/ecoprogress.eu\/de\/","logo":{"@type":"ImageObject","inLanguage":"de","@id":"https:\/\/ecoprogress.eu\/de\/#\/schema\/logo\/image\/","url":"https:\/\/ecoprogress.eu\/wp-content\/uploads\/logo-2.svg","contentUrl":"https:\/\/ecoprogress.eu\/wp-content\/uploads\/logo-2.svg","width":318,"height":349,"caption":"Ecoprogress"},"image":{"@id":"https:\/\/ecoprogress.eu\/de\/#\/schema\/logo\/image\/"}}]}},"_links":{"self":[{"href":"https:\/\/ecoprogress.eu\/de\/wp-json\/wp\/v2\/product\/55000","targetHints":{"allow":["GET"]}}],"collection":[{"href":"https:\/\/ecoprogress.eu\/de\/wp-json\/wp\/v2\/product"}],"about":[{"href":"https:\/\/ecoprogress.eu\/de\/wp-json\/wp\/v2\/types\/product"}],"version-history":[{"count":1,"href":"https:\/\/ecoprogress.eu\/de\/wp-json\/wp\/v2\/product\/55000\/revisions"}],"predecessor-version":[{"id":55006,"href":"https:\/\/ecoprogress.eu\/de\/wp-json\/wp\/v2\/product\/55000\/revisions\/55006"}],"wp:featuredmedia":[{"embeddable":true,"href":"https:\/\/ecoprogress.eu\/de\/wp-json\/wp\/v2\/media\/55354"}],"wp:attachment":[{"href":"https:\/\/ecoprogress.eu\/de\/wp-json\/wp\/v2\/media?parent=55000"}],"wp:term":[{"taxonomy":"product_brand","embeddable":true,"href":"https:\/\/ecoprogress.eu\/de\/wp-json\/wp\/v2\/product_brand?post=55000"},{"taxonomy":"product_cat","embeddable":true,"href":"https:\/\/ecoprogress.eu\/de\/wp-json\/wp\/v2\/product_cat?post=55000"},{"taxonomy":"product_tag","embeddable":true,"href":"https:\/\/ecoprogress.eu\/de\/wp-json\/wp\/v2\/product_tag?post=55000"}],"curies":[{"name":"wp","href":"https:\/\/api.w.org\/{rel}","templated":true}]}}