{"id":55071,"date":"2024-11-11T11:59:40","date_gmt":"2024-11-11T10:59:40","guid":{"rendered":"https:\/\/ecoprogress.eu\/?post_type=product&#038;p=55071"},"modified":"2024-11-27T12:56:20","modified_gmt":"2024-11-27T11:56:20","slug":"drziak-nabijacky-na-elektricky-bicykel-univerzalny","status":"publish","type":"product","link":"https:\/\/ecoprogress.eu\/de\/produkt\/drziak-nabijacky-na-elektricky-bicykel-univerzalny\/","title":{"rendered":"Dr\u017eiak nab\u00edja\u010dky na elektrick\u00fd bicykel &#8211; univerz\u00e1lny"},"content":{"rendered":"<p>Dodanie 4-6 t\u00fd\u017ed\u0148ov (pod\u013ea stavu skladov\u00fdch z\u00e1sob)<\/p>\n\n<table id=\"tablepress-3185\" class=\"tablepress tablepress-id-3185\">\n<tbody class=\"row-striping row-hover\">\n<tr class=\"row-1\">\n\t<td class=\"column-1\">materi\u00e1l<\/td><td class=\"column-2\">oce\u013e ozinkovan\u00e1 a malovan\u00e1, nehrdzavej\u00faca oce\u013e<\/td>\n<\/tr>\n<tr class=\"row-2\">\n\t<td class=\"column-1\">ukotvenie<\/td><td class=\"column-2\">do steny<\/td>\n<\/tr>\n<tr class=\"row-3\">\n\t<td class=\"column-1\">stanovisk\u00e1<\/td><td class=\"column-2\">1<\/td>\n<\/tr>\n<\/tbody>\n<\/table>\n<!-- #tablepress-3185 from cache -->\n","protected":false},"excerpt":{"rendered":"<p>Dr\u017eiak nab\u00edja\u010dky, praktick\u00e9 pr\u00edslu\u0161enstvo pre elektrobicykle, univerz\u00e1lny &#8211; mont\u00e1\u017e na stenu.<\/p>\n","protected":false},"featured_media":55308,"template":"","meta":[],"product_brand":[],"product_cat":[330,659],"product_tag":[],"class_list":{"0":"post-55071","1":"product","2":"type-product","3":"status-publish","4":"has-post-thumbnail","6":"product_cat-elektricke-nabijacie-stanice","7":"product_cat-ocelovy-mobiliar","8":"product_shipping_class-stojany-pg","10":"first","11":"instock","12":"taxable","13":"shipping-taxable","14":"purchasable","15":"product-type-variable"},"yoast_head":"<!-- This site is optimized with the Yoast SEO plugin v27.2 - https:\/\/yoast.com\/product\/yoast-seo-wordpress\/ -->\n<title>Dr\u017eiak nab\u00edja\u010dky na elektrick\u00fd bicykel - univerz\u00e1lny | Ecoprogress<\/title>\n<meta name=\"description\" content=\"Dr\u017eiak nab\u00edja\u010dky, praktick\u00e9 pr\u00edslu\u0161enstvo pre elektrobicykle, univerz\u00e1lny - mont\u00e1\u017e na stenu.\" \/>\n<meta name=\"robots\" content=\"index, follow, max-snippet:-1, max-image-preview:large, max-video-preview:-1\" \/>\n<link rel=\"canonical\" href=\"https:\/\/ecoprogress.eu\/de\/produkt\/drziak-nabijacky-na-elektricky-bicykel-univerzalny\/\" \/>\n<meta property=\"og:locale\" content=\"de_DE\" \/>\n<meta property=\"og:type\" content=\"article\" \/>\n<meta property=\"og:title\" content=\"Dr\u017eiak nab\u00edja\u010dky na elektrick\u00fd bicykel - univerz\u00e1lny | Ecoprogress\" \/>\n<meta property=\"og:description\" content=\"Dr\u017eiak nab\u00edja\u010dky, praktick\u00e9 pr\u00edslu\u0161enstvo pre elektrobicykle, univerz\u00e1lny - mont\u00e1\u017e na stenu.\" \/>\n<meta property=\"og:url\" content=\"https:\/\/ecoprogress.eu\/de\/produkt\/drziak-nabijacky-na-elektricky-bicykel-univerzalny\/\" \/>\n<meta property=\"og:site_name\" content=\"Ecoprogress\" \/>\n<meta property=\"article:modified_time\" content=\"2024-11-27T11:56:20+00:00\" \/>\n<meta property=\"og:image\" content=\"https:\/\/ecoprogress.eu\/wp-content\/uploads\/drziak-nabijacky-univerzalny.webp\" \/>\n\t<meta property=\"og:image:width\" content=\"800\" \/>\n\t<meta property=\"og:image:height\" content=\"600\" \/>\n\t<meta property=\"og:image:type\" content=\"image\/webp\" \/>\n<meta name=\"twitter:card\" content=\"summary_large_image\" \/>\n<meta name=\"twitter:label1\" content=\"Gesch\u00e4tzte Lesezeit\" \/>\n\t<meta name=\"twitter:data1\" content=\"1\u00a0Minute\" \/>\n<script type=\"application\/ld+json\" class=\"yoast-schema-graph\">{\"@context\":\"https:\/\/schema.org\",\"@graph\":[{\"@type\":\"WebPage\",\"@id\":\"https:\/\/ecoprogress.eu\/de\/produkt\/drziak-nabijacky-na-elektricky-bicykel-univerzalny\/\",\"url\":\"https:\/\/ecoprogress.eu\/de\/produkt\/drziak-nabijacky-na-elektricky-bicykel-univerzalny\/\",\"name\":\"Dr\u017eiak nab\u00edja\u010dky na elektrick\u00fd bicykel - univerz\u00e1lny | Ecoprogress\",\"isPartOf\":{\"@id\":\"https:\/\/ecoprogress.eu\/de\/#website\"},\"primaryImageOfPage\":{\"@id\":\"https:\/\/ecoprogress.eu\/de\/produkt\/drziak-nabijacky-na-elektricky-bicykel-univerzalny\/#primaryimage\"},\"image\":{\"@id\":\"https:\/\/ecoprogress.eu\/de\/produkt\/drziak-nabijacky-na-elektricky-bicykel-univerzalny\/#primaryimage\"},\"thumbnailUrl\":\"https:\/\/ecoprogress.eu\/wp-content\/uploads\/drziak-nabijacky-univerzalny.webp\",\"datePublished\":\"2024-11-11T10:59:40+00:00\",\"dateModified\":\"2024-11-27T11:56:20+00:00\",\"description\":\"Dr\u017eiak nab\u00edja\u010dky, praktick\u00e9 pr\u00edslu\u0161enstvo pre elektrobicykle, univerz\u00e1lny - mont\u00e1\u017e na stenu.\",\"breadcrumb\":{\"@id\":\"https:\/\/ecoprogress.eu\/de\/produkt\/drziak-nabijacky-na-elektricky-bicykel-univerzalny\/#breadcrumb\"},\"inLanguage\":\"de\",\"potentialAction\":[{\"@type\":\"ReadAction\",\"target\":[\"https:\/\/ecoprogress.eu\/de\/produkt\/drziak-nabijacky-na-elektricky-bicykel-univerzalny\/\"]}]},{\"@type\":\"ImageObject\",\"inLanguage\":\"de\",\"@id\":\"https:\/\/ecoprogress.eu\/de\/produkt\/drziak-nabijacky-na-elektricky-bicykel-univerzalny\/#primaryimage\",\"url\":\"https:\/\/ecoprogress.eu\/wp-content\/uploads\/drziak-nabijacky-univerzalny.webp\",\"contentUrl\":\"https:\/\/ecoprogress.eu\/wp-content\/uploads\/drziak-nabijacky-univerzalny.webp\",\"width\":800,\"height\":600},{\"@type\":\"BreadcrumbList\",\"@id\":\"https:\/\/ecoprogress.eu\/de\/produkt\/drziak-nabijacky-na-elektricky-bicykel-univerzalny\/#breadcrumb\",\"itemListElement\":[{\"@type\":\"ListItem\",\"position\":1,\"name\":\"Produkte\",\"item\":\"https:\/\/ecoprogress.eu\/de\/produkte\/\"},{\"@type\":\"ListItem\",\"position\":2,\"name\":\"Dr\u017eiak nab\u00edja\u010dky na elektrick\u00fd bicykel &#8211; univerz\u00e1lny\"}]},{\"@type\":\"WebSite\",\"@id\":\"https:\/\/ecoprogress.eu\/de\/#website\",\"url\":\"https:\/\/ecoprogress.eu\/de\/\",\"name\":\"Ecoprogress\",\"description\":\"\",\"publisher\":{\"@id\":\"https:\/\/ecoprogress.eu\/de\/#organization\"},\"potentialAction\":[{\"@type\":\"SearchAction\",\"target\":{\"@type\":\"EntryPoint\",\"urlTemplate\":\"https:\/\/ecoprogress.eu\/de\/?s={search_term_string}\"},\"query-input\":{\"@type\":\"PropertyValueSpecification\",\"valueRequired\":true,\"valueName\":\"search_term_string\"}}],\"inLanguage\":\"de\"},{\"@type\":\"Organization\",\"@id\":\"https:\/\/ecoprogress.eu\/de\/#organization\",\"name\":\"Ecoprogress\",\"url\":\"https:\/\/ecoprogress.eu\/de\/\",\"logo\":{\"@type\":\"ImageObject\",\"inLanguage\":\"de\",\"@id\":\"https:\/\/ecoprogress.eu\/de\/#\/schema\/logo\/image\/\",\"url\":\"https:\/\/ecoprogress.eu\/wp-content\/uploads\/logo-2.svg\",\"contentUrl\":\"https:\/\/ecoprogress.eu\/wp-content\/uploads\/logo-2.svg\",\"width\":318,\"height\":349,\"caption\":\"Ecoprogress\"},\"image\":{\"@id\":\"https:\/\/ecoprogress.eu\/de\/#\/schema\/logo\/image\/\"}}]}<\/script>\n<!-- \/ Yoast SEO plugin. -->","yoast_head_json":{"title":"Dr\u017eiak nab\u00edja\u010dky na elektrick\u00fd bicykel - univerz\u00e1lny | Ecoprogress","description":"Dr\u017eiak nab\u00edja\u010dky, praktick\u00e9 pr\u00edslu\u0161enstvo pre elektrobicykle, univerz\u00e1lny - mont\u00e1\u017e na stenu.","robots":{"index":"index","follow":"follow","max-snippet":"max-snippet:-1","max-image-preview":"max-image-preview:large","max-video-preview":"max-video-preview:-1"},"canonical":"https:\/\/ecoprogress.eu\/de\/produkt\/drziak-nabijacky-na-elektricky-bicykel-univerzalny\/","og_locale":"de_DE","og_type":"article","og_title":"Dr\u017eiak nab\u00edja\u010dky na elektrick\u00fd bicykel - univerz\u00e1lny | Ecoprogress","og_description":"Dr\u017eiak nab\u00edja\u010dky, praktick\u00e9 pr\u00edslu\u0161enstvo pre elektrobicykle, univerz\u00e1lny - mont\u00e1\u017e na stenu.","og_url":"https:\/\/ecoprogress.eu\/de\/produkt\/drziak-nabijacky-na-elektricky-bicykel-univerzalny\/","og_site_name":"Ecoprogress","article_modified_time":"2024-11-27T11:56:20+00:00","og_image":[{"width":800,"height":600,"url":"https:\/\/ecoprogress.eu\/wp-content\/uploads\/drziak-nabijacky-univerzalny.webp","type":"image\/webp"}],"twitter_card":"summary_large_image","twitter_misc":{"Gesch\u00e4tzte Lesezeit":"1\u00a0Minute"},"schema":{"@context":"https:\/\/schema.org","@graph":[{"@type":"WebPage","@id":"https:\/\/ecoprogress.eu\/de\/produkt\/drziak-nabijacky-na-elektricky-bicykel-univerzalny\/","url":"https:\/\/ecoprogress.eu\/de\/produkt\/drziak-nabijacky-na-elektricky-bicykel-univerzalny\/","name":"Dr\u017eiak nab\u00edja\u010dky na elektrick\u00fd bicykel - univerz\u00e1lny | Ecoprogress","isPartOf":{"@id":"https:\/\/ecoprogress.eu\/de\/#website"},"primaryImageOfPage":{"@id":"https:\/\/ecoprogress.eu\/de\/produkt\/drziak-nabijacky-na-elektricky-bicykel-univerzalny\/#primaryimage"},"image":{"@id":"https:\/\/ecoprogress.eu\/de\/produkt\/drziak-nabijacky-na-elektricky-bicykel-univerzalny\/#primaryimage"},"thumbnailUrl":"https:\/\/ecoprogress.eu\/wp-content\/uploads\/drziak-nabijacky-univerzalny.webp","datePublished":"2024-11-11T10:59:40+00:00","dateModified":"2024-11-27T11:56:20+00:00","description":"Dr\u017eiak nab\u00edja\u010dky, praktick\u00e9 pr\u00edslu\u0161enstvo pre elektrobicykle, univerz\u00e1lny - mont\u00e1\u017e na stenu.","breadcrumb":{"@id":"https:\/\/ecoprogress.eu\/de\/produkt\/drziak-nabijacky-na-elektricky-bicykel-univerzalny\/#breadcrumb"},"inLanguage":"de","potentialAction":[{"@type":"ReadAction","target":["https:\/\/ecoprogress.eu\/de\/produkt\/drziak-nabijacky-na-elektricky-bicykel-univerzalny\/"]}]},{"@type":"ImageObject","inLanguage":"de","@id":"https:\/\/ecoprogress.eu\/de\/produkt\/drziak-nabijacky-na-elektricky-bicykel-univerzalny\/#primaryimage","url":"https:\/\/ecoprogress.eu\/wp-content\/uploads\/drziak-nabijacky-univerzalny.webp","contentUrl":"https:\/\/ecoprogress.eu\/wp-content\/uploads\/drziak-nabijacky-univerzalny.webp","width":800,"height":600},{"@type":"BreadcrumbList","@id":"https:\/\/ecoprogress.eu\/de\/produkt\/drziak-nabijacky-na-elektricky-bicykel-univerzalny\/#breadcrumb","itemListElement":[{"@type":"ListItem","position":1,"name":"Produkte","item":"https:\/\/ecoprogress.eu\/de\/produkte\/"},{"@type":"ListItem","position":2,"name":"Dr\u017eiak nab\u00edja\u010dky na elektrick\u00fd bicykel &#8211; univerz\u00e1lny"}]},{"@type":"WebSite","@id":"https:\/\/ecoprogress.eu\/de\/#website","url":"https:\/\/ecoprogress.eu\/de\/","name":"Ecoprogress","description":"","publisher":{"@id":"https:\/\/ecoprogress.eu\/de\/#organization"},"potentialAction":[{"@type":"SearchAction","target":{"@type":"EntryPoint","urlTemplate":"https:\/\/ecoprogress.eu\/de\/?s={search_term_string}"},"query-input":{"@type":"PropertyValueSpecification","valueRequired":true,"valueName":"search_term_string"}}],"inLanguage":"de"},{"@type":"Organization","@id":"https:\/\/ecoprogress.eu\/de\/#organization","name":"Ecoprogress","url":"https:\/\/ecoprogress.eu\/de\/","logo":{"@type":"ImageObject","inLanguage":"de","@id":"https:\/\/ecoprogress.eu\/de\/#\/schema\/logo\/image\/","url":"https:\/\/ecoprogress.eu\/wp-content\/uploads\/logo-2.svg","contentUrl":"https:\/\/ecoprogress.eu\/wp-content\/uploads\/logo-2.svg","width":318,"height":349,"caption":"Ecoprogress"},"image":{"@id":"https:\/\/ecoprogress.eu\/de\/#\/schema\/logo\/image\/"}}]}},"_links":{"self":[{"href":"https:\/\/ecoprogress.eu\/de\/wp-json\/wp\/v2\/product\/55071","targetHints":{"allow":["GET"]}}],"collection":[{"href":"https:\/\/ecoprogress.eu\/de\/wp-json\/wp\/v2\/product"}],"about":[{"href":"https:\/\/ecoprogress.eu\/de\/wp-json\/wp\/v2\/types\/product"}],"version-history":[{"count":1,"href":"https:\/\/ecoprogress.eu\/de\/wp-json\/wp\/v2\/product\/55071\/revisions"}],"predecessor-version":[{"id":55082,"href":"https:\/\/ecoprogress.eu\/de\/wp-json\/wp\/v2\/product\/55071\/revisions\/55082"}],"wp:featuredmedia":[{"embeddable":true,"href":"https:\/\/ecoprogress.eu\/de\/wp-json\/wp\/v2\/media\/55308"}],"wp:attachment":[{"href":"https:\/\/ecoprogress.eu\/de\/wp-json\/wp\/v2\/media?parent=55071"}],"wp:term":[{"taxonomy":"product_brand","embeddable":true,"href":"https:\/\/ecoprogress.eu\/de\/wp-json\/wp\/v2\/product_brand?post=55071"},{"taxonomy":"product_cat","embeddable":true,"href":"https:\/\/ecoprogress.eu\/de\/wp-json\/wp\/v2\/product_cat?post=55071"},{"taxonomy":"product_tag","embeddable":true,"href":"https:\/\/ecoprogress.eu\/de\/wp-json\/wp\/v2\/product_tag?post=55071"}],"curies":[{"name":"wp","href":"https:\/\/api.w.org\/{rel}","templated":true}]}}