{"id":55363,"date":"2024-11-27T12:38:20","date_gmt":"2024-11-27T11:38:20","guid":{"rendered":"https:\/\/ecoprogress.eu\/?post_type=product&#038;p=55363"},"modified":"2025-05-13T14:47:52","modified_gmt":"2025-05-13T12:47:52","slug":"nabijacia-stanica-typ-12","status":"publish","type":"product","link":"https:\/\/ecoprogress.eu\/de\/produkt\/nabijacia-stanica-typ-12\/","title":{"rendered":"Nab\u00edjacia stanica typ 12"},"content":{"rendered":"<p>Dodanie 4-6 t\u00fd\u017ed\u0148ov (pod\u013ea stavu skladov\u00fdch z\u00e1sob)<\/p>\n<h4>Ako vlastne nab\u00edjacia stanica pre elektrick\u00e9 bicykle funguje?<\/h4>\n<ul>\n<li>Umo\u017e\u0148uje majite\u013eovi elektrobicykla nab\u00edja\u0165 bat\u00e9riu aj mimo domova. A to bez toho, aby si so sebou musel bra\u0165 vlastn\u00fa (zvy\u010dajne dos\u0165 \u0165a\u017ek\u00fa a objemn\u00fa) nab\u00edja\u010dku bat\u00e9rie pre elektrobicykle.<\/li>\n<li>V\u010faka syst\u00e9mu k\u00e1blov do z\u00e1suvky a st\u00e1le sa roz\u0161iruj\u00facemu portf\u00f3liu typov koncoviek je nab\u00edjacia stanica Powerbox kompatibiln\u00e1 s 85 % elektrobicyklov na \u010deskom trhu.<\/li>\n<li>Nab\u00edjacia stanica je vybaven\u00e1 nab\u00edjac\u00edmi syst\u00e9mami odpor\u00fa\u010dan\u00fdmi v\u00fdrobcami bat\u00e9ri\u00ed pre e-biky. Nab\u00edjanie prebieha maxim\u00e1lnym pr\u00fadom 4 A, ktor\u00fd je relevantn\u00fd a pre v\u0161etky typy bat\u00e9ri\u00ed elektrobicyklov s nap\u00e4t\u00edm 36 V a r\u00fdchlej\u0161\u00ed ako be\u017ene dod\u00e1van\u00e9 nab\u00edja\u010dky pre elektrobicykle, ktor\u00e9 s\u00fa 2A.<\/li>\n<li>Nab\u00edjanie bat\u00e9ri\u00ed z nab\u00edjacej stanice Powerbox je \u00faplne bezpe\u010dn\u00e9.<\/li>\n<\/ul>\n<p>&nbsp;<\/p>\n","protected":false},"excerpt":{"rendered":"<p>Nab\u00edjacia stanica typ 12 je ur\u010den\u00e1 na jednoduch\u00e9 nab\u00edjanie \u201emimo domova\u201c pre v\u00e4\u010d\u0161inu typov elektrick\u00fdch bicyklov. Nab\u00edjacia stanica je ur\u010den\u00e1 na celoro\u010dn\u00fa prev\u00e1dzku vonku. Rie\u0161enie pre cestovn\u00fd ruch, re\u0161taur\u00e1cie, hotely, infocentr\u00e1 a podniky.<\/p>\n","protected":false},"featured_media":55435,"template":"","meta":[],"product_brand":[],"product_cat":[330],"product_tag":[],"class_list":{"0":"post-55363","1":"product","2":"type-product","3":"status-publish","4":"has-post-thumbnail","6":"product_cat-elektricke-nabijacie-stanice","7":"product_shipping_class-stojany-pg","9":"first","10":"instock","11":"featured","12":"taxable","13":"shipping-taxable","14":"purchasable","15":"product-type-variable"},"yoast_head":"<!-- This site is optimized with the Yoast SEO plugin v27.2 - https:\/\/yoast.com\/product\/yoast-seo-wordpress\/ -->\n<title>Nab\u00edjacia stanica typ 12 | Ecoprogress<\/title>\n<meta name=\"description\" content=\"Nab\u00edjacia stanica typ 12 je ur\u010den\u00e1 na jednoduch\u00e9 nab\u00edjanie \u201emimo domova\u201c pre v\u00e4\u010d\u0161inu typov elektrick\u00fdch bicyklov.\" \/>\n<meta name=\"robots\" content=\"index, follow, max-snippet:-1, max-image-preview:large, max-video-preview:-1\" \/>\n<link rel=\"canonical\" href=\"https:\/\/ecoprogress.eu\/de\/produkt\/nabijacia-stanica-typ-12\/\" \/>\n<meta property=\"og:locale\" content=\"de_DE\" \/>\n<meta property=\"og:type\" content=\"article\" \/>\n<meta property=\"og:title\" content=\"Nab\u00edjacia stanica typ 12 | Ecoprogress\" \/>\n<meta property=\"og:description\" content=\"Nab\u00edjacia stanica typ 12 je ur\u010den\u00e1 na jednoduch\u00e9 nab\u00edjanie \u201emimo domova\u201c pre v\u00e4\u010d\u0161inu typov elektrick\u00fdch bicyklov.\" \/>\n<meta property=\"og:url\" content=\"https:\/\/ecoprogress.eu\/de\/produkt\/nabijacia-stanica-typ-12\/\" \/>\n<meta property=\"og:site_name\" content=\"Ecoprogress\" \/>\n<meta property=\"article:modified_time\" content=\"2025-05-13T12:47:52+00:00\" \/>\n<meta property=\"og:image\" content=\"https:\/\/ecoprogress.eu\/wp-content\/uploads\/Nabijacia-stanica-typ-12.png\" \/>\n\t<meta property=\"og:image:width\" content=\"600\" \/>\n\t<meta property=\"og:image:height\" content=\"600\" \/>\n\t<meta property=\"og:image:type\" content=\"image\/png\" \/>\n<meta name=\"twitter:card\" content=\"summary_large_image\" \/>\n<meta name=\"twitter:label1\" content=\"Gesch\u00e4tzte Lesezeit\" \/>\n\t<meta name=\"twitter:data1\" content=\"1\u00a0Minute\" \/>\n<script type=\"application\/ld+json\" class=\"yoast-schema-graph\">{\"@context\":\"https:\/\/schema.org\",\"@graph\":[{\"@type\":\"WebPage\",\"@id\":\"https:\/\/ecoprogress.eu\/de\/produkt\/nabijacia-stanica-typ-12\/\",\"url\":\"https:\/\/ecoprogress.eu\/de\/produkt\/nabijacia-stanica-typ-12\/\",\"name\":\"Nab\u00edjacia stanica typ 12 | Ecoprogress\",\"isPartOf\":{\"@id\":\"https:\/\/ecoprogress.eu\/de\/#website\"},\"primaryImageOfPage\":{\"@id\":\"https:\/\/ecoprogress.eu\/de\/produkt\/nabijacia-stanica-typ-12\/#primaryimage\"},\"image\":{\"@id\":\"https:\/\/ecoprogress.eu\/de\/produkt\/nabijacia-stanica-typ-12\/#primaryimage\"},\"thumbnailUrl\":\"https:\/\/ecoprogress.eu\/wp-content\/uploads\/Nabijacia-stanica-typ-12.png\",\"datePublished\":\"2024-11-27T11:38:20+00:00\",\"dateModified\":\"2025-05-13T12:47:52+00:00\",\"description\":\"Nab\u00edjacia stanica typ 12 je ur\u010den\u00e1 na jednoduch\u00e9 nab\u00edjanie \u201emimo domova\u201c pre v\u00e4\u010d\u0161inu typov elektrick\u00fdch bicyklov.\",\"breadcrumb\":{\"@id\":\"https:\/\/ecoprogress.eu\/de\/produkt\/nabijacia-stanica-typ-12\/#breadcrumb\"},\"inLanguage\":\"de\",\"potentialAction\":[{\"@type\":\"ReadAction\",\"target\":[\"https:\/\/ecoprogress.eu\/de\/produkt\/nabijacia-stanica-typ-12\/\"]}]},{\"@type\":\"ImageObject\",\"inLanguage\":\"de\",\"@id\":\"https:\/\/ecoprogress.eu\/de\/produkt\/nabijacia-stanica-typ-12\/#primaryimage\",\"url\":\"https:\/\/ecoprogress.eu\/wp-content\/uploads\/Nabijacia-stanica-typ-12.png\",\"contentUrl\":\"https:\/\/ecoprogress.eu\/wp-content\/uploads\/Nabijacia-stanica-typ-12.png\",\"width\":600,\"height\":600},{\"@type\":\"BreadcrumbList\",\"@id\":\"https:\/\/ecoprogress.eu\/de\/produkt\/nabijacia-stanica-typ-12\/#breadcrumb\",\"itemListElement\":[{\"@type\":\"ListItem\",\"position\":1,\"name\":\"Produkte\",\"item\":\"https:\/\/ecoprogress.eu\/de\/produkte\/\"},{\"@type\":\"ListItem\",\"position\":2,\"name\":\"Nab\u00edjacia stanica typ 12\"}]},{\"@type\":\"WebSite\",\"@id\":\"https:\/\/ecoprogress.eu\/de\/#website\",\"url\":\"https:\/\/ecoprogress.eu\/de\/\",\"name\":\"Ecoprogress\",\"description\":\"\",\"publisher\":{\"@id\":\"https:\/\/ecoprogress.eu\/de\/#organization\"},\"potentialAction\":[{\"@type\":\"SearchAction\",\"target\":{\"@type\":\"EntryPoint\",\"urlTemplate\":\"https:\/\/ecoprogress.eu\/de\/?s={search_term_string}\"},\"query-input\":{\"@type\":\"PropertyValueSpecification\",\"valueRequired\":true,\"valueName\":\"search_term_string\"}}],\"inLanguage\":\"de\"},{\"@type\":\"Organization\",\"@id\":\"https:\/\/ecoprogress.eu\/de\/#organization\",\"name\":\"Ecoprogress\",\"url\":\"https:\/\/ecoprogress.eu\/de\/\",\"logo\":{\"@type\":\"ImageObject\",\"inLanguage\":\"de\",\"@id\":\"https:\/\/ecoprogress.eu\/de\/#\/schema\/logo\/image\/\",\"url\":\"https:\/\/ecoprogress.eu\/wp-content\/uploads\/logo-2.svg\",\"contentUrl\":\"https:\/\/ecoprogress.eu\/wp-content\/uploads\/logo-2.svg\",\"width\":318,\"height\":349,\"caption\":\"Ecoprogress\"},\"image\":{\"@id\":\"https:\/\/ecoprogress.eu\/de\/#\/schema\/logo\/image\/\"}}]}<\/script>\n<!-- \/ Yoast SEO plugin. -->","yoast_head_json":{"title":"Nab\u00edjacia stanica typ 12 | Ecoprogress","description":"Nab\u00edjacia stanica typ 12 je ur\u010den\u00e1 na jednoduch\u00e9 nab\u00edjanie \u201emimo domova\u201c pre v\u00e4\u010d\u0161inu typov elektrick\u00fdch bicyklov.","robots":{"index":"index","follow":"follow","max-snippet":"max-snippet:-1","max-image-preview":"max-image-preview:large","max-video-preview":"max-video-preview:-1"},"canonical":"https:\/\/ecoprogress.eu\/de\/produkt\/nabijacia-stanica-typ-12\/","og_locale":"de_DE","og_type":"article","og_title":"Nab\u00edjacia stanica typ 12 | Ecoprogress","og_description":"Nab\u00edjacia stanica typ 12 je ur\u010den\u00e1 na jednoduch\u00e9 nab\u00edjanie \u201emimo domova\u201c pre v\u00e4\u010d\u0161inu typov elektrick\u00fdch bicyklov.","og_url":"https:\/\/ecoprogress.eu\/de\/produkt\/nabijacia-stanica-typ-12\/","og_site_name":"Ecoprogress","article_modified_time":"2025-05-13T12:47:52+00:00","og_image":[{"width":600,"height":600,"url":"https:\/\/ecoprogress.eu\/wp-content\/uploads\/Nabijacia-stanica-typ-12.png","type":"image\/png"}],"twitter_card":"summary_large_image","twitter_misc":{"Gesch\u00e4tzte Lesezeit":"1\u00a0Minute"},"schema":{"@context":"https:\/\/schema.org","@graph":[{"@type":"WebPage","@id":"https:\/\/ecoprogress.eu\/de\/produkt\/nabijacia-stanica-typ-12\/","url":"https:\/\/ecoprogress.eu\/de\/produkt\/nabijacia-stanica-typ-12\/","name":"Nab\u00edjacia stanica typ 12 | Ecoprogress","isPartOf":{"@id":"https:\/\/ecoprogress.eu\/de\/#website"},"primaryImageOfPage":{"@id":"https:\/\/ecoprogress.eu\/de\/produkt\/nabijacia-stanica-typ-12\/#primaryimage"},"image":{"@id":"https:\/\/ecoprogress.eu\/de\/produkt\/nabijacia-stanica-typ-12\/#primaryimage"},"thumbnailUrl":"https:\/\/ecoprogress.eu\/wp-content\/uploads\/Nabijacia-stanica-typ-12.png","datePublished":"2024-11-27T11:38:20+00:00","dateModified":"2025-05-13T12:47:52+00:00","description":"Nab\u00edjacia stanica typ 12 je ur\u010den\u00e1 na jednoduch\u00e9 nab\u00edjanie \u201emimo domova\u201c pre v\u00e4\u010d\u0161inu typov elektrick\u00fdch bicyklov.","breadcrumb":{"@id":"https:\/\/ecoprogress.eu\/de\/produkt\/nabijacia-stanica-typ-12\/#breadcrumb"},"inLanguage":"de","potentialAction":[{"@type":"ReadAction","target":["https:\/\/ecoprogress.eu\/de\/produkt\/nabijacia-stanica-typ-12\/"]}]},{"@type":"ImageObject","inLanguage":"de","@id":"https:\/\/ecoprogress.eu\/de\/produkt\/nabijacia-stanica-typ-12\/#primaryimage","url":"https:\/\/ecoprogress.eu\/wp-content\/uploads\/Nabijacia-stanica-typ-12.png","contentUrl":"https:\/\/ecoprogress.eu\/wp-content\/uploads\/Nabijacia-stanica-typ-12.png","width":600,"height":600},{"@type":"BreadcrumbList","@id":"https:\/\/ecoprogress.eu\/de\/produkt\/nabijacia-stanica-typ-12\/#breadcrumb","itemListElement":[{"@type":"ListItem","position":1,"name":"Produkte","item":"https:\/\/ecoprogress.eu\/de\/produkte\/"},{"@type":"ListItem","position":2,"name":"Nab\u00edjacia stanica typ 12"}]},{"@type":"WebSite","@id":"https:\/\/ecoprogress.eu\/de\/#website","url":"https:\/\/ecoprogress.eu\/de\/","name":"Ecoprogress","description":"","publisher":{"@id":"https:\/\/ecoprogress.eu\/de\/#organization"},"potentialAction":[{"@type":"SearchAction","target":{"@type":"EntryPoint","urlTemplate":"https:\/\/ecoprogress.eu\/de\/?s={search_term_string}"},"query-input":{"@type":"PropertyValueSpecification","valueRequired":true,"valueName":"search_term_string"}}],"inLanguage":"de"},{"@type":"Organization","@id":"https:\/\/ecoprogress.eu\/de\/#organization","name":"Ecoprogress","url":"https:\/\/ecoprogress.eu\/de\/","logo":{"@type":"ImageObject","inLanguage":"de","@id":"https:\/\/ecoprogress.eu\/de\/#\/schema\/logo\/image\/","url":"https:\/\/ecoprogress.eu\/wp-content\/uploads\/logo-2.svg","contentUrl":"https:\/\/ecoprogress.eu\/wp-content\/uploads\/logo-2.svg","width":318,"height":349,"caption":"Ecoprogress"},"image":{"@id":"https:\/\/ecoprogress.eu\/de\/#\/schema\/logo\/image\/"}}]}},"_links":{"self":[{"href":"https:\/\/ecoprogress.eu\/de\/wp-json\/wp\/v2\/product\/55363","targetHints":{"allow":["GET"]}}],"collection":[{"href":"https:\/\/ecoprogress.eu\/de\/wp-json\/wp\/v2\/product"}],"about":[{"href":"https:\/\/ecoprogress.eu\/de\/wp-json\/wp\/v2\/types\/product"}],"version-history":[{"count":4,"href":"https:\/\/ecoprogress.eu\/de\/wp-json\/wp\/v2\/product\/55363\/revisions"}],"predecessor-version":[{"id":59875,"href":"https:\/\/ecoprogress.eu\/de\/wp-json\/wp\/v2\/product\/55363\/revisions\/59875"}],"wp:featuredmedia":[{"embeddable":true,"href":"https:\/\/ecoprogress.eu\/de\/wp-json\/wp\/v2\/media\/55435"}],"wp:attachment":[{"href":"https:\/\/ecoprogress.eu\/de\/wp-json\/wp\/v2\/media?parent=55363"}],"wp:term":[{"taxonomy":"product_brand","embeddable":true,"href":"https:\/\/ecoprogress.eu\/de\/wp-json\/wp\/v2\/product_brand?post=55363"},{"taxonomy":"product_cat","embeddable":true,"href":"https:\/\/ecoprogress.eu\/de\/wp-json\/wp\/v2\/product_cat?post=55363"},{"taxonomy":"product_tag","embeddable":true,"href":"https:\/\/ecoprogress.eu\/de\/wp-json\/wp\/v2\/product_tag?post=55363"}],"curies":[{"name":"wp","href":"https:\/\/api.w.org\/{rel}","templated":true}]}}