{"id":55370,"date":"2024-11-27T12:59:09","date_gmt":"2024-11-27T11:59:09","guid":{"rendered":"https:\/\/ecoprogress.eu\/?post_type=product&#038;p=55370"},"modified":"2025-05-13T14:54:37","modified_gmt":"2025-05-13T12:54:37","slug":"box-na-nabijacie-kable-kable","status":"publish","type":"product","link":"https:\/\/ecoprogress.eu\/de\/produkt\/box-na-nabijacie-kable-kable\/","title":{"rendered":"Box na nab\u00edjacie k\u00e1ble + k\u00e1ble"},"content":{"rendered":"<p>Dodanie 4-6 t\u00fd\u017ed\u0148ov (pod\u013ea stavu skladov\u00fdch z\u00e1sob)<\/p>\n<p>H\u013ead\u00e1te rie\u0161enie na zjednodu\u0161enie a zabezpe\u010denie procesu pren\u00e1jmu nab\u00edjac\u00edch k\u00e1blov pre elektrobicykle? N\u00e1\u0161 box na nab\u00edjacie k\u00e1ble pon\u00faka efekt\u00edvne a bezpe\u010dn\u00e9 rie\u0161enie. Tento uzamykate\u013en\u00fd box bezpe\u010dne uchov\u00e1va nab\u00edjacie k\u00e1ble a chr\u00e1ni ich pred kr\u00e1de\u017eou alebo nepriazniv\u00fdmi podmienkami, v\u010faka \u010domu s\u00fa nab\u00edjacie k\u00e1ble v\u017edy k dispoz\u00edcii a z\u00e1kazn\u00edci si m\u00f4\u017eu jednoducho vybra\u0165 a samostatne obsluhova\u0165 nab\u00edjacie k\u00e1ble.<\/p>\n<p>Sortiment pr\u00edslu\u0161enstva pre nab\u00edjacie stanice je navrhnut\u00fd tak, aby sp\u013a\u0148al v\u0161etky va\u0161e potreby t\u00fdkaj\u00face sa nab\u00edjania elektrobicyklov a pokr\u00fdval pribli\u017ene 90 % v\u0161etk\u00fdch elektrobicyklov na trhu. Pon\u00fakame dva typy s\u00fapravy k\u00e1blov &#8211; pre nab\u00edjaciu skri\u0148u 12 (4P) a 13 (6P), ktor\u00e9 s\u00fa prisp\u00f4soben\u00e9 naj\u010dastej\u0161ie pou\u017e\u00edvan\u00fdm typom e-bikov.<\/p>\n","protected":false},"excerpt":{"rendered":"<p>Box na nab\u00edjacie k\u00e1ble pre nab\u00edjaciu stanicu 12 (4P) a 13 (6P) a pr\u00edslu\u0161enstvo v podobe \u0161iestich alebo \u00f4smich skr\u00faten\u00fdch k\u00e1blov, ktor\u00e9 z\u00e1kazn\u00edkom zapo\u017ei\u010diava prev\u00e1dzkovate\u013e nab\u00edjacej stanice.<\/p>\n","protected":false},"featured_media":55415,"template":"","meta":[],"product_brand":[],"product_cat":[330],"product_tag":[],"class_list":{"0":"post-55370","1":"product","2":"type-product","3":"status-publish","4":"has-post-thumbnail","6":"product_cat-elektricke-nabijacie-stanice","7":"product_shipping_class-stojany-pg","9":"first","10":"instock","11":"featured","12":"taxable","13":"shipping-taxable","14":"purchasable","15":"product-type-variable"},"yoast_head":"<!-- This site is optimized with the Yoast SEO plugin v27.2 - https:\/\/yoast.com\/product\/yoast-seo-wordpress\/ -->\n<title>Box na nab\u00edjacie k\u00e1ble + k\u00e1ble | Ecoprogress<\/title>\n<meta name=\"description\" content=\"Box na nab\u00edjacie k\u00e1ble pre nab\u00edjaciu stanicu 12 (4P) a 13 (6P) a pr\u00edslu\u0161enstvo v podobe \u0161iestich alebo \u00f4smich skr\u00faten\u00fdch k\u00e1blov.\" \/>\n<meta name=\"robots\" content=\"index, follow, max-snippet:-1, max-image-preview:large, max-video-preview:-1\" \/>\n<link rel=\"canonical\" href=\"https:\/\/ecoprogress.eu\/de\/produkt\/box-na-nabijacie-kable-kable\/\" \/>\n<meta property=\"og:locale\" content=\"de_DE\" \/>\n<meta property=\"og:type\" content=\"article\" \/>\n<meta property=\"og:title\" content=\"Box na nab\u00edjacie k\u00e1ble + k\u00e1ble | Ecoprogress\" \/>\n<meta property=\"og:description\" content=\"Box na nab\u00edjacie k\u00e1ble pre nab\u00edjaciu stanicu 12 (4P) a 13 (6P) a pr\u00edslu\u0161enstvo v podobe \u0161iestich alebo \u00f4smich skr\u00faten\u00fdch k\u00e1blov.\" \/>\n<meta property=\"og:url\" content=\"https:\/\/ecoprogress.eu\/de\/produkt\/box-na-nabijacie-kable-kable\/\" \/>\n<meta property=\"og:site_name\" content=\"Ecoprogress\" \/>\n<meta property=\"article:modified_time\" content=\"2025-05-13T12:54:37+00:00\" \/>\n<meta property=\"og:image\" content=\"https:\/\/ecoprogress.eu\/wp-content\/uploads\/Box-na-nabijacie-kable-.png\" \/>\n\t<meta property=\"og:image:width\" content=\"514\" \/>\n\t<meta property=\"og:image:height\" content=\"485\" \/>\n\t<meta property=\"og:image:type\" content=\"image\/png\" \/>\n<meta name=\"twitter:card\" content=\"summary_large_image\" \/>\n<meta name=\"twitter:label1\" content=\"Gesch\u00e4tzte Lesezeit\" \/>\n\t<meta name=\"twitter:data1\" content=\"1\u00a0Minute\" \/>\n<script type=\"application\/ld+json\" class=\"yoast-schema-graph\">{\"@context\":\"https:\/\/schema.org\",\"@graph\":[{\"@type\":\"WebPage\",\"@id\":\"https:\/\/ecoprogress.eu\/de\/produkt\/box-na-nabijacie-kable-kable\/\",\"url\":\"https:\/\/ecoprogress.eu\/de\/produkt\/box-na-nabijacie-kable-kable\/\",\"name\":\"Box na nab\u00edjacie k\u00e1ble + k\u00e1ble | Ecoprogress\",\"isPartOf\":{\"@id\":\"https:\/\/ecoprogress.eu\/de\/#website\"},\"primaryImageOfPage\":{\"@id\":\"https:\/\/ecoprogress.eu\/de\/produkt\/box-na-nabijacie-kable-kable\/#primaryimage\"},\"image\":{\"@id\":\"https:\/\/ecoprogress.eu\/de\/produkt\/box-na-nabijacie-kable-kable\/#primaryimage\"},\"thumbnailUrl\":\"https:\/\/ecoprogress.eu\/wp-content\/uploads\/Box-na-nabijacie-kable-.png\",\"datePublished\":\"2024-11-27T11:59:09+00:00\",\"dateModified\":\"2025-05-13T12:54:37+00:00\",\"description\":\"Box na nab\u00edjacie k\u00e1ble pre nab\u00edjaciu stanicu 12 (4P) a 13 (6P) a pr\u00edslu\u0161enstvo v podobe \u0161iestich alebo \u00f4smich skr\u00faten\u00fdch k\u00e1blov.\",\"breadcrumb\":{\"@id\":\"https:\/\/ecoprogress.eu\/de\/produkt\/box-na-nabijacie-kable-kable\/#breadcrumb\"},\"inLanguage\":\"de\",\"potentialAction\":[{\"@type\":\"ReadAction\",\"target\":[\"https:\/\/ecoprogress.eu\/de\/produkt\/box-na-nabijacie-kable-kable\/\"]}]},{\"@type\":\"ImageObject\",\"inLanguage\":\"de\",\"@id\":\"https:\/\/ecoprogress.eu\/de\/produkt\/box-na-nabijacie-kable-kable\/#primaryimage\",\"url\":\"https:\/\/ecoprogress.eu\/wp-content\/uploads\/Box-na-nabijacie-kable-.png\",\"contentUrl\":\"https:\/\/ecoprogress.eu\/wp-content\/uploads\/Box-na-nabijacie-kable-.png\",\"width\":514,\"height\":485},{\"@type\":\"BreadcrumbList\",\"@id\":\"https:\/\/ecoprogress.eu\/de\/produkt\/box-na-nabijacie-kable-kable\/#breadcrumb\",\"itemListElement\":[{\"@type\":\"ListItem\",\"position\":1,\"name\":\"Produkte\",\"item\":\"https:\/\/ecoprogress.eu\/de\/produkte\/\"},{\"@type\":\"ListItem\",\"position\":2,\"name\":\"Box na nab\u00edjacie k\u00e1ble + k\u00e1ble\"}]},{\"@type\":\"WebSite\",\"@id\":\"https:\/\/ecoprogress.eu\/de\/#website\",\"url\":\"https:\/\/ecoprogress.eu\/de\/\",\"name\":\"Ecoprogress\",\"description\":\"\",\"publisher\":{\"@id\":\"https:\/\/ecoprogress.eu\/de\/#organization\"},\"potentialAction\":[{\"@type\":\"SearchAction\",\"target\":{\"@type\":\"EntryPoint\",\"urlTemplate\":\"https:\/\/ecoprogress.eu\/de\/?s={search_term_string}\"},\"query-input\":{\"@type\":\"PropertyValueSpecification\",\"valueRequired\":true,\"valueName\":\"search_term_string\"}}],\"inLanguage\":\"de\"},{\"@type\":\"Organization\",\"@id\":\"https:\/\/ecoprogress.eu\/de\/#organization\",\"name\":\"Ecoprogress\",\"url\":\"https:\/\/ecoprogress.eu\/de\/\",\"logo\":{\"@type\":\"ImageObject\",\"inLanguage\":\"de\",\"@id\":\"https:\/\/ecoprogress.eu\/de\/#\/schema\/logo\/image\/\",\"url\":\"https:\/\/ecoprogress.eu\/wp-content\/uploads\/logo-2.svg\",\"contentUrl\":\"https:\/\/ecoprogress.eu\/wp-content\/uploads\/logo-2.svg\",\"width\":318,\"height\":349,\"caption\":\"Ecoprogress\"},\"image\":{\"@id\":\"https:\/\/ecoprogress.eu\/de\/#\/schema\/logo\/image\/\"}}]}<\/script>\n<!-- \/ Yoast SEO plugin. -->","yoast_head_json":{"title":"Box na nab\u00edjacie k\u00e1ble + k\u00e1ble | Ecoprogress","description":"Box na nab\u00edjacie k\u00e1ble pre nab\u00edjaciu stanicu 12 (4P) a 13 (6P) a pr\u00edslu\u0161enstvo v podobe \u0161iestich alebo \u00f4smich skr\u00faten\u00fdch k\u00e1blov.","robots":{"index":"index","follow":"follow","max-snippet":"max-snippet:-1","max-image-preview":"max-image-preview:large","max-video-preview":"max-video-preview:-1"},"canonical":"https:\/\/ecoprogress.eu\/de\/produkt\/box-na-nabijacie-kable-kable\/","og_locale":"de_DE","og_type":"article","og_title":"Box na nab\u00edjacie k\u00e1ble + k\u00e1ble | Ecoprogress","og_description":"Box na nab\u00edjacie k\u00e1ble pre nab\u00edjaciu stanicu 12 (4P) a 13 (6P) a pr\u00edslu\u0161enstvo v podobe \u0161iestich alebo \u00f4smich skr\u00faten\u00fdch k\u00e1blov.","og_url":"https:\/\/ecoprogress.eu\/de\/produkt\/box-na-nabijacie-kable-kable\/","og_site_name":"Ecoprogress","article_modified_time":"2025-05-13T12:54:37+00:00","og_image":[{"width":514,"height":485,"url":"https:\/\/ecoprogress.eu\/wp-content\/uploads\/Box-na-nabijacie-kable-.png","type":"image\/png"}],"twitter_card":"summary_large_image","twitter_misc":{"Gesch\u00e4tzte Lesezeit":"1\u00a0Minute"},"schema":{"@context":"https:\/\/schema.org","@graph":[{"@type":"WebPage","@id":"https:\/\/ecoprogress.eu\/de\/produkt\/box-na-nabijacie-kable-kable\/","url":"https:\/\/ecoprogress.eu\/de\/produkt\/box-na-nabijacie-kable-kable\/","name":"Box na nab\u00edjacie k\u00e1ble + k\u00e1ble | Ecoprogress","isPartOf":{"@id":"https:\/\/ecoprogress.eu\/de\/#website"},"primaryImageOfPage":{"@id":"https:\/\/ecoprogress.eu\/de\/produkt\/box-na-nabijacie-kable-kable\/#primaryimage"},"image":{"@id":"https:\/\/ecoprogress.eu\/de\/produkt\/box-na-nabijacie-kable-kable\/#primaryimage"},"thumbnailUrl":"https:\/\/ecoprogress.eu\/wp-content\/uploads\/Box-na-nabijacie-kable-.png","datePublished":"2024-11-27T11:59:09+00:00","dateModified":"2025-05-13T12:54:37+00:00","description":"Box na nab\u00edjacie k\u00e1ble pre nab\u00edjaciu stanicu 12 (4P) a 13 (6P) a pr\u00edslu\u0161enstvo v podobe \u0161iestich alebo \u00f4smich skr\u00faten\u00fdch k\u00e1blov.","breadcrumb":{"@id":"https:\/\/ecoprogress.eu\/de\/produkt\/box-na-nabijacie-kable-kable\/#breadcrumb"},"inLanguage":"de","potentialAction":[{"@type":"ReadAction","target":["https:\/\/ecoprogress.eu\/de\/produkt\/box-na-nabijacie-kable-kable\/"]}]},{"@type":"ImageObject","inLanguage":"de","@id":"https:\/\/ecoprogress.eu\/de\/produkt\/box-na-nabijacie-kable-kable\/#primaryimage","url":"https:\/\/ecoprogress.eu\/wp-content\/uploads\/Box-na-nabijacie-kable-.png","contentUrl":"https:\/\/ecoprogress.eu\/wp-content\/uploads\/Box-na-nabijacie-kable-.png","width":514,"height":485},{"@type":"BreadcrumbList","@id":"https:\/\/ecoprogress.eu\/de\/produkt\/box-na-nabijacie-kable-kable\/#breadcrumb","itemListElement":[{"@type":"ListItem","position":1,"name":"Produkte","item":"https:\/\/ecoprogress.eu\/de\/produkte\/"},{"@type":"ListItem","position":2,"name":"Box na nab\u00edjacie k\u00e1ble + k\u00e1ble"}]},{"@type":"WebSite","@id":"https:\/\/ecoprogress.eu\/de\/#website","url":"https:\/\/ecoprogress.eu\/de\/","name":"Ecoprogress","description":"","publisher":{"@id":"https:\/\/ecoprogress.eu\/de\/#organization"},"potentialAction":[{"@type":"SearchAction","target":{"@type":"EntryPoint","urlTemplate":"https:\/\/ecoprogress.eu\/de\/?s={search_term_string}"},"query-input":{"@type":"PropertyValueSpecification","valueRequired":true,"valueName":"search_term_string"}}],"inLanguage":"de"},{"@type":"Organization","@id":"https:\/\/ecoprogress.eu\/de\/#organization","name":"Ecoprogress","url":"https:\/\/ecoprogress.eu\/de\/","logo":{"@type":"ImageObject","inLanguage":"de","@id":"https:\/\/ecoprogress.eu\/de\/#\/schema\/logo\/image\/","url":"https:\/\/ecoprogress.eu\/wp-content\/uploads\/logo-2.svg","contentUrl":"https:\/\/ecoprogress.eu\/wp-content\/uploads\/logo-2.svg","width":318,"height":349,"caption":"Ecoprogress"},"image":{"@id":"https:\/\/ecoprogress.eu\/de\/#\/schema\/logo\/image\/"}}]}},"_links":{"self":[{"href":"https:\/\/ecoprogress.eu\/de\/wp-json\/wp\/v2\/product\/55370","targetHints":{"allow":["GET"]}}],"collection":[{"href":"https:\/\/ecoprogress.eu\/de\/wp-json\/wp\/v2\/product"}],"about":[{"href":"https:\/\/ecoprogress.eu\/de\/wp-json\/wp\/v2\/types\/product"}],"version-history":[{"count":2,"href":"https:\/\/ecoprogress.eu\/de\/wp-json\/wp\/v2\/product\/55370\/revisions"}],"predecessor-version":[{"id":55414,"href":"https:\/\/ecoprogress.eu\/de\/wp-json\/wp\/v2\/product\/55370\/revisions\/55414"}],"wp:featuredmedia":[{"embeddable":true,"href":"https:\/\/ecoprogress.eu\/de\/wp-json\/wp\/v2\/media\/55415"}],"wp:attachment":[{"href":"https:\/\/ecoprogress.eu\/de\/wp-json\/wp\/v2\/media?parent=55370"}],"wp:term":[{"taxonomy":"product_brand","embeddable":true,"href":"https:\/\/ecoprogress.eu\/de\/wp-json\/wp\/v2\/product_brand?post=55370"},{"taxonomy":"product_cat","embeddable":true,"href":"https:\/\/ecoprogress.eu\/de\/wp-json\/wp\/v2\/product_cat?post=55370"},{"taxonomy":"product_tag","embeddable":true,"href":"https:\/\/ecoprogress.eu\/de\/wp-json\/wp\/v2\/product_tag?post=55370"}],"curies":[{"name":"wp","href":"https:\/\/api.w.org\/{rel}","templated":true}]}}