{"id":55373,"date":"2024-11-27T13:00:29","date_gmt":"2024-11-27T12:00:29","guid":{"rendered":"https:\/\/ecoprogress.eu\/?post_type=product&#038;p=55373"},"modified":"2024-11-28T11:48:57","modified_gmt":"2024-11-28T10:48:57","slug":"nabijacia-skrina-pre-nabijanie-baterii","status":"publish","type":"product","link":"https:\/\/ecoprogress.eu\/de\/produkt\/nabijacia-skrina-pre-nabijanie-baterii\/","title":{"rendered":"Nab\u00edjacia skri\u0148a pre nab\u00edjanie bat\u00e9rii"},"content":{"rendered":"<p>Dodanie 4-6 t\u00fd\u017ed\u0148ov (pod\u013ea stavu skladov\u00fdch z\u00e1sob)<\/p>\n<p>Nab\u00edjacia skri\u0148a je ide\u00e1lnym rie\u0161en\u00edm na bezpe\u010dn\u00e9 nab\u00edjanie bat\u00e9ri\u00ed elektrobicyklov na verejn\u00fdch priestranstv\u00e1ch. V\u010faka starostlivo navrhnut\u00fdm k\u00e1blov\u00fdm priechodom a volite\u013en\u00fdm uzamykac\u00edm syst\u00e9mom poskytuje t\u00e1to odoln\u00e1 vonkaj\u0161ia skrinka z pozinkovan\u00e9ho plechu spo\u013eahliv\u00fa ochranu pred poveternostn\u00fdmi vplyvmi. Ka\u017ed\u00e1 skrinka je vybaven\u00e1 230V z\u00e1suvkou a pokro\u010dil\u00fdm chladiacim syst\u00e9mom, ktor\u00fd zabezpe\u010duje efekt\u00edvne a bezpe\u010dn\u00e9 nab\u00edjanie.<\/p>\n","protected":false},"excerpt":{"rendered":"<p>Nab\u00edjacia skri\u0148a pre nab\u00edjanie bat\u00e9rii elektrobicyklov s piatimi uzamykate\u013en\u00fdmi boxmi na maxim\u00e1lne zabezpe\u010denie bat\u00e9ri\u00ed pred okolit\u00fdm prostred\u00edm alebo kr\u00e1de\u017eou.<\/p>\n","protected":false},"featured_media":55425,"template":"","meta":[],"product_brand":[],"product_cat":[330,659],"product_tag":[],"class_list":{"0":"post-55373","1":"product","2":"type-product","3":"status-publish","4":"has-post-thumbnail","6":"product_cat-elektricke-nabijacie-stanice","7":"product_cat-ocelovy-mobiliar","8":"product_shipping_class-stojany-pg","10":"first","11":"instock","12":"featured","13":"taxable","14":"shipping-taxable","15":"product-type-simple"},"yoast_head":"<!-- This site is optimized with the Yoast SEO plugin v27.2 - https:\/\/yoast.com\/product\/yoast-seo-wordpress\/ -->\n<title>Nab\u00edjacia skri\u0148a pre nab\u00edjanie bat\u00e9rii | Ecoprogress<\/title>\n<meta name=\"description\" content=\"Nab\u00edjacia skri\u0148a pre nab\u00edjanie bat\u00e9rii elektrobicyklov s piatimi uzamykate\u013en\u00fdmi boxmi na maxim\u00e1lne zabezpe\u010denie bat\u00e9ri\u00ed pred okolit\u00fdm prostred\u00edm alebo kr\u00e1de\u017eou.\" \/>\n<meta name=\"robots\" content=\"index, follow, max-snippet:-1, max-image-preview:large, max-video-preview:-1\" \/>\n<link rel=\"canonical\" href=\"https:\/\/ecoprogress.eu\/de\/produkt\/nabijacia-skrina-pre-nabijanie-baterii\/\" \/>\n<meta property=\"og:locale\" content=\"de_DE\" \/>\n<meta property=\"og:type\" content=\"article\" \/>\n<meta property=\"og:title\" content=\"Nab\u00edjacia skri\u0148a pre nab\u00edjanie bat\u00e9rii | Ecoprogress\" \/>\n<meta property=\"og:description\" content=\"Nab\u00edjacia skri\u0148a pre nab\u00edjanie bat\u00e9rii elektrobicyklov s piatimi uzamykate\u013en\u00fdmi boxmi na maxim\u00e1lne zabezpe\u010denie bat\u00e9ri\u00ed pred okolit\u00fdm prostred\u00edm alebo kr\u00e1de\u017eou.\" \/>\n<meta property=\"og:url\" content=\"https:\/\/ecoprogress.eu\/de\/produkt\/nabijacia-skrina-pre-nabijanie-baterii\/\" \/>\n<meta property=\"og:site_name\" content=\"Ecoprogress\" \/>\n<meta property=\"article:modified_time\" content=\"2024-11-28T10:48:57+00:00\" \/>\n<meta property=\"og:image\" content=\"https:\/\/ecoprogress.eu\/wp-content\/uploads\/Nabijacia-skrina-pre-nabijanie-baterii.jpg\" \/>\n\t<meta property=\"og:image:width\" content=\"1200\" \/>\n\t<meta property=\"og:image:height\" content=\"1200\" \/>\n\t<meta property=\"og:image:type\" content=\"image\/jpeg\" \/>\n<meta name=\"twitter:card\" content=\"summary_large_image\" \/>\n<meta name=\"twitter:label1\" content=\"Gesch\u00e4tzte Lesezeit\" \/>\n\t<meta name=\"twitter:data1\" content=\"1\u00a0Minute\" \/>\n<script type=\"application\/ld+json\" class=\"yoast-schema-graph\">{\"@context\":\"https:\/\/schema.org\",\"@graph\":[{\"@type\":\"WebPage\",\"@id\":\"https:\/\/ecoprogress.eu\/de\/produkt\/nabijacia-skrina-pre-nabijanie-baterii\/\",\"url\":\"https:\/\/ecoprogress.eu\/de\/produkt\/nabijacia-skrina-pre-nabijanie-baterii\/\",\"name\":\"Nab\u00edjacia skri\u0148a pre nab\u00edjanie bat\u00e9rii | Ecoprogress\",\"isPartOf\":{\"@id\":\"https:\/\/ecoprogress.eu\/de\/#website\"},\"primaryImageOfPage\":{\"@id\":\"https:\/\/ecoprogress.eu\/de\/produkt\/nabijacia-skrina-pre-nabijanie-baterii\/#primaryimage\"},\"image\":{\"@id\":\"https:\/\/ecoprogress.eu\/de\/produkt\/nabijacia-skrina-pre-nabijanie-baterii\/#primaryimage\"},\"thumbnailUrl\":\"https:\/\/ecoprogress.eu\/wp-content\/uploads\/Nabijacia-skrina-pre-nabijanie-baterii.jpg\",\"datePublished\":\"2024-11-27T12:00:29+00:00\",\"dateModified\":\"2024-11-28T10:48:57+00:00\",\"description\":\"Nab\u00edjacia skri\u0148a pre nab\u00edjanie bat\u00e9rii elektrobicyklov s piatimi uzamykate\u013en\u00fdmi boxmi na maxim\u00e1lne zabezpe\u010denie bat\u00e9ri\u00ed pred okolit\u00fdm prostred\u00edm alebo kr\u00e1de\u017eou.\",\"breadcrumb\":{\"@id\":\"https:\/\/ecoprogress.eu\/de\/produkt\/nabijacia-skrina-pre-nabijanie-baterii\/#breadcrumb\"},\"inLanguage\":\"de\",\"potentialAction\":[{\"@type\":\"ReadAction\",\"target\":[\"https:\/\/ecoprogress.eu\/de\/produkt\/nabijacia-skrina-pre-nabijanie-baterii\/\"]}]},{\"@type\":\"ImageObject\",\"inLanguage\":\"de\",\"@id\":\"https:\/\/ecoprogress.eu\/de\/produkt\/nabijacia-skrina-pre-nabijanie-baterii\/#primaryimage\",\"url\":\"https:\/\/ecoprogress.eu\/wp-content\/uploads\/Nabijacia-skrina-pre-nabijanie-baterii.jpg\",\"contentUrl\":\"https:\/\/ecoprogress.eu\/wp-content\/uploads\/Nabijacia-skrina-pre-nabijanie-baterii.jpg\",\"width\":1200,\"height\":1200},{\"@type\":\"BreadcrumbList\",\"@id\":\"https:\/\/ecoprogress.eu\/de\/produkt\/nabijacia-skrina-pre-nabijanie-baterii\/#breadcrumb\",\"itemListElement\":[{\"@type\":\"ListItem\",\"position\":1,\"name\":\"Produkte\",\"item\":\"https:\/\/ecoprogress.eu\/de\/produkte\/\"},{\"@type\":\"ListItem\",\"position\":2,\"name\":\"Nab\u00edjacia skri\u0148a pre nab\u00edjanie bat\u00e9rii\"}]},{\"@type\":\"WebSite\",\"@id\":\"https:\/\/ecoprogress.eu\/de\/#website\",\"url\":\"https:\/\/ecoprogress.eu\/de\/\",\"name\":\"Ecoprogress\",\"description\":\"\",\"publisher\":{\"@id\":\"https:\/\/ecoprogress.eu\/de\/#organization\"},\"potentialAction\":[{\"@type\":\"SearchAction\",\"target\":{\"@type\":\"EntryPoint\",\"urlTemplate\":\"https:\/\/ecoprogress.eu\/de\/?s={search_term_string}\"},\"query-input\":{\"@type\":\"PropertyValueSpecification\",\"valueRequired\":true,\"valueName\":\"search_term_string\"}}],\"inLanguage\":\"de\"},{\"@type\":\"Organization\",\"@id\":\"https:\/\/ecoprogress.eu\/de\/#organization\",\"name\":\"Ecoprogress\",\"url\":\"https:\/\/ecoprogress.eu\/de\/\",\"logo\":{\"@type\":\"ImageObject\",\"inLanguage\":\"de\",\"@id\":\"https:\/\/ecoprogress.eu\/de\/#\/schema\/logo\/image\/\",\"url\":\"https:\/\/ecoprogress.eu\/wp-content\/uploads\/logo-2.svg\",\"contentUrl\":\"https:\/\/ecoprogress.eu\/wp-content\/uploads\/logo-2.svg\",\"width\":318,\"height\":349,\"caption\":\"Ecoprogress\"},\"image\":{\"@id\":\"https:\/\/ecoprogress.eu\/de\/#\/schema\/logo\/image\/\"}}]}<\/script>\n<!-- \/ Yoast SEO plugin. -->","yoast_head_json":{"title":"Nab\u00edjacia skri\u0148a pre nab\u00edjanie bat\u00e9rii | Ecoprogress","description":"Nab\u00edjacia skri\u0148a pre nab\u00edjanie bat\u00e9rii elektrobicyklov s piatimi uzamykate\u013en\u00fdmi boxmi na maxim\u00e1lne zabezpe\u010denie bat\u00e9ri\u00ed pred okolit\u00fdm prostred\u00edm alebo kr\u00e1de\u017eou.","robots":{"index":"index","follow":"follow","max-snippet":"max-snippet:-1","max-image-preview":"max-image-preview:large","max-video-preview":"max-video-preview:-1"},"canonical":"https:\/\/ecoprogress.eu\/de\/produkt\/nabijacia-skrina-pre-nabijanie-baterii\/","og_locale":"de_DE","og_type":"article","og_title":"Nab\u00edjacia skri\u0148a pre nab\u00edjanie bat\u00e9rii | Ecoprogress","og_description":"Nab\u00edjacia skri\u0148a pre nab\u00edjanie bat\u00e9rii elektrobicyklov s piatimi uzamykate\u013en\u00fdmi boxmi na maxim\u00e1lne zabezpe\u010denie bat\u00e9ri\u00ed pred okolit\u00fdm prostred\u00edm alebo kr\u00e1de\u017eou.","og_url":"https:\/\/ecoprogress.eu\/de\/produkt\/nabijacia-skrina-pre-nabijanie-baterii\/","og_site_name":"Ecoprogress","article_modified_time":"2024-11-28T10:48:57+00:00","og_image":[{"width":1200,"height":1200,"url":"https:\/\/ecoprogress.eu\/wp-content\/uploads\/Nabijacia-skrina-pre-nabijanie-baterii.jpg","type":"image\/jpeg"}],"twitter_card":"summary_large_image","twitter_misc":{"Gesch\u00e4tzte Lesezeit":"1\u00a0Minute"},"schema":{"@context":"https:\/\/schema.org","@graph":[{"@type":"WebPage","@id":"https:\/\/ecoprogress.eu\/de\/produkt\/nabijacia-skrina-pre-nabijanie-baterii\/","url":"https:\/\/ecoprogress.eu\/de\/produkt\/nabijacia-skrina-pre-nabijanie-baterii\/","name":"Nab\u00edjacia skri\u0148a pre nab\u00edjanie bat\u00e9rii | Ecoprogress","isPartOf":{"@id":"https:\/\/ecoprogress.eu\/de\/#website"},"primaryImageOfPage":{"@id":"https:\/\/ecoprogress.eu\/de\/produkt\/nabijacia-skrina-pre-nabijanie-baterii\/#primaryimage"},"image":{"@id":"https:\/\/ecoprogress.eu\/de\/produkt\/nabijacia-skrina-pre-nabijanie-baterii\/#primaryimage"},"thumbnailUrl":"https:\/\/ecoprogress.eu\/wp-content\/uploads\/Nabijacia-skrina-pre-nabijanie-baterii.jpg","datePublished":"2024-11-27T12:00:29+00:00","dateModified":"2024-11-28T10:48:57+00:00","description":"Nab\u00edjacia skri\u0148a pre nab\u00edjanie bat\u00e9rii elektrobicyklov s piatimi uzamykate\u013en\u00fdmi boxmi na maxim\u00e1lne zabezpe\u010denie bat\u00e9ri\u00ed pred okolit\u00fdm prostred\u00edm alebo kr\u00e1de\u017eou.","breadcrumb":{"@id":"https:\/\/ecoprogress.eu\/de\/produkt\/nabijacia-skrina-pre-nabijanie-baterii\/#breadcrumb"},"inLanguage":"de","potentialAction":[{"@type":"ReadAction","target":["https:\/\/ecoprogress.eu\/de\/produkt\/nabijacia-skrina-pre-nabijanie-baterii\/"]}]},{"@type":"ImageObject","inLanguage":"de","@id":"https:\/\/ecoprogress.eu\/de\/produkt\/nabijacia-skrina-pre-nabijanie-baterii\/#primaryimage","url":"https:\/\/ecoprogress.eu\/wp-content\/uploads\/Nabijacia-skrina-pre-nabijanie-baterii.jpg","contentUrl":"https:\/\/ecoprogress.eu\/wp-content\/uploads\/Nabijacia-skrina-pre-nabijanie-baterii.jpg","width":1200,"height":1200},{"@type":"BreadcrumbList","@id":"https:\/\/ecoprogress.eu\/de\/produkt\/nabijacia-skrina-pre-nabijanie-baterii\/#breadcrumb","itemListElement":[{"@type":"ListItem","position":1,"name":"Produkte","item":"https:\/\/ecoprogress.eu\/de\/produkte\/"},{"@type":"ListItem","position":2,"name":"Nab\u00edjacia skri\u0148a pre nab\u00edjanie bat\u00e9rii"}]},{"@type":"WebSite","@id":"https:\/\/ecoprogress.eu\/de\/#website","url":"https:\/\/ecoprogress.eu\/de\/","name":"Ecoprogress","description":"","publisher":{"@id":"https:\/\/ecoprogress.eu\/de\/#organization"},"potentialAction":[{"@type":"SearchAction","target":{"@type":"EntryPoint","urlTemplate":"https:\/\/ecoprogress.eu\/de\/?s={search_term_string}"},"query-input":{"@type":"PropertyValueSpecification","valueRequired":true,"valueName":"search_term_string"}}],"inLanguage":"de"},{"@type":"Organization","@id":"https:\/\/ecoprogress.eu\/de\/#organization","name":"Ecoprogress","url":"https:\/\/ecoprogress.eu\/de\/","logo":{"@type":"ImageObject","inLanguage":"de","@id":"https:\/\/ecoprogress.eu\/de\/#\/schema\/logo\/image\/","url":"https:\/\/ecoprogress.eu\/wp-content\/uploads\/logo-2.svg","contentUrl":"https:\/\/ecoprogress.eu\/wp-content\/uploads\/logo-2.svg","width":318,"height":349,"caption":"Ecoprogress"},"image":{"@id":"https:\/\/ecoprogress.eu\/de\/#\/schema\/logo\/image\/"}}]}},"_links":{"self":[{"href":"https:\/\/ecoprogress.eu\/de\/wp-json\/wp\/v2\/product\/55373","targetHints":{"allow":["GET"]}}],"collection":[{"href":"https:\/\/ecoprogress.eu\/de\/wp-json\/wp\/v2\/product"}],"about":[{"href":"https:\/\/ecoprogress.eu\/de\/wp-json\/wp\/v2\/types\/product"}],"version-history":[{"count":3,"href":"https:\/\/ecoprogress.eu\/de\/wp-json\/wp\/v2\/product\/55373\/revisions"}],"predecessor-version":[{"id":55408,"href":"https:\/\/ecoprogress.eu\/de\/wp-json\/wp\/v2\/product\/55373\/revisions\/55408"}],"wp:featuredmedia":[{"embeddable":true,"href":"https:\/\/ecoprogress.eu\/de\/wp-json\/wp\/v2\/media\/55425"}],"wp:attachment":[{"href":"https:\/\/ecoprogress.eu\/de\/wp-json\/wp\/v2\/media?parent=55373"}],"wp:term":[{"taxonomy":"product_brand","embeddable":true,"href":"https:\/\/ecoprogress.eu\/de\/wp-json\/wp\/v2\/product_brand?post=55373"},{"taxonomy":"product_cat","embeddable":true,"href":"https:\/\/ecoprogress.eu\/de\/wp-json\/wp\/v2\/product_cat?post=55373"},{"taxonomy":"product_tag","embeddable":true,"href":"https:\/\/ecoprogress.eu\/de\/wp-json\/wp\/v2\/product_tag?post=55373"}],"curies":[{"name":"wp","href":"https:\/\/api.w.org\/{rel}","templated":true}]}}