{"id":55582,"date":"2024-12-12T11:26:11","date_gmt":"2024-12-12T10:26:11","guid":{"rendered":"https:\/\/ecoprogress.eu\/?post_type=product&#038;p=55582"},"modified":"2025-02-26T11:25:20","modified_gmt":"2025-02-26T10:25:20","slug":"pristresok-pre-30-bicyklov-s-fajciarskym-pristreskom","status":"publish","type":"product","link":"https:\/\/ecoprogress.eu\/de\/produkt\/pristresok-pre-30-bicyklov-s-fajciarskym-pristreskom\/","title":{"rendered":"Pr\u00edstre\u0161ok pre 30 bicyklov s faj\u010diarskym pr\u00edstre\u0161kom"},"content":{"rendered":"<p>Dodanie 4-6 t\u00fd\u017ed\u0148ov (pod\u013ea stavu skladov\u00fdch z\u00e1sob)<\/p>\n<p>&nbsp;<\/p>\n\n<table id=\"tablepress-3215\" class=\"tablepress tablepress-id-3215\">\n<tbody class=\"row-striping row-hover\">\n<tr class=\"row-1\">\n\t<td class=\"column-1\">\u0161\u00edrka <\/td><td class=\"column-2\">1470 cm<\/td>\n<\/tr>\n<tr class=\"row-2\">\n\t<td class=\"column-1\">v\u00fd\u0161ka<\/td><td class=\"column-2\">232 cm<\/td>\n<\/tr>\n<tr class=\"row-3\">\n\t<td class=\"column-1\">h\u013abka<\/td><td class=\"column-2\">220 cm<\/td>\n<\/tr>\n<tr class=\"row-4\">\n\t<td class=\"column-1\">materi\u00e1l<\/td><td class=\"column-2\">oce\u013e, <br \/>\nbunkov\u00fd polykarbon\u00e1t - prieh\u013eadn\u00fd 0,8 cm<\/td>\n<\/tr>\n<tr class=\"row-5\">\n\t<td class=\"column-1\">profil<\/td><td class=\"column-2\">60x60x3mm, 80x60x3mm, 60x60x3mm, 60x30x3mm <\/td>\n<\/tr>\n<\/tbody>\n<\/table>\n\n","protected":false},"excerpt":{"rendered":"<p>Pr\u00edstre\u0161ok pre 30 bicyklov s faj\u010diarskym pr\u00edstre\u0161kom poskytuje pr\u00edstre\u0161ie pre 30 bicyklov. M\u00e1 bo\u010dn\u00e9 a zadn\u00e9 steny, ktor\u00e9 poskytuj\u00fa dodato\u010dn\u00fa ochranu bicyklov. Okrem toho je vybaven\u00fd priestorom na faj\u010denie. Faj\u010diarsky priestor je vybaven\u00fd opierkou pre faj\u010diarov.<\/p>\n","protected":false},"featured_media":55913,"template":"","meta":[],"product_brand":[],"product_cat":[158,755],"product_tag":[],"class_list":{"0":"post-55582","1":"product","2":"type-product","3":"status-publish","4":"has-post-thumbnail","6":"product_cat-otvorene-pristresky","7":"product_cat-pristresky-pre-bicykle","8":"product_shipping_class-pristresky","10":"first","11":"instock","12":"featured","13":"taxable","14":"shipping-taxable","15":"purchasable","16":"product-type-variable"},"yoast_head":"<!-- This site is optimized with the Yoast SEO plugin v27.2 - https:\/\/yoast.com\/product\/yoast-seo-wordpress\/ -->\n<title>Pr\u00edstre\u0161ok pre 30 bicyklov s faj\u010diarskym pr\u00edstre\u0161kom | Ecoprogress<\/title>\n<meta name=\"description\" content=\"Pr\u00edstre\u0161ok pre 30 bicyklov s faj\u010diarskym pr\u00edstre\u0161kom poskytuje pr\u00edstre\u0161ie pre 30 bicyklov. M\u00e1 bo\u010dn\u00e9 a zadn\u00e9 steny.\" \/>\n<meta name=\"robots\" content=\"index, follow, max-snippet:-1, max-image-preview:large, max-video-preview:-1\" \/>\n<link rel=\"canonical\" href=\"https:\/\/ecoprogress.eu\/de\/produkt\/pristresok-pre-30-bicyklov-s-fajciarskym-pristreskom\/\" \/>\n<meta property=\"og:locale\" content=\"de_DE\" \/>\n<meta property=\"og:type\" content=\"article\" \/>\n<meta property=\"og:title\" content=\"Pr\u00edstre\u0161ok pre 30 bicyklov s faj\u010diarskym pr\u00edstre\u0161kom | Ecoprogress\" \/>\n<meta property=\"og:description\" content=\"Pr\u00edstre\u0161ok pre 30 bicyklov s faj\u010diarskym pr\u00edstre\u0161kom poskytuje pr\u00edstre\u0161ie pre 30 bicyklov. M\u00e1 bo\u010dn\u00e9 a zadn\u00e9 steny.\" \/>\n<meta property=\"og:url\" content=\"https:\/\/ecoprogress.eu\/de\/produkt\/pristresok-pre-30-bicyklov-s-fajciarskym-pristreskom\/\" \/>\n<meta property=\"og:site_name\" content=\"Ecoprogress\" \/>\n<meta property=\"article:modified_time\" content=\"2025-02-26T10:25:20+00:00\" \/>\n<meta property=\"og:image\" content=\"https:\/\/ecoprogress.eu\/wp-content\/uploads\/pristresok-30-fajciarsky.webp\" \/>\n\t<meta property=\"og:image:width\" content=\"800\" \/>\n\t<meta property=\"og:image:height\" content=\"600\" \/>\n\t<meta property=\"og:image:type\" content=\"image\/webp\" \/>\n<meta name=\"twitter:card\" content=\"summary_large_image\" \/>\n<meta name=\"twitter:label1\" content=\"Gesch\u00e4tzte Lesezeit\" \/>\n\t<meta name=\"twitter:data1\" content=\"1\u00a0Minute\" \/>\n<script type=\"application\/ld+json\" class=\"yoast-schema-graph\">{\"@context\":\"https:\/\/schema.org\",\"@graph\":[{\"@type\":\"WebPage\",\"@id\":\"https:\/\/ecoprogress.eu\/de\/produkt\/pristresok-pre-30-bicyklov-s-fajciarskym-pristreskom\/\",\"url\":\"https:\/\/ecoprogress.eu\/de\/produkt\/pristresok-pre-30-bicyklov-s-fajciarskym-pristreskom\/\",\"name\":\"Pr\u00edstre\u0161ok pre 30 bicyklov s faj\u010diarskym pr\u00edstre\u0161kom | Ecoprogress\",\"isPartOf\":{\"@id\":\"https:\/\/ecoprogress.eu\/de\/#website\"},\"primaryImageOfPage\":{\"@id\":\"https:\/\/ecoprogress.eu\/de\/produkt\/pristresok-pre-30-bicyklov-s-fajciarskym-pristreskom\/#primaryimage\"},\"image\":{\"@id\":\"https:\/\/ecoprogress.eu\/de\/produkt\/pristresok-pre-30-bicyklov-s-fajciarskym-pristreskom\/#primaryimage\"},\"thumbnailUrl\":\"https:\/\/ecoprogress.eu\/wp-content\/uploads\/pristresok-30-fajciarsky.webp\",\"datePublished\":\"2024-12-12T10:26:11+00:00\",\"dateModified\":\"2025-02-26T10:25:20+00:00\",\"description\":\"Pr\u00edstre\u0161ok pre 30 bicyklov s faj\u010diarskym pr\u00edstre\u0161kom poskytuje pr\u00edstre\u0161ie pre 30 bicyklov. M\u00e1 bo\u010dn\u00e9 a zadn\u00e9 steny.\",\"breadcrumb\":{\"@id\":\"https:\/\/ecoprogress.eu\/de\/produkt\/pristresok-pre-30-bicyklov-s-fajciarskym-pristreskom\/#breadcrumb\"},\"inLanguage\":\"de\",\"potentialAction\":[{\"@type\":\"ReadAction\",\"target\":[\"https:\/\/ecoprogress.eu\/de\/produkt\/pristresok-pre-30-bicyklov-s-fajciarskym-pristreskom\/\"]}]},{\"@type\":\"ImageObject\",\"inLanguage\":\"de\",\"@id\":\"https:\/\/ecoprogress.eu\/de\/produkt\/pristresok-pre-30-bicyklov-s-fajciarskym-pristreskom\/#primaryimage\",\"url\":\"https:\/\/ecoprogress.eu\/wp-content\/uploads\/pristresok-30-fajciarsky.webp\",\"contentUrl\":\"https:\/\/ecoprogress.eu\/wp-content\/uploads\/pristresok-30-fajciarsky.webp\",\"width\":800,\"height\":600},{\"@type\":\"BreadcrumbList\",\"@id\":\"https:\/\/ecoprogress.eu\/de\/produkt\/pristresok-pre-30-bicyklov-s-fajciarskym-pristreskom\/#breadcrumb\",\"itemListElement\":[{\"@type\":\"ListItem\",\"position\":1,\"name\":\"Produkte\",\"item\":\"https:\/\/ecoprogress.eu\/de\/produkte\/\"},{\"@type\":\"ListItem\",\"position\":2,\"name\":\"Pr\u00edstre\u0161ok pre 30 bicyklov s faj\u010diarskym pr\u00edstre\u0161kom\"}]},{\"@type\":\"WebSite\",\"@id\":\"https:\/\/ecoprogress.eu\/de\/#website\",\"url\":\"https:\/\/ecoprogress.eu\/de\/\",\"name\":\"Ecoprogress\",\"description\":\"\",\"publisher\":{\"@id\":\"https:\/\/ecoprogress.eu\/de\/#organization\"},\"potentialAction\":[{\"@type\":\"SearchAction\",\"target\":{\"@type\":\"EntryPoint\",\"urlTemplate\":\"https:\/\/ecoprogress.eu\/de\/?s={search_term_string}\"},\"query-input\":{\"@type\":\"PropertyValueSpecification\",\"valueRequired\":true,\"valueName\":\"search_term_string\"}}],\"inLanguage\":\"de\"},{\"@type\":\"Organization\",\"@id\":\"https:\/\/ecoprogress.eu\/de\/#organization\",\"name\":\"Ecoprogress\",\"url\":\"https:\/\/ecoprogress.eu\/de\/\",\"logo\":{\"@type\":\"ImageObject\",\"inLanguage\":\"de\",\"@id\":\"https:\/\/ecoprogress.eu\/de\/#\/schema\/logo\/image\/\",\"url\":\"https:\/\/ecoprogress.eu\/wp-content\/uploads\/logo-2.svg\",\"contentUrl\":\"https:\/\/ecoprogress.eu\/wp-content\/uploads\/logo-2.svg\",\"width\":318,\"height\":349,\"caption\":\"Ecoprogress\"},\"image\":{\"@id\":\"https:\/\/ecoprogress.eu\/de\/#\/schema\/logo\/image\/\"}}]}<\/script>\n<!-- \/ Yoast SEO plugin. -->","yoast_head_json":{"title":"Pr\u00edstre\u0161ok pre 30 bicyklov s faj\u010diarskym pr\u00edstre\u0161kom | Ecoprogress","description":"Pr\u00edstre\u0161ok pre 30 bicyklov s faj\u010diarskym pr\u00edstre\u0161kom poskytuje pr\u00edstre\u0161ie pre 30 bicyklov. M\u00e1 bo\u010dn\u00e9 a zadn\u00e9 steny.","robots":{"index":"index","follow":"follow","max-snippet":"max-snippet:-1","max-image-preview":"max-image-preview:large","max-video-preview":"max-video-preview:-1"},"canonical":"https:\/\/ecoprogress.eu\/de\/produkt\/pristresok-pre-30-bicyklov-s-fajciarskym-pristreskom\/","og_locale":"de_DE","og_type":"article","og_title":"Pr\u00edstre\u0161ok pre 30 bicyklov s faj\u010diarskym pr\u00edstre\u0161kom | Ecoprogress","og_description":"Pr\u00edstre\u0161ok pre 30 bicyklov s faj\u010diarskym pr\u00edstre\u0161kom poskytuje pr\u00edstre\u0161ie pre 30 bicyklov. M\u00e1 bo\u010dn\u00e9 a zadn\u00e9 steny.","og_url":"https:\/\/ecoprogress.eu\/de\/produkt\/pristresok-pre-30-bicyklov-s-fajciarskym-pristreskom\/","og_site_name":"Ecoprogress","article_modified_time":"2025-02-26T10:25:20+00:00","og_image":[{"width":800,"height":600,"url":"https:\/\/ecoprogress.eu\/wp-content\/uploads\/pristresok-30-fajciarsky.webp","type":"image\/webp"}],"twitter_card":"summary_large_image","twitter_misc":{"Gesch\u00e4tzte Lesezeit":"1\u00a0Minute"},"schema":{"@context":"https:\/\/schema.org","@graph":[{"@type":"WebPage","@id":"https:\/\/ecoprogress.eu\/de\/produkt\/pristresok-pre-30-bicyklov-s-fajciarskym-pristreskom\/","url":"https:\/\/ecoprogress.eu\/de\/produkt\/pristresok-pre-30-bicyklov-s-fajciarskym-pristreskom\/","name":"Pr\u00edstre\u0161ok pre 30 bicyklov s faj\u010diarskym pr\u00edstre\u0161kom | Ecoprogress","isPartOf":{"@id":"https:\/\/ecoprogress.eu\/de\/#website"},"primaryImageOfPage":{"@id":"https:\/\/ecoprogress.eu\/de\/produkt\/pristresok-pre-30-bicyklov-s-fajciarskym-pristreskom\/#primaryimage"},"image":{"@id":"https:\/\/ecoprogress.eu\/de\/produkt\/pristresok-pre-30-bicyklov-s-fajciarskym-pristreskom\/#primaryimage"},"thumbnailUrl":"https:\/\/ecoprogress.eu\/wp-content\/uploads\/pristresok-30-fajciarsky.webp","datePublished":"2024-12-12T10:26:11+00:00","dateModified":"2025-02-26T10:25:20+00:00","description":"Pr\u00edstre\u0161ok pre 30 bicyklov s faj\u010diarskym pr\u00edstre\u0161kom poskytuje pr\u00edstre\u0161ie pre 30 bicyklov. M\u00e1 bo\u010dn\u00e9 a zadn\u00e9 steny.","breadcrumb":{"@id":"https:\/\/ecoprogress.eu\/de\/produkt\/pristresok-pre-30-bicyklov-s-fajciarskym-pristreskom\/#breadcrumb"},"inLanguage":"de","potentialAction":[{"@type":"ReadAction","target":["https:\/\/ecoprogress.eu\/de\/produkt\/pristresok-pre-30-bicyklov-s-fajciarskym-pristreskom\/"]}]},{"@type":"ImageObject","inLanguage":"de","@id":"https:\/\/ecoprogress.eu\/de\/produkt\/pristresok-pre-30-bicyklov-s-fajciarskym-pristreskom\/#primaryimage","url":"https:\/\/ecoprogress.eu\/wp-content\/uploads\/pristresok-30-fajciarsky.webp","contentUrl":"https:\/\/ecoprogress.eu\/wp-content\/uploads\/pristresok-30-fajciarsky.webp","width":800,"height":600},{"@type":"BreadcrumbList","@id":"https:\/\/ecoprogress.eu\/de\/produkt\/pristresok-pre-30-bicyklov-s-fajciarskym-pristreskom\/#breadcrumb","itemListElement":[{"@type":"ListItem","position":1,"name":"Produkte","item":"https:\/\/ecoprogress.eu\/de\/produkte\/"},{"@type":"ListItem","position":2,"name":"Pr\u00edstre\u0161ok pre 30 bicyklov s faj\u010diarskym pr\u00edstre\u0161kom"}]},{"@type":"WebSite","@id":"https:\/\/ecoprogress.eu\/de\/#website","url":"https:\/\/ecoprogress.eu\/de\/","name":"Ecoprogress","description":"","publisher":{"@id":"https:\/\/ecoprogress.eu\/de\/#organization"},"potentialAction":[{"@type":"SearchAction","target":{"@type":"EntryPoint","urlTemplate":"https:\/\/ecoprogress.eu\/de\/?s={search_term_string}"},"query-input":{"@type":"PropertyValueSpecification","valueRequired":true,"valueName":"search_term_string"}}],"inLanguage":"de"},{"@type":"Organization","@id":"https:\/\/ecoprogress.eu\/de\/#organization","name":"Ecoprogress","url":"https:\/\/ecoprogress.eu\/de\/","logo":{"@type":"ImageObject","inLanguage":"de","@id":"https:\/\/ecoprogress.eu\/de\/#\/schema\/logo\/image\/","url":"https:\/\/ecoprogress.eu\/wp-content\/uploads\/logo-2.svg","contentUrl":"https:\/\/ecoprogress.eu\/wp-content\/uploads\/logo-2.svg","width":318,"height":349,"caption":"Ecoprogress"},"image":{"@id":"https:\/\/ecoprogress.eu\/de\/#\/schema\/logo\/image\/"}}]}},"_links":{"self":[{"href":"https:\/\/ecoprogress.eu\/de\/wp-json\/wp\/v2\/product\/55582","targetHints":{"allow":["GET"]}}],"collection":[{"href":"https:\/\/ecoprogress.eu\/de\/wp-json\/wp\/v2\/product"}],"about":[{"href":"https:\/\/ecoprogress.eu\/de\/wp-json\/wp\/v2\/types\/product"}],"version-history":[{"count":1,"href":"https:\/\/ecoprogress.eu\/de\/wp-json\/wp\/v2\/product\/55582\/revisions"}],"predecessor-version":[{"id":55622,"href":"https:\/\/ecoprogress.eu\/de\/wp-json\/wp\/v2\/product\/55582\/revisions\/55622"}],"wp:featuredmedia":[{"embeddable":true,"href":"https:\/\/ecoprogress.eu\/de\/wp-json\/wp\/v2\/media\/55913"}],"wp:attachment":[{"href":"https:\/\/ecoprogress.eu\/de\/wp-json\/wp\/v2\/media?parent=55582"}],"wp:term":[{"taxonomy":"product_brand","embeddable":true,"href":"https:\/\/ecoprogress.eu\/de\/wp-json\/wp\/v2\/product_brand?post=55582"},{"taxonomy":"product_cat","embeddable":true,"href":"https:\/\/ecoprogress.eu\/de\/wp-json\/wp\/v2\/product_cat?post=55582"},{"taxonomy":"product_tag","embeddable":true,"href":"https:\/\/ecoprogress.eu\/de\/wp-json\/wp\/v2\/product_tag?post=55582"}],"curies":[{"name":"wp","href":"https:\/\/api.w.org\/{rel}","templated":true}]}}