{"id":55629,"date":"2024-12-12T11:39:13","date_gmt":"2024-12-12T10:39:13","guid":{"rendered":"https:\/\/ecoprogress.eu\/?post_type=product&#038;p=55629"},"modified":"2025-02-26T12:14:17","modified_gmt":"2025-02-26T11:14:17","slug":"fajciarsky-pristresok-typ-03","status":"publish","type":"product","link":"https:\/\/ecoprogress.eu\/de\/produkt\/fajciarsky-pristresok-typ-03\/","title":{"rendered":"Faj\u010diarsky pr\u00edstre\u0161ok typ 03"},"content":{"rendered":"<p>Dodanie 4-6 t\u00fd\u017ed\u0148ov (pod\u013ea stavu skladov\u00fdch z\u00e1sob)<\/p>\n<p>&nbsp;<\/p>\n\n<table id=\"tablepress-3218\" class=\"tablepress tablepress-id-3218\">\n<tbody class=\"row-striping row-hover\">\n<tr class=\"row-1\">\n\t<td class=\"column-1\">v\u00fd\u0161ka pr\u00edstre\u0161ku<\/td><td class=\"column-2\">240 cm<\/td>\n<\/tr>\n<tr class=\"row-2\">\n\t<td class=\"column-1\">\u0161\u00edrka pr\u00edstre\u0161ku<\/td><td class=\"column-2\">420 cm<\/td>\n<\/tr>\n<tr class=\"row-3\">\n\t<td class=\"column-1\">h\u013abka pr\u00edstre\u0161ku<\/td><td class=\"column-2\">201 cm<\/td>\n<\/tr>\n<tr class=\"row-4\">\n\t<td class=\"column-1\">nosn\u00e1 kon\u0161trukcia<\/td><td class=\"column-2\">80 x 60 x 3 mm<\/td>\n<\/tr>\n<tr class=\"row-5\">\n\t<td class=\"column-1\">ukotvenie<\/td><td class=\"column-2\">zabet\u00f3novanie alebo skrutkami<\/td>\n<\/tr>\n<tr class=\"row-6\">\n\t<td class=\"column-1\">materi\u00e1l<\/td><td class=\"column-2\">pozinkovan\u00e1 oce\u013e, oce\u013e pozinkovan\u00e1 a ma\u013eovan\u00e1<\/td>\n<\/tr>\n<tr class=\"row-7\">\n\t<td class=\"column-1\">materi\u00e1l strechy<\/td><td class=\"column-2\">komorov\u00fd polykarbon\u00e1t - prieh\u013eadn\u00fd 8 mm, tvrden\u00e9 sklo 8 mm, pevn\u00fd polykarbon\u00e1t 5 mm<\/td>\n<\/tr>\n<\/tbody>\n<\/table>\n<!-- #tablepress-3218 from cache -->\n","protected":false},"excerpt":{"rendered":"<p>Faj\u010diarsky pr\u00edstre\u0161ok typ 03 v modernom dizajne. Mo\u017enos\u0165 v\u00fdberu materi\u00e1lu steny.<\/p>\n","protected":false},"featured_media":55915,"template":"","meta":[],"product_brand":[],"product_cat":[158],"product_tag":[],"class_list":{"0":"post-55629","1":"product","2":"type-product","3":"status-publish","4":"has-post-thumbnail","6":"product_cat-otvorene-pristresky","7":"product_shipping_class-pristresky","9":"first","10":"instock","11":"featured","12":"taxable","13":"shipping-taxable","14":"purchasable","15":"product-type-variable"},"yoast_head":"<!-- This site is optimized with the Yoast SEO plugin v27.2 - https:\/\/yoast.com\/product\/yoast-seo-wordpress\/ -->\n<title>Faj\u010diarsky pr\u00edstre\u0161ok typ 03 | Ecoprogress<\/title>\n<meta name=\"description\" content=\"Faj\u010diarsky pr\u00edstre\u0161ok typ 03 v modernom dizajne. Mo\u017enos\u0165 v\u00fdberu materi\u00e1lu steny.\" \/>\n<meta name=\"robots\" content=\"index, follow, max-snippet:-1, max-image-preview:large, max-video-preview:-1\" \/>\n<link rel=\"canonical\" href=\"https:\/\/ecoprogress.eu\/de\/produkt\/fajciarsky-pristresok-typ-03\/\" \/>\n<meta property=\"og:locale\" content=\"de_DE\" \/>\n<meta property=\"og:type\" content=\"article\" \/>\n<meta property=\"og:title\" content=\"Faj\u010diarsky pr\u00edstre\u0161ok typ 03 | Ecoprogress\" \/>\n<meta property=\"og:description\" content=\"Faj\u010diarsky pr\u00edstre\u0161ok typ 03 v modernom dizajne. Mo\u017enos\u0165 v\u00fdberu materi\u00e1lu steny.\" \/>\n<meta property=\"og:url\" content=\"https:\/\/ecoprogress.eu\/de\/produkt\/fajciarsky-pristresok-typ-03\/\" \/>\n<meta property=\"og:site_name\" content=\"Ecoprogress\" \/>\n<meta property=\"article:modified_time\" content=\"2025-02-26T11:14:17+00:00\" \/>\n<meta property=\"og:image\" content=\"https:\/\/ecoprogress.eu\/wp-content\/uploads\/pristresok-fajciarsky-03.webp\" \/>\n\t<meta property=\"og:image:width\" content=\"800\" \/>\n\t<meta property=\"og:image:height\" content=\"600\" \/>\n\t<meta property=\"og:image:type\" content=\"image\/webp\" \/>\n<meta name=\"twitter:card\" content=\"summary_large_image\" \/>\n<meta name=\"twitter:label1\" content=\"Gesch\u00e4tzte Lesezeit\" \/>\n\t<meta name=\"twitter:data1\" content=\"1\u00a0Minute\" \/>\n<script type=\"application\/ld+json\" class=\"yoast-schema-graph\">{\"@context\":\"https:\/\/schema.org\",\"@graph\":[{\"@type\":\"WebPage\",\"@id\":\"https:\/\/ecoprogress.eu\/de\/produkt\/fajciarsky-pristresok-typ-03\/\",\"url\":\"https:\/\/ecoprogress.eu\/de\/produkt\/fajciarsky-pristresok-typ-03\/\",\"name\":\"Faj\u010diarsky pr\u00edstre\u0161ok typ 03 | Ecoprogress\",\"isPartOf\":{\"@id\":\"https:\/\/ecoprogress.eu\/de\/#website\"},\"primaryImageOfPage\":{\"@id\":\"https:\/\/ecoprogress.eu\/de\/produkt\/fajciarsky-pristresok-typ-03\/#primaryimage\"},\"image\":{\"@id\":\"https:\/\/ecoprogress.eu\/de\/produkt\/fajciarsky-pristresok-typ-03\/#primaryimage\"},\"thumbnailUrl\":\"https:\/\/ecoprogress.eu\/wp-content\/uploads\/pristresok-fajciarsky-03.webp\",\"datePublished\":\"2024-12-12T10:39:13+00:00\",\"dateModified\":\"2025-02-26T11:14:17+00:00\",\"description\":\"Faj\u010diarsky pr\u00edstre\u0161ok typ 03 v modernom dizajne. Mo\u017enos\u0165 v\u00fdberu materi\u00e1lu steny.\",\"breadcrumb\":{\"@id\":\"https:\/\/ecoprogress.eu\/de\/produkt\/fajciarsky-pristresok-typ-03\/#breadcrumb\"},\"inLanguage\":\"de\",\"potentialAction\":[{\"@type\":\"ReadAction\",\"target\":[\"https:\/\/ecoprogress.eu\/de\/produkt\/fajciarsky-pristresok-typ-03\/\"]}]},{\"@type\":\"ImageObject\",\"inLanguage\":\"de\",\"@id\":\"https:\/\/ecoprogress.eu\/de\/produkt\/fajciarsky-pristresok-typ-03\/#primaryimage\",\"url\":\"https:\/\/ecoprogress.eu\/wp-content\/uploads\/pristresok-fajciarsky-03.webp\",\"contentUrl\":\"https:\/\/ecoprogress.eu\/wp-content\/uploads\/pristresok-fajciarsky-03.webp\",\"width\":800,\"height\":600},{\"@type\":\"BreadcrumbList\",\"@id\":\"https:\/\/ecoprogress.eu\/de\/produkt\/fajciarsky-pristresok-typ-03\/#breadcrumb\",\"itemListElement\":[{\"@type\":\"ListItem\",\"position\":1,\"name\":\"Produkte\",\"item\":\"https:\/\/ecoprogress.eu\/de\/produkte\/\"},{\"@type\":\"ListItem\",\"position\":2,\"name\":\"Faj\u010diarsky pr\u00edstre\u0161ok typ 03\"}]},{\"@type\":\"WebSite\",\"@id\":\"https:\/\/ecoprogress.eu\/de\/#website\",\"url\":\"https:\/\/ecoprogress.eu\/de\/\",\"name\":\"Ecoprogress\",\"description\":\"\",\"publisher\":{\"@id\":\"https:\/\/ecoprogress.eu\/de\/#organization\"},\"potentialAction\":[{\"@type\":\"SearchAction\",\"target\":{\"@type\":\"EntryPoint\",\"urlTemplate\":\"https:\/\/ecoprogress.eu\/de\/?s={search_term_string}\"},\"query-input\":{\"@type\":\"PropertyValueSpecification\",\"valueRequired\":true,\"valueName\":\"search_term_string\"}}],\"inLanguage\":\"de\"},{\"@type\":\"Organization\",\"@id\":\"https:\/\/ecoprogress.eu\/de\/#organization\",\"name\":\"Ecoprogress\",\"url\":\"https:\/\/ecoprogress.eu\/de\/\",\"logo\":{\"@type\":\"ImageObject\",\"inLanguage\":\"de\",\"@id\":\"https:\/\/ecoprogress.eu\/de\/#\/schema\/logo\/image\/\",\"url\":\"https:\/\/ecoprogress.eu\/wp-content\/uploads\/logo-2.svg\",\"contentUrl\":\"https:\/\/ecoprogress.eu\/wp-content\/uploads\/logo-2.svg\",\"width\":318,\"height\":349,\"caption\":\"Ecoprogress\"},\"image\":{\"@id\":\"https:\/\/ecoprogress.eu\/de\/#\/schema\/logo\/image\/\"}}]}<\/script>\n<!-- \/ Yoast SEO plugin. -->","yoast_head_json":{"title":"Faj\u010diarsky pr\u00edstre\u0161ok typ 03 | Ecoprogress","description":"Faj\u010diarsky pr\u00edstre\u0161ok typ 03 v modernom dizajne. Mo\u017enos\u0165 v\u00fdberu materi\u00e1lu steny.","robots":{"index":"index","follow":"follow","max-snippet":"max-snippet:-1","max-image-preview":"max-image-preview:large","max-video-preview":"max-video-preview:-1"},"canonical":"https:\/\/ecoprogress.eu\/de\/produkt\/fajciarsky-pristresok-typ-03\/","og_locale":"de_DE","og_type":"article","og_title":"Faj\u010diarsky pr\u00edstre\u0161ok typ 03 | Ecoprogress","og_description":"Faj\u010diarsky pr\u00edstre\u0161ok typ 03 v modernom dizajne. Mo\u017enos\u0165 v\u00fdberu materi\u00e1lu steny.","og_url":"https:\/\/ecoprogress.eu\/de\/produkt\/fajciarsky-pristresok-typ-03\/","og_site_name":"Ecoprogress","article_modified_time":"2025-02-26T11:14:17+00:00","og_image":[{"width":800,"height":600,"url":"https:\/\/ecoprogress.eu\/wp-content\/uploads\/pristresok-fajciarsky-03.webp","type":"image\/webp"}],"twitter_card":"summary_large_image","twitter_misc":{"Gesch\u00e4tzte Lesezeit":"1\u00a0Minute"},"schema":{"@context":"https:\/\/schema.org","@graph":[{"@type":"WebPage","@id":"https:\/\/ecoprogress.eu\/de\/produkt\/fajciarsky-pristresok-typ-03\/","url":"https:\/\/ecoprogress.eu\/de\/produkt\/fajciarsky-pristresok-typ-03\/","name":"Faj\u010diarsky pr\u00edstre\u0161ok typ 03 | Ecoprogress","isPartOf":{"@id":"https:\/\/ecoprogress.eu\/de\/#website"},"primaryImageOfPage":{"@id":"https:\/\/ecoprogress.eu\/de\/produkt\/fajciarsky-pristresok-typ-03\/#primaryimage"},"image":{"@id":"https:\/\/ecoprogress.eu\/de\/produkt\/fajciarsky-pristresok-typ-03\/#primaryimage"},"thumbnailUrl":"https:\/\/ecoprogress.eu\/wp-content\/uploads\/pristresok-fajciarsky-03.webp","datePublished":"2024-12-12T10:39:13+00:00","dateModified":"2025-02-26T11:14:17+00:00","description":"Faj\u010diarsky pr\u00edstre\u0161ok typ 03 v modernom dizajne. Mo\u017enos\u0165 v\u00fdberu materi\u00e1lu steny.","breadcrumb":{"@id":"https:\/\/ecoprogress.eu\/de\/produkt\/fajciarsky-pristresok-typ-03\/#breadcrumb"},"inLanguage":"de","potentialAction":[{"@type":"ReadAction","target":["https:\/\/ecoprogress.eu\/de\/produkt\/fajciarsky-pristresok-typ-03\/"]}]},{"@type":"ImageObject","inLanguage":"de","@id":"https:\/\/ecoprogress.eu\/de\/produkt\/fajciarsky-pristresok-typ-03\/#primaryimage","url":"https:\/\/ecoprogress.eu\/wp-content\/uploads\/pristresok-fajciarsky-03.webp","contentUrl":"https:\/\/ecoprogress.eu\/wp-content\/uploads\/pristresok-fajciarsky-03.webp","width":800,"height":600},{"@type":"BreadcrumbList","@id":"https:\/\/ecoprogress.eu\/de\/produkt\/fajciarsky-pristresok-typ-03\/#breadcrumb","itemListElement":[{"@type":"ListItem","position":1,"name":"Produkte","item":"https:\/\/ecoprogress.eu\/de\/produkte\/"},{"@type":"ListItem","position":2,"name":"Faj\u010diarsky pr\u00edstre\u0161ok typ 03"}]},{"@type":"WebSite","@id":"https:\/\/ecoprogress.eu\/de\/#website","url":"https:\/\/ecoprogress.eu\/de\/","name":"Ecoprogress","description":"","publisher":{"@id":"https:\/\/ecoprogress.eu\/de\/#organization"},"potentialAction":[{"@type":"SearchAction","target":{"@type":"EntryPoint","urlTemplate":"https:\/\/ecoprogress.eu\/de\/?s={search_term_string}"},"query-input":{"@type":"PropertyValueSpecification","valueRequired":true,"valueName":"search_term_string"}}],"inLanguage":"de"},{"@type":"Organization","@id":"https:\/\/ecoprogress.eu\/de\/#organization","name":"Ecoprogress","url":"https:\/\/ecoprogress.eu\/de\/","logo":{"@type":"ImageObject","inLanguage":"de","@id":"https:\/\/ecoprogress.eu\/de\/#\/schema\/logo\/image\/","url":"https:\/\/ecoprogress.eu\/wp-content\/uploads\/logo-2.svg","contentUrl":"https:\/\/ecoprogress.eu\/wp-content\/uploads\/logo-2.svg","width":318,"height":349,"caption":"Ecoprogress"},"image":{"@id":"https:\/\/ecoprogress.eu\/de\/#\/schema\/logo\/image\/"}}]}},"_links":{"self":[{"href":"https:\/\/ecoprogress.eu\/de\/wp-json\/wp\/v2\/product\/55629","targetHints":{"allow":["GET"]}}],"collection":[{"href":"https:\/\/ecoprogress.eu\/de\/wp-json\/wp\/v2\/product"}],"about":[{"href":"https:\/\/ecoprogress.eu\/de\/wp-json\/wp\/v2\/types\/product"}],"version-history":[{"count":1,"href":"https:\/\/ecoprogress.eu\/de\/wp-json\/wp\/v2\/product\/55629\/revisions"}],"predecessor-version":[{"id":55686,"href":"https:\/\/ecoprogress.eu\/de\/wp-json\/wp\/v2\/product\/55629\/revisions\/55686"}],"wp:featuredmedia":[{"embeddable":true,"href":"https:\/\/ecoprogress.eu\/de\/wp-json\/wp\/v2\/media\/55915"}],"wp:attachment":[{"href":"https:\/\/ecoprogress.eu\/de\/wp-json\/wp\/v2\/media?parent=55629"}],"wp:term":[{"taxonomy":"product_brand","embeddable":true,"href":"https:\/\/ecoprogress.eu\/de\/wp-json\/wp\/v2\/product_brand?post=55629"},{"taxonomy":"product_cat","embeddable":true,"href":"https:\/\/ecoprogress.eu\/de\/wp-json\/wp\/v2\/product_cat?post=55629"},{"taxonomy":"product_tag","embeddable":true,"href":"https:\/\/ecoprogress.eu\/de\/wp-json\/wp\/v2\/product_tag?post=55629"}],"curies":[{"name":"wp","href":"https:\/\/api.w.org\/{rel}","templated":true}]}}