{"id":5808,"date":"2021-07-01T15:20:50","date_gmt":"2021-07-01T13:20:50","guid":{"rendered":"https:\/\/ecoprogress.eu\/?post_type=product&#038;p=5808"},"modified":"2025-01-21T12:38:04","modified_gmt":"2025-01-21T11:38:04","slug":"stojan-modulovy-typ-02-pre-2-bicykle","status":"publish","type":"product","link":"https:\/\/ecoprogress.eu\/de\/produkt\/stojan-modulovy-typ-02-pre-2-bicykle\/","title":{"rendered":"Stojan modulov\u00fd typ 02 pre 02 bicykle"},"content":{"rendered":"<p>Dodanie 4-6 t\u00fd\u017ed\u0148ov (pod\u013ea stavu skladov\u00fdch z\u00e1sob)<\/p>\n\n<table id=\"tablepress-101\" class=\"tablepress tablepress-id-101\">\n<tbody class=\"row-striping row-hover\">\n<tr class=\"row-1\">\n\t<td class=\"column-1\">po\u010det stanov\u00edsk<\/td><td class=\"column-2\">2<\/td>\n<\/tr>\n<tr class=\"row-2\">\n\t<td class=\"column-1\">\u0161\u00edrka stojan<\/td><td class=\"column-2\">54 cm<\/td>\n<\/tr>\n<tr class=\"row-3\">\n\t<td class=\"column-1\">v\u00fd\u0161ka<\/td><td class=\"column-2\">42 cm<\/td>\n<\/tr>\n<tr class=\"row-4\">\n\t<td class=\"column-1\">h\u013abka<\/td><td class=\"column-2\">54 cm<\/td>\n<\/tr>\n<tr class=\"row-5\">\n\t<td class=\"column-1\">\u0161\u00edrka stanoviska<\/td><td class=\"column-2\">6,5 cm<\/td>\n<\/tr>\n<tr class=\"row-6\">\n\t<td class=\"column-1\">medzi stanoviskami<\/td><td class=\"column-2\">42 cm<\/td>\n<\/tr>\n<tr class=\"row-7\">\n\t<td class=\"column-1\">prierez r\u00fary<\/td><td class=\"column-2\">18 mm<\/td>\n<\/tr>\n<tr class=\"row-8\">\n\t<td class=\"column-1\">hr\u00fabka r\u00fary<\/td><td class=\"column-2\">2 mm<\/td>\n<\/tr>\n<tr class=\"row-9\">\n\t<td class=\"column-1\">profil stojana<\/td><td class=\"column-2\">30 x 30 x 1,5 mm<\/td>\n<\/tr>\n<tr class=\"row-10\">\n\t<td class=\"column-1\">materi\u00e1l<\/td><td class=\"column-2\">oce\u013e pozinkovan\u00e1, oce\u013e nehrdzavej\u00faca, oce\u013e pozinkovan\u00e1 a malovan\u00e1<\/td>\n<\/tr>\n<tr class=\"row-11\">\n\t<td class=\"column-1\">regul\u00e1cia poz\u00edcii<\/td><td class=\"column-2\">od 90 do 45 stup\u0148ov<\/td>\n<\/tr>\n<tr class=\"row-12\">\n\t<td class=\"column-1\">sp\u00f4sob ukotvenia<\/td><td class=\"column-2\">do zeme<\/td>\n<\/tr>\n<tr class=\"row-13\">\n\t<td class=\"column-1\">sp\u00f4sob mont\u00e1\u017ee<\/td><td class=\"column-2\">skrutky<\/td>\n<\/tr>\n<tr class=\"row-14\">\n\t<td class=\"column-1\">v\u00e1ha<\/td><td class=\"column-2\">6 kg<\/td>\n<\/tr>\n<tr class=\"row-15\">\n\t<td class=\"column-1\">mont\u00e1\u017e<\/td><td class=\"column-2\">2 roz\u0161irovacie z\u00e1tky \u00d8 12x60mm pre skrutky \u00d8 8x80mm (s\u00fa\u010das\u0165ou balenia), k\u013e\u00fa\u010dom 13<\/td>\n<\/tr>\n<\/tbody>\n<\/table>\n\n","protected":false},"excerpt":{"rendered":"<p id=\"tw-target-text\" class=\"tw-data-text tw-text-large XcVN5d tw-ta\" dir=\"ltr\" data-placeholder=\"Preklad\"><span class=\"Y2IQFc\" lang=\"sk\">Stojan modulov\u00fd typ 2 pre 2 bicykle je obojstrann\u00fd parkovac\u00ed stojan na bicykle. Vhodn\u00fd pre v\u0161etky typy a ve\u013ekosti bicyklov, aj tie s kot\u00fa\u010dov\u00fdmi brzdami.<\/span><\/p>\n","protected":false},"featured_media":5819,"template":"","meta":[],"product_brand":[],"product_cat":[219,156],"product_tag":[],"class_list":{"0":"post-5808","1":"product","2":"type-product","3":"status-publish","4":"has-post-thumbnail","6":"product_cat-modulove","7":"product_cat-stojany-na-bicykle","8":"product_shipping_class-lavicky","10":"first","11":"instock","12":"taxable","13":"shipping-taxable","14":"purchasable","15":"product-type-variable"},"yoast_head":"<!-- This site is optimized with the Yoast SEO plugin v27.2 - https:\/\/yoast.com\/product\/yoast-seo-wordpress\/ -->\n<title>Stojan modulov\u00fd typ 02 pre 02 bicykle | Ecoprogress<\/title>\n<meta name=\"description\" content=\"Stojan modulov\u00fd typ 02 pre 2 bicykle je obojstrann\u00fd parkovac\u00ed stojan na bicykle. Vhodn\u00fd pre v\u0161etky typy a ve\u013ekosti bicyklov.\" \/>\n<meta name=\"robots\" content=\"index, follow, max-snippet:-1, max-image-preview:large, max-video-preview:-1\" \/>\n<link rel=\"canonical\" href=\"https:\/\/ecoprogress.eu\/de\/produkt\/stojan-modulovy-typ-02-pre-2-bicykle\/\" \/>\n<meta property=\"og:locale\" content=\"de_DE\" \/>\n<meta property=\"og:type\" content=\"article\" \/>\n<meta property=\"og:title\" content=\"Stojan modulov\u00fd typ 02 pre 02 bicykle | Ecoprogress\" \/>\n<meta property=\"og:description\" content=\"Stojan modulov\u00fd typ 02 pre 2 bicykle je obojstrann\u00fd parkovac\u00ed stojan na bicykle. Vhodn\u00fd pre v\u0161etky typy a ve\u013ekosti bicyklov.\" \/>\n<meta property=\"og:url\" content=\"https:\/\/ecoprogress.eu\/de\/produkt\/stojan-modulovy-typ-02-pre-2-bicykle\/\" \/>\n<meta property=\"og:site_name\" content=\"Ecoprogress\" \/>\n<meta property=\"article:modified_time\" content=\"2025-01-21T11:38:04+00:00\" \/>\n<meta property=\"og:image\" content=\"https:\/\/ecoprogress.eu\/wp-content\/uploads\/Snimka-obrazovky-2021-07-01-o-15.21.42.png\" \/>\n\t<meta property=\"og:image:width\" content=\"1596\" \/>\n\t<meta property=\"og:image:height\" content=\"1192\" \/>\n\t<meta property=\"og:image:type\" content=\"image\/png\" \/>\n<meta name=\"twitter:card\" content=\"summary_large_image\" \/>\n<meta name=\"twitter:label1\" content=\"Gesch\u00e4tzte Lesezeit\" \/>\n\t<meta name=\"twitter:data1\" content=\"1\u00a0Minute\" \/>\n<script type=\"application\/ld+json\" class=\"yoast-schema-graph\">{\"@context\":\"https:\/\/schema.org\",\"@graph\":[{\"@type\":\"WebPage\",\"@id\":\"https:\/\/ecoprogress.eu\/de\/produkt\/stojan-modulovy-typ-02-pre-2-bicykle\/\",\"url\":\"https:\/\/ecoprogress.eu\/de\/produkt\/stojan-modulovy-typ-02-pre-2-bicykle\/\",\"name\":\"Stojan modulov\u00fd typ 02 pre 02 bicykle | Ecoprogress\",\"isPartOf\":{\"@id\":\"https:\/\/ecoprogress.eu\/de\/#website\"},\"primaryImageOfPage\":{\"@id\":\"https:\/\/ecoprogress.eu\/de\/produkt\/stojan-modulovy-typ-02-pre-2-bicykle\/#primaryimage\"},\"image\":{\"@id\":\"https:\/\/ecoprogress.eu\/de\/produkt\/stojan-modulovy-typ-02-pre-2-bicykle\/#primaryimage\"},\"thumbnailUrl\":\"https:\/\/ecoprogress.eu\/wp-content\/uploads\/Snimka-obrazovky-2021-07-01-o-15.21.42.png\",\"datePublished\":\"2021-07-01T13:20:50+00:00\",\"dateModified\":\"2025-01-21T11:38:04+00:00\",\"description\":\"Stojan modulov\u00fd typ 02 pre 2 bicykle je obojstrann\u00fd parkovac\u00ed stojan na bicykle. Vhodn\u00fd pre v\u0161etky typy a ve\u013ekosti bicyklov.\",\"breadcrumb\":{\"@id\":\"https:\/\/ecoprogress.eu\/de\/produkt\/stojan-modulovy-typ-02-pre-2-bicykle\/#breadcrumb\"},\"inLanguage\":\"de\",\"potentialAction\":[{\"@type\":\"ReadAction\",\"target\":[\"https:\/\/ecoprogress.eu\/de\/produkt\/stojan-modulovy-typ-02-pre-2-bicykle\/\"]}]},{\"@type\":\"ImageObject\",\"inLanguage\":\"de\",\"@id\":\"https:\/\/ecoprogress.eu\/de\/produkt\/stojan-modulovy-typ-02-pre-2-bicykle\/#primaryimage\",\"url\":\"https:\/\/ecoprogress.eu\/wp-content\/uploads\/Snimka-obrazovky-2021-07-01-o-15.21.42.png\",\"contentUrl\":\"https:\/\/ecoprogress.eu\/wp-content\/uploads\/Snimka-obrazovky-2021-07-01-o-15.21.42.png\",\"width\":1596,\"height\":1192},{\"@type\":\"BreadcrumbList\",\"@id\":\"https:\/\/ecoprogress.eu\/de\/produkt\/stojan-modulovy-typ-02-pre-2-bicykle\/#breadcrumb\",\"itemListElement\":[{\"@type\":\"ListItem\",\"position\":1,\"name\":\"Produkte\",\"item\":\"https:\/\/ecoprogress.eu\/de\/produkte\/\"},{\"@type\":\"ListItem\",\"position\":2,\"name\":\"Stojan modulov\u00fd typ 02 pre 02 bicykle\"}]},{\"@type\":\"WebSite\",\"@id\":\"https:\/\/ecoprogress.eu\/de\/#website\",\"url\":\"https:\/\/ecoprogress.eu\/de\/\",\"name\":\"Ecoprogress\",\"description\":\"\",\"publisher\":{\"@id\":\"https:\/\/ecoprogress.eu\/de\/#organization\"},\"potentialAction\":[{\"@type\":\"SearchAction\",\"target\":{\"@type\":\"EntryPoint\",\"urlTemplate\":\"https:\/\/ecoprogress.eu\/de\/?s={search_term_string}\"},\"query-input\":{\"@type\":\"PropertyValueSpecification\",\"valueRequired\":true,\"valueName\":\"search_term_string\"}}],\"inLanguage\":\"de\"},{\"@type\":\"Organization\",\"@id\":\"https:\/\/ecoprogress.eu\/de\/#organization\",\"name\":\"Ecoprogress\",\"url\":\"https:\/\/ecoprogress.eu\/de\/\",\"logo\":{\"@type\":\"ImageObject\",\"inLanguage\":\"de\",\"@id\":\"https:\/\/ecoprogress.eu\/de\/#\/schema\/logo\/image\/\",\"url\":\"https:\/\/ecoprogress.eu\/wp-content\/uploads\/logo-2.svg\",\"contentUrl\":\"https:\/\/ecoprogress.eu\/wp-content\/uploads\/logo-2.svg\",\"width\":318,\"height\":349,\"caption\":\"Ecoprogress\"},\"image\":{\"@id\":\"https:\/\/ecoprogress.eu\/de\/#\/schema\/logo\/image\/\"}}]}<\/script>\n<!-- \/ Yoast SEO plugin. -->","yoast_head_json":{"title":"Stojan modulov\u00fd typ 02 pre 02 bicykle | Ecoprogress","description":"Stojan modulov\u00fd typ 02 pre 2 bicykle je obojstrann\u00fd parkovac\u00ed stojan na bicykle. Vhodn\u00fd pre v\u0161etky typy a ve\u013ekosti bicyklov.","robots":{"index":"index","follow":"follow","max-snippet":"max-snippet:-1","max-image-preview":"max-image-preview:large","max-video-preview":"max-video-preview:-1"},"canonical":"https:\/\/ecoprogress.eu\/de\/produkt\/stojan-modulovy-typ-02-pre-2-bicykle\/","og_locale":"de_DE","og_type":"article","og_title":"Stojan modulov\u00fd typ 02 pre 02 bicykle | Ecoprogress","og_description":"Stojan modulov\u00fd typ 02 pre 2 bicykle je obojstrann\u00fd parkovac\u00ed stojan na bicykle. Vhodn\u00fd pre v\u0161etky typy a ve\u013ekosti bicyklov.","og_url":"https:\/\/ecoprogress.eu\/de\/produkt\/stojan-modulovy-typ-02-pre-2-bicykle\/","og_site_name":"Ecoprogress","article_modified_time":"2025-01-21T11:38:04+00:00","og_image":[{"width":1596,"height":1192,"url":"https:\/\/ecoprogress.eu\/wp-content\/uploads\/Snimka-obrazovky-2021-07-01-o-15.21.42.png","type":"image\/png"}],"twitter_card":"summary_large_image","twitter_misc":{"Gesch\u00e4tzte Lesezeit":"1\u00a0Minute"},"schema":{"@context":"https:\/\/schema.org","@graph":[{"@type":"WebPage","@id":"https:\/\/ecoprogress.eu\/de\/produkt\/stojan-modulovy-typ-02-pre-2-bicykle\/","url":"https:\/\/ecoprogress.eu\/de\/produkt\/stojan-modulovy-typ-02-pre-2-bicykle\/","name":"Stojan modulov\u00fd typ 02 pre 02 bicykle | Ecoprogress","isPartOf":{"@id":"https:\/\/ecoprogress.eu\/de\/#website"},"primaryImageOfPage":{"@id":"https:\/\/ecoprogress.eu\/de\/produkt\/stojan-modulovy-typ-02-pre-2-bicykle\/#primaryimage"},"image":{"@id":"https:\/\/ecoprogress.eu\/de\/produkt\/stojan-modulovy-typ-02-pre-2-bicykle\/#primaryimage"},"thumbnailUrl":"https:\/\/ecoprogress.eu\/wp-content\/uploads\/Snimka-obrazovky-2021-07-01-o-15.21.42.png","datePublished":"2021-07-01T13:20:50+00:00","dateModified":"2025-01-21T11:38:04+00:00","description":"Stojan modulov\u00fd typ 02 pre 2 bicykle je obojstrann\u00fd parkovac\u00ed stojan na bicykle. Vhodn\u00fd pre v\u0161etky typy a ve\u013ekosti bicyklov.","breadcrumb":{"@id":"https:\/\/ecoprogress.eu\/de\/produkt\/stojan-modulovy-typ-02-pre-2-bicykle\/#breadcrumb"},"inLanguage":"de","potentialAction":[{"@type":"ReadAction","target":["https:\/\/ecoprogress.eu\/de\/produkt\/stojan-modulovy-typ-02-pre-2-bicykle\/"]}]},{"@type":"ImageObject","inLanguage":"de","@id":"https:\/\/ecoprogress.eu\/de\/produkt\/stojan-modulovy-typ-02-pre-2-bicykle\/#primaryimage","url":"https:\/\/ecoprogress.eu\/wp-content\/uploads\/Snimka-obrazovky-2021-07-01-o-15.21.42.png","contentUrl":"https:\/\/ecoprogress.eu\/wp-content\/uploads\/Snimka-obrazovky-2021-07-01-o-15.21.42.png","width":1596,"height":1192},{"@type":"BreadcrumbList","@id":"https:\/\/ecoprogress.eu\/de\/produkt\/stojan-modulovy-typ-02-pre-2-bicykle\/#breadcrumb","itemListElement":[{"@type":"ListItem","position":1,"name":"Produkte","item":"https:\/\/ecoprogress.eu\/de\/produkte\/"},{"@type":"ListItem","position":2,"name":"Stojan modulov\u00fd typ 02 pre 02 bicykle"}]},{"@type":"WebSite","@id":"https:\/\/ecoprogress.eu\/de\/#website","url":"https:\/\/ecoprogress.eu\/de\/","name":"Ecoprogress","description":"","publisher":{"@id":"https:\/\/ecoprogress.eu\/de\/#organization"},"potentialAction":[{"@type":"SearchAction","target":{"@type":"EntryPoint","urlTemplate":"https:\/\/ecoprogress.eu\/de\/?s={search_term_string}"},"query-input":{"@type":"PropertyValueSpecification","valueRequired":true,"valueName":"search_term_string"}}],"inLanguage":"de"},{"@type":"Organization","@id":"https:\/\/ecoprogress.eu\/de\/#organization","name":"Ecoprogress","url":"https:\/\/ecoprogress.eu\/de\/","logo":{"@type":"ImageObject","inLanguage":"de","@id":"https:\/\/ecoprogress.eu\/de\/#\/schema\/logo\/image\/","url":"https:\/\/ecoprogress.eu\/wp-content\/uploads\/logo-2.svg","contentUrl":"https:\/\/ecoprogress.eu\/wp-content\/uploads\/logo-2.svg","width":318,"height":349,"caption":"Ecoprogress"},"image":{"@id":"https:\/\/ecoprogress.eu\/de\/#\/schema\/logo\/image\/"}}]}},"_links":{"self":[{"href":"https:\/\/ecoprogress.eu\/de\/wp-json\/wp\/v2\/product\/5808","targetHints":{"allow":["GET"]}}],"collection":[{"href":"https:\/\/ecoprogress.eu\/de\/wp-json\/wp\/v2\/product"}],"about":[{"href":"https:\/\/ecoprogress.eu\/de\/wp-json\/wp\/v2\/types\/product"}],"version-history":[{"count":2,"href":"https:\/\/ecoprogress.eu\/de\/wp-json\/wp\/v2\/product\/5808\/revisions"}],"predecessor-version":[{"id":51772,"href":"https:\/\/ecoprogress.eu\/de\/wp-json\/wp\/v2\/product\/5808\/revisions\/51772"}],"wp:featuredmedia":[{"embeddable":true,"href":"https:\/\/ecoprogress.eu\/de\/wp-json\/wp\/v2\/media\/5819"}],"wp:attachment":[{"href":"https:\/\/ecoprogress.eu\/de\/wp-json\/wp\/v2\/media?parent=5808"}],"wp:term":[{"taxonomy":"product_brand","embeddable":true,"href":"https:\/\/ecoprogress.eu\/de\/wp-json\/wp\/v2\/product_brand?post=5808"},{"taxonomy":"product_cat","embeddable":true,"href":"https:\/\/ecoprogress.eu\/de\/wp-json\/wp\/v2\/product_cat?post=5808"},{"taxonomy":"product_tag","embeddable":true,"href":"https:\/\/ecoprogress.eu\/de\/wp-json\/wp\/v2\/product_tag?post=5808"}],"curies":[{"name":"wp","href":"https:\/\/api.w.org\/{rel}","templated":true}]}}