{"id":5860,"date":"2021-07-01T15:50:35","date_gmt":"2021-07-01T13:50:35","guid":{"rendered":"https:\/\/ecoprogress.eu\/?post_type=product&#038;p=5860"},"modified":"2022-12-14T14:04:27","modified_gmt":"2022-12-14T13:04:27","slug":"stojan-spiralovy-typ-01","status":"publish","type":"product","link":"https:\/\/ecoprogress.eu\/de\/produkt\/stojan-spiralovy-typ-01\/","title":{"rendered":"Stojan \u0161pir\u00e1lov\u00fd typ 01"},"content":{"rendered":"<p>Dodanie 4-6 t\u00fd\u017ed\u0148ov (pod\u013ea stavu skladov\u00fdch z\u00e1sob)<\/p>\n\n<table id=\"tablepress-104\" class=\"tablepress tablepress-id-104\">\n<tbody class=\"row-striping row-hover\">\n<tr class=\"row-1\">\n\t<td class=\"column-1\">po\u010det stanov\u00edsk<\/td><td class=\"column-2\">2<\/td>\n<\/tr>\n<tr class=\"row-2\">\n\t<td class=\"column-1\">\u0161\u00edrka <\/td><td class=\"column-2\">110 cm<\/td>\n<\/tr>\n<tr class=\"row-3\">\n\t<td class=\"column-1\">v\u00fd\u0161ka<\/td><td class=\"column-2\">50 cm<\/td>\n<\/tr>\n<tr class=\"row-4\">\n\t<td class=\"column-1\">\u0161\u00edrka stanoviska<\/td><td class=\"column-2\">9 cm<\/td>\n<\/tr>\n<tr class=\"row-5\">\n\t<td class=\"column-1\">materi\u00e1l<\/td><td class=\"column-2\">oce\u013e pozinkovan\u00e1, oce\u013e nehrdzavej\u00faca, oce\u013e pozinkovan\u00e1 a ma\u013eovan\u00e1<\/td>\n<\/tr>\n<tr class=\"row-6\">\n\t<td class=\"column-1\">regul\u00e1cia poz\u00edcii<\/td><td class=\"column-2\">neregulovan\u00e9<\/td>\n<\/tr>\n<tr class=\"row-7\">\n\t<td class=\"column-1\">sp\u00f4sob parkovania<\/td><td class=\"column-2\">obojstrann\u00e9<\/td>\n<\/tr>\n<tr class=\"row-8\">\n\t<td class=\"column-1\">sp\u00f4sob ukotvenia<\/td><td class=\"column-2\">do zeme<\/td>\n<\/tr>\n<tr class=\"row-9\">\n\t<td class=\"column-1\">sp\u00f4sob mont\u00e1\u017ee<\/td><td class=\"column-2\">skrutky<\/td>\n<\/tr>\n<tr class=\"row-10\">\n\t<td class=\"column-1\">v\u00e1ha<\/td><td class=\"column-2\">15 kg<\/td>\n<\/tr>\n<tr class=\"row-11\">\n\t<td class=\"column-1\">mont\u00e1\u017e<\/td><td class=\"column-2\">6 roz\u0161irovacie z\u00e1tky \u00d8 12 x 60 mm pre skrutky \u00d8 8 x 80 mm (s\u00fa\u010das\u0165ou balenia), k\u013e\u00fa\u010dom 13<\/td>\n<\/tr>\n<\/tbody>\n<\/table>\n\n","protected":false},"excerpt":{"rendered":"<p id=\"tw-target-text\" class=\"tw-data-text tw-text-large XcVN5d tw-ta\" dir=\"ltr\" data-placeholder=\"Preklad\"><span class=\"Y2IQFc\" lang=\"sk\">Stojan \u0161pir\u00e1lov\u00fd typ 1 je kombin\u00e1ciou mas\u00edvnej kon\u0161trukcie s dizajnov\u00fdm a modern\u00fdm tvarom. Pou\u017eit\u00e1 hrub\u00e1 trubica 33,7 mm a 2 podstavce (nohy) stojana ho robia odoln\u00fdm vo\u010di vandalizmu a kr\u00e1de\u017ei. Odpor\u00fa\u010da sa pre miesta s obmedzen\u00fdm parkovac\u00edm miestom.<\/span><\/p>\n","protected":false},"featured_media":5874,"template":"","meta":[],"product_brand":[],"product_cat":[208,156],"product_tag":[],"class_list":{"0":"post-5860","1":"product","2":"type-product","3":"status-publish","4":"has-post-thumbnail","6":"product_cat-spiralove","7":"product_cat-stojany-na-bicykle","8":"product_shipping_class-stojany","10":"first","11":"instock","12":"taxable","13":"shipping-taxable","14":"purchasable","15":"product-type-variable"},"yoast_head":"<!-- This site is optimized with the Yoast SEO plugin v27.2 - https:\/\/yoast.com\/product\/yoast-seo-wordpress\/ -->\n<title>Stojan \u0161pir\u00e1lov\u00fd typ 01 | Ecoprogress<\/title>\n<meta name=\"description\" content=\"Stojan \u0161pir\u00e1lov\u00fd typ 01 je kombin\u00e1ciou mas\u00edvnej kon\u0161trukcie s dizajnov\u00fdm a modern\u00fdm tvarom.\" \/>\n<meta name=\"robots\" content=\"index, follow, max-snippet:-1, max-image-preview:large, max-video-preview:-1\" \/>\n<link rel=\"canonical\" href=\"https:\/\/ecoprogress.eu\/de\/produkt\/stojan-spiralovy-typ-01\/\" \/>\n<meta property=\"og:locale\" content=\"de_DE\" \/>\n<meta property=\"og:type\" content=\"article\" \/>\n<meta property=\"og:title\" content=\"Stojan \u0161pir\u00e1lov\u00fd typ 01 | Ecoprogress\" \/>\n<meta property=\"og:description\" content=\"Stojan \u0161pir\u00e1lov\u00fd typ 01 je kombin\u00e1ciou mas\u00edvnej kon\u0161trukcie s dizajnov\u00fdm a modern\u00fdm tvarom.\" \/>\n<meta property=\"og:url\" content=\"https:\/\/ecoprogress.eu\/de\/produkt\/stojan-spiralovy-typ-01\/\" \/>\n<meta property=\"og:site_name\" content=\"Ecoprogress\" \/>\n<meta property=\"article:modified_time\" content=\"2022-12-14T13:04:27+00:00\" \/>\n<meta property=\"og:image\" content=\"https:\/\/ecoprogress.eu\/wp-content\/uploads\/Snimka-obrazovky-2021-07-02-o-14.17.44.png\" \/>\n\t<meta property=\"og:image:width\" content=\"1598\" \/>\n\t<meta property=\"og:image:height\" content=\"1198\" \/>\n\t<meta property=\"og:image:type\" content=\"image\/png\" \/>\n<meta name=\"twitter:card\" content=\"summary_large_image\" \/>\n<meta name=\"twitter:label1\" content=\"Gesch\u00e4tzte Lesezeit\" \/>\n\t<meta name=\"twitter:data1\" content=\"1\u00a0Minute\" \/>\n<script type=\"application\/ld+json\" class=\"yoast-schema-graph\">{\"@context\":\"https:\/\/schema.org\",\"@graph\":[{\"@type\":\"WebPage\",\"@id\":\"https:\/\/ecoprogress.eu\/de\/produkt\/stojan-spiralovy-typ-01\/\",\"url\":\"https:\/\/ecoprogress.eu\/de\/produkt\/stojan-spiralovy-typ-01\/\",\"name\":\"Stojan \u0161pir\u00e1lov\u00fd typ 01 | Ecoprogress\",\"isPartOf\":{\"@id\":\"https:\/\/ecoprogress.eu\/de\/#website\"},\"primaryImageOfPage\":{\"@id\":\"https:\/\/ecoprogress.eu\/de\/produkt\/stojan-spiralovy-typ-01\/#primaryimage\"},\"image\":{\"@id\":\"https:\/\/ecoprogress.eu\/de\/produkt\/stojan-spiralovy-typ-01\/#primaryimage\"},\"thumbnailUrl\":\"https:\/\/ecoprogress.eu\/wp-content\/uploads\/Snimka-obrazovky-2021-07-02-o-14.17.44.png\",\"datePublished\":\"2021-07-01T13:50:35+00:00\",\"dateModified\":\"2022-12-14T13:04:27+00:00\",\"description\":\"Stojan \u0161pir\u00e1lov\u00fd typ 01 je kombin\u00e1ciou mas\u00edvnej kon\u0161trukcie s dizajnov\u00fdm a modern\u00fdm tvarom.\",\"breadcrumb\":{\"@id\":\"https:\/\/ecoprogress.eu\/de\/produkt\/stojan-spiralovy-typ-01\/#breadcrumb\"},\"inLanguage\":\"de\",\"potentialAction\":[{\"@type\":\"ReadAction\",\"target\":[\"https:\/\/ecoprogress.eu\/de\/produkt\/stojan-spiralovy-typ-01\/\"]}]},{\"@type\":\"ImageObject\",\"inLanguage\":\"de\",\"@id\":\"https:\/\/ecoprogress.eu\/de\/produkt\/stojan-spiralovy-typ-01\/#primaryimage\",\"url\":\"https:\/\/ecoprogress.eu\/wp-content\/uploads\/Snimka-obrazovky-2021-07-02-o-14.17.44.png\",\"contentUrl\":\"https:\/\/ecoprogress.eu\/wp-content\/uploads\/Snimka-obrazovky-2021-07-02-o-14.17.44.png\",\"width\":1598,\"height\":1198},{\"@type\":\"BreadcrumbList\",\"@id\":\"https:\/\/ecoprogress.eu\/de\/produkt\/stojan-spiralovy-typ-01\/#breadcrumb\",\"itemListElement\":[{\"@type\":\"ListItem\",\"position\":1,\"name\":\"Produkte\",\"item\":\"https:\/\/ecoprogress.eu\/de\/produkte\/\"},{\"@type\":\"ListItem\",\"position\":2,\"name\":\"Stojan \u0161pir\u00e1lov\u00fd typ 01\"}]},{\"@type\":\"WebSite\",\"@id\":\"https:\/\/ecoprogress.eu\/de\/#website\",\"url\":\"https:\/\/ecoprogress.eu\/de\/\",\"name\":\"Ecoprogress\",\"description\":\"\",\"publisher\":{\"@id\":\"https:\/\/ecoprogress.eu\/de\/#organization\"},\"potentialAction\":[{\"@type\":\"SearchAction\",\"target\":{\"@type\":\"EntryPoint\",\"urlTemplate\":\"https:\/\/ecoprogress.eu\/de\/?s={search_term_string}\"},\"query-input\":{\"@type\":\"PropertyValueSpecification\",\"valueRequired\":true,\"valueName\":\"search_term_string\"}}],\"inLanguage\":\"de\"},{\"@type\":\"Organization\",\"@id\":\"https:\/\/ecoprogress.eu\/de\/#organization\",\"name\":\"Ecoprogress\",\"url\":\"https:\/\/ecoprogress.eu\/de\/\",\"logo\":{\"@type\":\"ImageObject\",\"inLanguage\":\"de\",\"@id\":\"https:\/\/ecoprogress.eu\/de\/#\/schema\/logo\/image\/\",\"url\":\"https:\/\/ecoprogress.eu\/wp-content\/uploads\/logo-2.svg\",\"contentUrl\":\"https:\/\/ecoprogress.eu\/wp-content\/uploads\/logo-2.svg\",\"width\":318,\"height\":349,\"caption\":\"Ecoprogress\"},\"image\":{\"@id\":\"https:\/\/ecoprogress.eu\/de\/#\/schema\/logo\/image\/\"}}]}<\/script>\n<!-- \/ Yoast SEO plugin. -->","yoast_head_json":{"title":"Stojan \u0161pir\u00e1lov\u00fd typ 01 | Ecoprogress","description":"Stojan \u0161pir\u00e1lov\u00fd typ 01 je kombin\u00e1ciou mas\u00edvnej kon\u0161trukcie s dizajnov\u00fdm a modern\u00fdm tvarom.","robots":{"index":"index","follow":"follow","max-snippet":"max-snippet:-1","max-image-preview":"max-image-preview:large","max-video-preview":"max-video-preview:-1"},"canonical":"https:\/\/ecoprogress.eu\/de\/produkt\/stojan-spiralovy-typ-01\/","og_locale":"de_DE","og_type":"article","og_title":"Stojan \u0161pir\u00e1lov\u00fd typ 01 | Ecoprogress","og_description":"Stojan \u0161pir\u00e1lov\u00fd typ 01 je kombin\u00e1ciou mas\u00edvnej kon\u0161trukcie s dizajnov\u00fdm a modern\u00fdm tvarom.","og_url":"https:\/\/ecoprogress.eu\/de\/produkt\/stojan-spiralovy-typ-01\/","og_site_name":"Ecoprogress","article_modified_time":"2022-12-14T13:04:27+00:00","og_image":[{"width":1598,"height":1198,"url":"https:\/\/ecoprogress.eu\/wp-content\/uploads\/Snimka-obrazovky-2021-07-02-o-14.17.44.png","type":"image\/png"}],"twitter_card":"summary_large_image","twitter_misc":{"Gesch\u00e4tzte Lesezeit":"1\u00a0Minute"},"schema":{"@context":"https:\/\/schema.org","@graph":[{"@type":"WebPage","@id":"https:\/\/ecoprogress.eu\/de\/produkt\/stojan-spiralovy-typ-01\/","url":"https:\/\/ecoprogress.eu\/de\/produkt\/stojan-spiralovy-typ-01\/","name":"Stojan \u0161pir\u00e1lov\u00fd typ 01 | Ecoprogress","isPartOf":{"@id":"https:\/\/ecoprogress.eu\/de\/#website"},"primaryImageOfPage":{"@id":"https:\/\/ecoprogress.eu\/de\/produkt\/stojan-spiralovy-typ-01\/#primaryimage"},"image":{"@id":"https:\/\/ecoprogress.eu\/de\/produkt\/stojan-spiralovy-typ-01\/#primaryimage"},"thumbnailUrl":"https:\/\/ecoprogress.eu\/wp-content\/uploads\/Snimka-obrazovky-2021-07-02-o-14.17.44.png","datePublished":"2021-07-01T13:50:35+00:00","dateModified":"2022-12-14T13:04:27+00:00","description":"Stojan \u0161pir\u00e1lov\u00fd typ 01 je kombin\u00e1ciou mas\u00edvnej kon\u0161trukcie s dizajnov\u00fdm a modern\u00fdm tvarom.","breadcrumb":{"@id":"https:\/\/ecoprogress.eu\/de\/produkt\/stojan-spiralovy-typ-01\/#breadcrumb"},"inLanguage":"de","potentialAction":[{"@type":"ReadAction","target":["https:\/\/ecoprogress.eu\/de\/produkt\/stojan-spiralovy-typ-01\/"]}]},{"@type":"ImageObject","inLanguage":"de","@id":"https:\/\/ecoprogress.eu\/de\/produkt\/stojan-spiralovy-typ-01\/#primaryimage","url":"https:\/\/ecoprogress.eu\/wp-content\/uploads\/Snimka-obrazovky-2021-07-02-o-14.17.44.png","contentUrl":"https:\/\/ecoprogress.eu\/wp-content\/uploads\/Snimka-obrazovky-2021-07-02-o-14.17.44.png","width":1598,"height":1198},{"@type":"BreadcrumbList","@id":"https:\/\/ecoprogress.eu\/de\/produkt\/stojan-spiralovy-typ-01\/#breadcrumb","itemListElement":[{"@type":"ListItem","position":1,"name":"Produkte","item":"https:\/\/ecoprogress.eu\/de\/produkte\/"},{"@type":"ListItem","position":2,"name":"Stojan \u0161pir\u00e1lov\u00fd typ 01"}]},{"@type":"WebSite","@id":"https:\/\/ecoprogress.eu\/de\/#website","url":"https:\/\/ecoprogress.eu\/de\/","name":"Ecoprogress","description":"","publisher":{"@id":"https:\/\/ecoprogress.eu\/de\/#organization"},"potentialAction":[{"@type":"SearchAction","target":{"@type":"EntryPoint","urlTemplate":"https:\/\/ecoprogress.eu\/de\/?s={search_term_string}"},"query-input":{"@type":"PropertyValueSpecification","valueRequired":true,"valueName":"search_term_string"}}],"inLanguage":"de"},{"@type":"Organization","@id":"https:\/\/ecoprogress.eu\/de\/#organization","name":"Ecoprogress","url":"https:\/\/ecoprogress.eu\/de\/","logo":{"@type":"ImageObject","inLanguage":"de","@id":"https:\/\/ecoprogress.eu\/de\/#\/schema\/logo\/image\/","url":"https:\/\/ecoprogress.eu\/wp-content\/uploads\/logo-2.svg","contentUrl":"https:\/\/ecoprogress.eu\/wp-content\/uploads\/logo-2.svg","width":318,"height":349,"caption":"Ecoprogress"},"image":{"@id":"https:\/\/ecoprogress.eu\/de\/#\/schema\/logo\/image\/"}}]}},"_links":{"self":[{"href":"https:\/\/ecoprogress.eu\/de\/wp-json\/wp\/v2\/product\/5860","targetHints":{"allow":["GET"]}}],"collection":[{"href":"https:\/\/ecoprogress.eu\/de\/wp-json\/wp\/v2\/product"}],"about":[{"href":"https:\/\/ecoprogress.eu\/de\/wp-json\/wp\/v2\/types\/product"}],"version-history":[{"count":0,"href":"https:\/\/ecoprogress.eu\/de\/wp-json\/wp\/v2\/product\/5860\/revisions"}],"wp:featuredmedia":[{"embeddable":true,"href":"https:\/\/ecoprogress.eu\/de\/wp-json\/wp\/v2\/media\/5874"}],"wp:attachment":[{"href":"https:\/\/ecoprogress.eu\/de\/wp-json\/wp\/v2\/media?parent=5860"}],"wp:term":[{"taxonomy":"product_brand","embeddable":true,"href":"https:\/\/ecoprogress.eu\/de\/wp-json\/wp\/v2\/product_brand?post=5860"},{"taxonomy":"product_cat","embeddable":true,"href":"https:\/\/ecoprogress.eu\/de\/wp-json\/wp\/v2\/product_cat?post=5860"},{"taxonomy":"product_tag","embeddable":true,"href":"https:\/\/ecoprogress.eu\/de\/wp-json\/wp\/v2\/product_tag?post=5860"}],"curies":[{"name":"wp","href":"https:\/\/api.w.org\/{rel}","templated":true}]}}