{"id":59740,"date":"2025-04-24T13:49:55","date_gmt":"2025-04-24T11:49:55","guid":{"rendered":"https:\/\/ecoprogress.eu\/?post_type=product&#038;p=59740"},"modified":"2025-04-30T09:52:04","modified_gmt":"2025-04-30T07:52:04","slug":"stojan-na-priviazanie-psa-typ-08","status":"publish","type":"product","link":"https:\/\/ecoprogress.eu\/de\/produkt\/stojan-na-priviazanie-psa-typ-08\/","title":{"rendered":"Stojan na priviazanie psa typ 08"},"content":{"rendered":"<p>Dodanie 4-6 t\u00fd\u017ed\u0148ov (pod\u013ea stavu skladov\u00fdch z\u00e1sob)<\/p>\n\n<table id=\"tablepress-3311\" class=\"tablepress tablepress-id-3311\">\n<thead>\n<tr class=\"row-1\">\n\t<th class=\"column-1\">v\u00fd\u0161ka stojanu<\/th><th class=\"column-2\">80 cm<\/th>\n<\/tr>\n<\/thead>\n<tbody class=\"row-striping row-hover\">\n<tr class=\"row-2\">\n\t<td class=\"column-1\">\u00d8<\/td><td class=\"column-2\">48,3 mm<\/td>\n<\/tr>\n<tr class=\"row-3\">\n\t<td class=\"column-1\">\u0161\u00edrka<\/td><td class=\"column-2\">35 cm<\/td>\n<\/tr>\n<\/tbody>\n<\/table>\n\n","protected":false},"excerpt":{"rendered":"<p>Stojan na priviazanie psa typ 08 zabezpe\u010d\u00ed sp\u00f4sob, ako do\u010dasne ponecha\u0165 svojho dom\u00e1ceho mil\u00e1\u010dika bez dozoru. Praktick\u00e9 umiestnenie pri obchodoch, n\u00e1kupn\u00fdch centr\u00e1ch alebo kancel\u00e1ri\u00e1ch. Tento typ je dodato\u010dne vybaven\u00fd nap\u00e1ja\u010dkou pre psov.<\/p>\n","protected":false},"featured_media":59836,"template":"","meta":[],"product_brand":[],"product_cat":[293],"product_tag":[],"class_list":{"0":"post-59740","1":"product","2":"type-product","3":"status-publish","4":"has-post-thumbnail","6":"product_cat-stojany-na-priviazanie-psa","7":"product_shipping_class-stojany","9":"first","10":"instock","11":"taxable","12":"shipping-taxable","13":"purchasable","14":"product-type-variable"},"yoast_head":"<!-- This site is optimized with the Yoast SEO plugin v27.2 - https:\/\/yoast.com\/product\/yoast-seo-wordpress\/ -->\n<title>Stojan na priviazanie psa typ 08 | Ecoprogress<\/title>\n<meta name=\"description\" content=\"Stojan na priviazanie psa typ 08 zabezpe\u010d\u00ed sp\u00f4sob, ako do\u010dasne ponecha\u0165 svojho dom\u00e1ceho mil\u00e1\u010dika bez dozoru. Praktick\u00e9 umiestnenie pri obchodoch, n\u00e1kupn\u00fdch centr\u00e1ch alebo kancel\u00e1ri\u00e1ch.\" \/>\n<meta name=\"robots\" content=\"index, follow, max-snippet:-1, max-image-preview:large, max-video-preview:-1\" \/>\n<link rel=\"canonical\" href=\"https:\/\/ecoprogress.eu\/de\/produkt\/stojan-na-priviazanie-psa-typ-08\/\" \/>\n<meta property=\"og:locale\" content=\"de_DE\" \/>\n<meta property=\"og:type\" content=\"article\" \/>\n<meta property=\"og:title\" content=\"Stojan na priviazanie psa typ 08 | Ecoprogress\" \/>\n<meta property=\"og:description\" content=\"Stojan na priviazanie psa typ 08 zabezpe\u010d\u00ed sp\u00f4sob, ako do\u010dasne ponecha\u0165 svojho dom\u00e1ceho mil\u00e1\u010dika bez dozoru. Praktick\u00e9 umiestnenie pri obchodoch, n\u00e1kupn\u00fdch centr\u00e1ch alebo kancel\u00e1ri\u00e1ch.\" \/>\n<meta property=\"og:url\" content=\"https:\/\/ecoprogress.eu\/de\/produkt\/stojan-na-priviazanie-psa-typ-08\/\" \/>\n<meta property=\"og:site_name\" content=\"Ecoprogress\" \/>\n<meta property=\"article:modified_time\" content=\"2025-04-30T07:52:04+00:00\" \/>\n<meta property=\"og:image\" content=\"https:\/\/ecoprogress.eu\/wp-content\/uploads\/stojan-pre-psa-08.webp\" \/>\n\t<meta property=\"og:image:width\" content=\"800\" \/>\n\t<meta property=\"og:image:height\" content=\"600\" \/>\n\t<meta property=\"og:image:type\" content=\"image\/webp\" \/>\n<meta name=\"twitter:card\" content=\"summary_large_image\" \/>\n<meta name=\"twitter:label1\" content=\"Gesch\u00e4tzte Lesezeit\" \/>\n\t<meta name=\"twitter:data1\" content=\"1\u00a0Minute\" \/>\n<script type=\"application\/ld+json\" class=\"yoast-schema-graph\">{\"@context\":\"https:\/\/schema.org\",\"@graph\":[{\"@type\":\"WebPage\",\"@id\":\"https:\/\/ecoprogress.eu\/de\/produkt\/stojan-na-priviazanie-psa-typ-08\/\",\"url\":\"https:\/\/ecoprogress.eu\/de\/produkt\/stojan-na-priviazanie-psa-typ-08\/\",\"name\":\"Stojan na priviazanie psa typ 08 | Ecoprogress\",\"isPartOf\":{\"@id\":\"https:\/\/ecoprogress.eu\/de\/#website\"},\"primaryImageOfPage\":{\"@id\":\"https:\/\/ecoprogress.eu\/de\/produkt\/stojan-na-priviazanie-psa-typ-08\/#primaryimage\"},\"image\":{\"@id\":\"https:\/\/ecoprogress.eu\/de\/produkt\/stojan-na-priviazanie-psa-typ-08\/#primaryimage\"},\"thumbnailUrl\":\"https:\/\/ecoprogress.eu\/wp-content\/uploads\/stojan-pre-psa-08.webp\",\"datePublished\":\"2025-04-24T11:49:55+00:00\",\"dateModified\":\"2025-04-30T07:52:04+00:00\",\"description\":\"Stojan na priviazanie psa typ 08 zabezpe\u010d\u00ed sp\u00f4sob, ako do\u010dasne ponecha\u0165 svojho dom\u00e1ceho mil\u00e1\u010dika bez dozoru. Praktick\u00e9 umiestnenie pri obchodoch, n\u00e1kupn\u00fdch centr\u00e1ch alebo kancel\u00e1ri\u00e1ch.\",\"breadcrumb\":{\"@id\":\"https:\/\/ecoprogress.eu\/de\/produkt\/stojan-na-priviazanie-psa-typ-08\/#breadcrumb\"},\"inLanguage\":\"de\",\"potentialAction\":[{\"@type\":\"ReadAction\",\"target\":[\"https:\/\/ecoprogress.eu\/de\/produkt\/stojan-na-priviazanie-psa-typ-08\/\"]}]},{\"@type\":\"ImageObject\",\"inLanguage\":\"de\",\"@id\":\"https:\/\/ecoprogress.eu\/de\/produkt\/stojan-na-priviazanie-psa-typ-08\/#primaryimage\",\"url\":\"https:\/\/ecoprogress.eu\/wp-content\/uploads\/stojan-pre-psa-08.webp\",\"contentUrl\":\"https:\/\/ecoprogress.eu\/wp-content\/uploads\/stojan-pre-psa-08.webp\",\"width\":800,\"height\":600},{\"@type\":\"BreadcrumbList\",\"@id\":\"https:\/\/ecoprogress.eu\/de\/produkt\/stojan-na-priviazanie-psa-typ-08\/#breadcrumb\",\"itemListElement\":[{\"@type\":\"ListItem\",\"position\":1,\"name\":\"Produkte\",\"item\":\"https:\/\/ecoprogress.eu\/de\/produkte\/\"},{\"@type\":\"ListItem\",\"position\":2,\"name\":\"Stojan na priviazanie psa typ 08\"}]},{\"@type\":\"WebSite\",\"@id\":\"https:\/\/ecoprogress.eu\/de\/#website\",\"url\":\"https:\/\/ecoprogress.eu\/de\/\",\"name\":\"Ecoprogress\",\"description\":\"\",\"publisher\":{\"@id\":\"https:\/\/ecoprogress.eu\/de\/#organization\"},\"potentialAction\":[{\"@type\":\"SearchAction\",\"target\":{\"@type\":\"EntryPoint\",\"urlTemplate\":\"https:\/\/ecoprogress.eu\/de\/?s={search_term_string}\"},\"query-input\":{\"@type\":\"PropertyValueSpecification\",\"valueRequired\":true,\"valueName\":\"search_term_string\"}}],\"inLanguage\":\"de\"},{\"@type\":\"Organization\",\"@id\":\"https:\/\/ecoprogress.eu\/de\/#organization\",\"name\":\"Ecoprogress\",\"url\":\"https:\/\/ecoprogress.eu\/de\/\",\"logo\":{\"@type\":\"ImageObject\",\"inLanguage\":\"de\",\"@id\":\"https:\/\/ecoprogress.eu\/de\/#\/schema\/logo\/image\/\",\"url\":\"https:\/\/ecoprogress.eu\/wp-content\/uploads\/logo-2.svg\",\"contentUrl\":\"https:\/\/ecoprogress.eu\/wp-content\/uploads\/logo-2.svg\",\"width\":318,\"height\":349,\"caption\":\"Ecoprogress\"},\"image\":{\"@id\":\"https:\/\/ecoprogress.eu\/de\/#\/schema\/logo\/image\/\"}}]}<\/script>\n<!-- \/ Yoast SEO plugin. -->","yoast_head_json":{"title":"Stojan na priviazanie psa typ 08 | Ecoprogress","description":"Stojan na priviazanie psa typ 08 zabezpe\u010d\u00ed sp\u00f4sob, ako do\u010dasne ponecha\u0165 svojho dom\u00e1ceho mil\u00e1\u010dika bez dozoru. Praktick\u00e9 umiestnenie pri obchodoch, n\u00e1kupn\u00fdch centr\u00e1ch alebo kancel\u00e1ri\u00e1ch.","robots":{"index":"index","follow":"follow","max-snippet":"max-snippet:-1","max-image-preview":"max-image-preview:large","max-video-preview":"max-video-preview:-1"},"canonical":"https:\/\/ecoprogress.eu\/de\/produkt\/stojan-na-priviazanie-psa-typ-08\/","og_locale":"de_DE","og_type":"article","og_title":"Stojan na priviazanie psa typ 08 | Ecoprogress","og_description":"Stojan na priviazanie psa typ 08 zabezpe\u010d\u00ed sp\u00f4sob, ako do\u010dasne ponecha\u0165 svojho dom\u00e1ceho mil\u00e1\u010dika bez dozoru. Praktick\u00e9 umiestnenie pri obchodoch, n\u00e1kupn\u00fdch centr\u00e1ch alebo kancel\u00e1ri\u00e1ch.","og_url":"https:\/\/ecoprogress.eu\/de\/produkt\/stojan-na-priviazanie-psa-typ-08\/","og_site_name":"Ecoprogress","article_modified_time":"2025-04-30T07:52:04+00:00","og_image":[{"width":800,"height":600,"url":"https:\/\/ecoprogress.eu\/wp-content\/uploads\/stojan-pre-psa-08.webp","type":"image\/webp"}],"twitter_card":"summary_large_image","twitter_misc":{"Gesch\u00e4tzte Lesezeit":"1\u00a0Minute"},"schema":{"@context":"https:\/\/schema.org","@graph":[{"@type":"WebPage","@id":"https:\/\/ecoprogress.eu\/de\/produkt\/stojan-na-priviazanie-psa-typ-08\/","url":"https:\/\/ecoprogress.eu\/de\/produkt\/stojan-na-priviazanie-psa-typ-08\/","name":"Stojan na priviazanie psa typ 08 | Ecoprogress","isPartOf":{"@id":"https:\/\/ecoprogress.eu\/de\/#website"},"primaryImageOfPage":{"@id":"https:\/\/ecoprogress.eu\/de\/produkt\/stojan-na-priviazanie-psa-typ-08\/#primaryimage"},"image":{"@id":"https:\/\/ecoprogress.eu\/de\/produkt\/stojan-na-priviazanie-psa-typ-08\/#primaryimage"},"thumbnailUrl":"https:\/\/ecoprogress.eu\/wp-content\/uploads\/stojan-pre-psa-08.webp","datePublished":"2025-04-24T11:49:55+00:00","dateModified":"2025-04-30T07:52:04+00:00","description":"Stojan na priviazanie psa typ 08 zabezpe\u010d\u00ed sp\u00f4sob, ako do\u010dasne ponecha\u0165 svojho dom\u00e1ceho mil\u00e1\u010dika bez dozoru. Praktick\u00e9 umiestnenie pri obchodoch, n\u00e1kupn\u00fdch centr\u00e1ch alebo kancel\u00e1ri\u00e1ch.","breadcrumb":{"@id":"https:\/\/ecoprogress.eu\/de\/produkt\/stojan-na-priviazanie-psa-typ-08\/#breadcrumb"},"inLanguage":"de","potentialAction":[{"@type":"ReadAction","target":["https:\/\/ecoprogress.eu\/de\/produkt\/stojan-na-priviazanie-psa-typ-08\/"]}]},{"@type":"ImageObject","inLanguage":"de","@id":"https:\/\/ecoprogress.eu\/de\/produkt\/stojan-na-priviazanie-psa-typ-08\/#primaryimage","url":"https:\/\/ecoprogress.eu\/wp-content\/uploads\/stojan-pre-psa-08.webp","contentUrl":"https:\/\/ecoprogress.eu\/wp-content\/uploads\/stojan-pre-psa-08.webp","width":800,"height":600},{"@type":"BreadcrumbList","@id":"https:\/\/ecoprogress.eu\/de\/produkt\/stojan-na-priviazanie-psa-typ-08\/#breadcrumb","itemListElement":[{"@type":"ListItem","position":1,"name":"Produkte","item":"https:\/\/ecoprogress.eu\/de\/produkte\/"},{"@type":"ListItem","position":2,"name":"Stojan na priviazanie psa typ 08"}]},{"@type":"WebSite","@id":"https:\/\/ecoprogress.eu\/de\/#website","url":"https:\/\/ecoprogress.eu\/de\/","name":"Ecoprogress","description":"","publisher":{"@id":"https:\/\/ecoprogress.eu\/de\/#organization"},"potentialAction":[{"@type":"SearchAction","target":{"@type":"EntryPoint","urlTemplate":"https:\/\/ecoprogress.eu\/de\/?s={search_term_string}"},"query-input":{"@type":"PropertyValueSpecification","valueRequired":true,"valueName":"search_term_string"}}],"inLanguage":"de"},{"@type":"Organization","@id":"https:\/\/ecoprogress.eu\/de\/#organization","name":"Ecoprogress","url":"https:\/\/ecoprogress.eu\/de\/","logo":{"@type":"ImageObject","inLanguage":"de","@id":"https:\/\/ecoprogress.eu\/de\/#\/schema\/logo\/image\/","url":"https:\/\/ecoprogress.eu\/wp-content\/uploads\/logo-2.svg","contentUrl":"https:\/\/ecoprogress.eu\/wp-content\/uploads\/logo-2.svg","width":318,"height":349,"caption":"Ecoprogress"},"image":{"@id":"https:\/\/ecoprogress.eu\/de\/#\/schema\/logo\/image\/"}}]}},"_links":{"self":[{"href":"https:\/\/ecoprogress.eu\/de\/wp-json\/wp\/v2\/product\/59740","targetHints":{"allow":["GET"]}}],"collection":[{"href":"https:\/\/ecoprogress.eu\/de\/wp-json\/wp\/v2\/product"}],"about":[{"href":"https:\/\/ecoprogress.eu\/de\/wp-json\/wp\/v2\/types\/product"}],"version-history":[{"count":4,"href":"https:\/\/ecoprogress.eu\/de\/wp-json\/wp\/v2\/product\/59740\/revisions"}],"predecessor-version":[{"id":59860,"href":"https:\/\/ecoprogress.eu\/de\/wp-json\/wp\/v2\/product\/59740\/revisions\/59860"}],"wp:featuredmedia":[{"embeddable":true,"href":"https:\/\/ecoprogress.eu\/de\/wp-json\/wp\/v2\/media\/59836"}],"wp:attachment":[{"href":"https:\/\/ecoprogress.eu\/de\/wp-json\/wp\/v2\/media?parent=59740"}],"wp:term":[{"taxonomy":"product_brand","embeddable":true,"href":"https:\/\/ecoprogress.eu\/de\/wp-json\/wp\/v2\/product_brand?post=59740"},{"taxonomy":"product_cat","embeddable":true,"href":"https:\/\/ecoprogress.eu\/de\/wp-json\/wp\/v2\/product_cat?post=59740"},{"taxonomy":"product_tag","embeddable":true,"href":"https:\/\/ecoprogress.eu\/de\/wp-json\/wp\/v2\/product_tag?post=59740"}],"curies":[{"name":"wp","href":"https:\/\/api.w.org\/{rel}","templated":true}]}}