{"id":6126,"date":"2021-07-08T14:08:00","date_gmt":"2021-07-08T12:08:00","guid":{"rendered":"https:\/\/ecoprogress.eu\/?post_type=product&#038;p=6126"},"modified":"2025-02-27T16:19:29","modified_gmt":"2025-02-27T15:19:29","slug":"stojan-modulovy-typ-12-pre-3-bicykle","status":"publish","type":"product","link":"https:\/\/ecoprogress.eu\/de\/produkt\/stojan-modulovy-typ-12-pre-3-bicykle\/","title":{"rendered":"Stojan modulov\u00fd typ 12 pre 03 bicykle"},"content":{"rendered":"<p>Dodanie 4-6 t\u00fd\u017ed\u0148ov (pod\u013ea stavu skladov\u00fdch z\u00e1sob)<\/p>\n\n<table id=\"tablepress-118\" class=\"tablepress tablepress-id-118\">\n<tbody class=\"row-striping row-hover\">\n<tr class=\"row-1\">\n\t<td class=\"column-1\">po\u010det stanov\u00edsk<\/td><td class=\"column-2\">3<\/td>\n<\/tr>\n<tr class=\"row-2\">\n\t<td class=\"column-1\">\u0161\u00edrka<\/td><td class=\"column-2\">114 cm<\/td>\n<\/tr>\n<tr class=\"row-3\">\n\t<td class=\"column-1\">v\u00fd\u0161ka<\/td><td class=\"column-2\">55 cm<\/td>\n<\/tr>\n<tr class=\"row-4\">\n\t<td class=\"column-1\">h\u013abka<\/td><td class=\"column-2\">31 cm<\/td>\n<\/tr>\n<tr class=\"row-5\">\n\t<td class=\"column-1\">\u0161\u00edrka stanoviska<\/td><td class=\"column-2\">6,5 cm<\/td>\n<\/tr>\n<tr class=\"row-6\">\n\t<td class=\"column-1\">medzi stanoviskami<\/td><td class=\"column-2\">42 cm<\/td>\n<\/tr>\n<tr class=\"row-7\">\n\t<td class=\"column-1\">prierez r\u00fary<\/td><td class=\"column-2\">18 mm<\/td>\n<\/tr>\n<tr class=\"row-8\">\n\t<td class=\"column-1\">hr\u00fabka r\u00fary<\/td><td class=\"column-2\">2 mm<\/td>\n<\/tr>\n<tr class=\"row-9\">\n\t<td class=\"column-1\">profil stojanu<\/td><td class=\"column-2\">30 x 30 x 1,5 mm<\/td>\n<\/tr>\n<tr class=\"row-10\">\n\t<td class=\"column-1\">materi\u00e1l<\/td><td class=\"column-2\">oce\u013e pozinkovan\u00e1, oce\u013e nehrdzavej\u00faca, oce\u013e pozinkovan\u00e1 malovan\u00e1<\/td>\n<\/tr>\n<tr class=\"row-11\">\n\t<td class=\"column-1\">regul\u00e1cia stanov\u00edsk<\/td><td class=\"column-2\">neregulovan\u00e9<\/td>\n<\/tr>\n<tr class=\"row-12\">\n\t<td class=\"column-1\">sp\u00f4sob parkovania<\/td><td class=\"column-2\">jednostrann\u00e9<\/td>\n<\/tr>\n<tr class=\"row-13\">\n\t<td class=\"column-1\">sp\u00f4sob ukotvenia<\/td><td class=\"column-2\">do zeme<\/td>\n<\/tr>\n<tr class=\"row-14\">\n\t<td class=\"column-1\">sp\u00f4sob mont\u00e1\u017ee<\/td><td class=\"column-2\">skrutky<\/td>\n<\/tr>\n<tr class=\"row-15\">\n\t<td class=\"column-1\">mont\u00e1\u017e<\/td><td class=\"column-2\">6 roz\u0161irovacie z\u00e1tky \u00d8 12 x 60 mm pre skrutky \u00d8 8 x 80 mm (s\u00fa\u010das\u0165ou balenia), k\u013e\u00fa\u010dom 13<\/td>\n<\/tr>\n<\/tbody>\n<\/table>\n\n","protected":false},"excerpt":{"rendered":"<p>Stojan modulov\u00fd typ 12 sa vyzna\u010duje pevn\u00fdmi profilmi, ktor\u00e9 dr\u017eia nosi\u010d vertik\u00e1lne a z\u00e1rove\u0148 ho chr\u00e1nia pred \u013eahk\u00fdm odcudzen\u00edm a vandalizmom. Dokonale zapad\u00e1 ako prvok drobnej architekt\u00fary do parkov, n\u00e1mest\u00ed, \u0161portov\u00fdch a rekrea\u010dn\u00fdch zariaden\u00ed.<\/p>\n<p>&nbsp;<\/p>\n","protected":false},"featured_media":6128,"template":"","meta":[],"product_brand":[],"product_cat":[219,156],"product_tag":[],"class_list":{"0":"post-6126","1":"product","2":"type-product","3":"status-publish","4":"has-post-thumbnail","6":"product_cat-modulove","7":"product_cat-stojany-na-bicykle","8":"product_shipping_class-stojany","10":"first","11":"instock","12":"taxable","13":"shipping-taxable","14":"purchasable","15":"product-type-variable"},"yoast_head":"<!-- This site is optimized with the Yoast SEO plugin v27.2 - https:\/\/yoast.com\/product\/yoast-seo-wordpress\/ -->\n<title>Stojan modulov\u00fd typ 12 pre 03 bicykle | Ecoprogress<\/title>\n<meta name=\"description\" content=\"Stojan modulov\u00fd typ 12 sa vyzna\u010duje pevn\u00fdmi profilmi, ktor\u00e9 dr\u017eia nosi\u010d vertik\u00e1lne a z\u00e1rove\u0148 ho chr\u00e1nia pred \u013eahk\u00fdm odcudzen\u00edm a vandalizmom.\" \/>\n<meta name=\"robots\" content=\"index, follow, max-snippet:-1, max-image-preview:large, max-video-preview:-1\" \/>\n<link rel=\"canonical\" href=\"https:\/\/ecoprogress.eu\/de\/produkt\/stojan-modulovy-typ-12-pre-3-bicykle\/\" \/>\n<meta property=\"og:locale\" content=\"de_DE\" \/>\n<meta property=\"og:type\" content=\"article\" \/>\n<meta property=\"og:title\" content=\"Stojan modulov\u00fd typ 12 pre 03 bicykle | Ecoprogress\" \/>\n<meta property=\"og:description\" content=\"Stojan modulov\u00fd typ 12 sa vyzna\u010duje pevn\u00fdmi profilmi, ktor\u00e9 dr\u017eia nosi\u010d vertik\u00e1lne a z\u00e1rove\u0148 ho chr\u00e1nia pred \u013eahk\u00fdm odcudzen\u00edm a vandalizmom.\" \/>\n<meta property=\"og:url\" content=\"https:\/\/ecoprogress.eu\/de\/produkt\/stojan-modulovy-typ-12-pre-3-bicykle\/\" \/>\n<meta property=\"og:site_name\" content=\"Ecoprogress\" \/>\n<meta property=\"article:modified_time\" content=\"2025-02-27T15:19:29+00:00\" \/>\n<meta property=\"og:image\" content=\"https:\/\/ecoprogress.eu\/wp-content\/uploads\/Snimka-obrazovky-2021-07-08-o-15.07.14.png\" \/>\n\t<meta property=\"og:image:width\" content=\"1602\" \/>\n\t<meta property=\"og:image:height\" content=\"1090\" \/>\n\t<meta property=\"og:image:type\" content=\"image\/png\" \/>\n<meta name=\"twitter:card\" content=\"summary_large_image\" \/>\n<meta name=\"twitter:label1\" content=\"Gesch\u00e4tzte Lesezeit\" \/>\n\t<meta name=\"twitter:data1\" content=\"1\u00a0Minute\" \/>\n<script type=\"application\/ld+json\" class=\"yoast-schema-graph\">{\"@context\":\"https:\/\/schema.org\",\"@graph\":[{\"@type\":\"WebPage\",\"@id\":\"https:\/\/ecoprogress.eu\/de\/produkt\/stojan-modulovy-typ-12-pre-3-bicykle\/\",\"url\":\"https:\/\/ecoprogress.eu\/de\/produkt\/stojan-modulovy-typ-12-pre-3-bicykle\/\",\"name\":\"Stojan modulov\u00fd typ 12 pre 03 bicykle | Ecoprogress\",\"isPartOf\":{\"@id\":\"https:\/\/ecoprogress.eu\/de\/#website\"},\"primaryImageOfPage\":{\"@id\":\"https:\/\/ecoprogress.eu\/de\/produkt\/stojan-modulovy-typ-12-pre-3-bicykle\/#primaryimage\"},\"image\":{\"@id\":\"https:\/\/ecoprogress.eu\/de\/produkt\/stojan-modulovy-typ-12-pre-3-bicykle\/#primaryimage\"},\"thumbnailUrl\":\"https:\/\/ecoprogress.eu\/wp-content\/uploads\/Snimka-obrazovky-2021-07-08-o-15.07.14.png\",\"datePublished\":\"2021-07-08T12:08:00+00:00\",\"dateModified\":\"2025-02-27T15:19:29+00:00\",\"description\":\"Stojan modulov\u00fd typ 12 sa vyzna\u010duje pevn\u00fdmi profilmi, ktor\u00e9 dr\u017eia nosi\u010d vertik\u00e1lne a z\u00e1rove\u0148 ho chr\u00e1nia pred \u013eahk\u00fdm odcudzen\u00edm a vandalizmom.\",\"breadcrumb\":{\"@id\":\"https:\/\/ecoprogress.eu\/de\/produkt\/stojan-modulovy-typ-12-pre-3-bicykle\/#breadcrumb\"},\"inLanguage\":\"de\",\"potentialAction\":[{\"@type\":\"ReadAction\",\"target\":[\"https:\/\/ecoprogress.eu\/de\/produkt\/stojan-modulovy-typ-12-pre-3-bicykle\/\"]}]},{\"@type\":\"ImageObject\",\"inLanguage\":\"de\",\"@id\":\"https:\/\/ecoprogress.eu\/de\/produkt\/stojan-modulovy-typ-12-pre-3-bicykle\/#primaryimage\",\"url\":\"https:\/\/ecoprogress.eu\/wp-content\/uploads\/Snimka-obrazovky-2021-07-08-o-15.07.14.png\",\"contentUrl\":\"https:\/\/ecoprogress.eu\/wp-content\/uploads\/Snimka-obrazovky-2021-07-08-o-15.07.14.png\",\"width\":1602,\"height\":1090},{\"@type\":\"BreadcrumbList\",\"@id\":\"https:\/\/ecoprogress.eu\/de\/produkt\/stojan-modulovy-typ-12-pre-3-bicykle\/#breadcrumb\",\"itemListElement\":[{\"@type\":\"ListItem\",\"position\":1,\"name\":\"Produkte\",\"item\":\"https:\/\/ecoprogress.eu\/de\/produkte\/\"},{\"@type\":\"ListItem\",\"position\":2,\"name\":\"Stojan modulov\u00fd typ 12 pre 03 bicykle\"}]},{\"@type\":\"WebSite\",\"@id\":\"https:\/\/ecoprogress.eu\/de\/#website\",\"url\":\"https:\/\/ecoprogress.eu\/de\/\",\"name\":\"Ecoprogress\",\"description\":\"\",\"publisher\":{\"@id\":\"https:\/\/ecoprogress.eu\/de\/#organization\"},\"potentialAction\":[{\"@type\":\"SearchAction\",\"target\":{\"@type\":\"EntryPoint\",\"urlTemplate\":\"https:\/\/ecoprogress.eu\/de\/?s={search_term_string}\"},\"query-input\":{\"@type\":\"PropertyValueSpecification\",\"valueRequired\":true,\"valueName\":\"search_term_string\"}}],\"inLanguage\":\"de\"},{\"@type\":\"Organization\",\"@id\":\"https:\/\/ecoprogress.eu\/de\/#organization\",\"name\":\"Ecoprogress\",\"url\":\"https:\/\/ecoprogress.eu\/de\/\",\"logo\":{\"@type\":\"ImageObject\",\"inLanguage\":\"de\",\"@id\":\"https:\/\/ecoprogress.eu\/de\/#\/schema\/logo\/image\/\",\"url\":\"https:\/\/ecoprogress.eu\/wp-content\/uploads\/logo-2.svg\",\"contentUrl\":\"https:\/\/ecoprogress.eu\/wp-content\/uploads\/logo-2.svg\",\"width\":318,\"height\":349,\"caption\":\"Ecoprogress\"},\"image\":{\"@id\":\"https:\/\/ecoprogress.eu\/de\/#\/schema\/logo\/image\/\"}}]}<\/script>\n<!-- \/ Yoast SEO plugin. -->","yoast_head_json":{"title":"Stojan modulov\u00fd typ 12 pre 03 bicykle | Ecoprogress","description":"Stojan modulov\u00fd typ 12 sa vyzna\u010duje pevn\u00fdmi profilmi, ktor\u00e9 dr\u017eia nosi\u010d vertik\u00e1lne a z\u00e1rove\u0148 ho chr\u00e1nia pred \u013eahk\u00fdm odcudzen\u00edm a vandalizmom.","robots":{"index":"index","follow":"follow","max-snippet":"max-snippet:-1","max-image-preview":"max-image-preview:large","max-video-preview":"max-video-preview:-1"},"canonical":"https:\/\/ecoprogress.eu\/de\/produkt\/stojan-modulovy-typ-12-pre-3-bicykle\/","og_locale":"de_DE","og_type":"article","og_title":"Stojan modulov\u00fd typ 12 pre 03 bicykle | Ecoprogress","og_description":"Stojan modulov\u00fd typ 12 sa vyzna\u010duje pevn\u00fdmi profilmi, ktor\u00e9 dr\u017eia nosi\u010d vertik\u00e1lne a z\u00e1rove\u0148 ho chr\u00e1nia pred \u013eahk\u00fdm odcudzen\u00edm a vandalizmom.","og_url":"https:\/\/ecoprogress.eu\/de\/produkt\/stojan-modulovy-typ-12-pre-3-bicykle\/","og_site_name":"Ecoprogress","article_modified_time":"2025-02-27T15:19:29+00:00","og_image":[{"width":1602,"height":1090,"url":"https:\/\/ecoprogress.eu\/wp-content\/uploads\/Snimka-obrazovky-2021-07-08-o-15.07.14.png","type":"image\/png"}],"twitter_card":"summary_large_image","twitter_misc":{"Gesch\u00e4tzte Lesezeit":"1\u00a0Minute"},"schema":{"@context":"https:\/\/schema.org","@graph":[{"@type":"WebPage","@id":"https:\/\/ecoprogress.eu\/de\/produkt\/stojan-modulovy-typ-12-pre-3-bicykle\/","url":"https:\/\/ecoprogress.eu\/de\/produkt\/stojan-modulovy-typ-12-pre-3-bicykle\/","name":"Stojan modulov\u00fd typ 12 pre 03 bicykle | Ecoprogress","isPartOf":{"@id":"https:\/\/ecoprogress.eu\/de\/#website"},"primaryImageOfPage":{"@id":"https:\/\/ecoprogress.eu\/de\/produkt\/stojan-modulovy-typ-12-pre-3-bicykle\/#primaryimage"},"image":{"@id":"https:\/\/ecoprogress.eu\/de\/produkt\/stojan-modulovy-typ-12-pre-3-bicykle\/#primaryimage"},"thumbnailUrl":"https:\/\/ecoprogress.eu\/wp-content\/uploads\/Snimka-obrazovky-2021-07-08-o-15.07.14.png","datePublished":"2021-07-08T12:08:00+00:00","dateModified":"2025-02-27T15:19:29+00:00","description":"Stojan modulov\u00fd typ 12 sa vyzna\u010duje pevn\u00fdmi profilmi, ktor\u00e9 dr\u017eia nosi\u010d vertik\u00e1lne a z\u00e1rove\u0148 ho chr\u00e1nia pred \u013eahk\u00fdm odcudzen\u00edm a vandalizmom.","breadcrumb":{"@id":"https:\/\/ecoprogress.eu\/de\/produkt\/stojan-modulovy-typ-12-pre-3-bicykle\/#breadcrumb"},"inLanguage":"de","potentialAction":[{"@type":"ReadAction","target":["https:\/\/ecoprogress.eu\/de\/produkt\/stojan-modulovy-typ-12-pre-3-bicykle\/"]}]},{"@type":"ImageObject","inLanguage":"de","@id":"https:\/\/ecoprogress.eu\/de\/produkt\/stojan-modulovy-typ-12-pre-3-bicykle\/#primaryimage","url":"https:\/\/ecoprogress.eu\/wp-content\/uploads\/Snimka-obrazovky-2021-07-08-o-15.07.14.png","contentUrl":"https:\/\/ecoprogress.eu\/wp-content\/uploads\/Snimka-obrazovky-2021-07-08-o-15.07.14.png","width":1602,"height":1090},{"@type":"BreadcrumbList","@id":"https:\/\/ecoprogress.eu\/de\/produkt\/stojan-modulovy-typ-12-pre-3-bicykle\/#breadcrumb","itemListElement":[{"@type":"ListItem","position":1,"name":"Produkte","item":"https:\/\/ecoprogress.eu\/de\/produkte\/"},{"@type":"ListItem","position":2,"name":"Stojan modulov\u00fd typ 12 pre 03 bicykle"}]},{"@type":"WebSite","@id":"https:\/\/ecoprogress.eu\/de\/#website","url":"https:\/\/ecoprogress.eu\/de\/","name":"Ecoprogress","description":"","publisher":{"@id":"https:\/\/ecoprogress.eu\/de\/#organization"},"potentialAction":[{"@type":"SearchAction","target":{"@type":"EntryPoint","urlTemplate":"https:\/\/ecoprogress.eu\/de\/?s={search_term_string}"},"query-input":{"@type":"PropertyValueSpecification","valueRequired":true,"valueName":"search_term_string"}}],"inLanguage":"de"},{"@type":"Organization","@id":"https:\/\/ecoprogress.eu\/de\/#organization","name":"Ecoprogress","url":"https:\/\/ecoprogress.eu\/de\/","logo":{"@type":"ImageObject","inLanguage":"de","@id":"https:\/\/ecoprogress.eu\/de\/#\/schema\/logo\/image\/","url":"https:\/\/ecoprogress.eu\/wp-content\/uploads\/logo-2.svg","contentUrl":"https:\/\/ecoprogress.eu\/wp-content\/uploads\/logo-2.svg","width":318,"height":349,"caption":"Ecoprogress"},"image":{"@id":"https:\/\/ecoprogress.eu\/de\/#\/schema\/logo\/image\/"}}]}},"_links":{"self":[{"href":"https:\/\/ecoprogress.eu\/de\/wp-json\/wp\/v2\/product\/6126","targetHints":{"allow":["GET"]}}],"collection":[{"href":"https:\/\/ecoprogress.eu\/de\/wp-json\/wp\/v2\/product"}],"about":[{"href":"https:\/\/ecoprogress.eu\/de\/wp-json\/wp\/v2\/types\/product"}],"version-history":[{"count":1,"href":"https:\/\/ecoprogress.eu\/de\/wp-json\/wp\/v2\/product\/6126\/revisions"}],"predecessor-version":[{"id":51784,"href":"https:\/\/ecoprogress.eu\/de\/wp-json\/wp\/v2\/product\/6126\/revisions\/51784"}],"wp:featuredmedia":[{"embeddable":true,"href":"https:\/\/ecoprogress.eu\/de\/wp-json\/wp\/v2\/media\/6128"}],"wp:attachment":[{"href":"https:\/\/ecoprogress.eu\/de\/wp-json\/wp\/v2\/media?parent=6126"}],"wp:term":[{"taxonomy":"product_brand","embeddable":true,"href":"https:\/\/ecoprogress.eu\/de\/wp-json\/wp\/v2\/product_brand?post=6126"},{"taxonomy":"product_cat","embeddable":true,"href":"https:\/\/ecoprogress.eu\/de\/wp-json\/wp\/v2\/product_cat?post=6126"},{"taxonomy":"product_tag","embeddable":true,"href":"https:\/\/ecoprogress.eu\/de\/wp-json\/wp\/v2\/product_tag?post=6126"}],"curies":[{"name":"wp","href":"https:\/\/api.w.org\/{rel}","templated":true}]}}