{"id":6248,"date":"2021-07-13T09:25:51","date_gmt":"2021-07-13T07:25:51","guid":{"rendered":"https:\/\/ecoprogress.eu\/?post_type=product&#038;p=6248"},"modified":"2025-02-28T12:52:21","modified_gmt":"2025-02-28T11:52:21","slug":"stojan-u-typ-2","status":"publish","type":"product","link":"https:\/\/ecoprogress.eu\/de\/produkt\/stojan-u-typ-2\/","title":{"rendered":"Stojan U typ 02"},"content":{"rendered":"<p>Dodanie 4-6 t\u00fd\u017ed\u0148ov (pod\u013ea stavu skladov\u00fdch z\u00e1sob)<\/p>\n\n<table id=\"tablepress-123\" class=\"tablepress tablepress-id-123\">\n<tbody class=\"row-striping row-hover\">\n<tr class=\"row-1\">\n\t<td class=\"column-1\">po\u010det stanov\u00edsk<\/td><td class=\"column-2\">3<\/td>\n<\/tr>\n<tr class=\"row-2\">\n\t<td class=\"column-1\">\u0161\u00edrka<\/td><td class=\"column-2\">180 cm<\/td>\n<\/tr>\n<tr class=\"row-3\">\n\t<td class=\"column-1\">v\u00fd\u0161ka<\/td><td class=\"column-2\">75 cm<\/td>\n<\/tr>\n<tr class=\"row-4\">\n\t<td class=\"column-1\">priemer r\u00farky<\/td><td class=\"column-2\">\u00d8 60,3 mm<\/td>\n<\/tr>\n<tr class=\"row-5\">\n\t<td class=\"column-1\">\u0161\u00edrka stanoviska<\/td><td class=\"column-2\">18 cm<\/td>\n<\/tr>\n<tr class=\"row-6\">\n\t<td class=\"column-1\">materi\u00e1l<\/td><td class=\"column-2\">oce\u013e pozinkovan\u00e1,oce\u013e pozinkovan\u00e1 malovan\u00e1<\/td>\n<\/tr>\n<tr class=\"row-7\">\n\t<td class=\"column-1\">regul\u00e1cia stanov\u00edsk<\/td><td class=\"column-2\">neregulovan\u00e9<\/td>\n<\/tr>\n<tr class=\"row-8\">\n\t<td class=\"column-1\">sp\u00f4sob ukotvenia<\/td><td class=\"column-2\">do zeme<\/td>\n<\/tr>\n<tr class=\"row-9\">\n\t<td class=\"column-1\">sp\u00f4sob mont\u00e1\u017ee<\/td><td class=\"column-2\">skrutky alebo zabet\u00f3novanie<\/td>\n<\/tr>\n<\/tbody>\n<\/table>\n<!-- #tablepress-123 from cache -->\n","protected":false},"excerpt":{"rendered":"<p>Stojan U typ 2 cel\u00fd vyroben\u00fd z r\u00fary \u00d8 60,3 mm v zauj\u00edmavom a origin\u00e1lnom dizajne. Stojan je k dispoz\u00edcii pre \u013eubovo\u013en\u00fd po\u010det poz\u00edci\u00ed.<\/p>\n<p>POZOR !!! Stojany v mo\u017enosti bet\u00f3novania nemaj\u00fa maskovacie r\u00e1my. Volite\u013ene s\u00fa tu dostupn\u00e9 maskuj\u00face rozety.<\/p>\n","protected":false},"featured_media":6260,"template":"","meta":[],"product_brand":[],"product_cat":[156,225],"product_tag":[],"class_list":{"0":"post-6248","1":"product","2":"type-product","3":"status-publish","4":"has-post-thumbnail","6":"product_cat-stojany-na-bicykle","7":"product_cat-u","8":"product_shipping_class-stojany","10":"first","11":"instock","12":"taxable","13":"shipping-taxable","14":"purchasable","15":"product-type-variable"},"yoast_head":"<!-- This site is optimized with the Yoast SEO plugin v27.2 - https:\/\/yoast.com\/product\/yoast-seo-wordpress\/ -->\n<title>Stojan U typ 02 | Ecoprogress<\/title>\n<meta name=\"description\" content=\"Stojan U typ 2 cel\u00fd vyroben\u00fd z r\u00fary \u00d8 60,3 mm v zauj\u00edmavom a origin\u00e1lnom dizajne. Stojan je k dispoz\u00edcii pre \u013eubovo\u013en\u00fd po\u010det poz\u00edci\u00ed.\" \/>\n<meta name=\"robots\" content=\"index, follow, max-snippet:-1, max-image-preview:large, max-video-preview:-1\" \/>\n<link rel=\"canonical\" href=\"https:\/\/ecoprogress.eu\/de\/produkt\/stojan-u-typ-2\/\" \/>\n<meta property=\"og:locale\" content=\"de_DE\" \/>\n<meta property=\"og:type\" content=\"article\" \/>\n<meta property=\"og:title\" content=\"Stojan U typ 02 | Ecoprogress\" \/>\n<meta property=\"og:description\" content=\"Stojan U typ 2 cel\u00fd vyroben\u00fd z r\u00fary \u00d8 60,3 mm v zauj\u00edmavom a origin\u00e1lnom dizajne. Stojan je k dispoz\u00edcii pre \u013eubovo\u013en\u00fd po\u010det poz\u00edci\u00ed.\" \/>\n<meta property=\"og:url\" content=\"https:\/\/ecoprogress.eu\/de\/produkt\/stojan-u-typ-2\/\" \/>\n<meta property=\"og:site_name\" content=\"Ecoprogress\" \/>\n<meta property=\"article:modified_time\" content=\"2025-02-28T11:52:21+00:00\" \/>\n<meta property=\"og:image\" content=\"https:\/\/ecoprogress.eu\/wp-content\/uploads\/Snimka-obrazovky-2021-07-13-o-9.31.08.png\" \/>\n\t<meta property=\"og:image:width\" content=\"1588\" \/>\n\t<meta property=\"og:image:height\" content=\"1076\" \/>\n\t<meta property=\"og:image:type\" content=\"image\/png\" \/>\n<meta name=\"twitter:card\" content=\"summary_large_image\" \/>\n<meta name=\"twitter:label1\" content=\"Gesch\u00e4tzte Lesezeit\" \/>\n\t<meta name=\"twitter:data1\" content=\"1\u00a0Minute\" \/>\n<script type=\"application\/ld+json\" class=\"yoast-schema-graph\">{\"@context\":\"https:\/\/schema.org\",\"@graph\":[{\"@type\":\"WebPage\",\"@id\":\"https:\/\/ecoprogress.eu\/de\/produkt\/stojan-u-typ-2\/\",\"url\":\"https:\/\/ecoprogress.eu\/de\/produkt\/stojan-u-typ-2\/\",\"name\":\"Stojan U typ 02 | Ecoprogress\",\"isPartOf\":{\"@id\":\"https:\/\/ecoprogress.eu\/de\/#website\"},\"primaryImageOfPage\":{\"@id\":\"https:\/\/ecoprogress.eu\/de\/produkt\/stojan-u-typ-2\/#primaryimage\"},\"image\":{\"@id\":\"https:\/\/ecoprogress.eu\/de\/produkt\/stojan-u-typ-2\/#primaryimage\"},\"thumbnailUrl\":\"https:\/\/ecoprogress.eu\/wp-content\/uploads\/Snimka-obrazovky-2021-07-13-o-9.31.08.png\",\"datePublished\":\"2021-07-13T07:25:51+00:00\",\"dateModified\":\"2025-02-28T11:52:21+00:00\",\"description\":\"Stojan U typ 2 cel\u00fd vyroben\u00fd z r\u00fary \u00d8 60,3 mm v zauj\u00edmavom a origin\u00e1lnom dizajne. Stojan je k dispoz\u00edcii pre \u013eubovo\u013en\u00fd po\u010det poz\u00edci\u00ed.\",\"breadcrumb\":{\"@id\":\"https:\/\/ecoprogress.eu\/de\/produkt\/stojan-u-typ-2\/#breadcrumb\"},\"inLanguage\":\"de\",\"potentialAction\":[{\"@type\":\"ReadAction\",\"target\":[\"https:\/\/ecoprogress.eu\/de\/produkt\/stojan-u-typ-2\/\"]}]},{\"@type\":\"ImageObject\",\"inLanguage\":\"de\",\"@id\":\"https:\/\/ecoprogress.eu\/de\/produkt\/stojan-u-typ-2\/#primaryimage\",\"url\":\"https:\/\/ecoprogress.eu\/wp-content\/uploads\/Snimka-obrazovky-2021-07-13-o-9.31.08.png\",\"contentUrl\":\"https:\/\/ecoprogress.eu\/wp-content\/uploads\/Snimka-obrazovky-2021-07-13-o-9.31.08.png\",\"width\":1588,\"height\":1076},{\"@type\":\"BreadcrumbList\",\"@id\":\"https:\/\/ecoprogress.eu\/de\/produkt\/stojan-u-typ-2\/#breadcrumb\",\"itemListElement\":[{\"@type\":\"ListItem\",\"position\":1,\"name\":\"Produkte\",\"item\":\"https:\/\/ecoprogress.eu\/de\/produkte\/\"},{\"@type\":\"ListItem\",\"position\":2,\"name\":\"Stojan U typ 02\"}]},{\"@type\":\"WebSite\",\"@id\":\"https:\/\/ecoprogress.eu\/de\/#website\",\"url\":\"https:\/\/ecoprogress.eu\/de\/\",\"name\":\"Ecoprogress\",\"description\":\"\",\"publisher\":{\"@id\":\"https:\/\/ecoprogress.eu\/de\/#organization\"},\"potentialAction\":[{\"@type\":\"SearchAction\",\"target\":{\"@type\":\"EntryPoint\",\"urlTemplate\":\"https:\/\/ecoprogress.eu\/de\/?s={search_term_string}\"},\"query-input\":{\"@type\":\"PropertyValueSpecification\",\"valueRequired\":true,\"valueName\":\"search_term_string\"}}],\"inLanguage\":\"de\"},{\"@type\":\"Organization\",\"@id\":\"https:\/\/ecoprogress.eu\/de\/#organization\",\"name\":\"Ecoprogress\",\"url\":\"https:\/\/ecoprogress.eu\/de\/\",\"logo\":{\"@type\":\"ImageObject\",\"inLanguage\":\"de\",\"@id\":\"https:\/\/ecoprogress.eu\/de\/#\/schema\/logo\/image\/\",\"url\":\"https:\/\/ecoprogress.eu\/wp-content\/uploads\/logo-2.svg\",\"contentUrl\":\"https:\/\/ecoprogress.eu\/wp-content\/uploads\/logo-2.svg\",\"width\":318,\"height\":349,\"caption\":\"Ecoprogress\"},\"image\":{\"@id\":\"https:\/\/ecoprogress.eu\/de\/#\/schema\/logo\/image\/\"}}]}<\/script>\n<!-- \/ Yoast SEO plugin. -->","yoast_head_json":{"title":"Stojan U typ 02 | Ecoprogress","description":"Stojan U typ 2 cel\u00fd vyroben\u00fd z r\u00fary \u00d8 60,3 mm v zauj\u00edmavom a origin\u00e1lnom dizajne. Stojan je k dispoz\u00edcii pre \u013eubovo\u013en\u00fd po\u010det poz\u00edci\u00ed.","robots":{"index":"index","follow":"follow","max-snippet":"max-snippet:-1","max-image-preview":"max-image-preview:large","max-video-preview":"max-video-preview:-1"},"canonical":"https:\/\/ecoprogress.eu\/de\/produkt\/stojan-u-typ-2\/","og_locale":"de_DE","og_type":"article","og_title":"Stojan U typ 02 | Ecoprogress","og_description":"Stojan U typ 2 cel\u00fd vyroben\u00fd z r\u00fary \u00d8 60,3 mm v zauj\u00edmavom a origin\u00e1lnom dizajne. Stojan je k dispoz\u00edcii pre \u013eubovo\u013en\u00fd po\u010det poz\u00edci\u00ed.","og_url":"https:\/\/ecoprogress.eu\/de\/produkt\/stojan-u-typ-2\/","og_site_name":"Ecoprogress","article_modified_time":"2025-02-28T11:52:21+00:00","og_image":[{"width":1588,"height":1076,"url":"https:\/\/ecoprogress.eu\/wp-content\/uploads\/Snimka-obrazovky-2021-07-13-o-9.31.08.png","type":"image\/png"}],"twitter_card":"summary_large_image","twitter_misc":{"Gesch\u00e4tzte Lesezeit":"1\u00a0Minute"},"schema":{"@context":"https:\/\/schema.org","@graph":[{"@type":"WebPage","@id":"https:\/\/ecoprogress.eu\/de\/produkt\/stojan-u-typ-2\/","url":"https:\/\/ecoprogress.eu\/de\/produkt\/stojan-u-typ-2\/","name":"Stojan U typ 02 | Ecoprogress","isPartOf":{"@id":"https:\/\/ecoprogress.eu\/de\/#website"},"primaryImageOfPage":{"@id":"https:\/\/ecoprogress.eu\/de\/produkt\/stojan-u-typ-2\/#primaryimage"},"image":{"@id":"https:\/\/ecoprogress.eu\/de\/produkt\/stojan-u-typ-2\/#primaryimage"},"thumbnailUrl":"https:\/\/ecoprogress.eu\/wp-content\/uploads\/Snimka-obrazovky-2021-07-13-o-9.31.08.png","datePublished":"2021-07-13T07:25:51+00:00","dateModified":"2025-02-28T11:52:21+00:00","description":"Stojan U typ 2 cel\u00fd vyroben\u00fd z r\u00fary \u00d8 60,3 mm v zauj\u00edmavom a origin\u00e1lnom dizajne. Stojan je k dispoz\u00edcii pre \u013eubovo\u013en\u00fd po\u010det poz\u00edci\u00ed.","breadcrumb":{"@id":"https:\/\/ecoprogress.eu\/de\/produkt\/stojan-u-typ-2\/#breadcrumb"},"inLanguage":"de","potentialAction":[{"@type":"ReadAction","target":["https:\/\/ecoprogress.eu\/de\/produkt\/stojan-u-typ-2\/"]}]},{"@type":"ImageObject","inLanguage":"de","@id":"https:\/\/ecoprogress.eu\/de\/produkt\/stojan-u-typ-2\/#primaryimage","url":"https:\/\/ecoprogress.eu\/wp-content\/uploads\/Snimka-obrazovky-2021-07-13-o-9.31.08.png","contentUrl":"https:\/\/ecoprogress.eu\/wp-content\/uploads\/Snimka-obrazovky-2021-07-13-o-9.31.08.png","width":1588,"height":1076},{"@type":"BreadcrumbList","@id":"https:\/\/ecoprogress.eu\/de\/produkt\/stojan-u-typ-2\/#breadcrumb","itemListElement":[{"@type":"ListItem","position":1,"name":"Produkte","item":"https:\/\/ecoprogress.eu\/de\/produkte\/"},{"@type":"ListItem","position":2,"name":"Stojan U typ 02"}]},{"@type":"WebSite","@id":"https:\/\/ecoprogress.eu\/de\/#website","url":"https:\/\/ecoprogress.eu\/de\/","name":"Ecoprogress","description":"","publisher":{"@id":"https:\/\/ecoprogress.eu\/de\/#organization"},"potentialAction":[{"@type":"SearchAction","target":{"@type":"EntryPoint","urlTemplate":"https:\/\/ecoprogress.eu\/de\/?s={search_term_string}"},"query-input":{"@type":"PropertyValueSpecification","valueRequired":true,"valueName":"search_term_string"}}],"inLanguage":"de"},{"@type":"Organization","@id":"https:\/\/ecoprogress.eu\/de\/#organization","name":"Ecoprogress","url":"https:\/\/ecoprogress.eu\/de\/","logo":{"@type":"ImageObject","inLanguage":"de","@id":"https:\/\/ecoprogress.eu\/de\/#\/schema\/logo\/image\/","url":"https:\/\/ecoprogress.eu\/wp-content\/uploads\/logo-2.svg","contentUrl":"https:\/\/ecoprogress.eu\/wp-content\/uploads\/logo-2.svg","width":318,"height":349,"caption":"Ecoprogress"},"image":{"@id":"https:\/\/ecoprogress.eu\/de\/#\/schema\/logo\/image\/"}}]}},"_links":{"self":[{"href":"https:\/\/ecoprogress.eu\/de\/wp-json\/wp\/v2\/product\/6248","targetHints":{"allow":["GET"]}}],"collection":[{"href":"https:\/\/ecoprogress.eu\/de\/wp-json\/wp\/v2\/product"}],"about":[{"href":"https:\/\/ecoprogress.eu\/de\/wp-json\/wp\/v2\/types\/product"}],"version-history":[{"count":1,"href":"https:\/\/ecoprogress.eu\/de\/wp-json\/wp\/v2\/product\/6248\/revisions"}],"predecessor-version":[{"id":57422,"href":"https:\/\/ecoprogress.eu\/de\/wp-json\/wp\/v2\/product\/6248\/revisions\/57422"}],"wp:featuredmedia":[{"embeddable":true,"href":"https:\/\/ecoprogress.eu\/de\/wp-json\/wp\/v2\/media\/6260"}],"wp:attachment":[{"href":"https:\/\/ecoprogress.eu\/de\/wp-json\/wp\/v2\/media?parent=6248"}],"wp:term":[{"taxonomy":"product_brand","embeddable":true,"href":"https:\/\/ecoprogress.eu\/de\/wp-json\/wp\/v2\/product_brand?post=6248"},{"taxonomy":"product_cat","embeddable":true,"href":"https:\/\/ecoprogress.eu\/de\/wp-json\/wp\/v2\/product_cat?post=6248"},{"taxonomy":"product_tag","embeddable":true,"href":"https:\/\/ecoprogress.eu\/de\/wp-json\/wp\/v2\/product_tag?post=6248"}],"curies":[{"name":"wp","href":"https:\/\/api.w.org\/{rel}","templated":true}]}}