{"id":6931,"date":"2021-07-29T10:26:05","date_gmt":"2021-07-29T08:26:05","guid":{"rendered":"https:\/\/ecoprogress.eu\/?post_type=product&#038;p=6931"},"modified":"2025-02-28T13:06:47","modified_gmt":"2025-02-28T12:06:47","slug":"stojan-reklamny-typ-01","status":"publish","type":"product","link":"https:\/\/ecoprogress.eu\/de\/produkt\/stojan-reklamny-typ-01\/","title":{"rendered":"Stojan reklamn\u00fd typ 01"},"content":{"rendered":"<p>Dodanie 4-6 t\u00fd\u017ed\u0148ov (pod\u013ea stavu skladov\u00fdch z\u00e1sob)<\/p>\n\n<table id=\"tablepress-136\" class=\"tablepress tablepress-id-136\">\n<tbody class=\"row-striping row-hover\">\n<tr class=\"row-1\">\n\t<td class=\"column-1\">po\u010det stanov\u00edsk<\/td><td class=\"column-2\">4<\/td>\n<\/tr>\n<tr class=\"row-2\">\n\t<td class=\"column-1\">\u0161\u00edrka<\/td><td class=\"column-2\">180 cm<\/td>\n<\/tr>\n<tr class=\"row-3\">\n\t<td class=\"column-1\">v\u00fd\u0161ka<\/td><td class=\"column-2\">110 cm<\/td>\n<\/tr>\n<tr class=\"row-4\">\n\t<td class=\"column-1\">h\u013abka<\/td><td class=\"column-2\">75 cm<\/td>\n<\/tr>\n<tr class=\"row-5\">\n\t<td class=\"column-1\">\u0161\u00edrka stanoviska<\/td><td class=\"column-2\">6,5 cm<\/td>\n<\/tr>\n<tr class=\"row-6\">\n\t<td class=\"column-1\">h\u013abka stanoviska<\/td><td class=\"column-2\">55 cm<\/td>\n<\/tr>\n<tr class=\"row-7\">\n\t<td class=\"column-1\">vzdialenos\u0165 medzi stanoviskami<\/td><td class=\"column-2\">56 cm<\/td>\n<\/tr>\n<tr class=\"row-8\">\n\t<td class=\"column-1\">priemer r\u00fary<\/td><td class=\"column-2\">\u00d8 25 mm<\/td>\n<\/tr>\n<tr class=\"row-9\">\n\t<td class=\"column-1\">materi\u00e1l<\/td><td class=\"column-2\">oce\u013e pozinkovan\u00e1, oce\u013e nehrdzavej\u00faca, oce\u013e pozinkovan\u00e1 ma\u013eovan\u00e1<\/td>\n<\/tr>\n<tr class=\"row-10\">\n\t<td class=\"column-1\">sp\u00f4sob ukotvenia<\/td><td class=\"column-2\">do zeme<\/td>\n<\/tr>\n<\/tbody>\n<\/table>\n\n","protected":false},"excerpt":{"rendered":"<p id=\"tw-target-text\" class=\"tw-data-text tw-text-large XcVN5d tw-ta\" dir=\"ltr\" data-placeholder=\"Preklad\">Stojan reklamn\u00fd typ 1 je navy\u0161e vybaven\u00fd plochou, na ktorej je mo\u017enos\u0165 laserov\u00e9ho rezania pod\u013ea n\u00e1vrhu z\u00e1kazn\u00edka. V\u010faka tomu m\u00f4\u017ee stojan plni\u0165 informa\u010dn\u00fa a reklamn\u00fa funkciu. Cel\u00fd stojan je vyroben\u00fd z nehrdzavej\u00facej ocele.<\/p>\n","protected":false},"featured_media":6943,"template":"","meta":[],"product_brand":[],"product_cat":[219,156],"product_tag":[],"class_list":{"0":"post-6931","1":"product","2":"type-product","3":"status-publish","4":"has-post-thumbnail","6":"product_cat-modulove","7":"product_cat-stojany-na-bicykle","8":"product_shipping_class-stojany","10":"first","11":"instock","12":"taxable","13":"shipping-taxable","14":"purchasable","15":"product-type-variable"},"yoast_head":"<!-- This site is optimized with the Yoast SEO plugin v27.2 - https:\/\/yoast.com\/product\/yoast-seo-wordpress\/ -->\n<title>Stojan reklamn\u00fd typ 01 | Ecoprogress<\/title>\n<meta name=\"description\" content=\"Stojan reklamn\u00fd typ 01 je navy\u0161e vybaven\u00fd plochou, na ktorej je mo\u017enos\u0165 laserov\u00e9ho rezania pod\u013ea n\u00e1vrhu z\u00e1kazn\u00edka. V\u010faka tomu m\u00f4\u017ee stojan plni\u0165 informa\u010dn\u00fa a reklamn\u00fa funkciu.\" \/>\n<meta name=\"robots\" content=\"index, follow, max-snippet:-1, max-image-preview:large, max-video-preview:-1\" \/>\n<link rel=\"canonical\" href=\"https:\/\/ecoprogress.eu\/de\/produkt\/stojan-reklamny-typ-01\/\" \/>\n<meta property=\"og:locale\" content=\"de_DE\" \/>\n<meta property=\"og:type\" content=\"article\" \/>\n<meta property=\"og:title\" content=\"Stojan reklamn\u00fd typ 01 | Ecoprogress\" \/>\n<meta property=\"og:description\" content=\"Stojan reklamn\u00fd typ 01 je navy\u0161e vybaven\u00fd plochou, na ktorej je mo\u017enos\u0165 laserov\u00e9ho rezania pod\u013ea n\u00e1vrhu z\u00e1kazn\u00edka. V\u010faka tomu m\u00f4\u017ee stojan plni\u0165 informa\u010dn\u00fa a reklamn\u00fa funkciu.\" \/>\n<meta property=\"og:url\" content=\"https:\/\/ecoprogress.eu\/de\/produkt\/stojan-reklamny-typ-01\/\" \/>\n<meta property=\"og:site_name\" content=\"Ecoprogress\" \/>\n<meta property=\"article:modified_time\" content=\"2025-02-28T12:06:47+00:00\" \/>\n<meta property=\"og:image\" content=\"https:\/\/ecoprogress.eu\/wp-content\/uploads\/stojak-rowerowy-rower-nierdzewkawycinka-laser-.png\" \/>\n\t<meta property=\"og:image:width\" content=\"800\" \/>\n\t<meta property=\"og:image:height\" content=\"600\" \/>\n\t<meta property=\"og:image:type\" content=\"image\/png\" \/>\n<meta name=\"twitter:card\" content=\"summary_large_image\" \/>\n<meta name=\"twitter:label1\" content=\"Gesch\u00e4tzte Lesezeit\" \/>\n\t<meta name=\"twitter:data1\" content=\"1\u00a0Minute\" \/>\n<script type=\"application\/ld+json\" class=\"yoast-schema-graph\">{\"@context\":\"https:\/\/schema.org\",\"@graph\":[{\"@type\":\"WebPage\",\"@id\":\"https:\/\/ecoprogress.eu\/de\/produkt\/stojan-reklamny-typ-01\/\",\"url\":\"https:\/\/ecoprogress.eu\/de\/produkt\/stojan-reklamny-typ-01\/\",\"name\":\"Stojan reklamn\u00fd typ 01 | Ecoprogress\",\"isPartOf\":{\"@id\":\"https:\/\/ecoprogress.eu\/de\/#website\"},\"primaryImageOfPage\":{\"@id\":\"https:\/\/ecoprogress.eu\/de\/produkt\/stojan-reklamny-typ-01\/#primaryimage\"},\"image\":{\"@id\":\"https:\/\/ecoprogress.eu\/de\/produkt\/stojan-reklamny-typ-01\/#primaryimage\"},\"thumbnailUrl\":\"https:\/\/ecoprogress.eu\/wp-content\/uploads\/stojak-rowerowy-rower-nierdzewkawycinka-laser-.png\",\"datePublished\":\"2021-07-29T08:26:05+00:00\",\"dateModified\":\"2025-02-28T12:06:47+00:00\",\"description\":\"Stojan reklamn\u00fd typ 01 je navy\u0161e vybaven\u00fd plochou, na ktorej je mo\u017enos\u0165 laserov\u00e9ho rezania pod\u013ea n\u00e1vrhu z\u00e1kazn\u00edka. V\u010faka tomu m\u00f4\u017ee stojan plni\u0165 informa\u010dn\u00fa a reklamn\u00fa funkciu.\",\"breadcrumb\":{\"@id\":\"https:\/\/ecoprogress.eu\/de\/produkt\/stojan-reklamny-typ-01\/#breadcrumb\"},\"inLanguage\":\"de\",\"potentialAction\":[{\"@type\":\"ReadAction\",\"target\":[\"https:\/\/ecoprogress.eu\/de\/produkt\/stojan-reklamny-typ-01\/\"]}]},{\"@type\":\"ImageObject\",\"inLanguage\":\"de\",\"@id\":\"https:\/\/ecoprogress.eu\/de\/produkt\/stojan-reklamny-typ-01\/#primaryimage\",\"url\":\"https:\/\/ecoprogress.eu\/wp-content\/uploads\/stojak-rowerowy-rower-nierdzewkawycinka-laser-.png\",\"contentUrl\":\"https:\/\/ecoprogress.eu\/wp-content\/uploads\/stojak-rowerowy-rower-nierdzewkawycinka-laser-.png\",\"width\":800,\"height\":600},{\"@type\":\"BreadcrumbList\",\"@id\":\"https:\/\/ecoprogress.eu\/de\/produkt\/stojan-reklamny-typ-01\/#breadcrumb\",\"itemListElement\":[{\"@type\":\"ListItem\",\"position\":1,\"name\":\"Produkte\",\"item\":\"https:\/\/ecoprogress.eu\/de\/produkte\/\"},{\"@type\":\"ListItem\",\"position\":2,\"name\":\"Stojan reklamn\u00fd typ 01\"}]},{\"@type\":\"WebSite\",\"@id\":\"https:\/\/ecoprogress.eu\/de\/#website\",\"url\":\"https:\/\/ecoprogress.eu\/de\/\",\"name\":\"Ecoprogress\",\"description\":\"\",\"publisher\":{\"@id\":\"https:\/\/ecoprogress.eu\/de\/#organization\"},\"potentialAction\":[{\"@type\":\"SearchAction\",\"target\":{\"@type\":\"EntryPoint\",\"urlTemplate\":\"https:\/\/ecoprogress.eu\/de\/?s={search_term_string}\"},\"query-input\":{\"@type\":\"PropertyValueSpecification\",\"valueRequired\":true,\"valueName\":\"search_term_string\"}}],\"inLanguage\":\"de\"},{\"@type\":\"Organization\",\"@id\":\"https:\/\/ecoprogress.eu\/de\/#organization\",\"name\":\"Ecoprogress\",\"url\":\"https:\/\/ecoprogress.eu\/de\/\",\"logo\":{\"@type\":\"ImageObject\",\"inLanguage\":\"de\",\"@id\":\"https:\/\/ecoprogress.eu\/de\/#\/schema\/logo\/image\/\",\"url\":\"https:\/\/ecoprogress.eu\/wp-content\/uploads\/logo-2.svg\",\"contentUrl\":\"https:\/\/ecoprogress.eu\/wp-content\/uploads\/logo-2.svg\",\"width\":318,\"height\":349,\"caption\":\"Ecoprogress\"},\"image\":{\"@id\":\"https:\/\/ecoprogress.eu\/de\/#\/schema\/logo\/image\/\"}}]}<\/script>\n<!-- \/ Yoast SEO plugin. -->","yoast_head_json":{"title":"Stojan reklamn\u00fd typ 01 | Ecoprogress","description":"Stojan reklamn\u00fd typ 01 je navy\u0161e vybaven\u00fd plochou, na ktorej je mo\u017enos\u0165 laserov\u00e9ho rezania pod\u013ea n\u00e1vrhu z\u00e1kazn\u00edka. V\u010faka tomu m\u00f4\u017ee stojan plni\u0165 informa\u010dn\u00fa a reklamn\u00fa funkciu.","robots":{"index":"index","follow":"follow","max-snippet":"max-snippet:-1","max-image-preview":"max-image-preview:large","max-video-preview":"max-video-preview:-1"},"canonical":"https:\/\/ecoprogress.eu\/de\/produkt\/stojan-reklamny-typ-01\/","og_locale":"de_DE","og_type":"article","og_title":"Stojan reklamn\u00fd typ 01 | Ecoprogress","og_description":"Stojan reklamn\u00fd typ 01 je navy\u0161e vybaven\u00fd plochou, na ktorej je mo\u017enos\u0165 laserov\u00e9ho rezania pod\u013ea n\u00e1vrhu z\u00e1kazn\u00edka. V\u010faka tomu m\u00f4\u017ee stojan plni\u0165 informa\u010dn\u00fa a reklamn\u00fa funkciu.","og_url":"https:\/\/ecoprogress.eu\/de\/produkt\/stojan-reklamny-typ-01\/","og_site_name":"Ecoprogress","article_modified_time":"2025-02-28T12:06:47+00:00","og_image":[{"width":800,"height":600,"url":"https:\/\/ecoprogress.eu\/wp-content\/uploads\/stojak-rowerowy-rower-nierdzewkawycinka-laser-.png","type":"image\/png"}],"twitter_card":"summary_large_image","twitter_misc":{"Gesch\u00e4tzte Lesezeit":"1\u00a0Minute"},"schema":{"@context":"https:\/\/schema.org","@graph":[{"@type":"WebPage","@id":"https:\/\/ecoprogress.eu\/de\/produkt\/stojan-reklamny-typ-01\/","url":"https:\/\/ecoprogress.eu\/de\/produkt\/stojan-reklamny-typ-01\/","name":"Stojan reklamn\u00fd typ 01 | Ecoprogress","isPartOf":{"@id":"https:\/\/ecoprogress.eu\/de\/#website"},"primaryImageOfPage":{"@id":"https:\/\/ecoprogress.eu\/de\/produkt\/stojan-reklamny-typ-01\/#primaryimage"},"image":{"@id":"https:\/\/ecoprogress.eu\/de\/produkt\/stojan-reklamny-typ-01\/#primaryimage"},"thumbnailUrl":"https:\/\/ecoprogress.eu\/wp-content\/uploads\/stojak-rowerowy-rower-nierdzewkawycinka-laser-.png","datePublished":"2021-07-29T08:26:05+00:00","dateModified":"2025-02-28T12:06:47+00:00","description":"Stojan reklamn\u00fd typ 01 je navy\u0161e vybaven\u00fd plochou, na ktorej je mo\u017enos\u0165 laserov\u00e9ho rezania pod\u013ea n\u00e1vrhu z\u00e1kazn\u00edka. V\u010faka tomu m\u00f4\u017ee stojan plni\u0165 informa\u010dn\u00fa a reklamn\u00fa funkciu.","breadcrumb":{"@id":"https:\/\/ecoprogress.eu\/de\/produkt\/stojan-reklamny-typ-01\/#breadcrumb"},"inLanguage":"de","potentialAction":[{"@type":"ReadAction","target":["https:\/\/ecoprogress.eu\/de\/produkt\/stojan-reklamny-typ-01\/"]}]},{"@type":"ImageObject","inLanguage":"de","@id":"https:\/\/ecoprogress.eu\/de\/produkt\/stojan-reklamny-typ-01\/#primaryimage","url":"https:\/\/ecoprogress.eu\/wp-content\/uploads\/stojak-rowerowy-rower-nierdzewkawycinka-laser-.png","contentUrl":"https:\/\/ecoprogress.eu\/wp-content\/uploads\/stojak-rowerowy-rower-nierdzewkawycinka-laser-.png","width":800,"height":600},{"@type":"BreadcrumbList","@id":"https:\/\/ecoprogress.eu\/de\/produkt\/stojan-reklamny-typ-01\/#breadcrumb","itemListElement":[{"@type":"ListItem","position":1,"name":"Produkte","item":"https:\/\/ecoprogress.eu\/de\/produkte\/"},{"@type":"ListItem","position":2,"name":"Stojan reklamn\u00fd typ 01"}]},{"@type":"WebSite","@id":"https:\/\/ecoprogress.eu\/de\/#website","url":"https:\/\/ecoprogress.eu\/de\/","name":"Ecoprogress","description":"","publisher":{"@id":"https:\/\/ecoprogress.eu\/de\/#organization"},"potentialAction":[{"@type":"SearchAction","target":{"@type":"EntryPoint","urlTemplate":"https:\/\/ecoprogress.eu\/de\/?s={search_term_string}"},"query-input":{"@type":"PropertyValueSpecification","valueRequired":true,"valueName":"search_term_string"}}],"inLanguage":"de"},{"@type":"Organization","@id":"https:\/\/ecoprogress.eu\/de\/#organization","name":"Ecoprogress","url":"https:\/\/ecoprogress.eu\/de\/","logo":{"@type":"ImageObject","inLanguage":"de","@id":"https:\/\/ecoprogress.eu\/de\/#\/schema\/logo\/image\/","url":"https:\/\/ecoprogress.eu\/wp-content\/uploads\/logo-2.svg","contentUrl":"https:\/\/ecoprogress.eu\/wp-content\/uploads\/logo-2.svg","width":318,"height":349,"caption":"Ecoprogress"},"image":{"@id":"https:\/\/ecoprogress.eu\/de\/#\/schema\/logo\/image\/"}}]}},"_links":{"self":[{"href":"https:\/\/ecoprogress.eu\/de\/wp-json\/wp\/v2\/product\/6931","targetHints":{"allow":["GET"]}}],"collection":[{"href":"https:\/\/ecoprogress.eu\/de\/wp-json\/wp\/v2\/product"}],"about":[{"href":"https:\/\/ecoprogress.eu\/de\/wp-json\/wp\/v2\/types\/product"}],"version-history":[{"count":1,"href":"https:\/\/ecoprogress.eu\/de\/wp-json\/wp\/v2\/product\/6931\/revisions"}],"predecessor-version":[{"id":51799,"href":"https:\/\/ecoprogress.eu\/de\/wp-json\/wp\/v2\/product\/6931\/revisions\/51799"}],"wp:featuredmedia":[{"embeddable":true,"href":"https:\/\/ecoprogress.eu\/de\/wp-json\/wp\/v2\/media\/6943"}],"wp:attachment":[{"href":"https:\/\/ecoprogress.eu\/de\/wp-json\/wp\/v2\/media?parent=6931"}],"wp:term":[{"taxonomy":"product_brand","embeddable":true,"href":"https:\/\/ecoprogress.eu\/de\/wp-json\/wp\/v2\/product_brand?post=6931"},{"taxonomy":"product_cat","embeddable":true,"href":"https:\/\/ecoprogress.eu\/de\/wp-json\/wp\/v2\/product_cat?post=6931"},{"taxonomy":"product_tag","embeddable":true,"href":"https:\/\/ecoprogress.eu\/de\/wp-json\/wp\/v2\/product_tag?post=6931"}],"curies":[{"name":"wp","href":"https:\/\/api.w.org\/{rel}","templated":true}]}}