{"id":7055,"date":"2021-07-29T12:57:19","date_gmt":"2021-07-29T10:57:19","guid":{"rendered":"https:\/\/ecoprogress.eu\/?post_type=product&#038;p=7055"},"modified":"2025-02-28T13:23:51","modified_gmt":"2025-02-28T12:23:51","slug":"stojan-spiralovy-typ-03","status":"publish","type":"product","link":"https:\/\/ecoprogress.eu\/de\/produkt\/stojan-spiralovy-typ-03\/","title":{"rendered":"Stojan \u0161pir\u00e1lov\u00fd typ 03"},"content":{"rendered":"<p>Dodanie 4-6 t\u00fd\u017ed\u0148ov (pod\u013ea stavu skladov\u00fdch z\u00e1sob)<\/p>\n\n<table id=\"tablepress-144\" class=\"tablepress tablepress-id-144\">\n<tbody class=\"row-striping row-hover\">\n<tr class=\"row-1\">\n\t<td class=\"column-1\">po\u010det stanov\u00edsk<\/td><td class=\"column-2\">5 pri obojstrannom parkovan\u00ed<\/td>\n<\/tr>\n<tr class=\"row-2\">\n\t<td class=\"column-1\">\u0161\u00edrka <\/td><td class=\"column-2\">150 cm<\/td>\n<\/tr>\n<tr class=\"row-3\">\n\t<td class=\"column-1\">v\u00fd\u0161ka<\/td><td class=\"column-2\">60 cm<\/td>\n<\/tr>\n<tr class=\"row-4\">\n\t<td class=\"column-1\">medzi stanoviskami<\/td><td class=\"column-2\">20 cm<\/td>\n<\/tr>\n<tr class=\"row-5\">\n\t<td class=\"column-1\">\u0161\u00edrka stanoviska<\/td><td class=\"column-2\">\u00d8 42,4 mm<\/td>\n<\/tr>\n<tr class=\"row-6\">\n\t<td class=\"column-1\">materi\u00e1l<\/td><td class=\"column-2\">oce\u013e pozinkovan\u00e1, oce\u013e nehrdzavej\u00faca, oce\u013e pozinkovan\u00e1 malovan\u00e1<\/td>\n<\/tr>\n<tr class=\"row-7\">\n\t<td class=\"column-1\">regul\u00e1cia stanov\u00edsk<\/td><td class=\"column-2\">neregulovan\u00e9<\/td>\n<\/tr>\n<tr class=\"row-8\">\n\t<td class=\"column-1\">sp\u00f4sob parkovania<\/td><td class=\"column-2\">obojstrann\u00e9<\/td>\n<\/tr>\n<tr class=\"row-9\">\n\t<td class=\"column-1\">r\u00fara<\/td><td class=\"column-2\">\u00d8 25 mm<\/td>\n<\/tr>\n<tr class=\"row-10\">\n\t<td class=\"column-1\">mont\u00e1\u017e<\/td><td class=\"column-2\">4 roz\u0161irovacie z\u00e1tky \u00d8 12x60mm pre skrutky \u00d8 8x80mm (s\u00fa\u010das\u0165ou balenia), k\u013e\u00fa\u010d 13<\/td>\n<\/tr>\n<tr class=\"row-11\">\n\t<td class=\"column-1\">sp\u00f4sob ukotvenia<\/td><td class=\"column-2\">do zeme<\/td>\n<\/tr>\n<tr class=\"row-12\">\n\t<td class=\"column-1\">sp\u00f4sob mont\u00e1\u017ee<\/td><td class=\"column-2\">skrutky<\/td>\n<\/tr>\n<tr class=\"row-13\">\n\t<td class=\"column-1\">v\u00e1ha<\/td><td class=\"column-2\">24 kg<\/td>\n<\/tr>\n<\/tbody>\n<\/table>\n<!-- #tablepress-144 from cache -->\n","protected":false},"excerpt":{"rendered":"<p id=\"tw-target-text\" class=\"tw-data-text tw-text-large XcVN5d tw-ta\" dir=\"ltr\" data-placeholder=\"Preklad\">Stojan \u0161pir\u00e1lov\u00fd typ 3 ktor\u00e9ho rozli\u0161ovac\u00edm znakom je ve\u013ek\u00fd priemer \u0161pir\u00e1l. To v\u00e1m umo\u017en\u00ed poskytn\u00fa\u0165 bicyklom e\u0161te lep\u0161iu stabiliz\u00e1ciu v stojane a tie\u017e umo\u017e\u0148uje pohodlne pripevni\u0165 bicykle k r\u00e1mu.<\/p>\n","protected":false},"featured_media":7070,"template":"","meta":[],"product_brand":[],"product_cat":[208,156],"product_tag":[],"class_list":{"0":"post-7055","1":"product","2":"type-product","3":"status-publish","4":"has-post-thumbnail","6":"product_cat-spiralove","7":"product_cat-stojany-na-bicykle","9":"first","10":"instock","11":"taxable","12":"shipping-taxable","13":"purchasable","14":"product-type-variable"},"yoast_head":"<!-- This site is optimized with the Yoast SEO plugin v27.2 - https:\/\/yoast.com\/product\/yoast-seo-wordpress\/ -->\n<title>Stojan \u0161pir\u00e1lov\u00fd typ 03 | Ecoprogress<\/title>\n<meta name=\"description\" content=\"Stojan \u0161pir\u00e1lov\u00fd typ 03 ktor\u00e9ho rozli\u0161ovac\u00edm znakom je ve\u013ek\u00fd priemer \u0161pir\u00e1l. To v\u00e1m umo\u017en\u00ed poskytn\u00fa\u0165 bicyklom e\u0161te lep\u0161iu stabiliz\u00e1ciu v stojane a tie\u017e v\u00e1m umo\u017en\u00ed pohodlne pripevni\u0165 bicykle k r\u00e1mu.\" \/>\n<meta name=\"robots\" content=\"index, follow, max-snippet:-1, max-image-preview:large, max-video-preview:-1\" \/>\n<link rel=\"canonical\" href=\"https:\/\/ecoprogress.eu\/de\/produkt\/stojan-spiralovy-typ-03\/\" \/>\n<meta property=\"og:locale\" content=\"de_DE\" \/>\n<meta property=\"og:type\" content=\"article\" \/>\n<meta property=\"og:title\" content=\"Stojan \u0161pir\u00e1lov\u00fd typ 03 | Ecoprogress\" \/>\n<meta property=\"og:description\" content=\"Stojan \u0161pir\u00e1lov\u00fd typ 03 ktor\u00e9ho rozli\u0161ovac\u00edm znakom je ve\u013ek\u00fd priemer \u0161pir\u00e1l. To v\u00e1m umo\u017en\u00ed poskytn\u00fa\u0165 bicyklom e\u0161te lep\u0161iu stabiliz\u00e1ciu v stojane a tie\u017e v\u00e1m umo\u017en\u00ed pohodlne pripevni\u0165 bicykle k r\u00e1mu.\" \/>\n<meta property=\"og:url\" content=\"https:\/\/ecoprogress.eu\/de\/produkt\/stojan-spiralovy-typ-03\/\" \/>\n<meta property=\"og:site_name\" content=\"Ecoprogress\" \/>\n<meta property=\"article:modified_time\" content=\"2025-02-28T12:23:51+00:00\" \/>\n<meta property=\"og:image\" content=\"https:\/\/ecoprogress.eu\/wp-content\/uploads\/stojak-viro-max-150cm.png\" \/>\n\t<meta property=\"og:image:width\" content=\"800\" \/>\n\t<meta property=\"og:image:height\" content=\"600\" \/>\n\t<meta property=\"og:image:type\" content=\"image\/png\" \/>\n<meta name=\"twitter:card\" content=\"summary_large_image\" \/>\n<meta name=\"twitter:label1\" content=\"Gesch\u00e4tzte Lesezeit\" \/>\n\t<meta name=\"twitter:data1\" content=\"1\u00a0Minute\" \/>\n<script type=\"application\/ld+json\" class=\"yoast-schema-graph\">{\"@context\":\"https:\/\/schema.org\",\"@graph\":[{\"@type\":\"WebPage\",\"@id\":\"https:\/\/ecoprogress.eu\/de\/produkt\/stojan-spiralovy-typ-03\/\",\"url\":\"https:\/\/ecoprogress.eu\/de\/produkt\/stojan-spiralovy-typ-03\/\",\"name\":\"Stojan \u0161pir\u00e1lov\u00fd typ 03 | Ecoprogress\",\"isPartOf\":{\"@id\":\"https:\/\/ecoprogress.eu\/de\/#website\"},\"primaryImageOfPage\":{\"@id\":\"https:\/\/ecoprogress.eu\/de\/produkt\/stojan-spiralovy-typ-03\/#primaryimage\"},\"image\":{\"@id\":\"https:\/\/ecoprogress.eu\/de\/produkt\/stojan-spiralovy-typ-03\/#primaryimage\"},\"thumbnailUrl\":\"https:\/\/ecoprogress.eu\/wp-content\/uploads\/stojak-viro-max-150cm.png\",\"datePublished\":\"2021-07-29T10:57:19+00:00\",\"dateModified\":\"2025-02-28T12:23:51+00:00\",\"description\":\"Stojan \u0161pir\u00e1lov\u00fd typ 03 ktor\u00e9ho rozli\u0161ovac\u00edm znakom je ve\u013ek\u00fd priemer \u0161pir\u00e1l. To v\u00e1m umo\u017en\u00ed poskytn\u00fa\u0165 bicyklom e\u0161te lep\u0161iu stabiliz\u00e1ciu v stojane a tie\u017e v\u00e1m umo\u017en\u00ed pohodlne pripevni\u0165 bicykle k r\u00e1mu.\",\"breadcrumb\":{\"@id\":\"https:\/\/ecoprogress.eu\/de\/produkt\/stojan-spiralovy-typ-03\/#breadcrumb\"},\"inLanguage\":\"de\",\"potentialAction\":[{\"@type\":\"ReadAction\",\"target\":[\"https:\/\/ecoprogress.eu\/de\/produkt\/stojan-spiralovy-typ-03\/\"]}]},{\"@type\":\"ImageObject\",\"inLanguage\":\"de\",\"@id\":\"https:\/\/ecoprogress.eu\/de\/produkt\/stojan-spiralovy-typ-03\/#primaryimage\",\"url\":\"https:\/\/ecoprogress.eu\/wp-content\/uploads\/stojak-viro-max-150cm.png\",\"contentUrl\":\"https:\/\/ecoprogress.eu\/wp-content\/uploads\/stojak-viro-max-150cm.png\",\"width\":800,\"height\":600},{\"@type\":\"BreadcrumbList\",\"@id\":\"https:\/\/ecoprogress.eu\/de\/produkt\/stojan-spiralovy-typ-03\/#breadcrumb\",\"itemListElement\":[{\"@type\":\"ListItem\",\"position\":1,\"name\":\"Produkte\",\"item\":\"https:\/\/ecoprogress.eu\/de\/produkte\/\"},{\"@type\":\"ListItem\",\"position\":2,\"name\":\"Stojan \u0161pir\u00e1lov\u00fd typ 03\"}]},{\"@type\":\"WebSite\",\"@id\":\"https:\/\/ecoprogress.eu\/de\/#website\",\"url\":\"https:\/\/ecoprogress.eu\/de\/\",\"name\":\"Ecoprogress\",\"description\":\"\",\"publisher\":{\"@id\":\"https:\/\/ecoprogress.eu\/de\/#organization\"},\"potentialAction\":[{\"@type\":\"SearchAction\",\"target\":{\"@type\":\"EntryPoint\",\"urlTemplate\":\"https:\/\/ecoprogress.eu\/de\/?s={search_term_string}\"},\"query-input\":{\"@type\":\"PropertyValueSpecification\",\"valueRequired\":true,\"valueName\":\"search_term_string\"}}],\"inLanguage\":\"de\"},{\"@type\":\"Organization\",\"@id\":\"https:\/\/ecoprogress.eu\/de\/#organization\",\"name\":\"Ecoprogress\",\"url\":\"https:\/\/ecoprogress.eu\/de\/\",\"logo\":{\"@type\":\"ImageObject\",\"inLanguage\":\"de\",\"@id\":\"https:\/\/ecoprogress.eu\/de\/#\/schema\/logo\/image\/\",\"url\":\"https:\/\/ecoprogress.eu\/wp-content\/uploads\/logo-2.svg\",\"contentUrl\":\"https:\/\/ecoprogress.eu\/wp-content\/uploads\/logo-2.svg\",\"width\":318,\"height\":349,\"caption\":\"Ecoprogress\"},\"image\":{\"@id\":\"https:\/\/ecoprogress.eu\/de\/#\/schema\/logo\/image\/\"}}]}<\/script>\n<!-- \/ Yoast SEO plugin. -->","yoast_head_json":{"title":"Stojan \u0161pir\u00e1lov\u00fd typ 03 | Ecoprogress","description":"Stojan \u0161pir\u00e1lov\u00fd typ 03 ktor\u00e9ho rozli\u0161ovac\u00edm znakom je ve\u013ek\u00fd priemer \u0161pir\u00e1l. To v\u00e1m umo\u017en\u00ed poskytn\u00fa\u0165 bicyklom e\u0161te lep\u0161iu stabiliz\u00e1ciu v stojane a tie\u017e v\u00e1m umo\u017en\u00ed pohodlne pripevni\u0165 bicykle k r\u00e1mu.","robots":{"index":"index","follow":"follow","max-snippet":"max-snippet:-1","max-image-preview":"max-image-preview:large","max-video-preview":"max-video-preview:-1"},"canonical":"https:\/\/ecoprogress.eu\/de\/produkt\/stojan-spiralovy-typ-03\/","og_locale":"de_DE","og_type":"article","og_title":"Stojan \u0161pir\u00e1lov\u00fd typ 03 | Ecoprogress","og_description":"Stojan \u0161pir\u00e1lov\u00fd typ 03 ktor\u00e9ho rozli\u0161ovac\u00edm znakom je ve\u013ek\u00fd priemer \u0161pir\u00e1l. To v\u00e1m umo\u017en\u00ed poskytn\u00fa\u0165 bicyklom e\u0161te lep\u0161iu stabiliz\u00e1ciu v stojane a tie\u017e v\u00e1m umo\u017en\u00ed pohodlne pripevni\u0165 bicykle k r\u00e1mu.","og_url":"https:\/\/ecoprogress.eu\/de\/produkt\/stojan-spiralovy-typ-03\/","og_site_name":"Ecoprogress","article_modified_time":"2025-02-28T12:23:51+00:00","og_image":[{"width":800,"height":600,"url":"https:\/\/ecoprogress.eu\/wp-content\/uploads\/stojak-viro-max-150cm.png","type":"image\/png"}],"twitter_card":"summary_large_image","twitter_misc":{"Gesch\u00e4tzte Lesezeit":"1\u00a0Minute"},"schema":{"@context":"https:\/\/schema.org","@graph":[{"@type":"WebPage","@id":"https:\/\/ecoprogress.eu\/de\/produkt\/stojan-spiralovy-typ-03\/","url":"https:\/\/ecoprogress.eu\/de\/produkt\/stojan-spiralovy-typ-03\/","name":"Stojan \u0161pir\u00e1lov\u00fd typ 03 | Ecoprogress","isPartOf":{"@id":"https:\/\/ecoprogress.eu\/de\/#website"},"primaryImageOfPage":{"@id":"https:\/\/ecoprogress.eu\/de\/produkt\/stojan-spiralovy-typ-03\/#primaryimage"},"image":{"@id":"https:\/\/ecoprogress.eu\/de\/produkt\/stojan-spiralovy-typ-03\/#primaryimage"},"thumbnailUrl":"https:\/\/ecoprogress.eu\/wp-content\/uploads\/stojak-viro-max-150cm.png","datePublished":"2021-07-29T10:57:19+00:00","dateModified":"2025-02-28T12:23:51+00:00","description":"Stojan \u0161pir\u00e1lov\u00fd typ 03 ktor\u00e9ho rozli\u0161ovac\u00edm znakom je ve\u013ek\u00fd priemer \u0161pir\u00e1l. To v\u00e1m umo\u017en\u00ed poskytn\u00fa\u0165 bicyklom e\u0161te lep\u0161iu stabiliz\u00e1ciu v stojane a tie\u017e v\u00e1m umo\u017en\u00ed pohodlne pripevni\u0165 bicykle k r\u00e1mu.","breadcrumb":{"@id":"https:\/\/ecoprogress.eu\/de\/produkt\/stojan-spiralovy-typ-03\/#breadcrumb"},"inLanguage":"de","potentialAction":[{"@type":"ReadAction","target":["https:\/\/ecoprogress.eu\/de\/produkt\/stojan-spiralovy-typ-03\/"]}]},{"@type":"ImageObject","inLanguage":"de","@id":"https:\/\/ecoprogress.eu\/de\/produkt\/stojan-spiralovy-typ-03\/#primaryimage","url":"https:\/\/ecoprogress.eu\/wp-content\/uploads\/stojak-viro-max-150cm.png","contentUrl":"https:\/\/ecoprogress.eu\/wp-content\/uploads\/stojak-viro-max-150cm.png","width":800,"height":600},{"@type":"BreadcrumbList","@id":"https:\/\/ecoprogress.eu\/de\/produkt\/stojan-spiralovy-typ-03\/#breadcrumb","itemListElement":[{"@type":"ListItem","position":1,"name":"Produkte","item":"https:\/\/ecoprogress.eu\/de\/produkte\/"},{"@type":"ListItem","position":2,"name":"Stojan \u0161pir\u00e1lov\u00fd typ 03"}]},{"@type":"WebSite","@id":"https:\/\/ecoprogress.eu\/de\/#website","url":"https:\/\/ecoprogress.eu\/de\/","name":"Ecoprogress","description":"","publisher":{"@id":"https:\/\/ecoprogress.eu\/de\/#organization"},"potentialAction":[{"@type":"SearchAction","target":{"@type":"EntryPoint","urlTemplate":"https:\/\/ecoprogress.eu\/de\/?s={search_term_string}"},"query-input":{"@type":"PropertyValueSpecification","valueRequired":true,"valueName":"search_term_string"}}],"inLanguage":"de"},{"@type":"Organization","@id":"https:\/\/ecoprogress.eu\/de\/#organization","name":"Ecoprogress","url":"https:\/\/ecoprogress.eu\/de\/","logo":{"@type":"ImageObject","inLanguage":"de","@id":"https:\/\/ecoprogress.eu\/de\/#\/schema\/logo\/image\/","url":"https:\/\/ecoprogress.eu\/wp-content\/uploads\/logo-2.svg","contentUrl":"https:\/\/ecoprogress.eu\/wp-content\/uploads\/logo-2.svg","width":318,"height":349,"caption":"Ecoprogress"},"image":{"@id":"https:\/\/ecoprogress.eu\/de\/#\/schema\/logo\/image\/"}}]}},"_links":{"self":[{"href":"https:\/\/ecoprogress.eu\/de\/wp-json\/wp\/v2\/product\/7055","targetHints":{"allow":["GET"]}}],"collection":[{"href":"https:\/\/ecoprogress.eu\/de\/wp-json\/wp\/v2\/product"}],"about":[{"href":"https:\/\/ecoprogress.eu\/de\/wp-json\/wp\/v2\/types\/product"}],"version-history":[{"count":1,"href":"https:\/\/ecoprogress.eu\/de\/wp-json\/wp\/v2\/product\/7055\/revisions"}],"predecessor-version":[{"id":57425,"href":"https:\/\/ecoprogress.eu\/de\/wp-json\/wp\/v2\/product\/7055\/revisions\/57425"}],"wp:featuredmedia":[{"embeddable":true,"href":"https:\/\/ecoprogress.eu\/de\/wp-json\/wp\/v2\/media\/7070"}],"wp:attachment":[{"href":"https:\/\/ecoprogress.eu\/de\/wp-json\/wp\/v2\/media?parent=7055"}],"wp:term":[{"taxonomy":"product_brand","embeddable":true,"href":"https:\/\/ecoprogress.eu\/de\/wp-json\/wp\/v2\/product_brand?post=7055"},{"taxonomy":"product_cat","embeddable":true,"href":"https:\/\/ecoprogress.eu\/de\/wp-json\/wp\/v2\/product_cat?post=7055"},{"taxonomy":"product_tag","embeddable":true,"href":"https:\/\/ecoprogress.eu\/de\/wp-json\/wp\/v2\/product_tag?post=7055"}],"curies":[{"name":"wp","href":"https:\/\/api.w.org\/{rel}","templated":true}]}}