{"id":7154,"date":"2021-08-02T09:43:13","date_gmt":"2021-08-02T07:43:13","guid":{"rendered":"https:\/\/ecoprogress.eu\/?post_type=product&#038;p=7154"},"modified":"2025-02-28T13:42:10","modified_gmt":"2025-02-28T12:42:10","slug":"stojan-modulov-typ-45","status":"publish","type":"product","link":"https:\/\/ecoprogress.eu\/de\/produkt\/stojan-modulov-typ-45\/","title":{"rendered":"Stojan modulov\u00fd typ 45"},"content":{"rendered":"<p>Dodanie 4-6 t\u00fd\u017ed\u0148ov (pod\u013ea stavu skladov\u00fdch z\u00e1sob)<\/p>\n\n<table id=\"tablepress-147\" class=\"tablepress tablepress-id-147\">\n<tbody class=\"row-striping row-hover\">\n<tr class=\"row-1\">\n\t<td class=\"column-1\">po\u010det stanov\u00edsk<\/td><td class=\"column-2\">4<\/td>\n<\/tr>\n<tr class=\"row-2\">\n\t<td class=\"column-1\">\u0161\u00edrka <\/td><td class=\"column-2\">91 cm<\/td>\n<\/tr>\n<tr class=\"row-3\">\n\t<td class=\"column-1\">v\u00fd\u0161ka<\/td><td class=\"column-2\">17 cm<\/td>\n<\/tr>\n<tr class=\"row-4\">\n\t<td class=\"column-1\">h\u013abka<\/td><td class=\"column-2\">44 cm<\/td>\n<\/tr>\n<tr class=\"row-5\">\n\t<td class=\"column-1\">prierez r\u00fary<\/td><td class=\"column-2\">\u00d8 18 mm<\/td>\n<\/tr>\n<tr class=\"row-6\">\n\t<td class=\"column-1\">hr\u00fabka r\u00fary<\/td><td class=\"column-2\">2 mm<\/td>\n<\/tr>\n<tr class=\"row-7\">\n\t<td class=\"column-1\">profil stojana<\/td><td class=\"column-2\">30 x 30 x 1,5 mm<\/td>\n<\/tr>\n<tr class=\"row-8\">\n\t<td class=\"column-1\">materi\u00e1l<\/td><td class=\"column-2\">oce\u013e pozinkovan\u00e1, oce\u013e nehrdzavej\u00faca, oce\u013e pozinkovan\u00e1 malovan\u00e1<\/td>\n<\/tr>\n<tr class=\"row-9\">\n\t<td class=\"column-1\">mont\u00e1\u017e<\/td><td class=\"column-2\">4 roz\u0161irovacie z\u00e1tky \u00d8 12 x 60 mm pre skrutky \u00d8 8 x 80 mm (s\u00fa\u010das\u0165ou balenia), k\u013e\u00fa\u010d 13<\/td>\n<\/tr>\n<tr class=\"row-10\">\n\t<td class=\"column-1\">v\u00e1ha<\/td><td class=\"column-2\">9,6 kg<\/td>\n<\/tr>\n<\/tbody>\n<\/table>\n\n","protected":false},"excerpt":{"rendered":"<p>Stojan modulov\u00fd typ 45 ur\u010den\u00fd pre mal\u00e9 detsk\u00e9 bicykle. Odpor\u00fa\u010dame pre umiestnenie ved\u013ea detsk\u00fdch ihr\u00edsk a \u0161k\u00f4lok. Umo\u017e\u0148uje zaparkova\u0165 minim\u00e1lne 4 bicykle (pri obojstrannom parkovan\u00ed).<\/p>\n","protected":false},"featured_media":7171,"template":"","meta":[],"product_brand":[],"product_cat":[219,156],"product_tag":[],"class_list":{"0":"post-7154","1":"product","2":"type-product","3":"status-publish","4":"has-post-thumbnail","6":"product_cat-modulove","7":"product_cat-stojany-na-bicykle","8":"product_shipping_class-stojany","10":"first","11":"instock","12":"taxable","13":"shipping-taxable","14":"purchasable","15":"product-type-variable"},"yoast_head":"<!-- This site is optimized with the Yoast SEO plugin v27.2 - https:\/\/yoast.com\/product\/yoast-seo-wordpress\/ -->\n<title>Stojan modulov\u00fd typ 45 | Ecoprogress<\/title>\n<meta name=\"description\" content=\"Stojan modulov\u00fd typ 45 ur\u010den\u00fd pre mal\u00e9 detsk\u00e9 bicykle. Odpor\u00fa\u010dame pre umiestnenie ved\u013ea detsk\u00fdch ihr\u00edsk a \u0161k\u00f4lok.\" \/>\n<meta name=\"robots\" content=\"index, follow, max-snippet:-1, max-image-preview:large, max-video-preview:-1\" \/>\n<link rel=\"canonical\" href=\"https:\/\/ecoprogress.eu\/de\/produkt\/stojan-modulov-typ-45\/\" \/>\n<meta property=\"og:locale\" content=\"de_DE\" \/>\n<meta property=\"og:type\" content=\"article\" \/>\n<meta property=\"og:title\" content=\"Stojan modulov\u00fd typ 45 | Ecoprogress\" \/>\n<meta property=\"og:description\" content=\"Stojan modulov\u00fd typ 45 ur\u010den\u00fd pre mal\u00e9 detsk\u00e9 bicykle. Odpor\u00fa\u010dame pre umiestnenie ved\u013ea detsk\u00fdch ihr\u00edsk a \u0161k\u00f4lok.\" \/>\n<meta property=\"og:url\" content=\"https:\/\/ecoprogress.eu\/de\/produkt\/stojan-modulov-typ-45\/\" \/>\n<meta property=\"og:site_name\" content=\"Ecoprogress\" \/>\n<meta property=\"article:modified_time\" content=\"2025-02-28T12:42:10+00:00\" \/>\n<meta property=\"og:image\" content=\"https:\/\/ecoprogress.eu\/wp-content\/uploads\/stojak-rowerowy-puchatek.png\" \/>\n\t<meta property=\"og:image:width\" content=\"800\" \/>\n\t<meta property=\"og:image:height\" content=\"600\" \/>\n\t<meta property=\"og:image:type\" content=\"image\/png\" \/>\n<meta name=\"twitter:card\" content=\"summary_large_image\" \/>\n<meta name=\"twitter:label1\" content=\"Gesch\u00e4tzte Lesezeit\" \/>\n\t<meta name=\"twitter:data1\" content=\"1\u00a0Minute\" \/>\n<script type=\"application\/ld+json\" class=\"yoast-schema-graph\">{\"@context\":\"https:\/\/schema.org\",\"@graph\":[{\"@type\":\"WebPage\",\"@id\":\"https:\/\/ecoprogress.eu\/de\/produkt\/stojan-modulov-typ-45\/\",\"url\":\"https:\/\/ecoprogress.eu\/de\/produkt\/stojan-modulov-typ-45\/\",\"name\":\"Stojan modulov\u00fd typ 45 | Ecoprogress\",\"isPartOf\":{\"@id\":\"https:\/\/ecoprogress.eu\/de\/#website\"},\"primaryImageOfPage\":{\"@id\":\"https:\/\/ecoprogress.eu\/de\/produkt\/stojan-modulov-typ-45\/#primaryimage\"},\"image\":{\"@id\":\"https:\/\/ecoprogress.eu\/de\/produkt\/stojan-modulov-typ-45\/#primaryimage\"},\"thumbnailUrl\":\"https:\/\/ecoprogress.eu\/wp-content\/uploads\/stojak-rowerowy-puchatek.png\",\"datePublished\":\"2021-08-02T07:43:13+00:00\",\"dateModified\":\"2025-02-28T12:42:10+00:00\",\"description\":\"Stojan modulov\u00fd typ 45 ur\u010den\u00fd pre mal\u00e9 detsk\u00e9 bicykle. Odpor\u00fa\u010dame pre umiestnenie ved\u013ea detsk\u00fdch ihr\u00edsk a \u0161k\u00f4lok.\",\"breadcrumb\":{\"@id\":\"https:\/\/ecoprogress.eu\/de\/produkt\/stojan-modulov-typ-45\/#breadcrumb\"},\"inLanguage\":\"de\",\"potentialAction\":[{\"@type\":\"ReadAction\",\"target\":[\"https:\/\/ecoprogress.eu\/de\/produkt\/stojan-modulov-typ-45\/\"]}]},{\"@type\":\"ImageObject\",\"inLanguage\":\"de\",\"@id\":\"https:\/\/ecoprogress.eu\/de\/produkt\/stojan-modulov-typ-45\/#primaryimage\",\"url\":\"https:\/\/ecoprogress.eu\/wp-content\/uploads\/stojak-rowerowy-puchatek.png\",\"contentUrl\":\"https:\/\/ecoprogress.eu\/wp-content\/uploads\/stojak-rowerowy-puchatek.png\",\"width\":800,\"height\":600},{\"@type\":\"BreadcrumbList\",\"@id\":\"https:\/\/ecoprogress.eu\/de\/produkt\/stojan-modulov-typ-45\/#breadcrumb\",\"itemListElement\":[{\"@type\":\"ListItem\",\"position\":1,\"name\":\"Produkte\",\"item\":\"https:\/\/ecoprogress.eu\/de\/produkte\/\"},{\"@type\":\"ListItem\",\"position\":2,\"name\":\"Stojan modulov\u00fd typ 45\"}]},{\"@type\":\"WebSite\",\"@id\":\"https:\/\/ecoprogress.eu\/de\/#website\",\"url\":\"https:\/\/ecoprogress.eu\/de\/\",\"name\":\"Ecoprogress\",\"description\":\"\",\"publisher\":{\"@id\":\"https:\/\/ecoprogress.eu\/de\/#organization\"},\"potentialAction\":[{\"@type\":\"SearchAction\",\"target\":{\"@type\":\"EntryPoint\",\"urlTemplate\":\"https:\/\/ecoprogress.eu\/de\/?s={search_term_string}\"},\"query-input\":{\"@type\":\"PropertyValueSpecification\",\"valueRequired\":true,\"valueName\":\"search_term_string\"}}],\"inLanguage\":\"de\"},{\"@type\":\"Organization\",\"@id\":\"https:\/\/ecoprogress.eu\/de\/#organization\",\"name\":\"Ecoprogress\",\"url\":\"https:\/\/ecoprogress.eu\/de\/\",\"logo\":{\"@type\":\"ImageObject\",\"inLanguage\":\"de\",\"@id\":\"https:\/\/ecoprogress.eu\/de\/#\/schema\/logo\/image\/\",\"url\":\"https:\/\/ecoprogress.eu\/wp-content\/uploads\/logo-2.svg\",\"contentUrl\":\"https:\/\/ecoprogress.eu\/wp-content\/uploads\/logo-2.svg\",\"width\":318,\"height\":349,\"caption\":\"Ecoprogress\"},\"image\":{\"@id\":\"https:\/\/ecoprogress.eu\/de\/#\/schema\/logo\/image\/\"}}]}<\/script>\n<!-- \/ Yoast SEO plugin. -->","yoast_head_json":{"title":"Stojan modulov\u00fd typ 45 | Ecoprogress","description":"Stojan modulov\u00fd typ 45 ur\u010den\u00fd pre mal\u00e9 detsk\u00e9 bicykle. Odpor\u00fa\u010dame pre umiestnenie ved\u013ea detsk\u00fdch ihr\u00edsk a \u0161k\u00f4lok.","robots":{"index":"index","follow":"follow","max-snippet":"max-snippet:-1","max-image-preview":"max-image-preview:large","max-video-preview":"max-video-preview:-1"},"canonical":"https:\/\/ecoprogress.eu\/de\/produkt\/stojan-modulov-typ-45\/","og_locale":"de_DE","og_type":"article","og_title":"Stojan modulov\u00fd typ 45 | Ecoprogress","og_description":"Stojan modulov\u00fd typ 45 ur\u010den\u00fd pre mal\u00e9 detsk\u00e9 bicykle. Odpor\u00fa\u010dame pre umiestnenie ved\u013ea detsk\u00fdch ihr\u00edsk a \u0161k\u00f4lok.","og_url":"https:\/\/ecoprogress.eu\/de\/produkt\/stojan-modulov-typ-45\/","og_site_name":"Ecoprogress","article_modified_time":"2025-02-28T12:42:10+00:00","og_image":[{"width":800,"height":600,"url":"https:\/\/ecoprogress.eu\/wp-content\/uploads\/stojak-rowerowy-puchatek.png","type":"image\/png"}],"twitter_card":"summary_large_image","twitter_misc":{"Gesch\u00e4tzte Lesezeit":"1\u00a0Minute"},"schema":{"@context":"https:\/\/schema.org","@graph":[{"@type":"WebPage","@id":"https:\/\/ecoprogress.eu\/de\/produkt\/stojan-modulov-typ-45\/","url":"https:\/\/ecoprogress.eu\/de\/produkt\/stojan-modulov-typ-45\/","name":"Stojan modulov\u00fd typ 45 | Ecoprogress","isPartOf":{"@id":"https:\/\/ecoprogress.eu\/de\/#website"},"primaryImageOfPage":{"@id":"https:\/\/ecoprogress.eu\/de\/produkt\/stojan-modulov-typ-45\/#primaryimage"},"image":{"@id":"https:\/\/ecoprogress.eu\/de\/produkt\/stojan-modulov-typ-45\/#primaryimage"},"thumbnailUrl":"https:\/\/ecoprogress.eu\/wp-content\/uploads\/stojak-rowerowy-puchatek.png","datePublished":"2021-08-02T07:43:13+00:00","dateModified":"2025-02-28T12:42:10+00:00","description":"Stojan modulov\u00fd typ 45 ur\u010den\u00fd pre mal\u00e9 detsk\u00e9 bicykle. Odpor\u00fa\u010dame pre umiestnenie ved\u013ea detsk\u00fdch ihr\u00edsk a \u0161k\u00f4lok.","breadcrumb":{"@id":"https:\/\/ecoprogress.eu\/de\/produkt\/stojan-modulov-typ-45\/#breadcrumb"},"inLanguage":"de","potentialAction":[{"@type":"ReadAction","target":["https:\/\/ecoprogress.eu\/de\/produkt\/stojan-modulov-typ-45\/"]}]},{"@type":"ImageObject","inLanguage":"de","@id":"https:\/\/ecoprogress.eu\/de\/produkt\/stojan-modulov-typ-45\/#primaryimage","url":"https:\/\/ecoprogress.eu\/wp-content\/uploads\/stojak-rowerowy-puchatek.png","contentUrl":"https:\/\/ecoprogress.eu\/wp-content\/uploads\/stojak-rowerowy-puchatek.png","width":800,"height":600},{"@type":"BreadcrumbList","@id":"https:\/\/ecoprogress.eu\/de\/produkt\/stojan-modulov-typ-45\/#breadcrumb","itemListElement":[{"@type":"ListItem","position":1,"name":"Produkte","item":"https:\/\/ecoprogress.eu\/de\/produkte\/"},{"@type":"ListItem","position":2,"name":"Stojan modulov\u00fd typ 45"}]},{"@type":"WebSite","@id":"https:\/\/ecoprogress.eu\/de\/#website","url":"https:\/\/ecoprogress.eu\/de\/","name":"Ecoprogress","description":"","publisher":{"@id":"https:\/\/ecoprogress.eu\/de\/#organization"},"potentialAction":[{"@type":"SearchAction","target":{"@type":"EntryPoint","urlTemplate":"https:\/\/ecoprogress.eu\/de\/?s={search_term_string}"},"query-input":{"@type":"PropertyValueSpecification","valueRequired":true,"valueName":"search_term_string"}}],"inLanguage":"de"},{"@type":"Organization","@id":"https:\/\/ecoprogress.eu\/de\/#organization","name":"Ecoprogress","url":"https:\/\/ecoprogress.eu\/de\/","logo":{"@type":"ImageObject","inLanguage":"de","@id":"https:\/\/ecoprogress.eu\/de\/#\/schema\/logo\/image\/","url":"https:\/\/ecoprogress.eu\/wp-content\/uploads\/logo-2.svg","contentUrl":"https:\/\/ecoprogress.eu\/wp-content\/uploads\/logo-2.svg","width":318,"height":349,"caption":"Ecoprogress"},"image":{"@id":"https:\/\/ecoprogress.eu\/de\/#\/schema\/logo\/image\/"}}]}},"_links":{"self":[{"href":"https:\/\/ecoprogress.eu\/de\/wp-json\/wp\/v2\/product\/7154","targetHints":{"allow":["GET"]}}],"collection":[{"href":"https:\/\/ecoprogress.eu\/de\/wp-json\/wp\/v2\/product"}],"about":[{"href":"https:\/\/ecoprogress.eu\/de\/wp-json\/wp\/v2\/types\/product"}],"version-history":[{"count":1,"href":"https:\/\/ecoprogress.eu\/de\/wp-json\/wp\/v2\/product\/7154\/revisions"}],"predecessor-version":[{"id":51807,"href":"https:\/\/ecoprogress.eu\/de\/wp-json\/wp\/v2\/product\/7154\/revisions\/51807"}],"wp:featuredmedia":[{"embeddable":true,"href":"https:\/\/ecoprogress.eu\/de\/wp-json\/wp\/v2\/media\/7171"}],"wp:attachment":[{"href":"https:\/\/ecoprogress.eu\/de\/wp-json\/wp\/v2\/media?parent=7154"}],"wp:term":[{"taxonomy":"product_brand","embeddable":true,"href":"https:\/\/ecoprogress.eu\/de\/wp-json\/wp\/v2\/product_brand?post=7154"},{"taxonomy":"product_cat","embeddable":true,"href":"https:\/\/ecoprogress.eu\/de\/wp-json\/wp\/v2\/product_cat?post=7154"},{"taxonomy":"product_tag","embeddable":true,"href":"https:\/\/ecoprogress.eu\/de\/wp-json\/wp\/v2\/product_tag?post=7154"}],"curies":[{"name":"wp","href":"https:\/\/api.w.org\/{rel}","templated":true}]}}