{"id":7723,"date":"2021-09-21T09:27:22","date_gmt":"2021-09-21T07:27:22","guid":{"rendered":"https:\/\/ecoprogress.eu\/?post_type=product&#038;p=7723"},"modified":"2023-06-13T10:29:22","modified_gmt":"2023-06-13T08:29:22","slug":"uzamykatelny-pristresok-pre-bicykle-cyklosafe-compact-2","status":"publish","type":"product","link":"https:\/\/ecoprogress.eu\/de\/produkt\/uzamykatelny-pristresok-pre-bicykle-cyklosafe-compact-2\/","title":{"rendered":"Uzamykate\u013en\u00fd pr\u00edstre\u0161ok pre bicykle CYKLOSAFE COMPACT"},"content":{"rendered":"<p>Nosn\u00fa kon\u0161trukciu pr\u00edstre\u0161ku tvor\u00ed pozinkovan\u00e1 oce\u013eov\u00e1 kon\u0161trukcia vo farebnom preveden\u00ed pod\u013ea v\u00fdberu. CYKLOSAFE COMPACT je celoopl\u00e1\u0161ten\u00e1 jednopodla\u017en\u00e1 stavba s v\u00fd\u0161kou 2,8m, pri\u010dom jeho bo\u010dn\u00e9 steny a zadn\u00fa stenu tvoria oce\u013eov\u00e9 r\u00e1my s v\u00fdpl\u0148ou z pletiva alebo s plnou v\u00fdpl\u0148ou.<\/p>\n<p>Predn\u00fa stenu z\u00e1kladnej verzie tvor\u00ed ods\u00favate\u013en\u00e1 dvojkr\u00eddlov\u00e1 br\u00e1na, prostredn\u00edctvom ktorej je zabezpe\u010den\u00fd pr\u00edstup do pr\u00edstre\u0161ku. Zastre\u0161enie pr\u00edstre\u0161ku tvor\u00ed ploch\u00e1 strecha z trap\u00e9zov\u00e9ho plechu so sklonom 8\u00b0vysp\u00e1dovan\u00fd do da\u017e\u010fov\u00fdch \u017e\u013eabov. Pr\u00edstre\u0161ok m\u00f4\u017ee by\u0165 napojen\u00fd na priamu elektrick\u00fa energiu. \u010eal\u0161ou mo\u017enos\u0165ou je aj situovanie fotovoltaick\u00fdch panelov na strechu pr\u00edstre\u0161ku, ktor\u00e9 zabezpe\u010dia nap\u00e1janie elektrickou energiou a z toho d\u00f4vodu umo\u017e\u0148uj\u00fa nepretr\u017eit\u00e9 fungovanie syst\u00e9mu pr\u00edstre\u0161ku aj bez priameho napojenia na elektrick\u00fa nergiu. Stavba nie je vykurovan\u00e1, vzh\u013eadom na kon\u0161truk\u010dn\u00e9 rie\u0161enie je prevetr\u00e1van\u00e1 priamo cez obvodov\u00fd pl\u00e1\u0161\u0165 stavby.<\/p>\n<p>Vstup do objektu je zabezpe\u010den\u00fd cez u\u017e spom\u00ednan\u00e9 br\u00e1ny s elektrick\u00fdm vr\u00e1tnikom. U\u017e\u00edvate\u013e sa najprv mus\u00ed pri vstupe do objektu autorizova\u0165 \u2013 \u010di u\u017e magnetick\u00fdm k\u013e\u00fa\u010dom, identifika\u010dnou kartou \u010di in\u00fdm sofistikovan\u00fdm sp\u00f4sobom. Vysok\u00fa mieru bezpe\u010dnosti uzamknutia bicyklov zabezpe\u010duje okrem robustnej kon\u0161trukcie pr\u00edstre\u0161ku aj vstup na z\u00e1klade autoriz\u00e1cie (\u010dipov\u00e1 karta, elektromagnetick\u00fd k\u013e\u00fa\u010d a pod., ktor\u00e9 m\u00e1 na\u0161a spolo\u010dnos\u0165 chr\u00e1nen\u00e9 proti ich fal\u0161ovaniu). Vn\u00fatro pr\u00edstre\u0161ku je osvetlen\u00e9 a uveden\u00fd cyklopr\u00edstre\u0161ok je napojen\u00fd na kamerov\u00fd syst\u00e9m. S\u00fa\u010das\u0165ou bezpe\u010dnostn\u00e9ho syst\u00e9mu je aj dodanie software \u2013 u, sl\u00fa\u017eiaceho na synchroniz\u00e1ciu v\u0161etk\u00fdch bezpe\u010dnostn\u00fdch prvkov ( elek. autoriz\u00e1cia, kamera). Uveden\u00fd software bol vyvinut\u00fd na\u0161ou spolo\u010dnos\u0165ou.<\/p>\n<p>Po novom pou\u017e\u00edvame v priestoroch na\u0161ich cyklopr\u00edstre\u015bkov najm\u00e4 poschodov\u00e9 stojany umo\u017e\u0148uj\u00face optim\u00e1lne vyu\u017eitie ve\u013ekosti plochy v miestnosti, nako\u013eko sa bicykle odkladaj\u00fa v dvoch parkovac\u00edch \u00farovniach. Uveden\u00e9 poschodov\u00e9 stojany m\u00e1me k dispoz\u00edcii v jednostrannom a obojstrannom preveden\u00ed. Z d\u00f4vodu aby sa na horn\u00e9 parkovacie miesto \u013eah\u0161ie odkladal bicykel, dod\u00e1vame uveden\u00e9 stojany s namontovan\u00fdm hydraulick\u00fdm mechanizmom, ktor\u00fd napom\u00e1ha osobe ukladaj\u00facej svoj bicykel na horn\u00fd stojan, bez v\u00e4\u010d\u0161ej n\u00e1mahy si vytla\u010di\u0165 svoj bicykel.<\/p>\n<h5><\/h5>\n","protected":false},"excerpt":{"rendered":"<p>CYKLOSAFE COMPACT je modulov\u00fd uzamykate\u013en\u00fd pr\u00edstre\u0161ok, ktor\u00e9ho z\u00e1kladn\u00e1 verzia sa sklad\u00e1 z dvoch modulov s p\u00f4dorysom 6,24 x 2,24 m, pri\u010dom jeden modul ma p\u00f4dorysn\u00e9 rozmery 3,12 x 2,24 m.<\/p>\n<p>Z\u00e1kladn\u00e1 verzia CYKLOSAFE COMPACT poskytuje bezpe\u010dn\u00e9 parkovanie pre 24 bicyklov a ka\u017ed\u00fd \u010fal\u0161\u00ed modul roz\u0161iruje kapacitu o \u010fal\u0161\u00edch 12 parkovac\u00edch miest.<\/p>\n<p>&nbsp;<\/p>\n<p><span style=\"color: #99cc00;\"><strong>Cena cyklopr\u00edstre\u0161ku CYKLOSAFE COMPACT od: 27.800 \u20ac bez DPH<br \/>\n<\/strong><\/span><\/p>\n<p>&nbsp;<\/p>\n<p><span style=\"color: #99cc00;\"><strong><span style=\"color: #000000;\">!!! CENA ZAH\u0154\u0147A AJ STOJANY NA BICYKLE !!<\/span><\/strong><\/span><\/p>\n","protected":false},"featured_media":12446,"template":"","meta":[],"product_brand":[],"product_cat":[286],"product_tag":[],"class_list":{"0":"post-7723","1":"product","2":"type-product","3":"status-publish","4":"has-post-thumbnail","6":"product_cat-uzamykatelne-pristresky-pre-bicykle","7":"product_shipping_class-pristresky","9":"first","10":"onbackorder","11":"featured","12":"taxable","13":"shipping-taxable","14":"product-type-simple"},"yoast_head":"<!-- This site is optimized with the Yoast SEO plugin v27.2 - https:\/\/yoast.com\/product\/yoast-seo-wordpress\/ -->\n<title>Uzamykate\u013en\u00fd pr\u00edstre\u0161ok pre bicykle CYKLOSAFE COMPACT | Ecoprogress<\/title>\n<meta name=\"robots\" content=\"index, follow, max-snippet:-1, max-image-preview:large, max-video-preview:-1\" \/>\n<link rel=\"canonical\" href=\"https:\/\/ecoprogress.eu\/de\/produkt\/uzamykatelny-pristresok-pre-bicykle-cyklosafe-compact-2\/\" \/>\n<meta property=\"og:locale\" content=\"de_DE\" \/>\n<meta property=\"og:type\" content=\"article\" \/>\n<meta property=\"og:title\" content=\"Uzamykate\u013en\u00fd pr\u00edstre\u0161ok pre bicykle CYKLOSAFE COMPACT | Ecoprogress\" \/>\n<meta property=\"og:description\" content=\"CYKLOSAFE COMPACT je modulov\u00fd uzamykate\u013en\u00fd pr\u00edstre\u0161ok, ktor\u00e9ho z\u00e1kladn\u00e1 verzia sa sklad\u00e1 z dvoch modulov s p\u00f4dorysom 6,24 x 2,24 m, pri\u010dom jeden modul ma p\u00f4dorysn\u00e9 rozmery 3,12 x 2,24 m.  Z\u00e1kladn\u00e1 verzia CYKLOSAFE COMPACT poskytuje bezpe\u010dn\u00e9 parkovanie pre 24 bicyklov a ka\u017ed\u00fd \u010fal\u0161\u00ed modul roz\u0161iruje kapacitu o \u010fal\u0161\u00edch 12 parkovac\u00edch miest.  &nbsp;  Cena cyklopr\u00edstre\u0161ku CYKLOSAFE COMPACT od: 27.800 \u20ac bez DPH   &nbsp;  !!! CENA ZAH\u0154\u0147A AJ STOJANY NA BICYKLE !!\" \/>\n<meta property=\"og:url\" content=\"https:\/\/ecoprogress.eu\/de\/produkt\/uzamykatelny-pristresok-pre-bicykle-cyklosafe-compact-2\/\" \/>\n<meta property=\"og:site_name\" content=\"Ecoprogress\" \/>\n<meta property=\"article:modified_time\" content=\"2023-06-13T08:29:22+00:00\" \/>\n<meta property=\"og:image\" content=\"https:\/\/ecoprogress.eu\/wp-content\/uploads\/eco-compact.jpg\" \/>\n\t<meta property=\"og:image:width\" content=\"1080\" \/>\n\t<meta property=\"og:image:height\" content=\"1080\" \/>\n\t<meta property=\"og:image:type\" content=\"image\/jpeg\" \/>\n<meta name=\"twitter:card\" content=\"summary_large_image\" \/>\n<meta name=\"twitter:label1\" content=\"Gesch\u00e4tzte Lesezeit\" \/>\n\t<meta name=\"twitter:data1\" content=\"2\u00a0Minuten\" \/>\n<script type=\"application\/ld+json\" class=\"yoast-schema-graph\">{\"@context\":\"https:\/\/schema.org\",\"@graph\":[{\"@type\":\"WebPage\",\"@id\":\"https:\/\/ecoprogress.eu\/de\/produkt\/uzamykatelny-pristresok-pre-bicykle-cyklosafe-compact-2\/\",\"url\":\"https:\/\/ecoprogress.eu\/de\/produkt\/uzamykatelny-pristresok-pre-bicykle-cyklosafe-compact-2\/\",\"name\":\"Uzamykate\u013en\u00fd pr\u00edstre\u0161ok pre bicykle CYKLOSAFE COMPACT | Ecoprogress\",\"isPartOf\":{\"@id\":\"https:\/\/ecoprogress.eu\/de\/#website\"},\"primaryImageOfPage\":{\"@id\":\"https:\/\/ecoprogress.eu\/de\/produkt\/uzamykatelny-pristresok-pre-bicykle-cyklosafe-compact-2\/#primaryimage\"},\"image\":{\"@id\":\"https:\/\/ecoprogress.eu\/de\/produkt\/uzamykatelny-pristresok-pre-bicykle-cyklosafe-compact-2\/#primaryimage\"},\"thumbnailUrl\":\"https:\/\/ecoprogress.eu\/wp-content\/uploads\/eco-compact.jpg\",\"datePublished\":\"2021-09-21T07:27:22+00:00\",\"dateModified\":\"2023-06-13T08:29:22+00:00\",\"breadcrumb\":{\"@id\":\"https:\/\/ecoprogress.eu\/de\/produkt\/uzamykatelny-pristresok-pre-bicykle-cyklosafe-compact-2\/#breadcrumb\"},\"inLanguage\":\"de\",\"potentialAction\":[{\"@type\":\"ReadAction\",\"target\":[\"https:\/\/ecoprogress.eu\/de\/produkt\/uzamykatelny-pristresok-pre-bicykle-cyklosafe-compact-2\/\"]}]},{\"@type\":\"ImageObject\",\"inLanguage\":\"de\",\"@id\":\"https:\/\/ecoprogress.eu\/de\/produkt\/uzamykatelny-pristresok-pre-bicykle-cyklosafe-compact-2\/#primaryimage\",\"url\":\"https:\/\/ecoprogress.eu\/wp-content\/uploads\/eco-compact.jpg\",\"contentUrl\":\"https:\/\/ecoprogress.eu\/wp-content\/uploads\/eco-compact.jpg\",\"width\":1080,\"height\":1080},{\"@type\":\"BreadcrumbList\",\"@id\":\"https:\/\/ecoprogress.eu\/de\/produkt\/uzamykatelny-pristresok-pre-bicykle-cyklosafe-compact-2\/#breadcrumb\",\"itemListElement\":[{\"@type\":\"ListItem\",\"position\":1,\"name\":\"Produkte\",\"item\":\"https:\/\/ecoprogress.eu\/de\/produkte\/\"},{\"@type\":\"ListItem\",\"position\":2,\"name\":\"Uzamykate\u013en\u00fd pr\u00edstre\u0161ok pre bicykle CYKLOSAFE COMPACT\"}]},{\"@type\":\"WebSite\",\"@id\":\"https:\/\/ecoprogress.eu\/de\/#website\",\"url\":\"https:\/\/ecoprogress.eu\/de\/\",\"name\":\"Ecoprogress\",\"description\":\"\",\"publisher\":{\"@id\":\"https:\/\/ecoprogress.eu\/de\/#organization\"},\"potentialAction\":[{\"@type\":\"SearchAction\",\"target\":{\"@type\":\"EntryPoint\",\"urlTemplate\":\"https:\/\/ecoprogress.eu\/de\/?s={search_term_string}\"},\"query-input\":{\"@type\":\"PropertyValueSpecification\",\"valueRequired\":true,\"valueName\":\"search_term_string\"}}],\"inLanguage\":\"de\"},{\"@type\":\"Organization\",\"@id\":\"https:\/\/ecoprogress.eu\/de\/#organization\",\"name\":\"Ecoprogress\",\"url\":\"https:\/\/ecoprogress.eu\/de\/\",\"logo\":{\"@type\":\"ImageObject\",\"inLanguage\":\"de\",\"@id\":\"https:\/\/ecoprogress.eu\/de\/#\/schema\/logo\/image\/\",\"url\":\"https:\/\/ecoprogress.eu\/wp-content\/uploads\/logo-2.svg\",\"contentUrl\":\"https:\/\/ecoprogress.eu\/wp-content\/uploads\/logo-2.svg\",\"width\":318,\"height\":349,\"caption\":\"Ecoprogress\"},\"image\":{\"@id\":\"https:\/\/ecoprogress.eu\/de\/#\/schema\/logo\/image\/\"}}]}<\/script>\n<!-- \/ Yoast SEO plugin. -->","yoast_head_json":{"title":"Uzamykate\u013en\u00fd pr\u00edstre\u0161ok pre bicykle CYKLOSAFE COMPACT | Ecoprogress","robots":{"index":"index","follow":"follow","max-snippet":"max-snippet:-1","max-image-preview":"max-image-preview:large","max-video-preview":"max-video-preview:-1"},"canonical":"https:\/\/ecoprogress.eu\/de\/produkt\/uzamykatelny-pristresok-pre-bicykle-cyklosafe-compact-2\/","og_locale":"de_DE","og_type":"article","og_title":"Uzamykate\u013en\u00fd pr\u00edstre\u0161ok pre bicykle CYKLOSAFE COMPACT | Ecoprogress","og_description":"CYKLOSAFE COMPACT je modulov\u00fd uzamykate\u013en\u00fd pr\u00edstre\u0161ok, ktor\u00e9ho z\u00e1kladn\u00e1 verzia sa sklad\u00e1 z dvoch modulov s p\u00f4dorysom 6,24 x 2,24 m, pri\u010dom jeden modul ma p\u00f4dorysn\u00e9 rozmery 3,12 x 2,24 m.  Z\u00e1kladn\u00e1 verzia CYKLOSAFE COMPACT poskytuje bezpe\u010dn\u00e9 parkovanie pre 24 bicyklov a ka\u017ed\u00fd \u010fal\u0161\u00ed modul roz\u0161iruje kapacitu o \u010fal\u0161\u00edch 12 parkovac\u00edch miest.  &nbsp;  Cena cyklopr\u00edstre\u0161ku CYKLOSAFE COMPACT od: 27.800 \u20ac bez DPH   &nbsp;  !!! CENA ZAH\u0154\u0147A AJ STOJANY NA BICYKLE !!","og_url":"https:\/\/ecoprogress.eu\/de\/produkt\/uzamykatelny-pristresok-pre-bicykle-cyklosafe-compact-2\/","og_site_name":"Ecoprogress","article_modified_time":"2023-06-13T08:29:22+00:00","og_image":[{"width":1080,"height":1080,"url":"https:\/\/ecoprogress.eu\/wp-content\/uploads\/eco-compact.jpg","type":"image\/jpeg"}],"twitter_card":"summary_large_image","twitter_misc":{"Gesch\u00e4tzte Lesezeit":"2\u00a0Minuten"},"schema":{"@context":"https:\/\/schema.org","@graph":[{"@type":"WebPage","@id":"https:\/\/ecoprogress.eu\/de\/produkt\/uzamykatelny-pristresok-pre-bicykle-cyklosafe-compact-2\/","url":"https:\/\/ecoprogress.eu\/de\/produkt\/uzamykatelny-pristresok-pre-bicykle-cyklosafe-compact-2\/","name":"Uzamykate\u013en\u00fd pr\u00edstre\u0161ok pre bicykle CYKLOSAFE COMPACT | Ecoprogress","isPartOf":{"@id":"https:\/\/ecoprogress.eu\/de\/#website"},"primaryImageOfPage":{"@id":"https:\/\/ecoprogress.eu\/de\/produkt\/uzamykatelny-pristresok-pre-bicykle-cyklosafe-compact-2\/#primaryimage"},"image":{"@id":"https:\/\/ecoprogress.eu\/de\/produkt\/uzamykatelny-pristresok-pre-bicykle-cyklosafe-compact-2\/#primaryimage"},"thumbnailUrl":"https:\/\/ecoprogress.eu\/wp-content\/uploads\/eco-compact.jpg","datePublished":"2021-09-21T07:27:22+00:00","dateModified":"2023-06-13T08:29:22+00:00","breadcrumb":{"@id":"https:\/\/ecoprogress.eu\/de\/produkt\/uzamykatelny-pristresok-pre-bicykle-cyklosafe-compact-2\/#breadcrumb"},"inLanguage":"de","potentialAction":[{"@type":"ReadAction","target":["https:\/\/ecoprogress.eu\/de\/produkt\/uzamykatelny-pristresok-pre-bicykle-cyklosafe-compact-2\/"]}]},{"@type":"ImageObject","inLanguage":"de","@id":"https:\/\/ecoprogress.eu\/de\/produkt\/uzamykatelny-pristresok-pre-bicykle-cyklosafe-compact-2\/#primaryimage","url":"https:\/\/ecoprogress.eu\/wp-content\/uploads\/eco-compact.jpg","contentUrl":"https:\/\/ecoprogress.eu\/wp-content\/uploads\/eco-compact.jpg","width":1080,"height":1080},{"@type":"BreadcrumbList","@id":"https:\/\/ecoprogress.eu\/de\/produkt\/uzamykatelny-pristresok-pre-bicykle-cyklosafe-compact-2\/#breadcrumb","itemListElement":[{"@type":"ListItem","position":1,"name":"Produkte","item":"https:\/\/ecoprogress.eu\/de\/produkte\/"},{"@type":"ListItem","position":2,"name":"Uzamykate\u013en\u00fd pr\u00edstre\u0161ok pre bicykle CYKLOSAFE COMPACT"}]},{"@type":"WebSite","@id":"https:\/\/ecoprogress.eu\/de\/#website","url":"https:\/\/ecoprogress.eu\/de\/","name":"Ecoprogress","description":"","publisher":{"@id":"https:\/\/ecoprogress.eu\/de\/#organization"},"potentialAction":[{"@type":"SearchAction","target":{"@type":"EntryPoint","urlTemplate":"https:\/\/ecoprogress.eu\/de\/?s={search_term_string}"},"query-input":{"@type":"PropertyValueSpecification","valueRequired":true,"valueName":"search_term_string"}}],"inLanguage":"de"},{"@type":"Organization","@id":"https:\/\/ecoprogress.eu\/de\/#organization","name":"Ecoprogress","url":"https:\/\/ecoprogress.eu\/de\/","logo":{"@type":"ImageObject","inLanguage":"de","@id":"https:\/\/ecoprogress.eu\/de\/#\/schema\/logo\/image\/","url":"https:\/\/ecoprogress.eu\/wp-content\/uploads\/logo-2.svg","contentUrl":"https:\/\/ecoprogress.eu\/wp-content\/uploads\/logo-2.svg","width":318,"height":349,"caption":"Ecoprogress"},"image":{"@id":"https:\/\/ecoprogress.eu\/de\/#\/schema\/logo\/image\/"}}]}},"_links":{"self":[{"href":"https:\/\/ecoprogress.eu\/de\/wp-json\/wp\/v2\/product\/7723","targetHints":{"allow":["GET"]}}],"collection":[{"href":"https:\/\/ecoprogress.eu\/de\/wp-json\/wp\/v2\/product"}],"about":[{"href":"https:\/\/ecoprogress.eu\/de\/wp-json\/wp\/v2\/types\/product"}],"version-history":[{"count":0,"href":"https:\/\/ecoprogress.eu\/de\/wp-json\/wp\/v2\/product\/7723\/revisions"}],"wp:featuredmedia":[{"embeddable":true,"href":"https:\/\/ecoprogress.eu\/de\/wp-json\/wp\/v2\/media\/12446"}],"wp:attachment":[{"href":"https:\/\/ecoprogress.eu\/de\/wp-json\/wp\/v2\/media?parent=7723"}],"wp:term":[{"taxonomy":"product_brand","embeddable":true,"href":"https:\/\/ecoprogress.eu\/de\/wp-json\/wp\/v2\/product_brand?post=7723"},{"taxonomy":"product_cat","embeddable":true,"href":"https:\/\/ecoprogress.eu\/de\/wp-json\/wp\/v2\/product_cat?post=7723"},{"taxonomy":"product_tag","embeddable":true,"href":"https:\/\/ecoprogress.eu\/de\/wp-json\/wp\/v2\/product_tag?post=7723"}],"curies":[{"name":"wp","href":"https:\/\/api.w.org\/{rel}","templated":true}]}}