{"id":7824,"date":"2021-09-28T10:53:21","date_gmt":"2021-09-28T08:53:21","guid":{"rendered":"https:\/\/ecoprogress.eu\/?post_type=product&#038;p=7824"},"modified":"2025-02-28T13:54:24","modified_gmt":"2025-02-28T12:54:24","slug":"stojan-poschodovy-typ-01","status":"publish","type":"product","link":"https:\/\/ecoprogress.eu\/de\/produkt\/stojan-poschodovy-typ-01\/","title":{"rendered":"Stojan poschodov\u00fd typ 01"},"content":{"rendered":"<p>Dodanie 9-12 t\u00fd\u017ed\u0148ov (pod\u013ea stavu skladov\u00fdch z\u00e1sob)<\/p>\n\n<table id=\"tablepress-354\" class=\"tablepress tablepress-id-354\">\n<tbody class=\"row-striping row-hover\">\n<tr class=\"row-1\">\n\t<td class=\"column-1\">V\u00fd\u0161ka stojana<\/td><td class=\"column-2\">215 cm<\/td>\n<\/tr>\n<tr class=\"row-2\">\n\t<td class=\"column-1\">\u0161\u00edrka stojana<\/td><td class=\"column-2\">220 cm<\/td>\n<\/tr>\n<tr class=\"row-3\">\n\t<td class=\"column-1\">vzdialenos\u0165 medzi stojanmi<\/td><td class=\"column-2\">43 cm<\/td>\n<\/tr>\n<tr class=\"row-4\">\n\t<td class=\"column-1\">odpor\u00fa\u010dan\u00e1 minim\u00e1lna v\u00fd\u0161ka miestnosti<\/td><td class=\"column-2\">270 cm<\/td>\n<\/tr>\n<tr class=\"row-5\">\n\t<td class=\"column-1\">sp\u00f4sob upevnenia<\/td><td class=\"column-2\">do zeme<\/td>\n<\/tr>\n<tr class=\"row-6\">\n\t<td class=\"column-1\">sp\u00f4sob ukotvenia<\/td><td class=\"column-2\">skrutkami<\/td>\n<\/tr>\n<tr class=\"row-7\">\n\t<td class=\"column-1\">povrch rukov\u00e4te<\/td><td class=\"column-2\">guma<\/td>\n<\/tr>\n<tr class=\"row-8\">\n\t<td class=\"column-1\">materi\u00e1l<\/td><td class=\"column-2\">pozinkovan\u00e1 oce\u013e<\/td>\n<\/tr>\n<\/tbody>\n<\/table>\n\n","protected":false},"excerpt":{"rendered":"<p>Stojan poschodov\u00fd typ 1 je dvoj\u00farov\u0148ov\u00fd stojan, ktor\u00fd je dokonal\u00fdm rie\u0161en\u00edm pre cyklistick\u00e9 miestnosti, ktor\u00e9 maj\u00fa mal\u00fa \u00fa\u017eitkov\u00fa plochu. Kon\u0161trukcia reg\u00e1lu umo\u017e\u0148uje optim\u00e1lne vyu\u017eitie ve\u013ekosti miestnosti vyu\u017eit\u00edm dvoch parkovac\u00edch \u00farovn\u00ed.<\/p>\n<p>Ni\u017e\u0161ie uveden\u00e1 cena je kalkulovan\u00e1 za jedno parkovacie miesto.<\/p>\n","protected":false},"featured_media":7829,"template":"","meta":[],"product_brand":[],"product_cat":[260,156],"product_tag":[],"class_list":{"0":"post-7824","1":"product","2":"type-product","3":"status-publish","4":"has-post-thumbnail","6":"product_cat-poschodove","7":"product_cat-stojany-na-bicykle","8":"product_shipping_class-stojany","10":"first","11":"instock","12":"taxable","13":"shipping-taxable","14":"purchasable","15":"product-type-simple"},"yoast_head":"<!-- This site is optimized with the Yoast SEO plugin v27.2 - https:\/\/yoast.com\/product\/yoast-seo-wordpress\/ -->\n<title>Stojan poschodov\u00fd typ 01 | Ecoprogress<\/title>\n<meta name=\"description\" content=\"Stojan poschodov\u00fd typ 01, ktor\u00fd je dokonal\u00fdm rie\u0161en\u00edm pre miestnosti na bicykle s malou \u00fa\u017eitkovou plochou.\" \/>\n<meta name=\"robots\" content=\"index, follow, max-snippet:-1, max-image-preview:large, max-video-preview:-1\" \/>\n<link rel=\"canonical\" href=\"https:\/\/ecoprogress.eu\/de\/produkt\/stojan-poschodovy-typ-01\/\" \/>\n<meta property=\"og:locale\" content=\"de_DE\" \/>\n<meta property=\"og:type\" content=\"article\" \/>\n<meta property=\"og:title\" content=\"Stojan poschodov\u00fd typ 01 | Ecoprogress\" \/>\n<meta property=\"og:description\" content=\"Stojan poschodov\u00fd typ 01, ktor\u00fd je dokonal\u00fdm rie\u0161en\u00edm pre miestnosti na bicykle s malou \u00fa\u017eitkovou plochou.\" \/>\n<meta property=\"og:url\" content=\"https:\/\/ecoprogress.eu\/de\/produkt\/stojan-poschodovy-typ-01\/\" \/>\n<meta property=\"og:site_name\" content=\"Ecoprogress\" \/>\n<meta property=\"article:modified_time\" content=\"2025-02-28T12:54:24+00:00\" \/>\n<meta property=\"og:image\" content=\"https:\/\/ecoprogress.eu\/wp-content\/uploads\/srojan-dvojposchodovy-na-bicykle.png\" \/>\n\t<meta property=\"og:image:width\" content=\"800\" \/>\n\t<meta property=\"og:image:height\" content=\"600\" \/>\n\t<meta property=\"og:image:type\" content=\"image\/png\" \/>\n<meta name=\"twitter:card\" content=\"summary_large_image\" \/>\n<meta name=\"twitter:label1\" content=\"Gesch\u00e4tzte Lesezeit\" \/>\n\t<meta name=\"twitter:data1\" content=\"1\u00a0Minute\" \/>\n<script type=\"application\/ld+json\" class=\"yoast-schema-graph\">{\"@context\":\"https:\/\/schema.org\",\"@graph\":[{\"@type\":\"WebPage\",\"@id\":\"https:\/\/ecoprogress.eu\/de\/produkt\/stojan-poschodovy-typ-01\/\",\"url\":\"https:\/\/ecoprogress.eu\/de\/produkt\/stojan-poschodovy-typ-01\/\",\"name\":\"Stojan poschodov\u00fd typ 01 | Ecoprogress\",\"isPartOf\":{\"@id\":\"https:\/\/ecoprogress.eu\/de\/#website\"},\"primaryImageOfPage\":{\"@id\":\"https:\/\/ecoprogress.eu\/de\/produkt\/stojan-poschodovy-typ-01\/#primaryimage\"},\"image\":{\"@id\":\"https:\/\/ecoprogress.eu\/de\/produkt\/stojan-poschodovy-typ-01\/#primaryimage\"},\"thumbnailUrl\":\"https:\/\/ecoprogress.eu\/wp-content\/uploads\/srojan-dvojposchodovy-na-bicykle.png\",\"datePublished\":\"2021-09-28T08:53:21+00:00\",\"dateModified\":\"2025-02-28T12:54:24+00:00\",\"description\":\"Stojan poschodov\u00fd typ 01, ktor\u00fd je dokonal\u00fdm rie\u0161en\u00edm pre miestnosti na bicykle s malou \u00fa\u017eitkovou plochou.\",\"breadcrumb\":{\"@id\":\"https:\/\/ecoprogress.eu\/de\/produkt\/stojan-poschodovy-typ-01\/#breadcrumb\"},\"inLanguage\":\"de\",\"potentialAction\":[{\"@type\":\"ReadAction\",\"target\":[\"https:\/\/ecoprogress.eu\/de\/produkt\/stojan-poschodovy-typ-01\/\"]}]},{\"@type\":\"ImageObject\",\"inLanguage\":\"de\",\"@id\":\"https:\/\/ecoprogress.eu\/de\/produkt\/stojan-poschodovy-typ-01\/#primaryimage\",\"url\":\"https:\/\/ecoprogress.eu\/wp-content\/uploads\/srojan-dvojposchodovy-na-bicykle.png\",\"contentUrl\":\"https:\/\/ecoprogress.eu\/wp-content\/uploads\/srojan-dvojposchodovy-na-bicykle.png\",\"width\":800,\"height\":600},{\"@type\":\"BreadcrumbList\",\"@id\":\"https:\/\/ecoprogress.eu\/de\/produkt\/stojan-poschodovy-typ-01\/#breadcrumb\",\"itemListElement\":[{\"@type\":\"ListItem\",\"position\":1,\"name\":\"Produkte\",\"item\":\"https:\/\/ecoprogress.eu\/de\/produkte\/\"},{\"@type\":\"ListItem\",\"position\":2,\"name\":\"Stojan poschodov\u00fd typ 01\"}]},{\"@type\":\"WebSite\",\"@id\":\"https:\/\/ecoprogress.eu\/de\/#website\",\"url\":\"https:\/\/ecoprogress.eu\/de\/\",\"name\":\"Ecoprogress\",\"description\":\"\",\"publisher\":{\"@id\":\"https:\/\/ecoprogress.eu\/de\/#organization\"},\"potentialAction\":[{\"@type\":\"SearchAction\",\"target\":{\"@type\":\"EntryPoint\",\"urlTemplate\":\"https:\/\/ecoprogress.eu\/de\/?s={search_term_string}\"},\"query-input\":{\"@type\":\"PropertyValueSpecification\",\"valueRequired\":true,\"valueName\":\"search_term_string\"}}],\"inLanguage\":\"de\"},{\"@type\":\"Organization\",\"@id\":\"https:\/\/ecoprogress.eu\/de\/#organization\",\"name\":\"Ecoprogress\",\"url\":\"https:\/\/ecoprogress.eu\/de\/\",\"logo\":{\"@type\":\"ImageObject\",\"inLanguage\":\"de\",\"@id\":\"https:\/\/ecoprogress.eu\/de\/#\/schema\/logo\/image\/\",\"url\":\"https:\/\/ecoprogress.eu\/wp-content\/uploads\/logo-2.svg\",\"contentUrl\":\"https:\/\/ecoprogress.eu\/wp-content\/uploads\/logo-2.svg\",\"width\":318,\"height\":349,\"caption\":\"Ecoprogress\"},\"image\":{\"@id\":\"https:\/\/ecoprogress.eu\/de\/#\/schema\/logo\/image\/\"}}]}<\/script>\n<!-- \/ Yoast SEO plugin. -->","yoast_head_json":{"title":"Stojan poschodov\u00fd typ 01 | Ecoprogress","description":"Stojan poschodov\u00fd typ 01, ktor\u00fd je dokonal\u00fdm rie\u0161en\u00edm pre miestnosti na bicykle s malou \u00fa\u017eitkovou plochou.","robots":{"index":"index","follow":"follow","max-snippet":"max-snippet:-1","max-image-preview":"max-image-preview:large","max-video-preview":"max-video-preview:-1"},"canonical":"https:\/\/ecoprogress.eu\/de\/produkt\/stojan-poschodovy-typ-01\/","og_locale":"de_DE","og_type":"article","og_title":"Stojan poschodov\u00fd typ 01 | Ecoprogress","og_description":"Stojan poschodov\u00fd typ 01, ktor\u00fd je dokonal\u00fdm rie\u0161en\u00edm pre miestnosti na bicykle s malou \u00fa\u017eitkovou plochou.","og_url":"https:\/\/ecoprogress.eu\/de\/produkt\/stojan-poschodovy-typ-01\/","og_site_name":"Ecoprogress","article_modified_time":"2025-02-28T12:54:24+00:00","og_image":[{"width":800,"height":600,"url":"https:\/\/ecoprogress.eu\/wp-content\/uploads\/srojan-dvojposchodovy-na-bicykle.png","type":"image\/png"}],"twitter_card":"summary_large_image","twitter_misc":{"Gesch\u00e4tzte Lesezeit":"1\u00a0Minute"},"schema":{"@context":"https:\/\/schema.org","@graph":[{"@type":"WebPage","@id":"https:\/\/ecoprogress.eu\/de\/produkt\/stojan-poschodovy-typ-01\/","url":"https:\/\/ecoprogress.eu\/de\/produkt\/stojan-poschodovy-typ-01\/","name":"Stojan poschodov\u00fd typ 01 | Ecoprogress","isPartOf":{"@id":"https:\/\/ecoprogress.eu\/de\/#website"},"primaryImageOfPage":{"@id":"https:\/\/ecoprogress.eu\/de\/produkt\/stojan-poschodovy-typ-01\/#primaryimage"},"image":{"@id":"https:\/\/ecoprogress.eu\/de\/produkt\/stojan-poschodovy-typ-01\/#primaryimage"},"thumbnailUrl":"https:\/\/ecoprogress.eu\/wp-content\/uploads\/srojan-dvojposchodovy-na-bicykle.png","datePublished":"2021-09-28T08:53:21+00:00","dateModified":"2025-02-28T12:54:24+00:00","description":"Stojan poschodov\u00fd typ 01, ktor\u00fd je dokonal\u00fdm rie\u0161en\u00edm pre miestnosti na bicykle s malou \u00fa\u017eitkovou plochou.","breadcrumb":{"@id":"https:\/\/ecoprogress.eu\/de\/produkt\/stojan-poschodovy-typ-01\/#breadcrumb"},"inLanguage":"de","potentialAction":[{"@type":"ReadAction","target":["https:\/\/ecoprogress.eu\/de\/produkt\/stojan-poschodovy-typ-01\/"]}]},{"@type":"ImageObject","inLanguage":"de","@id":"https:\/\/ecoprogress.eu\/de\/produkt\/stojan-poschodovy-typ-01\/#primaryimage","url":"https:\/\/ecoprogress.eu\/wp-content\/uploads\/srojan-dvojposchodovy-na-bicykle.png","contentUrl":"https:\/\/ecoprogress.eu\/wp-content\/uploads\/srojan-dvojposchodovy-na-bicykle.png","width":800,"height":600},{"@type":"BreadcrumbList","@id":"https:\/\/ecoprogress.eu\/de\/produkt\/stojan-poschodovy-typ-01\/#breadcrumb","itemListElement":[{"@type":"ListItem","position":1,"name":"Produkte","item":"https:\/\/ecoprogress.eu\/de\/produkte\/"},{"@type":"ListItem","position":2,"name":"Stojan poschodov\u00fd typ 01"}]},{"@type":"WebSite","@id":"https:\/\/ecoprogress.eu\/de\/#website","url":"https:\/\/ecoprogress.eu\/de\/","name":"Ecoprogress","description":"","publisher":{"@id":"https:\/\/ecoprogress.eu\/de\/#organization"},"potentialAction":[{"@type":"SearchAction","target":{"@type":"EntryPoint","urlTemplate":"https:\/\/ecoprogress.eu\/de\/?s={search_term_string}"},"query-input":{"@type":"PropertyValueSpecification","valueRequired":true,"valueName":"search_term_string"}}],"inLanguage":"de"},{"@type":"Organization","@id":"https:\/\/ecoprogress.eu\/de\/#organization","name":"Ecoprogress","url":"https:\/\/ecoprogress.eu\/de\/","logo":{"@type":"ImageObject","inLanguage":"de","@id":"https:\/\/ecoprogress.eu\/de\/#\/schema\/logo\/image\/","url":"https:\/\/ecoprogress.eu\/wp-content\/uploads\/logo-2.svg","contentUrl":"https:\/\/ecoprogress.eu\/wp-content\/uploads\/logo-2.svg","width":318,"height":349,"caption":"Ecoprogress"},"image":{"@id":"https:\/\/ecoprogress.eu\/de\/#\/schema\/logo\/image\/"}}]}},"_links":{"self":[{"href":"https:\/\/ecoprogress.eu\/de\/wp-json\/wp\/v2\/product\/7824","targetHints":{"allow":["GET"]}}],"collection":[{"href":"https:\/\/ecoprogress.eu\/de\/wp-json\/wp\/v2\/product"}],"about":[{"href":"https:\/\/ecoprogress.eu\/de\/wp-json\/wp\/v2\/types\/product"}],"version-history":[{"count":1,"href":"https:\/\/ecoprogress.eu\/de\/wp-json\/wp\/v2\/product\/7824\/revisions"}],"predecessor-version":[{"id":51841,"href":"https:\/\/ecoprogress.eu\/de\/wp-json\/wp\/v2\/product\/7824\/revisions\/51841"}],"wp:featuredmedia":[{"embeddable":true,"href":"https:\/\/ecoprogress.eu\/de\/wp-json\/wp\/v2\/media\/7829"}],"wp:attachment":[{"href":"https:\/\/ecoprogress.eu\/de\/wp-json\/wp\/v2\/media?parent=7824"}],"wp:term":[{"taxonomy":"product_brand","embeddable":true,"href":"https:\/\/ecoprogress.eu\/de\/wp-json\/wp\/v2\/product_brand?post=7824"},{"taxonomy":"product_cat","embeddable":true,"href":"https:\/\/ecoprogress.eu\/de\/wp-json\/wp\/v2\/product_cat?post=7824"},{"taxonomy":"product_tag","embeddable":true,"href":"https:\/\/ecoprogress.eu\/de\/wp-json\/wp\/v2\/product_tag?post=7824"}],"curies":[{"name":"wp","href":"https:\/\/api.w.org\/{rel}","templated":true}]}}