{"id":7903,"date":"2021-09-30T14:29:09","date_gmt":"2021-09-30T12:29:09","guid":{"rendered":"https:\/\/ecoprogress.eu\/?post_type=product&#038;p=7903"},"modified":"2025-02-24T11:12:19","modified_gmt":"2025-02-24T10:12:19","slug":"konstrukcia-na-smetne-kose-typ-03","status":"publish","type":"product","link":"https:\/\/ecoprogress.eu\/de\/produkt\/konstrukcia-na-smetne-kose-typ-03\/","title":{"rendered":"Kon\u0161trukcia na smetn\u00e9 ko\u0161e typ 03"},"content":{"rendered":"<p>Dodanie 4-6 t\u00fd\u017ed\u0148ov (pod\u013ea stavu skladov\u00fdch z\u00e1sob)<\/p>\n\n<table id=\"tablepress-162\" class=\"tablepress tablepress-id-162\">\n<tbody class=\"row-striping row-hover\">\n<tr class=\"row-1\">\n\t<td class=\"column-1\">v\u00fd\u0161ka ko\u0161a<\/td><td class=\"column-2\">108 cm<\/td>\n<\/tr>\n<tr class=\"row-2\">\n\t<td class=\"column-1\">\u0161\u00edrka ko\u0161a<\/td><td class=\"column-2\">192 cm<\/td>\n<\/tr>\n<tr class=\"row-3\">\n\t<td class=\"column-1\">h\u013abka ko\u0161a<\/td><td class=\"column-2\">71,5 cm<\/td>\n<\/tr>\n<tr class=\"row-4\">\n\t<td class=\"column-1\">materi\u00e1l<\/td><td class=\"column-2\">oce\u013e nehrdzavej\u00faca, oce\u013e pozinkovan\u00e1 aj malovan\u00e1<\/td>\n<\/tr>\n<tr class=\"row-5\">\n\t<td class=\"column-1\">komponenty<\/td><td class=\"column-2\">plech 1,5 mm<\/td>\n<\/tr>\n<tr class=\"row-6\">\n\t<td class=\"column-1\">po\u010det n\u00e1dob<\/td><td class=\"column-2\">3 x max 120l<\/td>\n<\/tr>\n<\/tbody>\n<\/table>\n<!-- #tablepress-162 from cache -->\n","protected":false},"excerpt":{"rendered":"<p>Kon\u0161trukcia na smetn\u00e9 ko\u0161e typ 3 ur\u010den\u00e1 na triedenie odpadu, pozost\u00e1vaj\u00facich z 3 kom\u00f4r. Vyroben\u00e1 z 1,5 mm plechu. Mo\u017enos\u0165 v\u00fdberu farby pod\u013ea palety RAL. Kon\u0161trukcia je vhodn\u00e1 pre ko\u0161e s maxim\u00e1lnou kapacitou 120l.<\/p>\n","protected":false},"featured_media":9486,"template":"","meta":[],"product_brand":[],"product_cat":[157],"product_tag":[],"class_list":{"0":"post-7903","1":"product","2":"type-product","3":"status-publish","4":"has-post-thumbnail","6":"product_cat-kontajnerove-a-smetiskove-stojiska-konstrukcie","7":"product_shipping_class-kose","9":"first","10":"instock","11":"featured","12":"taxable","13":"shipping-taxable","14":"purchasable","15":"product-type-variable"},"yoast_head":"<!-- This site is optimized with the Yoast SEO plugin v27.2 - https:\/\/yoast.com\/product\/yoast-seo-wordpress\/ -->\n<title>Kon\u0161trukcia na smetn\u00e9 ko\u0161e typ 03 | Ecoprogress<\/title>\n<meta name=\"description\" content=\"Kon\u0161trukcia na smetn\u00e9 ko\u0161e typ 03 ur\u010den\u00e1 na triedenie odpadu, pozost\u00e1vaj\u00facich z 3 kom\u00f4r. Vyroben\u00e1 z 1,5 mm plechu. Mo\u017enos\u0165 v\u00fdberu farby pod\u013ea palety RAL.\" \/>\n<meta name=\"robots\" content=\"index, follow, max-snippet:-1, max-image-preview:large, max-video-preview:-1\" \/>\n<link rel=\"canonical\" href=\"https:\/\/ecoprogress.eu\/de\/produkt\/konstrukcia-na-smetne-kose-typ-03\/\" \/>\n<meta property=\"og:locale\" content=\"de_DE\" \/>\n<meta property=\"og:type\" content=\"article\" \/>\n<meta property=\"og:title\" content=\"Kon\u0161trukcia na smetn\u00e9 ko\u0161e typ 03 | Ecoprogress\" \/>\n<meta property=\"og:description\" content=\"Kon\u0161trukcia na smetn\u00e9 ko\u0161e typ 03 ur\u010den\u00e1 na triedenie odpadu, pozost\u00e1vaj\u00facich z 3 kom\u00f4r. Vyroben\u00e1 z 1,5 mm plechu. Mo\u017enos\u0165 v\u00fdberu farby pod\u013ea palety RAL.\" \/>\n<meta property=\"og:url\" content=\"https:\/\/ecoprogress.eu\/de\/produkt\/konstrukcia-na-smetne-kose-typ-03\/\" \/>\n<meta property=\"og:site_name\" content=\"Ecoprogress\" \/>\n<meta property=\"article:modified_time\" content=\"2025-02-24T10:12:19+00:00\" \/>\n<meta property=\"og:image\" content=\"https:\/\/ecoprogress.eu\/wp-content\/uploads\/kostyp3.jpg\" \/>\n\t<meta property=\"og:image:width\" content=\"800\" \/>\n\t<meta property=\"og:image:height\" content=\"600\" \/>\n\t<meta property=\"og:image:type\" content=\"image\/jpeg\" \/>\n<meta name=\"twitter:card\" content=\"summary_large_image\" \/>\n<meta name=\"twitter:label1\" content=\"Gesch\u00e4tzte Lesezeit\" \/>\n\t<meta name=\"twitter:data1\" content=\"1\u00a0Minute\" \/>\n<script type=\"application\/ld+json\" class=\"yoast-schema-graph\">{\"@context\":\"https:\/\/schema.org\",\"@graph\":[{\"@type\":\"WebPage\",\"@id\":\"https:\/\/ecoprogress.eu\/de\/produkt\/konstrukcia-na-smetne-kose-typ-03\/\",\"url\":\"https:\/\/ecoprogress.eu\/de\/produkt\/konstrukcia-na-smetne-kose-typ-03\/\",\"name\":\"Kon\u0161trukcia na smetn\u00e9 ko\u0161e typ 03 | Ecoprogress\",\"isPartOf\":{\"@id\":\"https:\/\/ecoprogress.eu\/de\/#website\"},\"primaryImageOfPage\":{\"@id\":\"https:\/\/ecoprogress.eu\/de\/produkt\/konstrukcia-na-smetne-kose-typ-03\/#primaryimage\"},\"image\":{\"@id\":\"https:\/\/ecoprogress.eu\/de\/produkt\/konstrukcia-na-smetne-kose-typ-03\/#primaryimage\"},\"thumbnailUrl\":\"https:\/\/ecoprogress.eu\/wp-content\/uploads\/kostyp3.jpg\",\"datePublished\":\"2021-09-30T12:29:09+00:00\",\"dateModified\":\"2025-02-24T10:12:19+00:00\",\"description\":\"Kon\u0161trukcia na smetn\u00e9 ko\u0161e typ 03 ur\u010den\u00e1 na triedenie odpadu, pozost\u00e1vaj\u00facich z 3 kom\u00f4r. Vyroben\u00e1 z 1,5 mm plechu. Mo\u017enos\u0165 v\u00fdberu farby pod\u013ea palety RAL.\",\"breadcrumb\":{\"@id\":\"https:\/\/ecoprogress.eu\/de\/produkt\/konstrukcia-na-smetne-kose-typ-03\/#breadcrumb\"},\"inLanguage\":\"de\",\"potentialAction\":[{\"@type\":\"ReadAction\",\"target\":[\"https:\/\/ecoprogress.eu\/de\/produkt\/konstrukcia-na-smetne-kose-typ-03\/\"]}]},{\"@type\":\"ImageObject\",\"inLanguage\":\"de\",\"@id\":\"https:\/\/ecoprogress.eu\/de\/produkt\/konstrukcia-na-smetne-kose-typ-03\/#primaryimage\",\"url\":\"https:\/\/ecoprogress.eu\/wp-content\/uploads\/kostyp3.jpg\",\"contentUrl\":\"https:\/\/ecoprogress.eu\/wp-content\/uploads\/kostyp3.jpg\",\"width\":800,\"height\":600},{\"@type\":\"BreadcrumbList\",\"@id\":\"https:\/\/ecoprogress.eu\/de\/produkt\/konstrukcia-na-smetne-kose-typ-03\/#breadcrumb\",\"itemListElement\":[{\"@type\":\"ListItem\",\"position\":1,\"name\":\"Produkte\",\"item\":\"https:\/\/ecoprogress.eu\/de\/produkte\/\"},{\"@type\":\"ListItem\",\"position\":2,\"name\":\"Kon\u0161trukcia na smetn\u00e9 ko\u0161e typ 03\"}]},{\"@type\":\"WebSite\",\"@id\":\"https:\/\/ecoprogress.eu\/de\/#website\",\"url\":\"https:\/\/ecoprogress.eu\/de\/\",\"name\":\"Ecoprogress\",\"description\":\"\",\"publisher\":{\"@id\":\"https:\/\/ecoprogress.eu\/de\/#organization\"},\"potentialAction\":[{\"@type\":\"SearchAction\",\"target\":{\"@type\":\"EntryPoint\",\"urlTemplate\":\"https:\/\/ecoprogress.eu\/de\/?s={search_term_string}\"},\"query-input\":{\"@type\":\"PropertyValueSpecification\",\"valueRequired\":true,\"valueName\":\"search_term_string\"}}],\"inLanguage\":\"de\"},{\"@type\":\"Organization\",\"@id\":\"https:\/\/ecoprogress.eu\/de\/#organization\",\"name\":\"Ecoprogress\",\"url\":\"https:\/\/ecoprogress.eu\/de\/\",\"logo\":{\"@type\":\"ImageObject\",\"inLanguage\":\"de\",\"@id\":\"https:\/\/ecoprogress.eu\/de\/#\/schema\/logo\/image\/\",\"url\":\"https:\/\/ecoprogress.eu\/wp-content\/uploads\/logo-2.svg\",\"contentUrl\":\"https:\/\/ecoprogress.eu\/wp-content\/uploads\/logo-2.svg\",\"width\":318,\"height\":349,\"caption\":\"Ecoprogress\"},\"image\":{\"@id\":\"https:\/\/ecoprogress.eu\/de\/#\/schema\/logo\/image\/\"}}]}<\/script>\n<!-- \/ Yoast SEO plugin. -->","yoast_head_json":{"title":"Kon\u0161trukcia na smetn\u00e9 ko\u0161e typ 03 | Ecoprogress","description":"Kon\u0161trukcia na smetn\u00e9 ko\u0161e typ 03 ur\u010den\u00e1 na triedenie odpadu, pozost\u00e1vaj\u00facich z 3 kom\u00f4r. Vyroben\u00e1 z 1,5 mm plechu. Mo\u017enos\u0165 v\u00fdberu farby pod\u013ea palety RAL.","robots":{"index":"index","follow":"follow","max-snippet":"max-snippet:-1","max-image-preview":"max-image-preview:large","max-video-preview":"max-video-preview:-1"},"canonical":"https:\/\/ecoprogress.eu\/de\/produkt\/konstrukcia-na-smetne-kose-typ-03\/","og_locale":"de_DE","og_type":"article","og_title":"Kon\u0161trukcia na smetn\u00e9 ko\u0161e typ 03 | Ecoprogress","og_description":"Kon\u0161trukcia na smetn\u00e9 ko\u0161e typ 03 ur\u010den\u00e1 na triedenie odpadu, pozost\u00e1vaj\u00facich z 3 kom\u00f4r. Vyroben\u00e1 z 1,5 mm plechu. Mo\u017enos\u0165 v\u00fdberu farby pod\u013ea palety RAL.","og_url":"https:\/\/ecoprogress.eu\/de\/produkt\/konstrukcia-na-smetne-kose-typ-03\/","og_site_name":"Ecoprogress","article_modified_time":"2025-02-24T10:12:19+00:00","og_image":[{"width":800,"height":600,"url":"https:\/\/ecoprogress.eu\/wp-content\/uploads\/kostyp3.jpg","type":"image\/jpeg"}],"twitter_card":"summary_large_image","twitter_misc":{"Gesch\u00e4tzte Lesezeit":"1\u00a0Minute"},"schema":{"@context":"https:\/\/schema.org","@graph":[{"@type":"WebPage","@id":"https:\/\/ecoprogress.eu\/de\/produkt\/konstrukcia-na-smetne-kose-typ-03\/","url":"https:\/\/ecoprogress.eu\/de\/produkt\/konstrukcia-na-smetne-kose-typ-03\/","name":"Kon\u0161trukcia na smetn\u00e9 ko\u0161e typ 03 | Ecoprogress","isPartOf":{"@id":"https:\/\/ecoprogress.eu\/de\/#website"},"primaryImageOfPage":{"@id":"https:\/\/ecoprogress.eu\/de\/produkt\/konstrukcia-na-smetne-kose-typ-03\/#primaryimage"},"image":{"@id":"https:\/\/ecoprogress.eu\/de\/produkt\/konstrukcia-na-smetne-kose-typ-03\/#primaryimage"},"thumbnailUrl":"https:\/\/ecoprogress.eu\/wp-content\/uploads\/kostyp3.jpg","datePublished":"2021-09-30T12:29:09+00:00","dateModified":"2025-02-24T10:12:19+00:00","description":"Kon\u0161trukcia na smetn\u00e9 ko\u0161e typ 03 ur\u010den\u00e1 na triedenie odpadu, pozost\u00e1vaj\u00facich z 3 kom\u00f4r. Vyroben\u00e1 z 1,5 mm plechu. Mo\u017enos\u0165 v\u00fdberu farby pod\u013ea palety RAL.","breadcrumb":{"@id":"https:\/\/ecoprogress.eu\/de\/produkt\/konstrukcia-na-smetne-kose-typ-03\/#breadcrumb"},"inLanguage":"de","potentialAction":[{"@type":"ReadAction","target":["https:\/\/ecoprogress.eu\/de\/produkt\/konstrukcia-na-smetne-kose-typ-03\/"]}]},{"@type":"ImageObject","inLanguage":"de","@id":"https:\/\/ecoprogress.eu\/de\/produkt\/konstrukcia-na-smetne-kose-typ-03\/#primaryimage","url":"https:\/\/ecoprogress.eu\/wp-content\/uploads\/kostyp3.jpg","contentUrl":"https:\/\/ecoprogress.eu\/wp-content\/uploads\/kostyp3.jpg","width":800,"height":600},{"@type":"BreadcrumbList","@id":"https:\/\/ecoprogress.eu\/de\/produkt\/konstrukcia-na-smetne-kose-typ-03\/#breadcrumb","itemListElement":[{"@type":"ListItem","position":1,"name":"Produkte","item":"https:\/\/ecoprogress.eu\/de\/produkte\/"},{"@type":"ListItem","position":2,"name":"Kon\u0161trukcia na smetn\u00e9 ko\u0161e typ 03"}]},{"@type":"WebSite","@id":"https:\/\/ecoprogress.eu\/de\/#website","url":"https:\/\/ecoprogress.eu\/de\/","name":"Ecoprogress","description":"","publisher":{"@id":"https:\/\/ecoprogress.eu\/de\/#organization"},"potentialAction":[{"@type":"SearchAction","target":{"@type":"EntryPoint","urlTemplate":"https:\/\/ecoprogress.eu\/de\/?s={search_term_string}"},"query-input":{"@type":"PropertyValueSpecification","valueRequired":true,"valueName":"search_term_string"}}],"inLanguage":"de"},{"@type":"Organization","@id":"https:\/\/ecoprogress.eu\/de\/#organization","name":"Ecoprogress","url":"https:\/\/ecoprogress.eu\/de\/","logo":{"@type":"ImageObject","inLanguage":"de","@id":"https:\/\/ecoprogress.eu\/de\/#\/schema\/logo\/image\/","url":"https:\/\/ecoprogress.eu\/wp-content\/uploads\/logo-2.svg","contentUrl":"https:\/\/ecoprogress.eu\/wp-content\/uploads\/logo-2.svg","width":318,"height":349,"caption":"Ecoprogress"},"image":{"@id":"https:\/\/ecoprogress.eu\/de\/#\/schema\/logo\/image\/"}}]}},"_links":{"self":[{"href":"https:\/\/ecoprogress.eu\/de\/wp-json\/wp\/v2\/product\/7903","targetHints":{"allow":["GET"]}}],"collection":[{"href":"https:\/\/ecoprogress.eu\/de\/wp-json\/wp\/v2\/product"}],"about":[{"href":"https:\/\/ecoprogress.eu\/de\/wp-json\/wp\/v2\/types\/product"}],"version-history":[{"count":1,"href":"https:\/\/ecoprogress.eu\/de\/wp-json\/wp\/v2\/product\/7903\/revisions"}],"predecessor-version":[{"id":57041,"href":"https:\/\/ecoprogress.eu\/de\/wp-json\/wp\/v2\/product\/7903\/revisions\/57041"}],"wp:featuredmedia":[{"embeddable":true,"href":"https:\/\/ecoprogress.eu\/de\/wp-json\/wp\/v2\/media\/9486"}],"wp:attachment":[{"href":"https:\/\/ecoprogress.eu\/de\/wp-json\/wp\/v2\/media?parent=7903"}],"wp:term":[{"taxonomy":"product_brand","embeddable":true,"href":"https:\/\/ecoprogress.eu\/de\/wp-json\/wp\/v2\/product_brand?post=7903"},{"taxonomy":"product_cat","embeddable":true,"href":"https:\/\/ecoprogress.eu\/de\/wp-json\/wp\/v2\/product_cat?post=7903"},{"taxonomy":"product_tag","embeddable":true,"href":"https:\/\/ecoprogress.eu\/de\/wp-json\/wp\/v2\/product_tag?post=7903"}],"curies":[{"name":"wp","href":"https:\/\/api.w.org\/{rel}","templated":true}]}}