{"id":8095,"date":"2021-10-12T13:26:52","date_gmt":"2021-10-12T11:26:52","guid":{"rendered":"https:\/\/ecoprogress.eu\/?post_type=product&#038;p=8095"},"modified":"2025-02-25T15:42:34","modified_gmt":"2025-02-25T14:42:34","slug":"pristresok-typ-03-pre-5-bicyklov","status":"publish","type":"product","link":"https:\/\/ecoprogress.eu\/de\/produkt\/pristresok-typ-03-pre-5-bicyklov\/","title":{"rendered":"Pr\u00edstre\u0161ok typ 03 pre 05 bicyklov"},"content":{"rendered":"<ul>\n<li>vysok\u00e1 trvanlivos\u0165 pr\u00edstre\u0161ku &#8211; oce\u013eov\u00e1 \u017eiarovo pozinkovan\u00e1 kon\u0161trukcia<\/li>\n<li>mo\u017enos\u0165 konfigur\u00e1cie pr\u00edstre\u0161ku &#8211; in\u0161tal\u00e1cia \u010fal\u0161\u00edch modulov pr\u00edstre\u0161ku<\/li>\n<li>odoln\u00e1 kon\u0161trukcia a pevn\u00e9 mont\u00e1\u017ene skrutky zais\u0165uj\u00fa stabilitu a odolnos\u0165 pr\u00edstre\u0161ku, napr\u00edklad vo\u010di siln\u00e9mu n\u00e1razov\u00e9mu vetru<\/li>\n<li>\u0161trukt\u00faru je mo\u017en\u00e9 nama\u013eova\u0165 v akejko\u013evek farbe z palety RAL<\/li>\n<li>5-ro\u010dn\u00e1 z\u00e1ruka v\u00fdrobcu<\/li>\n<\/ul>\n<p>Dodanie 4-6 t\u00fd\u017ed\u0148ov (pod\u013ea stavu skladov\u00fdch z\u00e1sob)<\/p>\n\n<table id=\"tablepress-171\" class=\"tablepress tablepress-id-171\">\n<tbody class=\"row-striping row-hover\">\n<tr class=\"row-1\">\n\t<td class=\"column-1\">po\u010det stanov\u00edsk<\/td><td class=\"column-2\">5<\/td>\n<\/tr>\n<tr class=\"row-2\">\n\t<td class=\"column-1\">v\u00fd\u0161ka pr\u00edstre\u0161ku<\/td><td class=\"column-2\">234 cm<\/td>\n<\/tr>\n<tr class=\"row-3\">\n\t<td class=\"column-1\">\u0161\u00edrka pr\u00edstre\u0161ku<\/td><td class=\"column-2\">210 cm<\/td>\n<\/tr>\n<tr class=\"row-4\">\n\t<td class=\"column-1\">h\u013abka pr\u00edstre\u0161ku<\/td><td class=\"column-2\">207 cm<\/td>\n<\/tr>\n<tr class=\"row-5\">\n\t<td class=\"column-1\">materi\u00e1l<\/td><td class=\"column-2\">komorov\u00fd polykarbon\u00e1t - prieh\u013eadn\u00fd 0,8 cm<\/td>\n<\/tr>\n<tr class=\"row-6\">\n\t<td class=\"column-1\">nosn\u00e1 kon\u0161trukcia<\/td><td class=\"column-2\">profil 50 x 50 x 2 mm<\/td>\n<\/tr>\n<tr class=\"row-7\">\n\t<td class=\"column-1\">kon\u0161trukcia<\/td><td class=\"column-2\">profil 50 x 30 x 2 mm<\/td>\n<\/tr>\n<tr class=\"row-8\">\n\t<td class=\"column-1\">materi\u00e1l kon\u0161trukcie<\/td><td class=\"column-2\">oce\u013e pozinkovan\u00e1, oce\u013e nehrdzavej\u00faca, oce\u013e pozinkovan\u00e1 a malovan\u00e1<\/td>\n<\/tr>\n<tr class=\"row-9\">\n\t<td class=\"column-1\">ukotvenie<\/td><td class=\"column-2\">zabet\u00f3novanie alebo skrutkami<\/td>\n<\/tr>\n<\/tbody>\n<\/table>\n<!-- #tablepress-171 from cache -->\n","protected":false},"excerpt":{"rendered":"<p id=\"tw-target-text\" class=\"tw-data-text tw-text-large XcVN5d tw-ta\" dir=\"ltr\" data-placeholder=\"Preklad\"><span class=\"Y2IQFc\" lang=\"sk\">Pr\u00edstre\u0161ok pre bicykle typ 3 poskytuje pr\u00edstre\u0161ie pre 5 bicyklov. Hlavnou v\u00fdhodou pr\u00edstre\u0161ku je mo\u017enos\u0165 in\u0161tal\u00e1cie \u010fal\u0161\u00edch stre\u0161n\u00fdch modulov, \u010d\u00edm je zaisten\u00e1 ochrana pre v\u00e4\u010d\u0161\u00ed po\u010det bicyklov. Je plne kompatibiln\u00fd s na\u0161imi stojanmi (modely RAD, CROSS, ECHO PION, U-type). M\u00e1me kompletn\u00fa projektov\u00fa dokument\u00e1ciu pr\u00edstre\u0161ku vr\u00e1tane dokument\u00e1cie za\u0165a\u017eenia a pevnosti.<\/span><\/p>\n<p>V cene pr\u00edstre\u0161ku nie s\u00fa zahrnut\u00e9 stojany na bicykle<\/p>\n","protected":false},"featured_media":8111,"template":"","meta":[],"product_brand":[],"product_cat":[158,755],"product_tag":[],"class_list":{"0":"post-8095","1":"product","2":"type-product","3":"status-publish","4":"has-post-thumbnail","6":"product_cat-otvorene-pristresky","7":"product_cat-pristresky-pre-bicykle","8":"product_shipping_class-pristresky","10":"first","11":"instock","12":"featured","13":"taxable","14":"shipping-taxable","15":"purchasable","16":"product-type-variable"},"yoast_head":"<!-- This site is optimized with the Yoast SEO plugin v27.2 - https:\/\/yoast.com\/product\/yoast-seo-wordpress\/ -->\n<title>Pr\u00edstre\u0161ok typ 03 pre 05 bicyklov | Ecoprogress<\/title>\n<meta name=\"description\" content=\"Pr\u00edstre\u0161ok pre bicykle typ 03 poskytuj\u00faci pr\u00edstre\u0161ie pre 10 bicyklov. Hlavnou v\u00fdhodou pr\u00edstre\u0161ku je mo\u017enos\u0165 in\u0161tal\u00e1cie \u010fal\u0161\u00edch stre\u0161n\u00fdch modulov, \u010d\u00edm je zaisten\u00e1 ochrana pre v\u00e4\u010d\u0161\u00ed po\u010det bicyklov.\" \/>\n<meta name=\"robots\" content=\"index, follow, max-snippet:-1, max-image-preview:large, max-video-preview:-1\" \/>\n<link rel=\"canonical\" href=\"https:\/\/ecoprogress.eu\/de\/produkt\/pristresok-typ-03-pre-5-bicyklov\/\" \/>\n<meta property=\"og:locale\" content=\"de_DE\" \/>\n<meta property=\"og:type\" content=\"article\" \/>\n<meta property=\"og:title\" content=\"Pr\u00edstre\u0161ok typ 03 pre 05 bicyklov | Ecoprogress\" \/>\n<meta property=\"og:description\" content=\"Pr\u00edstre\u0161ok pre bicykle typ 03 poskytuj\u00faci pr\u00edstre\u0161ie pre 10 bicyklov. Hlavnou v\u00fdhodou pr\u00edstre\u0161ku je mo\u017enos\u0165 in\u0161tal\u00e1cie \u010fal\u0161\u00edch stre\u0161n\u00fdch modulov, \u010d\u00edm je zaisten\u00e1 ochrana pre v\u00e4\u010d\u0161\u00ed po\u010det bicyklov.\" \/>\n<meta property=\"og:url\" content=\"https:\/\/ecoprogress.eu\/de\/produkt\/pristresok-typ-03-pre-5-bicyklov\/\" \/>\n<meta property=\"og:site_name\" content=\"Ecoprogress\" \/>\n<meta property=\"article:modified_time\" content=\"2025-02-25T14:42:34+00:00\" \/>\n<meta property=\"og:image\" content=\"https:\/\/ecoprogress.eu\/wp-content\/uploads\/pristresok-svit-kryty-na-5-bicyklov-210cm.png\" \/>\n\t<meta property=\"og:image:width\" content=\"800\" \/>\n\t<meta property=\"og:image:height\" content=\"600\" \/>\n\t<meta property=\"og:image:type\" content=\"image\/png\" \/>\n<meta name=\"twitter:card\" content=\"summary_large_image\" \/>\n<meta name=\"twitter:label1\" content=\"Gesch\u00e4tzte Lesezeit\" \/>\n\t<meta name=\"twitter:data1\" content=\"1\u00a0Minute\" \/>\n<script type=\"application\/ld+json\" class=\"yoast-schema-graph\">{\"@context\":\"https:\/\/schema.org\",\"@graph\":[{\"@type\":\"WebPage\",\"@id\":\"https:\/\/ecoprogress.eu\/de\/produkt\/pristresok-typ-03-pre-5-bicyklov\/\",\"url\":\"https:\/\/ecoprogress.eu\/de\/produkt\/pristresok-typ-03-pre-5-bicyklov\/\",\"name\":\"Pr\u00edstre\u0161ok typ 03 pre 05 bicyklov | Ecoprogress\",\"isPartOf\":{\"@id\":\"https:\/\/ecoprogress.eu\/de\/#website\"},\"primaryImageOfPage\":{\"@id\":\"https:\/\/ecoprogress.eu\/de\/produkt\/pristresok-typ-03-pre-5-bicyklov\/#primaryimage\"},\"image\":{\"@id\":\"https:\/\/ecoprogress.eu\/de\/produkt\/pristresok-typ-03-pre-5-bicyklov\/#primaryimage\"},\"thumbnailUrl\":\"https:\/\/ecoprogress.eu\/wp-content\/uploads\/pristresok-svit-kryty-na-5-bicyklov-210cm.png\",\"datePublished\":\"2021-10-12T11:26:52+00:00\",\"dateModified\":\"2025-02-25T14:42:34+00:00\",\"description\":\"Pr\u00edstre\u0161ok pre bicykle typ 03 poskytuj\u00faci pr\u00edstre\u0161ie pre 10 bicyklov. Hlavnou v\u00fdhodou pr\u00edstre\u0161ku je mo\u017enos\u0165 in\u0161tal\u00e1cie \u010fal\u0161\u00edch stre\u0161n\u00fdch modulov, \u010d\u00edm je zaisten\u00e1 ochrana pre v\u00e4\u010d\u0161\u00ed po\u010det bicyklov.\",\"breadcrumb\":{\"@id\":\"https:\/\/ecoprogress.eu\/de\/produkt\/pristresok-typ-03-pre-5-bicyklov\/#breadcrumb\"},\"inLanguage\":\"de\",\"potentialAction\":[{\"@type\":\"ReadAction\",\"target\":[\"https:\/\/ecoprogress.eu\/de\/produkt\/pristresok-typ-03-pre-5-bicyklov\/\"]}]},{\"@type\":\"ImageObject\",\"inLanguage\":\"de\",\"@id\":\"https:\/\/ecoprogress.eu\/de\/produkt\/pristresok-typ-03-pre-5-bicyklov\/#primaryimage\",\"url\":\"https:\/\/ecoprogress.eu\/wp-content\/uploads\/pristresok-svit-kryty-na-5-bicyklov-210cm.png\",\"contentUrl\":\"https:\/\/ecoprogress.eu\/wp-content\/uploads\/pristresok-svit-kryty-na-5-bicyklov-210cm.png\",\"width\":800,\"height\":600},{\"@type\":\"BreadcrumbList\",\"@id\":\"https:\/\/ecoprogress.eu\/de\/produkt\/pristresok-typ-03-pre-5-bicyklov\/#breadcrumb\",\"itemListElement\":[{\"@type\":\"ListItem\",\"position\":1,\"name\":\"Produkte\",\"item\":\"https:\/\/ecoprogress.eu\/de\/produkte\/\"},{\"@type\":\"ListItem\",\"position\":2,\"name\":\"Pr\u00edstre\u0161ok typ 03 pre 05 bicyklov\"}]},{\"@type\":\"WebSite\",\"@id\":\"https:\/\/ecoprogress.eu\/de\/#website\",\"url\":\"https:\/\/ecoprogress.eu\/de\/\",\"name\":\"Ecoprogress\",\"description\":\"\",\"publisher\":{\"@id\":\"https:\/\/ecoprogress.eu\/de\/#organization\"},\"potentialAction\":[{\"@type\":\"SearchAction\",\"target\":{\"@type\":\"EntryPoint\",\"urlTemplate\":\"https:\/\/ecoprogress.eu\/de\/?s={search_term_string}\"},\"query-input\":{\"@type\":\"PropertyValueSpecification\",\"valueRequired\":true,\"valueName\":\"search_term_string\"}}],\"inLanguage\":\"de\"},{\"@type\":\"Organization\",\"@id\":\"https:\/\/ecoprogress.eu\/de\/#organization\",\"name\":\"Ecoprogress\",\"url\":\"https:\/\/ecoprogress.eu\/de\/\",\"logo\":{\"@type\":\"ImageObject\",\"inLanguage\":\"de\",\"@id\":\"https:\/\/ecoprogress.eu\/de\/#\/schema\/logo\/image\/\",\"url\":\"https:\/\/ecoprogress.eu\/wp-content\/uploads\/logo-2.svg\",\"contentUrl\":\"https:\/\/ecoprogress.eu\/wp-content\/uploads\/logo-2.svg\",\"width\":318,\"height\":349,\"caption\":\"Ecoprogress\"},\"image\":{\"@id\":\"https:\/\/ecoprogress.eu\/de\/#\/schema\/logo\/image\/\"}}]}<\/script>\n<!-- \/ Yoast SEO plugin. -->","yoast_head_json":{"title":"Pr\u00edstre\u0161ok typ 03 pre 05 bicyklov | Ecoprogress","description":"Pr\u00edstre\u0161ok pre bicykle typ 03 poskytuj\u00faci pr\u00edstre\u0161ie pre 10 bicyklov. Hlavnou v\u00fdhodou pr\u00edstre\u0161ku je mo\u017enos\u0165 in\u0161tal\u00e1cie \u010fal\u0161\u00edch stre\u0161n\u00fdch modulov, \u010d\u00edm je zaisten\u00e1 ochrana pre v\u00e4\u010d\u0161\u00ed po\u010det bicyklov.","robots":{"index":"index","follow":"follow","max-snippet":"max-snippet:-1","max-image-preview":"max-image-preview:large","max-video-preview":"max-video-preview:-1"},"canonical":"https:\/\/ecoprogress.eu\/de\/produkt\/pristresok-typ-03-pre-5-bicyklov\/","og_locale":"de_DE","og_type":"article","og_title":"Pr\u00edstre\u0161ok typ 03 pre 05 bicyklov | Ecoprogress","og_description":"Pr\u00edstre\u0161ok pre bicykle typ 03 poskytuj\u00faci pr\u00edstre\u0161ie pre 10 bicyklov. Hlavnou v\u00fdhodou pr\u00edstre\u0161ku je mo\u017enos\u0165 in\u0161tal\u00e1cie \u010fal\u0161\u00edch stre\u0161n\u00fdch modulov, \u010d\u00edm je zaisten\u00e1 ochrana pre v\u00e4\u010d\u0161\u00ed po\u010det bicyklov.","og_url":"https:\/\/ecoprogress.eu\/de\/produkt\/pristresok-typ-03-pre-5-bicyklov\/","og_site_name":"Ecoprogress","article_modified_time":"2025-02-25T14:42:34+00:00","og_image":[{"width":800,"height":600,"url":"https:\/\/ecoprogress.eu\/wp-content\/uploads\/pristresok-svit-kryty-na-5-bicyklov-210cm.png","type":"image\/png"}],"twitter_card":"summary_large_image","twitter_misc":{"Gesch\u00e4tzte Lesezeit":"1\u00a0Minute"},"schema":{"@context":"https:\/\/schema.org","@graph":[{"@type":"WebPage","@id":"https:\/\/ecoprogress.eu\/de\/produkt\/pristresok-typ-03-pre-5-bicyklov\/","url":"https:\/\/ecoprogress.eu\/de\/produkt\/pristresok-typ-03-pre-5-bicyklov\/","name":"Pr\u00edstre\u0161ok typ 03 pre 05 bicyklov | Ecoprogress","isPartOf":{"@id":"https:\/\/ecoprogress.eu\/de\/#website"},"primaryImageOfPage":{"@id":"https:\/\/ecoprogress.eu\/de\/produkt\/pristresok-typ-03-pre-5-bicyklov\/#primaryimage"},"image":{"@id":"https:\/\/ecoprogress.eu\/de\/produkt\/pristresok-typ-03-pre-5-bicyklov\/#primaryimage"},"thumbnailUrl":"https:\/\/ecoprogress.eu\/wp-content\/uploads\/pristresok-svit-kryty-na-5-bicyklov-210cm.png","datePublished":"2021-10-12T11:26:52+00:00","dateModified":"2025-02-25T14:42:34+00:00","description":"Pr\u00edstre\u0161ok pre bicykle typ 03 poskytuj\u00faci pr\u00edstre\u0161ie pre 10 bicyklov. Hlavnou v\u00fdhodou pr\u00edstre\u0161ku je mo\u017enos\u0165 in\u0161tal\u00e1cie \u010fal\u0161\u00edch stre\u0161n\u00fdch modulov, \u010d\u00edm je zaisten\u00e1 ochrana pre v\u00e4\u010d\u0161\u00ed po\u010det bicyklov.","breadcrumb":{"@id":"https:\/\/ecoprogress.eu\/de\/produkt\/pristresok-typ-03-pre-5-bicyklov\/#breadcrumb"},"inLanguage":"de","potentialAction":[{"@type":"ReadAction","target":["https:\/\/ecoprogress.eu\/de\/produkt\/pristresok-typ-03-pre-5-bicyklov\/"]}]},{"@type":"ImageObject","inLanguage":"de","@id":"https:\/\/ecoprogress.eu\/de\/produkt\/pristresok-typ-03-pre-5-bicyklov\/#primaryimage","url":"https:\/\/ecoprogress.eu\/wp-content\/uploads\/pristresok-svit-kryty-na-5-bicyklov-210cm.png","contentUrl":"https:\/\/ecoprogress.eu\/wp-content\/uploads\/pristresok-svit-kryty-na-5-bicyklov-210cm.png","width":800,"height":600},{"@type":"BreadcrumbList","@id":"https:\/\/ecoprogress.eu\/de\/produkt\/pristresok-typ-03-pre-5-bicyklov\/#breadcrumb","itemListElement":[{"@type":"ListItem","position":1,"name":"Produkte","item":"https:\/\/ecoprogress.eu\/de\/produkte\/"},{"@type":"ListItem","position":2,"name":"Pr\u00edstre\u0161ok typ 03 pre 05 bicyklov"}]},{"@type":"WebSite","@id":"https:\/\/ecoprogress.eu\/de\/#website","url":"https:\/\/ecoprogress.eu\/de\/","name":"Ecoprogress","description":"","publisher":{"@id":"https:\/\/ecoprogress.eu\/de\/#organization"},"potentialAction":[{"@type":"SearchAction","target":{"@type":"EntryPoint","urlTemplate":"https:\/\/ecoprogress.eu\/de\/?s={search_term_string}"},"query-input":{"@type":"PropertyValueSpecification","valueRequired":true,"valueName":"search_term_string"}}],"inLanguage":"de"},{"@type":"Organization","@id":"https:\/\/ecoprogress.eu\/de\/#organization","name":"Ecoprogress","url":"https:\/\/ecoprogress.eu\/de\/","logo":{"@type":"ImageObject","inLanguage":"de","@id":"https:\/\/ecoprogress.eu\/de\/#\/schema\/logo\/image\/","url":"https:\/\/ecoprogress.eu\/wp-content\/uploads\/logo-2.svg","contentUrl":"https:\/\/ecoprogress.eu\/wp-content\/uploads\/logo-2.svg","width":318,"height":349,"caption":"Ecoprogress"},"image":{"@id":"https:\/\/ecoprogress.eu\/de\/#\/schema\/logo\/image\/"}}]}},"_links":{"self":[{"href":"https:\/\/ecoprogress.eu\/de\/wp-json\/wp\/v2\/product\/8095","targetHints":{"allow":["GET"]}}],"collection":[{"href":"https:\/\/ecoprogress.eu\/de\/wp-json\/wp\/v2\/product"}],"about":[{"href":"https:\/\/ecoprogress.eu\/de\/wp-json\/wp\/v2\/types\/product"}],"version-history":[{"count":1,"href":"https:\/\/ecoprogress.eu\/de\/wp-json\/wp\/v2\/product\/8095\/revisions"}],"predecessor-version":[{"id":52841,"href":"https:\/\/ecoprogress.eu\/de\/wp-json\/wp\/v2\/product\/8095\/revisions\/52841"}],"wp:featuredmedia":[{"embeddable":true,"href":"https:\/\/ecoprogress.eu\/de\/wp-json\/wp\/v2\/media\/8111"}],"wp:attachment":[{"href":"https:\/\/ecoprogress.eu\/de\/wp-json\/wp\/v2\/media?parent=8095"}],"wp:term":[{"taxonomy":"product_brand","embeddable":true,"href":"https:\/\/ecoprogress.eu\/de\/wp-json\/wp\/v2\/product_brand?post=8095"},{"taxonomy":"product_cat","embeddable":true,"href":"https:\/\/ecoprogress.eu\/de\/wp-json\/wp\/v2\/product_cat?post=8095"},{"taxonomy":"product_tag","embeddable":true,"href":"https:\/\/ecoprogress.eu\/de\/wp-json\/wp\/v2\/product_tag?post=8095"}],"curies":[{"name":"wp","href":"https:\/\/api.w.org\/{rel}","templated":true}]}}