{"id":9035,"date":"2022-03-15T20:01:39","date_gmt":"2022-03-15T19:01:39","guid":{"rendered":"https:\/\/ecoprogress.eu\/?post_type=product&#038;p=9035"},"modified":"2025-02-26T09:29:06","modified_gmt":"2025-02-26T08:29:06","slug":"fajciarsky-pristresok-typ-02","status":"publish","type":"product","link":"https:\/\/ecoprogress.eu\/de\/produkt\/fajciarsky-pristresok-typ-02\/","title":{"rendered":"Faj\u010diarsky pr\u00edstre\u0161ok typ 02"},"content":{"rendered":"<p>Dodanie 4-6 t\u00fd\u017ed\u0148ov (pod\u013ea stavu skladov\u00fdch z\u00e1sob)<\/p>\n<p>&nbsp;<\/p>\n\n<table id=\"tablepress-224\" class=\"tablepress tablepress-id-224\">\n<tbody class=\"row-striping row-hover\">\n<tr class=\"row-1\">\n\t<td class=\"column-1\">v\u00fd\u0161ka pr\u00edstre\u0161ku<\/td><td class=\"column-2\">230 cm<\/td>\n<\/tr>\n<tr class=\"row-2\">\n\t<td class=\"column-1\">\u0161\u00edrka pr\u00edstre\u0161ku<\/td><td class=\"column-2\">280 cm<\/td>\n<\/tr>\n<tr class=\"row-3\">\n\t<td class=\"column-1\">h\u013abka pr\u00edstre\u0161ku<\/td><td class=\"column-2\">190 cm<\/td>\n<\/tr>\n<tr class=\"row-4\">\n\t<td class=\"column-1\">nosn\u00e1 kon\u0161trukcia<\/td><td class=\"column-2\">80 x 60 x 3 mm<\/td>\n<\/tr>\n<tr class=\"row-5\">\n\t<td class=\"column-1\">stre\u0161n\u00e1 kon\u0161trukcia<\/td><td class=\"column-2\">60 x 60 x 3 mm<\/td>\n<\/tr>\n<tr class=\"row-6\">\n\t<td class=\"column-1\">ukotvenie<\/td><td class=\"column-2\">zabet\u00f3novanie alebo skrutkami<\/td>\n<\/tr>\n<tr class=\"row-7\">\n\t<td class=\"column-1\">materi\u00e1l<\/td><td class=\"column-2\">pozinkovan\u00e1 oce\u013e, oce\u013e pozinkovan\u00e1 a ma\u013eovan\u00e1<\/td>\n<\/tr>\n<tr class=\"row-8\">\n\t<td class=\"column-1\">materi\u00e1l strechy<\/td><td class=\"column-2\">komorov\u00fd polykarbon\u00e1t - prieh\u013eadn\u00fd 0,8 cm<\/td>\n<\/tr>\n<\/tbody>\n<\/table>\n<!-- #tablepress-224 from cache -->\n","protected":false},"excerpt":{"rendered":"<p>Faj\u010diarsky pr\u00edstre\u0161ok typ 2 s 8 mm bunkov\u00fdmi polykarbon\u00e1tov\u00fdmi stenami. Kon\u0161trukciu je mo\u017en\u00e9 natrie\u0165 vybranou farbou z palety RAL.<\/p>\n","protected":false},"featured_media":9124,"template":"","meta":[],"product_brand":[],"product_cat":[158],"product_tag":[],"class_list":{"0":"post-9035","1":"product","2":"type-product","3":"status-publish","4":"has-post-thumbnail","6":"product_cat-otvorene-pristresky","7":"product_shipping_class-pristresky","9":"first","10":"instock","11":"featured","12":"taxable","13":"shipping-taxable","14":"purchasable","15":"product-type-simple"},"yoast_head":"<!-- This site is optimized with the Yoast SEO plugin v27.2 - https:\/\/yoast.com\/product\/yoast-seo-wordpress\/ -->\n<title>Faj\u010diarsky pr\u00edstre\u0161ok typ 02 | Ecoprogress<\/title>\n<meta name=\"description\" content=\"Faj\u010diarsky pr\u00edstre\u0161ok typ 02 s 8 mm bunkov\u00fdmi polykarbon\u00e1tov\u00fdmi stenami. Kon\u0161trukciu je mo\u017en\u00e9 natrie\u0165 vybranou farbou z palety RAL.\" \/>\n<meta name=\"robots\" content=\"index, follow, max-snippet:-1, max-image-preview:large, max-video-preview:-1\" \/>\n<link rel=\"canonical\" href=\"https:\/\/ecoprogress.eu\/de\/produkt\/fajciarsky-pristresok-typ-02\/\" \/>\n<meta property=\"og:locale\" content=\"de_DE\" \/>\n<meta property=\"og:type\" content=\"article\" \/>\n<meta property=\"og:title\" content=\"Faj\u010diarsky pr\u00edstre\u0161ok typ 02 | Ecoprogress\" \/>\n<meta property=\"og:description\" content=\"Faj\u010diarsky pr\u00edstre\u0161ok typ 02 s 8 mm bunkov\u00fdmi polykarbon\u00e1tov\u00fdmi stenami. Kon\u0161trukciu je mo\u017en\u00e9 natrie\u0165 vybranou farbou z palety RAL.\" \/>\n<meta property=\"og:url\" content=\"https:\/\/ecoprogress.eu\/de\/produkt\/fajciarsky-pristresok-typ-02\/\" \/>\n<meta property=\"og:site_name\" content=\"Ecoprogress\" \/>\n<meta property=\"article:modified_time\" content=\"2025-02-26T08:29:06+00:00\" \/>\n<meta property=\"og:image\" content=\"https:\/\/ecoprogress.eu\/wp-content\/uploads\/fajciarskypristresok2.jpg\" \/>\n\t<meta property=\"og:image:width\" content=\"800\" \/>\n\t<meta property=\"og:image:height\" content=\"600\" \/>\n\t<meta property=\"og:image:type\" content=\"image\/jpeg\" \/>\n<meta name=\"twitter:card\" content=\"summary_large_image\" \/>\n<meta name=\"twitter:label1\" content=\"Gesch\u00e4tzte Lesezeit\" \/>\n\t<meta name=\"twitter:data1\" content=\"1\u00a0Minute\" \/>\n<script type=\"application\/ld+json\" class=\"yoast-schema-graph\">{\"@context\":\"https:\/\/schema.org\",\"@graph\":[{\"@type\":\"WebPage\",\"@id\":\"https:\/\/ecoprogress.eu\/de\/produkt\/fajciarsky-pristresok-typ-02\/\",\"url\":\"https:\/\/ecoprogress.eu\/de\/produkt\/fajciarsky-pristresok-typ-02\/\",\"name\":\"Faj\u010diarsky pr\u00edstre\u0161ok typ 02 | Ecoprogress\",\"isPartOf\":{\"@id\":\"https:\/\/ecoprogress.eu\/de\/#website\"},\"primaryImageOfPage\":{\"@id\":\"https:\/\/ecoprogress.eu\/de\/produkt\/fajciarsky-pristresok-typ-02\/#primaryimage\"},\"image\":{\"@id\":\"https:\/\/ecoprogress.eu\/de\/produkt\/fajciarsky-pristresok-typ-02\/#primaryimage\"},\"thumbnailUrl\":\"https:\/\/ecoprogress.eu\/wp-content\/uploads\/fajciarskypristresok2.jpg\",\"datePublished\":\"2022-03-15T19:01:39+00:00\",\"dateModified\":\"2025-02-26T08:29:06+00:00\",\"description\":\"Faj\u010diarsky pr\u00edstre\u0161ok typ 02 s 8 mm bunkov\u00fdmi polykarbon\u00e1tov\u00fdmi stenami. Kon\u0161trukciu je mo\u017en\u00e9 natrie\u0165 vybranou farbou z palety RAL.\",\"breadcrumb\":{\"@id\":\"https:\/\/ecoprogress.eu\/de\/produkt\/fajciarsky-pristresok-typ-02\/#breadcrumb\"},\"inLanguage\":\"de\",\"potentialAction\":[{\"@type\":\"ReadAction\",\"target\":[\"https:\/\/ecoprogress.eu\/de\/produkt\/fajciarsky-pristresok-typ-02\/\"]}]},{\"@type\":\"ImageObject\",\"inLanguage\":\"de\",\"@id\":\"https:\/\/ecoprogress.eu\/de\/produkt\/fajciarsky-pristresok-typ-02\/#primaryimage\",\"url\":\"https:\/\/ecoprogress.eu\/wp-content\/uploads\/fajciarskypristresok2.jpg\",\"contentUrl\":\"https:\/\/ecoprogress.eu\/wp-content\/uploads\/fajciarskypristresok2.jpg\",\"width\":800,\"height\":600},{\"@type\":\"BreadcrumbList\",\"@id\":\"https:\/\/ecoprogress.eu\/de\/produkt\/fajciarsky-pristresok-typ-02\/#breadcrumb\",\"itemListElement\":[{\"@type\":\"ListItem\",\"position\":1,\"name\":\"Produkte\",\"item\":\"https:\/\/ecoprogress.eu\/de\/produkte\/\"},{\"@type\":\"ListItem\",\"position\":2,\"name\":\"Faj\u010diarsky pr\u00edstre\u0161ok typ 02\"}]},{\"@type\":\"WebSite\",\"@id\":\"https:\/\/ecoprogress.eu\/de\/#website\",\"url\":\"https:\/\/ecoprogress.eu\/de\/\",\"name\":\"Ecoprogress\",\"description\":\"\",\"publisher\":{\"@id\":\"https:\/\/ecoprogress.eu\/de\/#organization\"},\"potentialAction\":[{\"@type\":\"SearchAction\",\"target\":{\"@type\":\"EntryPoint\",\"urlTemplate\":\"https:\/\/ecoprogress.eu\/de\/?s={search_term_string}\"},\"query-input\":{\"@type\":\"PropertyValueSpecification\",\"valueRequired\":true,\"valueName\":\"search_term_string\"}}],\"inLanguage\":\"de\"},{\"@type\":\"Organization\",\"@id\":\"https:\/\/ecoprogress.eu\/de\/#organization\",\"name\":\"Ecoprogress\",\"url\":\"https:\/\/ecoprogress.eu\/de\/\",\"logo\":{\"@type\":\"ImageObject\",\"inLanguage\":\"de\",\"@id\":\"https:\/\/ecoprogress.eu\/de\/#\/schema\/logo\/image\/\",\"url\":\"https:\/\/ecoprogress.eu\/wp-content\/uploads\/logo-2.svg\",\"contentUrl\":\"https:\/\/ecoprogress.eu\/wp-content\/uploads\/logo-2.svg\",\"width\":318,\"height\":349,\"caption\":\"Ecoprogress\"},\"image\":{\"@id\":\"https:\/\/ecoprogress.eu\/de\/#\/schema\/logo\/image\/\"}}]}<\/script>\n<!-- \/ Yoast SEO plugin. -->","yoast_head_json":{"title":"Faj\u010diarsky pr\u00edstre\u0161ok typ 02 | Ecoprogress","description":"Faj\u010diarsky pr\u00edstre\u0161ok typ 02 s 8 mm bunkov\u00fdmi polykarbon\u00e1tov\u00fdmi stenami. Kon\u0161trukciu je mo\u017en\u00e9 natrie\u0165 vybranou farbou z palety RAL.","robots":{"index":"index","follow":"follow","max-snippet":"max-snippet:-1","max-image-preview":"max-image-preview:large","max-video-preview":"max-video-preview:-1"},"canonical":"https:\/\/ecoprogress.eu\/de\/produkt\/fajciarsky-pristresok-typ-02\/","og_locale":"de_DE","og_type":"article","og_title":"Faj\u010diarsky pr\u00edstre\u0161ok typ 02 | Ecoprogress","og_description":"Faj\u010diarsky pr\u00edstre\u0161ok typ 02 s 8 mm bunkov\u00fdmi polykarbon\u00e1tov\u00fdmi stenami. Kon\u0161trukciu je mo\u017en\u00e9 natrie\u0165 vybranou farbou z palety RAL.","og_url":"https:\/\/ecoprogress.eu\/de\/produkt\/fajciarsky-pristresok-typ-02\/","og_site_name":"Ecoprogress","article_modified_time":"2025-02-26T08:29:06+00:00","og_image":[{"width":800,"height":600,"url":"https:\/\/ecoprogress.eu\/wp-content\/uploads\/fajciarskypristresok2.jpg","type":"image\/jpeg"}],"twitter_card":"summary_large_image","twitter_misc":{"Gesch\u00e4tzte Lesezeit":"1\u00a0Minute"},"schema":{"@context":"https:\/\/schema.org","@graph":[{"@type":"WebPage","@id":"https:\/\/ecoprogress.eu\/de\/produkt\/fajciarsky-pristresok-typ-02\/","url":"https:\/\/ecoprogress.eu\/de\/produkt\/fajciarsky-pristresok-typ-02\/","name":"Faj\u010diarsky pr\u00edstre\u0161ok typ 02 | Ecoprogress","isPartOf":{"@id":"https:\/\/ecoprogress.eu\/de\/#website"},"primaryImageOfPage":{"@id":"https:\/\/ecoprogress.eu\/de\/produkt\/fajciarsky-pristresok-typ-02\/#primaryimage"},"image":{"@id":"https:\/\/ecoprogress.eu\/de\/produkt\/fajciarsky-pristresok-typ-02\/#primaryimage"},"thumbnailUrl":"https:\/\/ecoprogress.eu\/wp-content\/uploads\/fajciarskypristresok2.jpg","datePublished":"2022-03-15T19:01:39+00:00","dateModified":"2025-02-26T08:29:06+00:00","description":"Faj\u010diarsky pr\u00edstre\u0161ok typ 02 s 8 mm bunkov\u00fdmi polykarbon\u00e1tov\u00fdmi stenami. Kon\u0161trukciu je mo\u017en\u00e9 natrie\u0165 vybranou farbou z palety RAL.","breadcrumb":{"@id":"https:\/\/ecoprogress.eu\/de\/produkt\/fajciarsky-pristresok-typ-02\/#breadcrumb"},"inLanguage":"de","potentialAction":[{"@type":"ReadAction","target":["https:\/\/ecoprogress.eu\/de\/produkt\/fajciarsky-pristresok-typ-02\/"]}]},{"@type":"ImageObject","inLanguage":"de","@id":"https:\/\/ecoprogress.eu\/de\/produkt\/fajciarsky-pristresok-typ-02\/#primaryimage","url":"https:\/\/ecoprogress.eu\/wp-content\/uploads\/fajciarskypristresok2.jpg","contentUrl":"https:\/\/ecoprogress.eu\/wp-content\/uploads\/fajciarskypristresok2.jpg","width":800,"height":600},{"@type":"BreadcrumbList","@id":"https:\/\/ecoprogress.eu\/de\/produkt\/fajciarsky-pristresok-typ-02\/#breadcrumb","itemListElement":[{"@type":"ListItem","position":1,"name":"Produkte","item":"https:\/\/ecoprogress.eu\/de\/produkte\/"},{"@type":"ListItem","position":2,"name":"Faj\u010diarsky pr\u00edstre\u0161ok typ 02"}]},{"@type":"WebSite","@id":"https:\/\/ecoprogress.eu\/de\/#website","url":"https:\/\/ecoprogress.eu\/de\/","name":"Ecoprogress","description":"","publisher":{"@id":"https:\/\/ecoprogress.eu\/de\/#organization"},"potentialAction":[{"@type":"SearchAction","target":{"@type":"EntryPoint","urlTemplate":"https:\/\/ecoprogress.eu\/de\/?s={search_term_string}"},"query-input":{"@type":"PropertyValueSpecification","valueRequired":true,"valueName":"search_term_string"}}],"inLanguage":"de"},{"@type":"Organization","@id":"https:\/\/ecoprogress.eu\/de\/#organization","name":"Ecoprogress","url":"https:\/\/ecoprogress.eu\/de\/","logo":{"@type":"ImageObject","inLanguage":"de","@id":"https:\/\/ecoprogress.eu\/de\/#\/schema\/logo\/image\/","url":"https:\/\/ecoprogress.eu\/wp-content\/uploads\/logo-2.svg","contentUrl":"https:\/\/ecoprogress.eu\/wp-content\/uploads\/logo-2.svg","width":318,"height":349,"caption":"Ecoprogress"},"image":{"@id":"https:\/\/ecoprogress.eu\/de\/#\/schema\/logo\/image\/"}}]}},"_links":{"self":[{"href":"https:\/\/ecoprogress.eu\/de\/wp-json\/wp\/v2\/product\/9035","targetHints":{"allow":["GET"]}}],"collection":[{"href":"https:\/\/ecoprogress.eu\/de\/wp-json\/wp\/v2\/product"}],"about":[{"href":"https:\/\/ecoprogress.eu\/de\/wp-json\/wp\/v2\/types\/product"}],"version-history":[{"count":1,"href":"https:\/\/ecoprogress.eu\/de\/wp-json\/wp\/v2\/product\/9035\/revisions"}],"predecessor-version":[{"id":57200,"href":"https:\/\/ecoprogress.eu\/de\/wp-json\/wp\/v2\/product\/9035\/revisions\/57200"}],"wp:featuredmedia":[{"embeddable":true,"href":"https:\/\/ecoprogress.eu\/de\/wp-json\/wp\/v2\/media\/9124"}],"wp:attachment":[{"href":"https:\/\/ecoprogress.eu\/de\/wp-json\/wp\/v2\/media?parent=9035"}],"wp:term":[{"taxonomy":"product_brand","embeddable":true,"href":"https:\/\/ecoprogress.eu\/de\/wp-json\/wp\/v2\/product_brand?post=9035"},{"taxonomy":"product_cat","embeddable":true,"href":"https:\/\/ecoprogress.eu\/de\/wp-json\/wp\/v2\/product_cat?post=9035"},{"taxonomy":"product_tag","embeddable":true,"href":"https:\/\/ecoprogress.eu\/de\/wp-json\/wp\/v2\/product_tag?post=9035"}],"curies":[{"name":"wp","href":"https:\/\/api.w.org\/{rel}","templated":true}]}}