{"id":9820,"date":"2022-03-21T09:06:08","date_gmt":"2022-03-21T08:06:08","guid":{"rendered":"https:\/\/ecoprogress.eu\/?post_type=product&#038;p=9820"},"modified":"2024-05-28T13:19:14","modified_gmt":"2024-05-28T11:19:14","slug":"servisny-stojan-typ-04","status":"publish","type":"product","link":"https:\/\/ecoprogress.eu\/de\/produkt\/servisny-stojan-typ-04\/","title":{"rendered":"Servisn\u00fd stojan typ 04"},"content":{"rendered":"<p>Obsahuje:<\/p>\n<ul>\n<li>skrutkova\u010d kr\u00ed\u017eov\u00fd Phillips PH2<\/li>\n<li>ploch\u00fd skrutkova\u010d 5,5 mm<\/li>\n<li>p\u00e1\u010dky pneumat\u00edk<\/li>\n<li>nastavite\u013en\u00fd k\u013e\u00fa\u010d 0 &#8211; 32 mm<\/li>\n<li>pumpa s adapt\u00e9rom pre v\u0161etky typy ventilov ( 10 BAR )<\/li>\n<li>\u0161es\u0165hrann\u00fd k\u013e\u00fa\u010d s rukov\u00e4\u0165ou 2-8 mm<\/li>\n<li>p\u00e1\u010dky pneumat\u00edk<\/li>\n<li>in\u0161tala\u010dn\u00e1 sada (4 x kotvy M10, 80 mm)<\/li>\n<li>bezpe\u010dnostn\u00e9 skrutky<\/li>\n<li>4 x branding (monom\u00e9rov\u00e1 f\u00f3lia), rozmery 2 x 10,5 x 50 cm \/ 2 x 10,5 x 54 cm<\/li>\n<\/ul>\n<p>Dodanie 4-6 t\u00fd\u017ed\u0148ov (pod\u013ea stavu skladov\u00fdch z\u00e1sob)<\/p>\n\n<table id=\"tablepress-247\" class=\"tablepress tablepress-id-247\">\n<tbody class=\"row-striping row-hover\">\n<tr class=\"row-1\">\n\t<td class=\"column-1\">v\u00fd\u0161ka<\/td><td class=\"column-2\">71 cm<\/td>\n<\/tr>\n<tr class=\"row-2\">\n\t<td class=\"column-1\">\u0161\u00edrka<\/td><td class=\"column-2\">12 cm<\/td>\n<\/tr>\n<tr class=\"row-3\">\n\t<td class=\"column-1\">d\u013a\u017eka s \u00fachytmi<\/td><td class=\"column-2\">20 cm<\/td>\n<\/tr>\n<tr class=\"row-4\">\n\t<td class=\"column-1\">materi\u00e1l<\/td><td class=\"column-2\">pozinkovan\u00e1 a ma\u013eovan\u00e1 oce\u013e<\/td>\n<\/tr>\n<tr class=\"row-5\">\n\t<td class=\"column-1\">povrch \u00fachytov<\/td><td class=\"column-2\">ochrann\u00e1 bu\u017e\u00edrka<\/td>\n<\/tr>\n<tr class=\"row-6\">\n\t<td class=\"column-1\">ukotvenie<\/td><td class=\"column-2\">chemick\u00e9 kotvy<\/td>\n<\/tr>\n<\/tbody>\n<\/table>\n\n","protected":false},"excerpt":{"rendered":"<p>Servisn\u00fd stojan typ 4 je ur\u010den\u00fd napr\u00edklad na opravu defektu na bicykli, utiahnutie jednotliv\u00fdch komponentov, \u010di in\u00e9 nen\u00e1ro\u010dn\u00e9 opravy.<\/p>\n<p>N\u00e1\u0161 servisn\u00fd stojan obsahuje univerz\u00e1lne n\u00e1radie na oce\u013eov\u00fdch lan\u00e1ch a mechanick\u00fa pumpu. Servisn\u00fd stojan je ukotven\u00fd do podkladu bezpe\u010dnostn\u00fdmi skrutkami proti odcudzeniu a m\u00e1 pevn\u00fa kon\u0161trukciu odoln\u00fa proti poveternostn\u00fdm podmienkam a vandalizmu. Uchytenie n\u00e1radia na opravu bicykla umo\u017en\u00ed \u013eahk\u00fa manipul\u00e1ciu ale zabra\u0148uje ich odcudzeniu.<\/p>\n<p>Mo\u017enos\u0165 vo\u013eby materi\u00e1lu<\/p>\n<p>&#8211; pozinkovan\u00e1 a nama\u013eovan\u00e1 oce\u013e (pr\u00e1\u0161kov\u00e1 farba) &#8211; v\u00fdber pod\u013ea RAL vzorkovn\u00edka (zad\u00e1vajte do pozn\u00e1mky v objedn\u00e1vke)<\/p>\n","protected":false},"featured_media":10254,"template":"","meta":[],"product_brand":[],"product_cat":[161],"product_tag":[],"class_list":{"0":"post-9820","1":"product","2":"type-product","3":"status-publish","4":"has-post-thumbnail","6":"product_cat-servisne-stojany-na-bicykle","7":"product_shipping_class-servisne-stojany","9":"first","10":"instock","11":"taxable","12":"shipping-taxable","13":"purchasable","14":"product-type-variable"},"yoast_head":"<!-- This site is optimized with the Yoast SEO plugin v27.2 - https:\/\/yoast.com\/product\/yoast-seo-wordpress\/ -->\n<title>Servisn\u00fd stojan typ 04 | Ecoprogress<\/title>\n<meta name=\"description\" content=\"Servisn\u00fd stojan typ 04 je ur\u010den\u00fd napr\u00edklad na opravu defektu na bicykli, utiahnutie jednotliv\u00fdch komponentov, \u010di in\u00e9 nen\u00e1ro\u010dn\u00e9 opravy.\" \/>\n<meta name=\"robots\" content=\"index, follow, max-snippet:-1, max-image-preview:large, max-video-preview:-1\" \/>\n<link rel=\"canonical\" href=\"https:\/\/ecoprogress.eu\/de\/produkt\/servisny-stojan-typ-04\/\" \/>\n<meta property=\"og:locale\" content=\"de_DE\" \/>\n<meta property=\"og:type\" content=\"article\" \/>\n<meta property=\"og:title\" content=\"Servisn\u00fd stojan typ 04 | Ecoprogress\" \/>\n<meta property=\"og:description\" content=\"Servisn\u00fd stojan typ 04 je ur\u010den\u00fd napr\u00edklad na opravu defektu na bicykli, utiahnutie jednotliv\u00fdch komponentov, \u010di in\u00e9 nen\u00e1ro\u010dn\u00e9 opravy.\" \/>\n<meta property=\"og:url\" content=\"https:\/\/ecoprogress.eu\/de\/produkt\/servisny-stojan-typ-04\/\" \/>\n<meta property=\"og:site_name\" content=\"Ecoprogress\" \/>\n<meta property=\"article:modified_time\" content=\"2024-05-28T11:19:14+00:00\" \/>\n<meta property=\"og:image\" content=\"https:\/\/ecoprogress.eu\/wp-content\/uploads\/IBOMBO-PRS_SV1_Tools_Izo.jpg\" \/>\n\t<meta property=\"og:image:width\" content=\"1875\" \/>\n\t<meta property=\"og:image:height\" content=\"2500\" \/>\n\t<meta property=\"og:image:type\" content=\"image\/jpeg\" \/>\n<meta name=\"twitter:card\" content=\"summary_large_image\" \/>\n<meta name=\"twitter:label1\" content=\"Gesch\u00e4tzte Lesezeit\" \/>\n\t<meta name=\"twitter:data1\" content=\"1\u00a0Minute\" \/>\n<script type=\"application\/ld+json\" class=\"yoast-schema-graph\">{\"@context\":\"https:\/\/schema.org\",\"@graph\":[{\"@type\":\"WebPage\",\"@id\":\"https:\/\/ecoprogress.eu\/de\/produkt\/servisny-stojan-typ-04\/\",\"url\":\"https:\/\/ecoprogress.eu\/de\/produkt\/servisny-stojan-typ-04\/\",\"name\":\"Servisn\u00fd stojan typ 04 | Ecoprogress\",\"isPartOf\":{\"@id\":\"https:\/\/ecoprogress.eu\/de\/#website\"},\"primaryImageOfPage\":{\"@id\":\"https:\/\/ecoprogress.eu\/de\/produkt\/servisny-stojan-typ-04\/#primaryimage\"},\"image\":{\"@id\":\"https:\/\/ecoprogress.eu\/de\/produkt\/servisny-stojan-typ-04\/#primaryimage\"},\"thumbnailUrl\":\"https:\/\/ecoprogress.eu\/wp-content\/uploads\/IBOMBO-PRS_SV1_Tools_Izo.jpg\",\"datePublished\":\"2022-03-21T08:06:08+00:00\",\"dateModified\":\"2024-05-28T11:19:14+00:00\",\"description\":\"Servisn\u00fd stojan typ 04 je ur\u010den\u00fd napr\u00edklad na opravu defektu na bicykli, utiahnutie jednotliv\u00fdch komponentov, \u010di in\u00e9 nen\u00e1ro\u010dn\u00e9 opravy.\",\"breadcrumb\":{\"@id\":\"https:\/\/ecoprogress.eu\/de\/produkt\/servisny-stojan-typ-04\/#breadcrumb\"},\"inLanguage\":\"de\",\"potentialAction\":[{\"@type\":\"ReadAction\",\"target\":[\"https:\/\/ecoprogress.eu\/de\/produkt\/servisny-stojan-typ-04\/\"]}]},{\"@type\":\"ImageObject\",\"inLanguage\":\"de\",\"@id\":\"https:\/\/ecoprogress.eu\/de\/produkt\/servisny-stojan-typ-04\/#primaryimage\",\"url\":\"https:\/\/ecoprogress.eu\/wp-content\/uploads\/IBOMBO-PRS_SV1_Tools_Izo.jpg\",\"contentUrl\":\"https:\/\/ecoprogress.eu\/wp-content\/uploads\/IBOMBO-PRS_SV1_Tools_Izo.jpg\",\"width\":1875,\"height\":2500},{\"@type\":\"BreadcrumbList\",\"@id\":\"https:\/\/ecoprogress.eu\/de\/produkt\/servisny-stojan-typ-04\/#breadcrumb\",\"itemListElement\":[{\"@type\":\"ListItem\",\"position\":1,\"name\":\"Produkte\",\"item\":\"https:\/\/ecoprogress.eu\/de\/produkte\/\"},{\"@type\":\"ListItem\",\"position\":2,\"name\":\"Servisn\u00fd stojan typ 04\"}]},{\"@type\":\"WebSite\",\"@id\":\"https:\/\/ecoprogress.eu\/de\/#website\",\"url\":\"https:\/\/ecoprogress.eu\/de\/\",\"name\":\"Ecoprogress\",\"description\":\"\",\"publisher\":{\"@id\":\"https:\/\/ecoprogress.eu\/de\/#organization\"},\"potentialAction\":[{\"@type\":\"SearchAction\",\"target\":{\"@type\":\"EntryPoint\",\"urlTemplate\":\"https:\/\/ecoprogress.eu\/de\/?s={search_term_string}\"},\"query-input\":{\"@type\":\"PropertyValueSpecification\",\"valueRequired\":true,\"valueName\":\"search_term_string\"}}],\"inLanguage\":\"de\"},{\"@type\":\"Organization\",\"@id\":\"https:\/\/ecoprogress.eu\/de\/#organization\",\"name\":\"Ecoprogress\",\"url\":\"https:\/\/ecoprogress.eu\/de\/\",\"logo\":{\"@type\":\"ImageObject\",\"inLanguage\":\"de\",\"@id\":\"https:\/\/ecoprogress.eu\/de\/#\/schema\/logo\/image\/\",\"url\":\"https:\/\/ecoprogress.eu\/wp-content\/uploads\/logo-2.svg\",\"contentUrl\":\"https:\/\/ecoprogress.eu\/wp-content\/uploads\/logo-2.svg\",\"width\":318,\"height\":349,\"caption\":\"Ecoprogress\"},\"image\":{\"@id\":\"https:\/\/ecoprogress.eu\/de\/#\/schema\/logo\/image\/\"}}]}<\/script>\n<!-- \/ Yoast SEO plugin. -->","yoast_head_json":{"title":"Servisn\u00fd stojan typ 04 | Ecoprogress","description":"Servisn\u00fd stojan typ 04 je ur\u010den\u00fd napr\u00edklad na opravu defektu na bicykli, utiahnutie jednotliv\u00fdch komponentov, \u010di in\u00e9 nen\u00e1ro\u010dn\u00e9 opravy.","robots":{"index":"index","follow":"follow","max-snippet":"max-snippet:-1","max-image-preview":"max-image-preview:large","max-video-preview":"max-video-preview:-1"},"canonical":"https:\/\/ecoprogress.eu\/de\/produkt\/servisny-stojan-typ-04\/","og_locale":"de_DE","og_type":"article","og_title":"Servisn\u00fd stojan typ 04 | Ecoprogress","og_description":"Servisn\u00fd stojan typ 04 je ur\u010den\u00fd napr\u00edklad na opravu defektu na bicykli, utiahnutie jednotliv\u00fdch komponentov, \u010di in\u00e9 nen\u00e1ro\u010dn\u00e9 opravy.","og_url":"https:\/\/ecoprogress.eu\/de\/produkt\/servisny-stojan-typ-04\/","og_site_name":"Ecoprogress","article_modified_time":"2024-05-28T11:19:14+00:00","og_image":[{"width":1875,"height":2500,"url":"https:\/\/ecoprogress.eu\/wp-content\/uploads\/IBOMBO-PRS_SV1_Tools_Izo.jpg","type":"image\/jpeg"}],"twitter_card":"summary_large_image","twitter_misc":{"Gesch\u00e4tzte Lesezeit":"1\u00a0Minute"},"schema":{"@context":"https:\/\/schema.org","@graph":[{"@type":"WebPage","@id":"https:\/\/ecoprogress.eu\/de\/produkt\/servisny-stojan-typ-04\/","url":"https:\/\/ecoprogress.eu\/de\/produkt\/servisny-stojan-typ-04\/","name":"Servisn\u00fd stojan typ 04 | Ecoprogress","isPartOf":{"@id":"https:\/\/ecoprogress.eu\/de\/#website"},"primaryImageOfPage":{"@id":"https:\/\/ecoprogress.eu\/de\/produkt\/servisny-stojan-typ-04\/#primaryimage"},"image":{"@id":"https:\/\/ecoprogress.eu\/de\/produkt\/servisny-stojan-typ-04\/#primaryimage"},"thumbnailUrl":"https:\/\/ecoprogress.eu\/wp-content\/uploads\/IBOMBO-PRS_SV1_Tools_Izo.jpg","datePublished":"2022-03-21T08:06:08+00:00","dateModified":"2024-05-28T11:19:14+00:00","description":"Servisn\u00fd stojan typ 04 je ur\u010den\u00fd napr\u00edklad na opravu defektu na bicykli, utiahnutie jednotliv\u00fdch komponentov, \u010di in\u00e9 nen\u00e1ro\u010dn\u00e9 opravy.","breadcrumb":{"@id":"https:\/\/ecoprogress.eu\/de\/produkt\/servisny-stojan-typ-04\/#breadcrumb"},"inLanguage":"de","potentialAction":[{"@type":"ReadAction","target":["https:\/\/ecoprogress.eu\/de\/produkt\/servisny-stojan-typ-04\/"]}]},{"@type":"ImageObject","inLanguage":"de","@id":"https:\/\/ecoprogress.eu\/de\/produkt\/servisny-stojan-typ-04\/#primaryimage","url":"https:\/\/ecoprogress.eu\/wp-content\/uploads\/IBOMBO-PRS_SV1_Tools_Izo.jpg","contentUrl":"https:\/\/ecoprogress.eu\/wp-content\/uploads\/IBOMBO-PRS_SV1_Tools_Izo.jpg","width":1875,"height":2500},{"@type":"BreadcrumbList","@id":"https:\/\/ecoprogress.eu\/de\/produkt\/servisny-stojan-typ-04\/#breadcrumb","itemListElement":[{"@type":"ListItem","position":1,"name":"Produkte","item":"https:\/\/ecoprogress.eu\/de\/produkte\/"},{"@type":"ListItem","position":2,"name":"Servisn\u00fd stojan typ 04"}]},{"@type":"WebSite","@id":"https:\/\/ecoprogress.eu\/de\/#website","url":"https:\/\/ecoprogress.eu\/de\/","name":"Ecoprogress","description":"","publisher":{"@id":"https:\/\/ecoprogress.eu\/de\/#organization"},"potentialAction":[{"@type":"SearchAction","target":{"@type":"EntryPoint","urlTemplate":"https:\/\/ecoprogress.eu\/de\/?s={search_term_string}"},"query-input":{"@type":"PropertyValueSpecification","valueRequired":true,"valueName":"search_term_string"}}],"inLanguage":"de"},{"@type":"Organization","@id":"https:\/\/ecoprogress.eu\/de\/#organization","name":"Ecoprogress","url":"https:\/\/ecoprogress.eu\/de\/","logo":{"@type":"ImageObject","inLanguage":"de","@id":"https:\/\/ecoprogress.eu\/de\/#\/schema\/logo\/image\/","url":"https:\/\/ecoprogress.eu\/wp-content\/uploads\/logo-2.svg","contentUrl":"https:\/\/ecoprogress.eu\/wp-content\/uploads\/logo-2.svg","width":318,"height":349,"caption":"Ecoprogress"},"image":{"@id":"https:\/\/ecoprogress.eu\/de\/#\/schema\/logo\/image\/"}}]}},"_links":{"self":[{"href":"https:\/\/ecoprogress.eu\/de\/wp-json\/wp\/v2\/product\/9820","targetHints":{"allow":["GET"]}}],"collection":[{"href":"https:\/\/ecoprogress.eu\/de\/wp-json\/wp\/v2\/product"}],"about":[{"href":"https:\/\/ecoprogress.eu\/de\/wp-json\/wp\/v2\/types\/product"}],"version-history":[{"count":1,"href":"https:\/\/ecoprogress.eu\/de\/wp-json\/wp\/v2\/product\/9820\/revisions"}],"predecessor-version":[{"id":52912,"href":"https:\/\/ecoprogress.eu\/de\/wp-json\/wp\/v2\/product\/9820\/revisions\/52912"}],"wp:featuredmedia":[{"embeddable":true,"href":"https:\/\/ecoprogress.eu\/de\/wp-json\/wp\/v2\/media\/10254"}],"wp:attachment":[{"href":"https:\/\/ecoprogress.eu\/de\/wp-json\/wp\/v2\/media?parent=9820"}],"wp:term":[{"taxonomy":"product_brand","embeddable":true,"href":"https:\/\/ecoprogress.eu\/de\/wp-json\/wp\/v2\/product_brand?post=9820"},{"taxonomy":"product_cat","embeddable":true,"href":"https:\/\/ecoprogress.eu\/de\/wp-json\/wp\/v2\/product_cat?post=9820"},{"taxonomy":"product_tag","embeddable":true,"href":"https:\/\/ecoprogress.eu\/de\/wp-json\/wp\/v2\/product_tag?post=9820"}],"curies":[{"name":"wp","href":"https:\/\/api.w.org\/{rel}","templated":true}]}}