{"id":9830,"date":"2022-03-21T09:13:19","date_gmt":"2022-03-21T08:13:19","guid":{"rendered":"https:\/\/ecoprogress.eu\/?post_type=product&#038;p=9830"},"modified":"2024-04-29T14:30:33","modified_gmt":"2024-04-29T12:30:33","slug":"servisna-skrinka-na-bicykle","status":"publish","type":"product","link":"https:\/\/ecoprogress.eu\/de\/produkt\/servisna-skrinka-na-bicykle\/","title":{"rendered":"Servisn\u00e1 skrinka na bicykle"},"content":{"rendered":"<p>Obsahuje:<\/p>\n<ul>\n<li>skrutkova\u010d kr\u00ed\u017eov\u00fd Phillips PH2<\/li>\n<li>ploch\u00fd skrutkova\u010d 5,5 mm<\/li>\n<li>skrutkova\u010d TORX I 9 I\u00a0 10 I\u00a0 15 I\u00a0 20 I\u00a0 25 I\u00a0 27 I 30 I 40 I<\/li>\n<li>nastavite\u013en\u00fd k\u013e\u00fa\u010d<\/li>\n<li>ploch\u00fd k\u013e\u00fa\u010d 8 x 10 mm<\/li>\n<li>ploch\u00fd k\u013e\u00fa\u010d 13 x 15 mm<\/li>\n<li>\u0161es\u0165hrann\u00fd k\u013e\u00fa\u010d s rukov\u00e4\u0165ou 2-8 mm<\/li>\n<li>p\u00e1\u010dky pneumat\u00edk<\/li>\n<li>lank\u00e1 z nehrdzavej\u00facej ocele<\/li>\n<li>in\u0161tala\u010dn\u00e1 sada (4 x kotvy M10, 80 mm)<\/li>\n<li>bezpe\u010dnostn\u00e9 skrutky<\/li>\n<li>predn\u00fd branding (monom\u00e9rov\u00e1 f\u00f3lia), rozmery 1x 224 cm x 24 cm<\/li>\n<\/ul>\n<p>Dodanie 4-6 t\u00fd\u017ed\u0148ov (pod\u013ea stavu skladov\u00fdch z\u00e1sob)[<\/p>\n<p>table id=249 \/]<\/p>\n","protected":false},"excerpt":{"rendered":"<p>Servisn\u00e1 skrinka na bicykle je ur\u010den\u00e1 napr\u00edklad na opravu defektu na bicykli, utiahnutie jednotliv\u00fdch komponentov, \u010di in\u00e9 nen\u00e1ro\u010dn\u00e9 opravy. Skrinka sa montuje na stenu.<\/p>\n<p>Mo\u017enos\u0165 vo\u013eby materi\u00e1lu<\/p>\n<p>&#8211; pozinkovan\u00e1 a nama\u013eovan\u00e1 oce\u013e (pr\u00e1\u0161kov\u00e1 farba) &#8211; v\u00fdber pod\u013ea RAL vzorkovn\u00edka (zad\u00e1vajte do pozn\u00e1mky v objedn\u00e1vke)<\/p>\n","protected":false},"featured_media":32304,"template":"","meta":[],"product_brand":[],"product_cat":[161],"product_tag":[],"class_list":{"0":"post-9830","1":"product","2":"type-product","3":"status-publish","4":"has-post-thumbnail","6":"product_cat-servisne-stojany-na-bicykle","7":"product_shipping_class-servisne-stojany","9":"first","10":"instock","11":"taxable","12":"shipping-taxable","13":"purchasable","14":"product-type-simple"},"yoast_head":"<!-- This site is optimized with the Yoast SEO plugin v27.2 - https:\/\/yoast.com\/product\/yoast-seo-wordpress\/ -->\n<title>Servisn\u00e1 skrinka na bicykle | Ecoprogress<\/title>\n<meta name=\"description\" content=\"Servisn\u00e1 skrinka na bicykle je ur\u010den\u00e1 napr\u00edklad na opravu defektu na bicykli, utiahnutie jednotliv\u00fdch komponentov, \u010di in\u00e9 nen\u00e1ro\u010dn\u00e9 opravy.\" \/>\n<meta name=\"robots\" content=\"index, follow, max-snippet:-1, max-image-preview:large, max-video-preview:-1\" \/>\n<link rel=\"canonical\" href=\"https:\/\/ecoprogress.eu\/de\/produkt\/servisna-skrinka-na-bicykle\/\" \/>\n<meta property=\"og:locale\" content=\"de_DE\" \/>\n<meta property=\"og:type\" content=\"article\" \/>\n<meta property=\"og:title\" content=\"Servisn\u00e1 skrinka na bicykle | Ecoprogress\" \/>\n<meta property=\"og:description\" content=\"Servisn\u00e1 skrinka na bicykle je ur\u010den\u00e1 napr\u00edklad na opravu defektu na bicykli, utiahnutie jednotliv\u00fdch komponentov, \u010di in\u00e9 nen\u00e1ro\u010dn\u00e9 opravy.\" \/>\n<meta property=\"og:url\" content=\"https:\/\/ecoprogress.eu\/de\/produkt\/servisna-skrinka-na-bicykle\/\" \/>\n<meta property=\"og:site_name\" content=\"Ecoprogress\" \/>\n<meta property=\"article:modified_time\" content=\"2024-04-29T12:30:33+00:00\" \/>\n<meta property=\"og:image\" content=\"https:\/\/ecoprogress.eu\/wp-content\/uploads\/servisna-skrinka1.webp\" \/>\n\t<meta property=\"og:image:width\" content=\"768\" \/>\n\t<meta property=\"og:image:height\" content=\"994\" \/>\n\t<meta property=\"og:image:type\" content=\"image\/webp\" \/>\n<meta name=\"twitter:card\" content=\"summary_large_image\" \/>\n<meta name=\"twitter:label1\" content=\"Gesch\u00e4tzte Lesezeit\" \/>\n\t<meta name=\"twitter:data1\" content=\"1\u00a0Minute\" \/>\n<script type=\"application\/ld+json\" class=\"yoast-schema-graph\">{\"@context\":\"https:\/\/schema.org\",\"@graph\":[{\"@type\":\"WebPage\",\"@id\":\"https:\/\/ecoprogress.eu\/de\/produkt\/servisna-skrinka-na-bicykle\/\",\"url\":\"https:\/\/ecoprogress.eu\/de\/produkt\/servisna-skrinka-na-bicykle\/\",\"name\":\"Servisn\u00e1 skrinka na bicykle | Ecoprogress\",\"isPartOf\":{\"@id\":\"https:\/\/ecoprogress.eu\/de\/#website\"},\"primaryImageOfPage\":{\"@id\":\"https:\/\/ecoprogress.eu\/de\/produkt\/servisna-skrinka-na-bicykle\/#primaryimage\"},\"image\":{\"@id\":\"https:\/\/ecoprogress.eu\/de\/produkt\/servisna-skrinka-na-bicykle\/#primaryimage\"},\"thumbnailUrl\":\"https:\/\/ecoprogress.eu\/wp-content\/uploads\/servisna-skrinka1.webp\",\"datePublished\":\"2022-03-21T08:13:19+00:00\",\"dateModified\":\"2024-04-29T12:30:33+00:00\",\"description\":\"Servisn\u00e1 skrinka na bicykle je ur\u010den\u00e1 napr\u00edklad na opravu defektu na bicykli, utiahnutie jednotliv\u00fdch komponentov, \u010di in\u00e9 nen\u00e1ro\u010dn\u00e9 opravy.\",\"breadcrumb\":{\"@id\":\"https:\/\/ecoprogress.eu\/de\/produkt\/servisna-skrinka-na-bicykle\/#breadcrumb\"},\"inLanguage\":\"de\",\"potentialAction\":[{\"@type\":\"ReadAction\",\"target\":[\"https:\/\/ecoprogress.eu\/de\/produkt\/servisna-skrinka-na-bicykle\/\"]}]},{\"@type\":\"ImageObject\",\"inLanguage\":\"de\",\"@id\":\"https:\/\/ecoprogress.eu\/de\/produkt\/servisna-skrinka-na-bicykle\/#primaryimage\",\"url\":\"https:\/\/ecoprogress.eu\/wp-content\/uploads\/servisna-skrinka1.webp\",\"contentUrl\":\"https:\/\/ecoprogress.eu\/wp-content\/uploads\/servisna-skrinka1.webp\",\"width\":768,\"height\":994},{\"@type\":\"BreadcrumbList\",\"@id\":\"https:\/\/ecoprogress.eu\/de\/produkt\/servisna-skrinka-na-bicykle\/#breadcrumb\",\"itemListElement\":[{\"@type\":\"ListItem\",\"position\":1,\"name\":\"Produkte\",\"item\":\"https:\/\/ecoprogress.eu\/de\/produkte\/\"},{\"@type\":\"ListItem\",\"position\":2,\"name\":\"Servisn\u00e1 skrinka na bicykle\"}]},{\"@type\":\"WebSite\",\"@id\":\"https:\/\/ecoprogress.eu\/de\/#website\",\"url\":\"https:\/\/ecoprogress.eu\/de\/\",\"name\":\"Ecoprogress\",\"description\":\"\",\"publisher\":{\"@id\":\"https:\/\/ecoprogress.eu\/de\/#organization\"},\"potentialAction\":[{\"@type\":\"SearchAction\",\"target\":{\"@type\":\"EntryPoint\",\"urlTemplate\":\"https:\/\/ecoprogress.eu\/de\/?s={search_term_string}\"},\"query-input\":{\"@type\":\"PropertyValueSpecification\",\"valueRequired\":true,\"valueName\":\"search_term_string\"}}],\"inLanguage\":\"de\"},{\"@type\":\"Organization\",\"@id\":\"https:\/\/ecoprogress.eu\/de\/#organization\",\"name\":\"Ecoprogress\",\"url\":\"https:\/\/ecoprogress.eu\/de\/\",\"logo\":{\"@type\":\"ImageObject\",\"inLanguage\":\"de\",\"@id\":\"https:\/\/ecoprogress.eu\/de\/#\/schema\/logo\/image\/\",\"url\":\"https:\/\/ecoprogress.eu\/wp-content\/uploads\/logo-2.svg\",\"contentUrl\":\"https:\/\/ecoprogress.eu\/wp-content\/uploads\/logo-2.svg\",\"width\":318,\"height\":349,\"caption\":\"Ecoprogress\"},\"image\":{\"@id\":\"https:\/\/ecoprogress.eu\/de\/#\/schema\/logo\/image\/\"}}]}<\/script>\n<!-- \/ Yoast SEO plugin. -->","yoast_head_json":{"title":"Servisn\u00e1 skrinka na bicykle | Ecoprogress","description":"Servisn\u00e1 skrinka na bicykle je ur\u010den\u00e1 napr\u00edklad na opravu defektu na bicykli, utiahnutie jednotliv\u00fdch komponentov, \u010di in\u00e9 nen\u00e1ro\u010dn\u00e9 opravy.","robots":{"index":"index","follow":"follow","max-snippet":"max-snippet:-1","max-image-preview":"max-image-preview:large","max-video-preview":"max-video-preview:-1"},"canonical":"https:\/\/ecoprogress.eu\/de\/produkt\/servisna-skrinka-na-bicykle\/","og_locale":"de_DE","og_type":"article","og_title":"Servisn\u00e1 skrinka na bicykle | Ecoprogress","og_description":"Servisn\u00e1 skrinka na bicykle je ur\u010den\u00e1 napr\u00edklad na opravu defektu na bicykli, utiahnutie jednotliv\u00fdch komponentov, \u010di in\u00e9 nen\u00e1ro\u010dn\u00e9 opravy.","og_url":"https:\/\/ecoprogress.eu\/de\/produkt\/servisna-skrinka-na-bicykle\/","og_site_name":"Ecoprogress","article_modified_time":"2024-04-29T12:30:33+00:00","og_image":[{"width":768,"height":994,"url":"https:\/\/ecoprogress.eu\/wp-content\/uploads\/servisna-skrinka1.webp","type":"image\/webp"}],"twitter_card":"summary_large_image","twitter_misc":{"Gesch\u00e4tzte Lesezeit":"1\u00a0Minute"},"schema":{"@context":"https:\/\/schema.org","@graph":[{"@type":"WebPage","@id":"https:\/\/ecoprogress.eu\/de\/produkt\/servisna-skrinka-na-bicykle\/","url":"https:\/\/ecoprogress.eu\/de\/produkt\/servisna-skrinka-na-bicykle\/","name":"Servisn\u00e1 skrinka na bicykle | Ecoprogress","isPartOf":{"@id":"https:\/\/ecoprogress.eu\/de\/#website"},"primaryImageOfPage":{"@id":"https:\/\/ecoprogress.eu\/de\/produkt\/servisna-skrinka-na-bicykle\/#primaryimage"},"image":{"@id":"https:\/\/ecoprogress.eu\/de\/produkt\/servisna-skrinka-na-bicykle\/#primaryimage"},"thumbnailUrl":"https:\/\/ecoprogress.eu\/wp-content\/uploads\/servisna-skrinka1.webp","datePublished":"2022-03-21T08:13:19+00:00","dateModified":"2024-04-29T12:30:33+00:00","description":"Servisn\u00e1 skrinka na bicykle je ur\u010den\u00e1 napr\u00edklad na opravu defektu na bicykli, utiahnutie jednotliv\u00fdch komponentov, \u010di in\u00e9 nen\u00e1ro\u010dn\u00e9 opravy.","breadcrumb":{"@id":"https:\/\/ecoprogress.eu\/de\/produkt\/servisna-skrinka-na-bicykle\/#breadcrumb"},"inLanguage":"de","potentialAction":[{"@type":"ReadAction","target":["https:\/\/ecoprogress.eu\/de\/produkt\/servisna-skrinka-na-bicykle\/"]}]},{"@type":"ImageObject","inLanguage":"de","@id":"https:\/\/ecoprogress.eu\/de\/produkt\/servisna-skrinka-na-bicykle\/#primaryimage","url":"https:\/\/ecoprogress.eu\/wp-content\/uploads\/servisna-skrinka1.webp","contentUrl":"https:\/\/ecoprogress.eu\/wp-content\/uploads\/servisna-skrinka1.webp","width":768,"height":994},{"@type":"BreadcrumbList","@id":"https:\/\/ecoprogress.eu\/de\/produkt\/servisna-skrinka-na-bicykle\/#breadcrumb","itemListElement":[{"@type":"ListItem","position":1,"name":"Produkte","item":"https:\/\/ecoprogress.eu\/de\/produkte\/"},{"@type":"ListItem","position":2,"name":"Servisn\u00e1 skrinka na bicykle"}]},{"@type":"WebSite","@id":"https:\/\/ecoprogress.eu\/de\/#website","url":"https:\/\/ecoprogress.eu\/de\/","name":"Ecoprogress","description":"","publisher":{"@id":"https:\/\/ecoprogress.eu\/de\/#organization"},"potentialAction":[{"@type":"SearchAction","target":{"@type":"EntryPoint","urlTemplate":"https:\/\/ecoprogress.eu\/de\/?s={search_term_string}"},"query-input":{"@type":"PropertyValueSpecification","valueRequired":true,"valueName":"search_term_string"}}],"inLanguage":"de"},{"@type":"Organization","@id":"https:\/\/ecoprogress.eu\/de\/#organization","name":"Ecoprogress","url":"https:\/\/ecoprogress.eu\/de\/","logo":{"@type":"ImageObject","inLanguage":"de","@id":"https:\/\/ecoprogress.eu\/de\/#\/schema\/logo\/image\/","url":"https:\/\/ecoprogress.eu\/wp-content\/uploads\/logo-2.svg","contentUrl":"https:\/\/ecoprogress.eu\/wp-content\/uploads\/logo-2.svg","width":318,"height":349,"caption":"Ecoprogress"},"image":{"@id":"https:\/\/ecoprogress.eu\/de\/#\/schema\/logo\/image\/"}}]}},"_links":{"self":[{"href":"https:\/\/ecoprogress.eu\/de\/wp-json\/wp\/v2\/product\/9830","targetHints":{"allow":["GET"]}}],"collection":[{"href":"https:\/\/ecoprogress.eu\/de\/wp-json\/wp\/v2\/product"}],"about":[{"href":"https:\/\/ecoprogress.eu\/de\/wp-json\/wp\/v2\/types\/product"}],"version-history":[{"count":1,"href":"https:\/\/ecoprogress.eu\/de\/wp-json\/wp\/v2\/product\/9830\/revisions"}],"predecessor-version":[{"id":52910,"href":"https:\/\/ecoprogress.eu\/de\/wp-json\/wp\/v2\/product\/9830\/revisions\/52910"}],"wp:featuredmedia":[{"embeddable":true,"href":"https:\/\/ecoprogress.eu\/de\/wp-json\/wp\/v2\/media\/32304"}],"wp:attachment":[{"href":"https:\/\/ecoprogress.eu\/de\/wp-json\/wp\/v2\/media?parent=9830"}],"wp:term":[{"taxonomy":"product_brand","embeddable":true,"href":"https:\/\/ecoprogress.eu\/de\/wp-json\/wp\/v2\/product_brand?post=9830"},{"taxonomy":"product_cat","embeddable":true,"href":"https:\/\/ecoprogress.eu\/de\/wp-json\/wp\/v2\/product_cat?post=9830"},{"taxonomy":"product_tag","embeddable":true,"href":"https:\/\/ecoprogress.eu\/de\/wp-json\/wp\/v2\/product_tag?post=9830"}],"curies":[{"name":"wp","href":"https:\/\/api.w.org\/{rel}","templated":true}]}}