{"id":18033,"date":"2022-08-02T11:33:41","date_gmt":"2022-08-02T09:33:41","guid":{"rendered":"https:\/\/ecoprogress.eu\/my-account\/"},"modified":"2022-08-03T18:39:07","modified_gmt":"2022-08-03T16:39:07","slug":"my-account","status":"publish","type":"page","link":"https:\/\/ecoprogress.eu\/en\/my-account\/","title":{"rendered":"My account"},"content":{"rendered":"\t\t<div data-elementor-type=\"wp-page\" data-elementor-id=\"18033\" class=\"elementor elementor-18033 elementor-2389\" data-elementor-post-type=\"page\">\n\t\t\t\t\t\t<section class=\"elementor-section elementor-top-section elementor-element elementor-element-622dd347 avo-section-mode1 elementor-section-full_width elementor-section-height-default elementor-section-height-default\" data-id=\"622dd347\" data-element_type=\"section\" data-e-type=\"section\" data-settings=\"{&quot;background_background&quot;:&quot;classic&quot;}\">\n\t\t\t\t\t\t<div class=\"elementor-container elementor-column-gap-no\">\n\t\t\t\t\t<div class=\"elementor-column elementor-col-100 elementor-top-column elementor-element elementor-element-4d63a637\" data-id=\"4d63a637\" data-element_type=\"column\" data-e-type=\"column\">\n\t\t\t<div class=\"elementor-widget-wrap elementor-element-populated\">\n\t\t\t\t\t\t<div class=\"elementor-element elementor-element-395ef6c3 elementor-widget elementor-widget-heading\" data-id=\"395ef6c3\" data-element_type=\"widget\" data-e-type=\"widget\" data-widget_type=\"heading.default\">\n\t\t\t\t\t<h2 class=\"elementor-heading-title elementor-size-default\">MY ACCOUNT<\/h2>\t\t\t\t<\/div>\n\t\t\t\t\t<\/div>\n\t\t<\/div>\n\t\t\t\t\t<\/div>\n\t\t<\/section>\n\t\t\t\t<section class=\"elementor-section elementor-top-section elementor-element elementor-element-83f05bb elementor-section-boxed elementor-section-height-default elementor-section-height-default\" data-id=\"83f05bb\" data-element_type=\"section\" data-e-type=\"section\">\n\t\t\t\t\t\t<div class=\"elementor-container elementor-column-gap-default\">\n\t\t\t\t\t<div class=\"elementor-column elementor-col-100 elementor-top-column elementor-element elementor-element-24a7370\" data-id=\"24a7370\" data-element_type=\"column\" data-e-type=\"column\">\n\t\t\t<div class=\"elementor-widget-wrap elementor-element-populated\">\n\t\t\t\t\t\t<div class=\"elementor-element elementor-element-f928fdc e-my-account-tabs-vertical elementor-widget elementor-widget-woocommerce-my-account\" data-id=\"f928fdc\" data-element_type=\"widget\" data-e-type=\"widget\" data-widget_type=\"woocommerce-my-account.default\">\n\t\t\t\t\t<div class=\"e-my-account-tab e-my-account-tab__ \">\t\t\t<div class=\"woocommerce\"><div class=\"woocommerce-notices-wrapper\"><\/div>\n\n\t\t<h2>Login<\/h2>\n\n\t\t<form class=\"woocommerce-form woocommerce-form-login login\" method=\"post\" novalidate>\n\n\t\t\t\n\t\t\t<p class=\"woocommerce-form-row woocommerce-form-row--wide form-row form-row-wide\">\n\t\t\t\t<label for=\"username\">Username or email address&nbsp;<span class=\"required\" aria-hidden=\"true\">*<\/span><span class=\"screen-reader-text\">Required<\/span><\/label>\n\t\t\t\t<input type=\"text\" class=\"woocommerce-Input woocommerce-Input--text input-text\" name=\"username\" id=\"username\" autocomplete=\"username\" value=\"\" required aria-required=\"true\" \/>\t\t\t<\/p>\n\t\t\t<p class=\"woocommerce-form-row woocommerce-form-row--wide form-row form-row-wide\">\n\t\t\t\t<label for=\"password\">Password&nbsp;<span class=\"required\" aria-hidden=\"true\">*<\/span><span class=\"screen-reader-text\">Required<\/span><\/label>\n\t\t\t\t<input class=\"woocommerce-Input woocommerce-Input--text input-text\" type=\"password\" name=\"password\" id=\"password\" autocomplete=\"current-password\" required aria-required=\"true\" \/>\n\t\t\t<\/p>\n\n\t\t\t\n\t\t\t<p class=\"form-row\">\n\t\t\t\t<label class=\"woocommerce-form__label woocommerce-form__label-for-checkbox woocommerce-form-login__rememberme\">\n\t\t\t\t\t<input class=\"woocommerce-form__input woocommerce-form__input-checkbox\" name=\"rememberme\" type=\"checkbox\" id=\"rememberme\" value=\"forever\" \/> <span>Remember me<\/span>\n\t\t\t\t<\/label>\n\t\t\t\t<input type=\"hidden\" id=\"woocommerce-login-nonce\" name=\"woocommerce-login-nonce\" value=\"ead9818717\" \/><input type=\"hidden\" name=\"_wp_http_referer\" value=\"\/en\/wp-json\/wp\/v2\/pages\/18033\" \/>\t\t\t\t<button type=\"submit\" class=\"woocommerce-button button woocommerce-form-login__submit\" name=\"login\" value=\"Log in\">Log in<\/button>\n\t\t\t<\/p>\n\t\t\t<p class=\"woocommerce-LostPassword lost_password\">\n\t\t\t\t<a href=\"https:\/\/ecoprogress.eu\/en\/my-account\/ucet-reset-hesla\/\">Lost your password?<\/a>\n\t\t\t<\/p>\n\n\t\t\t\n\t\t<\/form>\n\n\n<\/div>\t\t<\/div>\n\t\t\t\t\t\t<\/div>\n\t\t\t\t\t<\/div>\n\t\t<\/div>\n\t\t\t\t\t<\/div>\n\t\t<\/section>\n\t\t\t\t<\/div>\n\t\t","protected":false},"excerpt":{"rendered":"<p>MY ACCOUNT Login Username or email address&nbsp;*Required Password&nbsp;*Required Remember me Log in Lost your password? Prihl\u00e1senie Pou\u017e\u00edvate\u013esk\u00e9 meno alebo e-mailov\u00e1 adresa&nbsp;* Heslo&nbsp;* Zapam\u00e4ta\u0165 si ma Prihl\u00e1si\u0165 Stratili ste heslo?<\/p>\n","protected":false},"author":10,"featured_media":0,"parent":0,"menu_order":0,"comment_status":"closed","ping_status":"closed","template":"","meta":{"footnotes":""},"class_list":["post-18033","page","type-page","status-publish","hentry"],"yoast_head":"<!-- This site is optimized with the Yoast SEO plugin v27.2 - https:\/\/yoast.com\/product\/yoast-seo-wordpress\/ -->\n<title>My account | Ecoprogress<\/title>\n<meta name=\"robots\" content=\"index, follow, max-snippet:-1, max-image-preview:large, max-video-preview:-1\" \/>\n<link rel=\"canonical\" href=\"https:\/\/ecoprogress.eu\/en\/my-account\/\" \/>\n<meta property=\"og:locale\" content=\"en_US\" \/>\n<meta property=\"og:type\" content=\"article\" \/>\n<meta property=\"og:title\" content=\"My account | Ecoprogress\" \/>\n<meta property=\"og:description\" content=\"MY ACCOUNT Login Username or email address&nbsp;*Required Password&nbsp;*Required Remember me Log in Lost your password? Prihl\u00e1senie Pou\u017e\u00edvate\u013esk\u00e9 meno alebo e-mailov\u00e1 adresa&nbsp;* Heslo&nbsp;* Zapam\u00e4ta\u0165 si ma Prihl\u00e1si\u0165 Stratili ste heslo?\" \/>\n<meta property=\"og:url\" content=\"https:\/\/ecoprogress.eu\/en\/my-account\/\" \/>\n<meta property=\"og:site_name\" content=\"Ecoprogress\" \/>\n<meta property=\"article:modified_time\" content=\"2022-08-03T16:39:07+00:00\" \/>\n<meta name=\"twitter:card\" content=\"summary_large_image\" \/>\n<script type=\"application\/ld+json\" class=\"yoast-schema-graph\">{\"@context\":\"https:\/\/schema.org\",\"@graph\":[{\"@type\":\"WebPage\",\"@id\":\"https:\/\/ecoprogress.eu\/en\/my-account\/\",\"url\":\"https:\/\/ecoprogress.eu\/en\/my-account\/\",\"name\":\"My account | Ecoprogress\",\"isPartOf\":{\"@id\":\"https:\/\/ecoprogress.eu\/en\/#website\"},\"datePublished\":\"2022-08-02T09:33:41+00:00\",\"dateModified\":\"2022-08-03T16:39:07+00:00\",\"inLanguage\":\"en-US\",\"potentialAction\":[{\"@type\":\"ReadAction\",\"target\":[\"https:\/\/ecoprogress.eu\/en\/my-account\/\"]}]},{\"@type\":\"WebSite\",\"@id\":\"https:\/\/ecoprogress.eu\/en\/#website\",\"url\":\"https:\/\/ecoprogress.eu\/en\/\",\"name\":\"Ecoprogress\",\"description\":\"\",\"publisher\":{\"@id\":\"https:\/\/ecoprogress.eu\/en\/#organization\"},\"potentialAction\":[{\"@type\":\"SearchAction\",\"target\":{\"@type\":\"EntryPoint\",\"urlTemplate\":\"https:\/\/ecoprogress.eu\/en\/?s={search_term_string}\"},\"query-input\":{\"@type\":\"PropertyValueSpecification\",\"valueRequired\":true,\"valueName\":\"search_term_string\"}}],\"inLanguage\":\"en-US\"},{\"@type\":\"Organization\",\"@id\":\"https:\/\/ecoprogress.eu\/en\/#organization\",\"name\":\"Ecoprogress\",\"url\":\"https:\/\/ecoprogress.eu\/en\/\",\"logo\":{\"@type\":\"ImageObject\",\"inLanguage\":\"en-US\",\"@id\":\"https:\/\/ecoprogress.eu\/en\/#\/schema\/logo\/image\/\",\"url\":\"https:\/\/ecoprogress.eu\/wp-content\/uploads\/logo-2.svg\",\"contentUrl\":\"https:\/\/ecoprogress.eu\/wp-content\/uploads\/logo-2.svg\",\"width\":318,\"height\":349,\"caption\":\"Ecoprogress\"},\"image\":{\"@id\":\"https:\/\/ecoprogress.eu\/en\/#\/schema\/logo\/image\/\"}}]}<\/script>\n<!-- \/ Yoast SEO plugin. -->","yoast_head_json":{"title":"My account | Ecoprogress","robots":{"index":"index","follow":"follow","max-snippet":"max-snippet:-1","max-image-preview":"max-image-preview:large","max-video-preview":"max-video-preview:-1"},"canonical":"https:\/\/ecoprogress.eu\/en\/my-account\/","og_locale":"en_US","og_type":"article","og_title":"My account | Ecoprogress","og_description":"MY ACCOUNT Login Username or email address&nbsp;*Required Password&nbsp;*Required Remember me Log in Lost your password? Prihl\u00e1senie Pou\u017e\u00edvate\u013esk\u00e9 meno alebo e-mailov\u00e1 adresa&nbsp;* Heslo&nbsp;* Zapam\u00e4ta\u0165 si ma Prihl\u00e1si\u0165 Stratili ste heslo?","og_url":"https:\/\/ecoprogress.eu\/en\/my-account\/","og_site_name":"Ecoprogress","article_modified_time":"2022-08-03T16:39:07+00:00","twitter_card":"summary_large_image","schema":{"@context":"https:\/\/schema.org","@graph":[{"@type":"WebPage","@id":"https:\/\/ecoprogress.eu\/en\/my-account\/","url":"https:\/\/ecoprogress.eu\/en\/my-account\/","name":"My account | Ecoprogress","isPartOf":{"@id":"https:\/\/ecoprogress.eu\/en\/#website"},"datePublished":"2022-08-02T09:33:41+00:00","dateModified":"2022-08-03T16:39:07+00:00","inLanguage":"en-US","potentialAction":[{"@type":"ReadAction","target":["https:\/\/ecoprogress.eu\/en\/my-account\/"]}]},{"@type":"WebSite","@id":"https:\/\/ecoprogress.eu\/en\/#website","url":"https:\/\/ecoprogress.eu\/en\/","name":"Ecoprogress","description":"","publisher":{"@id":"https:\/\/ecoprogress.eu\/en\/#organization"},"potentialAction":[{"@type":"SearchAction","target":{"@type":"EntryPoint","urlTemplate":"https:\/\/ecoprogress.eu\/en\/?s={search_term_string}"},"query-input":{"@type":"PropertyValueSpecification","valueRequired":true,"valueName":"search_term_string"}}],"inLanguage":"en-US"},{"@type":"Organization","@id":"https:\/\/ecoprogress.eu\/en\/#organization","name":"Ecoprogress","url":"https:\/\/ecoprogress.eu\/en\/","logo":{"@type":"ImageObject","inLanguage":"en-US","@id":"https:\/\/ecoprogress.eu\/en\/#\/schema\/logo\/image\/","url":"https:\/\/ecoprogress.eu\/wp-content\/uploads\/logo-2.svg","contentUrl":"https:\/\/ecoprogress.eu\/wp-content\/uploads\/logo-2.svg","width":318,"height":349,"caption":"Ecoprogress"},"image":{"@id":"https:\/\/ecoprogress.eu\/en\/#\/schema\/logo\/image\/"}}]}},"_links":{"self":[{"href":"https:\/\/ecoprogress.eu\/en\/wp-json\/wp\/v2\/pages\/18033","targetHints":{"allow":["GET"]}}],"collection":[{"href":"https:\/\/ecoprogress.eu\/en\/wp-json\/wp\/v2\/pages"}],"about":[{"href":"https:\/\/ecoprogress.eu\/en\/wp-json\/wp\/v2\/types\/page"}],"author":[{"embeddable":true,"href":"https:\/\/ecoprogress.eu\/en\/wp-json\/wp\/v2\/users\/10"}],"replies":[{"embeddable":true,"href":"https:\/\/ecoprogress.eu\/en\/wp-json\/wp\/v2\/comments?post=18033"}],"version-history":[{"count":0,"href":"https:\/\/ecoprogress.eu\/en\/wp-json\/wp\/v2\/pages\/18033\/revisions"}],"wp:attachment":[{"href":"https:\/\/ecoprogress.eu\/en\/wp-json\/wp\/v2\/media?parent=18033"}],"curies":[{"name":"wp","href":"https:\/\/api.w.org\/{rel}","templated":true}]}}